{"id":13346,"date":"2023-06-28T12:49:54","date_gmt":"2023-06-28T10:49:54","guid":{"rendered":"https:\/\/www.thokbikes.com\/chi-siamo\/"},"modified":"2025-10-21T09:14:22","modified_gmt":"2025-10-21T07:14:22","slug":"chi-siamo","status":"publish","type":"page","link":"https:\/\/www.thokbikes.com\/de\/chi-siamo\/","title":{"rendered":"Wer wir sind"},"content":{"rendered":"\n<p>Produziert und vertreibt seit 2017 Fahrr\u00e4der mit Tretunterst\u00fctzung, bei denen Performance ganz oben steht. THOK E-Bikes. Die Wurzeln unserer Marke. Die Geschichte des Unternehmens ist eng mit der seiner Gr\u00fcnder und deren au\u00dfergew\u00f6hnlichen Laufbahn verbunden. <\/p>\n\n\n\n<p><strong><a href=\"https:\/\/www.thokbikes.com\/de\/italian-bike-festival-2020\/\">Stefano Migliorini<\/a><\/strong>, der BMX-Weltmeister und Downhill-Profi, der als erster italienischer Athlet beim Downhill-Weltcup f\u00fcr ein offizielles US-amerikanisches Team fuhr und 1993 den dritten Platz des Gesamt-Weltcups belegte. Nach Beendigung seiner Profikarriere im Radsport stieg er in die Bike-Industrie ein, wo er sich bei f\u00fchrenden Unternehmen der Branche in verschiedenen Positionen bew\u00e4hrte.<\/p>\n\n\n\n<p><strong>Livio Suppo<\/strong>, der legend\u00e4re Honda-Teamchef und einer der meistgekr\u00f6nten Teammanager der MotoGP, der mit Stoner und dem DUCATI-Team sowie mit Marquez und dem HONDA HRC-Team mehrere Weltmeistertitel errang; ein erfahrener Experte des Rennsports mit einer gro\u00dfen Leidenschaft f\u00fcr Geschwindigkeit, Leistung und Innovation. Er war der erste, der an das Projekt THOK glaubte und Migliorini von den tretunterst\u00fctzten Bikes \u00fcberzeugte und ihn daf\u00fcr begeisterte. <\/p>\n\n\n\n<p><strong>Giuseppe Bernocco<\/strong> <strong>und Sebastiano Astegiano<\/strong>, Gr\u00fcnder und Gesch\u00e4ftsf\u00fchrer der TCN Group (TCN, BIANCO, Galup, Madrile Melis), einer international ausgerichteten florierenden Industriegruppe im Herzen der Langhe. Erfolgreiche Unternehmer, die das Potenzial der Tretunterst\u00fctzung erkannten und zur Diversifizierung ihrer Unternehmensgruppe mit gro\u00dfem Vertrauen in diesen Sektor investierten. <\/p>\n\n\n\n<p>Stefanos Knowhow, Livios Intuition und der vision\u00e4re Unternehmergeist von Giuseppe und Sebastiano bilden die Grunds\u00e4ulen von THOK E-Bikes und verleihen dem Unternehmen seine kr\u00e4ftigen Wurzeln, um auf dem fruchtbaren Terrain aus Erfahrung, Kompetenz, Qualit\u00e4t und Leidenschaft weiter zu wachsen.<\/p>\n\n\n\n<figure class=\"wp-block-image size-full\"><img decoding=\"async\" width=\"188\" height=\"40\" src=\"https:\/\/www.thokbikes.com\/wp-content\/uploads\/2023\/06\/Logo_Extended_Text-Black_001.png\" alt=\"\" class=\"wp-image-463\" srcset=\"https:\/\/www.thokbikes.com\/wp-content\/uploads\/2023\/06\/Logo_Extended_Text-Black_001.png 188w, https:\/\/www.thokbikes.com\/wp-content\/uploads\/2023\/06\/Logo_Extended_Text-Black_001-50x11.png 50w\" sizes=\"(max-width: 188px) 100vw, 188px\" \/><\/figure>\n","protected":false},"excerpt":{"rendered":"<p>Produziert und vertreibt seit 2017 Fahrr\u00e4der mit Tretunterst\u00fctzung, bei denen Performance ganz oben steht. THOK E-Bikes. Die Wurzeln unserer Marke. Die Geschichte des Unternehmens ist eng mit der seiner Gr\u00fcnder und deren au\u00dfergew\u00f6hnlichen Laufbahn verbunden. Stefano Migliorini, der BMX-Weltmeister und Downhill-Profi, der als erster italienischer Athlet beim Downhill-Weltcup f\u00fcr ein offizielles US-amerikanisches Team fuhr und [&hellip;]<\/p>\n","protected":false},"author":1,"featured_media":13292,"parent":0,"menu_order":0,"comment_status":"closed","ping_status":"closed","template":"","meta":{"_acf_changed":false,"footnotes":""},"class_list":["post-13346","page","type-page","status-publish","has-post-thumbnail","hentry"],"acf":[],"yoast_head":"<!-- This site is optimized with the Yoast SEO plugin v27.3 - https:\/\/yoast.com\/product\/yoast-seo-wordpress\/ -->\n<title>Wer wir sind - Thok<\/title>\n<meta name=\"robots\" content=\"index, follow, max-snippet:-1, max-image-preview:large, max-video-preview:-1\" \/>\n<link rel=\"canonical\" href=\"https:\/\/www.thokbikes.com\/de\/chi-siamo\/\" \/>\n<meta property=\"og:locale\" content=\"de_DE\" \/>\n<meta property=\"og:type\" content=\"article\" \/>\n<meta property=\"og:title\" content=\"Wer wir sind - Thok\" \/>\n<meta property=\"og:description\" content=\"Produziert und vertreibt seit 2017 Fahrr\u00e4der mit Tretunterst\u00fctzung, bei denen Performance ganz oben steht. THOK E-Bikes. Die Wurzeln unserer Marke. Die Geschichte des Unternehmens ist eng mit der seiner Gr\u00fcnder und deren au\u00dfergew\u00f6hnlichen Laufbahn verbunden. Stefano Migliorini, der BMX-Weltmeister und Downhill-Profi, der als erster italienischer Athlet beim Downhill-Weltcup f\u00fcr ein offizielles US-amerikanisches Team fuhr und [&hellip;]\" \/>\n<meta property=\"og:url\" content=\"https:\/\/www.thokbikes.com\/de\/chi-siamo\/\" \/>\n<meta property=\"og:site_name\" content=\"Thok\" \/>\n<meta property=\"article:publisher\" content=\"https:\/\/www.facebook.com\/thokebikes\" \/>\n<meta property=\"article:modified_time\" content=\"2025-10-21T07:14:22+00:00\" \/>\n<meta property=\"og:image\" content=\"https:\/\/www.thokbikes.com\/wp-content\/uploads\/2024\/03\/Chi-siamo-jpg.webp\" \/>\n\t<meta property=\"og:image:width\" content=\"1920\" \/>\n\t<meta property=\"og:image:height\" content=\"700\" \/>\n\t<meta property=\"og:image:type\" content=\"image\/jpeg\" \/>\n<meta name=\"twitter:card\" content=\"summary_large_image\" \/>\n<meta name=\"twitter:label1\" content=\"Est. reading time\" \/>\n\t<meta name=\"twitter:data1\" content=\"2 minutes\" \/>\n<script type=\"application\/ld+json\" class=\"yoast-schema-graph\">{\"@context\":\"https:\\\/\\\/schema.org\",\"@graph\":[{\"@type\":\"WebPage\",\"@id\":\"https:\\\/\\\/www.thokbikes.com\\\/de\\\/chi-siamo\\\/\",\"url\":\"https:\\\/\\\/www.thokbikes.com\\\/de\\\/chi-siamo\\\/\",\"name\":\"Wer wir sind - Thok\",\"isPartOf\":{\"@id\":\"https:\\\/\\\/www.thokbikes.com\\\/de\\\/#website\"},\"primaryImageOfPage\":{\"@id\":\"https:\\\/\\\/www.thokbikes.com\\\/de\\\/chi-siamo\\\/#primaryimage\"},\"image\":{\"@id\":\"https:\\\/\\\/www.thokbikes.com\\\/de\\\/chi-siamo\\\/#primaryimage\"},\"thumbnailUrl\":\"https:\\\/\\\/www.thokbikes.com\\\/wp-content\\\/uploads\\\/2024\\\/03\\\/Chi-siamo-jpg.webp\",\"datePublished\":\"2023-06-28T10:49:54+00:00\",\"dateModified\":\"2025-10-21T07:14:22+00:00\",\"breadcrumb\":{\"@id\":\"https:\\\/\\\/www.thokbikes.com\\\/de\\\/chi-siamo\\\/#breadcrumb\"},\"inLanguage\":\"de-DE\",\"potentialAction\":[{\"@type\":\"ReadAction\",\"target\":[\"https:\\\/\\\/www.thokbikes.com\\\/de\\\/chi-siamo\\\/\"]}]},{\"@type\":\"ImageObject\",\"inLanguage\":\"de-DE\",\"@id\":\"https:\\\/\\\/www.thokbikes.com\\\/de\\\/chi-siamo\\\/#primaryimage\",\"url\":\"https:\\\/\\\/www.thokbikes.com\\\/wp-content\\\/uploads\\\/2024\\\/03\\\/Chi-siamo-jpg.webp\",\"contentUrl\":\"https:\\\/\\\/www.thokbikes.com\\\/wp-content\\\/uploads\\\/2024\\\/03\\\/Chi-siamo-jpg.webp\",\"width\":1920,\"height\":700},{\"@type\":\"BreadcrumbList\",\"@id\":\"https:\\\/\\\/www.thokbikes.com\\\/de\\\/chi-siamo\\\/#breadcrumb\",\"itemListElement\":[{\"@type\":\"ListItem\",\"position\":1,\"name\":\"Home\",\"item\":\"https:\\\/\\\/www.thokbikes.com\\\/de\\\/\"},{\"@type\":\"ListItem\",\"position\":2,\"name\":\"Wer wir sind\"}]},{\"@type\":\"WebSite\",\"@id\":\"https:\\\/\\\/www.thokbikes.com\\\/de\\\/#website\",\"url\":\"https:\\\/\\\/www.thokbikes.com\\\/de\\\/\",\"name\":\"Thok E-bikes\",\"description\":\"\",\"publisher\":{\"@id\":\"https:\\\/\\\/www.thokbikes.com\\\/de\\\/#organization\"},\"potentialAction\":[{\"@type\":\"SearchAction\",\"target\":{\"@type\":\"EntryPoint\",\"urlTemplate\":\"https:\\\/\\\/www.thokbikes.com\\\/de\\\/?s={search_term_string}\"},\"query-input\":{\"@type\":\"PropertyValueSpecification\",\"valueRequired\":true,\"valueName\":\"search_term_string\"}}],\"inLanguage\":\"de-DE\"},{\"@type\":\"Organization\",\"@id\":\"https:\\\/\\\/www.thokbikes.com\\\/de\\\/#organization\",\"name\":\"Thok E-bikes\",\"url\":\"https:\\\/\\\/www.thokbikes.com\\\/de\\\/\",\"logo\":{\"@type\":\"ImageObject\",\"inLanguage\":\"de-DE\",\"@id\":\"https:\\\/\\\/www.thokbikes.com\\\/de\\\/#\\\/schema\\\/logo\\\/image\\\/\",\"url\":\"https:\\\/\\\/www.thokbikes.com\\\/wp-content\\\/uploads\\\/2025\\\/11\\\/logo-thok-white.png\",\"contentUrl\":\"https:\\\/\\\/www.thokbikes.com\\\/wp-content\\\/uploads\\\/2025\\\/11\\\/logo-thok-white.png\",\"width\":1920,\"height\":281,\"caption\":\"Thok E-bikes\"},\"image\":{\"@id\":\"https:\\\/\\\/www.thokbikes.com\\\/de\\\/#\\\/schema\\\/logo\\\/image\\\/\"},\"sameAs\":[\"https:\\\/\\\/www.facebook.com\\\/thokebikes\",\"https:\\\/\\\/www.instagram.com\\\/thok_ebikes\\\/\",\"https:\\\/\\\/www.youtube.com\\\/channel\\\/UC-yfWNxPCJvVdRymE7tA8Ww\"]}]}<\/script>\n<!-- \/ Yoast SEO plugin. -->","yoast_head_json":{"title":"Wer wir sind - Thok","robots":{"index":"index","follow":"follow","max-snippet":"max-snippet:-1","max-image-preview":"max-image-preview:large","max-video-preview":"max-video-preview:-1"},"canonical":"https:\/\/www.thokbikes.com\/de\/chi-siamo\/","og_locale":"de_DE","og_type":"article","og_title":"Wer wir sind - Thok","og_description":"Produziert und vertreibt seit 2017 Fahrr\u00e4der mit Tretunterst\u00fctzung, bei denen Performance ganz oben steht. THOK E-Bikes. Die Wurzeln unserer Marke. Die Geschichte des Unternehmens ist eng mit der seiner Gr\u00fcnder und deren au\u00dfergew\u00f6hnlichen Laufbahn verbunden. Stefano Migliorini, der BMX-Weltmeister und Downhill-Profi, der als erster italienischer Athlet beim Downhill-Weltcup f\u00fcr ein offizielles US-amerikanisches Team fuhr und [&hellip;]","og_url":"https:\/\/www.thokbikes.com\/de\/chi-siamo\/","og_site_name":"Thok","article_publisher":"https:\/\/www.facebook.com\/thokebikes","article_modified_time":"2025-10-21T07:14:22+00:00","og_image":[{"width":1920,"height":700,"url":"https:\/\/www.thokbikes.com\/wp-content\/uploads\/2024\/03\/Chi-siamo-jpg.webp","type":"image\/jpeg"}],"twitter_card":"summary_large_image","twitter_misc":{"Est. reading time":"2 minutes"},"schema":{"@context":"https:\/\/schema.org","@graph":[{"@type":"WebPage","@id":"https:\/\/www.thokbikes.com\/de\/chi-siamo\/","url":"https:\/\/www.thokbikes.com\/de\/chi-siamo\/","name":"Wer wir sind - Thok","isPartOf":{"@id":"https:\/\/www.thokbikes.com\/de\/#website"},"primaryImageOfPage":{"@id":"https:\/\/www.thokbikes.com\/de\/chi-siamo\/#primaryimage"},"image":{"@id":"https:\/\/www.thokbikes.com\/de\/chi-siamo\/#primaryimage"},"thumbnailUrl":"https:\/\/www.thokbikes.com\/wp-content\/uploads\/2024\/03\/Chi-siamo-jpg.webp","datePublished":"2023-06-28T10:49:54+00:00","dateModified":"2025-10-21T07:14:22+00:00","breadcrumb":{"@id":"https:\/\/www.thokbikes.com\/de\/chi-siamo\/#breadcrumb"},"inLanguage":"de-DE","potentialAction":[{"@type":"ReadAction","target":["https:\/\/www.thokbikes.com\/de\/chi-siamo\/"]}]},{"@type":"ImageObject","inLanguage":"de-DE","@id":"https:\/\/www.thokbikes.com\/de\/chi-siamo\/#primaryimage","url":"https:\/\/www.thokbikes.com\/wp-content\/uploads\/2024\/03\/Chi-siamo-jpg.webp","contentUrl":"https:\/\/www.thokbikes.com\/wp-content\/uploads\/2024\/03\/Chi-siamo-jpg.webp","width":1920,"height":700},{"@type":"BreadcrumbList","@id":"https:\/\/www.thokbikes.com\/de\/chi-siamo\/#breadcrumb","itemListElement":[{"@type":"ListItem","position":1,"name":"Home","item":"https:\/\/www.thokbikes.com\/de\/"},{"@type":"ListItem","position":2,"name":"Wer wir sind"}]},{"@type":"WebSite","@id":"https:\/\/www.thokbikes.com\/de\/#website","url":"https:\/\/www.thokbikes.com\/de\/","name":"Thok E-bikes","description":"","publisher":{"@id":"https:\/\/www.thokbikes.com\/de\/#organization"},"potentialAction":[{"@type":"SearchAction","target":{"@type":"EntryPoint","urlTemplate":"https:\/\/www.thokbikes.com\/de\/?s={search_term_string}"},"query-input":{"@type":"PropertyValueSpecification","valueRequired":true,"valueName":"search_term_string"}}],"inLanguage":"de-DE"},{"@type":"Organization","@id":"https:\/\/www.thokbikes.com\/de\/#organization","name":"Thok E-bikes","url":"https:\/\/www.thokbikes.com\/de\/","logo":{"@type":"ImageObject","inLanguage":"de-DE","@id":"https:\/\/www.thokbikes.com\/de\/#\/schema\/logo\/image\/","url":"https:\/\/www.thokbikes.com\/wp-content\/uploads\/2025\/11\/logo-thok-white.png","contentUrl":"https:\/\/www.thokbikes.com\/wp-content\/uploads\/2025\/11\/logo-thok-white.png","width":1920,"height":281,"caption":"Thok E-bikes"},"image":{"@id":"https:\/\/www.thokbikes.com\/de\/#\/schema\/logo\/image\/"},"sameAs":["https:\/\/www.facebook.com\/thokebikes","https:\/\/www.instagram.com\/thok_ebikes\/","https:\/\/www.youtube.com\/channel\/UC-yfWNxPCJvVdRymE7tA8Ww"]}]}},"_links":{"self":[{"href":"https:\/\/www.thokbikes.com\/de\/wp-json\/wp\/v2\/pages\/13346","targetHints":{"allow":["GET"]}}],"collection":[{"href":"https:\/\/www.thokbikes.com\/de\/wp-json\/wp\/v2\/pages"}],"about":[{"href":"https:\/\/www.thokbikes.com\/de\/wp-json\/wp\/v2\/types\/page"}],"author":[{"embeddable":true,"href":"https:\/\/www.thokbikes.com\/de\/wp-json\/wp\/v2\/users\/1"}],"replies":[{"embeddable":true,"href":"https:\/\/www.thokbikes.com\/de\/wp-json\/wp\/v2\/comments?post=13346"}],"version-history":[{"count":7,"href":"https:\/\/www.thokbikes.com\/de\/wp-json\/wp\/v2\/pages\/13346\/revisions"}],"predecessor-version":[{"id":32445,"href":"https:\/\/www.thokbikes.com\/de\/wp-json\/wp\/v2\/pages\/13346\/revisions\/32445"}],"wp:featuredmedia":[{"embeddable":true,"href":"https:\/\/www.thokbikes.com\/de\/wp-json\/wp\/v2\/media\/13292"}],"wp:attachment":[{"href":"https:\/\/www.thokbikes.com\/de\/wp-json\/wp\/v2\/media?parent=13346"}],"curies":[{"name":"wp","href":"https:\/\/api.w.org\/{rel}","templated":true}]}}