{"id":18259,"date":"2024-07-04T06:11:19","date_gmt":"2024-07-04T04:11:19","guid":{"rendered":"https:\/\/www.thokbikes.com\/prodotto\/commande-shift-sram-eagle-gx-axs\/"},"modified":"2026-01-13T11:10:07","modified_gmt":"2026-01-13T10:10:07","slug":"befehl-schicht-sram-eagle-gx-axs","status":"publish","type":"product","link":"https:\/\/www.thokbikes.com\/de\/negozio\/komponenten-und-zubehoer\/transmission-de\/befehl-schicht-sram-eagle-gx-axs\/","title":{"rendered":"SRAM GX AXS 12 FACH SCHALTHEBEL"},"content":{"rendered":"<ul>\n<li>Standardfunktion: AXS-Schaltwerk<\/li>\n<li>Ausrichtung: Rechts<\/li>\n<li>Kontrollpunkte: Dual<\/li>\n<li>Kompatibel mit ANT+ Ger\u00e4ten: Ja<\/li>\n<li>Multi-Position: Ja<\/li>\n<li>Batteriegr\u00f6\u00dfe: CR2032<\/li>\n<\/ul>\n<p>KOMPATIBILIT\u00c4T MIT ALLEN THOK-MODELLEN, DIE SRAM EAGLE AXS ANTRIEBSSCHALTUNGEN BEFESTIGEN (Schaltwerk, Batterie und Ladestation nicht enthalten).<\/p>\n<p>&nbsp;<\/p>\n","protected":false},"excerpt":{"rendered":"<p>Standardfunktion: AXS-Schaltwerk Ausrichtung: Rechts Kontrollpunkte: Dual Kompatibel mit ANT+ Ger\u00e4ten: Ja Multi-Position: Ja Batteriegr\u00f6\u00dfe: CR2032 KOMPATIBILIT\u00c4T MIT ALLEN THOK-MODELLEN, DIE SRAM EAGLE AXS ANTRIEBSSCHALTUNGEN BEFESTIGEN (Schaltwerk, Batterie und Ladestation nicht enthalten). &nbsp;<\/p>\n","protected":false},"featured_media":18200,"comment_status":"closed","ping_status":"closed","template":"","meta":{"_acf_changed":false},"product_brand":[],"product_cat":[124,151,128,177,127],"product_tag":[],"class_list":{"0":"post-18259","1":"product","2":"type-product","3":"status-publish","4":"has-post-thumbnail","6":"product_cat-komponenten-und-zubehoer","7":"product_cat-electric-parts-de","8":"product_cat-transmission-de","9":"product_cat-all-mountain-de","10":"product_cat-enduro-de","12":"first","13":"instock","14":"taxable","15":"shipping-taxable","16":"purchasable","17":"product-type-simple"},"acf":[],"yoast_head":"<!-- This site is optimized with the Yoast SEO plugin v27.1.1 - https:\/\/yoast.com\/product\/yoast-seo-wordpress\/ -->\n<title>SRAM GX AXS 12 FACH SCHALTHEBEL - Thok<\/title>\n<meta name=\"robots\" content=\"index, follow, max-snippet:-1, max-image-preview:large, max-video-preview:-1\" \/>\n<link rel=\"canonical\" href=\"https:\/\/www.thokbikes.com\/de\/negozio\/komponenten-und-zubehoer\/transmission-de\/befehl-schicht-sram-eagle-gx-axs\/\" \/>\n<meta property=\"og:locale\" content=\"de_DE\" \/>\n<meta property=\"og:type\" content=\"article\" \/>\n<meta property=\"og:title\" content=\"SRAM GX AXS 12 FACH SCHALTHEBEL - Thok\" \/>\n<meta property=\"og:description\" content=\"Standardfunktion: AXS-Schaltwerk Ausrichtung: Rechts Kontrollpunkte: Dual Kompatibel mit ANT+ Ger\u00e4ten: Ja Multi-Position: Ja Batteriegr\u00f6\u00dfe: CR2032 KOMPATIBILIT\u00c4T MIT ALLEN THOK-MODELLEN, DIE SRAM EAGLE AXS ANTRIEBSSCHALTUNGEN BEFESTIGEN (Schaltwerk, Batterie und Ladestation nicht enthalten). &nbsp;\" \/>\n<meta property=\"og:url\" content=\"https:\/\/www.thokbikes.com\/de\/negozio\/komponenten-und-zubehoer\/transmission-de\/befehl-schicht-sram-eagle-gx-axs\/\" \/>\n<meta property=\"og:site_name\" content=\"Thok\" \/>\n<meta property=\"article:publisher\" content=\"https:\/\/www.facebook.com\/thokebikes\" \/>\n<meta property=\"article:modified_time\" content=\"2026-01-13T10:10:07+00:00\" \/>\n<meta property=\"og:image\" content=\"https:\/\/www.thokbikes.com\/wp-content\/uploads\/2024\/07\/Shop-COMANDO-CAMBIO-SRAM-GX-AXS.jpg\" \/>\n\t<meta property=\"og:image:width\" content=\"1900\" \/>\n\t<meta property=\"og:image:height\" content=\"1900\" \/>\n\t<meta property=\"og:image:type\" content=\"image\/jpeg\" \/>\n<meta name=\"twitter:card\" content=\"summary_large_image\" \/>\n<meta name=\"twitter:label1\" content=\"Est. reading time\" \/>\n\t<meta name=\"twitter:data1\" content=\"1 minute\" \/>\n<script type=\"application\/ld+json\" class=\"yoast-schema-graph\">{\"@context\":\"https:\/\/schema.org\",\"@graph\":[{\"@type\":\"WebPage\",\"@id\":\"https:\/\/www.thokbikes.com\/de\/negozio\/komponenten-und-zubehoer\/transmission-de\/befehl-schicht-sram-eagle-gx-axs\/\",\"url\":\"https:\/\/www.thokbikes.com\/de\/negozio\/komponenten-und-zubehoer\/transmission-de\/befehl-schicht-sram-eagle-gx-axs\/\",\"name\":\"SRAM GX AXS 12 FACH SCHALTHEBEL - Thok\",\"isPartOf\":{\"@id\":\"https:\/\/www.thokbikes.com\/de\/#website\"},\"primaryImageOfPage\":{\"@id\":\"https:\/\/www.thokbikes.com\/de\/negozio\/komponenten-und-zubehoer\/transmission-de\/befehl-schicht-sram-eagle-gx-axs\/#primaryimage\"},\"image\":{\"@id\":\"https:\/\/www.thokbikes.com\/de\/negozio\/komponenten-und-zubehoer\/transmission-de\/befehl-schicht-sram-eagle-gx-axs\/#primaryimage\"},\"thumbnailUrl\":\"https:\/\/www.thokbikes.com\/wp-content\/uploads\/2024\/07\/Shop-COMANDO-CAMBIO-SRAM-GX-AXS.jpg\",\"datePublished\":\"2024-07-04T04:11:19+00:00\",\"dateModified\":\"2026-01-13T10:10:07+00:00\",\"breadcrumb\":{\"@id\":\"https:\/\/www.thokbikes.com\/de\/negozio\/komponenten-und-zubehoer\/transmission-de\/befehl-schicht-sram-eagle-gx-axs\/#breadcrumb\"},\"inLanguage\":\"de-DE\",\"potentialAction\":[{\"@type\":\"ReadAction\",\"target\":[\"https:\/\/www.thokbikes.com\/de\/negozio\/komponenten-und-zubehoer\/transmission-de\/befehl-schicht-sram-eagle-gx-axs\/\"]}]},{\"@type\":\"ImageObject\",\"inLanguage\":\"de-DE\",\"@id\":\"https:\/\/www.thokbikes.com\/de\/negozio\/komponenten-und-zubehoer\/transmission-de\/befehl-schicht-sram-eagle-gx-axs\/#primaryimage\",\"url\":\"https:\/\/www.thokbikes.com\/wp-content\/uploads\/2024\/07\/Shop-COMANDO-CAMBIO-SRAM-GX-AXS.jpg\",\"contentUrl\":\"https:\/\/www.thokbikes.com\/wp-content\/uploads\/2024\/07\/Shop-COMANDO-CAMBIO-SRAM-GX-AXS.jpg\",\"width\":1900,\"height\":1900},{\"@type\":\"BreadcrumbList\",\"@id\":\"https:\/\/www.thokbikes.com\/de\/negozio\/komponenten-und-zubehoer\/transmission-de\/befehl-schicht-sram-eagle-gx-axs\/#breadcrumb\",\"itemListElement\":[{\"@type\":\"ListItem\",\"position\":1,\"name\":\"Home\",\"item\":\"https:\/\/www.thokbikes.com\/de\/\"},{\"@type\":\"ListItem\",\"position\":2,\"name\":\"Shop\",\"item\":\"https:\/\/www.thokbikes.com\/negozio\/\"},{\"@type\":\"ListItem\",\"position\":3,\"name\":\"SRAM GX AXS 12 FACH SCHALTHEBEL\"}]},{\"@type\":\"WebSite\",\"@id\":\"https:\/\/www.thokbikes.com\/de\/#website\",\"url\":\"https:\/\/www.thokbikes.com\/de\/\",\"name\":\"Thok E-bikes\",\"description\":\"\",\"publisher\":{\"@id\":\"https:\/\/www.thokbikes.com\/de\/#organization\"},\"potentialAction\":[{\"@type\":\"SearchAction\",\"target\":{\"@type\":\"EntryPoint\",\"urlTemplate\":\"https:\/\/www.thokbikes.com\/de\/?s={search_term_string}\"},\"query-input\":{\"@type\":\"PropertyValueSpecification\",\"valueRequired\":true,\"valueName\":\"search_term_string\"}}],\"inLanguage\":\"de-DE\"},{\"@type\":\"Organization\",\"@id\":\"https:\/\/www.thokbikes.com\/de\/#organization\",\"name\":\"Thok E-bikes\",\"url\":\"https:\/\/www.thokbikes.com\/de\/\",\"logo\":{\"@type\":\"ImageObject\",\"inLanguage\":\"de-DE\",\"@id\":\"https:\/\/www.thokbikes.com\/de\/#\/schema\/logo\/image\/\",\"url\":\"https:\/\/www.thokbikes.com\/wp-content\/uploads\/2025\/11\/logo-thok-white.png\",\"contentUrl\":\"https:\/\/www.thokbikes.com\/wp-content\/uploads\/2025\/11\/logo-thok-white.png\",\"width\":1920,\"height\":281,\"caption\":\"Thok E-bikes\"},\"image\":{\"@id\":\"https:\/\/www.thokbikes.com\/de\/#\/schema\/logo\/image\/\"},\"sameAs\":[\"https:\/\/www.facebook.com\/thokebikes\",\"https:\/\/www.instagram.com\/thok_ebikes\/\",\"https:\/\/www.youtube.com\/channel\/UC-yfWNxPCJvVdRymE7tA8Ww\"]}]}<\/script>\n<!-- \/ Yoast SEO plugin. -->","yoast_head_json":{"title":"SRAM GX AXS 12 FACH SCHALTHEBEL - Thok","robots":{"index":"index","follow":"follow","max-snippet":"max-snippet:-1","max-image-preview":"max-image-preview:large","max-video-preview":"max-video-preview:-1"},"canonical":"https:\/\/www.thokbikes.com\/de\/negozio\/komponenten-und-zubehoer\/transmission-de\/befehl-schicht-sram-eagle-gx-axs\/","og_locale":"de_DE","og_type":"article","og_title":"SRAM GX AXS 12 FACH SCHALTHEBEL - Thok","og_description":"Standardfunktion: AXS-Schaltwerk Ausrichtung: Rechts Kontrollpunkte: Dual Kompatibel mit ANT+ Ger\u00e4ten: Ja Multi-Position: Ja Batteriegr\u00f6\u00dfe: CR2032 KOMPATIBILIT\u00c4T MIT ALLEN THOK-MODELLEN, DIE SRAM EAGLE AXS ANTRIEBSSCHALTUNGEN BEFESTIGEN (Schaltwerk, Batterie und Ladestation nicht enthalten). &nbsp;","og_url":"https:\/\/www.thokbikes.com\/de\/negozio\/komponenten-und-zubehoer\/transmission-de\/befehl-schicht-sram-eagle-gx-axs\/","og_site_name":"Thok","article_publisher":"https:\/\/www.facebook.com\/thokebikes","article_modified_time":"2026-01-13T10:10:07+00:00","og_image":[{"width":1900,"height":1900,"url":"https:\/\/www.thokbikes.com\/wp-content\/uploads\/2024\/07\/Shop-COMANDO-CAMBIO-SRAM-GX-AXS.jpg","type":"image\/jpeg"}],"twitter_card":"summary_large_image","twitter_misc":{"Est. reading time":"1 minute"},"schema":{"@context":"https:\/\/schema.org","@graph":[{"@type":"WebPage","@id":"https:\/\/www.thokbikes.com\/de\/negozio\/komponenten-und-zubehoer\/transmission-de\/befehl-schicht-sram-eagle-gx-axs\/","url":"https:\/\/www.thokbikes.com\/de\/negozio\/komponenten-und-zubehoer\/transmission-de\/befehl-schicht-sram-eagle-gx-axs\/","name":"SRAM GX AXS 12 FACH SCHALTHEBEL - Thok","isPartOf":{"@id":"https:\/\/www.thokbikes.com\/de\/#website"},"primaryImageOfPage":{"@id":"https:\/\/www.thokbikes.com\/de\/negozio\/komponenten-und-zubehoer\/transmission-de\/befehl-schicht-sram-eagle-gx-axs\/#primaryimage"},"image":{"@id":"https:\/\/www.thokbikes.com\/de\/negozio\/komponenten-und-zubehoer\/transmission-de\/befehl-schicht-sram-eagle-gx-axs\/#primaryimage"},"thumbnailUrl":"https:\/\/www.thokbikes.com\/wp-content\/uploads\/2024\/07\/Shop-COMANDO-CAMBIO-SRAM-GX-AXS.jpg","datePublished":"2024-07-04T04:11:19+00:00","dateModified":"2026-01-13T10:10:07+00:00","breadcrumb":{"@id":"https:\/\/www.thokbikes.com\/de\/negozio\/komponenten-und-zubehoer\/transmission-de\/befehl-schicht-sram-eagle-gx-axs\/#breadcrumb"},"inLanguage":"de-DE","potentialAction":[{"@type":"ReadAction","target":["https:\/\/www.thokbikes.com\/de\/negozio\/komponenten-und-zubehoer\/transmission-de\/befehl-schicht-sram-eagle-gx-axs\/"]}]},{"@type":"ImageObject","inLanguage":"de-DE","@id":"https:\/\/www.thokbikes.com\/de\/negozio\/komponenten-und-zubehoer\/transmission-de\/befehl-schicht-sram-eagle-gx-axs\/#primaryimage","url":"https:\/\/www.thokbikes.com\/wp-content\/uploads\/2024\/07\/Shop-COMANDO-CAMBIO-SRAM-GX-AXS.jpg","contentUrl":"https:\/\/www.thokbikes.com\/wp-content\/uploads\/2024\/07\/Shop-COMANDO-CAMBIO-SRAM-GX-AXS.jpg","width":1900,"height":1900},{"@type":"BreadcrumbList","@id":"https:\/\/www.thokbikes.com\/de\/negozio\/komponenten-und-zubehoer\/transmission-de\/befehl-schicht-sram-eagle-gx-axs\/#breadcrumb","itemListElement":[{"@type":"ListItem","position":1,"name":"Home","item":"https:\/\/www.thokbikes.com\/de\/"},{"@type":"ListItem","position":2,"name":"Shop","item":"https:\/\/www.thokbikes.com\/negozio\/"},{"@type":"ListItem","position":3,"name":"SRAM GX AXS 12 FACH SCHALTHEBEL"}]},{"@type":"WebSite","@id":"https:\/\/www.thokbikes.com\/de\/#website","url":"https:\/\/www.thokbikes.com\/de\/","name":"Thok E-bikes","description":"","publisher":{"@id":"https:\/\/www.thokbikes.com\/de\/#organization"},"potentialAction":[{"@type":"SearchAction","target":{"@type":"EntryPoint","urlTemplate":"https:\/\/www.thokbikes.com\/de\/?s={search_term_string}"},"query-input":{"@type":"PropertyValueSpecification","valueRequired":true,"valueName":"search_term_string"}}],"inLanguage":"de-DE"},{"@type":"Organization","@id":"https:\/\/www.thokbikes.com\/de\/#organization","name":"Thok E-bikes","url":"https:\/\/www.thokbikes.com\/de\/","logo":{"@type":"ImageObject","inLanguage":"de-DE","@id":"https:\/\/www.thokbikes.com\/de\/#\/schema\/logo\/image\/","url":"https:\/\/www.thokbikes.com\/wp-content\/uploads\/2025\/11\/logo-thok-white.png","contentUrl":"https:\/\/www.thokbikes.com\/wp-content\/uploads\/2025\/11\/logo-thok-white.png","width":1920,"height":281,"caption":"Thok E-bikes"},"image":{"@id":"https:\/\/www.thokbikes.com\/de\/#\/schema\/logo\/image\/"},"sameAs":["https:\/\/www.facebook.com\/thokebikes","https:\/\/www.instagram.com\/thok_ebikes\/","https:\/\/www.youtube.com\/channel\/UC-yfWNxPCJvVdRymE7tA8Ww"]}]}},"_links":{"self":[{"href":"https:\/\/www.thokbikes.com\/de\/wp-json\/wp\/v2\/product\/18259","targetHints":{"allow":["GET"]}}],"collection":[{"href":"https:\/\/www.thokbikes.com\/de\/wp-json\/wp\/v2\/product"}],"about":[{"href":"https:\/\/www.thokbikes.com\/de\/wp-json\/wp\/v2\/types\/product"}],"replies":[{"embeddable":true,"href":"https:\/\/www.thokbikes.com\/de\/wp-json\/wp\/v2\/comments?post=18259"}],"wp:featuredmedia":[{"embeddable":true,"href":"https:\/\/www.thokbikes.com\/de\/wp-json\/wp\/v2\/media\/18200"}],"wp:attachment":[{"href":"https:\/\/www.thokbikes.com\/de\/wp-json\/wp\/v2\/media?parent=18259"}],"wp:term":[{"taxonomy":"product_brand","embeddable":true,"href":"https:\/\/www.thokbikes.com\/de\/wp-json\/wp\/v2\/product_brand?post=18259"},{"taxonomy":"product_cat","embeddable":true,"href":"https:\/\/www.thokbikes.com\/de\/wp-json\/wp\/v2\/product_cat?post=18259"},{"taxonomy":"product_tag","embeddable":true,"href":"https:\/\/www.thokbikes.com\/de\/wp-json\/wp\/v2\/product_tag?post=18259"}],"curies":[{"name":"wp","href":"https:\/\/api.w.org\/{rel}","templated":true}]}}