{"id":18552,"date":"2024-07-11T06:13:07","date_gmt":"2024-07-11T04:13:07","guid":{"rendered":"https:\/\/www.thokbikes.com\/?post_type=product&#038;p=18552"},"modified":"2026-01-13T11:35:04","modified_gmt":"2026-01-13T10:35:04","slug":"schwalbe-big-betty-27-5x2-6-reifen","status":"publish","type":"product","link":"https:\/\/www.thokbikes.com\/de\/negozio\/komponenten-und-zubehoer\/wheels-de\/schwalbe-big-betty-27-5x2-6-reifen\/","title":{"rendered":"SCHWALBE BIG BETTY 27.5X2.6 REIFEN"},"content":{"rendered":"<p>Gr\u00f6\u00dfe: 27.5&#215;2.60 \/ 650B<\/p>\n<p>E-BIKE READY<\/p>\n<p>Diese Reifen sind optimiert, um Belastungen und h\u00f6here Durchschnittsgeschwindigkeiten im Vergleich zu herk\u00f6mmlichen Reifen zu bew\u00e4ltigen. Das Beste von Schwalbe: extrem schnell, leicht und mit hervorragender Haltbarkeit. Die erste Wahl f\u00fcr die ehrgeizigsten Athleten.<\/p>\n","protected":false},"excerpt":{"rendered":"<p>Gr\u00f6\u00dfe: 27.5&#215;2.60 \/ 650B E-BIKE READY Diese Reifen sind optimiert, um Belastungen und h\u00f6here Durchschnittsgeschwindigkeiten im Vergleich zu herk\u00f6mmlichen Reifen zu bew\u00e4ltigen. Das Beste von Schwalbe: extrem schnell, leicht und mit hervorragender Haltbarkeit. Die erste Wahl f\u00fcr die ehrgeizigsten Athleten.<\/p>\n","protected":false},"featured_media":18514,"comment_status":"closed","ping_status":"closed","template":"","meta":{"_acf_changed":false},"product_brand":[],"product_cat":[177,127,124,289,135],"product_tag":[],"class_list":{"0":"post-18552","1":"product","2":"type-product","3":"status-publish","4":"has-post-thumbnail","6":"product_cat-all-mountain-de","7":"product_cat-enduro-de","8":"product_cat-komponenten-und-zubehoer","9":"product_cat-sales","10":"product_cat-wheels-de","12":"first","13":"outofstock","14":"taxable","15":"shipping-taxable","16":"purchasable","17":"product-type-simple"},"acf":[],"yoast_head":"<!-- This site is optimized with the Yoast SEO plugin v27.3 - https:\/\/yoast.com\/product\/yoast-seo-wordpress\/ -->\n<title>SCHWALBE BIG BETTY 27.5X2.6 REIFEN - Thok<\/title>\n<meta name=\"description\" content=\"Gr\u00f6\u00dfe: 27.5x2.60 \/ 650B. Diese Reifen sind f\u00fcr h\u00f6here Belastungen und h\u00f6here Durchschnittsgeschwindigkeiten optimiert als herk\u00f6mmliche Reifen.Das Beste, was Schwalbe zu bieten hat, extrem schnell, leicht und mit hervorragender Haltbarkeit. Die erste Wahl f\u00fcr ambitionierte Sportler.\" \/>\n<meta name=\"robots\" content=\"index, follow, max-snippet:-1, max-image-preview:large, max-video-preview:-1\" \/>\n<link rel=\"canonical\" href=\"https:\/\/www.thokbikes.com\/de\/negozio\/komponenten-und-zubehoer\/wheels-de\/schwalbe-big-betty-27-5x2-6-reifen\/\" \/>\n<meta property=\"og:locale\" content=\"de_DE\" \/>\n<meta property=\"og:type\" content=\"article\" \/>\n<meta property=\"og:title\" content=\"SCHWALBE BIG BETTY 27.5X2.6 REIFEN - Thok\" \/>\n<meta property=\"og:description\" content=\"Gr\u00f6\u00dfe: 27.5x2.60 \/ 650B. Diese Reifen sind f\u00fcr h\u00f6here Belastungen und h\u00f6here Durchschnittsgeschwindigkeiten optimiert als herk\u00f6mmliche Reifen.Das Beste, was Schwalbe zu bieten hat, extrem schnell, leicht und mit hervorragender Haltbarkeit. Die erste Wahl f\u00fcr ambitionierte Sportler.\" \/>\n<meta property=\"og:url\" content=\"https:\/\/www.thokbikes.com\/de\/negozio\/komponenten-und-zubehoer\/wheels-de\/schwalbe-big-betty-27-5x2-6-reifen\/\" \/>\n<meta property=\"og:site_name\" content=\"Thok\" \/>\n<meta property=\"article:publisher\" content=\"https:\/\/www.facebook.com\/thokebikes\" \/>\n<meta property=\"article:modified_time\" content=\"2026-01-13T10:35:04+00:00\" \/>\n<meta property=\"og:image\" content=\"https:\/\/www.thokbikes.com\/wp-content\/uploads\/2024\/07\/Shop-SCHWALBE-BIG-BETTY.jpg\" \/>\n\t<meta property=\"og:image:width\" content=\"1900\" \/>\n\t<meta property=\"og:image:height\" content=\"1900\" \/>\n\t<meta property=\"og:image:type\" content=\"image\/jpeg\" \/>\n<meta name=\"twitter:card\" content=\"summary_large_image\" \/>\n<meta name=\"twitter:label1\" content=\"Est. reading time\" \/>\n\t<meta name=\"twitter:data1\" content=\"1 minute\" \/>\n<script type=\"application\/ld+json\" class=\"yoast-schema-graph\">{\"@context\":\"https:\\\/\\\/schema.org\",\"@graph\":[{\"@type\":\"WebPage\",\"@id\":\"https:\\\/\\\/www.thokbikes.com\\\/de\\\/negozio\\\/komponenten-und-zubehoer\\\/wheels-de\\\/schwalbe-big-betty-27-5x2-6-reifen\\\/\",\"url\":\"https:\\\/\\\/www.thokbikes.com\\\/de\\\/negozio\\\/komponenten-und-zubehoer\\\/wheels-de\\\/schwalbe-big-betty-27-5x2-6-reifen\\\/\",\"name\":\"SCHWALBE BIG BETTY 27.5X2.6 REIFEN - Thok\",\"isPartOf\":{\"@id\":\"https:\\\/\\\/www.thokbikes.com\\\/de\\\/#website\"},\"primaryImageOfPage\":{\"@id\":\"https:\\\/\\\/www.thokbikes.com\\\/de\\\/negozio\\\/komponenten-und-zubehoer\\\/wheels-de\\\/schwalbe-big-betty-27-5x2-6-reifen\\\/#primaryimage\"},\"image\":{\"@id\":\"https:\\\/\\\/www.thokbikes.com\\\/de\\\/negozio\\\/komponenten-und-zubehoer\\\/wheels-de\\\/schwalbe-big-betty-27-5x2-6-reifen\\\/#primaryimage\"},\"thumbnailUrl\":\"https:\\\/\\\/www.thokbikes.com\\\/wp-content\\\/uploads\\\/2024\\\/07\\\/Shop-SCHWALBE-BIG-BETTY.jpg\",\"datePublished\":\"2024-07-11T04:13:07+00:00\",\"dateModified\":\"2026-01-13T10:35:04+00:00\",\"description\":\"Gr\u00f6\u00dfe: 27.5x2.60 \\\/ 650B. Diese Reifen sind f\u00fcr h\u00f6here Belastungen und h\u00f6here Durchschnittsgeschwindigkeiten optimiert als herk\u00f6mmliche Reifen.Das Beste, was Schwalbe zu bieten hat, extrem schnell, leicht und mit hervorragender Haltbarkeit. Die erste Wahl f\u00fcr ambitionierte Sportler.\",\"breadcrumb\":{\"@id\":\"https:\\\/\\\/www.thokbikes.com\\\/de\\\/negozio\\\/komponenten-und-zubehoer\\\/wheels-de\\\/schwalbe-big-betty-27-5x2-6-reifen\\\/#breadcrumb\"},\"inLanguage\":\"de-DE\",\"potentialAction\":[{\"@type\":\"ReadAction\",\"target\":[\"https:\\\/\\\/www.thokbikes.com\\\/de\\\/negozio\\\/komponenten-und-zubehoer\\\/wheels-de\\\/schwalbe-big-betty-27-5x2-6-reifen\\\/\"]}]},{\"@type\":\"ImageObject\",\"inLanguage\":\"de-DE\",\"@id\":\"https:\\\/\\\/www.thokbikes.com\\\/de\\\/negozio\\\/komponenten-und-zubehoer\\\/wheels-de\\\/schwalbe-big-betty-27-5x2-6-reifen\\\/#primaryimage\",\"url\":\"https:\\\/\\\/www.thokbikes.com\\\/wp-content\\\/uploads\\\/2024\\\/07\\\/Shop-SCHWALBE-BIG-BETTY.jpg\",\"contentUrl\":\"https:\\\/\\\/www.thokbikes.com\\\/wp-content\\\/uploads\\\/2024\\\/07\\\/Shop-SCHWALBE-BIG-BETTY.jpg\",\"width\":1900,\"height\":1900},{\"@type\":\"BreadcrumbList\",\"@id\":\"https:\\\/\\\/www.thokbikes.com\\\/de\\\/negozio\\\/komponenten-und-zubehoer\\\/wheels-de\\\/schwalbe-big-betty-27-5x2-6-reifen\\\/#breadcrumb\",\"itemListElement\":[{\"@type\":\"ListItem\",\"position\":1,\"name\":\"Home\",\"item\":\"https:\\\/\\\/www.thokbikes.com\\\/de\\\/\"},{\"@type\":\"ListItem\",\"position\":2,\"name\":\"Shop\",\"item\":\"https:\\\/\\\/www.thokbikes.com\\\/negozio\\\/\"},{\"@type\":\"ListItem\",\"position\":3,\"name\":\"SCHWALBE BIG BETTY 27.5X2.6 REIFEN\"}]},{\"@type\":\"WebSite\",\"@id\":\"https:\\\/\\\/www.thokbikes.com\\\/de\\\/#website\",\"url\":\"https:\\\/\\\/www.thokbikes.com\\\/de\\\/\",\"name\":\"Thok E-bikes\",\"description\":\"\",\"publisher\":{\"@id\":\"https:\\\/\\\/www.thokbikes.com\\\/de\\\/#organization\"},\"potentialAction\":[{\"@type\":\"SearchAction\",\"target\":{\"@type\":\"EntryPoint\",\"urlTemplate\":\"https:\\\/\\\/www.thokbikes.com\\\/de\\\/?s={search_term_string}\"},\"query-input\":{\"@type\":\"PropertyValueSpecification\",\"valueRequired\":true,\"valueName\":\"search_term_string\"}}],\"inLanguage\":\"de-DE\"},{\"@type\":\"Organization\",\"@id\":\"https:\\\/\\\/www.thokbikes.com\\\/de\\\/#organization\",\"name\":\"Thok E-bikes\",\"url\":\"https:\\\/\\\/www.thokbikes.com\\\/de\\\/\",\"logo\":{\"@type\":\"ImageObject\",\"inLanguage\":\"de-DE\",\"@id\":\"https:\\\/\\\/www.thokbikes.com\\\/de\\\/#\\\/schema\\\/logo\\\/image\\\/\",\"url\":\"https:\\\/\\\/www.thokbikes.com\\\/wp-content\\\/uploads\\\/2025\\\/11\\\/logo-thok-white.png\",\"contentUrl\":\"https:\\\/\\\/www.thokbikes.com\\\/wp-content\\\/uploads\\\/2025\\\/11\\\/logo-thok-white.png\",\"width\":1920,\"height\":281,\"caption\":\"Thok E-bikes\"},\"image\":{\"@id\":\"https:\\\/\\\/www.thokbikes.com\\\/de\\\/#\\\/schema\\\/logo\\\/image\\\/\"},\"sameAs\":[\"https:\\\/\\\/www.facebook.com\\\/thokebikes\",\"https:\\\/\\\/www.instagram.com\\\/thok_ebikes\\\/\",\"https:\\\/\\\/www.youtube.com\\\/channel\\\/UC-yfWNxPCJvVdRymE7tA8Ww\"]}]}<\/script>\n<!-- \/ Yoast SEO plugin. -->","yoast_head_json":{"title":"SCHWALBE BIG BETTY 27.5X2.6 REIFEN - Thok","description":"Gr\u00f6\u00dfe: 27.5x2.60 \/ 650B. Diese Reifen sind f\u00fcr h\u00f6here Belastungen und h\u00f6here Durchschnittsgeschwindigkeiten optimiert als herk\u00f6mmliche Reifen.Das Beste, was Schwalbe zu bieten hat, extrem schnell, leicht und mit hervorragender Haltbarkeit. Die erste Wahl f\u00fcr ambitionierte Sportler.","robots":{"index":"index","follow":"follow","max-snippet":"max-snippet:-1","max-image-preview":"max-image-preview:large","max-video-preview":"max-video-preview:-1"},"canonical":"https:\/\/www.thokbikes.com\/de\/negozio\/komponenten-und-zubehoer\/wheels-de\/schwalbe-big-betty-27-5x2-6-reifen\/","og_locale":"de_DE","og_type":"article","og_title":"SCHWALBE BIG BETTY 27.5X2.6 REIFEN - Thok","og_description":"Gr\u00f6\u00dfe: 27.5x2.60 \/ 650B. Diese Reifen sind f\u00fcr h\u00f6here Belastungen und h\u00f6here Durchschnittsgeschwindigkeiten optimiert als herk\u00f6mmliche Reifen.Das Beste, was Schwalbe zu bieten hat, extrem schnell, leicht und mit hervorragender Haltbarkeit. Die erste Wahl f\u00fcr ambitionierte Sportler.","og_url":"https:\/\/www.thokbikes.com\/de\/negozio\/komponenten-und-zubehoer\/wheels-de\/schwalbe-big-betty-27-5x2-6-reifen\/","og_site_name":"Thok","article_publisher":"https:\/\/www.facebook.com\/thokebikes","article_modified_time":"2026-01-13T10:35:04+00:00","og_image":[{"width":1900,"height":1900,"url":"https:\/\/www.thokbikes.com\/wp-content\/uploads\/2024\/07\/Shop-SCHWALBE-BIG-BETTY.jpg","type":"image\/jpeg"}],"twitter_card":"summary_large_image","twitter_misc":{"Est. reading time":"1 minute"},"schema":{"@context":"https:\/\/schema.org","@graph":[{"@type":"WebPage","@id":"https:\/\/www.thokbikes.com\/de\/negozio\/komponenten-und-zubehoer\/wheels-de\/schwalbe-big-betty-27-5x2-6-reifen\/","url":"https:\/\/www.thokbikes.com\/de\/negozio\/komponenten-und-zubehoer\/wheels-de\/schwalbe-big-betty-27-5x2-6-reifen\/","name":"SCHWALBE BIG BETTY 27.5X2.6 REIFEN - Thok","isPartOf":{"@id":"https:\/\/www.thokbikes.com\/de\/#website"},"primaryImageOfPage":{"@id":"https:\/\/www.thokbikes.com\/de\/negozio\/komponenten-und-zubehoer\/wheels-de\/schwalbe-big-betty-27-5x2-6-reifen\/#primaryimage"},"image":{"@id":"https:\/\/www.thokbikes.com\/de\/negozio\/komponenten-und-zubehoer\/wheels-de\/schwalbe-big-betty-27-5x2-6-reifen\/#primaryimage"},"thumbnailUrl":"https:\/\/www.thokbikes.com\/wp-content\/uploads\/2024\/07\/Shop-SCHWALBE-BIG-BETTY.jpg","datePublished":"2024-07-11T04:13:07+00:00","dateModified":"2026-01-13T10:35:04+00:00","description":"Gr\u00f6\u00dfe: 27.5x2.60 \/ 650B. Diese Reifen sind f\u00fcr h\u00f6here Belastungen und h\u00f6here Durchschnittsgeschwindigkeiten optimiert als herk\u00f6mmliche Reifen.Das Beste, was Schwalbe zu bieten hat, extrem schnell, leicht und mit hervorragender Haltbarkeit. Die erste Wahl f\u00fcr ambitionierte Sportler.","breadcrumb":{"@id":"https:\/\/www.thokbikes.com\/de\/negozio\/komponenten-und-zubehoer\/wheels-de\/schwalbe-big-betty-27-5x2-6-reifen\/#breadcrumb"},"inLanguage":"de-DE","potentialAction":[{"@type":"ReadAction","target":["https:\/\/www.thokbikes.com\/de\/negozio\/komponenten-und-zubehoer\/wheels-de\/schwalbe-big-betty-27-5x2-6-reifen\/"]}]},{"@type":"ImageObject","inLanguage":"de-DE","@id":"https:\/\/www.thokbikes.com\/de\/negozio\/komponenten-und-zubehoer\/wheels-de\/schwalbe-big-betty-27-5x2-6-reifen\/#primaryimage","url":"https:\/\/www.thokbikes.com\/wp-content\/uploads\/2024\/07\/Shop-SCHWALBE-BIG-BETTY.jpg","contentUrl":"https:\/\/www.thokbikes.com\/wp-content\/uploads\/2024\/07\/Shop-SCHWALBE-BIG-BETTY.jpg","width":1900,"height":1900},{"@type":"BreadcrumbList","@id":"https:\/\/www.thokbikes.com\/de\/negozio\/komponenten-und-zubehoer\/wheels-de\/schwalbe-big-betty-27-5x2-6-reifen\/#breadcrumb","itemListElement":[{"@type":"ListItem","position":1,"name":"Home","item":"https:\/\/www.thokbikes.com\/de\/"},{"@type":"ListItem","position":2,"name":"Shop","item":"https:\/\/www.thokbikes.com\/negozio\/"},{"@type":"ListItem","position":3,"name":"SCHWALBE BIG BETTY 27.5X2.6 REIFEN"}]},{"@type":"WebSite","@id":"https:\/\/www.thokbikes.com\/de\/#website","url":"https:\/\/www.thokbikes.com\/de\/","name":"Thok E-bikes","description":"","publisher":{"@id":"https:\/\/www.thokbikes.com\/de\/#organization"},"potentialAction":[{"@type":"SearchAction","target":{"@type":"EntryPoint","urlTemplate":"https:\/\/www.thokbikes.com\/de\/?s={search_term_string}"},"query-input":{"@type":"PropertyValueSpecification","valueRequired":true,"valueName":"search_term_string"}}],"inLanguage":"de-DE"},{"@type":"Organization","@id":"https:\/\/www.thokbikes.com\/de\/#organization","name":"Thok E-bikes","url":"https:\/\/www.thokbikes.com\/de\/","logo":{"@type":"ImageObject","inLanguage":"de-DE","@id":"https:\/\/www.thokbikes.com\/de\/#\/schema\/logo\/image\/","url":"https:\/\/www.thokbikes.com\/wp-content\/uploads\/2025\/11\/logo-thok-white.png","contentUrl":"https:\/\/www.thokbikes.com\/wp-content\/uploads\/2025\/11\/logo-thok-white.png","width":1920,"height":281,"caption":"Thok E-bikes"},"image":{"@id":"https:\/\/www.thokbikes.com\/de\/#\/schema\/logo\/image\/"},"sameAs":["https:\/\/www.facebook.com\/thokebikes","https:\/\/www.instagram.com\/thok_ebikes\/","https:\/\/www.youtube.com\/channel\/UC-yfWNxPCJvVdRymE7tA8Ww"]}]}},"_links":{"self":[{"href":"https:\/\/www.thokbikes.com\/de\/wp-json\/wp\/v2\/product\/18552","targetHints":{"allow":["GET"]}}],"collection":[{"href":"https:\/\/www.thokbikes.com\/de\/wp-json\/wp\/v2\/product"}],"about":[{"href":"https:\/\/www.thokbikes.com\/de\/wp-json\/wp\/v2\/types\/product"}],"replies":[{"embeddable":true,"href":"https:\/\/www.thokbikes.com\/de\/wp-json\/wp\/v2\/comments?post=18552"}],"wp:featuredmedia":[{"embeddable":true,"href":"https:\/\/www.thokbikes.com\/de\/wp-json\/wp\/v2\/media\/18514"}],"wp:attachment":[{"href":"https:\/\/www.thokbikes.com\/de\/wp-json\/wp\/v2\/media?parent=18552"}],"wp:term":[{"taxonomy":"product_brand","embeddable":true,"href":"https:\/\/www.thokbikes.com\/de\/wp-json\/wp\/v2\/product_brand?post=18552"},{"taxonomy":"product_cat","embeddable":true,"href":"https:\/\/www.thokbikes.com\/de\/wp-json\/wp\/v2\/product_cat?post=18552"},{"taxonomy":"product_tag","embeddable":true,"href":"https:\/\/www.thokbikes.com\/de\/wp-json\/wp\/v2\/product_tag?post=18552"}],"curies":[{"name":"wp","href":"https:\/\/api.w.org\/{rel}","templated":true}]}}