{"id":18821,"date":"2024-07-30T06:12:55","date_gmt":"2024-07-30T04:12:55","guid":{"rendered":"https:\/\/www.thokbikes.com\/prodotto\/copertone-pirelli-scorpion-e-mtb-27-5x2-6\/"},"modified":"2025-07-01T09:53:15","modified_gmt":"2025-07-01T07:53:15","slug":"pirelli-scorpion-e-mtb-reifen-27-5x2-6","status":"publish","type":"product","link":"https:\/\/www.thokbikes.com\/de\/negozio\/komponenten-und-zubehoer\/wheels-de\/pirelli-scorpion-e-mtb-reifen-27-5x2-6\/","title":{"rendered":"PIRELLI SCORPION E-MTB 27.5 x 2.6 REIFEN"},"content":{"rendered":"<p>Der Pirelli Scorpion E-MTB S ist ein Reifen f\u00fcr E-MTB &#8211; Enduro. Er ist ein robuster Reifen, der f\u00fcr anspruchsvolle Strecken geeignet ist, auch auf lockerem Untergrund, wo Traktion ben\u00f6tigt wird. Das Profil mit hohen Stollen bietet auch in Kurven oder Abfahrten und bei N\u00e4sse guten Grip. Sehr robuste SmartGrip Gravity Karkasse. Tubeless Ready.<\/p>\n","protected":false},"excerpt":{"rendered":"<p>Der Pirelli Scorpion E-MTB S ist ein Reifen f\u00fcr E-MTB &#8211; Enduro. Er ist ein robuster Reifen, der f\u00fcr anspruchsvolle Strecken geeignet ist, auch auf lockerem Untergrund, wo Traktion ben\u00f6tigt wird. Das Profil mit hohen Stollen bietet auch in Kurven oder Abfahrten und bei N\u00e4sse guten Grip. Sehr robuste SmartGrip Gravity Karkasse. Tubeless Ready.<\/p>\n","protected":false},"featured_media":4783,"comment_status":"closed","ping_status":"closed","template":"","meta":{"_acf_changed":false},"product_brand":[],"product_cat":[177,127,124,135],"product_tag":[],"class_list":{"0":"post-18821","1":"product","2":"type-product","3":"status-publish","4":"has-post-thumbnail","6":"product_cat-all-mountain-de","7":"product_cat-enduro-de","8":"product_cat-komponenten-und-zubehoer","9":"product_cat-wheels-de","11":"first","12":"outofstock","13":"taxable","14":"shipping-taxable","15":"purchasable","16":"product-type-simple"},"acf":[],"yoast_head":"<!-- This site is optimized with the Yoast SEO plugin v27.3 - https:\/\/yoast.com\/product\/yoast-seo-wordpress\/ -->\n<title>PIRELLI SCORPION E-MTB 27.5 x 2.6 REIFEN - Thok<\/title>\n<meta name=\"description\" content=\"Der Pirelli Scoprion E-mtb S ist ein eMTB - Enduro Reifen. Er ist ein robuster Reifen, der f\u00fcr anspruchsvolle Trails geeignet ist, auch bei unebenem Boden, wo Traktion erforderlich ist. Das Profil mit seinen hohen Profilbl\u00f6cken garantiert Grip auch in Kurven, bergab und auf nasser Fahrbahn. Sehr robuste Gravity-Smartgrip-Karkasse. Schlauchlos fahrbar.\" \/>\n<meta name=\"robots\" content=\"index, follow, max-snippet:-1, max-image-preview:large, max-video-preview:-1\" \/>\n<link rel=\"canonical\" href=\"https:\/\/www.thokbikes.com\/de\/negozio\/komponenten-und-zubehoer\/wheels-de\/pirelli-scorpion-e-mtb-reifen-27-5x2-6\/\" \/>\n<meta property=\"og:locale\" content=\"de_DE\" \/>\n<meta property=\"og:type\" content=\"article\" \/>\n<meta property=\"og:title\" content=\"PIRELLI SCORPION E-MTB 27.5 x 2.6 REIFEN - Thok\" \/>\n<meta property=\"og:description\" content=\"Der Pirelli Scoprion E-mtb S ist ein eMTB - Enduro Reifen. Er ist ein robuster Reifen, der f\u00fcr anspruchsvolle Trails geeignet ist, auch bei unebenem Boden, wo Traktion erforderlich ist. Das Profil mit seinen hohen Profilbl\u00f6cken garantiert Grip auch in Kurven, bergab und auf nasser Fahrbahn. Sehr robuste Gravity-Smartgrip-Karkasse. Schlauchlos fahrbar.\" \/>\n<meta property=\"og:url\" content=\"https:\/\/www.thokbikes.com\/de\/negozio\/komponenten-und-zubehoer\/wheels-de\/pirelli-scorpion-e-mtb-reifen-27-5x2-6\/\" \/>\n<meta property=\"og:site_name\" content=\"Thok\" \/>\n<meta property=\"article:publisher\" content=\"https:\/\/www.facebook.com\/thokebikes\" \/>\n<meta property=\"article:modified_time\" content=\"2025-07-01T07:53:15+00:00\" \/>\n<meta property=\"og:image\" content=\"https:\/\/www.thokbikes.com\/wp-content\/uploads\/2023\/11\/PIRELLI-SCORPION-S-EMTB-29-jpg.webp\" \/>\n\t<meta property=\"og:image:width\" content=\"1920\" \/>\n\t<meta property=\"og:image:height\" content=\"1920\" \/>\n\t<meta property=\"og:image:type\" content=\"image\/jpeg\" \/>\n<meta name=\"twitter:card\" content=\"summary_large_image\" \/>\n<meta name=\"twitter:label1\" content=\"Est. reading time\" \/>\n\t<meta name=\"twitter:data1\" content=\"1 minute\" \/>\n<script type=\"application\/ld+json\" class=\"yoast-schema-graph\">{\"@context\":\"https:\\\/\\\/schema.org\",\"@graph\":[{\"@type\":\"WebPage\",\"@id\":\"https:\\\/\\\/www.thokbikes.com\\\/de\\\/negozio\\\/komponenten-und-zubehoer\\\/wheels-de\\\/pirelli-scorpion-e-mtb-reifen-27-5x2-6\\\/\",\"url\":\"https:\\\/\\\/www.thokbikes.com\\\/de\\\/negozio\\\/komponenten-und-zubehoer\\\/wheels-de\\\/pirelli-scorpion-e-mtb-reifen-27-5x2-6\\\/\",\"name\":\"PIRELLI SCORPION E-MTB 27.5 x 2.6 REIFEN - Thok\",\"isPartOf\":{\"@id\":\"https:\\\/\\\/www.thokbikes.com\\\/de\\\/#website\"},\"primaryImageOfPage\":{\"@id\":\"https:\\\/\\\/www.thokbikes.com\\\/de\\\/negozio\\\/komponenten-und-zubehoer\\\/wheels-de\\\/pirelli-scorpion-e-mtb-reifen-27-5x2-6\\\/#primaryimage\"},\"image\":{\"@id\":\"https:\\\/\\\/www.thokbikes.com\\\/de\\\/negozio\\\/komponenten-und-zubehoer\\\/wheels-de\\\/pirelli-scorpion-e-mtb-reifen-27-5x2-6\\\/#primaryimage\"},\"thumbnailUrl\":\"https:\\\/\\\/www.thokbikes.com\\\/wp-content\\\/uploads\\\/2023\\\/11\\\/PIRELLI-SCORPION-S-EMTB-29-jpg.webp\",\"datePublished\":\"2024-07-30T04:12:55+00:00\",\"dateModified\":\"2025-07-01T07:53:15+00:00\",\"description\":\"Der Pirelli Scoprion E-mtb S ist ein eMTB - Enduro Reifen. Er ist ein robuster Reifen, der f\u00fcr anspruchsvolle Trails geeignet ist, auch bei unebenem Boden, wo Traktion erforderlich ist. Das Profil mit seinen hohen Profilbl\u00f6cken garantiert Grip auch in Kurven, bergab und auf nasser Fahrbahn. Sehr robuste Gravity-Smartgrip-Karkasse. Schlauchlos fahrbar.\",\"breadcrumb\":{\"@id\":\"https:\\\/\\\/www.thokbikes.com\\\/de\\\/negozio\\\/komponenten-und-zubehoer\\\/wheels-de\\\/pirelli-scorpion-e-mtb-reifen-27-5x2-6\\\/#breadcrumb\"},\"inLanguage\":\"de-DE\",\"potentialAction\":[{\"@type\":\"ReadAction\",\"target\":[\"https:\\\/\\\/www.thokbikes.com\\\/de\\\/negozio\\\/komponenten-und-zubehoer\\\/wheels-de\\\/pirelli-scorpion-e-mtb-reifen-27-5x2-6\\\/\"]}]},{\"@type\":\"ImageObject\",\"inLanguage\":\"de-DE\",\"@id\":\"https:\\\/\\\/www.thokbikes.com\\\/de\\\/negozio\\\/komponenten-und-zubehoer\\\/wheels-de\\\/pirelli-scorpion-e-mtb-reifen-27-5x2-6\\\/#primaryimage\",\"url\":\"https:\\\/\\\/www.thokbikes.com\\\/wp-content\\\/uploads\\\/2023\\\/11\\\/PIRELLI-SCORPION-S-EMTB-29-jpg.webp\",\"contentUrl\":\"https:\\\/\\\/www.thokbikes.com\\\/wp-content\\\/uploads\\\/2023\\\/11\\\/PIRELLI-SCORPION-S-EMTB-29-jpg.webp\",\"width\":1920,\"height\":1920},{\"@type\":\"BreadcrumbList\",\"@id\":\"https:\\\/\\\/www.thokbikes.com\\\/de\\\/negozio\\\/komponenten-und-zubehoer\\\/wheels-de\\\/pirelli-scorpion-e-mtb-reifen-27-5x2-6\\\/#breadcrumb\",\"itemListElement\":[{\"@type\":\"ListItem\",\"position\":1,\"name\":\"Home\",\"item\":\"https:\\\/\\\/www.thokbikes.com\\\/de\\\/\"},{\"@type\":\"ListItem\",\"position\":2,\"name\":\"Shop\",\"item\":\"https:\\\/\\\/www.thokbikes.com\\\/negozio\\\/\"},{\"@type\":\"ListItem\",\"position\":3,\"name\":\"PIRELLI SCORPION E-MTB 27.5 x 2.6 REIFEN\"}]},{\"@type\":\"WebSite\",\"@id\":\"https:\\\/\\\/www.thokbikes.com\\\/de\\\/#website\",\"url\":\"https:\\\/\\\/www.thokbikes.com\\\/de\\\/\",\"name\":\"Thok E-bikes\",\"description\":\"\",\"publisher\":{\"@id\":\"https:\\\/\\\/www.thokbikes.com\\\/de\\\/#organization\"},\"potentialAction\":[{\"@type\":\"SearchAction\",\"target\":{\"@type\":\"EntryPoint\",\"urlTemplate\":\"https:\\\/\\\/www.thokbikes.com\\\/de\\\/?s={search_term_string}\"},\"query-input\":{\"@type\":\"PropertyValueSpecification\",\"valueRequired\":true,\"valueName\":\"search_term_string\"}}],\"inLanguage\":\"de-DE\"},{\"@type\":\"Organization\",\"@id\":\"https:\\\/\\\/www.thokbikes.com\\\/de\\\/#organization\",\"name\":\"Thok E-bikes\",\"url\":\"https:\\\/\\\/www.thokbikes.com\\\/de\\\/\",\"logo\":{\"@type\":\"ImageObject\",\"inLanguage\":\"de-DE\",\"@id\":\"https:\\\/\\\/www.thokbikes.com\\\/de\\\/#\\\/schema\\\/logo\\\/image\\\/\",\"url\":\"https:\\\/\\\/www.thokbikes.com\\\/wp-content\\\/uploads\\\/2025\\\/11\\\/logo-thok-white.png\",\"contentUrl\":\"https:\\\/\\\/www.thokbikes.com\\\/wp-content\\\/uploads\\\/2025\\\/11\\\/logo-thok-white.png\",\"width\":1920,\"height\":281,\"caption\":\"Thok E-bikes\"},\"image\":{\"@id\":\"https:\\\/\\\/www.thokbikes.com\\\/de\\\/#\\\/schema\\\/logo\\\/image\\\/\"},\"sameAs\":[\"https:\\\/\\\/www.facebook.com\\\/thokebikes\",\"https:\\\/\\\/www.instagram.com\\\/thok_ebikes\\\/\",\"https:\\\/\\\/www.youtube.com\\\/channel\\\/UC-yfWNxPCJvVdRymE7tA8Ww\"]}]}<\/script>\n<!-- \/ Yoast SEO plugin. -->","yoast_head_json":{"title":"PIRELLI SCORPION E-MTB 27.5 x 2.6 REIFEN - Thok","description":"Der Pirelli Scoprion E-mtb S ist ein eMTB - Enduro Reifen. Er ist ein robuster Reifen, der f\u00fcr anspruchsvolle Trails geeignet ist, auch bei unebenem Boden, wo Traktion erforderlich ist. Das Profil mit seinen hohen Profilbl\u00f6cken garantiert Grip auch in Kurven, bergab und auf nasser Fahrbahn. Sehr robuste Gravity-Smartgrip-Karkasse. Schlauchlos fahrbar.","robots":{"index":"index","follow":"follow","max-snippet":"max-snippet:-1","max-image-preview":"max-image-preview:large","max-video-preview":"max-video-preview:-1"},"canonical":"https:\/\/www.thokbikes.com\/de\/negozio\/komponenten-und-zubehoer\/wheels-de\/pirelli-scorpion-e-mtb-reifen-27-5x2-6\/","og_locale":"de_DE","og_type":"article","og_title":"PIRELLI SCORPION E-MTB 27.5 x 2.6 REIFEN - Thok","og_description":"Der Pirelli Scoprion E-mtb S ist ein eMTB - Enduro Reifen. Er ist ein robuster Reifen, der f\u00fcr anspruchsvolle Trails geeignet ist, auch bei unebenem Boden, wo Traktion erforderlich ist. Das Profil mit seinen hohen Profilbl\u00f6cken garantiert Grip auch in Kurven, bergab und auf nasser Fahrbahn. Sehr robuste Gravity-Smartgrip-Karkasse. Schlauchlos fahrbar.","og_url":"https:\/\/www.thokbikes.com\/de\/negozio\/komponenten-und-zubehoer\/wheels-de\/pirelli-scorpion-e-mtb-reifen-27-5x2-6\/","og_site_name":"Thok","article_publisher":"https:\/\/www.facebook.com\/thokebikes","article_modified_time":"2025-07-01T07:53:15+00:00","og_image":[{"width":1920,"height":1920,"url":"https:\/\/www.thokbikes.com\/wp-content\/uploads\/2023\/11\/PIRELLI-SCORPION-S-EMTB-29-jpg.webp","type":"image\/jpeg"}],"twitter_card":"summary_large_image","twitter_misc":{"Est. reading time":"1 minute"},"schema":{"@context":"https:\/\/schema.org","@graph":[{"@type":"WebPage","@id":"https:\/\/www.thokbikes.com\/de\/negozio\/komponenten-und-zubehoer\/wheels-de\/pirelli-scorpion-e-mtb-reifen-27-5x2-6\/","url":"https:\/\/www.thokbikes.com\/de\/negozio\/komponenten-und-zubehoer\/wheels-de\/pirelli-scorpion-e-mtb-reifen-27-5x2-6\/","name":"PIRELLI SCORPION E-MTB 27.5 x 2.6 REIFEN - Thok","isPartOf":{"@id":"https:\/\/www.thokbikes.com\/de\/#website"},"primaryImageOfPage":{"@id":"https:\/\/www.thokbikes.com\/de\/negozio\/komponenten-und-zubehoer\/wheels-de\/pirelli-scorpion-e-mtb-reifen-27-5x2-6\/#primaryimage"},"image":{"@id":"https:\/\/www.thokbikes.com\/de\/negozio\/komponenten-und-zubehoer\/wheels-de\/pirelli-scorpion-e-mtb-reifen-27-5x2-6\/#primaryimage"},"thumbnailUrl":"https:\/\/www.thokbikes.com\/wp-content\/uploads\/2023\/11\/PIRELLI-SCORPION-S-EMTB-29-jpg.webp","datePublished":"2024-07-30T04:12:55+00:00","dateModified":"2025-07-01T07:53:15+00:00","description":"Der Pirelli Scoprion E-mtb S ist ein eMTB - Enduro Reifen. Er ist ein robuster Reifen, der f\u00fcr anspruchsvolle Trails geeignet ist, auch bei unebenem Boden, wo Traktion erforderlich ist. Das Profil mit seinen hohen Profilbl\u00f6cken garantiert Grip auch in Kurven, bergab und auf nasser Fahrbahn. Sehr robuste Gravity-Smartgrip-Karkasse. Schlauchlos fahrbar.","breadcrumb":{"@id":"https:\/\/www.thokbikes.com\/de\/negozio\/komponenten-und-zubehoer\/wheels-de\/pirelli-scorpion-e-mtb-reifen-27-5x2-6\/#breadcrumb"},"inLanguage":"de-DE","potentialAction":[{"@type":"ReadAction","target":["https:\/\/www.thokbikes.com\/de\/negozio\/komponenten-und-zubehoer\/wheels-de\/pirelli-scorpion-e-mtb-reifen-27-5x2-6\/"]}]},{"@type":"ImageObject","inLanguage":"de-DE","@id":"https:\/\/www.thokbikes.com\/de\/negozio\/komponenten-und-zubehoer\/wheels-de\/pirelli-scorpion-e-mtb-reifen-27-5x2-6\/#primaryimage","url":"https:\/\/www.thokbikes.com\/wp-content\/uploads\/2023\/11\/PIRELLI-SCORPION-S-EMTB-29-jpg.webp","contentUrl":"https:\/\/www.thokbikes.com\/wp-content\/uploads\/2023\/11\/PIRELLI-SCORPION-S-EMTB-29-jpg.webp","width":1920,"height":1920},{"@type":"BreadcrumbList","@id":"https:\/\/www.thokbikes.com\/de\/negozio\/komponenten-und-zubehoer\/wheels-de\/pirelli-scorpion-e-mtb-reifen-27-5x2-6\/#breadcrumb","itemListElement":[{"@type":"ListItem","position":1,"name":"Home","item":"https:\/\/www.thokbikes.com\/de\/"},{"@type":"ListItem","position":2,"name":"Shop","item":"https:\/\/www.thokbikes.com\/negozio\/"},{"@type":"ListItem","position":3,"name":"PIRELLI SCORPION E-MTB 27.5 x 2.6 REIFEN"}]},{"@type":"WebSite","@id":"https:\/\/www.thokbikes.com\/de\/#website","url":"https:\/\/www.thokbikes.com\/de\/","name":"Thok E-bikes","description":"","publisher":{"@id":"https:\/\/www.thokbikes.com\/de\/#organization"},"potentialAction":[{"@type":"SearchAction","target":{"@type":"EntryPoint","urlTemplate":"https:\/\/www.thokbikes.com\/de\/?s={search_term_string}"},"query-input":{"@type":"PropertyValueSpecification","valueRequired":true,"valueName":"search_term_string"}}],"inLanguage":"de-DE"},{"@type":"Organization","@id":"https:\/\/www.thokbikes.com\/de\/#organization","name":"Thok E-bikes","url":"https:\/\/www.thokbikes.com\/de\/","logo":{"@type":"ImageObject","inLanguage":"de-DE","@id":"https:\/\/www.thokbikes.com\/de\/#\/schema\/logo\/image\/","url":"https:\/\/www.thokbikes.com\/wp-content\/uploads\/2025\/11\/logo-thok-white.png","contentUrl":"https:\/\/www.thokbikes.com\/wp-content\/uploads\/2025\/11\/logo-thok-white.png","width":1920,"height":281,"caption":"Thok E-bikes"},"image":{"@id":"https:\/\/www.thokbikes.com\/de\/#\/schema\/logo\/image\/"},"sameAs":["https:\/\/www.facebook.com\/thokebikes","https:\/\/www.instagram.com\/thok_ebikes\/","https:\/\/www.youtube.com\/channel\/UC-yfWNxPCJvVdRymE7tA8Ww"]}]}},"_links":{"self":[{"href":"https:\/\/www.thokbikes.com\/de\/wp-json\/wp\/v2\/product\/18821","targetHints":{"allow":["GET"]}}],"collection":[{"href":"https:\/\/www.thokbikes.com\/de\/wp-json\/wp\/v2\/product"}],"about":[{"href":"https:\/\/www.thokbikes.com\/de\/wp-json\/wp\/v2\/types\/product"}],"replies":[{"embeddable":true,"href":"https:\/\/www.thokbikes.com\/de\/wp-json\/wp\/v2\/comments?post=18821"}],"wp:featuredmedia":[{"embeddable":true,"href":"https:\/\/www.thokbikes.com\/de\/wp-json\/wp\/v2\/media\/4783"}],"wp:attachment":[{"href":"https:\/\/www.thokbikes.com\/de\/wp-json\/wp\/v2\/media?parent=18821"}],"wp:term":[{"taxonomy":"product_brand","embeddable":true,"href":"https:\/\/www.thokbikes.com\/de\/wp-json\/wp\/v2\/product_brand?post=18821"},{"taxonomy":"product_cat","embeddable":true,"href":"https:\/\/www.thokbikes.com\/de\/wp-json\/wp\/v2\/product_cat?post=18821"},{"taxonomy":"product_tag","embeddable":true,"href":"https:\/\/www.thokbikes.com\/de\/wp-json\/wp\/v2\/product_tag?post=18821"}],"curies":[{"name":"wp","href":"https:\/\/api.w.org\/{rel}","templated":true}]}}