{"id":23294,"date":"2023-11-13T11:45:12","date_gmt":"2023-11-13T10:45:12","guid":{"rendered":"https:\/\/www.thokbikes.com\/?post_type=product&#038;p=23294"},"modified":"2025-11-03T10:10:32","modified_gmt":"2025-11-03T09:10:32","slug":"novatec-mozzo-posteriore","status":"publish","type":"product","link":"https:\/\/www.thokbikes.com\/de\/negozio\/komponenten-und-zubehoer\/wheels-de\/novatec-mozzo-posteriore\/","title":{"rendered":"NOVATEC HINTERRADNABE"},"content":{"rendered":"<div class=\"flex max-w-full flex-col flex-grow\">\n<div class=\"min-h-8 text-message flex w-full flex-col items-end gap-2 whitespace-normal break-words text-start [.text-message+&amp;]:mt-5\" dir=\"auto\" data-message-author-role=\"assistant\" data-message-id=\"0c4ebec6-6c70-4268-8d18-271bc3e7e54e\" data-message-model-slug=\"gpt-4o-mini\">\n<div class=\"flex w-full flex-col gap-1 empty:hidden first:pt-[3px]\">\n<div class=\"markdown prose w-full break-words dark:prose-invert light\">\n<p>NOVATEC Hinterradnabe D462SB-SL-B12\/A-S5S-11S 32h Shimano 11v schwarz<\/p>\n<ul>\n<li>32 L\u00f6cher<\/li>\n<li>Versiegelte japanische Lager<\/li>\n<li>Durchmesser-Achse 12\/148mm Boost<\/li>\n<li>Verst\u00e4rkter Stahlfreilaufk\u00f6rper f\u00fcr Shimano 8-11v<\/li>\n<li>6-Loch IS Scheibenbremsenmontage<\/li>\n<li>Flanschabstand 62,5 mm<\/li>\n<li>Verst\u00e4rkt f\u00fcr E-Bike-Nutzung<\/li>\n<li>Gewicht 450g<\/li>\n<\/ul>\n<\/div>\n<\/div>\n<\/div>\n<\/div>\n<div class=\"mb-2 flex gap-3 empty:hidden -ml-2\"><\/div>\n","protected":false},"excerpt":{"rendered":"<p>NOVATEC Hinterradnabe D462SB-SL-B12\/A-S5S-11S 32h Shimano 11v schwarz 32 L\u00f6cher Versiegelte japanische Lager Durchmesser-Achse 12\/148mm Boost Verst\u00e4rkter Stahlfreilaufk\u00f6rper f\u00fcr Shimano 8-11v 6-Loch IS Scheibenbremsenmontage Flanschabstand 62,5 mm Verst\u00e4rkt f\u00fcr E-Bike-Nutzung Gewicht 450g<\/p>\n","protected":false},"featured_media":23214,"comment_status":"closed","ping_status":"closed","template":"","meta":{"_acf_changed":false},"product_brand":[],"product_cat":[124,135,177,181,127,185],"product_tag":[],"class_list":{"0":"post-23294","1":"product","2":"type-product","3":"status-publish","4":"has-post-thumbnail","6":"product_cat-komponenten-und-zubehoer","7":"product_cat-wheels-de","8":"product_cat-all-mountain-de","9":"product_cat-e-suv-de","10":"product_cat-enduro-de","11":"product_cat-hardtail-de","13":"first","14":"instock","15":"taxable","16":"shipping-taxable","17":"purchasable","18":"product-type-simple"},"acf":[],"yoast_head":"<!-- This site is optimized with the Yoast SEO plugin v27.1.1 - https:\/\/yoast.com\/product\/yoast-seo-wordpress\/ -->\n<title>NOVATEC HINTERRADNABE - Thok<\/title>\n<meta name=\"description\" content=\"NOVATEC Hinterradnabe, hohe Qualit\u00e4t und Pr\u00e4zision. Verst\u00e4rkt f\u00fcr den Einsatz an E-Bikes.\" \/>\n<meta name=\"robots\" content=\"index, follow, max-snippet:-1, max-image-preview:large, max-video-preview:-1\" \/>\n<link rel=\"canonical\" href=\"https:\/\/www.thokbikes.com\/de\/negozio\/komponenten-und-zubehoer\/wheels-de\/novatec-mozzo-posteriore\/\" \/>\n<meta property=\"og:locale\" content=\"de_DE\" \/>\n<meta property=\"og:type\" content=\"article\" \/>\n<meta property=\"og:title\" content=\"NOVATEC HINTERRADNABE - Thok\" \/>\n<meta property=\"og:description\" content=\"NOVATEC Hinterradnabe, hohe Qualit\u00e4t und Pr\u00e4zision. Verst\u00e4rkt f\u00fcr den Einsatz an E-Bikes.\" \/>\n<meta property=\"og:url\" content=\"https:\/\/www.thokbikes.com\/de\/negozio\/komponenten-und-zubehoer\/wheels-de\/novatec-mozzo-posteriore\/\" \/>\n<meta property=\"og:site_name\" content=\"Thok\" \/>\n<meta property=\"article:publisher\" content=\"https:\/\/www.facebook.com\/thokebikes\" \/>\n<meta property=\"article:modified_time\" content=\"2025-11-03T09:10:32+00:00\" \/>\n<meta property=\"og:image\" content=\"https:\/\/www.thokbikes.com\/wp-content\/uploads\/2024\/12\/Shop-NOVATEC-REAR-HUB.jpg\" \/>\n\t<meta property=\"og:image:width\" content=\"1900\" \/>\n\t<meta property=\"og:image:height\" content=\"1900\" \/>\n\t<meta property=\"og:image:type\" content=\"image\/jpeg\" \/>\n<meta name=\"twitter:card\" content=\"summary_large_image\" \/>\n<meta name=\"twitter:label1\" content=\"Est. reading time\" \/>\n\t<meta name=\"twitter:data1\" content=\"1 minute\" \/>\n<script type=\"application\/ld+json\" class=\"yoast-schema-graph\">{\"@context\":\"https:\/\/schema.org\",\"@graph\":[{\"@type\":\"WebPage\",\"@id\":\"https:\/\/www.thokbikes.com\/de\/negozio\/komponenten-und-zubehoer\/wheels-de\/novatec-mozzo-posteriore\/\",\"url\":\"https:\/\/www.thokbikes.com\/de\/negozio\/komponenten-und-zubehoer\/wheels-de\/novatec-mozzo-posteriore\/\",\"name\":\"NOVATEC HINTERRADNABE - Thok\",\"isPartOf\":{\"@id\":\"https:\/\/www.thokbikes.com\/de\/#website\"},\"primaryImageOfPage\":{\"@id\":\"https:\/\/www.thokbikes.com\/de\/negozio\/komponenten-und-zubehoer\/wheels-de\/novatec-mozzo-posteriore\/#primaryimage\"},\"image\":{\"@id\":\"https:\/\/www.thokbikes.com\/de\/negozio\/komponenten-und-zubehoer\/wheels-de\/novatec-mozzo-posteriore\/#primaryimage\"},\"thumbnailUrl\":\"https:\/\/www.thokbikes.com\/wp-content\/uploads\/2024\/12\/Shop-NOVATEC-REAR-HUB.jpg\",\"datePublished\":\"2023-11-13T10:45:12+00:00\",\"dateModified\":\"2025-11-03T09:10:32+00:00\",\"description\":\"NOVATEC Hinterradnabe, hohe Qualit\u00e4t und Pr\u00e4zision. Verst\u00e4rkt f\u00fcr den Einsatz an E-Bikes.\",\"breadcrumb\":{\"@id\":\"https:\/\/www.thokbikes.com\/de\/negozio\/komponenten-und-zubehoer\/wheels-de\/novatec-mozzo-posteriore\/#breadcrumb\"},\"inLanguage\":\"de-DE\",\"potentialAction\":[{\"@type\":\"ReadAction\",\"target\":[\"https:\/\/www.thokbikes.com\/de\/negozio\/komponenten-und-zubehoer\/wheels-de\/novatec-mozzo-posteriore\/\"]}]},{\"@type\":\"ImageObject\",\"inLanguage\":\"de-DE\",\"@id\":\"https:\/\/www.thokbikes.com\/de\/negozio\/komponenten-und-zubehoer\/wheels-de\/novatec-mozzo-posteriore\/#primaryimage\",\"url\":\"https:\/\/www.thokbikes.com\/wp-content\/uploads\/2024\/12\/Shop-NOVATEC-REAR-HUB.jpg\",\"contentUrl\":\"https:\/\/www.thokbikes.com\/wp-content\/uploads\/2024\/12\/Shop-NOVATEC-REAR-HUB.jpg\",\"width\":1900,\"height\":1900},{\"@type\":\"BreadcrumbList\",\"@id\":\"https:\/\/www.thokbikes.com\/de\/negozio\/komponenten-und-zubehoer\/wheels-de\/novatec-mozzo-posteriore\/#breadcrumb\",\"itemListElement\":[{\"@type\":\"ListItem\",\"position\":1,\"name\":\"Home\",\"item\":\"https:\/\/www.thokbikes.com\/de\/\"},{\"@type\":\"ListItem\",\"position\":2,\"name\":\"Shop\",\"item\":\"https:\/\/www.thokbikes.com\/negozio\/\"},{\"@type\":\"ListItem\",\"position\":3,\"name\":\"NOVATEC HINTERRADNABE\"}]},{\"@type\":\"WebSite\",\"@id\":\"https:\/\/www.thokbikes.com\/de\/#website\",\"url\":\"https:\/\/www.thokbikes.com\/de\/\",\"name\":\"Thok E-bikes\",\"description\":\"\",\"publisher\":{\"@id\":\"https:\/\/www.thokbikes.com\/de\/#organization\"},\"potentialAction\":[{\"@type\":\"SearchAction\",\"target\":{\"@type\":\"EntryPoint\",\"urlTemplate\":\"https:\/\/www.thokbikes.com\/de\/?s={search_term_string}\"},\"query-input\":{\"@type\":\"PropertyValueSpecification\",\"valueRequired\":true,\"valueName\":\"search_term_string\"}}],\"inLanguage\":\"de-DE\"},{\"@type\":\"Organization\",\"@id\":\"https:\/\/www.thokbikes.com\/de\/#organization\",\"name\":\"Thok E-bikes\",\"url\":\"https:\/\/www.thokbikes.com\/de\/\",\"logo\":{\"@type\":\"ImageObject\",\"inLanguage\":\"de-DE\",\"@id\":\"https:\/\/www.thokbikes.com\/de\/#\/schema\/logo\/image\/\",\"url\":\"https:\/\/www.thokbikes.com\/wp-content\/uploads\/2025\/11\/logo-thok-white.png\",\"contentUrl\":\"https:\/\/www.thokbikes.com\/wp-content\/uploads\/2025\/11\/logo-thok-white.png\",\"width\":1920,\"height\":281,\"caption\":\"Thok E-bikes\"},\"image\":{\"@id\":\"https:\/\/www.thokbikes.com\/de\/#\/schema\/logo\/image\/\"},\"sameAs\":[\"https:\/\/www.facebook.com\/thokebikes\",\"https:\/\/www.instagram.com\/thok_ebikes\/\",\"https:\/\/www.youtube.com\/channel\/UC-yfWNxPCJvVdRymE7tA8Ww\"]}]}<\/script>\n<!-- \/ Yoast SEO plugin. -->","yoast_head_json":{"title":"NOVATEC HINTERRADNABE - Thok","description":"NOVATEC Hinterradnabe, hohe Qualit\u00e4t und Pr\u00e4zision. Verst\u00e4rkt f\u00fcr den Einsatz an E-Bikes.","robots":{"index":"index","follow":"follow","max-snippet":"max-snippet:-1","max-image-preview":"max-image-preview:large","max-video-preview":"max-video-preview:-1"},"canonical":"https:\/\/www.thokbikes.com\/de\/negozio\/komponenten-und-zubehoer\/wheels-de\/novatec-mozzo-posteriore\/","og_locale":"de_DE","og_type":"article","og_title":"NOVATEC HINTERRADNABE - Thok","og_description":"NOVATEC Hinterradnabe, hohe Qualit\u00e4t und Pr\u00e4zision. Verst\u00e4rkt f\u00fcr den Einsatz an E-Bikes.","og_url":"https:\/\/www.thokbikes.com\/de\/negozio\/komponenten-und-zubehoer\/wheels-de\/novatec-mozzo-posteriore\/","og_site_name":"Thok","article_publisher":"https:\/\/www.facebook.com\/thokebikes","article_modified_time":"2025-11-03T09:10:32+00:00","og_image":[{"width":1900,"height":1900,"url":"https:\/\/www.thokbikes.com\/wp-content\/uploads\/2024\/12\/Shop-NOVATEC-REAR-HUB.jpg","type":"image\/jpeg"}],"twitter_card":"summary_large_image","twitter_misc":{"Est. reading time":"1 minute"},"schema":{"@context":"https:\/\/schema.org","@graph":[{"@type":"WebPage","@id":"https:\/\/www.thokbikes.com\/de\/negozio\/komponenten-und-zubehoer\/wheels-de\/novatec-mozzo-posteriore\/","url":"https:\/\/www.thokbikes.com\/de\/negozio\/komponenten-und-zubehoer\/wheels-de\/novatec-mozzo-posteriore\/","name":"NOVATEC HINTERRADNABE - Thok","isPartOf":{"@id":"https:\/\/www.thokbikes.com\/de\/#website"},"primaryImageOfPage":{"@id":"https:\/\/www.thokbikes.com\/de\/negozio\/komponenten-und-zubehoer\/wheels-de\/novatec-mozzo-posteriore\/#primaryimage"},"image":{"@id":"https:\/\/www.thokbikes.com\/de\/negozio\/komponenten-und-zubehoer\/wheels-de\/novatec-mozzo-posteriore\/#primaryimage"},"thumbnailUrl":"https:\/\/www.thokbikes.com\/wp-content\/uploads\/2024\/12\/Shop-NOVATEC-REAR-HUB.jpg","datePublished":"2023-11-13T10:45:12+00:00","dateModified":"2025-11-03T09:10:32+00:00","description":"NOVATEC Hinterradnabe, hohe Qualit\u00e4t und Pr\u00e4zision. Verst\u00e4rkt f\u00fcr den Einsatz an E-Bikes.","breadcrumb":{"@id":"https:\/\/www.thokbikes.com\/de\/negozio\/komponenten-und-zubehoer\/wheels-de\/novatec-mozzo-posteriore\/#breadcrumb"},"inLanguage":"de-DE","potentialAction":[{"@type":"ReadAction","target":["https:\/\/www.thokbikes.com\/de\/negozio\/komponenten-und-zubehoer\/wheels-de\/novatec-mozzo-posteriore\/"]}]},{"@type":"ImageObject","inLanguage":"de-DE","@id":"https:\/\/www.thokbikes.com\/de\/negozio\/komponenten-und-zubehoer\/wheels-de\/novatec-mozzo-posteriore\/#primaryimage","url":"https:\/\/www.thokbikes.com\/wp-content\/uploads\/2024\/12\/Shop-NOVATEC-REAR-HUB.jpg","contentUrl":"https:\/\/www.thokbikes.com\/wp-content\/uploads\/2024\/12\/Shop-NOVATEC-REAR-HUB.jpg","width":1900,"height":1900},{"@type":"BreadcrumbList","@id":"https:\/\/www.thokbikes.com\/de\/negozio\/komponenten-und-zubehoer\/wheels-de\/novatec-mozzo-posteriore\/#breadcrumb","itemListElement":[{"@type":"ListItem","position":1,"name":"Home","item":"https:\/\/www.thokbikes.com\/de\/"},{"@type":"ListItem","position":2,"name":"Shop","item":"https:\/\/www.thokbikes.com\/negozio\/"},{"@type":"ListItem","position":3,"name":"NOVATEC HINTERRADNABE"}]},{"@type":"WebSite","@id":"https:\/\/www.thokbikes.com\/de\/#website","url":"https:\/\/www.thokbikes.com\/de\/","name":"Thok E-bikes","description":"","publisher":{"@id":"https:\/\/www.thokbikes.com\/de\/#organization"},"potentialAction":[{"@type":"SearchAction","target":{"@type":"EntryPoint","urlTemplate":"https:\/\/www.thokbikes.com\/de\/?s={search_term_string}"},"query-input":{"@type":"PropertyValueSpecification","valueRequired":true,"valueName":"search_term_string"}}],"inLanguage":"de-DE"},{"@type":"Organization","@id":"https:\/\/www.thokbikes.com\/de\/#organization","name":"Thok E-bikes","url":"https:\/\/www.thokbikes.com\/de\/","logo":{"@type":"ImageObject","inLanguage":"de-DE","@id":"https:\/\/www.thokbikes.com\/de\/#\/schema\/logo\/image\/","url":"https:\/\/www.thokbikes.com\/wp-content\/uploads\/2025\/11\/logo-thok-white.png","contentUrl":"https:\/\/www.thokbikes.com\/wp-content\/uploads\/2025\/11\/logo-thok-white.png","width":1920,"height":281,"caption":"Thok E-bikes"},"image":{"@id":"https:\/\/www.thokbikes.com\/de\/#\/schema\/logo\/image\/"},"sameAs":["https:\/\/www.facebook.com\/thokebikes","https:\/\/www.instagram.com\/thok_ebikes\/","https:\/\/www.youtube.com\/channel\/UC-yfWNxPCJvVdRymE7tA8Ww"]}]}},"_links":{"self":[{"href":"https:\/\/www.thokbikes.com\/de\/wp-json\/wp\/v2\/product\/23294","targetHints":{"allow":["GET"]}}],"collection":[{"href":"https:\/\/www.thokbikes.com\/de\/wp-json\/wp\/v2\/product"}],"about":[{"href":"https:\/\/www.thokbikes.com\/de\/wp-json\/wp\/v2\/types\/product"}],"replies":[{"embeddable":true,"href":"https:\/\/www.thokbikes.com\/de\/wp-json\/wp\/v2\/comments?post=23294"}],"wp:featuredmedia":[{"embeddable":true,"href":"https:\/\/www.thokbikes.com\/de\/wp-json\/wp\/v2\/media\/23214"}],"wp:attachment":[{"href":"https:\/\/www.thokbikes.com\/de\/wp-json\/wp\/v2\/media?parent=23294"}],"wp:term":[{"taxonomy":"product_brand","embeddable":true,"href":"https:\/\/www.thokbikes.com\/de\/wp-json\/wp\/v2\/product_brand?post=23294"},{"taxonomy":"product_cat","embeddable":true,"href":"https:\/\/www.thokbikes.com\/de\/wp-json\/wp\/v2\/product_cat?post=23294"},{"taxonomy":"product_tag","embeddable":true,"href":"https:\/\/www.thokbikes.com\/de\/wp-json\/wp\/v2\/product_tag?post=23294"}],"curies":[{"name":"wp","href":"https:\/\/api.w.org\/{rel}","templated":true}]}}