{"id":23307,"date":"2023-11-13T11:45:28","date_gmt":"2023-11-13T10:45:28","guid":{"rendered":"https:\/\/www.thokbikes.com\/?post_type=product&#038;p=23307"},"modified":"2024-12-19T15:34:31","modified_gmt":"2024-12-19T14:34:31","slug":"wtb-felge-kom-tough-i35-27-5-32h-b","status":"publish","type":"product","link":"https:\/\/www.thokbikes.com\/de\/negozio\/komponenten-und-zubehoer\/wheels-de\/wtb-felge-kom-tough-i35-27-5-32h-b\/","title":{"rendered":"WTB FELGE KOM TOUGH I35 27.5&#8221; 32H B"},"content":{"rendered":"<p>Die <strong>KOM Tough Felgen<\/strong> sind daf\u00fcr konzipiert, die anspruchsvollsten Herausforderungen zu meistern. Diese Felgen bestehen aus hochwertiger AL 6069 Legierung und garantieren maximale Haltbarkeit bei vern\u00fcnftigem Gewicht.<\/p>\n<p>Mit den KOM Tough Felgen hast du die Sicherheit und Leistung, die du ben\u00f6tigst, um jeden Trail mit Entschlossenheit und Stil zu bew\u00e4ltigen.<\/p>\n<p>&nbsp;<\/p>\n<p><strong>Verst\u00e4rkte Struktur:<\/strong> Die legend\u00e4re Tr\u00e4gerstruktur von WTB wurde weiterentwickelt, um mehr Widerstand und Steifigkeit zu bieten, dank der doppelten Tr\u00e4gerunterst\u00fctzung, die ideal f\u00fcr aggressivere Fahrer ist.<\/p>\n<p><strong>Enduro getestet:<\/strong> Diese Felgen wurden auf den schwierigsten Strecken der Enduro World Series getestet.<\/p>\n<p><strong>Vielseitige Verwendung:<\/strong> Geeignet f\u00fcr Trail, Enduro und Gravity.<\/p>\n<p><strong>Technische Spezifikationen: <\/strong><\/p>\n<ul>\n<li>Material: Aluminium<\/li>\n<li>Felgengr\u00f6\u00dfe: 27,5&#8221;<\/li>\n<li>Felgenprofil: Symmetrisch<\/li>\n<li>Innere Felgenbreite: 35 mm<\/li>\n<li>Speichenl\u00f6cher: 32<\/li>\n<li>Bremstauglichkeit: Scheibenbremse<\/li>\n<li>Farbe: Schwarz<\/li>\n<li>Geeignete Reifenbreite: 55 &#8211; 72 mm<\/li>\n<li>Felgengewicht: 594 g<\/li>\n<\/ul>\n","protected":false},"excerpt":{"rendered":"<p>Die KOM Tough Felgen sind daf\u00fcr konzipiert, die anspruchsvollsten Herausforderungen zu meistern. Diese Felgen bestehen aus hochwertiger AL 6069 Legierung und garantieren maximale Haltbarkeit bei vern\u00fcnftigem Gewicht. Mit den KOM Tough Felgen hast du die Sicherheit und Leistung, die du ben\u00f6tigst, um jeden Trail mit Entschlossenheit und Stil zu bew\u00e4ltigen. &nbsp; Verst\u00e4rkte Struktur: Die legend\u00e4re [&hellip;]<\/p>\n","protected":false},"featured_media":23260,"comment_status":"closed","ping_status":"closed","template":"","meta":{"_acf_changed":false},"product_brand":[],"product_cat":[177,127,185,124,135],"product_tag":[],"class_list":{"0":"post-23307","1":"product","2":"type-product","3":"status-publish","4":"has-post-thumbnail","6":"product_cat-all-mountain-de","7":"product_cat-enduro-de","8":"product_cat-hardtail-de","9":"product_cat-komponenten-und-zubehoer","10":"product_cat-wheels-de","12":"first","13":"instock","14":"taxable","15":"shipping-taxable","16":"purchasable","17":"product-type-simple"},"acf":[],"yoast_head":"<!-- This site is optimized with the Yoast SEO plugin v27.3 - https:\/\/yoast.com\/product\/yoast-seo-wordpress\/ -->\n<title>WTB FELGE KOM TOUGH I35 27.5&#039;&#039; 32H B - Thok<\/title>\n<meta name=\"description\" content=\"Die KOM Tough Felgen sind daf\u00fcr konzipiert, die anspruchsvollsten Herausforderungen zu meistern. Diese Felgen bestehen aus hochwertiger AL 6069 Legierung und garantieren maximale Haltbarkeit bei vern\u00fcnftigem Gewicht.\" \/>\n<meta name=\"robots\" content=\"index, follow, max-snippet:-1, max-image-preview:large, max-video-preview:-1\" \/>\n<link rel=\"canonical\" href=\"https:\/\/www.thokbikes.com\/de\/negozio\/komponenten-und-zubehoer\/wheels-de\/wtb-felge-kom-tough-i35-27-5-32h-b\/\" \/>\n<meta property=\"og:locale\" content=\"de_DE\" \/>\n<meta property=\"og:type\" content=\"article\" \/>\n<meta property=\"og:title\" content=\"WTB FELGE KOM TOUGH I35 27.5&#039;&#039; 32H B - Thok\" \/>\n<meta property=\"og:description\" content=\"Die KOM Tough Felgen sind daf\u00fcr konzipiert, die anspruchsvollsten Herausforderungen zu meistern. Diese Felgen bestehen aus hochwertiger AL 6069 Legierung und garantieren maximale Haltbarkeit bei vern\u00fcnftigem Gewicht.\" \/>\n<meta property=\"og:url\" content=\"https:\/\/www.thokbikes.com\/de\/negozio\/komponenten-und-zubehoer\/wheels-de\/wtb-felge-kom-tough-i35-27-5-32h-b\/\" \/>\n<meta property=\"og:site_name\" content=\"Thok\" \/>\n<meta property=\"article:publisher\" content=\"https:\/\/www.facebook.com\/thokebikes\" \/>\n<meta property=\"article:modified_time\" content=\"2024-12-19T14:34:31+00:00\" \/>\n<meta property=\"og:image\" content=\"https:\/\/www.thokbikes.com\/wp-content\/uploads\/2024\/12\/Shop-CERCHIO-WTB-1.jpg\" \/>\n\t<meta property=\"og:image:width\" content=\"1900\" \/>\n\t<meta property=\"og:image:height\" content=\"1900\" \/>\n\t<meta property=\"og:image:type\" content=\"image\/jpeg\" \/>\n<meta name=\"twitter:card\" content=\"summary_large_image\" \/>\n<meta name=\"twitter:label1\" content=\"Est. reading time\" \/>\n\t<meta name=\"twitter:data1\" content=\"1 minute\" \/>\n<script type=\"application\/ld+json\" class=\"yoast-schema-graph\">{\"@context\":\"https:\\\/\\\/schema.org\",\"@graph\":[{\"@type\":\"WebPage\",\"@id\":\"https:\\\/\\\/www.thokbikes.com\\\/de\\\/negozio\\\/komponenten-und-zubehoer\\\/wheels-de\\\/wtb-felge-kom-tough-i35-27-5-32h-b\\\/\",\"url\":\"https:\\\/\\\/www.thokbikes.com\\\/de\\\/negozio\\\/komponenten-und-zubehoer\\\/wheels-de\\\/wtb-felge-kom-tough-i35-27-5-32h-b\\\/\",\"name\":\"WTB FELGE KOM TOUGH I35 27.5'' 32H B - Thok\",\"isPartOf\":{\"@id\":\"https:\\\/\\\/www.thokbikes.com\\\/de\\\/#website\"},\"primaryImageOfPage\":{\"@id\":\"https:\\\/\\\/www.thokbikes.com\\\/de\\\/negozio\\\/komponenten-und-zubehoer\\\/wheels-de\\\/wtb-felge-kom-tough-i35-27-5-32h-b\\\/#primaryimage\"},\"image\":{\"@id\":\"https:\\\/\\\/www.thokbikes.com\\\/de\\\/negozio\\\/komponenten-und-zubehoer\\\/wheels-de\\\/wtb-felge-kom-tough-i35-27-5-32h-b\\\/#primaryimage\"},\"thumbnailUrl\":\"https:\\\/\\\/www.thokbikes.com\\\/wp-content\\\/uploads\\\/2024\\\/12\\\/Shop-CERCHIO-WTB-1.jpg\",\"datePublished\":\"2023-11-13T10:45:28+00:00\",\"dateModified\":\"2024-12-19T14:34:31+00:00\",\"description\":\"Die KOM Tough Felgen sind daf\u00fcr konzipiert, die anspruchsvollsten Herausforderungen zu meistern. Diese Felgen bestehen aus hochwertiger AL 6069 Legierung und garantieren maximale Haltbarkeit bei vern\u00fcnftigem Gewicht.\",\"breadcrumb\":{\"@id\":\"https:\\\/\\\/www.thokbikes.com\\\/de\\\/negozio\\\/komponenten-und-zubehoer\\\/wheels-de\\\/wtb-felge-kom-tough-i35-27-5-32h-b\\\/#breadcrumb\"},\"inLanguage\":\"de-DE\",\"potentialAction\":[{\"@type\":\"ReadAction\",\"target\":[\"https:\\\/\\\/www.thokbikes.com\\\/de\\\/negozio\\\/komponenten-und-zubehoer\\\/wheels-de\\\/wtb-felge-kom-tough-i35-27-5-32h-b\\\/\"]}]},{\"@type\":\"ImageObject\",\"inLanguage\":\"de-DE\",\"@id\":\"https:\\\/\\\/www.thokbikes.com\\\/de\\\/negozio\\\/komponenten-und-zubehoer\\\/wheels-de\\\/wtb-felge-kom-tough-i35-27-5-32h-b\\\/#primaryimage\",\"url\":\"https:\\\/\\\/www.thokbikes.com\\\/wp-content\\\/uploads\\\/2024\\\/12\\\/Shop-CERCHIO-WTB-1.jpg\",\"contentUrl\":\"https:\\\/\\\/www.thokbikes.com\\\/wp-content\\\/uploads\\\/2024\\\/12\\\/Shop-CERCHIO-WTB-1.jpg\",\"width\":1900,\"height\":1900},{\"@type\":\"BreadcrumbList\",\"@id\":\"https:\\\/\\\/www.thokbikes.com\\\/de\\\/negozio\\\/komponenten-und-zubehoer\\\/wheels-de\\\/wtb-felge-kom-tough-i35-27-5-32h-b\\\/#breadcrumb\",\"itemListElement\":[{\"@type\":\"ListItem\",\"position\":1,\"name\":\"Home\",\"item\":\"https:\\\/\\\/www.thokbikes.com\\\/de\\\/\"},{\"@type\":\"ListItem\",\"position\":2,\"name\":\"Shop\",\"item\":\"https:\\\/\\\/www.thokbikes.com\\\/negozio\\\/\"},{\"@type\":\"ListItem\",\"position\":3,\"name\":\"WTB FELGE KOM TOUGH I35 27.5&#8221; 32H B\"}]},{\"@type\":\"WebSite\",\"@id\":\"https:\\\/\\\/www.thokbikes.com\\\/de\\\/#website\",\"url\":\"https:\\\/\\\/www.thokbikes.com\\\/de\\\/\",\"name\":\"Thok E-bikes\",\"description\":\"\",\"publisher\":{\"@id\":\"https:\\\/\\\/www.thokbikes.com\\\/de\\\/#organization\"},\"potentialAction\":[{\"@type\":\"SearchAction\",\"target\":{\"@type\":\"EntryPoint\",\"urlTemplate\":\"https:\\\/\\\/www.thokbikes.com\\\/de\\\/?s={search_term_string}\"},\"query-input\":{\"@type\":\"PropertyValueSpecification\",\"valueRequired\":true,\"valueName\":\"search_term_string\"}}],\"inLanguage\":\"de-DE\"},{\"@type\":\"Organization\",\"@id\":\"https:\\\/\\\/www.thokbikes.com\\\/de\\\/#organization\",\"name\":\"Thok E-bikes\",\"url\":\"https:\\\/\\\/www.thokbikes.com\\\/de\\\/\",\"logo\":{\"@type\":\"ImageObject\",\"inLanguage\":\"de-DE\",\"@id\":\"https:\\\/\\\/www.thokbikes.com\\\/de\\\/#\\\/schema\\\/logo\\\/image\\\/\",\"url\":\"https:\\\/\\\/www.thokbikes.com\\\/wp-content\\\/uploads\\\/2025\\\/11\\\/logo-thok-white.png\",\"contentUrl\":\"https:\\\/\\\/www.thokbikes.com\\\/wp-content\\\/uploads\\\/2025\\\/11\\\/logo-thok-white.png\",\"width\":1920,\"height\":281,\"caption\":\"Thok E-bikes\"},\"image\":{\"@id\":\"https:\\\/\\\/www.thokbikes.com\\\/de\\\/#\\\/schema\\\/logo\\\/image\\\/\"},\"sameAs\":[\"https:\\\/\\\/www.facebook.com\\\/thokebikes\",\"https:\\\/\\\/www.instagram.com\\\/thok_ebikes\\\/\",\"https:\\\/\\\/www.youtube.com\\\/channel\\\/UC-yfWNxPCJvVdRymE7tA8Ww\"]}]}<\/script>\n<!-- \/ Yoast SEO plugin. -->","yoast_head_json":{"title":"WTB FELGE KOM TOUGH I35 27.5'' 32H B - Thok","description":"Die KOM Tough Felgen sind daf\u00fcr konzipiert, die anspruchsvollsten Herausforderungen zu meistern. Diese Felgen bestehen aus hochwertiger AL 6069 Legierung und garantieren maximale Haltbarkeit bei vern\u00fcnftigem Gewicht.","robots":{"index":"index","follow":"follow","max-snippet":"max-snippet:-1","max-image-preview":"max-image-preview:large","max-video-preview":"max-video-preview:-1"},"canonical":"https:\/\/www.thokbikes.com\/de\/negozio\/komponenten-und-zubehoer\/wheels-de\/wtb-felge-kom-tough-i35-27-5-32h-b\/","og_locale":"de_DE","og_type":"article","og_title":"WTB FELGE KOM TOUGH I35 27.5'' 32H B - Thok","og_description":"Die KOM Tough Felgen sind daf\u00fcr konzipiert, die anspruchsvollsten Herausforderungen zu meistern. Diese Felgen bestehen aus hochwertiger AL 6069 Legierung und garantieren maximale Haltbarkeit bei vern\u00fcnftigem Gewicht.","og_url":"https:\/\/www.thokbikes.com\/de\/negozio\/komponenten-und-zubehoer\/wheels-de\/wtb-felge-kom-tough-i35-27-5-32h-b\/","og_site_name":"Thok","article_publisher":"https:\/\/www.facebook.com\/thokebikes","article_modified_time":"2024-12-19T14:34:31+00:00","og_image":[{"width":1900,"height":1900,"url":"https:\/\/www.thokbikes.com\/wp-content\/uploads\/2024\/12\/Shop-CERCHIO-WTB-1.jpg","type":"image\/jpeg"}],"twitter_card":"summary_large_image","twitter_misc":{"Est. reading time":"1 minute"},"schema":{"@context":"https:\/\/schema.org","@graph":[{"@type":"WebPage","@id":"https:\/\/www.thokbikes.com\/de\/negozio\/komponenten-und-zubehoer\/wheels-de\/wtb-felge-kom-tough-i35-27-5-32h-b\/","url":"https:\/\/www.thokbikes.com\/de\/negozio\/komponenten-und-zubehoer\/wheels-de\/wtb-felge-kom-tough-i35-27-5-32h-b\/","name":"WTB FELGE KOM TOUGH I35 27.5'' 32H B - Thok","isPartOf":{"@id":"https:\/\/www.thokbikes.com\/de\/#website"},"primaryImageOfPage":{"@id":"https:\/\/www.thokbikes.com\/de\/negozio\/komponenten-und-zubehoer\/wheels-de\/wtb-felge-kom-tough-i35-27-5-32h-b\/#primaryimage"},"image":{"@id":"https:\/\/www.thokbikes.com\/de\/negozio\/komponenten-und-zubehoer\/wheels-de\/wtb-felge-kom-tough-i35-27-5-32h-b\/#primaryimage"},"thumbnailUrl":"https:\/\/www.thokbikes.com\/wp-content\/uploads\/2024\/12\/Shop-CERCHIO-WTB-1.jpg","datePublished":"2023-11-13T10:45:28+00:00","dateModified":"2024-12-19T14:34:31+00:00","description":"Die KOM Tough Felgen sind daf\u00fcr konzipiert, die anspruchsvollsten Herausforderungen zu meistern. Diese Felgen bestehen aus hochwertiger AL 6069 Legierung und garantieren maximale Haltbarkeit bei vern\u00fcnftigem Gewicht.","breadcrumb":{"@id":"https:\/\/www.thokbikes.com\/de\/negozio\/komponenten-und-zubehoer\/wheels-de\/wtb-felge-kom-tough-i35-27-5-32h-b\/#breadcrumb"},"inLanguage":"de-DE","potentialAction":[{"@type":"ReadAction","target":["https:\/\/www.thokbikes.com\/de\/negozio\/komponenten-und-zubehoer\/wheels-de\/wtb-felge-kom-tough-i35-27-5-32h-b\/"]}]},{"@type":"ImageObject","inLanguage":"de-DE","@id":"https:\/\/www.thokbikes.com\/de\/negozio\/komponenten-und-zubehoer\/wheels-de\/wtb-felge-kom-tough-i35-27-5-32h-b\/#primaryimage","url":"https:\/\/www.thokbikes.com\/wp-content\/uploads\/2024\/12\/Shop-CERCHIO-WTB-1.jpg","contentUrl":"https:\/\/www.thokbikes.com\/wp-content\/uploads\/2024\/12\/Shop-CERCHIO-WTB-1.jpg","width":1900,"height":1900},{"@type":"BreadcrumbList","@id":"https:\/\/www.thokbikes.com\/de\/negozio\/komponenten-und-zubehoer\/wheels-de\/wtb-felge-kom-tough-i35-27-5-32h-b\/#breadcrumb","itemListElement":[{"@type":"ListItem","position":1,"name":"Home","item":"https:\/\/www.thokbikes.com\/de\/"},{"@type":"ListItem","position":2,"name":"Shop","item":"https:\/\/www.thokbikes.com\/negozio\/"},{"@type":"ListItem","position":3,"name":"WTB FELGE KOM TOUGH I35 27.5&#8221; 32H B"}]},{"@type":"WebSite","@id":"https:\/\/www.thokbikes.com\/de\/#website","url":"https:\/\/www.thokbikes.com\/de\/","name":"Thok E-bikes","description":"","publisher":{"@id":"https:\/\/www.thokbikes.com\/de\/#organization"},"potentialAction":[{"@type":"SearchAction","target":{"@type":"EntryPoint","urlTemplate":"https:\/\/www.thokbikes.com\/de\/?s={search_term_string}"},"query-input":{"@type":"PropertyValueSpecification","valueRequired":true,"valueName":"search_term_string"}}],"inLanguage":"de-DE"},{"@type":"Organization","@id":"https:\/\/www.thokbikes.com\/de\/#organization","name":"Thok E-bikes","url":"https:\/\/www.thokbikes.com\/de\/","logo":{"@type":"ImageObject","inLanguage":"de-DE","@id":"https:\/\/www.thokbikes.com\/de\/#\/schema\/logo\/image\/","url":"https:\/\/www.thokbikes.com\/wp-content\/uploads\/2025\/11\/logo-thok-white.png","contentUrl":"https:\/\/www.thokbikes.com\/wp-content\/uploads\/2025\/11\/logo-thok-white.png","width":1920,"height":281,"caption":"Thok E-bikes"},"image":{"@id":"https:\/\/www.thokbikes.com\/de\/#\/schema\/logo\/image\/"},"sameAs":["https:\/\/www.facebook.com\/thokebikes","https:\/\/www.instagram.com\/thok_ebikes\/","https:\/\/www.youtube.com\/channel\/UC-yfWNxPCJvVdRymE7tA8Ww"]}]}},"_links":{"self":[{"href":"https:\/\/www.thokbikes.com\/de\/wp-json\/wp\/v2\/product\/23307","targetHints":{"allow":["GET"]}}],"collection":[{"href":"https:\/\/www.thokbikes.com\/de\/wp-json\/wp\/v2\/product"}],"about":[{"href":"https:\/\/www.thokbikes.com\/de\/wp-json\/wp\/v2\/types\/product"}],"replies":[{"embeddable":true,"href":"https:\/\/www.thokbikes.com\/de\/wp-json\/wp\/v2\/comments?post=23307"}],"wp:featuredmedia":[{"embeddable":true,"href":"https:\/\/www.thokbikes.com\/de\/wp-json\/wp\/v2\/media\/23260"}],"wp:attachment":[{"href":"https:\/\/www.thokbikes.com\/de\/wp-json\/wp\/v2\/media?parent=23307"}],"wp:term":[{"taxonomy":"product_brand","embeddable":true,"href":"https:\/\/www.thokbikes.com\/de\/wp-json\/wp\/v2\/product_brand?post=23307"},{"taxonomy":"product_cat","embeddable":true,"href":"https:\/\/www.thokbikes.com\/de\/wp-json\/wp\/v2\/product_cat?post=23307"},{"taxonomy":"product_tag","embeddable":true,"href":"https:\/\/www.thokbikes.com\/de\/wp-json\/wp\/v2\/product_tag?post=23307"}],"curies":[{"name":"wp","href":"https:\/\/api.w.org\/{rel}","templated":true}]}}