{"id":23311,"date":"2023-11-13T11:44:24","date_gmt":"2023-11-13T10:44:24","guid":{"rendered":"https:\/\/www.thokbikes.com\/?post_type=product&#038;p=23311"},"modified":"2024-12-19T15:36:15","modified_gmt":"2024-12-19T14:36:15","slug":"mavic-cerchio-e-xm-435-27-5","status":"publish","type":"product","link":"https:\/\/www.thokbikes.com\/de\/negozio\/komponenten-und-zubehoer\/wheels-de\/mavic-cerchio-e-xm-435-27-5\/","title":{"rendered":"MAVIC FELGE E-XM 435 27.5&#8221;"},"content":{"rendered":"<p>Mit einem breiteren Profil (5 mm) und der besten Kombination aus Leichtigkeit und Haltbarkeit ist die <strong>E-XM 435<\/strong> eine zuverl\u00e4ssige Felge f\u00fcr deine <strong>All-Mountain\/Enduro<\/strong>-Abenteuer.<\/p>\n<p>Diese Felge mit \u00fcberlappendem Anschluss ist besonders robust, w\u00e4hrend ihr PFP-Profil (Pinch Flat Protection) und ihre Tubeless-Kompatibilit\u00e4t \u2013 dank der passenden Felgenb\u00e4nder \u2013 Komfort und Pannenschutz gew\u00e4hrleisten.<\/p>\n<p><strong>Eigenschaften:<\/strong><\/p>\n<ul>\n<li>Traditionelles Lochbild<\/li>\n<li>\u00dcberlappende Verbindung<\/li>\n<li>Ohne \u00d6sen<\/li>\n<li>Tubeless Ready (Mavic UST-Ventil empfohlen \u2013 nicht mit der Felge inklusiv)<\/li>\n<li>E-Bike-spezifisches Felgenprofil<\/li>\n<li>S6000 Aluminium<\/li>\n<li>ETRTO Gr\u00f6\u00dfe 650b\/27,5: 584 x 35TSS<\/li>\n<li>Ventillochdurchmesser: 6,5 mm<\/li>\n<li>Tubeless-Flap-Sektion: 40 mm (nicht mit der Felge inklusiv)<\/li>\n<li>Empfohlene Nippell\u00e4nge: 14 mm<\/li>\n<li>Gr\u00f6\u00dfe: 32 L\u00f6cher<\/li>\n<\/ul>\n","protected":false},"excerpt":{"rendered":"<p>Mit einem breiteren Profil (5 mm) und der besten Kombination aus Leichtigkeit und Haltbarkeit ist die E-XM 435 eine zuverl\u00e4ssige Felge f\u00fcr deine All-Mountain\/Enduro-Abenteuer. Diese Felge mit \u00fcberlappendem Anschluss ist besonders robust, w\u00e4hrend ihr PFP-Profil (Pinch Flat Protection) und ihre Tubeless-Kompatibilit\u00e4t \u2013 dank der passenden Felgenb\u00e4nder \u2013 Komfort und Pannenschutz gew\u00e4hrleisten. Eigenschaften: Traditionelles Lochbild \u00dcberlappende [&hellip;]<\/p>\n","protected":false},"featured_media":23265,"comment_status":"closed","ping_status":"closed","template":"","meta":{"_acf_changed":false},"product_brand":[],"product_cat":[177,127,185,124,135],"product_tag":[],"class_list":{"0":"post-23311","1":"product","2":"type-product","3":"status-publish","4":"has-post-thumbnail","6":"product_cat-all-mountain-de","7":"product_cat-enduro-de","8":"product_cat-hardtail-de","9":"product_cat-komponenten-und-zubehoer","10":"product_cat-wheels-de","12":"first","13":"instock","14":"taxable","15":"shipping-taxable","16":"purchasable","17":"product-type-simple"},"acf":[],"yoast_head":"<!-- This site is optimized with the Yoast SEO plugin v27.3 - https:\/\/yoast.com\/product\/yoast-seo-wordpress\/ -->\n<title>MAVIC FELGE E-XM 435 27.5&#039;&#039; - Thok<\/title>\n<meta name=\"description\" content=\"Mit einem breiteren Profil und der besten Kombination aus Leichtigkeit und Widerstandsf\u00e4higkeit ist die E-XM 435 eine zuverl\u00e4ssige Felge f\u00fcr deine All-Mountain\/Enduro Abenteuer.\" \/>\n<meta name=\"robots\" content=\"index, follow, max-snippet:-1, max-image-preview:large, max-video-preview:-1\" \/>\n<link rel=\"canonical\" href=\"https:\/\/www.thokbikes.com\/de\/negozio\/komponenten-und-zubehoer\/wheels-de\/mavic-cerchio-e-xm-435-27-5\/\" \/>\n<meta property=\"og:locale\" content=\"de_DE\" \/>\n<meta property=\"og:type\" content=\"article\" \/>\n<meta property=\"og:title\" content=\"MAVIC FELGE E-XM 435 27.5&#039;&#039; - Thok\" \/>\n<meta property=\"og:description\" content=\"Mit einem breiteren Profil und der besten Kombination aus Leichtigkeit und Widerstandsf\u00e4higkeit ist die E-XM 435 eine zuverl\u00e4ssige Felge f\u00fcr deine All-Mountain\/Enduro Abenteuer.\" \/>\n<meta property=\"og:url\" content=\"https:\/\/www.thokbikes.com\/de\/negozio\/komponenten-und-zubehoer\/wheels-de\/mavic-cerchio-e-xm-435-27-5\/\" \/>\n<meta property=\"og:site_name\" content=\"Thok\" \/>\n<meta property=\"article:publisher\" content=\"https:\/\/www.facebook.com\/thokebikes\" \/>\n<meta property=\"article:modified_time\" content=\"2024-12-19T14:36:15+00:00\" \/>\n<meta property=\"og:image\" content=\"https:\/\/www.thokbikes.com\/wp-content\/uploads\/2024\/12\/Shop-MAVIC-RIM-1.jpg\" \/>\n\t<meta property=\"og:image:width\" content=\"1900\" \/>\n\t<meta property=\"og:image:height\" content=\"1900\" \/>\n\t<meta property=\"og:image:type\" content=\"image\/jpeg\" \/>\n<meta name=\"twitter:card\" content=\"summary_large_image\" \/>\n<meta name=\"twitter:label1\" content=\"Est. reading time\" \/>\n\t<meta name=\"twitter:data1\" content=\"1 minute\" \/>\n<script type=\"application\/ld+json\" class=\"yoast-schema-graph\">{\"@context\":\"https:\\\/\\\/schema.org\",\"@graph\":[{\"@type\":\"WebPage\",\"@id\":\"https:\\\/\\\/www.thokbikes.com\\\/de\\\/negozio\\\/komponenten-und-zubehoer\\\/wheels-de\\\/mavic-cerchio-e-xm-435-27-5\\\/\",\"url\":\"https:\\\/\\\/www.thokbikes.com\\\/de\\\/negozio\\\/komponenten-und-zubehoer\\\/wheels-de\\\/mavic-cerchio-e-xm-435-27-5\\\/\",\"name\":\"MAVIC FELGE E-XM 435 27.5'' - Thok\",\"isPartOf\":{\"@id\":\"https:\\\/\\\/www.thokbikes.com\\\/de\\\/#website\"},\"primaryImageOfPage\":{\"@id\":\"https:\\\/\\\/www.thokbikes.com\\\/de\\\/negozio\\\/komponenten-und-zubehoer\\\/wheels-de\\\/mavic-cerchio-e-xm-435-27-5\\\/#primaryimage\"},\"image\":{\"@id\":\"https:\\\/\\\/www.thokbikes.com\\\/de\\\/negozio\\\/komponenten-und-zubehoer\\\/wheels-de\\\/mavic-cerchio-e-xm-435-27-5\\\/#primaryimage\"},\"thumbnailUrl\":\"https:\\\/\\\/www.thokbikes.com\\\/wp-content\\\/uploads\\\/2024\\\/12\\\/Shop-MAVIC-RIM-1.jpg\",\"datePublished\":\"2023-11-13T10:44:24+00:00\",\"dateModified\":\"2024-12-19T14:36:15+00:00\",\"description\":\"Mit einem breiteren Profil und der besten Kombination aus Leichtigkeit und Widerstandsf\u00e4higkeit ist die E-XM 435 eine zuverl\u00e4ssige Felge f\u00fcr deine All-Mountain\\\/Enduro Abenteuer.\",\"breadcrumb\":{\"@id\":\"https:\\\/\\\/www.thokbikes.com\\\/de\\\/negozio\\\/komponenten-und-zubehoer\\\/wheels-de\\\/mavic-cerchio-e-xm-435-27-5\\\/#breadcrumb\"},\"inLanguage\":\"de-DE\",\"potentialAction\":[{\"@type\":\"ReadAction\",\"target\":[\"https:\\\/\\\/www.thokbikes.com\\\/de\\\/negozio\\\/komponenten-und-zubehoer\\\/wheels-de\\\/mavic-cerchio-e-xm-435-27-5\\\/\"]}]},{\"@type\":\"ImageObject\",\"inLanguage\":\"de-DE\",\"@id\":\"https:\\\/\\\/www.thokbikes.com\\\/de\\\/negozio\\\/komponenten-und-zubehoer\\\/wheels-de\\\/mavic-cerchio-e-xm-435-27-5\\\/#primaryimage\",\"url\":\"https:\\\/\\\/www.thokbikes.com\\\/wp-content\\\/uploads\\\/2024\\\/12\\\/Shop-MAVIC-RIM-1.jpg\",\"contentUrl\":\"https:\\\/\\\/www.thokbikes.com\\\/wp-content\\\/uploads\\\/2024\\\/12\\\/Shop-MAVIC-RIM-1.jpg\",\"width\":1900,\"height\":1900},{\"@type\":\"BreadcrumbList\",\"@id\":\"https:\\\/\\\/www.thokbikes.com\\\/de\\\/negozio\\\/komponenten-und-zubehoer\\\/wheels-de\\\/mavic-cerchio-e-xm-435-27-5\\\/#breadcrumb\",\"itemListElement\":[{\"@type\":\"ListItem\",\"position\":1,\"name\":\"Home\",\"item\":\"https:\\\/\\\/www.thokbikes.com\\\/de\\\/\"},{\"@type\":\"ListItem\",\"position\":2,\"name\":\"Shop\",\"item\":\"https:\\\/\\\/www.thokbikes.com\\\/negozio\\\/\"},{\"@type\":\"ListItem\",\"position\":3,\"name\":\"MAVIC FELGE E-XM 435 27.5&#8221;\"}]},{\"@type\":\"WebSite\",\"@id\":\"https:\\\/\\\/www.thokbikes.com\\\/de\\\/#website\",\"url\":\"https:\\\/\\\/www.thokbikes.com\\\/de\\\/\",\"name\":\"Thok E-bikes\",\"description\":\"\",\"publisher\":{\"@id\":\"https:\\\/\\\/www.thokbikes.com\\\/de\\\/#organization\"},\"potentialAction\":[{\"@type\":\"SearchAction\",\"target\":{\"@type\":\"EntryPoint\",\"urlTemplate\":\"https:\\\/\\\/www.thokbikes.com\\\/de\\\/?s={search_term_string}\"},\"query-input\":{\"@type\":\"PropertyValueSpecification\",\"valueRequired\":true,\"valueName\":\"search_term_string\"}}],\"inLanguage\":\"de-DE\"},{\"@type\":\"Organization\",\"@id\":\"https:\\\/\\\/www.thokbikes.com\\\/de\\\/#organization\",\"name\":\"Thok E-bikes\",\"url\":\"https:\\\/\\\/www.thokbikes.com\\\/de\\\/\",\"logo\":{\"@type\":\"ImageObject\",\"inLanguage\":\"de-DE\",\"@id\":\"https:\\\/\\\/www.thokbikes.com\\\/de\\\/#\\\/schema\\\/logo\\\/image\\\/\",\"url\":\"https:\\\/\\\/www.thokbikes.com\\\/wp-content\\\/uploads\\\/2025\\\/11\\\/logo-thok-white.png\",\"contentUrl\":\"https:\\\/\\\/www.thokbikes.com\\\/wp-content\\\/uploads\\\/2025\\\/11\\\/logo-thok-white.png\",\"width\":1920,\"height\":281,\"caption\":\"Thok E-bikes\"},\"image\":{\"@id\":\"https:\\\/\\\/www.thokbikes.com\\\/de\\\/#\\\/schema\\\/logo\\\/image\\\/\"},\"sameAs\":[\"https:\\\/\\\/www.facebook.com\\\/thokebikes\",\"https:\\\/\\\/www.instagram.com\\\/thok_ebikes\\\/\",\"https:\\\/\\\/www.youtube.com\\\/channel\\\/UC-yfWNxPCJvVdRymE7tA8Ww\"]}]}<\/script>\n<!-- \/ Yoast SEO plugin. -->","yoast_head_json":{"title":"MAVIC FELGE E-XM 435 27.5'' - Thok","description":"Mit einem breiteren Profil und der besten Kombination aus Leichtigkeit und Widerstandsf\u00e4higkeit ist die E-XM 435 eine zuverl\u00e4ssige Felge f\u00fcr deine All-Mountain\/Enduro Abenteuer.","robots":{"index":"index","follow":"follow","max-snippet":"max-snippet:-1","max-image-preview":"max-image-preview:large","max-video-preview":"max-video-preview:-1"},"canonical":"https:\/\/www.thokbikes.com\/de\/negozio\/komponenten-und-zubehoer\/wheels-de\/mavic-cerchio-e-xm-435-27-5\/","og_locale":"de_DE","og_type":"article","og_title":"MAVIC FELGE E-XM 435 27.5'' - Thok","og_description":"Mit einem breiteren Profil und der besten Kombination aus Leichtigkeit und Widerstandsf\u00e4higkeit ist die E-XM 435 eine zuverl\u00e4ssige Felge f\u00fcr deine All-Mountain\/Enduro Abenteuer.","og_url":"https:\/\/www.thokbikes.com\/de\/negozio\/komponenten-und-zubehoer\/wheels-de\/mavic-cerchio-e-xm-435-27-5\/","og_site_name":"Thok","article_publisher":"https:\/\/www.facebook.com\/thokebikes","article_modified_time":"2024-12-19T14:36:15+00:00","og_image":[{"width":1900,"height":1900,"url":"https:\/\/www.thokbikes.com\/wp-content\/uploads\/2024\/12\/Shop-MAVIC-RIM-1.jpg","type":"image\/jpeg"}],"twitter_card":"summary_large_image","twitter_misc":{"Est. reading time":"1 minute"},"schema":{"@context":"https:\/\/schema.org","@graph":[{"@type":"WebPage","@id":"https:\/\/www.thokbikes.com\/de\/negozio\/komponenten-und-zubehoer\/wheels-de\/mavic-cerchio-e-xm-435-27-5\/","url":"https:\/\/www.thokbikes.com\/de\/negozio\/komponenten-und-zubehoer\/wheels-de\/mavic-cerchio-e-xm-435-27-5\/","name":"MAVIC FELGE E-XM 435 27.5'' - Thok","isPartOf":{"@id":"https:\/\/www.thokbikes.com\/de\/#website"},"primaryImageOfPage":{"@id":"https:\/\/www.thokbikes.com\/de\/negozio\/komponenten-und-zubehoer\/wheels-de\/mavic-cerchio-e-xm-435-27-5\/#primaryimage"},"image":{"@id":"https:\/\/www.thokbikes.com\/de\/negozio\/komponenten-und-zubehoer\/wheels-de\/mavic-cerchio-e-xm-435-27-5\/#primaryimage"},"thumbnailUrl":"https:\/\/www.thokbikes.com\/wp-content\/uploads\/2024\/12\/Shop-MAVIC-RIM-1.jpg","datePublished":"2023-11-13T10:44:24+00:00","dateModified":"2024-12-19T14:36:15+00:00","description":"Mit einem breiteren Profil und der besten Kombination aus Leichtigkeit und Widerstandsf\u00e4higkeit ist die E-XM 435 eine zuverl\u00e4ssige Felge f\u00fcr deine All-Mountain\/Enduro Abenteuer.","breadcrumb":{"@id":"https:\/\/www.thokbikes.com\/de\/negozio\/komponenten-und-zubehoer\/wheels-de\/mavic-cerchio-e-xm-435-27-5\/#breadcrumb"},"inLanguage":"de-DE","potentialAction":[{"@type":"ReadAction","target":["https:\/\/www.thokbikes.com\/de\/negozio\/komponenten-und-zubehoer\/wheels-de\/mavic-cerchio-e-xm-435-27-5\/"]}]},{"@type":"ImageObject","inLanguage":"de-DE","@id":"https:\/\/www.thokbikes.com\/de\/negozio\/komponenten-und-zubehoer\/wheels-de\/mavic-cerchio-e-xm-435-27-5\/#primaryimage","url":"https:\/\/www.thokbikes.com\/wp-content\/uploads\/2024\/12\/Shop-MAVIC-RIM-1.jpg","contentUrl":"https:\/\/www.thokbikes.com\/wp-content\/uploads\/2024\/12\/Shop-MAVIC-RIM-1.jpg","width":1900,"height":1900},{"@type":"BreadcrumbList","@id":"https:\/\/www.thokbikes.com\/de\/negozio\/komponenten-und-zubehoer\/wheels-de\/mavic-cerchio-e-xm-435-27-5\/#breadcrumb","itemListElement":[{"@type":"ListItem","position":1,"name":"Home","item":"https:\/\/www.thokbikes.com\/de\/"},{"@type":"ListItem","position":2,"name":"Shop","item":"https:\/\/www.thokbikes.com\/negozio\/"},{"@type":"ListItem","position":3,"name":"MAVIC FELGE E-XM 435 27.5&#8221;"}]},{"@type":"WebSite","@id":"https:\/\/www.thokbikes.com\/de\/#website","url":"https:\/\/www.thokbikes.com\/de\/","name":"Thok E-bikes","description":"","publisher":{"@id":"https:\/\/www.thokbikes.com\/de\/#organization"},"potentialAction":[{"@type":"SearchAction","target":{"@type":"EntryPoint","urlTemplate":"https:\/\/www.thokbikes.com\/de\/?s={search_term_string}"},"query-input":{"@type":"PropertyValueSpecification","valueRequired":true,"valueName":"search_term_string"}}],"inLanguage":"de-DE"},{"@type":"Organization","@id":"https:\/\/www.thokbikes.com\/de\/#organization","name":"Thok E-bikes","url":"https:\/\/www.thokbikes.com\/de\/","logo":{"@type":"ImageObject","inLanguage":"de-DE","@id":"https:\/\/www.thokbikes.com\/de\/#\/schema\/logo\/image\/","url":"https:\/\/www.thokbikes.com\/wp-content\/uploads\/2025\/11\/logo-thok-white.png","contentUrl":"https:\/\/www.thokbikes.com\/wp-content\/uploads\/2025\/11\/logo-thok-white.png","width":1920,"height":281,"caption":"Thok E-bikes"},"image":{"@id":"https:\/\/www.thokbikes.com\/de\/#\/schema\/logo\/image\/"},"sameAs":["https:\/\/www.facebook.com\/thokebikes","https:\/\/www.instagram.com\/thok_ebikes\/","https:\/\/www.youtube.com\/channel\/UC-yfWNxPCJvVdRymE7tA8Ww"]}]}},"_links":{"self":[{"href":"https:\/\/www.thokbikes.com\/de\/wp-json\/wp\/v2\/product\/23311","targetHints":{"allow":["GET"]}}],"collection":[{"href":"https:\/\/www.thokbikes.com\/de\/wp-json\/wp\/v2\/product"}],"about":[{"href":"https:\/\/www.thokbikes.com\/de\/wp-json\/wp\/v2\/types\/product"}],"replies":[{"embeddable":true,"href":"https:\/\/www.thokbikes.com\/de\/wp-json\/wp\/v2\/comments?post=23311"}],"wp:featuredmedia":[{"embeddable":true,"href":"https:\/\/www.thokbikes.com\/de\/wp-json\/wp\/v2\/media\/23265"}],"wp:attachment":[{"href":"https:\/\/www.thokbikes.com\/de\/wp-json\/wp\/v2\/media?parent=23311"}],"wp:term":[{"taxonomy":"product_brand","embeddable":true,"href":"https:\/\/www.thokbikes.com\/de\/wp-json\/wp\/v2\/product_brand?post=23311"},{"taxonomy":"product_cat","embeddable":true,"href":"https:\/\/www.thokbikes.com\/de\/wp-json\/wp\/v2\/product_cat?post=23311"},{"taxonomy":"product_tag","embeddable":true,"href":"https:\/\/www.thokbikes.com\/de\/wp-json\/wp\/v2\/product_tag?post=23311"}],"curies":[{"name":"wp","href":"https:\/\/api.w.org\/{rel}","templated":true}]}}