{"id":23345,"date":"2024-12-19T06:14:40","date_gmt":"2024-12-19T05:14:40","guid":{"rendered":"https:\/\/www.thokbikes.com\/?post_type=product&#038;p=23345"},"modified":"2024-12-20T12:02:23","modified_gmt":"2024-12-20T11:02:23","slug":"pastiglie-sram-road-red-rival-force-organiche","status":"publish","type":"product","link":"https:\/\/www.thokbikes.com\/de\/negozio\/komponenten-und-zubehoer\/brakes-de\/pastiglie-sram-road-red-rival-force-organiche\/","title":{"rendered":"Sram Organische Bremsbel\u00e4ge Road Red\/FORCE\/RIVAL AXS"},"content":{"rendered":"<p>Bremsbel\u00e4ge mit organischer Mischung, entwickelt f\u00fcr eine perfekte Integration mit den Bremss\u00e4tteln der Sram Red AXS und Sram Force AXS Scheibenbremsen, bieten maximale Lautlosigkeit in jeder Situation.<\/p>\n<p><strong>Merkmale:<\/strong><\/p>\n<ul>\n<li>Mischung: Organisch<\/li>\n<li>Tr\u00e4ger: Stahl<\/li>\n<li>Feder und Stift enthalten<\/li>\n<\/ul>\n<p><strong>Kompatibilit\u00e4t:<\/strong><\/p>\n<ul>\n<li><strong>Sram Stra\u00dfe:<\/strong> Red AXS (2-Teile-S\u00e4ttel), Force AXS (2-Teile-S\u00e4ttel)<\/li>\n<li><strong>Sram MTB:<\/strong> XX, XO, DB5, DB3, DB1, Level, Level T, Level TL, Level TLM (2020+), Level Ultimate Carbon (2020+)<\/li>\n<li><strong>Avid:<\/strong> Elixir 9, 7, 5, 3, 1, CR, R<\/li>\n<li><strong>DUCATI FUTA AXS \/ DUCATI FUTA ALL ROAD<\/strong><\/li>\n<\/ul>\n","protected":false},"excerpt":{"rendered":"<p>Bremsbel\u00e4ge mit organischer Mischung, entwickelt f\u00fcr eine perfekte Integration mit den Bremss\u00e4tteln der Sram Red AXS und Sram Force AXS Scheibenbremsen, bieten maximale Lautlosigkeit in jeder Situation. Merkmale: Mischung: Organisch Tr\u00e4ger: Stahl Feder und Stift enthalten Kompatibilit\u00e4t: Sram Stra\u00dfe: Red AXS (2-Teile-S\u00e4ttel), Force AXS (2-Teile-S\u00e4ttel) Sram MTB: XX, XO, DB5, DB3, DB1, Level, Level T, [&hellip;]<\/p>\n","protected":false},"featured_media":23249,"comment_status":"closed","ping_status":"closed","template":"","meta":{"_acf_changed":false},"product_brand":[],"product_cat":[124,147,256],"product_tag":[],"class_list":{"0":"post-23345","1":"product","2":"type-product","3":"status-publish","4":"has-post-thumbnail","6":"product_cat-komponenten-und-zubehoer","7":"product_cat-brakes-de","8":"product_cat-e-road-de","10":"first","11":"outofstock","12":"taxable","13":"shipping-taxable","14":"purchasable","15":"product-type-simple"},"acf":[],"yoast_head":"<!-- This site is optimized with the Yoast SEO plugin v27.1.1 - https:\/\/yoast.com\/product\/yoast-seo-wordpress\/ -->\n<title>Sram Organische Bremsbel\u00e4ge Road Red\/FORCE\/RIVAL AXS - Thok<\/title>\n<meta name=\"description\" content=\"Bremsbel\u00e4ge mit organischer Mischung, entwickelt f\u00fcr eine perfekte Integration mit den Bremss\u00e4tteln der Sram Red AXS und Sram Force AXS Scheibenbremsen. Maximale Lautlosigkeit in jeder Situation.\" \/>\n<meta name=\"robots\" content=\"index, follow, max-snippet:-1, max-image-preview:large, max-video-preview:-1\" \/>\n<link rel=\"canonical\" href=\"https:\/\/www.thokbikes.com\/de\/negozio\/komponenten-und-zubehoer\/brakes-de\/pastiglie-sram-road-red-rival-force-organiche\/\" \/>\n<meta property=\"og:locale\" content=\"de_DE\" \/>\n<meta property=\"og:type\" content=\"article\" \/>\n<meta property=\"og:title\" content=\"Sram Organische Bremsbel\u00e4ge Road Red\/FORCE\/RIVAL AXS - Thok\" \/>\n<meta property=\"og:description\" content=\"Bremsbel\u00e4ge mit organischer Mischung, entwickelt f\u00fcr eine perfekte Integration mit den Bremss\u00e4tteln der Sram Red AXS und Sram Force AXS Scheibenbremsen. Maximale Lautlosigkeit in jeder Situation.\" \/>\n<meta property=\"og:url\" content=\"https:\/\/www.thokbikes.com\/de\/negozio\/komponenten-und-zubehoer\/brakes-de\/pastiglie-sram-road-red-rival-force-organiche\/\" \/>\n<meta property=\"og:site_name\" content=\"Thok\" \/>\n<meta property=\"article:publisher\" content=\"https:\/\/www.facebook.com\/thokebikes\" \/>\n<meta property=\"article:modified_time\" content=\"2024-12-20T11:02:23+00:00\" \/>\n<meta property=\"og:image\" content=\"https:\/\/www.thokbikes.com\/wp-content\/uploads\/2024\/12\/Shop-SRAM-redforce-PASTIGLIE-ORGANICHE.jpg\" \/>\n\t<meta property=\"og:image:width\" content=\"1900\" \/>\n\t<meta property=\"og:image:height\" content=\"1900\" \/>\n\t<meta property=\"og:image:type\" content=\"image\/jpeg\" \/>\n<meta name=\"twitter:card\" content=\"summary_large_image\" \/>\n<meta name=\"twitter:label1\" content=\"Est. reading time\" \/>\n\t<meta name=\"twitter:data1\" content=\"1 minute\" \/>\n<script type=\"application\/ld+json\" class=\"yoast-schema-graph\">{\"@context\":\"https:\/\/schema.org\",\"@graph\":[{\"@type\":\"WebPage\",\"@id\":\"https:\/\/www.thokbikes.com\/de\/negozio\/komponenten-und-zubehoer\/brakes-de\/pastiglie-sram-road-red-rival-force-organiche\/\",\"url\":\"https:\/\/www.thokbikes.com\/de\/negozio\/komponenten-und-zubehoer\/brakes-de\/pastiglie-sram-road-red-rival-force-organiche\/\",\"name\":\"Sram Organische Bremsbel\u00e4ge Road Red\/FORCE\/RIVAL AXS - Thok\",\"isPartOf\":{\"@id\":\"https:\/\/www.thokbikes.com\/de\/#website\"},\"primaryImageOfPage\":{\"@id\":\"https:\/\/www.thokbikes.com\/de\/negozio\/komponenten-und-zubehoer\/brakes-de\/pastiglie-sram-road-red-rival-force-organiche\/#primaryimage\"},\"image\":{\"@id\":\"https:\/\/www.thokbikes.com\/de\/negozio\/komponenten-und-zubehoer\/brakes-de\/pastiglie-sram-road-red-rival-force-organiche\/#primaryimage\"},\"thumbnailUrl\":\"https:\/\/www.thokbikes.com\/wp-content\/uploads\/2024\/12\/Shop-SRAM-redforce-PASTIGLIE-ORGANICHE.jpg\",\"datePublished\":\"2024-12-19T05:14:40+00:00\",\"dateModified\":\"2024-12-20T11:02:23+00:00\",\"description\":\"Bremsbel\u00e4ge mit organischer Mischung, entwickelt f\u00fcr eine perfekte Integration mit den Bremss\u00e4tteln der Sram Red AXS und Sram Force AXS Scheibenbremsen. Maximale Lautlosigkeit in jeder Situation.\",\"breadcrumb\":{\"@id\":\"https:\/\/www.thokbikes.com\/de\/negozio\/komponenten-und-zubehoer\/brakes-de\/pastiglie-sram-road-red-rival-force-organiche\/#breadcrumb\"},\"inLanguage\":\"de-DE\",\"potentialAction\":[{\"@type\":\"ReadAction\",\"target\":[\"https:\/\/www.thokbikes.com\/de\/negozio\/komponenten-und-zubehoer\/brakes-de\/pastiglie-sram-road-red-rival-force-organiche\/\"]}]},{\"@type\":\"ImageObject\",\"inLanguage\":\"de-DE\",\"@id\":\"https:\/\/www.thokbikes.com\/de\/negozio\/komponenten-und-zubehoer\/brakes-de\/pastiglie-sram-road-red-rival-force-organiche\/#primaryimage\",\"url\":\"https:\/\/www.thokbikes.com\/wp-content\/uploads\/2024\/12\/Shop-SRAM-redforce-PASTIGLIE-ORGANICHE.jpg\",\"contentUrl\":\"https:\/\/www.thokbikes.com\/wp-content\/uploads\/2024\/12\/Shop-SRAM-redforce-PASTIGLIE-ORGANICHE.jpg\",\"width\":1900,\"height\":1900},{\"@type\":\"BreadcrumbList\",\"@id\":\"https:\/\/www.thokbikes.com\/de\/negozio\/komponenten-und-zubehoer\/brakes-de\/pastiglie-sram-road-red-rival-force-organiche\/#breadcrumb\",\"itemListElement\":[{\"@type\":\"ListItem\",\"position\":1,\"name\":\"Home\",\"item\":\"https:\/\/www.thokbikes.com\/de\/\"},{\"@type\":\"ListItem\",\"position\":2,\"name\":\"Shop\",\"item\":\"https:\/\/www.thokbikes.com\/negozio\/\"},{\"@type\":\"ListItem\",\"position\":3,\"name\":\"Sram Organische Bremsbel\u00e4ge Road Red\/FORCE\/RIVAL AXS\"}]},{\"@type\":\"WebSite\",\"@id\":\"https:\/\/www.thokbikes.com\/de\/#website\",\"url\":\"https:\/\/www.thokbikes.com\/de\/\",\"name\":\"Thok E-bikes\",\"description\":\"\",\"publisher\":{\"@id\":\"https:\/\/www.thokbikes.com\/de\/#organization\"},\"potentialAction\":[{\"@type\":\"SearchAction\",\"target\":{\"@type\":\"EntryPoint\",\"urlTemplate\":\"https:\/\/www.thokbikes.com\/de\/?s={search_term_string}\"},\"query-input\":{\"@type\":\"PropertyValueSpecification\",\"valueRequired\":true,\"valueName\":\"search_term_string\"}}],\"inLanguage\":\"de-DE\"},{\"@type\":\"Organization\",\"@id\":\"https:\/\/www.thokbikes.com\/de\/#organization\",\"name\":\"Thok E-bikes\",\"url\":\"https:\/\/www.thokbikes.com\/de\/\",\"logo\":{\"@type\":\"ImageObject\",\"inLanguage\":\"de-DE\",\"@id\":\"https:\/\/www.thokbikes.com\/de\/#\/schema\/logo\/image\/\",\"url\":\"https:\/\/www.thokbikes.com\/wp-content\/uploads\/2025\/11\/logo-thok-white.png\",\"contentUrl\":\"https:\/\/www.thokbikes.com\/wp-content\/uploads\/2025\/11\/logo-thok-white.png\",\"width\":1920,\"height\":281,\"caption\":\"Thok E-bikes\"},\"image\":{\"@id\":\"https:\/\/www.thokbikes.com\/de\/#\/schema\/logo\/image\/\"},\"sameAs\":[\"https:\/\/www.facebook.com\/thokebikes\",\"https:\/\/www.instagram.com\/thok_ebikes\/\",\"https:\/\/www.youtube.com\/channel\/UC-yfWNxPCJvVdRymE7tA8Ww\"]}]}<\/script>\n<!-- \/ Yoast SEO plugin. -->","yoast_head_json":{"title":"Sram Organische Bremsbel\u00e4ge Road Red\/FORCE\/RIVAL AXS - Thok","description":"Bremsbel\u00e4ge mit organischer Mischung, entwickelt f\u00fcr eine perfekte Integration mit den Bremss\u00e4tteln der Sram Red AXS und Sram Force AXS Scheibenbremsen. Maximale Lautlosigkeit in jeder Situation.","robots":{"index":"index","follow":"follow","max-snippet":"max-snippet:-1","max-image-preview":"max-image-preview:large","max-video-preview":"max-video-preview:-1"},"canonical":"https:\/\/www.thokbikes.com\/de\/negozio\/komponenten-und-zubehoer\/brakes-de\/pastiglie-sram-road-red-rival-force-organiche\/","og_locale":"de_DE","og_type":"article","og_title":"Sram Organische Bremsbel\u00e4ge Road Red\/FORCE\/RIVAL AXS - Thok","og_description":"Bremsbel\u00e4ge mit organischer Mischung, entwickelt f\u00fcr eine perfekte Integration mit den Bremss\u00e4tteln der Sram Red AXS und Sram Force AXS Scheibenbremsen. Maximale Lautlosigkeit in jeder Situation.","og_url":"https:\/\/www.thokbikes.com\/de\/negozio\/komponenten-und-zubehoer\/brakes-de\/pastiglie-sram-road-red-rival-force-organiche\/","og_site_name":"Thok","article_publisher":"https:\/\/www.facebook.com\/thokebikes","article_modified_time":"2024-12-20T11:02:23+00:00","og_image":[{"width":1900,"height":1900,"url":"https:\/\/www.thokbikes.com\/wp-content\/uploads\/2024\/12\/Shop-SRAM-redforce-PASTIGLIE-ORGANICHE.jpg","type":"image\/jpeg"}],"twitter_card":"summary_large_image","twitter_misc":{"Est. reading time":"1 minute"},"schema":{"@context":"https:\/\/schema.org","@graph":[{"@type":"WebPage","@id":"https:\/\/www.thokbikes.com\/de\/negozio\/komponenten-und-zubehoer\/brakes-de\/pastiglie-sram-road-red-rival-force-organiche\/","url":"https:\/\/www.thokbikes.com\/de\/negozio\/komponenten-und-zubehoer\/brakes-de\/pastiglie-sram-road-red-rival-force-organiche\/","name":"Sram Organische Bremsbel\u00e4ge Road Red\/FORCE\/RIVAL AXS - Thok","isPartOf":{"@id":"https:\/\/www.thokbikes.com\/de\/#website"},"primaryImageOfPage":{"@id":"https:\/\/www.thokbikes.com\/de\/negozio\/komponenten-und-zubehoer\/brakes-de\/pastiglie-sram-road-red-rival-force-organiche\/#primaryimage"},"image":{"@id":"https:\/\/www.thokbikes.com\/de\/negozio\/komponenten-und-zubehoer\/brakes-de\/pastiglie-sram-road-red-rival-force-organiche\/#primaryimage"},"thumbnailUrl":"https:\/\/www.thokbikes.com\/wp-content\/uploads\/2024\/12\/Shop-SRAM-redforce-PASTIGLIE-ORGANICHE.jpg","datePublished":"2024-12-19T05:14:40+00:00","dateModified":"2024-12-20T11:02:23+00:00","description":"Bremsbel\u00e4ge mit organischer Mischung, entwickelt f\u00fcr eine perfekte Integration mit den Bremss\u00e4tteln der Sram Red AXS und Sram Force AXS Scheibenbremsen. Maximale Lautlosigkeit in jeder Situation.","breadcrumb":{"@id":"https:\/\/www.thokbikes.com\/de\/negozio\/komponenten-und-zubehoer\/brakes-de\/pastiglie-sram-road-red-rival-force-organiche\/#breadcrumb"},"inLanguage":"de-DE","potentialAction":[{"@type":"ReadAction","target":["https:\/\/www.thokbikes.com\/de\/negozio\/komponenten-und-zubehoer\/brakes-de\/pastiglie-sram-road-red-rival-force-organiche\/"]}]},{"@type":"ImageObject","inLanguage":"de-DE","@id":"https:\/\/www.thokbikes.com\/de\/negozio\/komponenten-und-zubehoer\/brakes-de\/pastiglie-sram-road-red-rival-force-organiche\/#primaryimage","url":"https:\/\/www.thokbikes.com\/wp-content\/uploads\/2024\/12\/Shop-SRAM-redforce-PASTIGLIE-ORGANICHE.jpg","contentUrl":"https:\/\/www.thokbikes.com\/wp-content\/uploads\/2024\/12\/Shop-SRAM-redforce-PASTIGLIE-ORGANICHE.jpg","width":1900,"height":1900},{"@type":"BreadcrumbList","@id":"https:\/\/www.thokbikes.com\/de\/negozio\/komponenten-und-zubehoer\/brakes-de\/pastiglie-sram-road-red-rival-force-organiche\/#breadcrumb","itemListElement":[{"@type":"ListItem","position":1,"name":"Home","item":"https:\/\/www.thokbikes.com\/de\/"},{"@type":"ListItem","position":2,"name":"Shop","item":"https:\/\/www.thokbikes.com\/negozio\/"},{"@type":"ListItem","position":3,"name":"Sram Organische Bremsbel\u00e4ge Road Red\/FORCE\/RIVAL AXS"}]},{"@type":"WebSite","@id":"https:\/\/www.thokbikes.com\/de\/#website","url":"https:\/\/www.thokbikes.com\/de\/","name":"Thok E-bikes","description":"","publisher":{"@id":"https:\/\/www.thokbikes.com\/de\/#organization"},"potentialAction":[{"@type":"SearchAction","target":{"@type":"EntryPoint","urlTemplate":"https:\/\/www.thokbikes.com\/de\/?s={search_term_string}"},"query-input":{"@type":"PropertyValueSpecification","valueRequired":true,"valueName":"search_term_string"}}],"inLanguage":"de-DE"},{"@type":"Organization","@id":"https:\/\/www.thokbikes.com\/de\/#organization","name":"Thok E-bikes","url":"https:\/\/www.thokbikes.com\/de\/","logo":{"@type":"ImageObject","inLanguage":"de-DE","@id":"https:\/\/www.thokbikes.com\/de\/#\/schema\/logo\/image\/","url":"https:\/\/www.thokbikes.com\/wp-content\/uploads\/2025\/11\/logo-thok-white.png","contentUrl":"https:\/\/www.thokbikes.com\/wp-content\/uploads\/2025\/11\/logo-thok-white.png","width":1920,"height":281,"caption":"Thok E-bikes"},"image":{"@id":"https:\/\/www.thokbikes.com\/de\/#\/schema\/logo\/image\/"},"sameAs":["https:\/\/www.facebook.com\/thokebikes","https:\/\/www.instagram.com\/thok_ebikes\/","https:\/\/www.youtube.com\/channel\/UC-yfWNxPCJvVdRymE7tA8Ww"]}]}},"_links":{"self":[{"href":"https:\/\/www.thokbikes.com\/de\/wp-json\/wp\/v2\/product\/23345","targetHints":{"allow":["GET"]}}],"collection":[{"href":"https:\/\/www.thokbikes.com\/de\/wp-json\/wp\/v2\/product"}],"about":[{"href":"https:\/\/www.thokbikes.com\/de\/wp-json\/wp\/v2\/types\/product"}],"replies":[{"embeddable":true,"href":"https:\/\/www.thokbikes.com\/de\/wp-json\/wp\/v2\/comments?post=23345"}],"wp:featuredmedia":[{"embeddable":true,"href":"https:\/\/www.thokbikes.com\/de\/wp-json\/wp\/v2\/media\/23249"}],"wp:attachment":[{"href":"https:\/\/www.thokbikes.com\/de\/wp-json\/wp\/v2\/media?parent=23345"}],"wp:term":[{"taxonomy":"product_brand","embeddable":true,"href":"https:\/\/www.thokbikes.com\/de\/wp-json\/wp\/v2\/product_brand?post=23345"},{"taxonomy":"product_cat","embeddable":true,"href":"https:\/\/www.thokbikes.com\/de\/wp-json\/wp\/v2\/product_cat?post=23345"},{"taxonomy":"product_tag","embeddable":true,"href":"https:\/\/www.thokbikes.com\/de\/wp-json\/wp\/v2\/product_tag?post=23345"}],"curies":[{"name":"wp","href":"https:\/\/api.w.org\/{rel}","templated":true}]}}