{"id":25288,"date":"2025-02-14T06:15:57","date_gmt":"2025-02-14T05:15:57","guid":{"rendered":"https:\/\/www.thokbikes.com\/?post_type=product&#038;p=25288"},"modified":"2026-01-13T09:30:11","modified_gmt":"2026-01-13T08:30:11","slug":"hinterer-daempfer-fox-float-x2-230x65","status":"publish","type":"product","link":"https:\/\/www.thokbikes.com\/de\/negozio\/komponenten-und-zubehoer\/suspensions-de\/hinterer-daempfer-fox-float-x2-230x65\/","title":{"rendered":"HINTERER D\u00c4MPFER FOX FLOAT X2 230X65"},"content":{"rendered":"<ul>\n<li><strong>Einsatzbereich<\/strong>: All-Mountain, Trail, Enduro, Downhill<\/li>\n<li><strong>Version<\/strong>: Factory-Version<\/li>\n<li><strong>Federung<\/strong>: Luft<\/li>\n<li><strong>Maximaler Druck<\/strong>: 300 Psi<\/li>\n<li><strong>Montage<\/strong>: Standard<\/li>\n<li><strong>Einstellm\u00f6glichkeiten<\/strong>:\n<ul>\n<li>Optionaler 2-Positionen-Hebel Open\/Firm (beh\u00e4lt die Einstellung der High- und Low-Speed-Druckstufe bei)<\/li>\n<li>High-Speed-Druckstufe \u2013 8 Klicks<\/li>\n<li>Low-Speed-Druckstufe \u2013 16 Klicks<\/li>\n<li>High-Speed-Zugstufe (mit VVC) \u2013 8 Klicks<\/li>\n<li>Low-Speed-Zugstufe \u2013 16 Klicks<\/li>\n<li>230 x 65<\/li>\n<li>Kashima-Beschichtung<\/li>\n<\/ul>\n<\/li>\n<\/ul>\n","protected":false},"excerpt":{"rendered":"<p>Einsatzbereich: All-Mountain, Trail, Enduro, Downhill Version: Factory-Version Federung: Luft Maximaler Druck: 300 Psi Montage: Standard Einstellm\u00f6glichkeiten: Optionaler 2-Positionen-Hebel Open\/Firm (beh\u00e4lt die Einstellung der High- und Low-Speed-Druckstufe bei) High-Speed-Druckstufe \u2013 8 Klicks Low-Speed-Druckstufe \u2013 16 Klicks High-Speed-Zugstufe (mit VVC) \u2013 8 Klicks Low-Speed-Zugstufe \u2013 16 Klicks 230 x 65 Kashima-Beschichtung<\/p>\n","protected":false},"featured_media":25284,"comment_status":"closed","ping_status":"closed","template":"","meta":{"_acf_changed":false},"product_brand":[],"product_cat":[127,124,289,159],"product_tag":[],"class_list":{"0":"post-25288","1":"product","2":"type-product","3":"status-publish","4":"has-post-thumbnail","6":"product_cat-enduro-de","7":"product_cat-komponenten-und-zubehoer","8":"product_cat-sales","9":"product_cat-suspensions-de","11":"first","12":"instock","13":"taxable","14":"shipping-taxable","15":"purchasable","16":"product-type-simple"},"acf":[],"yoast_head":"<!-- This site is optimized with the Yoast SEO plugin v27.3 - https:\/\/yoast.com\/product\/yoast-seo-wordpress\/ -->\n<title>HINTERER D\u00c4MPFER FOX FLOAT X2 230X65 - Thok<\/title>\n<meta name=\"description\" content=\"Der FOX RACING SHOX Float X2 Factory Metric D\u00e4mpfer ist ideal f\u00fcr Freeride\/DH oder Enduro geeignet. Es ist das ausgefeilteste Luftmodell der amerikanischen Marke.\" \/>\n<meta name=\"robots\" content=\"index, follow, max-snippet:-1, max-image-preview:large, max-video-preview:-1\" \/>\n<link rel=\"canonical\" href=\"https:\/\/www.thokbikes.com\/de\/negozio\/komponenten-und-zubehoer\/suspensions-de\/hinterer-daempfer-fox-float-x2-230x65\/\" \/>\n<meta property=\"og:locale\" content=\"de_DE\" \/>\n<meta property=\"og:type\" content=\"article\" \/>\n<meta property=\"og:title\" content=\"HINTERER D\u00c4MPFER FOX FLOAT X2 230X65 - Thok\" \/>\n<meta property=\"og:description\" content=\"Der FOX RACING SHOX Float X2 Factory Metric D\u00e4mpfer ist ideal f\u00fcr Freeride\/DH oder Enduro geeignet. Es ist das ausgefeilteste Luftmodell der amerikanischen Marke.\" \/>\n<meta property=\"og:url\" content=\"https:\/\/www.thokbikes.com\/de\/negozio\/komponenten-und-zubehoer\/suspensions-de\/hinterer-daempfer-fox-float-x2-230x65\/\" \/>\n<meta property=\"og:site_name\" content=\"Thok\" \/>\n<meta property=\"article:publisher\" content=\"https:\/\/www.facebook.com\/thokebikes\" \/>\n<meta property=\"article:modified_time\" content=\"2026-01-13T08:30:11+00:00\" \/>\n<meta property=\"og:image\" content=\"https:\/\/www.thokbikes.com\/wp-content\/uploads\/2025\/02\/Shop-FOX-FLOAD-X2.jpg\" \/>\n\t<meta property=\"og:image:width\" content=\"1900\" \/>\n\t<meta property=\"og:image:height\" content=\"1900\" \/>\n\t<meta property=\"og:image:type\" content=\"image\/jpeg\" \/>\n<meta name=\"twitter:card\" content=\"summary_large_image\" \/>\n<meta name=\"twitter:label1\" content=\"Est. reading time\" \/>\n\t<meta name=\"twitter:data1\" content=\"1 minute\" \/>\n<script type=\"application\/ld+json\" class=\"yoast-schema-graph\">{\"@context\":\"https:\\\/\\\/schema.org\",\"@graph\":[{\"@type\":\"WebPage\",\"@id\":\"https:\\\/\\\/www.thokbikes.com\\\/de\\\/negozio\\\/komponenten-und-zubehoer\\\/suspensions-de\\\/hinterer-daempfer-fox-float-x2-230x65\\\/\",\"url\":\"https:\\\/\\\/www.thokbikes.com\\\/de\\\/negozio\\\/komponenten-und-zubehoer\\\/suspensions-de\\\/hinterer-daempfer-fox-float-x2-230x65\\\/\",\"name\":\"HINTERER D\u00c4MPFER FOX FLOAT X2 230X65 - Thok\",\"isPartOf\":{\"@id\":\"https:\\\/\\\/www.thokbikes.com\\\/de\\\/#website\"},\"primaryImageOfPage\":{\"@id\":\"https:\\\/\\\/www.thokbikes.com\\\/de\\\/negozio\\\/komponenten-und-zubehoer\\\/suspensions-de\\\/hinterer-daempfer-fox-float-x2-230x65\\\/#primaryimage\"},\"image\":{\"@id\":\"https:\\\/\\\/www.thokbikes.com\\\/de\\\/negozio\\\/komponenten-und-zubehoer\\\/suspensions-de\\\/hinterer-daempfer-fox-float-x2-230x65\\\/#primaryimage\"},\"thumbnailUrl\":\"https:\\\/\\\/www.thokbikes.com\\\/wp-content\\\/uploads\\\/2025\\\/02\\\/Shop-FOX-FLOAD-X2.jpg\",\"datePublished\":\"2025-02-14T05:15:57+00:00\",\"dateModified\":\"2026-01-13T08:30:11+00:00\",\"description\":\"Der FOX RACING SHOX Float X2 Factory Metric D\u00e4mpfer ist ideal f\u00fcr Freeride\\\/DH oder Enduro geeignet. Es ist das ausgefeilteste Luftmodell der amerikanischen Marke.\",\"breadcrumb\":{\"@id\":\"https:\\\/\\\/www.thokbikes.com\\\/de\\\/negozio\\\/komponenten-und-zubehoer\\\/suspensions-de\\\/hinterer-daempfer-fox-float-x2-230x65\\\/#breadcrumb\"},\"inLanguage\":\"de-DE\",\"potentialAction\":[{\"@type\":\"ReadAction\",\"target\":[\"https:\\\/\\\/www.thokbikes.com\\\/de\\\/negozio\\\/komponenten-und-zubehoer\\\/suspensions-de\\\/hinterer-daempfer-fox-float-x2-230x65\\\/\"]}]},{\"@type\":\"ImageObject\",\"inLanguage\":\"de-DE\",\"@id\":\"https:\\\/\\\/www.thokbikes.com\\\/de\\\/negozio\\\/komponenten-und-zubehoer\\\/suspensions-de\\\/hinterer-daempfer-fox-float-x2-230x65\\\/#primaryimage\",\"url\":\"https:\\\/\\\/www.thokbikes.com\\\/wp-content\\\/uploads\\\/2025\\\/02\\\/Shop-FOX-FLOAD-X2.jpg\",\"contentUrl\":\"https:\\\/\\\/www.thokbikes.com\\\/wp-content\\\/uploads\\\/2025\\\/02\\\/Shop-FOX-FLOAD-X2.jpg\",\"width\":1900,\"height\":1900},{\"@type\":\"BreadcrumbList\",\"@id\":\"https:\\\/\\\/www.thokbikes.com\\\/de\\\/negozio\\\/komponenten-und-zubehoer\\\/suspensions-de\\\/hinterer-daempfer-fox-float-x2-230x65\\\/#breadcrumb\",\"itemListElement\":[{\"@type\":\"ListItem\",\"position\":1,\"name\":\"Home\",\"item\":\"https:\\\/\\\/www.thokbikes.com\\\/de\\\/\"},{\"@type\":\"ListItem\",\"position\":2,\"name\":\"Shop\",\"item\":\"https:\\\/\\\/www.thokbikes.com\\\/negozio\\\/\"},{\"@type\":\"ListItem\",\"position\":3,\"name\":\"HINTERER D\u00c4MPFER FOX FLOAT X2 230X65\"}]},{\"@type\":\"WebSite\",\"@id\":\"https:\\\/\\\/www.thokbikes.com\\\/de\\\/#website\",\"url\":\"https:\\\/\\\/www.thokbikes.com\\\/de\\\/\",\"name\":\"Thok E-bikes\",\"description\":\"\",\"publisher\":{\"@id\":\"https:\\\/\\\/www.thokbikes.com\\\/de\\\/#organization\"},\"potentialAction\":[{\"@type\":\"SearchAction\",\"target\":{\"@type\":\"EntryPoint\",\"urlTemplate\":\"https:\\\/\\\/www.thokbikes.com\\\/de\\\/?s={search_term_string}\"},\"query-input\":{\"@type\":\"PropertyValueSpecification\",\"valueRequired\":true,\"valueName\":\"search_term_string\"}}],\"inLanguage\":\"de-DE\"},{\"@type\":\"Organization\",\"@id\":\"https:\\\/\\\/www.thokbikes.com\\\/de\\\/#organization\",\"name\":\"Thok E-bikes\",\"url\":\"https:\\\/\\\/www.thokbikes.com\\\/de\\\/\",\"logo\":{\"@type\":\"ImageObject\",\"inLanguage\":\"de-DE\",\"@id\":\"https:\\\/\\\/www.thokbikes.com\\\/de\\\/#\\\/schema\\\/logo\\\/image\\\/\",\"url\":\"https:\\\/\\\/www.thokbikes.com\\\/wp-content\\\/uploads\\\/2025\\\/11\\\/logo-thok-white.png\",\"contentUrl\":\"https:\\\/\\\/www.thokbikes.com\\\/wp-content\\\/uploads\\\/2025\\\/11\\\/logo-thok-white.png\",\"width\":1920,\"height\":281,\"caption\":\"Thok E-bikes\"},\"image\":{\"@id\":\"https:\\\/\\\/www.thokbikes.com\\\/de\\\/#\\\/schema\\\/logo\\\/image\\\/\"},\"sameAs\":[\"https:\\\/\\\/www.facebook.com\\\/thokebikes\",\"https:\\\/\\\/www.instagram.com\\\/thok_ebikes\\\/\",\"https:\\\/\\\/www.youtube.com\\\/channel\\\/UC-yfWNxPCJvVdRymE7tA8Ww\"]}]}<\/script>\n<!-- \/ Yoast SEO plugin. -->","yoast_head_json":{"title":"HINTERER D\u00c4MPFER FOX FLOAT X2 230X65 - Thok","description":"Der FOX RACING SHOX Float X2 Factory Metric D\u00e4mpfer ist ideal f\u00fcr Freeride\/DH oder Enduro geeignet. Es ist das ausgefeilteste Luftmodell der amerikanischen Marke.","robots":{"index":"index","follow":"follow","max-snippet":"max-snippet:-1","max-image-preview":"max-image-preview:large","max-video-preview":"max-video-preview:-1"},"canonical":"https:\/\/www.thokbikes.com\/de\/negozio\/komponenten-und-zubehoer\/suspensions-de\/hinterer-daempfer-fox-float-x2-230x65\/","og_locale":"de_DE","og_type":"article","og_title":"HINTERER D\u00c4MPFER FOX FLOAT X2 230X65 - Thok","og_description":"Der FOX RACING SHOX Float X2 Factory Metric D\u00e4mpfer ist ideal f\u00fcr Freeride\/DH oder Enduro geeignet. Es ist das ausgefeilteste Luftmodell der amerikanischen Marke.","og_url":"https:\/\/www.thokbikes.com\/de\/negozio\/komponenten-und-zubehoer\/suspensions-de\/hinterer-daempfer-fox-float-x2-230x65\/","og_site_name":"Thok","article_publisher":"https:\/\/www.facebook.com\/thokebikes","article_modified_time":"2026-01-13T08:30:11+00:00","og_image":[{"width":1900,"height":1900,"url":"https:\/\/www.thokbikes.com\/wp-content\/uploads\/2025\/02\/Shop-FOX-FLOAD-X2.jpg","type":"image\/jpeg"}],"twitter_card":"summary_large_image","twitter_misc":{"Est. reading time":"1 minute"},"schema":{"@context":"https:\/\/schema.org","@graph":[{"@type":"WebPage","@id":"https:\/\/www.thokbikes.com\/de\/negozio\/komponenten-und-zubehoer\/suspensions-de\/hinterer-daempfer-fox-float-x2-230x65\/","url":"https:\/\/www.thokbikes.com\/de\/negozio\/komponenten-und-zubehoer\/suspensions-de\/hinterer-daempfer-fox-float-x2-230x65\/","name":"HINTERER D\u00c4MPFER FOX FLOAT X2 230X65 - Thok","isPartOf":{"@id":"https:\/\/www.thokbikes.com\/de\/#website"},"primaryImageOfPage":{"@id":"https:\/\/www.thokbikes.com\/de\/negozio\/komponenten-und-zubehoer\/suspensions-de\/hinterer-daempfer-fox-float-x2-230x65\/#primaryimage"},"image":{"@id":"https:\/\/www.thokbikes.com\/de\/negozio\/komponenten-und-zubehoer\/suspensions-de\/hinterer-daempfer-fox-float-x2-230x65\/#primaryimage"},"thumbnailUrl":"https:\/\/www.thokbikes.com\/wp-content\/uploads\/2025\/02\/Shop-FOX-FLOAD-X2.jpg","datePublished":"2025-02-14T05:15:57+00:00","dateModified":"2026-01-13T08:30:11+00:00","description":"Der FOX RACING SHOX Float X2 Factory Metric D\u00e4mpfer ist ideal f\u00fcr Freeride\/DH oder Enduro geeignet. Es ist das ausgefeilteste Luftmodell der amerikanischen Marke.","breadcrumb":{"@id":"https:\/\/www.thokbikes.com\/de\/negozio\/komponenten-und-zubehoer\/suspensions-de\/hinterer-daempfer-fox-float-x2-230x65\/#breadcrumb"},"inLanguage":"de-DE","potentialAction":[{"@type":"ReadAction","target":["https:\/\/www.thokbikes.com\/de\/negozio\/komponenten-und-zubehoer\/suspensions-de\/hinterer-daempfer-fox-float-x2-230x65\/"]}]},{"@type":"ImageObject","inLanguage":"de-DE","@id":"https:\/\/www.thokbikes.com\/de\/negozio\/komponenten-und-zubehoer\/suspensions-de\/hinterer-daempfer-fox-float-x2-230x65\/#primaryimage","url":"https:\/\/www.thokbikes.com\/wp-content\/uploads\/2025\/02\/Shop-FOX-FLOAD-X2.jpg","contentUrl":"https:\/\/www.thokbikes.com\/wp-content\/uploads\/2025\/02\/Shop-FOX-FLOAD-X2.jpg","width":1900,"height":1900},{"@type":"BreadcrumbList","@id":"https:\/\/www.thokbikes.com\/de\/negozio\/komponenten-und-zubehoer\/suspensions-de\/hinterer-daempfer-fox-float-x2-230x65\/#breadcrumb","itemListElement":[{"@type":"ListItem","position":1,"name":"Home","item":"https:\/\/www.thokbikes.com\/de\/"},{"@type":"ListItem","position":2,"name":"Shop","item":"https:\/\/www.thokbikes.com\/negozio\/"},{"@type":"ListItem","position":3,"name":"HINTERER D\u00c4MPFER FOX FLOAT X2 230X65"}]},{"@type":"WebSite","@id":"https:\/\/www.thokbikes.com\/de\/#website","url":"https:\/\/www.thokbikes.com\/de\/","name":"Thok E-bikes","description":"","publisher":{"@id":"https:\/\/www.thokbikes.com\/de\/#organization"},"potentialAction":[{"@type":"SearchAction","target":{"@type":"EntryPoint","urlTemplate":"https:\/\/www.thokbikes.com\/de\/?s={search_term_string}"},"query-input":{"@type":"PropertyValueSpecification","valueRequired":true,"valueName":"search_term_string"}}],"inLanguage":"de-DE"},{"@type":"Organization","@id":"https:\/\/www.thokbikes.com\/de\/#organization","name":"Thok E-bikes","url":"https:\/\/www.thokbikes.com\/de\/","logo":{"@type":"ImageObject","inLanguage":"de-DE","@id":"https:\/\/www.thokbikes.com\/de\/#\/schema\/logo\/image\/","url":"https:\/\/www.thokbikes.com\/wp-content\/uploads\/2025\/11\/logo-thok-white.png","contentUrl":"https:\/\/www.thokbikes.com\/wp-content\/uploads\/2025\/11\/logo-thok-white.png","width":1920,"height":281,"caption":"Thok E-bikes"},"image":{"@id":"https:\/\/www.thokbikes.com\/de\/#\/schema\/logo\/image\/"},"sameAs":["https:\/\/www.facebook.com\/thokebikes","https:\/\/www.instagram.com\/thok_ebikes\/","https:\/\/www.youtube.com\/channel\/UC-yfWNxPCJvVdRymE7tA8Ww"]}]}},"_links":{"self":[{"href":"https:\/\/www.thokbikes.com\/de\/wp-json\/wp\/v2\/product\/25288","targetHints":{"allow":["GET"]}}],"collection":[{"href":"https:\/\/www.thokbikes.com\/de\/wp-json\/wp\/v2\/product"}],"about":[{"href":"https:\/\/www.thokbikes.com\/de\/wp-json\/wp\/v2\/types\/product"}],"replies":[{"embeddable":true,"href":"https:\/\/www.thokbikes.com\/de\/wp-json\/wp\/v2\/comments?post=25288"}],"wp:featuredmedia":[{"embeddable":true,"href":"https:\/\/www.thokbikes.com\/de\/wp-json\/wp\/v2\/media\/25284"}],"wp:attachment":[{"href":"https:\/\/www.thokbikes.com\/de\/wp-json\/wp\/v2\/media?parent=25288"}],"wp:term":[{"taxonomy":"product_brand","embeddable":true,"href":"https:\/\/www.thokbikes.com\/de\/wp-json\/wp\/v2\/product_brand?post=25288"},{"taxonomy":"product_cat","embeddable":true,"href":"https:\/\/www.thokbikes.com\/de\/wp-json\/wp\/v2\/product_cat?post=25288"},{"taxonomy":"product_tag","embeddable":true,"href":"https:\/\/www.thokbikes.com\/de\/wp-json\/wp\/v2\/product_tag?post=25288"}],"curies":[{"name":"wp","href":"https:\/\/api.w.org\/{rel}","templated":true}]}}