{"id":26503,"date":"2025-03-19T06:13:22","date_gmt":"2025-03-19T05:13:22","guid":{"rendered":"https:\/\/www.thokbikes.com\/?post_type=product&#038;p=26503"},"modified":"2025-03-24T16:35:38","modified_gmt":"2025-03-24T15:35:38","slug":"thok-rocky-teppich-cm-50x200","status":"publish","type":"product","link":"https:\/\/www.thokbikes.com\/de\/negozio\/komponenten-und-zubehoer\/accessori-de-2-komponenten-und-zubehoer\/thok-rocky-teppich-cm-50x200\/","title":{"rendered":"THOK ROCKY TEPPICH CM 50X200"},"content":{"rendered":"<ul>\n<li>Fahrrad Teppich \u201eHulry\u201c.<\/li>\n<li>Gr\u00f6\u00dfe 50&#215;200 cm.<\/li>\n<li>100% PET-Faser, eingefasst, rutschfeste gummierte R\u00fcckseite, saugf\u00e4hig, mit Entfetter waschbar.<\/li>\n<li>Mit THOK ROCKY Logo.<\/li>\n<\/ul>\n","protected":false},"excerpt":{"rendered":"<p>Fahrrad Teppich \u201eHulry\u201c. Gr\u00f6\u00dfe 50&#215;200 cm. 100% PET-Faser, eingefasst, rutschfeste gummierte R\u00fcckseite, saugf\u00e4hig, mit Entfetter waschbar. Mit THOK ROCKY Logo.<\/p>\n","protected":false},"featured_media":26510,"comment_status":"closed","ping_status":"closed","template":"","meta":{"_acf_changed":false},"product_brand":[],"product_cat":[270],"product_tag":[],"class_list":{"0":"post-26503","1":"product","2":"type-product","3":"status-publish","4":"has-post-thumbnail","6":"product_cat-accessori-de-2-komponenten-und-zubehoer","8":"first","9":"outofstock","10":"taxable","11":"shipping-taxable","12":"purchasable","13":"product-type-simple"},"acf":[],"yoast_head":"<!-- This site is optimized with the Yoast SEO plugin v27.3 - https:\/\/yoast.com\/product\/yoast-seo-wordpress\/ -->\n<title>THOK ROCKY TEPPICH CM 50X200 - Thok<\/title>\n<meta name=\"description\" content=\"Fahrrad Teppich \u201eHulry\u201c 50x200 cm. 100% PET-Faser, eingefasst, rutschfeste gummierte R\u00fcckseite, saugf\u00e4hig, mit Entfetter waschbar. Mit THOK ROCKY Logo.\" \/>\n<meta name=\"robots\" content=\"index, follow, max-snippet:-1, max-image-preview:large, max-video-preview:-1\" \/>\n<link rel=\"canonical\" href=\"https:\/\/www.thokbikes.com\/de\/negozio\/komponenten-und-zubehoer\/accessori-de-2-komponenten-und-zubehoer\/thok-rocky-teppich-cm-50x200\/\" \/>\n<meta property=\"og:locale\" content=\"de_DE\" \/>\n<meta property=\"og:type\" content=\"article\" \/>\n<meta property=\"og:title\" content=\"THOK ROCKY TEPPICH CM 50X200 - Thok\" \/>\n<meta property=\"og:description\" content=\"Fahrrad Teppich \u201eHulry\u201c 50x200 cm. 100% PET-Faser, eingefasst, rutschfeste gummierte R\u00fcckseite, saugf\u00e4hig, mit Entfetter waschbar. Mit THOK ROCKY Logo.\" \/>\n<meta property=\"og:url\" content=\"https:\/\/www.thokbikes.com\/de\/negozio\/komponenten-und-zubehoer\/accessori-de-2-komponenten-und-zubehoer\/thok-rocky-teppich-cm-50x200\/\" \/>\n<meta property=\"og:site_name\" content=\"Thok\" \/>\n<meta property=\"article:publisher\" content=\"https:\/\/www.facebook.com\/thokebikes\" \/>\n<meta property=\"article:modified_time\" content=\"2025-03-24T15:35:38+00:00\" \/>\n<meta property=\"og:image\" content=\"https:\/\/www.thokbikes.com\/wp-content\/uploads\/2025\/03\/Shop-TAPPETO-80X200.jpg\" \/>\n\t<meta property=\"og:image:width\" content=\"1900\" \/>\n\t<meta property=\"og:image:height\" content=\"1900\" \/>\n\t<meta property=\"og:image:type\" content=\"image\/jpeg\" \/>\n<meta name=\"twitter:card\" content=\"summary_large_image\" \/>\n<meta name=\"twitter:label1\" content=\"Est. reading time\" \/>\n\t<meta name=\"twitter:data1\" content=\"1 minute\" \/>\n<script type=\"application\/ld+json\" class=\"yoast-schema-graph\">{\"@context\":\"https:\\\/\\\/schema.org\",\"@graph\":[{\"@type\":\"WebPage\",\"@id\":\"https:\\\/\\\/www.thokbikes.com\\\/de\\\/negozio\\\/komponenten-und-zubehoer\\\/accessori-de-2-komponenten-und-zubehoer\\\/thok-rocky-teppich-cm-50x200\\\/\",\"url\":\"https:\\\/\\\/www.thokbikes.com\\\/de\\\/negozio\\\/komponenten-und-zubehoer\\\/accessori-de-2-komponenten-und-zubehoer\\\/thok-rocky-teppich-cm-50x200\\\/\",\"name\":\"THOK ROCKY TEPPICH CM 50X200 - Thok\",\"isPartOf\":{\"@id\":\"https:\\\/\\\/www.thokbikes.com\\\/de\\\/#website\"},\"primaryImageOfPage\":{\"@id\":\"https:\\\/\\\/www.thokbikes.com\\\/de\\\/negozio\\\/komponenten-und-zubehoer\\\/accessori-de-2-komponenten-und-zubehoer\\\/thok-rocky-teppich-cm-50x200\\\/#primaryimage\"},\"image\":{\"@id\":\"https:\\\/\\\/www.thokbikes.com\\\/de\\\/negozio\\\/komponenten-und-zubehoer\\\/accessori-de-2-komponenten-und-zubehoer\\\/thok-rocky-teppich-cm-50x200\\\/#primaryimage\"},\"thumbnailUrl\":\"https:\\\/\\\/www.thokbikes.com\\\/wp-content\\\/uploads\\\/2025\\\/03\\\/Shop-TAPPETO-80X200.jpg\",\"datePublished\":\"2025-03-19T05:13:22+00:00\",\"dateModified\":\"2025-03-24T15:35:38+00:00\",\"description\":\"Fahrrad Teppich \u201eHulry\u201c 50x200 cm. 100% PET-Faser, eingefasst, rutschfeste gummierte R\u00fcckseite, saugf\u00e4hig, mit Entfetter waschbar. Mit THOK ROCKY Logo.\",\"breadcrumb\":{\"@id\":\"https:\\\/\\\/www.thokbikes.com\\\/de\\\/negozio\\\/komponenten-und-zubehoer\\\/accessori-de-2-komponenten-und-zubehoer\\\/thok-rocky-teppich-cm-50x200\\\/#breadcrumb\"},\"inLanguage\":\"de-DE\",\"potentialAction\":[{\"@type\":\"ReadAction\",\"target\":[\"https:\\\/\\\/www.thokbikes.com\\\/de\\\/negozio\\\/komponenten-und-zubehoer\\\/accessori-de-2-komponenten-und-zubehoer\\\/thok-rocky-teppich-cm-50x200\\\/\"]}]},{\"@type\":\"ImageObject\",\"inLanguage\":\"de-DE\",\"@id\":\"https:\\\/\\\/www.thokbikes.com\\\/de\\\/negozio\\\/komponenten-und-zubehoer\\\/accessori-de-2-komponenten-und-zubehoer\\\/thok-rocky-teppich-cm-50x200\\\/#primaryimage\",\"url\":\"https:\\\/\\\/www.thokbikes.com\\\/wp-content\\\/uploads\\\/2025\\\/03\\\/Shop-TAPPETO-80X200.jpg\",\"contentUrl\":\"https:\\\/\\\/www.thokbikes.com\\\/wp-content\\\/uploads\\\/2025\\\/03\\\/Shop-TAPPETO-80X200.jpg\",\"width\":1900,\"height\":1900},{\"@type\":\"BreadcrumbList\",\"@id\":\"https:\\\/\\\/www.thokbikes.com\\\/de\\\/negozio\\\/komponenten-und-zubehoer\\\/accessori-de-2-komponenten-und-zubehoer\\\/thok-rocky-teppich-cm-50x200\\\/#breadcrumb\",\"itemListElement\":[{\"@type\":\"ListItem\",\"position\":1,\"name\":\"Home\",\"item\":\"https:\\\/\\\/www.thokbikes.com\\\/de\\\/\"},{\"@type\":\"ListItem\",\"position\":2,\"name\":\"Shop\",\"item\":\"https:\\\/\\\/www.thokbikes.com\\\/negozio\\\/\"},{\"@type\":\"ListItem\",\"position\":3,\"name\":\"THOK ROCKY TEPPICH CM 50X200\"}]},{\"@type\":\"WebSite\",\"@id\":\"https:\\\/\\\/www.thokbikes.com\\\/de\\\/#website\",\"url\":\"https:\\\/\\\/www.thokbikes.com\\\/de\\\/\",\"name\":\"Thok E-bikes\",\"description\":\"\",\"publisher\":{\"@id\":\"https:\\\/\\\/www.thokbikes.com\\\/de\\\/#organization\"},\"potentialAction\":[{\"@type\":\"SearchAction\",\"target\":{\"@type\":\"EntryPoint\",\"urlTemplate\":\"https:\\\/\\\/www.thokbikes.com\\\/de\\\/?s={search_term_string}\"},\"query-input\":{\"@type\":\"PropertyValueSpecification\",\"valueRequired\":true,\"valueName\":\"search_term_string\"}}],\"inLanguage\":\"de-DE\"},{\"@type\":\"Organization\",\"@id\":\"https:\\\/\\\/www.thokbikes.com\\\/de\\\/#organization\",\"name\":\"Thok E-bikes\",\"url\":\"https:\\\/\\\/www.thokbikes.com\\\/de\\\/\",\"logo\":{\"@type\":\"ImageObject\",\"inLanguage\":\"de-DE\",\"@id\":\"https:\\\/\\\/www.thokbikes.com\\\/de\\\/#\\\/schema\\\/logo\\\/image\\\/\",\"url\":\"https:\\\/\\\/www.thokbikes.com\\\/wp-content\\\/uploads\\\/2025\\\/11\\\/logo-thok-white.png\",\"contentUrl\":\"https:\\\/\\\/www.thokbikes.com\\\/wp-content\\\/uploads\\\/2025\\\/11\\\/logo-thok-white.png\",\"width\":1920,\"height\":281,\"caption\":\"Thok E-bikes\"},\"image\":{\"@id\":\"https:\\\/\\\/www.thokbikes.com\\\/de\\\/#\\\/schema\\\/logo\\\/image\\\/\"},\"sameAs\":[\"https:\\\/\\\/www.facebook.com\\\/thokebikes\",\"https:\\\/\\\/www.instagram.com\\\/thok_ebikes\\\/\",\"https:\\\/\\\/www.youtube.com\\\/channel\\\/UC-yfWNxPCJvVdRymE7tA8Ww\"]}]}<\/script>\n<!-- \/ Yoast SEO plugin. -->","yoast_head_json":{"title":"THOK ROCKY TEPPICH CM 50X200 - Thok","description":"Fahrrad Teppich \u201eHulry\u201c 50x200 cm. 100% PET-Faser, eingefasst, rutschfeste gummierte R\u00fcckseite, saugf\u00e4hig, mit Entfetter waschbar. Mit THOK ROCKY Logo.","robots":{"index":"index","follow":"follow","max-snippet":"max-snippet:-1","max-image-preview":"max-image-preview:large","max-video-preview":"max-video-preview:-1"},"canonical":"https:\/\/www.thokbikes.com\/de\/negozio\/komponenten-und-zubehoer\/accessori-de-2-komponenten-und-zubehoer\/thok-rocky-teppich-cm-50x200\/","og_locale":"de_DE","og_type":"article","og_title":"THOK ROCKY TEPPICH CM 50X200 - Thok","og_description":"Fahrrad Teppich \u201eHulry\u201c 50x200 cm. 100% PET-Faser, eingefasst, rutschfeste gummierte R\u00fcckseite, saugf\u00e4hig, mit Entfetter waschbar. Mit THOK ROCKY Logo.","og_url":"https:\/\/www.thokbikes.com\/de\/negozio\/komponenten-und-zubehoer\/accessori-de-2-komponenten-und-zubehoer\/thok-rocky-teppich-cm-50x200\/","og_site_name":"Thok","article_publisher":"https:\/\/www.facebook.com\/thokebikes","article_modified_time":"2025-03-24T15:35:38+00:00","og_image":[{"width":1900,"height":1900,"url":"https:\/\/www.thokbikes.com\/wp-content\/uploads\/2025\/03\/Shop-TAPPETO-80X200.jpg","type":"image\/jpeg"}],"twitter_card":"summary_large_image","twitter_misc":{"Est. reading time":"1 minute"},"schema":{"@context":"https:\/\/schema.org","@graph":[{"@type":"WebPage","@id":"https:\/\/www.thokbikes.com\/de\/negozio\/komponenten-und-zubehoer\/accessori-de-2-komponenten-und-zubehoer\/thok-rocky-teppich-cm-50x200\/","url":"https:\/\/www.thokbikes.com\/de\/negozio\/komponenten-und-zubehoer\/accessori-de-2-komponenten-und-zubehoer\/thok-rocky-teppich-cm-50x200\/","name":"THOK ROCKY TEPPICH CM 50X200 - Thok","isPartOf":{"@id":"https:\/\/www.thokbikes.com\/de\/#website"},"primaryImageOfPage":{"@id":"https:\/\/www.thokbikes.com\/de\/negozio\/komponenten-und-zubehoer\/accessori-de-2-komponenten-und-zubehoer\/thok-rocky-teppich-cm-50x200\/#primaryimage"},"image":{"@id":"https:\/\/www.thokbikes.com\/de\/negozio\/komponenten-und-zubehoer\/accessori-de-2-komponenten-und-zubehoer\/thok-rocky-teppich-cm-50x200\/#primaryimage"},"thumbnailUrl":"https:\/\/www.thokbikes.com\/wp-content\/uploads\/2025\/03\/Shop-TAPPETO-80X200.jpg","datePublished":"2025-03-19T05:13:22+00:00","dateModified":"2025-03-24T15:35:38+00:00","description":"Fahrrad Teppich \u201eHulry\u201c 50x200 cm. 100% PET-Faser, eingefasst, rutschfeste gummierte R\u00fcckseite, saugf\u00e4hig, mit Entfetter waschbar. Mit THOK ROCKY Logo.","breadcrumb":{"@id":"https:\/\/www.thokbikes.com\/de\/negozio\/komponenten-und-zubehoer\/accessori-de-2-komponenten-und-zubehoer\/thok-rocky-teppich-cm-50x200\/#breadcrumb"},"inLanguage":"de-DE","potentialAction":[{"@type":"ReadAction","target":["https:\/\/www.thokbikes.com\/de\/negozio\/komponenten-und-zubehoer\/accessori-de-2-komponenten-und-zubehoer\/thok-rocky-teppich-cm-50x200\/"]}]},{"@type":"ImageObject","inLanguage":"de-DE","@id":"https:\/\/www.thokbikes.com\/de\/negozio\/komponenten-und-zubehoer\/accessori-de-2-komponenten-und-zubehoer\/thok-rocky-teppich-cm-50x200\/#primaryimage","url":"https:\/\/www.thokbikes.com\/wp-content\/uploads\/2025\/03\/Shop-TAPPETO-80X200.jpg","contentUrl":"https:\/\/www.thokbikes.com\/wp-content\/uploads\/2025\/03\/Shop-TAPPETO-80X200.jpg","width":1900,"height":1900},{"@type":"BreadcrumbList","@id":"https:\/\/www.thokbikes.com\/de\/negozio\/komponenten-und-zubehoer\/accessori-de-2-komponenten-und-zubehoer\/thok-rocky-teppich-cm-50x200\/#breadcrumb","itemListElement":[{"@type":"ListItem","position":1,"name":"Home","item":"https:\/\/www.thokbikes.com\/de\/"},{"@type":"ListItem","position":2,"name":"Shop","item":"https:\/\/www.thokbikes.com\/negozio\/"},{"@type":"ListItem","position":3,"name":"THOK ROCKY TEPPICH CM 50X200"}]},{"@type":"WebSite","@id":"https:\/\/www.thokbikes.com\/de\/#website","url":"https:\/\/www.thokbikes.com\/de\/","name":"Thok E-bikes","description":"","publisher":{"@id":"https:\/\/www.thokbikes.com\/de\/#organization"},"potentialAction":[{"@type":"SearchAction","target":{"@type":"EntryPoint","urlTemplate":"https:\/\/www.thokbikes.com\/de\/?s={search_term_string}"},"query-input":{"@type":"PropertyValueSpecification","valueRequired":true,"valueName":"search_term_string"}}],"inLanguage":"de-DE"},{"@type":"Organization","@id":"https:\/\/www.thokbikes.com\/de\/#organization","name":"Thok E-bikes","url":"https:\/\/www.thokbikes.com\/de\/","logo":{"@type":"ImageObject","inLanguage":"de-DE","@id":"https:\/\/www.thokbikes.com\/de\/#\/schema\/logo\/image\/","url":"https:\/\/www.thokbikes.com\/wp-content\/uploads\/2025\/11\/logo-thok-white.png","contentUrl":"https:\/\/www.thokbikes.com\/wp-content\/uploads\/2025\/11\/logo-thok-white.png","width":1920,"height":281,"caption":"Thok E-bikes"},"image":{"@id":"https:\/\/www.thokbikes.com\/de\/#\/schema\/logo\/image\/"},"sameAs":["https:\/\/www.facebook.com\/thokebikes","https:\/\/www.instagram.com\/thok_ebikes\/","https:\/\/www.youtube.com\/channel\/UC-yfWNxPCJvVdRymE7tA8Ww"]}]}},"_links":{"self":[{"href":"https:\/\/www.thokbikes.com\/de\/wp-json\/wp\/v2\/product\/26503","targetHints":{"allow":["GET"]}}],"collection":[{"href":"https:\/\/www.thokbikes.com\/de\/wp-json\/wp\/v2\/product"}],"about":[{"href":"https:\/\/www.thokbikes.com\/de\/wp-json\/wp\/v2\/types\/product"}],"replies":[{"embeddable":true,"href":"https:\/\/www.thokbikes.com\/de\/wp-json\/wp\/v2\/comments?post=26503"}],"wp:featuredmedia":[{"embeddable":true,"href":"https:\/\/www.thokbikes.com\/de\/wp-json\/wp\/v2\/media\/26510"}],"wp:attachment":[{"href":"https:\/\/www.thokbikes.com\/de\/wp-json\/wp\/v2\/media?parent=26503"}],"wp:term":[{"taxonomy":"product_brand","embeddable":true,"href":"https:\/\/www.thokbikes.com\/de\/wp-json\/wp\/v2\/product_brand?post=26503"},{"taxonomy":"product_cat","embeddable":true,"href":"https:\/\/www.thokbikes.com\/de\/wp-json\/wp\/v2\/product_cat?post=26503"},{"taxonomy":"product_tag","embeddable":true,"href":"https:\/\/www.thokbikes.com\/de\/wp-json\/wp\/v2\/product_tag?post=26503"}],"curies":[{"name":"wp","href":"https:\/\/api.w.org\/{rel}","templated":true}]}}