{"id":29088,"date":"2025-06-18T06:15:38","date_gmt":"2025-06-18T04:15:38","guid":{"rendered":"https:\/\/www.thokbikes.com\/?post_type=product&#038;p=29088"},"modified":"2025-12-11T15:26:37","modified_gmt":"2025-12-11T14:26:37","slug":"jersey-ls-bordeaux-moltenline","status":"publish","type":"product","link":"https:\/\/www.thokbikes.com\/de\/negozio\/bekleidung\/softgoods-de\/jersey-ls-bordeaux-moltenline\/","title":{"rendered":"Jersey LS bordeaux moltenline"},"content":{"rendered":"<p><strong>Moltenline Jersey<\/strong><br \/>\nTechnisches Langarm-Riding-Trikot aus atmungsaktivem Material, entwickelt f\u00fcr maximale Bewegungsfreiheit.<br \/>\nMit r\u00fcckseitiger Rei\u00dfverschlusstasche f\u00fcr kleine Utensilien und integriertem Reinigungstuch auf der Vorderseite f\u00fcr Brillen und Displays.<br \/>\nFarbe: Schwarz\/Burgunderrot mit kontrastierendem THOK-Logo in Wei\u00df.<\/p>\n","protected":false},"excerpt":{"rendered":"<p>Moltenline Jersey Technisches Langarm-Riding-Trikot aus atmungsaktivem Material, entwickelt f\u00fcr maximale Bewegungsfreiheit. Mit r\u00fcckseitiger Rei\u00dfverschlusstasche f\u00fcr kleine Utensilien und integriertem Reinigungstuch auf der Vorderseite f\u00fcr Brillen und Displays. Farbe: Schwarz\/Burgunderrot mit kontrastierendem THOK-Logo in Wei\u00df.<\/p>\n","protected":false},"featured_media":29066,"comment_status":"closed","ping_status":"closed","template":"","meta":{"_acf_changed":false},"product_brand":[],"product_cat":[244,284],"product_tag":[],"class_list":{"0":"post-29088","1":"product","2":"type-product","3":"status-publish","4":"has-post-thumbnail","6":"product_cat-softgoods-de","7":"product_cat-performance-de","8":"pa_taglia-s-de","9":"pa_taglia-m-de","10":"pa_taglia-l-de","11":"pa_taglia-xl-de","13":"first","14":"instock","15":"taxable","16":"shipping-taxable","17":"purchasable","18":"product-type-variable"},"acf":[],"yoast_head":"<!-- This site is optimized with the Yoast SEO plugin v27.1.1 - https:\/\/yoast.com\/product\/yoast-seo-wordpress\/ -->\n<title>Jersey LS bordeaux moltenline - Thok<\/title>\n<meta name=\"robots\" content=\"index, follow, max-snippet:-1, max-image-preview:large, max-video-preview:-1\" \/>\n<link rel=\"canonical\" href=\"https:\/\/www.thokbikes.com\/de\/negozio\/bekleidung\/softgoods-de\/jersey-ls-bordeaux-moltenline\/\" \/>\n<meta property=\"og:locale\" content=\"de_DE\" \/>\n<meta property=\"og:type\" content=\"article\" \/>\n<meta property=\"og:title\" content=\"Jersey LS bordeaux moltenline - Thok\" \/>\n<meta property=\"og:description\" content=\"Moltenline Jersey Technisches Langarm-Riding-Trikot aus atmungsaktivem Material, entwickelt f\u00fcr maximale Bewegungsfreiheit. Mit r\u00fcckseitiger Rei\u00dfverschlusstasche f\u00fcr kleine Utensilien und integriertem Reinigungstuch auf der Vorderseite f\u00fcr Brillen und Displays. Farbe: Schwarz\/Burgunderrot mit kontrastierendem THOK-Logo in Wei\u00df.\" \/>\n<meta property=\"og:url\" content=\"https:\/\/www.thokbikes.com\/de\/negozio\/bekleidung\/softgoods-de\/jersey-ls-bordeaux-moltenline\/\" \/>\n<meta property=\"og:site_name\" content=\"Thok\" \/>\n<meta property=\"article:publisher\" content=\"https:\/\/www.facebook.com\/thokebikes\" \/>\n<meta property=\"article:modified_time\" content=\"2025-12-11T14:26:37+00:00\" \/>\n<meta property=\"og:image\" content=\"https:\/\/www.thokbikes.com\/wp-content\/uploads\/2025\/06\/LS-Red.jpg\" \/>\n\t<meta property=\"og:image:width\" content=\"1920\" \/>\n\t<meta property=\"og:image:height\" content=\"1920\" \/>\n\t<meta property=\"og:image:type\" content=\"image\/jpeg\" \/>\n<meta name=\"twitter:card\" content=\"summary_large_image\" \/>\n<meta name=\"twitter:label1\" content=\"Est. reading time\" \/>\n\t<meta name=\"twitter:data1\" content=\"1 minute\" \/>\n<script type=\"application\/ld+json\" class=\"yoast-schema-graph\">{\"@context\":\"https:\/\/schema.org\",\"@graph\":[{\"@type\":\"WebPage\",\"@id\":\"https:\/\/www.thokbikes.com\/de\/negozio\/bekleidung\/softgoods-de\/jersey-ls-bordeaux-moltenline\/\",\"url\":\"https:\/\/www.thokbikes.com\/de\/negozio\/bekleidung\/softgoods-de\/jersey-ls-bordeaux-moltenline\/\",\"name\":\"Jersey LS bordeaux moltenline - Thok\",\"isPartOf\":{\"@id\":\"https:\/\/www.thokbikes.com\/de\/#website\"},\"primaryImageOfPage\":{\"@id\":\"https:\/\/www.thokbikes.com\/de\/negozio\/bekleidung\/softgoods-de\/jersey-ls-bordeaux-moltenline\/#primaryimage\"},\"image\":{\"@id\":\"https:\/\/www.thokbikes.com\/de\/negozio\/bekleidung\/softgoods-de\/jersey-ls-bordeaux-moltenline\/#primaryimage\"},\"thumbnailUrl\":\"https:\/\/www.thokbikes.com\/wp-content\/uploads\/2025\/06\/LS-Red.jpg\",\"datePublished\":\"2025-06-18T04:15:38+00:00\",\"dateModified\":\"2025-12-11T14:26:37+00:00\",\"breadcrumb\":{\"@id\":\"https:\/\/www.thokbikes.com\/de\/negozio\/bekleidung\/softgoods-de\/jersey-ls-bordeaux-moltenline\/#breadcrumb\"},\"inLanguage\":\"de-DE\",\"potentialAction\":[{\"@type\":\"ReadAction\",\"target\":[\"https:\/\/www.thokbikes.com\/de\/negozio\/bekleidung\/softgoods-de\/jersey-ls-bordeaux-moltenline\/\"]}]},{\"@type\":\"ImageObject\",\"inLanguage\":\"de-DE\",\"@id\":\"https:\/\/www.thokbikes.com\/de\/negozio\/bekleidung\/softgoods-de\/jersey-ls-bordeaux-moltenline\/#primaryimage\",\"url\":\"https:\/\/www.thokbikes.com\/wp-content\/uploads\/2025\/06\/LS-Red.jpg\",\"contentUrl\":\"https:\/\/www.thokbikes.com\/wp-content\/uploads\/2025\/06\/LS-Red.jpg\",\"width\":1920,\"height\":1920},{\"@type\":\"BreadcrumbList\",\"@id\":\"https:\/\/www.thokbikes.com\/de\/negozio\/bekleidung\/softgoods-de\/jersey-ls-bordeaux-moltenline\/#breadcrumb\",\"itemListElement\":[{\"@type\":\"ListItem\",\"position\":1,\"name\":\"Home\",\"item\":\"https:\/\/www.thokbikes.com\/de\/\"},{\"@type\":\"ListItem\",\"position\":2,\"name\":\"Shop\",\"item\":\"https:\/\/www.thokbikes.com\/negozio\/\"},{\"@type\":\"ListItem\",\"position\":3,\"name\":\"Jersey LS bordeaux moltenline\"}]},{\"@type\":\"WebSite\",\"@id\":\"https:\/\/www.thokbikes.com\/de\/#website\",\"url\":\"https:\/\/www.thokbikes.com\/de\/\",\"name\":\"Thok E-bikes\",\"description\":\"\",\"publisher\":{\"@id\":\"https:\/\/www.thokbikes.com\/de\/#organization\"},\"potentialAction\":[{\"@type\":\"SearchAction\",\"target\":{\"@type\":\"EntryPoint\",\"urlTemplate\":\"https:\/\/www.thokbikes.com\/de\/?s={search_term_string}\"},\"query-input\":{\"@type\":\"PropertyValueSpecification\",\"valueRequired\":true,\"valueName\":\"search_term_string\"}}],\"inLanguage\":\"de-DE\"},{\"@type\":\"Organization\",\"@id\":\"https:\/\/www.thokbikes.com\/de\/#organization\",\"name\":\"Thok E-bikes\",\"url\":\"https:\/\/www.thokbikes.com\/de\/\",\"logo\":{\"@type\":\"ImageObject\",\"inLanguage\":\"de-DE\",\"@id\":\"https:\/\/www.thokbikes.com\/de\/#\/schema\/logo\/image\/\",\"url\":\"https:\/\/www.thokbikes.com\/wp-content\/uploads\/2025\/11\/logo-thok-white.png\",\"contentUrl\":\"https:\/\/www.thokbikes.com\/wp-content\/uploads\/2025\/11\/logo-thok-white.png\",\"width\":1920,\"height\":281,\"caption\":\"Thok E-bikes\"},\"image\":{\"@id\":\"https:\/\/www.thokbikes.com\/de\/#\/schema\/logo\/image\/\"},\"sameAs\":[\"https:\/\/www.facebook.com\/thokebikes\",\"https:\/\/www.instagram.com\/thok_ebikes\/\",\"https:\/\/www.youtube.com\/channel\/UC-yfWNxPCJvVdRymE7tA8Ww\"]}]}<\/script>\n<!-- \/ Yoast SEO plugin. -->","yoast_head_json":{"title":"Jersey LS bordeaux moltenline - Thok","robots":{"index":"index","follow":"follow","max-snippet":"max-snippet:-1","max-image-preview":"max-image-preview:large","max-video-preview":"max-video-preview:-1"},"canonical":"https:\/\/www.thokbikes.com\/de\/negozio\/bekleidung\/softgoods-de\/jersey-ls-bordeaux-moltenline\/","og_locale":"de_DE","og_type":"article","og_title":"Jersey LS bordeaux moltenline - Thok","og_description":"Moltenline Jersey Technisches Langarm-Riding-Trikot aus atmungsaktivem Material, entwickelt f\u00fcr maximale Bewegungsfreiheit. Mit r\u00fcckseitiger Rei\u00dfverschlusstasche f\u00fcr kleine Utensilien und integriertem Reinigungstuch auf der Vorderseite f\u00fcr Brillen und Displays. Farbe: Schwarz\/Burgunderrot mit kontrastierendem THOK-Logo in Wei\u00df.","og_url":"https:\/\/www.thokbikes.com\/de\/negozio\/bekleidung\/softgoods-de\/jersey-ls-bordeaux-moltenline\/","og_site_name":"Thok","article_publisher":"https:\/\/www.facebook.com\/thokebikes","article_modified_time":"2025-12-11T14:26:37+00:00","og_image":[{"width":1920,"height":1920,"url":"https:\/\/www.thokbikes.com\/wp-content\/uploads\/2025\/06\/LS-Red.jpg","type":"image\/jpeg"}],"twitter_card":"summary_large_image","twitter_misc":{"Est. reading time":"1 minute"},"schema":{"@context":"https:\/\/schema.org","@graph":[{"@type":"WebPage","@id":"https:\/\/www.thokbikes.com\/de\/negozio\/bekleidung\/softgoods-de\/jersey-ls-bordeaux-moltenline\/","url":"https:\/\/www.thokbikes.com\/de\/negozio\/bekleidung\/softgoods-de\/jersey-ls-bordeaux-moltenline\/","name":"Jersey LS bordeaux moltenline - Thok","isPartOf":{"@id":"https:\/\/www.thokbikes.com\/de\/#website"},"primaryImageOfPage":{"@id":"https:\/\/www.thokbikes.com\/de\/negozio\/bekleidung\/softgoods-de\/jersey-ls-bordeaux-moltenline\/#primaryimage"},"image":{"@id":"https:\/\/www.thokbikes.com\/de\/negozio\/bekleidung\/softgoods-de\/jersey-ls-bordeaux-moltenline\/#primaryimage"},"thumbnailUrl":"https:\/\/www.thokbikes.com\/wp-content\/uploads\/2025\/06\/LS-Red.jpg","datePublished":"2025-06-18T04:15:38+00:00","dateModified":"2025-12-11T14:26:37+00:00","breadcrumb":{"@id":"https:\/\/www.thokbikes.com\/de\/negozio\/bekleidung\/softgoods-de\/jersey-ls-bordeaux-moltenline\/#breadcrumb"},"inLanguage":"de-DE","potentialAction":[{"@type":"ReadAction","target":["https:\/\/www.thokbikes.com\/de\/negozio\/bekleidung\/softgoods-de\/jersey-ls-bordeaux-moltenline\/"]}]},{"@type":"ImageObject","inLanguage":"de-DE","@id":"https:\/\/www.thokbikes.com\/de\/negozio\/bekleidung\/softgoods-de\/jersey-ls-bordeaux-moltenline\/#primaryimage","url":"https:\/\/www.thokbikes.com\/wp-content\/uploads\/2025\/06\/LS-Red.jpg","contentUrl":"https:\/\/www.thokbikes.com\/wp-content\/uploads\/2025\/06\/LS-Red.jpg","width":1920,"height":1920},{"@type":"BreadcrumbList","@id":"https:\/\/www.thokbikes.com\/de\/negozio\/bekleidung\/softgoods-de\/jersey-ls-bordeaux-moltenline\/#breadcrumb","itemListElement":[{"@type":"ListItem","position":1,"name":"Home","item":"https:\/\/www.thokbikes.com\/de\/"},{"@type":"ListItem","position":2,"name":"Shop","item":"https:\/\/www.thokbikes.com\/negozio\/"},{"@type":"ListItem","position":3,"name":"Jersey LS bordeaux moltenline"}]},{"@type":"WebSite","@id":"https:\/\/www.thokbikes.com\/de\/#website","url":"https:\/\/www.thokbikes.com\/de\/","name":"Thok E-bikes","description":"","publisher":{"@id":"https:\/\/www.thokbikes.com\/de\/#organization"},"potentialAction":[{"@type":"SearchAction","target":{"@type":"EntryPoint","urlTemplate":"https:\/\/www.thokbikes.com\/de\/?s={search_term_string}"},"query-input":{"@type":"PropertyValueSpecification","valueRequired":true,"valueName":"search_term_string"}}],"inLanguage":"de-DE"},{"@type":"Organization","@id":"https:\/\/www.thokbikes.com\/de\/#organization","name":"Thok E-bikes","url":"https:\/\/www.thokbikes.com\/de\/","logo":{"@type":"ImageObject","inLanguage":"de-DE","@id":"https:\/\/www.thokbikes.com\/de\/#\/schema\/logo\/image\/","url":"https:\/\/www.thokbikes.com\/wp-content\/uploads\/2025\/11\/logo-thok-white.png","contentUrl":"https:\/\/www.thokbikes.com\/wp-content\/uploads\/2025\/11\/logo-thok-white.png","width":1920,"height":281,"caption":"Thok E-bikes"},"image":{"@id":"https:\/\/www.thokbikes.com\/de\/#\/schema\/logo\/image\/"},"sameAs":["https:\/\/www.facebook.com\/thokebikes","https:\/\/www.instagram.com\/thok_ebikes\/","https:\/\/www.youtube.com\/channel\/UC-yfWNxPCJvVdRymE7tA8Ww"]}]}},"_links":{"self":[{"href":"https:\/\/www.thokbikes.com\/de\/wp-json\/wp\/v2\/product\/29088","targetHints":{"allow":["GET"]}}],"collection":[{"href":"https:\/\/www.thokbikes.com\/de\/wp-json\/wp\/v2\/product"}],"about":[{"href":"https:\/\/www.thokbikes.com\/de\/wp-json\/wp\/v2\/types\/product"}],"replies":[{"embeddable":true,"href":"https:\/\/www.thokbikes.com\/de\/wp-json\/wp\/v2\/comments?post=29088"}],"wp:featuredmedia":[{"embeddable":true,"href":"https:\/\/www.thokbikes.com\/de\/wp-json\/wp\/v2\/media\/29066"}],"wp:attachment":[{"href":"https:\/\/www.thokbikes.com\/de\/wp-json\/wp\/v2\/media?parent=29088"}],"wp:term":[{"taxonomy":"product_brand","embeddable":true,"href":"https:\/\/www.thokbikes.com\/de\/wp-json\/wp\/v2\/product_brand?post=29088"},{"taxonomy":"product_cat","embeddable":true,"href":"https:\/\/www.thokbikes.com\/de\/wp-json\/wp\/v2\/product_cat?post=29088"},{"taxonomy":"product_tag","embeddable":true,"href":"https:\/\/www.thokbikes.com\/de\/wp-json\/wp\/v2\/product_tag?post=29088"}],"curies":[{"name":"wp","href":"https:\/\/api.w.org\/{rel}","templated":true}]}}