{"id":34710,"date":"2026-01-17T06:07:46","date_gmt":"2026-01-17T05:07:46","guid":{"rendered":"https:\/\/www.thokbikes.com\/negozio\/uncategorized\/disco-freno-magura-mdr-s-203-6b-203-6b-2-0mm\/"},"modified":"2026-01-20T14:02:44","modified_gmt":"2026-01-20T13:02:44","slug":"disco-freno-magura-mdr-s-203-6b-203-6b-2-0mm","status":"publish","type":"product","link":"https:\/\/www.thokbikes.com\/de\/negozio\/komponenten-und-zubehoer\/brakes-de\/disco-freno-magura-mdr-s-203-6b-203-6b-2-0mm\/","title":{"rendered":"MAGURA MDR-S 203 6B BREMSSCHEIBE 2.0MM"},"content":{"rendered":"<p>Die Magura MDR-S 203 mm Bremsscheibe ist eine 6-Loch-Edelstahlbremsscheibe, die f\u00fcr hervorragende und konstante Bremsleistung entwickelt wurde. Die erh\u00f6hte Materialst\u00e4rke (ca. 2,5 mm) verbessert die thermische Best\u00e4ndigkeit und die Stabilit\u00e4t unter Last und reduziert Vibrationen sowie Ger\u00e4usche beim Bremsen. Dank der korrosionsbest\u00e4ndigen Oberfl\u00e4che und des optimierten Reibringdesigns bietet sie eine \u00fcberlegene Kontrolle und Dosierbarkeit. Kompatibel mit den Magura Gustav PRO Bremssystemen, ist sie ideal f\u00fcr technisches Gel\u00e4nde und aggressiven Einsatz.<\/p>\n","protected":false},"excerpt":{"rendered":"<p>Die Magura MDR-S 203 mm Bremsscheibe ist eine 6-Loch-Edelstahlbremsscheibe, die f\u00fcr hervorragende und konstante Bremsleistung entwickelt wurde. Die erh\u00f6hte Materialst\u00e4rke (ca. 2,5 mm) verbessert die thermische Best\u00e4ndigkeit und die Stabilit\u00e4t unter Last und reduziert Vibrationen sowie Ger\u00e4usche beim Bremsen. Dank der korrosionsbest\u00e4ndigen Oberfl\u00e4che und des optimierten Reibringdesigns bietet sie eine \u00fcberlegene Kontrolle und Dosierbarkeit. Kompatibel [&hellip;]<\/p>\n","protected":false},"featured_media":37781,"comment_status":"closed","ping_status":"closed","template":"","meta":{"_acf_changed":false},"product_brand":[],"product_cat":[147,124],"product_tag":[],"class_list":{"0":"post-34710","1":"product","2":"type-product","3":"status-publish","4":"has-post-thumbnail","6":"product_cat-brakes-de","7":"product_cat-komponenten-und-zubehoer","9":"first","10":"instock","11":"taxable","12":"shipping-taxable","13":"purchasable","14":"product-type-simple"},"acf":[],"yoast_head":"<!-- This site is optimized with the Yoast SEO plugin v27.3 - https:\/\/yoast.com\/product\/yoast-seo-wordpress\/ -->\n<title>MAGURA MDR-S 203 6B BREMSSCHEIBE 2.0MM - Thok<\/title>\n<meta name=\"robots\" content=\"index, follow, max-snippet:-1, max-image-preview:large, max-video-preview:-1\" \/>\n<link rel=\"canonical\" href=\"https:\/\/www.thokbikes.com\/de\/negozio\/komponenten-und-zubehoer\/brakes-de\/disco-freno-magura-mdr-s-203-6b-203-6b-2-0mm\/\" \/>\n<meta property=\"og:locale\" content=\"de_DE\" \/>\n<meta property=\"og:type\" content=\"article\" \/>\n<meta property=\"og:title\" content=\"MAGURA MDR-S 203 6B BREMSSCHEIBE 2.0MM - Thok\" \/>\n<meta property=\"og:description\" content=\"Die Magura MDR-S 203 mm Bremsscheibe ist eine 6-Loch-Edelstahlbremsscheibe, die f\u00fcr hervorragende und konstante Bremsleistung entwickelt wurde. Die erh\u00f6hte Materialst\u00e4rke (ca. 2,5 mm) verbessert die thermische Best\u00e4ndigkeit und die Stabilit\u00e4t unter Last und reduziert Vibrationen sowie Ger\u00e4usche beim Bremsen. Dank der korrosionsbest\u00e4ndigen Oberfl\u00e4che und des optimierten Reibringdesigns bietet sie eine \u00fcberlegene Kontrolle und Dosierbarkeit. Kompatibel [&hellip;]\" \/>\n<meta property=\"og:url\" content=\"https:\/\/www.thokbikes.com\/de\/negozio\/komponenten-und-zubehoer\/brakes-de\/disco-freno-magura-mdr-s-203-6b-203-6b-2-0mm\/\" \/>\n<meta property=\"og:site_name\" content=\"Thok\" \/>\n<meta property=\"article:publisher\" content=\"https:\/\/www.facebook.com\/thokebikes\" \/>\n<meta property=\"article:modified_time\" content=\"2026-01-20T13:02:44+00:00\" \/>\n<meta property=\"og:image\" content=\"https:\/\/www.thokbikes.com\/wp-content\/uploads\/2026\/01\/Shop-Magura-MDR-S.jpg\" \/>\n\t<meta property=\"og:image:width\" content=\"1900\" \/>\n\t<meta property=\"og:image:height\" content=\"1900\" \/>\n\t<meta property=\"og:image:type\" content=\"image\/jpeg\" \/>\n<meta name=\"twitter:card\" content=\"summary_large_image\" \/>\n<meta name=\"twitter:label1\" content=\"Est. reading time\" \/>\n\t<meta name=\"twitter:data1\" content=\"1 minute\" \/>\n<script type=\"application\/ld+json\" class=\"yoast-schema-graph\">{\"@context\":\"https:\\\/\\\/schema.org\",\"@graph\":[{\"@type\":\"WebPage\",\"@id\":\"https:\\\/\\\/www.thokbikes.com\\\/de\\\/negozio\\\/komponenten-und-zubehoer\\\/brakes-de\\\/disco-freno-magura-mdr-s-203-6b-203-6b-2-0mm\\\/\",\"url\":\"https:\\\/\\\/www.thokbikes.com\\\/de\\\/negozio\\\/komponenten-und-zubehoer\\\/brakes-de\\\/disco-freno-magura-mdr-s-203-6b-203-6b-2-0mm\\\/\",\"name\":\"MAGURA MDR-S 203 6B BREMSSCHEIBE 2.0MM - Thok\",\"isPartOf\":{\"@id\":\"https:\\\/\\\/www.thokbikes.com\\\/de\\\/#website\"},\"primaryImageOfPage\":{\"@id\":\"https:\\\/\\\/www.thokbikes.com\\\/de\\\/negozio\\\/komponenten-und-zubehoer\\\/brakes-de\\\/disco-freno-magura-mdr-s-203-6b-203-6b-2-0mm\\\/#primaryimage\"},\"image\":{\"@id\":\"https:\\\/\\\/www.thokbikes.com\\\/de\\\/negozio\\\/komponenten-und-zubehoer\\\/brakes-de\\\/disco-freno-magura-mdr-s-203-6b-203-6b-2-0mm\\\/#primaryimage\"},\"thumbnailUrl\":\"https:\\\/\\\/www.thokbikes.com\\\/wp-content\\\/uploads\\\/2026\\\/01\\\/Shop-Disco-MDR-S.jpg\",\"datePublished\":\"2026-01-17T05:07:46+00:00\",\"dateModified\":\"2026-01-20T13:02:44+00:00\",\"breadcrumb\":{\"@id\":\"https:\\\/\\\/www.thokbikes.com\\\/de\\\/negozio\\\/komponenten-und-zubehoer\\\/brakes-de\\\/disco-freno-magura-mdr-s-203-6b-203-6b-2-0mm\\\/#breadcrumb\"},\"inLanguage\":\"de-DE\",\"potentialAction\":[{\"@type\":\"ReadAction\",\"target\":[\"https:\\\/\\\/www.thokbikes.com\\\/de\\\/negozio\\\/komponenten-und-zubehoer\\\/brakes-de\\\/disco-freno-magura-mdr-s-203-6b-203-6b-2-0mm\\\/\"]}]},{\"@type\":\"ImageObject\",\"inLanguage\":\"de-DE\",\"@id\":\"https:\\\/\\\/www.thokbikes.com\\\/de\\\/negozio\\\/komponenten-und-zubehoer\\\/brakes-de\\\/disco-freno-magura-mdr-s-203-6b-203-6b-2-0mm\\\/#primaryimage\",\"url\":\"https:\\\/\\\/www.thokbikes.com\\\/wp-content\\\/uploads\\\/2026\\\/01\\\/Shop-Disco-MDR-S.jpg\",\"contentUrl\":\"https:\\\/\\\/www.thokbikes.com\\\/wp-content\\\/uploads\\\/2026\\\/01\\\/Shop-Disco-MDR-S.jpg\",\"width\":1900,\"height\":1900},{\"@type\":\"BreadcrumbList\",\"@id\":\"https:\\\/\\\/www.thokbikes.com\\\/de\\\/negozio\\\/komponenten-und-zubehoer\\\/brakes-de\\\/disco-freno-magura-mdr-s-203-6b-203-6b-2-0mm\\\/#breadcrumb\",\"itemListElement\":[{\"@type\":\"ListItem\",\"position\":1,\"name\":\"Home\",\"item\":\"https:\\\/\\\/www.thokbikes.com\\\/de\\\/\"},{\"@type\":\"ListItem\",\"position\":2,\"name\":\"Shop\",\"item\":\"https:\\\/\\\/www.thokbikes.com\\\/negozio\\\/\"},{\"@type\":\"ListItem\",\"position\":3,\"name\":\"MAGURA MDR-S 203 6B BREMSSCHEIBE 2.0MM\"}]},{\"@type\":\"WebSite\",\"@id\":\"https:\\\/\\\/www.thokbikes.com\\\/de\\\/#website\",\"url\":\"https:\\\/\\\/www.thokbikes.com\\\/de\\\/\",\"name\":\"Thok E-bikes\",\"description\":\"\",\"publisher\":{\"@id\":\"https:\\\/\\\/www.thokbikes.com\\\/de\\\/#organization\"},\"potentialAction\":[{\"@type\":\"SearchAction\",\"target\":{\"@type\":\"EntryPoint\",\"urlTemplate\":\"https:\\\/\\\/www.thokbikes.com\\\/de\\\/?s={search_term_string}\"},\"query-input\":{\"@type\":\"PropertyValueSpecification\",\"valueRequired\":true,\"valueName\":\"search_term_string\"}}],\"inLanguage\":\"de-DE\"},{\"@type\":\"Organization\",\"@id\":\"https:\\\/\\\/www.thokbikes.com\\\/de\\\/#organization\",\"name\":\"Thok E-bikes\",\"url\":\"https:\\\/\\\/www.thokbikes.com\\\/de\\\/\",\"logo\":{\"@type\":\"ImageObject\",\"inLanguage\":\"de-DE\",\"@id\":\"https:\\\/\\\/www.thokbikes.com\\\/de\\\/#\\\/schema\\\/logo\\\/image\\\/\",\"url\":\"https:\\\/\\\/www.thokbikes.com\\\/wp-content\\\/uploads\\\/2025\\\/11\\\/logo-thok-white.png\",\"contentUrl\":\"https:\\\/\\\/www.thokbikes.com\\\/wp-content\\\/uploads\\\/2025\\\/11\\\/logo-thok-white.png\",\"width\":1920,\"height\":281,\"caption\":\"Thok E-bikes\"},\"image\":{\"@id\":\"https:\\\/\\\/www.thokbikes.com\\\/de\\\/#\\\/schema\\\/logo\\\/image\\\/\"},\"sameAs\":[\"https:\\\/\\\/www.facebook.com\\\/thokebikes\",\"https:\\\/\\\/www.instagram.com\\\/thok_ebikes\\\/\",\"https:\\\/\\\/www.youtube.com\\\/channel\\\/UC-yfWNxPCJvVdRymE7tA8Ww\"]}]}<\/script>\n<!-- \/ Yoast SEO plugin. -->","yoast_head_json":{"title":"MAGURA MDR-S 203 6B BREMSSCHEIBE 2.0MM - Thok","robots":{"index":"index","follow":"follow","max-snippet":"max-snippet:-1","max-image-preview":"max-image-preview:large","max-video-preview":"max-video-preview:-1"},"canonical":"https:\/\/www.thokbikes.com\/de\/negozio\/komponenten-und-zubehoer\/brakes-de\/disco-freno-magura-mdr-s-203-6b-203-6b-2-0mm\/","og_locale":"de_DE","og_type":"article","og_title":"MAGURA MDR-S 203 6B BREMSSCHEIBE 2.0MM - Thok","og_description":"Die Magura MDR-S 203 mm Bremsscheibe ist eine 6-Loch-Edelstahlbremsscheibe, die f\u00fcr hervorragende und konstante Bremsleistung entwickelt wurde. Die erh\u00f6hte Materialst\u00e4rke (ca. 2,5 mm) verbessert die thermische Best\u00e4ndigkeit und die Stabilit\u00e4t unter Last und reduziert Vibrationen sowie Ger\u00e4usche beim Bremsen. Dank der korrosionsbest\u00e4ndigen Oberfl\u00e4che und des optimierten Reibringdesigns bietet sie eine \u00fcberlegene Kontrolle und Dosierbarkeit. Kompatibel [&hellip;]","og_url":"https:\/\/www.thokbikes.com\/de\/negozio\/komponenten-und-zubehoer\/brakes-de\/disco-freno-magura-mdr-s-203-6b-203-6b-2-0mm\/","og_site_name":"Thok","article_publisher":"https:\/\/www.facebook.com\/thokebikes","article_modified_time":"2026-01-20T13:02:44+00:00","og_image":[{"width":1900,"height":1900,"url":"https:\/\/www.thokbikes.com\/wp-content\/uploads\/2026\/01\/Shop-Magura-MDR-S.jpg","type":"image\/jpeg"}],"twitter_card":"summary_large_image","twitter_misc":{"Est. reading time":"1 minute"},"schema":{"@context":"https:\/\/schema.org","@graph":[{"@type":"WebPage","@id":"https:\/\/www.thokbikes.com\/de\/negozio\/komponenten-und-zubehoer\/brakes-de\/disco-freno-magura-mdr-s-203-6b-203-6b-2-0mm\/","url":"https:\/\/www.thokbikes.com\/de\/negozio\/komponenten-und-zubehoer\/brakes-de\/disco-freno-magura-mdr-s-203-6b-203-6b-2-0mm\/","name":"MAGURA MDR-S 203 6B BREMSSCHEIBE 2.0MM - Thok","isPartOf":{"@id":"https:\/\/www.thokbikes.com\/de\/#website"},"primaryImageOfPage":{"@id":"https:\/\/www.thokbikes.com\/de\/negozio\/komponenten-und-zubehoer\/brakes-de\/disco-freno-magura-mdr-s-203-6b-203-6b-2-0mm\/#primaryimage"},"image":{"@id":"https:\/\/www.thokbikes.com\/de\/negozio\/komponenten-und-zubehoer\/brakes-de\/disco-freno-magura-mdr-s-203-6b-203-6b-2-0mm\/#primaryimage"},"thumbnailUrl":"https:\/\/www.thokbikes.com\/wp-content\/uploads\/2026\/01\/Shop-Disco-MDR-S.jpg","datePublished":"2026-01-17T05:07:46+00:00","dateModified":"2026-01-20T13:02:44+00:00","breadcrumb":{"@id":"https:\/\/www.thokbikes.com\/de\/negozio\/komponenten-und-zubehoer\/brakes-de\/disco-freno-magura-mdr-s-203-6b-203-6b-2-0mm\/#breadcrumb"},"inLanguage":"de-DE","potentialAction":[{"@type":"ReadAction","target":["https:\/\/www.thokbikes.com\/de\/negozio\/komponenten-und-zubehoer\/brakes-de\/disco-freno-magura-mdr-s-203-6b-203-6b-2-0mm\/"]}]},{"@type":"ImageObject","inLanguage":"de-DE","@id":"https:\/\/www.thokbikes.com\/de\/negozio\/komponenten-und-zubehoer\/brakes-de\/disco-freno-magura-mdr-s-203-6b-203-6b-2-0mm\/#primaryimage","url":"https:\/\/www.thokbikes.com\/wp-content\/uploads\/2026\/01\/Shop-Disco-MDR-S.jpg","contentUrl":"https:\/\/www.thokbikes.com\/wp-content\/uploads\/2026\/01\/Shop-Disco-MDR-S.jpg","width":1900,"height":1900},{"@type":"BreadcrumbList","@id":"https:\/\/www.thokbikes.com\/de\/negozio\/komponenten-und-zubehoer\/brakes-de\/disco-freno-magura-mdr-s-203-6b-203-6b-2-0mm\/#breadcrumb","itemListElement":[{"@type":"ListItem","position":1,"name":"Home","item":"https:\/\/www.thokbikes.com\/de\/"},{"@type":"ListItem","position":2,"name":"Shop","item":"https:\/\/www.thokbikes.com\/negozio\/"},{"@type":"ListItem","position":3,"name":"MAGURA MDR-S 203 6B BREMSSCHEIBE 2.0MM"}]},{"@type":"WebSite","@id":"https:\/\/www.thokbikes.com\/de\/#website","url":"https:\/\/www.thokbikes.com\/de\/","name":"Thok E-bikes","description":"","publisher":{"@id":"https:\/\/www.thokbikes.com\/de\/#organization"},"potentialAction":[{"@type":"SearchAction","target":{"@type":"EntryPoint","urlTemplate":"https:\/\/www.thokbikes.com\/de\/?s={search_term_string}"},"query-input":{"@type":"PropertyValueSpecification","valueRequired":true,"valueName":"search_term_string"}}],"inLanguage":"de-DE"},{"@type":"Organization","@id":"https:\/\/www.thokbikes.com\/de\/#organization","name":"Thok E-bikes","url":"https:\/\/www.thokbikes.com\/de\/","logo":{"@type":"ImageObject","inLanguage":"de-DE","@id":"https:\/\/www.thokbikes.com\/de\/#\/schema\/logo\/image\/","url":"https:\/\/www.thokbikes.com\/wp-content\/uploads\/2025\/11\/logo-thok-white.png","contentUrl":"https:\/\/www.thokbikes.com\/wp-content\/uploads\/2025\/11\/logo-thok-white.png","width":1920,"height":281,"caption":"Thok E-bikes"},"image":{"@id":"https:\/\/www.thokbikes.com\/de\/#\/schema\/logo\/image\/"},"sameAs":["https:\/\/www.facebook.com\/thokebikes","https:\/\/www.instagram.com\/thok_ebikes\/","https:\/\/www.youtube.com\/channel\/UC-yfWNxPCJvVdRymE7tA8Ww"]}]}},"_links":{"self":[{"href":"https:\/\/www.thokbikes.com\/de\/wp-json\/wp\/v2\/product\/34710","targetHints":{"allow":["GET"]}}],"collection":[{"href":"https:\/\/www.thokbikes.com\/de\/wp-json\/wp\/v2\/product"}],"about":[{"href":"https:\/\/www.thokbikes.com\/de\/wp-json\/wp\/v2\/types\/product"}],"replies":[{"embeddable":true,"href":"https:\/\/www.thokbikes.com\/de\/wp-json\/wp\/v2\/comments?post=34710"}],"wp:featuredmedia":[{"embeddable":true,"href":"https:\/\/www.thokbikes.com\/de\/wp-json\/wp\/v2\/media\/37781"}],"wp:attachment":[{"href":"https:\/\/www.thokbikes.com\/de\/wp-json\/wp\/v2\/media?parent=34710"}],"wp:term":[{"taxonomy":"product_brand","embeddable":true,"href":"https:\/\/www.thokbikes.com\/de\/wp-json\/wp\/v2\/product_brand?post=34710"},{"taxonomy":"product_cat","embeddable":true,"href":"https:\/\/www.thokbikes.com\/de\/wp-json\/wp\/v2\/product_cat?post=34710"},{"taxonomy":"product_tag","embeddable":true,"href":"https:\/\/www.thokbikes.com\/de\/wp-json\/wp\/v2\/product_tag?post=34710"}],"curies":[{"name":"wp","href":"https:\/\/api.w.org\/{rel}","templated":true}]}}