{"id":34734,"date":"2026-01-17T06:07:45","date_gmt":"2026-01-17T05:07:45","guid":{"rendered":"https:\/\/www.thokbikes.com\/negozio\/uncategorized\/pneumatico-schwalbe-albert-grav-pro-29x2-6-usf\/"},"modified":"2026-01-20T17:04:07","modified_gmt":"2026-01-20T16:04:07","slug":"pneumatico-schwalbe-albert-grav-pro-29x2-6-usf","status":"publish","type":"product","link":"https:\/\/www.thokbikes.com\/de\/negozio\/komponenten-und-zubehoer\/wheels-de\/pneumatico-schwalbe-albert-grav-pro-29x2-6-usf\/","title":{"rendered":"SCHWALBE ALBERT GRAVITY PRO 29\u00d72,6 ULTRA SOFT REIFEN"},"content":{"rendered":"<p>Der Schwalbe Albert Gravity Pro 29&#215;2.6 ist ein Reifen f\u00fcr anspruchsvolle MTBs und E-MTBs, ideal f\u00fcr technische Abfahrten und anspruchsvolle Trails. Die radiale Karkasse vergr\u00f6\u00dfert die Aufstandsfl\u00e4che und verbessert Grip, Kontrolle und Komfort selbst auf sehr unebenem Untergrund. Die ADDIX Ultra Soft Gummimischung sorgt f\u00fcr hervorragende D\u00e4mpfungseigenschaften und konstante Leistung auch bei niedrigen Temperaturen. Tubeless Ready bietet er einen besseren Pannenschutz und ein pr\u00e4ziseres Fahrgef\u00fchl. Mit den Ma\u00dfen 29&#215;2.6 und einem Gewicht von 1350 g ist er die perfekte Wahl f\u00fcr alle, die kompromisslose Performance suchen.<\/p>\n","protected":false},"excerpt":{"rendered":"<p>Der Schwalbe Albert Gravity Pro 29&#215;2.6 ist ein Reifen f\u00fcr anspruchsvolle MTBs und E-MTBs, ideal f\u00fcr technische Abfahrten und anspruchsvolle Trails. Die radiale Karkasse vergr\u00f6\u00dfert die Aufstandsfl\u00e4che und verbessert Grip, Kontrolle und Komfort selbst auf sehr unebenem Untergrund. Die ADDIX Ultra Soft Gummimischung sorgt f\u00fcr hervorragende D\u00e4mpfungseigenschaften und konstante Leistung auch bei niedrigen Temperaturen. Tubeless [&hellip;]<\/p>\n","protected":false},"featured_media":34587,"comment_status":"closed","ping_status":"closed","template":"","meta":{"_acf_changed":false},"product_brand":[],"product_cat":[124,135],"product_tag":[],"class_list":{"0":"post-34734","1":"product","2":"type-product","3":"status-publish","4":"has-post-thumbnail","6":"product_cat-komponenten-und-zubehoer","7":"product_cat-wheels-de","9":"first","10":"instock","11":"taxable","12":"shipping-taxable","13":"purchasable","14":"product-type-simple"},"acf":[],"yoast_head":"<!-- This site is optimized with the Yoast SEO plugin v27.3 - https:\/\/yoast.com\/product\/yoast-seo-wordpress\/ -->\n<title>SCHWALBE ALBERT GRAVITY PRO 29\u00d72,6 ULTRA SOFT REIFEN - Thok<\/title>\n<meta name=\"robots\" content=\"index, follow, max-snippet:-1, max-image-preview:large, max-video-preview:-1\" \/>\n<link rel=\"canonical\" href=\"https:\/\/www.thokbikes.com\/de\/negozio\/komponenten-und-zubehoer\/wheels-de\/pneumatico-schwalbe-albert-grav-pro-29x2-6-usf\/\" \/>\n<meta property=\"og:locale\" content=\"de_DE\" \/>\n<meta property=\"og:type\" content=\"article\" \/>\n<meta property=\"og:title\" content=\"SCHWALBE ALBERT GRAVITY PRO 29\u00d72,6 ULTRA SOFT REIFEN - Thok\" \/>\n<meta property=\"og:description\" content=\"Der Schwalbe Albert Gravity Pro 29&#215;2.6 ist ein Reifen f\u00fcr anspruchsvolle MTBs und E-MTBs, ideal f\u00fcr technische Abfahrten und anspruchsvolle Trails. Die radiale Karkasse vergr\u00f6\u00dfert die Aufstandsfl\u00e4che und verbessert Grip, Kontrolle und Komfort selbst auf sehr unebenem Untergrund. Die ADDIX Ultra Soft Gummimischung sorgt f\u00fcr hervorragende D\u00e4mpfungseigenschaften und konstante Leistung auch bei niedrigen Temperaturen. Tubeless [&hellip;]\" \/>\n<meta property=\"og:url\" content=\"https:\/\/www.thokbikes.com\/de\/negozio\/komponenten-und-zubehoer\/wheels-de\/pneumatico-schwalbe-albert-grav-pro-29x2-6-usf\/\" \/>\n<meta property=\"og:site_name\" content=\"Thok\" \/>\n<meta property=\"article:publisher\" content=\"https:\/\/www.facebook.com\/thokebikes\" \/>\n<meta property=\"article:modified_time\" content=\"2026-01-20T16:04:07+00:00\" \/>\n<meta property=\"og:image\" content=\"https:\/\/www.thokbikes.com\/wp-content\/uploads\/2026\/01\/Shop-SCHWALBE-ALBERT-TRAIL-PRO-29X2.6.jpg\" \/>\n\t<meta property=\"og:image:width\" content=\"1900\" \/>\n\t<meta property=\"og:image:height\" content=\"1900\" \/>\n\t<meta property=\"og:image:type\" content=\"image\/jpeg\" \/>\n<meta name=\"twitter:card\" content=\"summary_large_image\" \/>\n<meta name=\"twitter:label1\" content=\"Est. reading time\" \/>\n\t<meta name=\"twitter:data1\" content=\"1 minute\" \/>\n<script type=\"application\/ld+json\" class=\"yoast-schema-graph\">{\"@context\":\"https:\\\/\\\/schema.org\",\"@graph\":[{\"@type\":\"WebPage\",\"@id\":\"https:\\\/\\\/www.thokbikes.com\\\/de\\\/negozio\\\/komponenten-und-zubehoer\\\/wheels-de\\\/pneumatico-schwalbe-albert-grav-pro-29x2-6-usf\\\/\",\"url\":\"https:\\\/\\\/www.thokbikes.com\\\/de\\\/negozio\\\/komponenten-und-zubehoer\\\/wheels-de\\\/pneumatico-schwalbe-albert-grav-pro-29x2-6-usf\\\/\",\"name\":\"SCHWALBE ALBERT GRAVITY PRO 29\u00d72,6 ULTRA SOFT REIFEN - Thok\",\"isPartOf\":{\"@id\":\"https:\\\/\\\/www.thokbikes.com\\\/de\\\/#website\"},\"primaryImageOfPage\":{\"@id\":\"https:\\\/\\\/www.thokbikes.com\\\/de\\\/negozio\\\/komponenten-und-zubehoer\\\/wheels-de\\\/pneumatico-schwalbe-albert-grav-pro-29x2-6-usf\\\/#primaryimage\"},\"image\":{\"@id\":\"https:\\\/\\\/www.thokbikes.com\\\/de\\\/negozio\\\/komponenten-und-zubehoer\\\/wheels-de\\\/pneumatico-schwalbe-albert-grav-pro-29x2-6-usf\\\/#primaryimage\"},\"thumbnailUrl\":\"https:\\\/\\\/www.thokbikes.com\\\/wp-content\\\/uploads\\\/2026\\\/01\\\/Shop-SCHWALBE-ALBERT-TRAIL-PRO-29X2.6.jpg\",\"datePublished\":\"2026-01-17T05:07:45+00:00\",\"dateModified\":\"2026-01-20T16:04:07+00:00\",\"breadcrumb\":{\"@id\":\"https:\\\/\\\/www.thokbikes.com\\\/de\\\/negozio\\\/komponenten-und-zubehoer\\\/wheels-de\\\/pneumatico-schwalbe-albert-grav-pro-29x2-6-usf\\\/#breadcrumb\"},\"inLanguage\":\"de-DE\",\"potentialAction\":[{\"@type\":\"ReadAction\",\"target\":[\"https:\\\/\\\/www.thokbikes.com\\\/de\\\/negozio\\\/komponenten-und-zubehoer\\\/wheels-de\\\/pneumatico-schwalbe-albert-grav-pro-29x2-6-usf\\\/\"]}]},{\"@type\":\"ImageObject\",\"inLanguage\":\"de-DE\",\"@id\":\"https:\\\/\\\/www.thokbikes.com\\\/de\\\/negozio\\\/komponenten-und-zubehoer\\\/wheels-de\\\/pneumatico-schwalbe-albert-grav-pro-29x2-6-usf\\\/#primaryimage\",\"url\":\"https:\\\/\\\/www.thokbikes.com\\\/wp-content\\\/uploads\\\/2026\\\/01\\\/Shop-SCHWALBE-ALBERT-TRAIL-PRO-29X2.6.jpg\",\"contentUrl\":\"https:\\\/\\\/www.thokbikes.com\\\/wp-content\\\/uploads\\\/2026\\\/01\\\/Shop-SCHWALBE-ALBERT-TRAIL-PRO-29X2.6.jpg\",\"width\":1900,\"height\":1900},{\"@type\":\"BreadcrumbList\",\"@id\":\"https:\\\/\\\/www.thokbikes.com\\\/de\\\/negozio\\\/komponenten-und-zubehoer\\\/wheels-de\\\/pneumatico-schwalbe-albert-grav-pro-29x2-6-usf\\\/#breadcrumb\",\"itemListElement\":[{\"@type\":\"ListItem\",\"position\":1,\"name\":\"Home\",\"item\":\"https:\\\/\\\/www.thokbikes.com\\\/de\\\/\"},{\"@type\":\"ListItem\",\"position\":2,\"name\":\"Shop\",\"item\":\"https:\\\/\\\/www.thokbikes.com\\\/negozio\\\/\"},{\"@type\":\"ListItem\",\"position\":3,\"name\":\"SCHWALBE ALBERT GRAVITY PRO 29\u00d72,6 ULTRA SOFT REIFEN\"}]},{\"@type\":\"WebSite\",\"@id\":\"https:\\\/\\\/www.thokbikes.com\\\/de\\\/#website\",\"url\":\"https:\\\/\\\/www.thokbikes.com\\\/de\\\/\",\"name\":\"Thok E-bikes\",\"description\":\"\",\"publisher\":{\"@id\":\"https:\\\/\\\/www.thokbikes.com\\\/de\\\/#organization\"},\"potentialAction\":[{\"@type\":\"SearchAction\",\"target\":{\"@type\":\"EntryPoint\",\"urlTemplate\":\"https:\\\/\\\/www.thokbikes.com\\\/de\\\/?s={search_term_string}\"},\"query-input\":{\"@type\":\"PropertyValueSpecification\",\"valueRequired\":true,\"valueName\":\"search_term_string\"}}],\"inLanguage\":\"de-DE\"},{\"@type\":\"Organization\",\"@id\":\"https:\\\/\\\/www.thokbikes.com\\\/de\\\/#organization\",\"name\":\"Thok E-bikes\",\"url\":\"https:\\\/\\\/www.thokbikes.com\\\/de\\\/\",\"logo\":{\"@type\":\"ImageObject\",\"inLanguage\":\"de-DE\",\"@id\":\"https:\\\/\\\/www.thokbikes.com\\\/de\\\/#\\\/schema\\\/logo\\\/image\\\/\",\"url\":\"https:\\\/\\\/www.thokbikes.com\\\/wp-content\\\/uploads\\\/2025\\\/11\\\/logo-thok-white.png\",\"contentUrl\":\"https:\\\/\\\/www.thokbikes.com\\\/wp-content\\\/uploads\\\/2025\\\/11\\\/logo-thok-white.png\",\"width\":1920,\"height\":281,\"caption\":\"Thok E-bikes\"},\"image\":{\"@id\":\"https:\\\/\\\/www.thokbikes.com\\\/de\\\/#\\\/schema\\\/logo\\\/image\\\/\"},\"sameAs\":[\"https:\\\/\\\/www.facebook.com\\\/thokebikes\",\"https:\\\/\\\/www.instagram.com\\\/thok_ebikes\\\/\",\"https:\\\/\\\/www.youtube.com\\\/channel\\\/UC-yfWNxPCJvVdRymE7tA8Ww\"]}]}<\/script>\n<!-- \/ Yoast SEO plugin. -->","yoast_head_json":{"title":"SCHWALBE ALBERT GRAVITY PRO 29\u00d72,6 ULTRA SOFT REIFEN - Thok","robots":{"index":"index","follow":"follow","max-snippet":"max-snippet:-1","max-image-preview":"max-image-preview:large","max-video-preview":"max-video-preview:-1"},"canonical":"https:\/\/www.thokbikes.com\/de\/negozio\/komponenten-und-zubehoer\/wheels-de\/pneumatico-schwalbe-albert-grav-pro-29x2-6-usf\/","og_locale":"de_DE","og_type":"article","og_title":"SCHWALBE ALBERT GRAVITY PRO 29\u00d72,6 ULTRA SOFT REIFEN - Thok","og_description":"Der Schwalbe Albert Gravity Pro 29&#215;2.6 ist ein Reifen f\u00fcr anspruchsvolle MTBs und E-MTBs, ideal f\u00fcr technische Abfahrten und anspruchsvolle Trails. Die radiale Karkasse vergr\u00f6\u00dfert die Aufstandsfl\u00e4che und verbessert Grip, Kontrolle und Komfort selbst auf sehr unebenem Untergrund. Die ADDIX Ultra Soft Gummimischung sorgt f\u00fcr hervorragende D\u00e4mpfungseigenschaften und konstante Leistung auch bei niedrigen Temperaturen. Tubeless [&hellip;]","og_url":"https:\/\/www.thokbikes.com\/de\/negozio\/komponenten-und-zubehoer\/wheels-de\/pneumatico-schwalbe-albert-grav-pro-29x2-6-usf\/","og_site_name":"Thok","article_publisher":"https:\/\/www.facebook.com\/thokebikes","article_modified_time":"2026-01-20T16:04:07+00:00","og_image":[{"width":1900,"height":1900,"url":"https:\/\/www.thokbikes.com\/wp-content\/uploads\/2026\/01\/Shop-SCHWALBE-ALBERT-TRAIL-PRO-29X2.6.jpg","type":"image\/jpeg"}],"twitter_card":"summary_large_image","twitter_misc":{"Est. reading time":"1 minute"},"schema":{"@context":"https:\/\/schema.org","@graph":[{"@type":"WebPage","@id":"https:\/\/www.thokbikes.com\/de\/negozio\/komponenten-und-zubehoer\/wheels-de\/pneumatico-schwalbe-albert-grav-pro-29x2-6-usf\/","url":"https:\/\/www.thokbikes.com\/de\/negozio\/komponenten-und-zubehoer\/wheels-de\/pneumatico-schwalbe-albert-grav-pro-29x2-6-usf\/","name":"SCHWALBE ALBERT GRAVITY PRO 29\u00d72,6 ULTRA SOFT REIFEN - Thok","isPartOf":{"@id":"https:\/\/www.thokbikes.com\/de\/#website"},"primaryImageOfPage":{"@id":"https:\/\/www.thokbikes.com\/de\/negozio\/komponenten-und-zubehoer\/wheels-de\/pneumatico-schwalbe-albert-grav-pro-29x2-6-usf\/#primaryimage"},"image":{"@id":"https:\/\/www.thokbikes.com\/de\/negozio\/komponenten-und-zubehoer\/wheels-de\/pneumatico-schwalbe-albert-grav-pro-29x2-6-usf\/#primaryimage"},"thumbnailUrl":"https:\/\/www.thokbikes.com\/wp-content\/uploads\/2026\/01\/Shop-SCHWALBE-ALBERT-TRAIL-PRO-29X2.6.jpg","datePublished":"2026-01-17T05:07:45+00:00","dateModified":"2026-01-20T16:04:07+00:00","breadcrumb":{"@id":"https:\/\/www.thokbikes.com\/de\/negozio\/komponenten-und-zubehoer\/wheels-de\/pneumatico-schwalbe-albert-grav-pro-29x2-6-usf\/#breadcrumb"},"inLanguage":"de-DE","potentialAction":[{"@type":"ReadAction","target":["https:\/\/www.thokbikes.com\/de\/negozio\/komponenten-und-zubehoer\/wheels-de\/pneumatico-schwalbe-albert-grav-pro-29x2-6-usf\/"]}]},{"@type":"ImageObject","inLanguage":"de-DE","@id":"https:\/\/www.thokbikes.com\/de\/negozio\/komponenten-und-zubehoer\/wheels-de\/pneumatico-schwalbe-albert-grav-pro-29x2-6-usf\/#primaryimage","url":"https:\/\/www.thokbikes.com\/wp-content\/uploads\/2026\/01\/Shop-SCHWALBE-ALBERT-TRAIL-PRO-29X2.6.jpg","contentUrl":"https:\/\/www.thokbikes.com\/wp-content\/uploads\/2026\/01\/Shop-SCHWALBE-ALBERT-TRAIL-PRO-29X2.6.jpg","width":1900,"height":1900},{"@type":"BreadcrumbList","@id":"https:\/\/www.thokbikes.com\/de\/negozio\/komponenten-und-zubehoer\/wheels-de\/pneumatico-schwalbe-albert-grav-pro-29x2-6-usf\/#breadcrumb","itemListElement":[{"@type":"ListItem","position":1,"name":"Home","item":"https:\/\/www.thokbikes.com\/de\/"},{"@type":"ListItem","position":2,"name":"Shop","item":"https:\/\/www.thokbikes.com\/negozio\/"},{"@type":"ListItem","position":3,"name":"SCHWALBE ALBERT GRAVITY PRO 29\u00d72,6 ULTRA SOFT REIFEN"}]},{"@type":"WebSite","@id":"https:\/\/www.thokbikes.com\/de\/#website","url":"https:\/\/www.thokbikes.com\/de\/","name":"Thok E-bikes","description":"","publisher":{"@id":"https:\/\/www.thokbikes.com\/de\/#organization"},"potentialAction":[{"@type":"SearchAction","target":{"@type":"EntryPoint","urlTemplate":"https:\/\/www.thokbikes.com\/de\/?s={search_term_string}"},"query-input":{"@type":"PropertyValueSpecification","valueRequired":true,"valueName":"search_term_string"}}],"inLanguage":"de-DE"},{"@type":"Organization","@id":"https:\/\/www.thokbikes.com\/de\/#organization","name":"Thok E-bikes","url":"https:\/\/www.thokbikes.com\/de\/","logo":{"@type":"ImageObject","inLanguage":"de-DE","@id":"https:\/\/www.thokbikes.com\/de\/#\/schema\/logo\/image\/","url":"https:\/\/www.thokbikes.com\/wp-content\/uploads\/2025\/11\/logo-thok-white.png","contentUrl":"https:\/\/www.thokbikes.com\/wp-content\/uploads\/2025\/11\/logo-thok-white.png","width":1920,"height":281,"caption":"Thok E-bikes"},"image":{"@id":"https:\/\/www.thokbikes.com\/de\/#\/schema\/logo\/image\/"},"sameAs":["https:\/\/www.facebook.com\/thokebikes","https:\/\/www.instagram.com\/thok_ebikes\/","https:\/\/www.youtube.com\/channel\/UC-yfWNxPCJvVdRymE7tA8Ww"]}]}},"_links":{"self":[{"href":"https:\/\/www.thokbikes.com\/de\/wp-json\/wp\/v2\/product\/34734","targetHints":{"allow":["GET"]}}],"collection":[{"href":"https:\/\/www.thokbikes.com\/de\/wp-json\/wp\/v2\/product"}],"about":[{"href":"https:\/\/www.thokbikes.com\/de\/wp-json\/wp\/v2\/types\/product"}],"replies":[{"embeddable":true,"href":"https:\/\/www.thokbikes.com\/de\/wp-json\/wp\/v2\/comments?post=34734"}],"wp:featuredmedia":[{"embeddable":true,"href":"https:\/\/www.thokbikes.com\/de\/wp-json\/wp\/v2\/media\/34587"}],"wp:attachment":[{"href":"https:\/\/www.thokbikes.com\/de\/wp-json\/wp\/v2\/media?parent=34734"}],"wp:term":[{"taxonomy":"product_brand","embeddable":true,"href":"https:\/\/www.thokbikes.com\/de\/wp-json\/wp\/v2\/product_brand?post=34734"},{"taxonomy":"product_cat","embeddable":true,"href":"https:\/\/www.thokbikes.com\/de\/wp-json\/wp\/v2\/product_cat?post=34734"},{"taxonomy":"product_tag","embeddable":true,"href":"https:\/\/www.thokbikes.com\/de\/wp-json\/wp\/v2\/product_tag?post=34734"}],"curies":[{"name":"wp","href":"https:\/\/api.w.org\/{rel}","templated":true}]}}