{"id":34899,"date":"2026-01-17T06:07:45","date_gmt":"2026-01-17T05:07:45","guid":{"rendered":"https:\/\/www.thokbikes.com\/?post_type=product&#038;p=34899"},"modified":"2026-01-22T12:40:28","modified_gmt":"2026-01-22T11:40:28","slug":"eagle-70-t-type-single-click-schalthebel","status":"publish","type":"product","link":"https:\/\/www.thokbikes.com\/de\/negozio\/komponenten-und-zubehoer\/transmission-de\/eagle-70-t-type-single-click-schalthebel\/","title":{"rendered":"EAGLE 70 T-TYPE SINGLE CLICK SCHALTHEBEL"},"content":{"rendered":"<p>Der SRAM Eagle 70 T-Type Single Click Schalthebel ist perfekt f\u00fcr E-MTBs. Das Single-Click-System sorgt f\u00fcr schnelle und pr\u00e4zise Gangwechsel und reduziert den Kettenverschlei\u00df. Ergonomisch und modern im Design bietet er Komfort und Kontrolle, selbst auf den anspruchsvollsten Strecken. Der Eagle 70 garantiert geschmeidiges und zuverl\u00e4ssiges Schalten, sodass du jede Strecke mit optimaler Leistung und maximaler Kontrolle meistern kannst.<\/p>\n","protected":false},"excerpt":{"rendered":"<p>Der SRAM Eagle 70 T-Type Single Click Schalthebel ist perfekt f\u00fcr E-MTBs. Das Single-Click-System sorgt f\u00fcr schnelle und pr\u00e4zise Gangwechsel und reduziert den Kettenverschlei\u00df. Ergonomisch und modern im Design bietet er Komfort und Kontrolle, selbst auf den anspruchsvollsten Strecken. Der Eagle 70 garantiert geschmeidiges und zuverl\u00e4ssiges Schalten, sodass du jede Strecke mit optimaler Leistung und [&hellip;]<\/p>\n","protected":false},"featured_media":34542,"comment_status":"closed","ping_status":"closed","template":"","meta":{"_acf_changed":false},"product_brand":[],"product_cat":[124,128],"product_tag":[],"class_list":{"0":"post-34899","1":"product","2":"type-product","3":"status-publish","4":"has-post-thumbnail","6":"product_cat-komponenten-und-zubehoer","7":"product_cat-transmission-de","9":"first","10":"instock","11":"taxable","12":"shipping-taxable","13":"purchasable","14":"product-type-simple"},"acf":[],"yoast_head":"<!-- This site is optimized with the Yoast SEO plugin v27.3 - https:\/\/yoast.com\/product\/yoast-seo-wordpress\/ -->\n<title>EAGLE 70 T-TYPE SINGLE CLICK SCHALTHEBEL - Thok<\/title>\n<meta name=\"robots\" content=\"index, follow, max-snippet:-1, max-image-preview:large, max-video-preview:-1\" \/>\n<link rel=\"canonical\" href=\"https:\/\/www.thokbikes.com\/de\/negozio\/komponenten-und-zubehoer\/transmission-de\/eagle-70-t-type-single-click-schalthebel\/\" \/>\n<meta property=\"og:locale\" content=\"de_DE\" \/>\n<meta property=\"og:type\" content=\"article\" \/>\n<meta property=\"og:title\" content=\"EAGLE 70 T-TYPE SINGLE CLICK SCHALTHEBEL - Thok\" \/>\n<meta property=\"og:description\" content=\"Der SRAM Eagle 70 T-Type Single Click Schalthebel ist perfekt f\u00fcr E-MTBs. Das Single-Click-System sorgt f\u00fcr schnelle und pr\u00e4zise Gangwechsel und reduziert den Kettenverschlei\u00df. Ergonomisch und modern im Design bietet er Komfort und Kontrolle, selbst auf den anspruchsvollsten Strecken. Der Eagle 70 garantiert geschmeidiges und zuverl\u00e4ssiges Schalten, sodass du jede Strecke mit optimaler Leistung und [&hellip;]\" \/>\n<meta property=\"og:url\" content=\"https:\/\/www.thokbikes.com\/de\/negozio\/komponenten-und-zubehoer\/transmission-de\/eagle-70-t-type-single-click-schalthebel\/\" \/>\n<meta property=\"og:site_name\" content=\"Thok\" \/>\n<meta property=\"article:publisher\" content=\"https:\/\/www.facebook.com\/thokebikes\" \/>\n<meta property=\"article:modified_time\" content=\"2026-01-22T11:40:28+00:00\" \/>\n<meta property=\"og:image\" content=\"https:\/\/www.thokbikes.com\/wp-content\/uploads\/2026\/01\/Shop-SRAM-SHIFTER-EAGLE70-T-TYPE-SINGLE-CLICK-.jpg\" \/>\n\t<meta property=\"og:image:width\" content=\"1900\" \/>\n\t<meta property=\"og:image:height\" content=\"1900\" \/>\n\t<meta property=\"og:image:type\" content=\"image\/jpeg\" \/>\n<meta name=\"twitter:card\" content=\"summary_large_image\" \/>\n<meta name=\"twitter:label1\" content=\"Est. reading time\" \/>\n\t<meta name=\"twitter:data1\" content=\"1 minute\" \/>\n<script type=\"application\/ld+json\" class=\"yoast-schema-graph\">{\"@context\":\"https:\\\/\\\/schema.org\",\"@graph\":[{\"@type\":\"WebPage\",\"@id\":\"https:\\\/\\\/www.thokbikes.com\\\/de\\\/negozio\\\/komponenten-und-zubehoer\\\/transmission-de\\\/eagle-70-t-type-single-click-schalthebel\\\/\",\"url\":\"https:\\\/\\\/www.thokbikes.com\\\/de\\\/negozio\\\/komponenten-und-zubehoer\\\/transmission-de\\\/eagle-70-t-type-single-click-schalthebel\\\/\",\"name\":\"EAGLE 70 T-TYPE SINGLE CLICK SCHALTHEBEL - Thok\",\"isPartOf\":{\"@id\":\"https:\\\/\\\/www.thokbikes.com\\\/de\\\/#website\"},\"primaryImageOfPage\":{\"@id\":\"https:\\\/\\\/www.thokbikes.com\\\/de\\\/negozio\\\/komponenten-und-zubehoer\\\/transmission-de\\\/eagle-70-t-type-single-click-schalthebel\\\/#primaryimage\"},\"image\":{\"@id\":\"https:\\\/\\\/www.thokbikes.com\\\/de\\\/negozio\\\/komponenten-und-zubehoer\\\/transmission-de\\\/eagle-70-t-type-single-click-schalthebel\\\/#primaryimage\"},\"thumbnailUrl\":\"https:\\\/\\\/www.thokbikes.com\\\/wp-content\\\/uploads\\\/2026\\\/01\\\/Shop-SRAM-SHIFTER-EAGLE70-T-TYPE-SINGLE-CLICK-.jpg\",\"datePublished\":\"2026-01-17T05:07:45+00:00\",\"dateModified\":\"2026-01-22T11:40:28+00:00\",\"breadcrumb\":{\"@id\":\"https:\\\/\\\/www.thokbikes.com\\\/de\\\/negozio\\\/komponenten-und-zubehoer\\\/transmission-de\\\/eagle-70-t-type-single-click-schalthebel\\\/#breadcrumb\"},\"inLanguage\":\"de-DE\",\"potentialAction\":[{\"@type\":\"ReadAction\",\"target\":[\"https:\\\/\\\/www.thokbikes.com\\\/de\\\/negozio\\\/komponenten-und-zubehoer\\\/transmission-de\\\/eagle-70-t-type-single-click-schalthebel\\\/\"]}]},{\"@type\":\"ImageObject\",\"inLanguage\":\"de-DE\",\"@id\":\"https:\\\/\\\/www.thokbikes.com\\\/de\\\/negozio\\\/komponenten-und-zubehoer\\\/transmission-de\\\/eagle-70-t-type-single-click-schalthebel\\\/#primaryimage\",\"url\":\"https:\\\/\\\/www.thokbikes.com\\\/wp-content\\\/uploads\\\/2026\\\/01\\\/Shop-SRAM-SHIFTER-EAGLE70-T-TYPE-SINGLE-CLICK-.jpg\",\"contentUrl\":\"https:\\\/\\\/www.thokbikes.com\\\/wp-content\\\/uploads\\\/2026\\\/01\\\/Shop-SRAM-SHIFTER-EAGLE70-T-TYPE-SINGLE-CLICK-.jpg\",\"width\":1900,\"height\":1900},{\"@type\":\"BreadcrumbList\",\"@id\":\"https:\\\/\\\/www.thokbikes.com\\\/de\\\/negozio\\\/komponenten-und-zubehoer\\\/transmission-de\\\/eagle-70-t-type-single-click-schalthebel\\\/#breadcrumb\",\"itemListElement\":[{\"@type\":\"ListItem\",\"position\":1,\"name\":\"Home\",\"item\":\"https:\\\/\\\/www.thokbikes.com\\\/de\\\/\"},{\"@type\":\"ListItem\",\"position\":2,\"name\":\"Shop\",\"item\":\"https:\\\/\\\/www.thokbikes.com\\\/negozio\\\/\"},{\"@type\":\"ListItem\",\"position\":3,\"name\":\"EAGLE 70 T-TYPE SINGLE CLICK SCHALTHEBEL\"}]},{\"@type\":\"WebSite\",\"@id\":\"https:\\\/\\\/www.thokbikes.com\\\/de\\\/#website\",\"url\":\"https:\\\/\\\/www.thokbikes.com\\\/de\\\/\",\"name\":\"Thok E-bikes\",\"description\":\"\",\"publisher\":{\"@id\":\"https:\\\/\\\/www.thokbikes.com\\\/de\\\/#organization\"},\"potentialAction\":[{\"@type\":\"SearchAction\",\"target\":{\"@type\":\"EntryPoint\",\"urlTemplate\":\"https:\\\/\\\/www.thokbikes.com\\\/de\\\/?s={search_term_string}\"},\"query-input\":{\"@type\":\"PropertyValueSpecification\",\"valueRequired\":true,\"valueName\":\"search_term_string\"}}],\"inLanguage\":\"de-DE\"},{\"@type\":\"Organization\",\"@id\":\"https:\\\/\\\/www.thokbikes.com\\\/de\\\/#organization\",\"name\":\"Thok E-bikes\",\"url\":\"https:\\\/\\\/www.thokbikes.com\\\/de\\\/\",\"logo\":{\"@type\":\"ImageObject\",\"inLanguage\":\"de-DE\",\"@id\":\"https:\\\/\\\/www.thokbikes.com\\\/de\\\/#\\\/schema\\\/logo\\\/image\\\/\",\"url\":\"https:\\\/\\\/www.thokbikes.com\\\/wp-content\\\/uploads\\\/2025\\\/11\\\/logo-thok-white.png\",\"contentUrl\":\"https:\\\/\\\/www.thokbikes.com\\\/wp-content\\\/uploads\\\/2025\\\/11\\\/logo-thok-white.png\",\"width\":1920,\"height\":281,\"caption\":\"Thok E-bikes\"},\"image\":{\"@id\":\"https:\\\/\\\/www.thokbikes.com\\\/de\\\/#\\\/schema\\\/logo\\\/image\\\/\"},\"sameAs\":[\"https:\\\/\\\/www.facebook.com\\\/thokebikes\",\"https:\\\/\\\/www.instagram.com\\\/thok_ebikes\\\/\",\"https:\\\/\\\/www.youtube.com\\\/channel\\\/UC-yfWNxPCJvVdRymE7tA8Ww\"]}]}<\/script>\n<!-- \/ Yoast SEO plugin. -->","yoast_head_json":{"title":"EAGLE 70 T-TYPE SINGLE CLICK SCHALTHEBEL - Thok","robots":{"index":"index","follow":"follow","max-snippet":"max-snippet:-1","max-image-preview":"max-image-preview:large","max-video-preview":"max-video-preview:-1"},"canonical":"https:\/\/www.thokbikes.com\/de\/negozio\/komponenten-und-zubehoer\/transmission-de\/eagle-70-t-type-single-click-schalthebel\/","og_locale":"de_DE","og_type":"article","og_title":"EAGLE 70 T-TYPE SINGLE CLICK SCHALTHEBEL - Thok","og_description":"Der SRAM Eagle 70 T-Type Single Click Schalthebel ist perfekt f\u00fcr E-MTBs. Das Single-Click-System sorgt f\u00fcr schnelle und pr\u00e4zise Gangwechsel und reduziert den Kettenverschlei\u00df. Ergonomisch und modern im Design bietet er Komfort und Kontrolle, selbst auf den anspruchsvollsten Strecken. Der Eagle 70 garantiert geschmeidiges und zuverl\u00e4ssiges Schalten, sodass du jede Strecke mit optimaler Leistung und [&hellip;]","og_url":"https:\/\/www.thokbikes.com\/de\/negozio\/komponenten-und-zubehoer\/transmission-de\/eagle-70-t-type-single-click-schalthebel\/","og_site_name":"Thok","article_publisher":"https:\/\/www.facebook.com\/thokebikes","article_modified_time":"2026-01-22T11:40:28+00:00","og_image":[{"width":1900,"height":1900,"url":"https:\/\/www.thokbikes.com\/wp-content\/uploads\/2026\/01\/Shop-SRAM-SHIFTER-EAGLE70-T-TYPE-SINGLE-CLICK-.jpg","type":"image\/jpeg"}],"twitter_card":"summary_large_image","twitter_misc":{"Est. reading time":"1 minute"},"schema":{"@context":"https:\/\/schema.org","@graph":[{"@type":"WebPage","@id":"https:\/\/www.thokbikes.com\/de\/negozio\/komponenten-und-zubehoer\/transmission-de\/eagle-70-t-type-single-click-schalthebel\/","url":"https:\/\/www.thokbikes.com\/de\/negozio\/komponenten-und-zubehoer\/transmission-de\/eagle-70-t-type-single-click-schalthebel\/","name":"EAGLE 70 T-TYPE SINGLE CLICK SCHALTHEBEL - Thok","isPartOf":{"@id":"https:\/\/www.thokbikes.com\/de\/#website"},"primaryImageOfPage":{"@id":"https:\/\/www.thokbikes.com\/de\/negozio\/komponenten-und-zubehoer\/transmission-de\/eagle-70-t-type-single-click-schalthebel\/#primaryimage"},"image":{"@id":"https:\/\/www.thokbikes.com\/de\/negozio\/komponenten-und-zubehoer\/transmission-de\/eagle-70-t-type-single-click-schalthebel\/#primaryimage"},"thumbnailUrl":"https:\/\/www.thokbikes.com\/wp-content\/uploads\/2026\/01\/Shop-SRAM-SHIFTER-EAGLE70-T-TYPE-SINGLE-CLICK-.jpg","datePublished":"2026-01-17T05:07:45+00:00","dateModified":"2026-01-22T11:40:28+00:00","breadcrumb":{"@id":"https:\/\/www.thokbikes.com\/de\/negozio\/komponenten-und-zubehoer\/transmission-de\/eagle-70-t-type-single-click-schalthebel\/#breadcrumb"},"inLanguage":"de-DE","potentialAction":[{"@type":"ReadAction","target":["https:\/\/www.thokbikes.com\/de\/negozio\/komponenten-und-zubehoer\/transmission-de\/eagle-70-t-type-single-click-schalthebel\/"]}]},{"@type":"ImageObject","inLanguage":"de-DE","@id":"https:\/\/www.thokbikes.com\/de\/negozio\/komponenten-und-zubehoer\/transmission-de\/eagle-70-t-type-single-click-schalthebel\/#primaryimage","url":"https:\/\/www.thokbikes.com\/wp-content\/uploads\/2026\/01\/Shop-SRAM-SHIFTER-EAGLE70-T-TYPE-SINGLE-CLICK-.jpg","contentUrl":"https:\/\/www.thokbikes.com\/wp-content\/uploads\/2026\/01\/Shop-SRAM-SHIFTER-EAGLE70-T-TYPE-SINGLE-CLICK-.jpg","width":1900,"height":1900},{"@type":"BreadcrumbList","@id":"https:\/\/www.thokbikes.com\/de\/negozio\/komponenten-und-zubehoer\/transmission-de\/eagle-70-t-type-single-click-schalthebel\/#breadcrumb","itemListElement":[{"@type":"ListItem","position":1,"name":"Home","item":"https:\/\/www.thokbikes.com\/de\/"},{"@type":"ListItem","position":2,"name":"Shop","item":"https:\/\/www.thokbikes.com\/negozio\/"},{"@type":"ListItem","position":3,"name":"EAGLE 70 T-TYPE SINGLE CLICK SCHALTHEBEL"}]},{"@type":"WebSite","@id":"https:\/\/www.thokbikes.com\/de\/#website","url":"https:\/\/www.thokbikes.com\/de\/","name":"Thok E-bikes","description":"","publisher":{"@id":"https:\/\/www.thokbikes.com\/de\/#organization"},"potentialAction":[{"@type":"SearchAction","target":{"@type":"EntryPoint","urlTemplate":"https:\/\/www.thokbikes.com\/de\/?s={search_term_string}"},"query-input":{"@type":"PropertyValueSpecification","valueRequired":true,"valueName":"search_term_string"}}],"inLanguage":"de-DE"},{"@type":"Organization","@id":"https:\/\/www.thokbikes.com\/de\/#organization","name":"Thok E-bikes","url":"https:\/\/www.thokbikes.com\/de\/","logo":{"@type":"ImageObject","inLanguage":"de-DE","@id":"https:\/\/www.thokbikes.com\/de\/#\/schema\/logo\/image\/","url":"https:\/\/www.thokbikes.com\/wp-content\/uploads\/2025\/11\/logo-thok-white.png","contentUrl":"https:\/\/www.thokbikes.com\/wp-content\/uploads\/2025\/11\/logo-thok-white.png","width":1920,"height":281,"caption":"Thok E-bikes"},"image":{"@id":"https:\/\/www.thokbikes.com\/de\/#\/schema\/logo\/image\/"},"sameAs":["https:\/\/www.facebook.com\/thokebikes","https:\/\/www.instagram.com\/thok_ebikes\/","https:\/\/www.youtube.com\/channel\/UC-yfWNxPCJvVdRymE7tA8Ww"]}]}},"_links":{"self":[{"href":"https:\/\/www.thokbikes.com\/de\/wp-json\/wp\/v2\/product\/34899","targetHints":{"allow":["GET"]}}],"collection":[{"href":"https:\/\/www.thokbikes.com\/de\/wp-json\/wp\/v2\/product"}],"about":[{"href":"https:\/\/www.thokbikes.com\/de\/wp-json\/wp\/v2\/types\/product"}],"replies":[{"embeddable":true,"href":"https:\/\/www.thokbikes.com\/de\/wp-json\/wp\/v2\/comments?post=34899"}],"wp:featuredmedia":[{"embeddable":true,"href":"https:\/\/www.thokbikes.com\/de\/wp-json\/wp\/v2\/media\/34542"}],"wp:attachment":[{"href":"https:\/\/www.thokbikes.com\/de\/wp-json\/wp\/v2\/media?parent=34899"}],"wp:term":[{"taxonomy":"product_brand","embeddable":true,"href":"https:\/\/www.thokbikes.com\/de\/wp-json\/wp\/v2\/product_brand?post=34899"},{"taxonomy":"product_cat","embeddable":true,"href":"https:\/\/www.thokbikes.com\/de\/wp-json\/wp\/v2\/product_cat?post=34899"},{"taxonomy":"product_tag","embeddable":true,"href":"https:\/\/www.thokbikes.com\/de\/wp-json\/wp\/v2\/product_tag?post=34899"}],"curies":[{"name":"wp","href":"https:\/\/api.w.org\/{rel}","templated":true}]}}