{"id":35198,"date":"2026-01-22T06:07:52","date_gmt":"2026-01-22T05:07:52","guid":{"rendered":"https:\/\/www.thokbikes.com\/?post_type=product&#038;p=35198"},"modified":"2026-01-26T12:30:17","modified_gmt":"2026-01-26T11:30:17","slug":"gram-rc-groesse-s","status":"publish","type":"product","link":"https:\/\/www.thokbikes.com\/de\/negozio\/outlet-de\/gram-rc-groesse-s\/","title":{"rendered":"GRAM-RC Gr\u00f6\u00dfe S"},"content":{"rendered":"<p><a href=\"https:\/\/www.thokbikes.com\/de\/negozio\/enduro-de\/gram-rc\/?_gl=1*1qbb7ac*_up*MQ..*_ga*NzM1MTMzNDQ3LjE3Njk0MjY3NDM.*_ga_3GF2R6LVG2*czE3Njk0MjY3NDMkbzEkZzEkdDE3Njk0MjY3NDgkajU1JGwwJGgw*_ga_N67CFYW2FY*czE3Njk0MjY3NDMkbzEkZzEkdDE3Njk0MjY3NDgkajU1JGwwJGgw\">Entdecken Sie mehr<\/a><\/p>\n<ul>\n<li data-start=\"1193\" data-end=\"1339\"><strong data-start=\"1193\" data-end=\"1204\">MODELL:<\/strong> THOK &#8211; GRAM-RC<\/li>\n<li data-start=\"1193\" data-end=\"1339\"><strong data-start=\"1228\" data-end=\"1239\">GR\u00d6SSE:<\/strong> S (<strong>Letzte verf\u00fcgbare St\u00fccke<\/strong>)<\/li>\n<li data-start=\"1193\" data-end=\"1339\"><strong data-start=\"1244\" data-end=\"1251\">KM:<\/strong> 0<\/li>\n<li data-start=\"1193\" data-end=\"1339\"><strong data-start=\"1256\" data-end=\"1264\">TYP: <\/strong>Ausstellungsrad<\/li>\n<li data-start=\"1193\" data-end=\"1339\"><strong data-start=\"1284\" data-end=\"1302\">GARANTIEDAUER:<\/strong> 24 Monate<\/li>\n<li data-start=\"1193\" data-end=\"1339\"><strong data-start=\"1315\" data-end=\"1339\">FINANZIERUNG M\u00d6GLICH<\/strong><\/li>\n<\/ul>\n<p data-start=\"1341\" data-end=\"1574\"><strong data-start=\"1341\" data-end=\"1362\">Technische Daten:<\/strong><br data-start=\"1362\" data-end=\"1365\" \/>Carbonrahmen, SHIMANO EP8-Motor, integrierter 630Wh-Akku, 170 mm Federweg vorne, Shimano Deore XT Bremsen, Mullet-Laufr\u00e4der, Teleskopsattelst\u00fctze.<\/p>\n<p data-start=\"1576\" data-end=\"1724\"><strong data-start=\"1576\" data-end=\"1593\">Beschreibung:<\/strong><br data-start=\"1593\" data-end=\"1596\" \/>Fahrrad als Ausstellungsmodell auf Messen und Veranstaltungen verwendet. Null Kilometer, keine Gebrauchsspuren am Rahmen und den Komponenten.<\/p>\n<p data-start=\"1576\" data-end=\"1724\"><strong>Komponenten<\/strong>:<\/p>\n<ul>\n<li><strong>FRAME<\/strong>: THOK \u2013 Unidirectional full carbon fiber, headtube tapered 1.8, 29\u2033\/27,5\u2033 geometry, integrated down tube battery, UDH Hanger tecnology, enclosed internal cable, fully sealed cartridge bearing, 170 mm travel<\/li>\n<li><strong>SIZE<\/strong>: S (154 \u2013 165cm) M (166 \u2013 174 cm) L (175- 184 cm) XL (185 \u2013 200cm)<\/li>\n<li><strong>MOTOR &amp; BATTERY<\/strong>: SHIMANO EP8 \u2013 85 Nm (250W) \u2013 integrated Shimano 630 Wh<\/li>\n<li><strong>DISPLAY &amp; SWITCH CONTROL<\/strong>: SHIMANO \u2013 SC-EM800 LCD color display with remote control SC-EM800 (Eco, Trail, Boost e Power-Walk)<\/li>\n<li><strong>FORK<\/strong>: FOX \u2013 38 Float Factory Kashima 29\u2033 Boost, GRIP2, 180 mm travel.<\/li>\n<li><strong>SHOCK<\/strong>: FOX \u2013 X2 Float Factory Kashima, 2 Pos Adj, THOK Custom tuned, 230\u00d765<\/li>\n<li><strong>BRAKE<\/strong>: SHIMANO \u2013 Deore XT, 4 piston, 203mm rotors<\/li>\n<li><strong>REAR DERAILLEUR<\/strong>: SRAM \u2013 GX Eagle AXS<\/li>\n<li><strong>SHIFT LEVER<\/strong>: SRAM \u2013 GX Eagle AXS<\/li>\n<li><strong>CASSETTE<\/strong>: SRAM \u2013 X-Glide 12S, 10-50T<\/li>\n<li><strong>CHAIN<\/strong>: SRAM \u2013 Eagle 12S<\/li>\n<li><strong>CRANKSET &amp; CHAINRING<\/strong>: FSA 165mm \u2013 chainring 34T<\/li>\n<li><strong>WHEELS<\/strong>: CRANKBROTHERS \u2013 Synthesis Alloy Ebike, front 29\u2033x 30 mm ; rear 27.5\u2033x 35 mm<\/li>\n<li><strong>STEM<\/strong>: THOK \u2013 Alloy with front clamp oversize 35 mm, ext 35 mm<\/li>\n<li><strong>HANDLEBAR<\/strong>: RENTHAL \u2013 Fatbar Carbon, rise 20 mm, width 800mm<\/li>\n<li><strong>GRIPS<\/strong>: THOK \u2013 Lock-On grip, regular size<\/li>\n<li><strong>TIRES<\/strong>: MAXXIS \u2013 Assegai 29\u00d72.6 ant. e 27.5\u00d72.6 post. 3C \/ EXO+ \/ TR<\/li>\n<li><strong>SEAT POST<\/strong>: THOK dropper post micro height adjustable, remote control (S\/125 mm \u2013 M\/150 \u2013 L\/XL 170 mm)<\/li>\n<li><strong>SADDLE<\/strong>: THOK Fit in hollow Cr.Mo rail<\/li>\n<li><strong>CRANK<\/strong>: Flat polyethylene pedals<\/li>\n<li><strong>WEIGHT<\/strong>: 23,3kg size M without pedals<\/li>\n<\/ul>\n","protected":false},"excerpt":{"rendered":"<p>Entdecken Sie mehr MODELL: THOK &#8211; GRAM-RC GR\u00d6SSE: S (Letzte verf\u00fcgbare St\u00fccke) KM: 0 TYP: Ausstellungsrad GARANTIEDAUER: 24 Monate FINANZIERUNG M\u00d6GLICH Technische Daten:Carbonrahmen, SHIMANO EP8-Motor, integrierter 630Wh-Akku, 170 mm Federweg vorne, Shimano Deore XT Bremsen, Mullet-Laufr\u00e4der, Teleskopsattelst\u00fctze. Beschreibung:Fahrrad als Ausstellungsmodell auf Messen und Veranstaltungen verwendet. Null Kilometer, keine Gebrauchsspuren am Rahmen und den Komponenten. Komponenten: [&hellip;]<\/p>\n","protected":false},"featured_media":29940,"comment_status":"closed","ping_status":"closed","template":"","meta":{"_acf_changed":false},"product_brand":[],"product_cat":[264],"product_tag":[],"class_list":{"0":"post-35198","1":"product","2":"type-product","3":"status-publish","4":"has-post-thumbnail","6":"product_cat-outlet-de","8":"first","9":"instock","10":"taxable","11":"shipping-taxable","12":"purchasable","13":"product-type-simple"},"acf":[],"yoast_head":"<!-- This site is optimized with the Yoast SEO plugin v27.3 - https:\/\/yoast.com\/product\/yoast-seo-wordpress\/ -->\n<title>GRAM-RC Gr\u00f6\u00dfe S - Thok<\/title>\n<meta name=\"robots\" content=\"index, follow, max-snippet:-1, max-image-preview:large, max-video-preview:-1\" \/>\n<link rel=\"canonical\" href=\"https:\/\/www.thokbikes.com\/de\/negozio\/outlet-de\/gram-rc-groesse-s\/\" \/>\n<meta property=\"og:locale\" content=\"de_DE\" \/>\n<meta property=\"og:type\" content=\"article\" \/>\n<meta property=\"og:title\" content=\"GRAM-RC Gr\u00f6\u00dfe S - Thok\" \/>\n<meta property=\"og:description\" content=\"Entdecken Sie mehr MODELL: THOK &#8211; GRAM-RC GR\u00d6SSE: S (Letzte verf\u00fcgbare St\u00fccke) KM: 0 TYP: Ausstellungsrad GARANTIEDAUER: 24 Monate FINANZIERUNG M\u00d6GLICH Technische Daten:Carbonrahmen, SHIMANO EP8-Motor, integrierter 630Wh-Akku, 170 mm Federweg vorne, Shimano Deore XT Bremsen, Mullet-Laufr\u00e4der, Teleskopsattelst\u00fctze. Beschreibung:Fahrrad als Ausstellungsmodell auf Messen und Veranstaltungen verwendet. Null Kilometer, keine Gebrauchsspuren am Rahmen und den Komponenten. Komponenten: [&hellip;]\" \/>\n<meta property=\"og:url\" content=\"https:\/\/www.thokbikes.com\/de\/negozio\/outlet-de\/gram-rc-groesse-s\/\" \/>\n<meta property=\"og:site_name\" content=\"Thok\" \/>\n<meta property=\"article:publisher\" content=\"https:\/\/www.facebook.com\/thokebikes\" \/>\n<meta property=\"article:modified_time\" content=\"2026-01-26T11:30:17+00:00\" \/>\n<meta property=\"og:image\" content=\"https:\/\/www.thokbikes.com\/wp-content\/uploads\/2025\/07\/Outlet-GRAM-RC.jpg\" \/>\n\t<meta property=\"og:image:width\" content=\"900\" \/>\n\t<meta property=\"og:image:height\" content=\"900\" \/>\n\t<meta property=\"og:image:type\" content=\"image\/jpeg\" \/>\n<meta name=\"twitter:card\" content=\"summary_large_image\" \/>\n<meta name=\"twitter:label1\" content=\"Est. reading time\" \/>\n\t<meta name=\"twitter:data1\" content=\"2 minutes\" \/>\n<script type=\"application\/ld+json\" class=\"yoast-schema-graph\">{\"@context\":\"https:\\\/\\\/schema.org\",\"@graph\":[{\"@type\":\"WebPage\",\"@id\":\"https:\\\/\\\/www.thokbikes.com\\\/de\\\/negozio\\\/outlet-de\\\/gram-rc-groesse-s\\\/\",\"url\":\"https:\\\/\\\/www.thokbikes.com\\\/de\\\/negozio\\\/outlet-de\\\/gram-rc-groesse-s\\\/\",\"name\":\"GRAM-RC Gr\u00f6\u00dfe S - Thok\",\"isPartOf\":{\"@id\":\"https:\\\/\\\/www.thokbikes.com\\\/de\\\/#website\"},\"primaryImageOfPage\":{\"@id\":\"https:\\\/\\\/www.thokbikes.com\\\/de\\\/negozio\\\/outlet-de\\\/gram-rc-groesse-s\\\/#primaryimage\"},\"image\":{\"@id\":\"https:\\\/\\\/www.thokbikes.com\\\/de\\\/negozio\\\/outlet-de\\\/gram-rc-groesse-s\\\/#primaryimage\"},\"thumbnailUrl\":\"https:\\\/\\\/www.thokbikes.com\\\/wp-content\\\/uploads\\\/2025\\\/07\\\/Outlet-GRAM-RC.jpg\",\"datePublished\":\"2026-01-22T05:07:52+00:00\",\"dateModified\":\"2026-01-26T11:30:17+00:00\",\"breadcrumb\":{\"@id\":\"https:\\\/\\\/www.thokbikes.com\\\/de\\\/negozio\\\/outlet-de\\\/gram-rc-groesse-s\\\/#breadcrumb\"},\"inLanguage\":\"de-DE\",\"potentialAction\":[{\"@type\":\"ReadAction\",\"target\":[\"https:\\\/\\\/www.thokbikes.com\\\/de\\\/negozio\\\/outlet-de\\\/gram-rc-groesse-s\\\/\"]}]},{\"@type\":\"ImageObject\",\"inLanguage\":\"de-DE\",\"@id\":\"https:\\\/\\\/www.thokbikes.com\\\/de\\\/negozio\\\/outlet-de\\\/gram-rc-groesse-s\\\/#primaryimage\",\"url\":\"https:\\\/\\\/www.thokbikes.com\\\/wp-content\\\/uploads\\\/2025\\\/07\\\/Outlet-GRAM-RC.jpg\",\"contentUrl\":\"https:\\\/\\\/www.thokbikes.com\\\/wp-content\\\/uploads\\\/2025\\\/07\\\/Outlet-GRAM-RC.jpg\",\"width\":900,\"height\":900},{\"@type\":\"BreadcrumbList\",\"@id\":\"https:\\\/\\\/www.thokbikes.com\\\/de\\\/negozio\\\/outlet-de\\\/gram-rc-groesse-s\\\/#breadcrumb\",\"itemListElement\":[{\"@type\":\"ListItem\",\"position\":1,\"name\":\"Home\",\"item\":\"https:\\\/\\\/www.thokbikes.com\\\/de\\\/\"},{\"@type\":\"ListItem\",\"position\":2,\"name\":\"Shop\",\"item\":\"https:\\\/\\\/www.thokbikes.com\\\/negozio\\\/\"},{\"@type\":\"ListItem\",\"position\":3,\"name\":\"GRAM-RC Gr\u00f6\u00dfe S\"}]},{\"@type\":\"WebSite\",\"@id\":\"https:\\\/\\\/www.thokbikes.com\\\/de\\\/#website\",\"url\":\"https:\\\/\\\/www.thokbikes.com\\\/de\\\/\",\"name\":\"Thok E-bikes\",\"description\":\"\",\"publisher\":{\"@id\":\"https:\\\/\\\/www.thokbikes.com\\\/de\\\/#organization\"},\"potentialAction\":[{\"@type\":\"SearchAction\",\"target\":{\"@type\":\"EntryPoint\",\"urlTemplate\":\"https:\\\/\\\/www.thokbikes.com\\\/de\\\/?s={search_term_string}\"},\"query-input\":{\"@type\":\"PropertyValueSpecification\",\"valueRequired\":true,\"valueName\":\"search_term_string\"}}],\"inLanguage\":\"de-DE\"},{\"@type\":\"Organization\",\"@id\":\"https:\\\/\\\/www.thokbikes.com\\\/de\\\/#organization\",\"name\":\"Thok E-bikes\",\"url\":\"https:\\\/\\\/www.thokbikes.com\\\/de\\\/\",\"logo\":{\"@type\":\"ImageObject\",\"inLanguage\":\"de-DE\",\"@id\":\"https:\\\/\\\/www.thokbikes.com\\\/de\\\/#\\\/schema\\\/logo\\\/image\\\/\",\"url\":\"https:\\\/\\\/www.thokbikes.com\\\/wp-content\\\/uploads\\\/2025\\\/11\\\/logo-thok-white.png\",\"contentUrl\":\"https:\\\/\\\/www.thokbikes.com\\\/wp-content\\\/uploads\\\/2025\\\/11\\\/logo-thok-white.png\",\"width\":1920,\"height\":281,\"caption\":\"Thok E-bikes\"},\"image\":{\"@id\":\"https:\\\/\\\/www.thokbikes.com\\\/de\\\/#\\\/schema\\\/logo\\\/image\\\/\"},\"sameAs\":[\"https:\\\/\\\/www.facebook.com\\\/thokebikes\",\"https:\\\/\\\/www.instagram.com\\\/thok_ebikes\\\/\",\"https:\\\/\\\/www.youtube.com\\\/channel\\\/UC-yfWNxPCJvVdRymE7tA8Ww\"]}]}<\/script>\n<!-- \/ Yoast SEO plugin. -->","yoast_head_json":{"title":"GRAM-RC Gr\u00f6\u00dfe S - Thok","robots":{"index":"index","follow":"follow","max-snippet":"max-snippet:-1","max-image-preview":"max-image-preview:large","max-video-preview":"max-video-preview:-1"},"canonical":"https:\/\/www.thokbikes.com\/de\/negozio\/outlet-de\/gram-rc-groesse-s\/","og_locale":"de_DE","og_type":"article","og_title":"GRAM-RC Gr\u00f6\u00dfe S - Thok","og_description":"Entdecken Sie mehr MODELL: THOK &#8211; GRAM-RC GR\u00d6SSE: S (Letzte verf\u00fcgbare St\u00fccke) KM: 0 TYP: Ausstellungsrad GARANTIEDAUER: 24 Monate FINANZIERUNG M\u00d6GLICH Technische Daten:Carbonrahmen, SHIMANO EP8-Motor, integrierter 630Wh-Akku, 170 mm Federweg vorne, Shimano Deore XT Bremsen, Mullet-Laufr\u00e4der, Teleskopsattelst\u00fctze. Beschreibung:Fahrrad als Ausstellungsmodell auf Messen und Veranstaltungen verwendet. Null Kilometer, keine Gebrauchsspuren am Rahmen und den Komponenten. Komponenten: [&hellip;]","og_url":"https:\/\/www.thokbikes.com\/de\/negozio\/outlet-de\/gram-rc-groesse-s\/","og_site_name":"Thok","article_publisher":"https:\/\/www.facebook.com\/thokebikes","article_modified_time":"2026-01-26T11:30:17+00:00","og_image":[{"width":900,"height":900,"url":"https:\/\/www.thokbikes.com\/wp-content\/uploads\/2025\/07\/Outlet-GRAM-RC.jpg","type":"image\/jpeg"}],"twitter_card":"summary_large_image","twitter_misc":{"Est. reading time":"2 minutes"},"schema":{"@context":"https:\/\/schema.org","@graph":[{"@type":"WebPage","@id":"https:\/\/www.thokbikes.com\/de\/negozio\/outlet-de\/gram-rc-groesse-s\/","url":"https:\/\/www.thokbikes.com\/de\/negozio\/outlet-de\/gram-rc-groesse-s\/","name":"GRAM-RC Gr\u00f6\u00dfe S - Thok","isPartOf":{"@id":"https:\/\/www.thokbikes.com\/de\/#website"},"primaryImageOfPage":{"@id":"https:\/\/www.thokbikes.com\/de\/negozio\/outlet-de\/gram-rc-groesse-s\/#primaryimage"},"image":{"@id":"https:\/\/www.thokbikes.com\/de\/negozio\/outlet-de\/gram-rc-groesse-s\/#primaryimage"},"thumbnailUrl":"https:\/\/www.thokbikes.com\/wp-content\/uploads\/2025\/07\/Outlet-GRAM-RC.jpg","datePublished":"2026-01-22T05:07:52+00:00","dateModified":"2026-01-26T11:30:17+00:00","breadcrumb":{"@id":"https:\/\/www.thokbikes.com\/de\/negozio\/outlet-de\/gram-rc-groesse-s\/#breadcrumb"},"inLanguage":"de-DE","potentialAction":[{"@type":"ReadAction","target":["https:\/\/www.thokbikes.com\/de\/negozio\/outlet-de\/gram-rc-groesse-s\/"]}]},{"@type":"ImageObject","inLanguage":"de-DE","@id":"https:\/\/www.thokbikes.com\/de\/negozio\/outlet-de\/gram-rc-groesse-s\/#primaryimage","url":"https:\/\/www.thokbikes.com\/wp-content\/uploads\/2025\/07\/Outlet-GRAM-RC.jpg","contentUrl":"https:\/\/www.thokbikes.com\/wp-content\/uploads\/2025\/07\/Outlet-GRAM-RC.jpg","width":900,"height":900},{"@type":"BreadcrumbList","@id":"https:\/\/www.thokbikes.com\/de\/negozio\/outlet-de\/gram-rc-groesse-s\/#breadcrumb","itemListElement":[{"@type":"ListItem","position":1,"name":"Home","item":"https:\/\/www.thokbikes.com\/de\/"},{"@type":"ListItem","position":2,"name":"Shop","item":"https:\/\/www.thokbikes.com\/negozio\/"},{"@type":"ListItem","position":3,"name":"GRAM-RC Gr\u00f6\u00dfe S"}]},{"@type":"WebSite","@id":"https:\/\/www.thokbikes.com\/de\/#website","url":"https:\/\/www.thokbikes.com\/de\/","name":"Thok E-bikes","description":"","publisher":{"@id":"https:\/\/www.thokbikes.com\/de\/#organization"},"potentialAction":[{"@type":"SearchAction","target":{"@type":"EntryPoint","urlTemplate":"https:\/\/www.thokbikes.com\/de\/?s={search_term_string}"},"query-input":{"@type":"PropertyValueSpecification","valueRequired":true,"valueName":"search_term_string"}}],"inLanguage":"de-DE"},{"@type":"Organization","@id":"https:\/\/www.thokbikes.com\/de\/#organization","name":"Thok E-bikes","url":"https:\/\/www.thokbikes.com\/de\/","logo":{"@type":"ImageObject","inLanguage":"de-DE","@id":"https:\/\/www.thokbikes.com\/de\/#\/schema\/logo\/image\/","url":"https:\/\/www.thokbikes.com\/wp-content\/uploads\/2025\/11\/logo-thok-white.png","contentUrl":"https:\/\/www.thokbikes.com\/wp-content\/uploads\/2025\/11\/logo-thok-white.png","width":1920,"height":281,"caption":"Thok E-bikes"},"image":{"@id":"https:\/\/www.thokbikes.com\/de\/#\/schema\/logo\/image\/"},"sameAs":["https:\/\/www.facebook.com\/thokebikes","https:\/\/www.instagram.com\/thok_ebikes\/","https:\/\/www.youtube.com\/channel\/UC-yfWNxPCJvVdRymE7tA8Ww"]}]}},"_links":{"self":[{"href":"https:\/\/www.thokbikes.com\/de\/wp-json\/wp\/v2\/product\/35198","targetHints":{"allow":["GET"]}}],"collection":[{"href":"https:\/\/www.thokbikes.com\/de\/wp-json\/wp\/v2\/product"}],"about":[{"href":"https:\/\/www.thokbikes.com\/de\/wp-json\/wp\/v2\/types\/product"}],"replies":[{"embeddable":true,"href":"https:\/\/www.thokbikes.com\/de\/wp-json\/wp\/v2\/comments?post=35198"}],"wp:featuredmedia":[{"embeddable":true,"href":"https:\/\/www.thokbikes.com\/de\/wp-json\/wp\/v2\/media\/29940"}],"wp:attachment":[{"href":"https:\/\/www.thokbikes.com\/de\/wp-json\/wp\/v2\/media?parent=35198"}],"wp:term":[{"taxonomy":"product_brand","embeddable":true,"href":"https:\/\/www.thokbikes.com\/de\/wp-json\/wp\/v2\/product_brand?post=35198"},{"taxonomy":"product_cat","embeddable":true,"href":"https:\/\/www.thokbikes.com\/de\/wp-json\/wp\/v2\/product_cat?post=35198"},{"taxonomy":"product_tag","embeddable":true,"href":"https:\/\/www.thokbikes.com\/de\/wp-json\/wp\/v2\/product_tag?post=35198"}],"curies":[{"name":"wp","href":"https:\/\/api.w.org\/{rel}","templated":true}]}}