{"id":35208,"date":"2025-10-16T06:14:26","date_gmt":"2025-10-16T04:14:26","guid":{"rendered":"https:\/\/www.thokbikes.com\/?post_type=product&#038;p=35208"},"modified":"2026-01-26T20:42:05","modified_gmt":"2026-01-26T19:42:05","slug":"mig-r-groesse-l-expo","status":"publish","type":"product","link":"https:\/\/www.thokbikes.com\/de\/negozio\/outlet-de\/mig-r-groesse-l-expo\/","title":{"rendered":"MIG-R Gr\u00f6\u00dfe L &#8211; EXPO"},"content":{"rendered":"<ul>\n<li><strong>MODELL<\/strong>: THOK \u2013 MIG-R<\/li>\n<li><strong>GR\u00d6SSE<\/strong>: L<\/li>\n<li><strong>KM<\/strong>: 0<\/li>\n<li><strong>TYP<\/strong>: Ausstellungsrad<\/li>\n<li><strong>GARANTIEDAUER<\/strong>: 24 Monate<\/li>\n<\/ul>\n<p><strong>AUFM\u00d6GLICHKEIT<\/strong>: Finanzierung m\u00f6glich<\/p>\n<p><strong>Technische Merkmale<\/strong>:<br \/>\nAll-Mountain mit Aluminiumrahmen, Shimano EP8 Motor, 630Wh Akku, 150 mm Federweg vorne, 4-Kolben-Bremsen, Mullet-Laufr\u00e4der, Teleskop-Sattelst\u00fctze.<\/p>\n<p><strong>Beschreibung<\/strong>:<br \/>\nFahrrad als Ausstellungsmodell auf Messen und Veranstaltungen verwendet. Null Kilometer, keine Gebrauchsspuren am Rahmen und den Komponenten.<\/p>\n<p><strong>Komponenten<\/strong>:<\/p>\n<ul>\n<li><strong>FRAME<\/strong>: Alloy frame 6061 T4 T6 with 140mm rear travel, forged and CNC parts, hydroformed tubes, geometry 29\u2033\/27.5\u2033, semi-integrated battery<\/li>\n<li><strong>SIZES<\/strong>: S (154 \u2013 165cm) M (166 \u2013 174 cm) L (175- 184 cm) XL (185 \u2013 200cm)<\/li>\n<li><strong>POWER SUPPLY<\/strong>: SHIMANO STEPS EP8 \u2013 85 Nm (250W) \u2013 630 Wh waterproof battery<\/li>\n<li><strong>DISPLAY and SHIFTER<\/strong>: Cyclo Computer SC-E7000 with 1,39\u2033 display \u2013 SW-E7000 ergonomic controller (Eco, Trail, Boost e Power-Walk)<\/li>\n<li><strong>FORK<\/strong>: FOX \u2013 RHYTHM, 36 Float 150 mm, boost 29\u2033<\/li>\n<li><strong>REAR SHOCK<\/strong>: FOX \u2013 DPS , THOK personalized setup 210\u00d755<\/li>\n<li><strong>BRAKES<\/strong>: SRAM \u2013 GUIDE RE, 4 piston, hydraulic brakes \u2013 rotor 203 mm<\/li>\n<li><strong>REAR DERALLIEUR<\/strong>: SRAM \u2013 GX Eagle 12 S<\/li>\n<li><strong>SHIFTING<\/strong>: SRAM \u2013 NX Eagle trigger 12 S<\/li>\n<li><strong>CASSETTE<\/strong>: SRAM \u2013 Eagle 12 S ; 11-50<\/li>\n<li><strong>CHAIN<\/strong>: SRAM \u2013 12 S<\/li>\n<li><strong>CRANK<\/strong>: FSA 165 mm with chainring 34 T<\/li>\n<li><strong>WHEELSET<\/strong>: MAVIC rims \u2013 29\u2033x30 mm front and 27.5\u2033x35 mm rear<\/li>\n<li><strong>STEM<\/strong>: THOK CNC, oversize 35 mm, lenght 45mm<\/li>\n<li><strong>HANDLEBAR<\/strong>: THOK Oversize bar 35 mm, size 20 mm<\/li>\n<li><strong>GRIP<\/strong>: THOK \u2013 Lock-On grip<\/li>\n<li><strong>TIRES<\/strong>: MAXXIS \u2013 Assegai 29\u2033 (Size S 27,5\u2033) \/ 27,5\u2033 x 2.6 3C \/ EXO+ \/ TR<\/li>\n<li><strong>SEATPOST<\/strong>: THOK \u2013 Dropper post (125 mm size S \u2013 150 mm other size)<\/li>\n<li><strong>SADDLE<\/strong>: THOK \u2013 Fit in Chromo<\/li>\n<li><strong>PEDALS<\/strong>: NW 482S in polietilen<\/li>\n<li><strong>WEIGHT<\/strong>: 23,8 Kg (Medium size without pedals)<\/li>\n<\/ul>\n","protected":false},"excerpt":{"rendered":"<p>MODELL: THOK \u2013 MIG-R GR\u00d6SSE: L KM: 0 TYP: Ausstellungsrad GARANTIEDAUER: 24 Monate AUFM\u00d6GLICHKEIT: Finanzierung m\u00f6glich Technische Merkmale: All-Mountain mit Aluminiumrahmen, Shimano EP8 Motor, 630Wh Akku, 150 mm Federweg vorne, 4-Kolben-Bremsen, Mullet-Laufr\u00e4der, Teleskop-Sattelst\u00fctze. Beschreibung: Fahrrad als Ausstellungsmodell auf Messen und Veranstaltungen verwendet. Null Kilometer, keine Gebrauchsspuren am Rahmen und den Komponenten. Komponenten: FRAME: Alloy frame [&hellip;]<\/p>\n","protected":false},"featured_media":29910,"comment_status":"closed","ping_status":"closed","template":"","meta":{"_acf_changed":false},"product_brand":[],"product_cat":[264],"product_tag":[],"class_list":{"0":"post-35208","1":"product","2":"type-product","3":"status-publish","4":"has-post-thumbnail","6":"product_cat-outlet-de","8":"first","9":"instock","10":"taxable","11":"shipping-taxable","12":"purchasable","13":"product-type-simple"},"acf":[],"yoast_head":"<!-- This site is optimized with the Yoast SEO plugin v27.3 - https:\/\/yoast.com\/product\/yoast-seo-wordpress\/ -->\n<title>MIG-R Gr\u00f6\u00dfe L - EXPO - Thok<\/title>\n<meta name=\"robots\" content=\"index, follow, max-snippet:-1, max-image-preview:large, max-video-preview:-1\" \/>\n<link rel=\"canonical\" href=\"https:\/\/www.thokbikes.com\/de\/negozio\/outlet-de\/mig-r-groesse-l-expo\/\" \/>\n<meta property=\"og:locale\" content=\"de_DE\" \/>\n<meta property=\"og:type\" content=\"article\" \/>\n<meta property=\"og:title\" content=\"MIG-R Gr\u00f6\u00dfe L - EXPO - Thok\" \/>\n<meta property=\"og:description\" content=\"MODELL: THOK \u2013 MIG-R GR\u00d6SSE: L KM: 0 TYP: Ausstellungsrad GARANTIEDAUER: 24 Monate AUFM\u00d6GLICHKEIT: Finanzierung m\u00f6glich Technische Merkmale: All-Mountain mit Aluminiumrahmen, Shimano EP8 Motor, 630Wh Akku, 150 mm Federweg vorne, 4-Kolben-Bremsen, Mullet-Laufr\u00e4der, Teleskop-Sattelst\u00fctze. Beschreibung: Fahrrad als Ausstellungsmodell auf Messen und Veranstaltungen verwendet. Null Kilometer, keine Gebrauchsspuren am Rahmen und den Komponenten. Komponenten: FRAME: Alloy frame [&hellip;]\" \/>\n<meta property=\"og:url\" content=\"https:\/\/www.thokbikes.com\/de\/negozio\/outlet-de\/mig-r-groesse-l-expo\/\" \/>\n<meta property=\"og:site_name\" content=\"Thok\" \/>\n<meta property=\"article:publisher\" content=\"https:\/\/www.facebook.com\/thokebikes\" \/>\n<meta property=\"article:modified_time\" content=\"2026-01-26T19:42:05+00:00\" \/>\n<meta property=\"og:image\" content=\"https:\/\/www.thokbikes.com\/wp-content\/uploads\/2025\/07\/Outlet-MIG-R.jpg\" \/>\n\t<meta property=\"og:image:width\" content=\"900\" \/>\n\t<meta property=\"og:image:height\" content=\"900\" \/>\n\t<meta property=\"og:image:type\" content=\"image\/jpeg\" \/>\n<meta name=\"twitter:card\" content=\"summary_large_image\" \/>\n<meta name=\"twitter:label1\" content=\"Est. reading time\" \/>\n\t<meta name=\"twitter:data1\" content=\"2 minutes\" \/>\n<script type=\"application\/ld+json\" class=\"yoast-schema-graph\">{\"@context\":\"https:\\\/\\\/schema.org\",\"@graph\":[{\"@type\":\"WebPage\",\"@id\":\"https:\\\/\\\/www.thokbikes.com\\\/de\\\/negozio\\\/outlet-de\\\/mig-r-groesse-l-expo\\\/\",\"url\":\"https:\\\/\\\/www.thokbikes.com\\\/de\\\/negozio\\\/outlet-de\\\/mig-r-groesse-l-expo\\\/\",\"name\":\"MIG-R Gr\u00f6\u00dfe L - EXPO - Thok\",\"isPartOf\":{\"@id\":\"https:\\\/\\\/www.thokbikes.com\\\/de\\\/#website\"},\"primaryImageOfPage\":{\"@id\":\"https:\\\/\\\/www.thokbikes.com\\\/de\\\/negozio\\\/outlet-de\\\/mig-r-groesse-l-expo\\\/#primaryimage\"},\"image\":{\"@id\":\"https:\\\/\\\/www.thokbikes.com\\\/de\\\/negozio\\\/outlet-de\\\/mig-r-groesse-l-expo\\\/#primaryimage\"},\"thumbnailUrl\":\"https:\\\/\\\/www.thokbikes.com\\\/wp-content\\\/uploads\\\/2025\\\/07\\\/Outlet-MIG-R.jpg\",\"datePublished\":\"2025-10-16T04:14:26+00:00\",\"dateModified\":\"2026-01-26T19:42:05+00:00\",\"breadcrumb\":{\"@id\":\"https:\\\/\\\/www.thokbikes.com\\\/de\\\/negozio\\\/outlet-de\\\/mig-r-groesse-l-expo\\\/#breadcrumb\"},\"inLanguage\":\"de-DE\",\"potentialAction\":[{\"@type\":\"ReadAction\",\"target\":[\"https:\\\/\\\/www.thokbikes.com\\\/de\\\/negozio\\\/outlet-de\\\/mig-r-groesse-l-expo\\\/\"]}]},{\"@type\":\"ImageObject\",\"inLanguage\":\"de-DE\",\"@id\":\"https:\\\/\\\/www.thokbikes.com\\\/de\\\/negozio\\\/outlet-de\\\/mig-r-groesse-l-expo\\\/#primaryimage\",\"url\":\"https:\\\/\\\/www.thokbikes.com\\\/wp-content\\\/uploads\\\/2025\\\/07\\\/Outlet-MIG-R.jpg\",\"contentUrl\":\"https:\\\/\\\/www.thokbikes.com\\\/wp-content\\\/uploads\\\/2025\\\/07\\\/Outlet-MIG-R.jpg\",\"width\":900,\"height\":900},{\"@type\":\"BreadcrumbList\",\"@id\":\"https:\\\/\\\/www.thokbikes.com\\\/de\\\/negozio\\\/outlet-de\\\/mig-r-groesse-l-expo\\\/#breadcrumb\",\"itemListElement\":[{\"@type\":\"ListItem\",\"position\":1,\"name\":\"Home\",\"item\":\"https:\\\/\\\/www.thokbikes.com\\\/de\\\/\"},{\"@type\":\"ListItem\",\"position\":2,\"name\":\"Shop\",\"item\":\"https:\\\/\\\/www.thokbikes.com\\\/negozio\\\/\"},{\"@type\":\"ListItem\",\"position\":3,\"name\":\"MIG-R Gr\u00f6\u00dfe L &#8211; EXPO\"}]},{\"@type\":\"WebSite\",\"@id\":\"https:\\\/\\\/www.thokbikes.com\\\/de\\\/#website\",\"url\":\"https:\\\/\\\/www.thokbikes.com\\\/de\\\/\",\"name\":\"Thok E-bikes\",\"description\":\"\",\"publisher\":{\"@id\":\"https:\\\/\\\/www.thokbikes.com\\\/de\\\/#organization\"},\"potentialAction\":[{\"@type\":\"SearchAction\",\"target\":{\"@type\":\"EntryPoint\",\"urlTemplate\":\"https:\\\/\\\/www.thokbikes.com\\\/de\\\/?s={search_term_string}\"},\"query-input\":{\"@type\":\"PropertyValueSpecification\",\"valueRequired\":true,\"valueName\":\"search_term_string\"}}],\"inLanguage\":\"de-DE\"},{\"@type\":\"Organization\",\"@id\":\"https:\\\/\\\/www.thokbikes.com\\\/de\\\/#organization\",\"name\":\"Thok E-bikes\",\"url\":\"https:\\\/\\\/www.thokbikes.com\\\/de\\\/\",\"logo\":{\"@type\":\"ImageObject\",\"inLanguage\":\"de-DE\",\"@id\":\"https:\\\/\\\/www.thokbikes.com\\\/de\\\/#\\\/schema\\\/logo\\\/image\\\/\",\"url\":\"https:\\\/\\\/www.thokbikes.com\\\/wp-content\\\/uploads\\\/2025\\\/11\\\/logo-thok-white.png\",\"contentUrl\":\"https:\\\/\\\/www.thokbikes.com\\\/wp-content\\\/uploads\\\/2025\\\/11\\\/logo-thok-white.png\",\"width\":1920,\"height\":281,\"caption\":\"Thok E-bikes\"},\"image\":{\"@id\":\"https:\\\/\\\/www.thokbikes.com\\\/de\\\/#\\\/schema\\\/logo\\\/image\\\/\"},\"sameAs\":[\"https:\\\/\\\/www.facebook.com\\\/thokebikes\",\"https:\\\/\\\/www.instagram.com\\\/thok_ebikes\\\/\",\"https:\\\/\\\/www.youtube.com\\\/channel\\\/UC-yfWNxPCJvVdRymE7tA8Ww\"]}]}<\/script>\n<!-- \/ Yoast SEO plugin. -->","yoast_head_json":{"title":"MIG-R Gr\u00f6\u00dfe L - EXPO - Thok","robots":{"index":"index","follow":"follow","max-snippet":"max-snippet:-1","max-image-preview":"max-image-preview:large","max-video-preview":"max-video-preview:-1"},"canonical":"https:\/\/www.thokbikes.com\/de\/negozio\/outlet-de\/mig-r-groesse-l-expo\/","og_locale":"de_DE","og_type":"article","og_title":"MIG-R Gr\u00f6\u00dfe L - EXPO - Thok","og_description":"MODELL: THOK \u2013 MIG-R GR\u00d6SSE: L KM: 0 TYP: Ausstellungsrad GARANTIEDAUER: 24 Monate AUFM\u00d6GLICHKEIT: Finanzierung m\u00f6glich Technische Merkmale: All-Mountain mit Aluminiumrahmen, Shimano EP8 Motor, 630Wh Akku, 150 mm Federweg vorne, 4-Kolben-Bremsen, Mullet-Laufr\u00e4der, Teleskop-Sattelst\u00fctze. Beschreibung: Fahrrad als Ausstellungsmodell auf Messen und Veranstaltungen verwendet. Null Kilometer, keine Gebrauchsspuren am Rahmen und den Komponenten. Komponenten: FRAME: Alloy frame [&hellip;]","og_url":"https:\/\/www.thokbikes.com\/de\/negozio\/outlet-de\/mig-r-groesse-l-expo\/","og_site_name":"Thok","article_publisher":"https:\/\/www.facebook.com\/thokebikes","article_modified_time":"2026-01-26T19:42:05+00:00","og_image":[{"width":900,"height":900,"url":"https:\/\/www.thokbikes.com\/wp-content\/uploads\/2025\/07\/Outlet-MIG-R.jpg","type":"image\/jpeg"}],"twitter_card":"summary_large_image","twitter_misc":{"Est. reading time":"2 minutes"},"schema":{"@context":"https:\/\/schema.org","@graph":[{"@type":"WebPage","@id":"https:\/\/www.thokbikes.com\/de\/negozio\/outlet-de\/mig-r-groesse-l-expo\/","url":"https:\/\/www.thokbikes.com\/de\/negozio\/outlet-de\/mig-r-groesse-l-expo\/","name":"MIG-R Gr\u00f6\u00dfe L - EXPO - Thok","isPartOf":{"@id":"https:\/\/www.thokbikes.com\/de\/#website"},"primaryImageOfPage":{"@id":"https:\/\/www.thokbikes.com\/de\/negozio\/outlet-de\/mig-r-groesse-l-expo\/#primaryimage"},"image":{"@id":"https:\/\/www.thokbikes.com\/de\/negozio\/outlet-de\/mig-r-groesse-l-expo\/#primaryimage"},"thumbnailUrl":"https:\/\/www.thokbikes.com\/wp-content\/uploads\/2025\/07\/Outlet-MIG-R.jpg","datePublished":"2025-10-16T04:14:26+00:00","dateModified":"2026-01-26T19:42:05+00:00","breadcrumb":{"@id":"https:\/\/www.thokbikes.com\/de\/negozio\/outlet-de\/mig-r-groesse-l-expo\/#breadcrumb"},"inLanguage":"de-DE","potentialAction":[{"@type":"ReadAction","target":["https:\/\/www.thokbikes.com\/de\/negozio\/outlet-de\/mig-r-groesse-l-expo\/"]}]},{"@type":"ImageObject","inLanguage":"de-DE","@id":"https:\/\/www.thokbikes.com\/de\/negozio\/outlet-de\/mig-r-groesse-l-expo\/#primaryimage","url":"https:\/\/www.thokbikes.com\/wp-content\/uploads\/2025\/07\/Outlet-MIG-R.jpg","contentUrl":"https:\/\/www.thokbikes.com\/wp-content\/uploads\/2025\/07\/Outlet-MIG-R.jpg","width":900,"height":900},{"@type":"BreadcrumbList","@id":"https:\/\/www.thokbikes.com\/de\/negozio\/outlet-de\/mig-r-groesse-l-expo\/#breadcrumb","itemListElement":[{"@type":"ListItem","position":1,"name":"Home","item":"https:\/\/www.thokbikes.com\/de\/"},{"@type":"ListItem","position":2,"name":"Shop","item":"https:\/\/www.thokbikes.com\/negozio\/"},{"@type":"ListItem","position":3,"name":"MIG-R Gr\u00f6\u00dfe L &#8211; EXPO"}]},{"@type":"WebSite","@id":"https:\/\/www.thokbikes.com\/de\/#website","url":"https:\/\/www.thokbikes.com\/de\/","name":"Thok E-bikes","description":"","publisher":{"@id":"https:\/\/www.thokbikes.com\/de\/#organization"},"potentialAction":[{"@type":"SearchAction","target":{"@type":"EntryPoint","urlTemplate":"https:\/\/www.thokbikes.com\/de\/?s={search_term_string}"},"query-input":{"@type":"PropertyValueSpecification","valueRequired":true,"valueName":"search_term_string"}}],"inLanguage":"de-DE"},{"@type":"Organization","@id":"https:\/\/www.thokbikes.com\/de\/#organization","name":"Thok E-bikes","url":"https:\/\/www.thokbikes.com\/de\/","logo":{"@type":"ImageObject","inLanguage":"de-DE","@id":"https:\/\/www.thokbikes.com\/de\/#\/schema\/logo\/image\/","url":"https:\/\/www.thokbikes.com\/wp-content\/uploads\/2025\/11\/logo-thok-white.png","contentUrl":"https:\/\/www.thokbikes.com\/wp-content\/uploads\/2025\/11\/logo-thok-white.png","width":1920,"height":281,"caption":"Thok E-bikes"},"image":{"@id":"https:\/\/www.thokbikes.com\/de\/#\/schema\/logo\/image\/"},"sameAs":["https:\/\/www.facebook.com\/thokebikes","https:\/\/www.instagram.com\/thok_ebikes\/","https:\/\/www.youtube.com\/channel\/UC-yfWNxPCJvVdRymE7tA8Ww"]}]}},"_links":{"self":[{"href":"https:\/\/www.thokbikes.com\/de\/wp-json\/wp\/v2\/product\/35208","targetHints":{"allow":["GET"]}}],"collection":[{"href":"https:\/\/www.thokbikes.com\/de\/wp-json\/wp\/v2\/product"}],"about":[{"href":"https:\/\/www.thokbikes.com\/de\/wp-json\/wp\/v2\/types\/product"}],"replies":[{"embeddable":true,"href":"https:\/\/www.thokbikes.com\/de\/wp-json\/wp\/v2\/comments?post=35208"}],"wp:featuredmedia":[{"embeddable":true,"href":"https:\/\/www.thokbikes.com\/de\/wp-json\/wp\/v2\/media\/29910"}],"wp:attachment":[{"href":"https:\/\/www.thokbikes.com\/de\/wp-json\/wp\/v2\/media?parent=35208"}],"wp:term":[{"taxonomy":"product_brand","embeddable":true,"href":"https:\/\/www.thokbikes.com\/de\/wp-json\/wp\/v2\/product_brand?post=35208"},{"taxonomy":"product_cat","embeddable":true,"href":"https:\/\/www.thokbikes.com\/de\/wp-json\/wp\/v2\/product_cat?post=35208"},{"taxonomy":"product_tag","embeddable":true,"href":"https:\/\/www.thokbikes.com\/de\/wp-json\/wp\/v2\/product_tag?post=35208"}],"curies":[{"name":"wp","href":"https:\/\/api.w.org\/{rel}","templated":true}]}}