{"id":36101,"date":"2026-02-13T06:07:48","date_gmt":"2026-02-13T05:07:48","guid":{"rendered":"https:\/\/www.thokbikes.com\/?post_type=product&#038;p=36101"},"modified":"2026-03-09T11:39:08","modified_gmt":"2026-03-09T10:39:08","slug":"mig-ltd-yellow-edition-groesse-m","status":"publish","type":"product","link":"https:\/\/www.thokbikes.com\/de\/negozio\/outlet-de\/mig-ltd-yellow-edition-groesse-m\/","title":{"rendered":"MIG LTD YELLOW EDITION Gr\u00f6\u00dfe M"},"content":{"rendered":"<ul>\n<li data-start=\"1193\" data-end=\"1339\"><strong data-start=\"1193\" data-end=\"1204\">MODELL:<\/strong> MIG LTD YELLOW EDITION<\/li>\n<li data-start=\"1193\" data-end=\"1339\"><strong data-start=\"1228\" data-end=\"1239\">GR\u00d6SSE:<\/strong> M<\/li>\n<li data-start=\"1193\" data-end=\"1339\"><strong data-start=\"1244\" data-end=\"1251\">KM:<\/strong> 617<\/li>\n<li data-start=\"1193\" data-end=\"1339\"><strong data-start=\"1256\" data-end=\"1264\">TYP: <\/strong>Ehemaliges Testbike<\/li>\n<li data-start=\"1193\" data-end=\"1339\"><strong data-start=\"1284\" data-end=\"1302\">GARANTIEDAUER:<\/strong> 12 Monate<\/li>\n<li data-start=\"1193\" data-end=\"1339\"><strong data-start=\"1315\" data-end=\"1339\">FINANZIERUNG M\u00d6GLICH<\/strong><\/li>\n<\/ul>\n<p data-start=\"1341\" data-end=\"1574\"><strong data-start=\"1341\" data-end=\"1362\">Technische Daten:<\/strong><\/p>\n<p data-start=\"1341\" data-end=\"1574\">Aluminiumrahmen, Shimano EP8 Motor, Shimano 630 Wh Akku, 150 mm Federweg vorne, \u00d6hlins-Gabel und Sto\u00dfd\u00e4mpfer, Shimano XT Bremsen, Crankbrothers Laufr\u00e4der, Carbon-Lenker von Renthal, Mullet-Laufr\u00e4der, Teleskopsattelst\u00fctze.<\/p>\n<p data-start=\"1576\" data-end=\"1724\"><strong data-start=\"1576\" data-end=\"1593\">Beschreibung:<\/strong><\/p>\n<p data-start=\"1576\" data-end=\"1724\">Fahrrad wurde f\u00fcr Probefahrten verwendet. Immer vom THOK-Technikteam gewartet. General\u00fcberholt. Weist Gebrauchsspuren an stark beanspruchten Teilen (Kurbeln, Schaltung und Lenker) sowie kleinere optische M\u00e4ngel am Rahmen auf.<\/p>\n","protected":false},"excerpt":{"rendered":"<p>MODELL: MIG LTD YELLOW EDITION GR\u00d6SSE: M KM: 617 TYP: Ehemaliges Testbike GARANTIEDAUER: 12 Monate FINANZIERUNG M\u00d6GLICH Technische Daten: Aluminiumrahmen, Shimano EP8 Motor, Shimano 630 Wh Akku, 150 mm Federweg vorne, \u00d6hlins-Gabel und Sto\u00dfd\u00e4mpfer, Shimano XT Bremsen, Crankbrothers Laufr\u00e4der, Carbon-Lenker von Renthal, Mullet-Laufr\u00e4der, Teleskopsattelst\u00fctze. Beschreibung: Fahrrad wurde f\u00fcr Probefahrten verwendet. Immer vom THOK-Technikteam gewartet. General\u00fcberholt. [&hellip;]<\/p>\n","protected":false},"featured_media":36268,"comment_status":"closed","ping_status":"closed","template":"","meta":{"_acf_changed":false},"product_brand":[],"product_cat":[264],"product_tag":[],"class_list":{"0":"post-36101","1":"product","2":"type-product","3":"status-publish","4":"has-post-thumbnail","6":"product_cat-outlet-de","8":"first","9":"instock","10":"taxable","11":"shipping-taxable","12":"purchasable","13":"product-type-simple"},"acf":[],"yoast_head":"<!-- This site is optimized with the Yoast SEO plugin v27.1.1 - https:\/\/yoast.com\/product\/yoast-seo-wordpress\/ -->\n<title>MIG LTD YELLOW EDITION Gr\u00f6\u00dfe M - Thok<\/title>\n<meta name=\"robots\" content=\"index, follow, max-snippet:-1, max-image-preview:large, max-video-preview:-1\" \/>\n<link rel=\"canonical\" href=\"https:\/\/www.thokbikes.com\/de\/negozio\/outlet-de\/mig-ltd-yellow-edition-groesse-m\/\" \/>\n<meta property=\"og:locale\" content=\"de_DE\" \/>\n<meta property=\"og:type\" content=\"article\" \/>\n<meta property=\"og:title\" content=\"MIG LTD YELLOW EDITION Gr\u00f6\u00dfe M - Thok\" \/>\n<meta property=\"og:description\" content=\"MODELL: MIG LTD YELLOW EDITION GR\u00d6SSE: M KM: 617 TYP: Ehemaliges Testbike GARANTIEDAUER: 12 Monate FINANZIERUNG M\u00d6GLICH Technische Daten: Aluminiumrahmen, Shimano EP8 Motor, Shimano 630 Wh Akku, 150 mm Federweg vorne, \u00d6hlins-Gabel und Sto\u00dfd\u00e4mpfer, Shimano XT Bremsen, Crankbrothers Laufr\u00e4der, Carbon-Lenker von Renthal, Mullet-Laufr\u00e4der, Teleskopsattelst\u00fctze. Beschreibung: Fahrrad wurde f\u00fcr Probefahrten verwendet. Immer vom THOK-Technikteam gewartet. General\u00fcberholt. [&hellip;]\" \/>\n<meta property=\"og:url\" content=\"https:\/\/www.thokbikes.com\/de\/negozio\/outlet-de\/mig-ltd-yellow-edition-groesse-m\/\" \/>\n<meta property=\"og:site_name\" content=\"Thok\" \/>\n<meta property=\"article:publisher\" content=\"https:\/\/www.facebook.com\/thokebikes\" \/>\n<meta property=\"article:modified_time\" content=\"2026-03-09T10:39:08+00:00\" \/>\n<meta property=\"og:image\" content=\"https:\/\/www.thokbikes.com\/wp-content\/uploads\/2026\/02\/Outlet-MIG-Yellow.jpg\" \/>\n\t<meta property=\"og:image:width\" content=\"900\" \/>\n\t<meta property=\"og:image:height\" content=\"900\" \/>\n\t<meta property=\"og:image:type\" content=\"image\/jpeg\" \/>\n<meta name=\"twitter:card\" content=\"summary_large_image\" \/>\n<meta name=\"twitter:label1\" content=\"Est. reading time\" \/>\n\t<meta name=\"twitter:data1\" content=\"1 minute\" \/>\n<script type=\"application\/ld+json\" class=\"yoast-schema-graph\">{\"@context\":\"https:\/\/schema.org\",\"@graph\":[{\"@type\":\"WebPage\",\"@id\":\"https:\/\/www.thokbikes.com\/de\/negozio\/outlet-de\/mig-ltd-yellow-edition-groesse-m\/\",\"url\":\"https:\/\/www.thokbikes.com\/de\/negozio\/outlet-de\/mig-ltd-yellow-edition-groesse-m\/\",\"name\":\"MIG LTD YELLOW EDITION Gr\u00f6\u00dfe M - Thok\",\"isPartOf\":{\"@id\":\"https:\/\/www.thokbikes.com\/de\/#website\"},\"primaryImageOfPage\":{\"@id\":\"https:\/\/www.thokbikes.com\/de\/negozio\/outlet-de\/mig-ltd-yellow-edition-groesse-m\/#primaryimage\"},\"image\":{\"@id\":\"https:\/\/www.thokbikes.com\/de\/negozio\/outlet-de\/mig-ltd-yellow-edition-groesse-m\/#primaryimage\"},\"thumbnailUrl\":\"https:\/\/www.thokbikes.com\/wp-content\/uploads\/2026\/02\/Outlet-MIG-Yellow.jpg\",\"datePublished\":\"2026-02-13T05:07:48+00:00\",\"dateModified\":\"2026-03-09T10:39:08+00:00\",\"breadcrumb\":{\"@id\":\"https:\/\/www.thokbikes.com\/de\/negozio\/outlet-de\/mig-ltd-yellow-edition-groesse-m\/#breadcrumb\"},\"inLanguage\":\"de-DE\",\"potentialAction\":[{\"@type\":\"ReadAction\",\"target\":[\"https:\/\/www.thokbikes.com\/de\/negozio\/outlet-de\/mig-ltd-yellow-edition-groesse-m\/\"]}]},{\"@type\":\"ImageObject\",\"inLanguage\":\"de-DE\",\"@id\":\"https:\/\/www.thokbikes.com\/de\/negozio\/outlet-de\/mig-ltd-yellow-edition-groesse-m\/#primaryimage\",\"url\":\"https:\/\/www.thokbikes.com\/wp-content\/uploads\/2026\/02\/Outlet-MIG-Yellow.jpg\",\"contentUrl\":\"https:\/\/www.thokbikes.com\/wp-content\/uploads\/2026\/02\/Outlet-MIG-Yellow.jpg\",\"width\":900,\"height\":900},{\"@type\":\"BreadcrumbList\",\"@id\":\"https:\/\/www.thokbikes.com\/de\/negozio\/outlet-de\/mig-ltd-yellow-edition-groesse-m\/#breadcrumb\",\"itemListElement\":[{\"@type\":\"ListItem\",\"position\":1,\"name\":\"Home\",\"item\":\"https:\/\/www.thokbikes.com\/de\/\"},{\"@type\":\"ListItem\",\"position\":2,\"name\":\"Shop\",\"item\":\"https:\/\/www.thokbikes.com\/negozio\/\"},{\"@type\":\"ListItem\",\"position\":3,\"name\":\"MIG LTD YELLOW EDITION Gr\u00f6\u00dfe M\"}]},{\"@type\":\"WebSite\",\"@id\":\"https:\/\/www.thokbikes.com\/de\/#website\",\"url\":\"https:\/\/www.thokbikes.com\/de\/\",\"name\":\"Thok E-bikes\",\"description\":\"\",\"publisher\":{\"@id\":\"https:\/\/www.thokbikes.com\/de\/#organization\"},\"potentialAction\":[{\"@type\":\"SearchAction\",\"target\":{\"@type\":\"EntryPoint\",\"urlTemplate\":\"https:\/\/www.thokbikes.com\/de\/?s={search_term_string}\"},\"query-input\":{\"@type\":\"PropertyValueSpecification\",\"valueRequired\":true,\"valueName\":\"search_term_string\"}}],\"inLanguage\":\"de-DE\"},{\"@type\":\"Organization\",\"@id\":\"https:\/\/www.thokbikes.com\/de\/#organization\",\"name\":\"Thok E-bikes\",\"url\":\"https:\/\/www.thokbikes.com\/de\/\",\"logo\":{\"@type\":\"ImageObject\",\"inLanguage\":\"de-DE\",\"@id\":\"https:\/\/www.thokbikes.com\/de\/#\/schema\/logo\/image\/\",\"url\":\"https:\/\/www.thokbikes.com\/wp-content\/uploads\/2025\/11\/logo-thok-white.png\",\"contentUrl\":\"https:\/\/www.thokbikes.com\/wp-content\/uploads\/2025\/11\/logo-thok-white.png\",\"width\":1920,\"height\":281,\"caption\":\"Thok E-bikes\"},\"image\":{\"@id\":\"https:\/\/www.thokbikes.com\/de\/#\/schema\/logo\/image\/\"},\"sameAs\":[\"https:\/\/www.facebook.com\/thokebikes\",\"https:\/\/www.instagram.com\/thok_ebikes\/\",\"https:\/\/www.youtube.com\/channel\/UC-yfWNxPCJvVdRymE7tA8Ww\"]}]}<\/script>\n<!-- \/ Yoast SEO plugin. -->","yoast_head_json":{"title":"MIG LTD YELLOW EDITION Gr\u00f6\u00dfe M - Thok","robots":{"index":"index","follow":"follow","max-snippet":"max-snippet:-1","max-image-preview":"max-image-preview:large","max-video-preview":"max-video-preview:-1"},"canonical":"https:\/\/www.thokbikes.com\/de\/negozio\/outlet-de\/mig-ltd-yellow-edition-groesse-m\/","og_locale":"de_DE","og_type":"article","og_title":"MIG LTD YELLOW EDITION Gr\u00f6\u00dfe M - Thok","og_description":"MODELL: MIG LTD YELLOW EDITION GR\u00d6SSE: M KM: 617 TYP: Ehemaliges Testbike GARANTIEDAUER: 12 Monate FINANZIERUNG M\u00d6GLICH Technische Daten: Aluminiumrahmen, Shimano EP8 Motor, Shimano 630 Wh Akku, 150 mm Federweg vorne, \u00d6hlins-Gabel und Sto\u00dfd\u00e4mpfer, Shimano XT Bremsen, Crankbrothers Laufr\u00e4der, Carbon-Lenker von Renthal, Mullet-Laufr\u00e4der, Teleskopsattelst\u00fctze. Beschreibung: Fahrrad wurde f\u00fcr Probefahrten verwendet. Immer vom THOK-Technikteam gewartet. General\u00fcberholt. [&hellip;]","og_url":"https:\/\/www.thokbikes.com\/de\/negozio\/outlet-de\/mig-ltd-yellow-edition-groesse-m\/","og_site_name":"Thok","article_publisher":"https:\/\/www.facebook.com\/thokebikes","article_modified_time":"2026-03-09T10:39:08+00:00","og_image":[{"width":900,"height":900,"url":"https:\/\/www.thokbikes.com\/wp-content\/uploads\/2026\/02\/Outlet-MIG-Yellow.jpg","type":"image\/jpeg"}],"twitter_card":"summary_large_image","twitter_misc":{"Est. reading time":"1 minute"},"schema":{"@context":"https:\/\/schema.org","@graph":[{"@type":"WebPage","@id":"https:\/\/www.thokbikes.com\/de\/negozio\/outlet-de\/mig-ltd-yellow-edition-groesse-m\/","url":"https:\/\/www.thokbikes.com\/de\/negozio\/outlet-de\/mig-ltd-yellow-edition-groesse-m\/","name":"MIG LTD YELLOW EDITION Gr\u00f6\u00dfe M - Thok","isPartOf":{"@id":"https:\/\/www.thokbikes.com\/de\/#website"},"primaryImageOfPage":{"@id":"https:\/\/www.thokbikes.com\/de\/negozio\/outlet-de\/mig-ltd-yellow-edition-groesse-m\/#primaryimage"},"image":{"@id":"https:\/\/www.thokbikes.com\/de\/negozio\/outlet-de\/mig-ltd-yellow-edition-groesse-m\/#primaryimage"},"thumbnailUrl":"https:\/\/www.thokbikes.com\/wp-content\/uploads\/2026\/02\/Outlet-MIG-Yellow.jpg","datePublished":"2026-02-13T05:07:48+00:00","dateModified":"2026-03-09T10:39:08+00:00","breadcrumb":{"@id":"https:\/\/www.thokbikes.com\/de\/negozio\/outlet-de\/mig-ltd-yellow-edition-groesse-m\/#breadcrumb"},"inLanguage":"de-DE","potentialAction":[{"@type":"ReadAction","target":["https:\/\/www.thokbikes.com\/de\/negozio\/outlet-de\/mig-ltd-yellow-edition-groesse-m\/"]}]},{"@type":"ImageObject","inLanguage":"de-DE","@id":"https:\/\/www.thokbikes.com\/de\/negozio\/outlet-de\/mig-ltd-yellow-edition-groesse-m\/#primaryimage","url":"https:\/\/www.thokbikes.com\/wp-content\/uploads\/2026\/02\/Outlet-MIG-Yellow.jpg","contentUrl":"https:\/\/www.thokbikes.com\/wp-content\/uploads\/2026\/02\/Outlet-MIG-Yellow.jpg","width":900,"height":900},{"@type":"BreadcrumbList","@id":"https:\/\/www.thokbikes.com\/de\/negozio\/outlet-de\/mig-ltd-yellow-edition-groesse-m\/#breadcrumb","itemListElement":[{"@type":"ListItem","position":1,"name":"Home","item":"https:\/\/www.thokbikes.com\/de\/"},{"@type":"ListItem","position":2,"name":"Shop","item":"https:\/\/www.thokbikes.com\/negozio\/"},{"@type":"ListItem","position":3,"name":"MIG LTD YELLOW EDITION Gr\u00f6\u00dfe M"}]},{"@type":"WebSite","@id":"https:\/\/www.thokbikes.com\/de\/#website","url":"https:\/\/www.thokbikes.com\/de\/","name":"Thok E-bikes","description":"","publisher":{"@id":"https:\/\/www.thokbikes.com\/de\/#organization"},"potentialAction":[{"@type":"SearchAction","target":{"@type":"EntryPoint","urlTemplate":"https:\/\/www.thokbikes.com\/de\/?s={search_term_string}"},"query-input":{"@type":"PropertyValueSpecification","valueRequired":true,"valueName":"search_term_string"}}],"inLanguage":"de-DE"},{"@type":"Organization","@id":"https:\/\/www.thokbikes.com\/de\/#organization","name":"Thok E-bikes","url":"https:\/\/www.thokbikes.com\/de\/","logo":{"@type":"ImageObject","inLanguage":"de-DE","@id":"https:\/\/www.thokbikes.com\/de\/#\/schema\/logo\/image\/","url":"https:\/\/www.thokbikes.com\/wp-content\/uploads\/2025\/11\/logo-thok-white.png","contentUrl":"https:\/\/www.thokbikes.com\/wp-content\/uploads\/2025\/11\/logo-thok-white.png","width":1920,"height":281,"caption":"Thok E-bikes"},"image":{"@id":"https:\/\/www.thokbikes.com\/de\/#\/schema\/logo\/image\/"},"sameAs":["https:\/\/www.facebook.com\/thokebikes","https:\/\/www.instagram.com\/thok_ebikes\/","https:\/\/www.youtube.com\/channel\/UC-yfWNxPCJvVdRymE7tA8Ww"]}]}},"_links":{"self":[{"href":"https:\/\/www.thokbikes.com\/de\/wp-json\/wp\/v2\/product\/36101","targetHints":{"allow":["GET"]}}],"collection":[{"href":"https:\/\/www.thokbikes.com\/de\/wp-json\/wp\/v2\/product"}],"about":[{"href":"https:\/\/www.thokbikes.com\/de\/wp-json\/wp\/v2\/types\/product"}],"replies":[{"embeddable":true,"href":"https:\/\/www.thokbikes.com\/de\/wp-json\/wp\/v2\/comments?post=36101"}],"wp:featuredmedia":[{"embeddable":true,"href":"https:\/\/www.thokbikes.com\/de\/wp-json\/wp\/v2\/media\/36268"}],"wp:attachment":[{"href":"https:\/\/www.thokbikes.com\/de\/wp-json\/wp\/v2\/media?parent=36101"}],"wp:term":[{"taxonomy":"product_brand","embeddable":true,"href":"https:\/\/www.thokbikes.com\/de\/wp-json\/wp\/v2\/product_brand?post=36101"},{"taxonomy":"product_cat","embeddable":true,"href":"https:\/\/www.thokbikes.com\/de\/wp-json\/wp\/v2\/product_cat?post=36101"},{"taxonomy":"product_tag","embeddable":true,"href":"https:\/\/www.thokbikes.com\/de\/wp-json\/wp\/v2\/product_tag?post=36101"}],"curies":[{"name":"wp","href":"https:\/\/api.w.org\/{rel}","templated":true}]}}