{"id":36498,"date":"2025-11-13T09:49:05","date_gmt":"2025-11-13T08:49:05","guid":{"rendered":"https:\/\/www.thokbikes.com\/?post_type=product&#038;p=36498"},"modified":"2026-04-07T10:05:31","modified_gmt":"2026-04-07T08:05:31","slug":"tk01-r-groesse-l","status":"publish","type":"product","link":"https:\/\/www.thokbikes.com\/de\/negozio\/outlet-de\/tk01-r-groesse-l\/","title":{"rendered":"TK01 R Gr\u00f6\u00dfe L"},"content":{"rendered":"<ul>\n<li data-start=\"1193\" data-end=\"1339\"><strong data-start=\"1193\" data-end=\"1204\">MODELL:<\/strong> TK01 R<\/li>\n<li data-start=\"1193\" data-end=\"1339\"><strong data-start=\"1228\" data-end=\"1239\">GR\u00d6SSE:<\/strong> L<\/li>\n<li data-start=\"1193\" data-end=\"1339\"><strong data-start=\"1244\" data-end=\"1251\">KM:<\/strong> 3243<\/li>\n<li data-start=\"1193\" data-end=\"1339\"><strong data-start=\"1256\" data-end=\"1264\">TYP: <\/strong>Ehemaliges Testbike<\/li>\n<li data-start=\"1193\" data-end=\"1339\"><strong data-start=\"1284\" data-end=\"1302\">GARANTIEDAUER:<\/strong> 12 Monate<\/li>\n<li data-start=\"1193\" data-end=\"1339\"><strong data-start=\"1315\" data-end=\"1339\">FINANZIERUNG M\u00d6GLICH<\/strong><\/li>\n<\/ul>\n<p data-start=\"1341\" data-end=\"1574\"><strong data-start=\"1341\" data-end=\"1362\">Technische Daten:<\/strong><\/p>\n<p data-start=\"1341\" data-end=\"1574\">Aluminiumrahmen, Shimano EP8 Motor, Shimano 630 Wh Akku, 170 mm Federweg vorne, SHIMANO XT Bremsen, MAVIC Laufr\u00e4der, Mullet-Laufradkonfiguration, Teleskopsattelst\u00fctze.<\/p>\n<p data-start=\"1576\" data-end=\"1724\"><strong data-start=\"1576\" data-end=\"1593\">Beschreibung:<\/strong><\/p>\n<p data-start=\"1576\" data-end=\"1724\">Fahrrad wurde f\u00fcr Probefahrten verwendet. Immer vom THOK-Technikteam gewartet. General\u00fcberholt. Weist Gebrauchsspuren an stark beanspruchten Teilen (Kurbeln, Schaltung und Lenker) sowie kleinere optische M\u00e4ngel am Rahmen auf.<\/p>\n","protected":false},"excerpt":{"rendered":"<p>MODELL: TK01 R GR\u00d6SSE: L KM: 3243 TYP: Ehemaliges Testbike GARANTIEDAUER: 12 Monate FINANZIERUNG M\u00d6GLICH Technische Daten: Aluminiumrahmen, Shimano EP8 Motor, Shimano 630 Wh Akku, 170 mm Federweg vorne, SHIMANO XT Bremsen, MAVIC Laufr\u00e4der, Mullet-Laufradkonfiguration, Teleskopsattelst\u00fctze. Beschreibung: Fahrrad wurde f\u00fcr Probefahrten verwendet. Immer vom THOK-Technikteam gewartet. General\u00fcberholt. Weist Gebrauchsspuren an stark beanspruchten Teilen (Kurbeln, Schaltung [&hellip;]<\/p>\n","protected":false},"featured_media":29930,"comment_status":"closed","ping_status":"closed","template":"","meta":{"_acf_changed":false},"product_brand":[],"product_cat":[264],"product_tag":[],"class_list":{"0":"post-36498","1":"product","2":"type-product","3":"status-publish","4":"has-post-thumbnail","6":"product_cat-outlet-de","8":"first","9":"outofstock","10":"taxable","11":"shipping-taxable","12":"purchasable","13":"product-type-simple"},"acf":[],"yoast_head":"<!-- This site is optimized with the Yoast SEO plugin v27.1.1 - https:\/\/yoast.com\/product\/yoast-seo-wordpress\/ -->\n<title>TK01 R Gr\u00f6\u00dfe L - Thok<\/title>\n<meta name=\"robots\" content=\"index, follow, max-snippet:-1, max-image-preview:large, max-video-preview:-1\" \/>\n<link rel=\"canonical\" href=\"https:\/\/www.thokbikes.com\/de\/negozio\/outlet-de\/tk01-r-groesse-l\/\" \/>\n<meta property=\"og:locale\" content=\"de_DE\" \/>\n<meta property=\"og:type\" content=\"article\" \/>\n<meta property=\"og:title\" content=\"TK01 R Gr\u00f6\u00dfe L - Thok\" \/>\n<meta property=\"og:description\" content=\"MODELL: TK01 R GR\u00d6SSE: L KM: 3243 TYP: Ehemaliges Testbike GARANTIEDAUER: 12 Monate FINANZIERUNG M\u00d6GLICH Technische Daten: Aluminiumrahmen, Shimano EP8 Motor, Shimano 630 Wh Akku, 170 mm Federweg vorne, SHIMANO XT Bremsen, MAVIC Laufr\u00e4der, Mullet-Laufradkonfiguration, Teleskopsattelst\u00fctze. Beschreibung: Fahrrad wurde f\u00fcr Probefahrten verwendet. Immer vom THOK-Technikteam gewartet. General\u00fcberholt. Weist Gebrauchsspuren an stark beanspruchten Teilen (Kurbeln, Schaltung [&hellip;]\" \/>\n<meta property=\"og:url\" content=\"https:\/\/www.thokbikes.com\/de\/negozio\/outlet-de\/tk01-r-groesse-l\/\" \/>\n<meta property=\"og:site_name\" content=\"Thok\" \/>\n<meta property=\"article:publisher\" content=\"https:\/\/www.facebook.com\/thokebikes\" \/>\n<meta property=\"article:modified_time\" content=\"2026-04-07T08:05:31+00:00\" \/>\n<meta property=\"og:image\" content=\"https:\/\/www.thokbikes.com\/wp-content\/uploads\/2025\/07\/Outlet-TK01-R.jpg\" \/>\n\t<meta property=\"og:image:width\" content=\"900\" \/>\n\t<meta property=\"og:image:height\" content=\"900\" \/>\n\t<meta property=\"og:image:type\" content=\"image\/jpeg\" \/>\n<meta name=\"twitter:card\" content=\"summary_large_image\" \/>\n<meta name=\"twitter:label1\" content=\"Est. reading time\" \/>\n\t<meta name=\"twitter:data1\" content=\"1 minute\" \/>\n<script type=\"application\/ld+json\" class=\"yoast-schema-graph\">{\"@context\":\"https:\/\/schema.org\",\"@graph\":[{\"@type\":\"WebPage\",\"@id\":\"https:\/\/www.thokbikes.com\/de\/negozio\/outlet-de\/tk01-r-groesse-l\/\",\"url\":\"https:\/\/www.thokbikes.com\/de\/negozio\/outlet-de\/tk01-r-groesse-l\/\",\"name\":\"TK01 R Gr\u00f6\u00dfe L - Thok\",\"isPartOf\":{\"@id\":\"https:\/\/www.thokbikes.com\/de\/#website\"},\"primaryImageOfPage\":{\"@id\":\"https:\/\/www.thokbikes.com\/de\/negozio\/outlet-de\/tk01-r-groesse-l\/#primaryimage\"},\"image\":{\"@id\":\"https:\/\/www.thokbikes.com\/de\/negozio\/outlet-de\/tk01-r-groesse-l\/#primaryimage\"},\"thumbnailUrl\":\"https:\/\/www.thokbikes.com\/wp-content\/uploads\/2025\/07\/Outlet-TK01-R.jpg\",\"datePublished\":\"2025-11-13T08:49:05+00:00\",\"dateModified\":\"2026-04-07T08:05:31+00:00\",\"breadcrumb\":{\"@id\":\"https:\/\/www.thokbikes.com\/de\/negozio\/outlet-de\/tk01-r-groesse-l\/#breadcrumb\"},\"inLanguage\":\"de-DE\",\"potentialAction\":[{\"@type\":\"ReadAction\",\"target\":[\"https:\/\/www.thokbikes.com\/de\/negozio\/outlet-de\/tk01-r-groesse-l\/\"]}]},{\"@type\":\"ImageObject\",\"inLanguage\":\"de-DE\",\"@id\":\"https:\/\/www.thokbikes.com\/de\/negozio\/outlet-de\/tk01-r-groesse-l\/#primaryimage\",\"url\":\"https:\/\/www.thokbikes.com\/wp-content\/uploads\/2025\/07\/Outlet-TK01-R.jpg\",\"contentUrl\":\"https:\/\/www.thokbikes.com\/wp-content\/uploads\/2025\/07\/Outlet-TK01-R.jpg\",\"width\":900,\"height\":900},{\"@type\":\"BreadcrumbList\",\"@id\":\"https:\/\/www.thokbikes.com\/de\/negozio\/outlet-de\/tk01-r-groesse-l\/#breadcrumb\",\"itemListElement\":[{\"@type\":\"ListItem\",\"position\":1,\"name\":\"Home\",\"item\":\"https:\/\/www.thokbikes.com\/de\/\"},{\"@type\":\"ListItem\",\"position\":2,\"name\":\"Shop\",\"item\":\"https:\/\/www.thokbikes.com\/negozio\/\"},{\"@type\":\"ListItem\",\"position\":3,\"name\":\"TK01 R Gr\u00f6\u00dfe L\"}]},{\"@type\":\"WebSite\",\"@id\":\"https:\/\/www.thokbikes.com\/de\/#website\",\"url\":\"https:\/\/www.thokbikes.com\/de\/\",\"name\":\"Thok E-bikes\",\"description\":\"\",\"publisher\":{\"@id\":\"https:\/\/www.thokbikes.com\/de\/#organization\"},\"potentialAction\":[{\"@type\":\"SearchAction\",\"target\":{\"@type\":\"EntryPoint\",\"urlTemplate\":\"https:\/\/www.thokbikes.com\/de\/?s={search_term_string}\"},\"query-input\":{\"@type\":\"PropertyValueSpecification\",\"valueRequired\":true,\"valueName\":\"search_term_string\"}}],\"inLanguage\":\"de-DE\"},{\"@type\":\"Organization\",\"@id\":\"https:\/\/www.thokbikes.com\/de\/#organization\",\"name\":\"Thok E-bikes\",\"url\":\"https:\/\/www.thokbikes.com\/de\/\",\"logo\":{\"@type\":\"ImageObject\",\"inLanguage\":\"de-DE\",\"@id\":\"https:\/\/www.thokbikes.com\/de\/#\/schema\/logo\/image\/\",\"url\":\"https:\/\/www.thokbikes.com\/wp-content\/uploads\/2025\/11\/logo-thok-white.png\",\"contentUrl\":\"https:\/\/www.thokbikes.com\/wp-content\/uploads\/2025\/11\/logo-thok-white.png\",\"width\":1920,\"height\":281,\"caption\":\"Thok E-bikes\"},\"image\":{\"@id\":\"https:\/\/www.thokbikes.com\/de\/#\/schema\/logo\/image\/\"},\"sameAs\":[\"https:\/\/www.facebook.com\/thokebikes\",\"https:\/\/www.instagram.com\/thok_ebikes\/\",\"https:\/\/www.youtube.com\/channel\/UC-yfWNxPCJvVdRymE7tA8Ww\"]}]}<\/script>\n<!-- \/ Yoast SEO plugin. -->","yoast_head_json":{"title":"TK01 R Gr\u00f6\u00dfe L - Thok","robots":{"index":"index","follow":"follow","max-snippet":"max-snippet:-1","max-image-preview":"max-image-preview:large","max-video-preview":"max-video-preview:-1"},"canonical":"https:\/\/www.thokbikes.com\/de\/negozio\/outlet-de\/tk01-r-groesse-l\/","og_locale":"de_DE","og_type":"article","og_title":"TK01 R Gr\u00f6\u00dfe L - Thok","og_description":"MODELL: TK01 R GR\u00d6SSE: L KM: 3243 TYP: Ehemaliges Testbike GARANTIEDAUER: 12 Monate FINANZIERUNG M\u00d6GLICH Technische Daten: Aluminiumrahmen, Shimano EP8 Motor, Shimano 630 Wh Akku, 170 mm Federweg vorne, SHIMANO XT Bremsen, MAVIC Laufr\u00e4der, Mullet-Laufradkonfiguration, Teleskopsattelst\u00fctze. Beschreibung: Fahrrad wurde f\u00fcr Probefahrten verwendet. Immer vom THOK-Technikteam gewartet. General\u00fcberholt. Weist Gebrauchsspuren an stark beanspruchten Teilen (Kurbeln, Schaltung [&hellip;]","og_url":"https:\/\/www.thokbikes.com\/de\/negozio\/outlet-de\/tk01-r-groesse-l\/","og_site_name":"Thok","article_publisher":"https:\/\/www.facebook.com\/thokebikes","article_modified_time":"2026-04-07T08:05:31+00:00","og_image":[{"width":900,"height":900,"url":"https:\/\/www.thokbikes.com\/wp-content\/uploads\/2025\/07\/Outlet-TK01-R.jpg","type":"image\/jpeg"}],"twitter_card":"summary_large_image","twitter_misc":{"Est. reading time":"1 minute"},"schema":{"@context":"https:\/\/schema.org","@graph":[{"@type":"WebPage","@id":"https:\/\/www.thokbikes.com\/de\/negozio\/outlet-de\/tk01-r-groesse-l\/","url":"https:\/\/www.thokbikes.com\/de\/negozio\/outlet-de\/tk01-r-groesse-l\/","name":"TK01 R Gr\u00f6\u00dfe L - Thok","isPartOf":{"@id":"https:\/\/www.thokbikes.com\/de\/#website"},"primaryImageOfPage":{"@id":"https:\/\/www.thokbikes.com\/de\/negozio\/outlet-de\/tk01-r-groesse-l\/#primaryimage"},"image":{"@id":"https:\/\/www.thokbikes.com\/de\/negozio\/outlet-de\/tk01-r-groesse-l\/#primaryimage"},"thumbnailUrl":"https:\/\/www.thokbikes.com\/wp-content\/uploads\/2025\/07\/Outlet-TK01-R.jpg","datePublished":"2025-11-13T08:49:05+00:00","dateModified":"2026-04-07T08:05:31+00:00","breadcrumb":{"@id":"https:\/\/www.thokbikes.com\/de\/negozio\/outlet-de\/tk01-r-groesse-l\/#breadcrumb"},"inLanguage":"de-DE","potentialAction":[{"@type":"ReadAction","target":["https:\/\/www.thokbikes.com\/de\/negozio\/outlet-de\/tk01-r-groesse-l\/"]}]},{"@type":"ImageObject","inLanguage":"de-DE","@id":"https:\/\/www.thokbikes.com\/de\/negozio\/outlet-de\/tk01-r-groesse-l\/#primaryimage","url":"https:\/\/www.thokbikes.com\/wp-content\/uploads\/2025\/07\/Outlet-TK01-R.jpg","contentUrl":"https:\/\/www.thokbikes.com\/wp-content\/uploads\/2025\/07\/Outlet-TK01-R.jpg","width":900,"height":900},{"@type":"BreadcrumbList","@id":"https:\/\/www.thokbikes.com\/de\/negozio\/outlet-de\/tk01-r-groesse-l\/#breadcrumb","itemListElement":[{"@type":"ListItem","position":1,"name":"Home","item":"https:\/\/www.thokbikes.com\/de\/"},{"@type":"ListItem","position":2,"name":"Shop","item":"https:\/\/www.thokbikes.com\/negozio\/"},{"@type":"ListItem","position":3,"name":"TK01 R Gr\u00f6\u00dfe L"}]},{"@type":"WebSite","@id":"https:\/\/www.thokbikes.com\/de\/#website","url":"https:\/\/www.thokbikes.com\/de\/","name":"Thok E-bikes","description":"","publisher":{"@id":"https:\/\/www.thokbikes.com\/de\/#organization"},"potentialAction":[{"@type":"SearchAction","target":{"@type":"EntryPoint","urlTemplate":"https:\/\/www.thokbikes.com\/de\/?s={search_term_string}"},"query-input":{"@type":"PropertyValueSpecification","valueRequired":true,"valueName":"search_term_string"}}],"inLanguage":"de-DE"},{"@type":"Organization","@id":"https:\/\/www.thokbikes.com\/de\/#organization","name":"Thok E-bikes","url":"https:\/\/www.thokbikes.com\/de\/","logo":{"@type":"ImageObject","inLanguage":"de-DE","@id":"https:\/\/www.thokbikes.com\/de\/#\/schema\/logo\/image\/","url":"https:\/\/www.thokbikes.com\/wp-content\/uploads\/2025\/11\/logo-thok-white.png","contentUrl":"https:\/\/www.thokbikes.com\/wp-content\/uploads\/2025\/11\/logo-thok-white.png","width":1920,"height":281,"caption":"Thok E-bikes"},"image":{"@id":"https:\/\/www.thokbikes.com\/de\/#\/schema\/logo\/image\/"},"sameAs":["https:\/\/www.facebook.com\/thokebikes","https:\/\/www.instagram.com\/thok_ebikes\/","https:\/\/www.youtube.com\/channel\/UC-yfWNxPCJvVdRymE7tA8Ww"]}]}},"_links":{"self":[{"href":"https:\/\/www.thokbikes.com\/de\/wp-json\/wp\/v2\/product\/36498","targetHints":{"allow":["GET"]}}],"collection":[{"href":"https:\/\/www.thokbikes.com\/de\/wp-json\/wp\/v2\/product"}],"about":[{"href":"https:\/\/www.thokbikes.com\/de\/wp-json\/wp\/v2\/types\/product"}],"replies":[{"embeddable":true,"href":"https:\/\/www.thokbikes.com\/de\/wp-json\/wp\/v2\/comments?post=36498"}],"wp:featuredmedia":[{"embeddable":true,"href":"https:\/\/www.thokbikes.com\/de\/wp-json\/wp\/v2\/media\/29930"}],"wp:attachment":[{"href":"https:\/\/www.thokbikes.com\/de\/wp-json\/wp\/v2\/media?parent=36498"}],"wp:term":[{"taxonomy":"product_brand","embeddable":true,"href":"https:\/\/www.thokbikes.com\/de\/wp-json\/wp\/v2\/product_brand?post=36498"},{"taxonomy":"product_cat","embeddable":true,"href":"https:\/\/www.thokbikes.com\/de\/wp-json\/wp\/v2\/product_cat?post=36498"},{"taxonomy":"product_tag","embeddable":true,"href":"https:\/\/www.thokbikes.com\/de\/wp-json\/wp\/v2\/product_tag?post=36498"}],"curies":[{"name":"wp","href":"https:\/\/api.w.org\/{rel}","templated":true}]}}