{"id":38079,"date":"2026-04-14T06:07:55","date_gmt":"2026-04-14T04:07:55","guid":{"rendered":"https:\/\/www.thokbikes.com\/?post_type=product&#038;p=38079"},"modified":"2026-04-22T08:43:18","modified_gmt":"2026-04-22T06:43:18","slug":"bear-vest-fleece","status":"publish","type":"product","link":"https:\/\/www.thokbikes.com\/de\/negozio\/bekleidung\/fruhjahrskollektion-de\/bear-vest-fleece\/","title":{"rendered":"Bear &#8211;  Vest fleece"},"content":{"rendered":"<p>Die THOK Bear Vest Fleece ist eine Sherpa-Weste, entwickelt f\u00fcr thermischen Komfort und Leichtigkeit.<\/p>\n<p><strong>Gewicht<\/strong>: 450 GSM<\/p>\n<h4>Eigenschaften:<\/h4>\n<ul>\n<li>Medium Fit<\/li>\n<li>Stehkragen<\/li>\n<li>Nackenband mit Aufh\u00e4nger hinten<\/li>\n<li>Vislon\u00ae-Rei\u00dfverschluss mit Metallzipper und Kordelabschluss<\/li>\n<li>Softshell-Leistentaschen mit verdecktem Rei\u00dfverschluss<\/li>\n<li>Recyceltes elastisches Einfassband an Armausschnitten und Saum<\/li>\n<li>Softshell-Material am Au\u00dfenkragen, R\u00fcckenpasse und Brusttasche<\/li>\n<li>Vollst\u00e4ndig laminiertes Material mit Anti-Pilling-Polar-Fleece-Futter<\/li>\n<li>Verdeckter Innenrei\u00dfverschluss auf der linken Brust zur Personalisierung<\/li>\n<li>THOK-Logo auf der Vorderseite<\/li>\n<li>THOK-Logo auf der R\u00fcckseite des Halses<\/li>\n<li>Unisex-Passform<\/li>\n<li>Farbe: Schwarz<\/li>\n<\/ul>\n<h4>Zusammensetzung:<\/h4>\n<p>Au\u00dfenmaterial: Bonded Sherpa, 100 % recyceltes Polyester, gewaschen, geb\u00fcrstet<br \/>\nFutter: Polar Fleece, 100 % recyceltes Polyester, geb\u00fcrstet<\/p>\n<p><img decoding=\"async\" class=\"alignnone wp-image-38611\" src=\"https:\/\/www.thokbikes.com\/wp-content\/uploads\/2026\/04\/Liner-1024x600.jpg\" alt=\"\" width=\"600\" height=\"352\" srcset=\"https:\/\/www.thokbikes.com\/wp-content\/uploads\/2026\/04\/Liner-1024x600.jpg 1024w, https:\/\/www.thokbikes.com\/wp-content\/uploads\/2026\/04\/Liner-300x176.jpg 300w, https:\/\/www.thokbikes.com\/wp-content\/uploads\/2026\/04\/Liner-768x450.jpg 768w, https:\/\/www.thokbikes.com\/wp-content\/uploads\/2026\/04\/Liner-1536x900.jpg 1536w, https:\/\/www.thokbikes.com\/wp-content\/uploads\/2026\/04\/Liner-50x29.jpg 50w, https:\/\/www.thokbikes.com\/wp-content\/uploads\/2026\/04\/Liner-600x352.jpg 600w, https:\/\/www.thokbikes.com\/wp-content\/uploads\/2026\/04\/Liner.jpg 1652w\" sizes=\"(max-width: 600px) 100vw, 600px\" \/><\/p>\n","protected":false},"excerpt":{"rendered":"<p>Die THOK Bear Vest Fleece ist eine Sherpa-Weste, entwickelt f\u00fcr thermischen Komfort und Leichtigkeit. Gewicht: 450 GSM Eigenschaften: Medium Fit Stehkragen Nackenband mit Aufh\u00e4nger hinten Vislon\u00ae-Rei\u00dfverschluss mit Metallzipper und Kordelabschluss Softshell-Leistentaschen mit verdecktem Rei\u00dfverschluss Recyceltes elastisches Einfassband an Armausschnitten und Saum Softshell-Material am Au\u00dfenkragen, R\u00fcckenpasse und Brusttasche Vollst\u00e4ndig laminiertes Material mit Anti-Pilling-Polar-Fleece-Futter Verdeckter Innenrei\u00dfverschluss auf [&hellip;]<\/p>\n","protected":false},"featured_media":38583,"comment_status":"closed","ping_status":"closed","template":"","meta":{"_acf_changed":false},"product_brand":[],"product_cat":[244],"product_tag":[],"class_list":{"0":"post-38079","1":"product","2":"type-product","3":"status-publish","4":"has-post-thumbnail","6":"product_cat-fruhjahrskollektion-de","7":"pa_taglia-l-de","8":"pa_taglia-m-de","9":"pa_taglia-s-de","10":"pa_taglia-xl-de","12":"first","13":"instock","14":"taxable","15":"shipping-taxable","16":"purchasable","17":"product-type-variable"},"acf":[],"yoast_head":"<!-- This site is optimized with the Yoast SEO plugin v27.3 - https:\/\/yoast.com\/product\/yoast-seo-wordpress\/ -->\n<title>Bear - Vest fleece - Thok<\/title>\n<meta name=\"robots\" content=\"index, follow, max-snippet:-1, max-image-preview:large, max-video-preview:-1\" \/>\n<link rel=\"canonical\" href=\"https:\/\/www.thokbikes.com\/de\/negozio\/bekleidung\/fruhjahrskollektion-de\/bear-vest-fleece\/\" \/>\n<meta property=\"og:locale\" content=\"de_DE\" \/>\n<meta property=\"og:type\" content=\"article\" \/>\n<meta property=\"og:title\" content=\"Bear - Vest fleece - Thok\" \/>\n<meta property=\"og:description\" content=\"Die THOK Bear Vest Fleece ist eine Sherpa-Weste, entwickelt f\u00fcr thermischen Komfort und Leichtigkeit. Gewicht: 450 GSM Eigenschaften: Medium Fit Stehkragen Nackenband mit Aufh\u00e4nger hinten Vislon\u00ae-Rei\u00dfverschluss mit Metallzipper und Kordelabschluss Softshell-Leistentaschen mit verdecktem Rei\u00dfverschluss Recyceltes elastisches Einfassband an Armausschnitten und Saum Softshell-Material am Au\u00dfenkragen, R\u00fcckenpasse und Brusttasche Vollst\u00e4ndig laminiertes Material mit Anti-Pilling-Polar-Fleece-Futter Verdeckter Innenrei\u00dfverschluss auf [&hellip;]\" \/>\n<meta property=\"og:url\" content=\"https:\/\/www.thokbikes.com\/de\/negozio\/bekleidung\/fruhjahrskollektion-de\/bear-vest-fleece\/\" \/>\n<meta property=\"og:site_name\" content=\"Thok\" \/>\n<meta property=\"article:publisher\" content=\"https:\/\/www.facebook.com\/thokebikes\" \/>\n<meta property=\"article:modified_time\" content=\"2026-04-22T06:43:18+00:00\" \/>\n<meta property=\"og:image\" content=\"https:\/\/www.thokbikes.com\/wp-content\/uploads\/2026\/04\/Prodotto-17.jpg\" \/>\n\t<meta property=\"og:image:width\" content=\"1900\" \/>\n\t<meta property=\"og:image:height\" content=\"1900\" \/>\n\t<meta property=\"og:image:type\" content=\"image\/jpeg\" \/>\n<meta name=\"twitter:card\" content=\"summary_large_image\" \/>\n<meta name=\"twitter:label1\" content=\"Est. reading time\" \/>\n\t<meta name=\"twitter:data1\" content=\"1 minute\" \/>\n<script type=\"application\/ld+json\" class=\"yoast-schema-graph\">{\"@context\":\"https:\\\/\\\/schema.org\",\"@graph\":[{\"@type\":\"WebPage\",\"@id\":\"https:\\\/\\\/www.thokbikes.com\\\/de\\\/negozio\\\/bekleidung\\\/fruhjahrskollektion-de\\\/bear-vest-fleece\\\/\",\"url\":\"https:\\\/\\\/www.thokbikes.com\\\/de\\\/negozio\\\/bekleidung\\\/fruhjahrskollektion-de\\\/bear-vest-fleece\\\/\",\"name\":\"Bear - Vest fleece - Thok\",\"isPartOf\":{\"@id\":\"https:\\\/\\\/www.thokbikes.com\\\/de\\\/#website\"},\"primaryImageOfPage\":{\"@id\":\"https:\\\/\\\/www.thokbikes.com\\\/de\\\/negozio\\\/bekleidung\\\/fruhjahrskollektion-de\\\/bear-vest-fleece\\\/#primaryimage\"},\"image\":{\"@id\":\"https:\\\/\\\/www.thokbikes.com\\\/de\\\/negozio\\\/bekleidung\\\/fruhjahrskollektion-de\\\/bear-vest-fleece\\\/#primaryimage\"},\"thumbnailUrl\":\"https:\\\/\\\/www.thokbikes.com\\\/wp-content\\\/uploads\\\/2026\\\/04\\\/Prodotto-17.jpg\",\"datePublished\":\"2026-04-14T04:07:55+00:00\",\"dateModified\":\"2026-04-22T06:43:18+00:00\",\"breadcrumb\":{\"@id\":\"https:\\\/\\\/www.thokbikes.com\\\/de\\\/negozio\\\/bekleidung\\\/fruhjahrskollektion-de\\\/bear-vest-fleece\\\/#breadcrumb\"},\"inLanguage\":\"de-DE\",\"potentialAction\":[{\"@type\":\"ReadAction\",\"target\":[\"https:\\\/\\\/www.thokbikes.com\\\/de\\\/negozio\\\/bekleidung\\\/fruhjahrskollektion-de\\\/bear-vest-fleece\\\/\"]}]},{\"@type\":\"ImageObject\",\"inLanguage\":\"de-DE\",\"@id\":\"https:\\\/\\\/www.thokbikes.com\\\/de\\\/negozio\\\/bekleidung\\\/fruhjahrskollektion-de\\\/bear-vest-fleece\\\/#primaryimage\",\"url\":\"https:\\\/\\\/www.thokbikes.com\\\/wp-content\\\/uploads\\\/2026\\\/04\\\/Prodotto-17.jpg\",\"contentUrl\":\"https:\\\/\\\/www.thokbikes.com\\\/wp-content\\\/uploads\\\/2026\\\/04\\\/Prodotto-17.jpg\",\"width\":1900,\"height\":1900},{\"@type\":\"BreadcrumbList\",\"@id\":\"https:\\\/\\\/www.thokbikes.com\\\/de\\\/negozio\\\/bekleidung\\\/fruhjahrskollektion-de\\\/bear-vest-fleece\\\/#breadcrumb\",\"itemListElement\":[{\"@type\":\"ListItem\",\"position\":1,\"name\":\"Home\",\"item\":\"https:\\\/\\\/www.thokbikes.com\\\/de\\\/\"},{\"@type\":\"ListItem\",\"position\":2,\"name\":\"Shop\",\"item\":\"https:\\\/\\\/www.thokbikes.com\\\/negozio\\\/\"},{\"@type\":\"ListItem\",\"position\":3,\"name\":\"Bear &#8211; Vest fleece\"}]},{\"@type\":\"WebSite\",\"@id\":\"https:\\\/\\\/www.thokbikes.com\\\/de\\\/#website\",\"url\":\"https:\\\/\\\/www.thokbikes.com\\\/de\\\/\",\"name\":\"Thok E-bikes\",\"description\":\"\",\"publisher\":{\"@id\":\"https:\\\/\\\/www.thokbikes.com\\\/de\\\/#organization\"},\"potentialAction\":[{\"@type\":\"SearchAction\",\"target\":{\"@type\":\"EntryPoint\",\"urlTemplate\":\"https:\\\/\\\/www.thokbikes.com\\\/de\\\/?s={search_term_string}\"},\"query-input\":{\"@type\":\"PropertyValueSpecification\",\"valueRequired\":true,\"valueName\":\"search_term_string\"}}],\"inLanguage\":\"de-DE\"},{\"@type\":\"Organization\",\"@id\":\"https:\\\/\\\/www.thokbikes.com\\\/de\\\/#organization\",\"name\":\"Thok E-bikes\",\"url\":\"https:\\\/\\\/www.thokbikes.com\\\/de\\\/\",\"logo\":{\"@type\":\"ImageObject\",\"inLanguage\":\"de-DE\",\"@id\":\"https:\\\/\\\/www.thokbikes.com\\\/de\\\/#\\\/schema\\\/logo\\\/image\\\/\",\"url\":\"https:\\\/\\\/www.thokbikes.com\\\/wp-content\\\/uploads\\\/2025\\\/11\\\/logo-thok-white.png\",\"contentUrl\":\"https:\\\/\\\/www.thokbikes.com\\\/wp-content\\\/uploads\\\/2025\\\/11\\\/logo-thok-white.png\",\"width\":1920,\"height\":281,\"caption\":\"Thok E-bikes\"},\"image\":{\"@id\":\"https:\\\/\\\/www.thokbikes.com\\\/de\\\/#\\\/schema\\\/logo\\\/image\\\/\"},\"sameAs\":[\"https:\\\/\\\/www.facebook.com\\\/thokebikes\",\"https:\\\/\\\/www.instagram.com\\\/thok_ebikes\\\/\",\"https:\\\/\\\/www.youtube.com\\\/channel\\\/UC-yfWNxPCJvVdRymE7tA8Ww\"]}]}<\/script>\n<!-- \/ Yoast SEO plugin. -->","yoast_head_json":{"title":"Bear - Vest fleece - Thok","robots":{"index":"index","follow":"follow","max-snippet":"max-snippet:-1","max-image-preview":"max-image-preview:large","max-video-preview":"max-video-preview:-1"},"canonical":"https:\/\/www.thokbikes.com\/de\/negozio\/bekleidung\/fruhjahrskollektion-de\/bear-vest-fleece\/","og_locale":"de_DE","og_type":"article","og_title":"Bear - Vest fleece - Thok","og_description":"Die THOK Bear Vest Fleece ist eine Sherpa-Weste, entwickelt f\u00fcr thermischen Komfort und Leichtigkeit. Gewicht: 450 GSM Eigenschaften: Medium Fit Stehkragen Nackenband mit Aufh\u00e4nger hinten Vislon\u00ae-Rei\u00dfverschluss mit Metallzipper und Kordelabschluss Softshell-Leistentaschen mit verdecktem Rei\u00dfverschluss Recyceltes elastisches Einfassband an Armausschnitten und Saum Softshell-Material am Au\u00dfenkragen, R\u00fcckenpasse und Brusttasche Vollst\u00e4ndig laminiertes Material mit Anti-Pilling-Polar-Fleece-Futter Verdeckter Innenrei\u00dfverschluss auf [&hellip;]","og_url":"https:\/\/www.thokbikes.com\/de\/negozio\/bekleidung\/fruhjahrskollektion-de\/bear-vest-fleece\/","og_site_name":"Thok","article_publisher":"https:\/\/www.facebook.com\/thokebikes","article_modified_time":"2026-04-22T06:43:18+00:00","og_image":[{"width":1900,"height":1900,"url":"https:\/\/www.thokbikes.com\/wp-content\/uploads\/2026\/04\/Prodotto-17.jpg","type":"image\/jpeg"}],"twitter_card":"summary_large_image","twitter_misc":{"Est. reading time":"1 minute"},"schema":{"@context":"https:\/\/schema.org","@graph":[{"@type":"WebPage","@id":"https:\/\/www.thokbikes.com\/de\/negozio\/bekleidung\/fruhjahrskollektion-de\/bear-vest-fleece\/","url":"https:\/\/www.thokbikes.com\/de\/negozio\/bekleidung\/fruhjahrskollektion-de\/bear-vest-fleece\/","name":"Bear - Vest fleece - Thok","isPartOf":{"@id":"https:\/\/www.thokbikes.com\/de\/#website"},"primaryImageOfPage":{"@id":"https:\/\/www.thokbikes.com\/de\/negozio\/bekleidung\/fruhjahrskollektion-de\/bear-vest-fleece\/#primaryimage"},"image":{"@id":"https:\/\/www.thokbikes.com\/de\/negozio\/bekleidung\/fruhjahrskollektion-de\/bear-vest-fleece\/#primaryimage"},"thumbnailUrl":"https:\/\/www.thokbikes.com\/wp-content\/uploads\/2026\/04\/Prodotto-17.jpg","datePublished":"2026-04-14T04:07:55+00:00","dateModified":"2026-04-22T06:43:18+00:00","breadcrumb":{"@id":"https:\/\/www.thokbikes.com\/de\/negozio\/bekleidung\/fruhjahrskollektion-de\/bear-vest-fleece\/#breadcrumb"},"inLanguage":"de-DE","potentialAction":[{"@type":"ReadAction","target":["https:\/\/www.thokbikes.com\/de\/negozio\/bekleidung\/fruhjahrskollektion-de\/bear-vest-fleece\/"]}]},{"@type":"ImageObject","inLanguage":"de-DE","@id":"https:\/\/www.thokbikes.com\/de\/negozio\/bekleidung\/fruhjahrskollektion-de\/bear-vest-fleece\/#primaryimage","url":"https:\/\/www.thokbikes.com\/wp-content\/uploads\/2026\/04\/Prodotto-17.jpg","contentUrl":"https:\/\/www.thokbikes.com\/wp-content\/uploads\/2026\/04\/Prodotto-17.jpg","width":1900,"height":1900},{"@type":"BreadcrumbList","@id":"https:\/\/www.thokbikes.com\/de\/negozio\/bekleidung\/fruhjahrskollektion-de\/bear-vest-fleece\/#breadcrumb","itemListElement":[{"@type":"ListItem","position":1,"name":"Home","item":"https:\/\/www.thokbikes.com\/de\/"},{"@type":"ListItem","position":2,"name":"Shop","item":"https:\/\/www.thokbikes.com\/negozio\/"},{"@type":"ListItem","position":3,"name":"Bear &#8211; Vest fleece"}]},{"@type":"WebSite","@id":"https:\/\/www.thokbikes.com\/de\/#website","url":"https:\/\/www.thokbikes.com\/de\/","name":"Thok E-bikes","description":"","publisher":{"@id":"https:\/\/www.thokbikes.com\/de\/#organization"},"potentialAction":[{"@type":"SearchAction","target":{"@type":"EntryPoint","urlTemplate":"https:\/\/www.thokbikes.com\/de\/?s={search_term_string}"},"query-input":{"@type":"PropertyValueSpecification","valueRequired":true,"valueName":"search_term_string"}}],"inLanguage":"de-DE"},{"@type":"Organization","@id":"https:\/\/www.thokbikes.com\/de\/#organization","name":"Thok E-bikes","url":"https:\/\/www.thokbikes.com\/de\/","logo":{"@type":"ImageObject","inLanguage":"de-DE","@id":"https:\/\/www.thokbikes.com\/de\/#\/schema\/logo\/image\/","url":"https:\/\/www.thokbikes.com\/wp-content\/uploads\/2025\/11\/logo-thok-white.png","contentUrl":"https:\/\/www.thokbikes.com\/wp-content\/uploads\/2025\/11\/logo-thok-white.png","width":1920,"height":281,"caption":"Thok E-bikes"},"image":{"@id":"https:\/\/www.thokbikes.com\/de\/#\/schema\/logo\/image\/"},"sameAs":["https:\/\/www.facebook.com\/thokebikes","https:\/\/www.instagram.com\/thok_ebikes\/","https:\/\/www.youtube.com\/channel\/UC-yfWNxPCJvVdRymE7tA8Ww"]}]}},"_links":{"self":[{"href":"https:\/\/www.thokbikes.com\/de\/wp-json\/wp\/v2\/product\/38079","targetHints":{"allow":["GET"]}}],"collection":[{"href":"https:\/\/www.thokbikes.com\/de\/wp-json\/wp\/v2\/product"}],"about":[{"href":"https:\/\/www.thokbikes.com\/de\/wp-json\/wp\/v2\/types\/product"}],"replies":[{"embeddable":true,"href":"https:\/\/www.thokbikes.com\/de\/wp-json\/wp\/v2\/comments?post=38079"}],"wp:featuredmedia":[{"embeddable":true,"href":"https:\/\/www.thokbikes.com\/de\/wp-json\/wp\/v2\/media\/38583"}],"wp:attachment":[{"href":"https:\/\/www.thokbikes.com\/de\/wp-json\/wp\/v2\/media?parent=38079"}],"wp:term":[{"taxonomy":"product_brand","embeddable":true,"href":"https:\/\/www.thokbikes.com\/de\/wp-json\/wp\/v2\/product_brand?post=38079"},{"taxonomy":"product_cat","embeddable":true,"href":"https:\/\/www.thokbikes.com\/de\/wp-json\/wp\/v2\/product_cat?post=38079"},{"taxonomy":"product_tag","embeddable":true,"href":"https:\/\/www.thokbikes.com\/de\/wp-json\/wp\/v2\/product_tag?post=38079"}],"curies":[{"name":"wp","href":"https:\/\/api.w.org\/{rel}","templated":true}]}}