{"id":8667,"date":"2023-11-13T11:45:37","date_gmt":"2023-11-13T10:45:37","guid":{"rendered":"https:\/\/www.thokbikes.com\/prodotto\/cb-front-alloy-wheel-29-synthesis\/"},"modified":"2026-01-13T10:51:54","modified_gmt":"2026-01-13T09:51:54","slug":"cb-front-alloy-wheel-29-synthesis","status":"publish","type":"product","link":"https:\/\/www.thokbikes.com\/de\/negozio\/komponenten-und-zubehoer\/wheels-de\/cb-front-alloy-wheel-29-synthesis\/","title":{"rendered":"CRANKBROTHERS SYNTHESIS FRONT 29&#8243; &#8211; ALUMINIUM"},"content":{"rendered":"<p>Kontrolle und Stabilit\u00e4t f\u00fcr Enduro.<\/p>\n<p>Eigenschaften:<\/p>\n<p>Felgenmaterial: Legierung 6013 T6<br \/>\nGr\u00f6\u00dfe: 29&#8243;<br \/>\nSynthesis Standard-Nabe, 6-Loch<br \/>\nSapim D-Light Speichen<br \/>\nAnzahl der Speichen: 28<br \/>\nInnere Felgenbreite: 31,5 mm<br \/>\n\u00c4u\u00dfere Felgenbreite: 36,2 mm<\/p>\n","protected":false},"excerpt":{"rendered":"<p>Kontrolle und Stabilit\u00e4t f\u00fcr Enduro. Eigenschaften: Felgenmaterial: Legierung 6013 T6 Gr\u00f6\u00dfe: 29&#8243; Synthesis Standard-Nabe, 6-Loch Sapim D-Light Speichen Anzahl der Speichen: 28 Innere Felgenbreite: 31,5 mm \u00c4u\u00dfere Felgenbreite: 36,2 mm<\/p>\n","protected":false},"featured_media":7681,"comment_status":"closed","ping_status":"closed","template":"","meta":{"_acf_changed":false},"product_brand":[],"product_cat":[177,127,124,289,135],"product_tag":[],"class_list":{"0":"post-8667","1":"product","2":"type-product","3":"status-publish","4":"has-post-thumbnail","6":"product_cat-all-mountain-de","7":"product_cat-enduro-de","8":"product_cat-komponenten-und-zubehoer","9":"product_cat-sales","10":"product_cat-wheels-de","12":"first","13":"instock","14":"taxable","15":"shipping-taxable","16":"purchasable","17":"product-type-simple"},"acf":[],"yoast_head":"<!-- This site is optimized with the Yoast SEO plugin v27.3 - https:\/\/yoast.com\/product\/yoast-seo-wordpress\/ -->\n<title>CRANKBROTHERS SYNTHESIS FRONT 29&quot; - ALUMINIUM - Thok<\/title>\n<meta name=\"robots\" content=\"index, follow, max-snippet:-1, max-image-preview:large, max-video-preview:-1\" \/>\n<link rel=\"canonical\" href=\"https:\/\/www.thokbikes.com\/de\/negozio\/komponenten-und-zubehoer\/wheels-de\/cb-front-alloy-wheel-29-synthesis\/\" \/>\n<meta property=\"og:locale\" content=\"de_DE\" \/>\n<meta property=\"og:type\" content=\"article\" \/>\n<meta property=\"og:title\" content=\"CRANKBROTHERS SYNTHESIS FRONT 29&quot; - ALUMINIUM - Thok\" \/>\n<meta property=\"og:description\" content=\"Kontrolle und Stabilit\u00e4t f\u00fcr Enduro. Eigenschaften: Felgenmaterial: Legierung 6013 T6 Gr\u00f6\u00dfe: 29&#8243; Synthesis Standard-Nabe, 6-Loch Sapim D-Light Speichen Anzahl der Speichen: 28 Innere Felgenbreite: 31,5 mm \u00c4u\u00dfere Felgenbreite: 36,2 mm\" \/>\n<meta property=\"og:url\" content=\"https:\/\/www.thokbikes.com\/de\/negozio\/komponenten-und-zubehoer\/wheels-de\/cb-front-alloy-wheel-29-synthesis\/\" \/>\n<meta property=\"og:site_name\" content=\"Thok\" \/>\n<meta property=\"article:publisher\" content=\"https:\/\/www.facebook.com\/thokebikes\" \/>\n<meta property=\"article:modified_time\" content=\"2026-01-13T09:51:54+00:00\" \/>\n<meta property=\"og:image\" content=\"https:\/\/www.thokbikes.com\/wp-content\/uploads\/2024\/01\/Shop-RUOTE-SYNTESIS-FRONT-ALLOY-jpg.webp\" \/>\n\t<meta property=\"og:image:width\" content=\"1900\" \/>\n\t<meta property=\"og:image:height\" content=\"1900\" \/>\n\t<meta property=\"og:image:type\" content=\"image\/jpeg\" \/>\n<meta name=\"twitter:card\" content=\"summary_large_image\" \/>\n<meta name=\"twitter:label1\" content=\"Est. reading time\" \/>\n\t<meta name=\"twitter:data1\" content=\"1 minute\" \/>\n<script type=\"application\/ld+json\" class=\"yoast-schema-graph\">{\"@context\":\"https:\\\/\\\/schema.org\",\"@graph\":[{\"@type\":\"WebPage\",\"@id\":\"https:\\\/\\\/www.thokbikes.com\\\/de\\\/negozio\\\/komponenten-und-zubehoer\\\/wheels-de\\\/cb-front-alloy-wheel-29-synthesis\\\/\",\"url\":\"https:\\\/\\\/www.thokbikes.com\\\/de\\\/negozio\\\/komponenten-und-zubehoer\\\/wheels-de\\\/cb-front-alloy-wheel-29-synthesis\\\/\",\"name\":\"CRANKBROTHERS SYNTHESIS FRONT 29\\\" - ALUMINIUM - Thok\",\"isPartOf\":{\"@id\":\"https:\\\/\\\/www.thokbikes.com\\\/de\\\/#website\"},\"primaryImageOfPage\":{\"@id\":\"https:\\\/\\\/www.thokbikes.com\\\/de\\\/negozio\\\/komponenten-und-zubehoer\\\/wheels-de\\\/cb-front-alloy-wheel-29-synthesis\\\/#primaryimage\"},\"image\":{\"@id\":\"https:\\\/\\\/www.thokbikes.com\\\/de\\\/negozio\\\/komponenten-und-zubehoer\\\/wheels-de\\\/cb-front-alloy-wheel-29-synthesis\\\/#primaryimage\"},\"thumbnailUrl\":\"https:\\\/\\\/www.thokbikes.com\\\/wp-content\\\/uploads\\\/2024\\\/01\\\/Shop-RUOTE-SYNTESIS-FRONT-ALLOY-jpg.webp\",\"datePublished\":\"2023-11-13T10:45:37+00:00\",\"dateModified\":\"2026-01-13T09:51:54+00:00\",\"breadcrumb\":{\"@id\":\"https:\\\/\\\/www.thokbikes.com\\\/de\\\/negozio\\\/komponenten-und-zubehoer\\\/wheels-de\\\/cb-front-alloy-wheel-29-synthesis\\\/#breadcrumb\"},\"inLanguage\":\"de-DE\",\"potentialAction\":[{\"@type\":\"ReadAction\",\"target\":[\"https:\\\/\\\/www.thokbikes.com\\\/de\\\/negozio\\\/komponenten-und-zubehoer\\\/wheels-de\\\/cb-front-alloy-wheel-29-synthesis\\\/\"]}]},{\"@type\":\"ImageObject\",\"inLanguage\":\"de-DE\",\"@id\":\"https:\\\/\\\/www.thokbikes.com\\\/de\\\/negozio\\\/komponenten-und-zubehoer\\\/wheels-de\\\/cb-front-alloy-wheel-29-synthesis\\\/#primaryimage\",\"url\":\"https:\\\/\\\/www.thokbikes.com\\\/wp-content\\\/uploads\\\/2024\\\/01\\\/Shop-RUOTE-SYNTESIS-FRONT-ALLOY-jpg.webp\",\"contentUrl\":\"https:\\\/\\\/www.thokbikes.com\\\/wp-content\\\/uploads\\\/2024\\\/01\\\/Shop-RUOTE-SYNTESIS-FRONT-ALLOY-jpg.webp\",\"width\":1900,\"height\":1900},{\"@type\":\"BreadcrumbList\",\"@id\":\"https:\\\/\\\/www.thokbikes.com\\\/de\\\/negozio\\\/komponenten-und-zubehoer\\\/wheels-de\\\/cb-front-alloy-wheel-29-synthesis\\\/#breadcrumb\",\"itemListElement\":[{\"@type\":\"ListItem\",\"position\":1,\"name\":\"Home\",\"item\":\"https:\\\/\\\/www.thokbikes.com\\\/de\\\/\"},{\"@type\":\"ListItem\",\"position\":2,\"name\":\"Shop\",\"item\":\"https:\\\/\\\/www.thokbikes.com\\\/negozio\\\/\"},{\"@type\":\"ListItem\",\"position\":3,\"name\":\"CRANKBROTHERS SYNTHESIS FRONT 29&#8243; &#8211; ALUMINIUM\"}]},{\"@type\":\"WebSite\",\"@id\":\"https:\\\/\\\/www.thokbikes.com\\\/de\\\/#website\",\"url\":\"https:\\\/\\\/www.thokbikes.com\\\/de\\\/\",\"name\":\"Thok E-bikes\",\"description\":\"\",\"publisher\":{\"@id\":\"https:\\\/\\\/www.thokbikes.com\\\/de\\\/#organization\"},\"potentialAction\":[{\"@type\":\"SearchAction\",\"target\":{\"@type\":\"EntryPoint\",\"urlTemplate\":\"https:\\\/\\\/www.thokbikes.com\\\/de\\\/?s={search_term_string}\"},\"query-input\":{\"@type\":\"PropertyValueSpecification\",\"valueRequired\":true,\"valueName\":\"search_term_string\"}}],\"inLanguage\":\"de-DE\"},{\"@type\":\"Organization\",\"@id\":\"https:\\\/\\\/www.thokbikes.com\\\/de\\\/#organization\",\"name\":\"Thok E-bikes\",\"url\":\"https:\\\/\\\/www.thokbikes.com\\\/de\\\/\",\"logo\":{\"@type\":\"ImageObject\",\"inLanguage\":\"de-DE\",\"@id\":\"https:\\\/\\\/www.thokbikes.com\\\/de\\\/#\\\/schema\\\/logo\\\/image\\\/\",\"url\":\"https:\\\/\\\/www.thokbikes.com\\\/wp-content\\\/uploads\\\/2025\\\/11\\\/logo-thok-white.png\",\"contentUrl\":\"https:\\\/\\\/www.thokbikes.com\\\/wp-content\\\/uploads\\\/2025\\\/11\\\/logo-thok-white.png\",\"width\":1920,\"height\":281,\"caption\":\"Thok E-bikes\"},\"image\":{\"@id\":\"https:\\\/\\\/www.thokbikes.com\\\/de\\\/#\\\/schema\\\/logo\\\/image\\\/\"},\"sameAs\":[\"https:\\\/\\\/www.facebook.com\\\/thokebikes\",\"https:\\\/\\\/www.instagram.com\\\/thok_ebikes\\\/\",\"https:\\\/\\\/www.youtube.com\\\/channel\\\/UC-yfWNxPCJvVdRymE7tA8Ww\"]}]}<\/script>\n<!-- \/ Yoast SEO plugin. -->","yoast_head_json":{"title":"CRANKBROTHERS SYNTHESIS FRONT 29\" - ALUMINIUM - Thok","robots":{"index":"index","follow":"follow","max-snippet":"max-snippet:-1","max-image-preview":"max-image-preview:large","max-video-preview":"max-video-preview:-1"},"canonical":"https:\/\/www.thokbikes.com\/de\/negozio\/komponenten-und-zubehoer\/wheels-de\/cb-front-alloy-wheel-29-synthesis\/","og_locale":"de_DE","og_type":"article","og_title":"CRANKBROTHERS SYNTHESIS FRONT 29\" - ALUMINIUM - Thok","og_description":"Kontrolle und Stabilit\u00e4t f\u00fcr Enduro. Eigenschaften: Felgenmaterial: Legierung 6013 T6 Gr\u00f6\u00dfe: 29&#8243; Synthesis Standard-Nabe, 6-Loch Sapim D-Light Speichen Anzahl der Speichen: 28 Innere Felgenbreite: 31,5 mm \u00c4u\u00dfere Felgenbreite: 36,2 mm","og_url":"https:\/\/www.thokbikes.com\/de\/negozio\/komponenten-und-zubehoer\/wheels-de\/cb-front-alloy-wheel-29-synthesis\/","og_site_name":"Thok","article_publisher":"https:\/\/www.facebook.com\/thokebikes","article_modified_time":"2026-01-13T09:51:54+00:00","og_image":[{"width":1900,"height":1900,"url":"https:\/\/www.thokbikes.com\/wp-content\/uploads\/2024\/01\/Shop-RUOTE-SYNTESIS-FRONT-ALLOY-jpg.webp","type":"image\/jpeg"}],"twitter_card":"summary_large_image","twitter_misc":{"Est. reading time":"1 minute"},"schema":{"@context":"https:\/\/schema.org","@graph":[{"@type":"WebPage","@id":"https:\/\/www.thokbikes.com\/de\/negozio\/komponenten-und-zubehoer\/wheels-de\/cb-front-alloy-wheel-29-synthesis\/","url":"https:\/\/www.thokbikes.com\/de\/negozio\/komponenten-und-zubehoer\/wheels-de\/cb-front-alloy-wheel-29-synthesis\/","name":"CRANKBROTHERS SYNTHESIS FRONT 29\" - ALUMINIUM - Thok","isPartOf":{"@id":"https:\/\/www.thokbikes.com\/de\/#website"},"primaryImageOfPage":{"@id":"https:\/\/www.thokbikes.com\/de\/negozio\/komponenten-und-zubehoer\/wheels-de\/cb-front-alloy-wheel-29-synthesis\/#primaryimage"},"image":{"@id":"https:\/\/www.thokbikes.com\/de\/negozio\/komponenten-und-zubehoer\/wheels-de\/cb-front-alloy-wheel-29-synthesis\/#primaryimage"},"thumbnailUrl":"https:\/\/www.thokbikes.com\/wp-content\/uploads\/2024\/01\/Shop-RUOTE-SYNTESIS-FRONT-ALLOY-jpg.webp","datePublished":"2023-11-13T10:45:37+00:00","dateModified":"2026-01-13T09:51:54+00:00","breadcrumb":{"@id":"https:\/\/www.thokbikes.com\/de\/negozio\/komponenten-und-zubehoer\/wheels-de\/cb-front-alloy-wheel-29-synthesis\/#breadcrumb"},"inLanguage":"de-DE","potentialAction":[{"@type":"ReadAction","target":["https:\/\/www.thokbikes.com\/de\/negozio\/komponenten-und-zubehoer\/wheels-de\/cb-front-alloy-wheel-29-synthesis\/"]}]},{"@type":"ImageObject","inLanguage":"de-DE","@id":"https:\/\/www.thokbikes.com\/de\/negozio\/komponenten-und-zubehoer\/wheels-de\/cb-front-alloy-wheel-29-synthesis\/#primaryimage","url":"https:\/\/www.thokbikes.com\/wp-content\/uploads\/2024\/01\/Shop-RUOTE-SYNTESIS-FRONT-ALLOY-jpg.webp","contentUrl":"https:\/\/www.thokbikes.com\/wp-content\/uploads\/2024\/01\/Shop-RUOTE-SYNTESIS-FRONT-ALLOY-jpg.webp","width":1900,"height":1900},{"@type":"BreadcrumbList","@id":"https:\/\/www.thokbikes.com\/de\/negozio\/komponenten-und-zubehoer\/wheels-de\/cb-front-alloy-wheel-29-synthesis\/#breadcrumb","itemListElement":[{"@type":"ListItem","position":1,"name":"Home","item":"https:\/\/www.thokbikes.com\/de\/"},{"@type":"ListItem","position":2,"name":"Shop","item":"https:\/\/www.thokbikes.com\/negozio\/"},{"@type":"ListItem","position":3,"name":"CRANKBROTHERS SYNTHESIS FRONT 29&#8243; &#8211; ALUMINIUM"}]},{"@type":"WebSite","@id":"https:\/\/www.thokbikes.com\/de\/#website","url":"https:\/\/www.thokbikes.com\/de\/","name":"Thok E-bikes","description":"","publisher":{"@id":"https:\/\/www.thokbikes.com\/de\/#organization"},"potentialAction":[{"@type":"SearchAction","target":{"@type":"EntryPoint","urlTemplate":"https:\/\/www.thokbikes.com\/de\/?s={search_term_string}"},"query-input":{"@type":"PropertyValueSpecification","valueRequired":true,"valueName":"search_term_string"}}],"inLanguage":"de-DE"},{"@type":"Organization","@id":"https:\/\/www.thokbikes.com\/de\/#organization","name":"Thok E-bikes","url":"https:\/\/www.thokbikes.com\/de\/","logo":{"@type":"ImageObject","inLanguage":"de-DE","@id":"https:\/\/www.thokbikes.com\/de\/#\/schema\/logo\/image\/","url":"https:\/\/www.thokbikes.com\/wp-content\/uploads\/2025\/11\/logo-thok-white.png","contentUrl":"https:\/\/www.thokbikes.com\/wp-content\/uploads\/2025\/11\/logo-thok-white.png","width":1920,"height":281,"caption":"Thok E-bikes"},"image":{"@id":"https:\/\/www.thokbikes.com\/de\/#\/schema\/logo\/image\/"},"sameAs":["https:\/\/www.facebook.com\/thokebikes","https:\/\/www.instagram.com\/thok_ebikes\/","https:\/\/www.youtube.com\/channel\/UC-yfWNxPCJvVdRymE7tA8Ww"]}]}},"_links":{"self":[{"href":"https:\/\/www.thokbikes.com\/de\/wp-json\/wp\/v2\/product\/8667","targetHints":{"allow":["GET"]}}],"collection":[{"href":"https:\/\/www.thokbikes.com\/de\/wp-json\/wp\/v2\/product"}],"about":[{"href":"https:\/\/www.thokbikes.com\/de\/wp-json\/wp\/v2\/types\/product"}],"replies":[{"embeddable":true,"href":"https:\/\/www.thokbikes.com\/de\/wp-json\/wp\/v2\/comments?post=8667"}],"wp:featuredmedia":[{"embeddable":true,"href":"https:\/\/www.thokbikes.com\/de\/wp-json\/wp\/v2\/media\/7681"}],"wp:attachment":[{"href":"https:\/\/www.thokbikes.com\/de\/wp-json\/wp\/v2\/media?parent=8667"}],"wp:term":[{"taxonomy":"product_brand","embeddable":true,"href":"https:\/\/www.thokbikes.com\/de\/wp-json\/wp\/v2\/product_brand?post=8667"},{"taxonomy":"product_cat","embeddable":true,"href":"https:\/\/www.thokbikes.com\/de\/wp-json\/wp\/v2\/product_cat?post=8667"},{"taxonomy":"product_tag","embeddable":true,"href":"https:\/\/www.thokbikes.com\/de\/wp-json\/wp\/v2\/product_tag?post=8667"}],"curies":[{"name":"wp","href":"https:\/\/api.w.org\/{rel}","templated":true}]}}