{"id":9071,"date":"2023-11-13T11:45:31","date_gmt":"2023-11-13T10:45:31","guid":{"rendered":"https:\/\/www.thokbikes.com\/prodotto\/thok-telescopique-tige-de-selle-125mm\/"},"modified":"2026-01-13T10:54:02","modified_gmt":"2026-01-13T09:54:02","slug":"thok-telescop-sattelstutze-125mm","status":"publish","type":"product","link":"https:\/\/www.thokbikes.com\/de\/negozio\/komponenten-und-zubehoer\/seat-de\/thok-telescop-sattelstutze-125mm\/","title":{"rendered":"THOK TELESCOP-SATTELSTUTZE 125mm"},"content":{"rendered":"<p>Mechanische Teleskop-Sattelst\u00fctze THOK 125mm<\/p>\n<ul>\n<li>Teleskop-Sattelst\u00fctze von THOK mit 125mm Hub, Durchmesser 31,6mm, MIT LINKER HEBEL F\u00dcR HORIZONTALE BET\u00c4TIGUNG<\/li>\n<li style=\"list-style-type: none;\"><\/li>\n<li><strong>KOMPATIBILIT\u00c4T MIT ALLEN THOK-MODELLEN<\/strong> (\u00dcberpr\u00fcfen Sie die Kompatibilit\u00e4t mit dem Rahmen, Teleskopk\u00f6rperl\u00e4nge 230mm)<\/li>\n<\/ul>\n","protected":false},"excerpt":{"rendered":"<p>Mechanische Teleskop-Sattelst\u00fctze THOK 125mm Teleskop-Sattelst\u00fctze von THOK mit 125mm Hub, Durchmesser 31,6mm, MIT LINKER HEBEL F\u00dcR HORIZONTALE BET\u00c4TIGUNG KOMPATIBILIT\u00c4T MIT ALLEN THOK-MODELLEN (\u00dcberpr\u00fcfen Sie die Kompatibilit\u00e4t mit dem Rahmen, Teleskopk\u00f6rperl\u00e4nge 230mm)<\/p>\n","protected":false},"featured_media":7871,"comment_status":"closed","ping_status":"closed","template":"","meta":{"_acf_changed":false},"product_brand":[],"product_cat":[124,289,142],"product_tag":[],"class_list":{"0":"post-9071","1":"product","2":"type-product","3":"status-publish","4":"has-post-thumbnail","6":"product_cat-komponenten-und-zubehoer","7":"product_cat-sales","8":"product_cat-seat-de","10":"first","11":"instock","12":"taxable","13":"shipping-taxable","14":"purchasable","15":"product-type-simple"},"acf":[],"yoast_head":"<!-- This site is optimized with the Yoast SEO plugin v27.1.1 - https:\/\/yoast.com\/product\/yoast-seo-wordpress\/ -->\n<title>THOK TELESCOP-SATTELSTUTZE 125mm - Thok<\/title>\n<meta name=\"robots\" content=\"index, follow, max-snippet:-1, max-image-preview:large, max-video-preview:-1\" \/>\n<link rel=\"canonical\" href=\"https:\/\/www.thokbikes.com\/de\/negozio\/komponenten-und-zubehoer\/seat-de\/thok-telescop-sattelstutze-125mm\/\" \/>\n<meta property=\"og:locale\" content=\"de_DE\" \/>\n<meta property=\"og:type\" content=\"article\" \/>\n<meta property=\"og:title\" content=\"THOK TELESCOP-SATTELSTUTZE 125mm - Thok\" \/>\n<meta property=\"og:description\" content=\"Mechanische Teleskop-Sattelst\u00fctze THOK 125mm Teleskop-Sattelst\u00fctze von THOK mit 125mm Hub, Durchmesser 31,6mm, MIT LINKER HEBEL F\u00dcR HORIZONTALE BET\u00c4TIGUNG KOMPATIBILIT\u00c4T MIT ALLEN THOK-MODELLEN (\u00dcberpr\u00fcfen Sie die Kompatibilit\u00e4t mit dem Rahmen, Teleskopk\u00f6rperl\u00e4nge 230mm)\" \/>\n<meta property=\"og:url\" content=\"https:\/\/www.thokbikes.com\/de\/negozio\/komponenten-und-zubehoer\/seat-de\/thok-telescop-sattelstutze-125mm\/\" \/>\n<meta property=\"og:site_name\" content=\"Thok\" \/>\n<meta property=\"article:publisher\" content=\"https:\/\/www.facebook.com\/thokebikes\" \/>\n<meta property=\"article:modified_time\" content=\"2026-01-13T09:54:02+00:00\" \/>\n<meta property=\"og:image\" content=\"https:\/\/www.thokbikes.com\/wp-content\/uploads\/2024\/01\/Shop-THOK-SEATPOST-150MM-VERTICAL-R-jpg.webp\" \/>\n\t<meta property=\"og:image:width\" content=\"1900\" \/>\n\t<meta property=\"og:image:height\" content=\"1900\" \/>\n\t<meta property=\"og:image:type\" content=\"image\/jpeg\" \/>\n<meta name=\"twitter:card\" content=\"summary_large_image\" \/>\n<meta name=\"twitter:label1\" content=\"Est. reading time\" \/>\n\t<meta name=\"twitter:data1\" content=\"1 minute\" \/>\n<script type=\"application\/ld+json\" class=\"yoast-schema-graph\">{\"@context\":\"https:\/\/schema.org\",\"@graph\":[{\"@type\":\"WebPage\",\"@id\":\"https:\/\/www.thokbikes.com\/de\/negozio\/komponenten-und-zubehoer\/seat-de\/thok-telescop-sattelstutze-125mm\/\",\"url\":\"https:\/\/www.thokbikes.com\/de\/negozio\/komponenten-und-zubehoer\/seat-de\/thok-telescop-sattelstutze-125mm\/\",\"name\":\"THOK TELESCOP-SATTELSTUTZE 125mm - Thok\",\"isPartOf\":{\"@id\":\"https:\/\/www.thokbikes.com\/de\/#website\"},\"primaryImageOfPage\":{\"@id\":\"https:\/\/www.thokbikes.com\/de\/negozio\/komponenten-und-zubehoer\/seat-de\/thok-telescop-sattelstutze-125mm\/#primaryimage\"},\"image\":{\"@id\":\"https:\/\/www.thokbikes.com\/de\/negozio\/komponenten-und-zubehoer\/seat-de\/thok-telescop-sattelstutze-125mm\/#primaryimage\"},\"thumbnailUrl\":\"https:\/\/www.thokbikes.com\/wp-content\/uploads\/2024\/01\/Shop-THOK-SEATPOST-150MM-VERTICAL-R-jpg.webp\",\"datePublished\":\"2023-11-13T10:45:31+00:00\",\"dateModified\":\"2026-01-13T09:54:02+00:00\",\"breadcrumb\":{\"@id\":\"https:\/\/www.thokbikes.com\/de\/negozio\/komponenten-und-zubehoer\/seat-de\/thok-telescop-sattelstutze-125mm\/#breadcrumb\"},\"inLanguage\":\"de-DE\",\"potentialAction\":[{\"@type\":\"ReadAction\",\"target\":[\"https:\/\/www.thokbikes.com\/de\/negozio\/komponenten-und-zubehoer\/seat-de\/thok-telescop-sattelstutze-125mm\/\"]}]},{\"@type\":\"ImageObject\",\"inLanguage\":\"de-DE\",\"@id\":\"https:\/\/www.thokbikes.com\/de\/negozio\/komponenten-und-zubehoer\/seat-de\/thok-telescop-sattelstutze-125mm\/#primaryimage\",\"url\":\"https:\/\/www.thokbikes.com\/wp-content\/uploads\/2024\/01\/Shop-THOK-SEATPOST-150MM-VERTICAL-R-jpg.webp\",\"contentUrl\":\"https:\/\/www.thokbikes.com\/wp-content\/uploads\/2024\/01\/Shop-THOK-SEATPOST-150MM-VERTICAL-R-jpg.webp\",\"width\":1900,\"height\":1900},{\"@type\":\"BreadcrumbList\",\"@id\":\"https:\/\/www.thokbikes.com\/de\/negozio\/komponenten-und-zubehoer\/seat-de\/thok-telescop-sattelstutze-125mm\/#breadcrumb\",\"itemListElement\":[{\"@type\":\"ListItem\",\"position\":1,\"name\":\"Home\",\"item\":\"https:\/\/www.thokbikes.com\/de\/\"},{\"@type\":\"ListItem\",\"position\":2,\"name\":\"Shop\",\"item\":\"https:\/\/www.thokbikes.com\/negozio\/\"},{\"@type\":\"ListItem\",\"position\":3,\"name\":\"THOK TELESCOP-SATTELSTUTZE 125mm\"}]},{\"@type\":\"WebSite\",\"@id\":\"https:\/\/www.thokbikes.com\/de\/#website\",\"url\":\"https:\/\/www.thokbikes.com\/de\/\",\"name\":\"Thok E-bikes\",\"description\":\"\",\"publisher\":{\"@id\":\"https:\/\/www.thokbikes.com\/de\/#organization\"},\"potentialAction\":[{\"@type\":\"SearchAction\",\"target\":{\"@type\":\"EntryPoint\",\"urlTemplate\":\"https:\/\/www.thokbikes.com\/de\/?s={search_term_string}\"},\"query-input\":{\"@type\":\"PropertyValueSpecification\",\"valueRequired\":true,\"valueName\":\"search_term_string\"}}],\"inLanguage\":\"de-DE\"},{\"@type\":\"Organization\",\"@id\":\"https:\/\/www.thokbikes.com\/de\/#organization\",\"name\":\"Thok E-bikes\",\"url\":\"https:\/\/www.thokbikes.com\/de\/\",\"logo\":{\"@type\":\"ImageObject\",\"inLanguage\":\"de-DE\",\"@id\":\"https:\/\/www.thokbikes.com\/de\/#\/schema\/logo\/image\/\",\"url\":\"https:\/\/www.thokbikes.com\/wp-content\/uploads\/2025\/11\/logo-thok-white.png\",\"contentUrl\":\"https:\/\/www.thokbikes.com\/wp-content\/uploads\/2025\/11\/logo-thok-white.png\",\"width\":1920,\"height\":281,\"caption\":\"Thok E-bikes\"},\"image\":{\"@id\":\"https:\/\/www.thokbikes.com\/de\/#\/schema\/logo\/image\/\"},\"sameAs\":[\"https:\/\/www.facebook.com\/thokebikes\",\"https:\/\/www.instagram.com\/thok_ebikes\/\",\"https:\/\/www.youtube.com\/channel\/UC-yfWNxPCJvVdRymE7tA8Ww\"]}]}<\/script>\n<!-- \/ Yoast SEO plugin. -->","yoast_head_json":{"title":"THOK TELESCOP-SATTELSTUTZE 125mm - Thok","robots":{"index":"index","follow":"follow","max-snippet":"max-snippet:-1","max-image-preview":"max-image-preview:large","max-video-preview":"max-video-preview:-1"},"canonical":"https:\/\/www.thokbikes.com\/de\/negozio\/komponenten-und-zubehoer\/seat-de\/thok-telescop-sattelstutze-125mm\/","og_locale":"de_DE","og_type":"article","og_title":"THOK TELESCOP-SATTELSTUTZE 125mm - Thok","og_description":"Mechanische Teleskop-Sattelst\u00fctze THOK 125mm Teleskop-Sattelst\u00fctze von THOK mit 125mm Hub, Durchmesser 31,6mm, MIT LINKER HEBEL F\u00dcR HORIZONTALE BET\u00c4TIGUNG KOMPATIBILIT\u00c4T MIT ALLEN THOK-MODELLEN (\u00dcberpr\u00fcfen Sie die Kompatibilit\u00e4t mit dem Rahmen, Teleskopk\u00f6rperl\u00e4nge 230mm)","og_url":"https:\/\/www.thokbikes.com\/de\/negozio\/komponenten-und-zubehoer\/seat-de\/thok-telescop-sattelstutze-125mm\/","og_site_name":"Thok","article_publisher":"https:\/\/www.facebook.com\/thokebikes","article_modified_time":"2026-01-13T09:54:02+00:00","og_image":[{"width":1900,"height":1900,"url":"https:\/\/www.thokbikes.com\/wp-content\/uploads\/2024\/01\/Shop-THOK-SEATPOST-150MM-VERTICAL-R-jpg.webp","type":"image\/jpeg"}],"twitter_card":"summary_large_image","twitter_misc":{"Est. reading time":"1 minute"},"schema":{"@context":"https:\/\/schema.org","@graph":[{"@type":"WebPage","@id":"https:\/\/www.thokbikes.com\/de\/negozio\/komponenten-und-zubehoer\/seat-de\/thok-telescop-sattelstutze-125mm\/","url":"https:\/\/www.thokbikes.com\/de\/negozio\/komponenten-und-zubehoer\/seat-de\/thok-telescop-sattelstutze-125mm\/","name":"THOK TELESCOP-SATTELSTUTZE 125mm - Thok","isPartOf":{"@id":"https:\/\/www.thokbikes.com\/de\/#website"},"primaryImageOfPage":{"@id":"https:\/\/www.thokbikes.com\/de\/negozio\/komponenten-und-zubehoer\/seat-de\/thok-telescop-sattelstutze-125mm\/#primaryimage"},"image":{"@id":"https:\/\/www.thokbikes.com\/de\/negozio\/komponenten-und-zubehoer\/seat-de\/thok-telescop-sattelstutze-125mm\/#primaryimage"},"thumbnailUrl":"https:\/\/www.thokbikes.com\/wp-content\/uploads\/2024\/01\/Shop-THOK-SEATPOST-150MM-VERTICAL-R-jpg.webp","datePublished":"2023-11-13T10:45:31+00:00","dateModified":"2026-01-13T09:54:02+00:00","breadcrumb":{"@id":"https:\/\/www.thokbikes.com\/de\/negozio\/komponenten-und-zubehoer\/seat-de\/thok-telescop-sattelstutze-125mm\/#breadcrumb"},"inLanguage":"de-DE","potentialAction":[{"@type":"ReadAction","target":["https:\/\/www.thokbikes.com\/de\/negozio\/komponenten-und-zubehoer\/seat-de\/thok-telescop-sattelstutze-125mm\/"]}]},{"@type":"ImageObject","inLanguage":"de-DE","@id":"https:\/\/www.thokbikes.com\/de\/negozio\/komponenten-und-zubehoer\/seat-de\/thok-telescop-sattelstutze-125mm\/#primaryimage","url":"https:\/\/www.thokbikes.com\/wp-content\/uploads\/2024\/01\/Shop-THOK-SEATPOST-150MM-VERTICAL-R-jpg.webp","contentUrl":"https:\/\/www.thokbikes.com\/wp-content\/uploads\/2024\/01\/Shop-THOK-SEATPOST-150MM-VERTICAL-R-jpg.webp","width":1900,"height":1900},{"@type":"BreadcrumbList","@id":"https:\/\/www.thokbikes.com\/de\/negozio\/komponenten-und-zubehoer\/seat-de\/thok-telescop-sattelstutze-125mm\/#breadcrumb","itemListElement":[{"@type":"ListItem","position":1,"name":"Home","item":"https:\/\/www.thokbikes.com\/de\/"},{"@type":"ListItem","position":2,"name":"Shop","item":"https:\/\/www.thokbikes.com\/negozio\/"},{"@type":"ListItem","position":3,"name":"THOK TELESCOP-SATTELSTUTZE 125mm"}]},{"@type":"WebSite","@id":"https:\/\/www.thokbikes.com\/de\/#website","url":"https:\/\/www.thokbikes.com\/de\/","name":"Thok E-bikes","description":"","publisher":{"@id":"https:\/\/www.thokbikes.com\/de\/#organization"},"potentialAction":[{"@type":"SearchAction","target":{"@type":"EntryPoint","urlTemplate":"https:\/\/www.thokbikes.com\/de\/?s={search_term_string}"},"query-input":{"@type":"PropertyValueSpecification","valueRequired":true,"valueName":"search_term_string"}}],"inLanguage":"de-DE"},{"@type":"Organization","@id":"https:\/\/www.thokbikes.com\/de\/#organization","name":"Thok E-bikes","url":"https:\/\/www.thokbikes.com\/de\/","logo":{"@type":"ImageObject","inLanguage":"de-DE","@id":"https:\/\/www.thokbikes.com\/de\/#\/schema\/logo\/image\/","url":"https:\/\/www.thokbikes.com\/wp-content\/uploads\/2025\/11\/logo-thok-white.png","contentUrl":"https:\/\/www.thokbikes.com\/wp-content\/uploads\/2025\/11\/logo-thok-white.png","width":1920,"height":281,"caption":"Thok E-bikes"},"image":{"@id":"https:\/\/www.thokbikes.com\/de\/#\/schema\/logo\/image\/"},"sameAs":["https:\/\/www.facebook.com\/thokebikes","https:\/\/www.instagram.com\/thok_ebikes\/","https:\/\/www.youtube.com\/channel\/UC-yfWNxPCJvVdRymE7tA8Ww"]}]}},"_links":{"self":[{"href":"https:\/\/www.thokbikes.com\/de\/wp-json\/wp\/v2\/product\/9071","targetHints":{"allow":["GET"]}}],"collection":[{"href":"https:\/\/www.thokbikes.com\/de\/wp-json\/wp\/v2\/product"}],"about":[{"href":"https:\/\/www.thokbikes.com\/de\/wp-json\/wp\/v2\/types\/product"}],"replies":[{"embeddable":true,"href":"https:\/\/www.thokbikes.com\/de\/wp-json\/wp\/v2\/comments?post=9071"}],"wp:featuredmedia":[{"embeddable":true,"href":"https:\/\/www.thokbikes.com\/de\/wp-json\/wp\/v2\/media\/7871"}],"wp:attachment":[{"href":"https:\/\/www.thokbikes.com\/de\/wp-json\/wp\/v2\/media?parent=9071"}],"wp:term":[{"taxonomy":"product_brand","embeddable":true,"href":"https:\/\/www.thokbikes.com\/de\/wp-json\/wp\/v2\/product_brand?post=9071"},{"taxonomy":"product_cat","embeddable":true,"href":"https:\/\/www.thokbikes.com\/de\/wp-json\/wp\/v2\/product_cat?post=9071"},{"taxonomy":"product_tag","embeddable":true,"href":"https:\/\/www.thokbikes.com\/de\/wp-json\/wp\/v2\/product_tag?post=9071"}],"curies":[{"name":"wp","href":"https:\/\/api.w.org\/{rel}","templated":true}]}}