{"id":13335,"date":"2023-06-28T12:49:54","date_gmt":"2023-06-28T10:49:54","guid":{"rendered":"https:\/\/www.thokbikes.com\/chi-siamo\/"},"modified":"2025-10-21T09:14:43","modified_gmt":"2025-10-21T07:14:43","slug":"chi-siamo","status":"publish","type":"page","link":"https:\/\/www.thokbikes.com\/es\/chi-siamo\/","title":{"rendered":"Qui\u00e9nes somos"},"content":{"rendered":"\n<p>Desde 2017, THOK E-Bikes produce y distribuye bicicletas el\u00e9ctricas asistidas dise\u00f1adas y desarrolladas en Italia con especial atenci\u00f3n a la rendimiento. La historia de la empresa est\u00e1 indisolublemente ligada a la de sus fundadores, y sin duda, THOK cuenta con un ADN de excelencia. <\/p>\n\n\n\n<p><strong><a href=\"https:\/\/www.thokbikes.com\/es\/italian-bike-festival-2020\/\">Stefano Migliorini<\/a><\/strong>, campe\u00f3n mundial de BMX, PRO de DH, primer atleta italiano en formar parte de un equipo oficial estadounidense y en competir en los circuitos de la Copa del Mundo de DH (tercero en 1993). Al finalizar su carrera profesional en el mundo de las carreras, inicia su formaci\u00f3n profesional en la industria de las bicicletas, desempe\u00f1ando varios roles y colaborando con empresas l\u00edderes del sector. <\/p>\n\n\n\n<p><strong>Livio Suppo<\/strong>, legendario Team Principal de HONDA, uno de los directores de equipo m\u00e1s laureados de todos los tiempos, m\u00faltiple campe\u00f3n del mundo con Stoner y el equipo DUCATI y con Marquez y el equipo HONDA HRC, experto conocedor del mundo de las carreras, gran apasionado de la velocidad y el rendimiento. Al acercarse al mundo de las e-bikes, fue el primero en creer en el proyecto THOK y en impulsar a Migliorini hacia la pedalada asistida. <\/p>\n\n\n\n<p><strong>Giuseppe Bernocco y Sebastiano Astegiano<\/strong>, fundadores y administradores del Grupo TCN (TCN, BIANCO, Galup, Madrile Melis), un pr\u00f3spero polo industrial dirigido al mundo desde el coraz\u00f3n de las Langhe. Empresarios exitosos, supieron percibir las potencialidades del mundo de la pedalada asistida, diversificando su actividad y dirigi\u00e9ndose con confianza hacia este sector.<\/p>\n\n\n\n<p>El conocimiento de Stefano, la intuici\u00f3n de Livio y la visi\u00f3n empresarial de Giuseppe y Sebastiano son la base de los cimientos de THOK E-Bikes. Ra\u00edces fuertes sumergidas en un terreno f\u00e9rtil de experiencia, competencia, calidad y pasi\u00f3n.<\/p>\n\n\n\n<figure class=\"wp-block-image size-full\"><img decoding=\"async\" width=\"188\" height=\"40\" src=\"https:\/\/www.thokbikes.com\/wp-content\/uploads\/2023\/06\/Logo_Extended_Text-Black_001.png\" alt=\"\" class=\"wp-image-463\" srcset=\"https:\/\/www.thokbikes.com\/wp-content\/uploads\/2023\/06\/Logo_Extended_Text-Black_001.png 188w, https:\/\/www.thokbikes.com\/wp-content\/uploads\/2023\/06\/Logo_Extended_Text-Black_001-50x11.png 50w\" sizes=\"(max-width: 188px) 100vw, 188px\" \/><\/figure>\n","protected":false},"excerpt":{"rendered":"<p>Desde 2017, THOK E-Bikes produce y distribuye bicicletas el\u00e9ctricas asistidas dise\u00f1adas y desarrolladas en Italia con especial atenci\u00f3n a la rendimiento. La historia de la empresa est\u00e1 indisolublemente ligada a la de sus fundadores, y sin duda, THOK cuenta con un ADN de excelencia. Stefano Migliorini, campe\u00f3n mundial de BMX, PRO de DH, primer atleta [&hellip;]<\/p>\n","protected":false},"author":1,"featured_media":13293,"parent":0,"menu_order":0,"comment_status":"closed","ping_status":"closed","template":"","meta":{"_acf_changed":false,"footnotes":""},"class_list":["post-13335","page","type-page","status-publish","has-post-thumbnail","hentry"],"acf":[],"yoast_head":"<!-- This site is optimized with the Yoast SEO plugin v27.3 - https:\/\/yoast.com\/product\/yoast-seo-wordpress\/ -->\n<title>Qui\u00e9nes somos - Thok<\/title>\n<meta name=\"robots\" content=\"index, follow, max-snippet:-1, max-image-preview:large, max-video-preview:-1\" \/>\n<link rel=\"canonical\" href=\"https:\/\/www.thokbikes.com\/es\/chi-siamo\/\" \/>\n<meta property=\"og:locale\" content=\"es_ES\" \/>\n<meta property=\"og:type\" content=\"article\" \/>\n<meta property=\"og:title\" content=\"Qui\u00e9nes somos - Thok\" \/>\n<meta property=\"og:description\" content=\"Desde 2017, THOK E-Bikes produce y distribuye bicicletas el\u00e9ctricas asistidas dise\u00f1adas y desarrolladas en Italia con especial atenci\u00f3n a la rendimiento. La historia de la empresa est\u00e1 indisolublemente ligada a la de sus fundadores, y sin duda, THOK cuenta con un ADN de excelencia. Stefano Migliorini, campe\u00f3n mundial de BMX, PRO de DH, primer atleta [&hellip;]\" \/>\n<meta property=\"og:url\" content=\"https:\/\/www.thokbikes.com\/es\/chi-siamo\/\" \/>\n<meta property=\"og:site_name\" content=\"Thok\" \/>\n<meta property=\"article:publisher\" content=\"https:\/\/www.facebook.com\/thokebikes\" \/>\n<meta property=\"article:modified_time\" content=\"2025-10-21T07:14:43+00:00\" \/>\n<meta property=\"og:image\" content=\"https:\/\/www.thokbikes.com\/wp-content\/uploads\/2024\/03\/Chi-siamo-jpg.webp\" \/>\n\t<meta property=\"og:image:width\" content=\"1920\" \/>\n\t<meta property=\"og:image:height\" content=\"700\" \/>\n\t<meta property=\"og:image:type\" content=\"image\/jpeg\" \/>\n<meta name=\"twitter:card\" content=\"summary_large_image\" \/>\n<meta name=\"twitter:label1\" content=\"Est. reading time\" \/>\n\t<meta name=\"twitter:data1\" content=\"2 minutes\" \/>\n<script type=\"application\/ld+json\" class=\"yoast-schema-graph\">{\"@context\":\"https:\\\/\\\/schema.org\",\"@graph\":[{\"@type\":\"WebPage\",\"@id\":\"https:\\\/\\\/www.thokbikes.com\\\/es\\\/chi-siamo\\\/\",\"url\":\"https:\\\/\\\/www.thokbikes.com\\\/es\\\/chi-siamo\\\/\",\"name\":\"Qui\u00e9nes somos - Thok\",\"isPartOf\":{\"@id\":\"https:\\\/\\\/www.thokbikes.com\\\/es\\\/#website\"},\"primaryImageOfPage\":{\"@id\":\"https:\\\/\\\/www.thokbikes.com\\\/es\\\/chi-siamo\\\/#primaryimage\"},\"image\":{\"@id\":\"https:\\\/\\\/www.thokbikes.com\\\/es\\\/chi-siamo\\\/#primaryimage\"},\"thumbnailUrl\":\"https:\\\/\\\/www.thokbikes.com\\\/wp-content\\\/uploads\\\/2024\\\/03\\\/Chi-siamo-jpg.webp\",\"datePublished\":\"2023-06-28T10:49:54+00:00\",\"dateModified\":\"2025-10-21T07:14:43+00:00\",\"breadcrumb\":{\"@id\":\"https:\\\/\\\/www.thokbikes.com\\\/es\\\/chi-siamo\\\/#breadcrumb\"},\"inLanguage\":\"es-ES\",\"potentialAction\":[{\"@type\":\"ReadAction\",\"target\":[\"https:\\\/\\\/www.thokbikes.com\\\/es\\\/chi-siamo\\\/\"]}]},{\"@type\":\"ImageObject\",\"inLanguage\":\"es-ES\",\"@id\":\"https:\\\/\\\/www.thokbikes.com\\\/es\\\/chi-siamo\\\/#primaryimage\",\"url\":\"https:\\\/\\\/www.thokbikes.com\\\/wp-content\\\/uploads\\\/2024\\\/03\\\/Chi-siamo-jpg.webp\",\"contentUrl\":\"https:\\\/\\\/www.thokbikes.com\\\/wp-content\\\/uploads\\\/2024\\\/03\\\/Chi-siamo-jpg.webp\",\"width\":1920,\"height\":700},{\"@type\":\"BreadcrumbList\",\"@id\":\"https:\\\/\\\/www.thokbikes.com\\\/es\\\/chi-siamo\\\/#breadcrumb\",\"itemListElement\":[{\"@type\":\"ListItem\",\"position\":1,\"name\":\"Home\",\"item\":\"https:\\\/\\\/www.thokbikes.com\\\/es\\\/\"},{\"@type\":\"ListItem\",\"position\":2,\"name\":\"Qui\u00e9nes somos\"}]},{\"@type\":\"WebSite\",\"@id\":\"https:\\\/\\\/www.thokbikes.com\\\/es\\\/#website\",\"url\":\"https:\\\/\\\/www.thokbikes.com\\\/es\\\/\",\"name\":\"Thok E-bikes\",\"description\":\"\",\"publisher\":{\"@id\":\"https:\\\/\\\/www.thokbikes.com\\\/es\\\/#organization\"},\"potentialAction\":[{\"@type\":\"SearchAction\",\"target\":{\"@type\":\"EntryPoint\",\"urlTemplate\":\"https:\\\/\\\/www.thokbikes.com\\\/es\\\/?s={search_term_string}\"},\"query-input\":{\"@type\":\"PropertyValueSpecification\",\"valueRequired\":true,\"valueName\":\"search_term_string\"}}],\"inLanguage\":\"es-ES\"},{\"@type\":\"Organization\",\"@id\":\"https:\\\/\\\/www.thokbikes.com\\\/es\\\/#organization\",\"name\":\"Thok E-bikes\",\"url\":\"https:\\\/\\\/www.thokbikes.com\\\/es\\\/\",\"logo\":{\"@type\":\"ImageObject\",\"inLanguage\":\"es-ES\",\"@id\":\"https:\\\/\\\/www.thokbikes.com\\\/es\\\/#\\\/schema\\\/logo\\\/image\\\/\",\"url\":\"https:\\\/\\\/www.thokbikes.com\\\/wp-content\\\/uploads\\\/2025\\\/11\\\/logo-thok-white.png\",\"contentUrl\":\"https:\\\/\\\/www.thokbikes.com\\\/wp-content\\\/uploads\\\/2025\\\/11\\\/logo-thok-white.png\",\"width\":1920,\"height\":281,\"caption\":\"Thok E-bikes\"},\"image\":{\"@id\":\"https:\\\/\\\/www.thokbikes.com\\\/es\\\/#\\\/schema\\\/logo\\\/image\\\/\"},\"sameAs\":[\"https:\\\/\\\/www.facebook.com\\\/thokebikes\",\"https:\\\/\\\/www.instagram.com\\\/thok_ebikes\\\/\",\"https:\\\/\\\/www.youtube.com\\\/channel\\\/UC-yfWNxPCJvVdRymE7tA8Ww\"]}]}<\/script>\n<!-- \/ Yoast SEO plugin. -->","yoast_head_json":{"title":"Qui\u00e9nes somos - Thok","robots":{"index":"index","follow":"follow","max-snippet":"max-snippet:-1","max-image-preview":"max-image-preview:large","max-video-preview":"max-video-preview:-1"},"canonical":"https:\/\/www.thokbikes.com\/es\/chi-siamo\/","og_locale":"es_ES","og_type":"article","og_title":"Qui\u00e9nes somos - Thok","og_description":"Desde 2017, THOK E-Bikes produce y distribuye bicicletas el\u00e9ctricas asistidas dise\u00f1adas y desarrolladas en Italia con especial atenci\u00f3n a la rendimiento. La historia de la empresa est\u00e1 indisolublemente ligada a la de sus fundadores, y sin duda, THOK cuenta con un ADN de excelencia. Stefano Migliorini, campe\u00f3n mundial de BMX, PRO de DH, primer atleta [&hellip;]","og_url":"https:\/\/www.thokbikes.com\/es\/chi-siamo\/","og_site_name":"Thok","article_publisher":"https:\/\/www.facebook.com\/thokebikes","article_modified_time":"2025-10-21T07:14:43+00:00","og_image":[{"width":1920,"height":700,"url":"https:\/\/www.thokbikes.com\/wp-content\/uploads\/2024\/03\/Chi-siamo-jpg.webp","type":"image\/jpeg"}],"twitter_card":"summary_large_image","twitter_misc":{"Est. reading time":"2 minutes"},"schema":{"@context":"https:\/\/schema.org","@graph":[{"@type":"WebPage","@id":"https:\/\/www.thokbikes.com\/es\/chi-siamo\/","url":"https:\/\/www.thokbikes.com\/es\/chi-siamo\/","name":"Qui\u00e9nes somos - Thok","isPartOf":{"@id":"https:\/\/www.thokbikes.com\/es\/#website"},"primaryImageOfPage":{"@id":"https:\/\/www.thokbikes.com\/es\/chi-siamo\/#primaryimage"},"image":{"@id":"https:\/\/www.thokbikes.com\/es\/chi-siamo\/#primaryimage"},"thumbnailUrl":"https:\/\/www.thokbikes.com\/wp-content\/uploads\/2024\/03\/Chi-siamo-jpg.webp","datePublished":"2023-06-28T10:49:54+00:00","dateModified":"2025-10-21T07:14:43+00:00","breadcrumb":{"@id":"https:\/\/www.thokbikes.com\/es\/chi-siamo\/#breadcrumb"},"inLanguage":"es-ES","potentialAction":[{"@type":"ReadAction","target":["https:\/\/www.thokbikes.com\/es\/chi-siamo\/"]}]},{"@type":"ImageObject","inLanguage":"es-ES","@id":"https:\/\/www.thokbikes.com\/es\/chi-siamo\/#primaryimage","url":"https:\/\/www.thokbikes.com\/wp-content\/uploads\/2024\/03\/Chi-siamo-jpg.webp","contentUrl":"https:\/\/www.thokbikes.com\/wp-content\/uploads\/2024\/03\/Chi-siamo-jpg.webp","width":1920,"height":700},{"@type":"BreadcrumbList","@id":"https:\/\/www.thokbikes.com\/es\/chi-siamo\/#breadcrumb","itemListElement":[{"@type":"ListItem","position":1,"name":"Home","item":"https:\/\/www.thokbikes.com\/es\/"},{"@type":"ListItem","position":2,"name":"Qui\u00e9nes somos"}]},{"@type":"WebSite","@id":"https:\/\/www.thokbikes.com\/es\/#website","url":"https:\/\/www.thokbikes.com\/es\/","name":"Thok E-bikes","description":"","publisher":{"@id":"https:\/\/www.thokbikes.com\/es\/#organization"},"potentialAction":[{"@type":"SearchAction","target":{"@type":"EntryPoint","urlTemplate":"https:\/\/www.thokbikes.com\/es\/?s={search_term_string}"},"query-input":{"@type":"PropertyValueSpecification","valueRequired":true,"valueName":"search_term_string"}}],"inLanguage":"es-ES"},{"@type":"Organization","@id":"https:\/\/www.thokbikes.com\/es\/#organization","name":"Thok E-bikes","url":"https:\/\/www.thokbikes.com\/es\/","logo":{"@type":"ImageObject","inLanguage":"es-ES","@id":"https:\/\/www.thokbikes.com\/es\/#\/schema\/logo\/image\/","url":"https:\/\/www.thokbikes.com\/wp-content\/uploads\/2025\/11\/logo-thok-white.png","contentUrl":"https:\/\/www.thokbikes.com\/wp-content\/uploads\/2025\/11\/logo-thok-white.png","width":1920,"height":281,"caption":"Thok E-bikes"},"image":{"@id":"https:\/\/www.thokbikes.com\/es\/#\/schema\/logo\/image\/"},"sameAs":["https:\/\/www.facebook.com\/thokebikes","https:\/\/www.instagram.com\/thok_ebikes\/","https:\/\/www.youtube.com\/channel\/UC-yfWNxPCJvVdRymE7tA8Ww"]}]}},"_links":{"self":[{"href":"https:\/\/www.thokbikes.com\/es\/wp-json\/wp\/v2\/pages\/13335","targetHints":{"allow":["GET"]}}],"collection":[{"href":"https:\/\/www.thokbikes.com\/es\/wp-json\/wp\/v2\/pages"}],"about":[{"href":"https:\/\/www.thokbikes.com\/es\/wp-json\/wp\/v2\/types\/page"}],"author":[{"embeddable":true,"href":"https:\/\/www.thokbikes.com\/es\/wp-json\/wp\/v2\/users\/1"}],"replies":[{"embeddable":true,"href":"https:\/\/www.thokbikes.com\/es\/wp-json\/wp\/v2\/comments?post=13335"}],"version-history":[{"count":9,"href":"https:\/\/www.thokbikes.com\/es\/wp-json\/wp\/v2\/pages\/13335\/revisions"}],"predecessor-version":[{"id":32446,"href":"https:\/\/www.thokbikes.com\/es\/wp-json\/wp\/v2\/pages\/13335\/revisions\/32446"}],"wp:featuredmedia":[{"embeddable":true,"href":"https:\/\/www.thokbikes.com\/es\/wp-json\/wp\/v2\/media\/13293"}],"wp:attachment":[{"href":"https:\/\/www.thokbikes.com\/es\/wp-json\/wp\/v2\/media?parent=13335"}],"curies":[{"name":"wp","href":"https:\/\/api.w.org\/{rel}","templated":true}]}}