{"id":13641,"date":"2023-06-28T16:47:13","date_gmt":"2023-06-28T14:47:13","guid":{"rendered":"https:\/\/www.thokbikes.com\/ambassador\/"},"modified":"2025-03-21T15:59:12","modified_gmt":"2025-03-21T14:59:12","slug":"ambassador","status":"publish","type":"page","link":"https:\/\/www.thokbikes.com\/es\/ambassador\/","title":{"rendered":"Ambassador"},"content":{"rendered":"\n<p>A lo largo de los a\u00f1os, numerosos Embajadores han elegido asociar su imagen con nuestra marca. <\/p>\n\n\n\n<p>Hombres de rendimiento, apasionados y motivados deportistas caracterizados por una gran determinaci\u00f3n, dedicaci\u00f3n y humildad; profesionales centrados en el rendimiento y la calidad del producto. Todos utilizan nuestras bicicletas el\u00e9ctricas para entrenamientos fuera de sus especialidades, testificando la versatilidad de las bicicletas THOK, adecuadas incluso para el entrenamiento de atletas de alto nivel y profesionales del deporte enfocados en el rendimiento. <\/p>\n\n\n\n<p>El &#8220;Equipo de Rendimiento Primero&#8221; (PFT) es el equipo THOK que re\u00fane a todos estos excelentes atletas de diversos sectores deportivos: rally, esqu\u00ed de monta\u00f1a, motociclismo, disciplinas a\u00e9reas&#8230; <\/p>\n\n\n\n<p>Estamos orgullosos de que cada uno de ellos haya elegido asociar su nombre con THOK, brindando credibilidad a nuestra marca y a la calidad de nuestros veh\u00edculos.<\/p>\n","protected":false},"excerpt":{"rendered":"<p>A lo largo de los a\u00f1os, numerosos Embajadores han elegido asociar su imagen con nuestra marca. Hombres de rendimiento, apasionados y motivados deportistas caracterizados por una gran determinaci\u00f3n, dedicaci\u00f3n y humildad; profesionales centrados en el rendimiento y la calidad del producto. Todos utilizan nuestras bicicletas el\u00e9ctricas para entrenamientos fuera de sus especialidades, testificando la versatilidad [&hellip;]<\/p>\n","protected":false},"author":1,"featured_media":12956,"parent":0,"menu_order":0,"comment_status":"closed","ping_status":"closed","template":"","meta":{"_acf_changed":false,"footnotes":""},"class_list":["post-13641","page","type-page","status-publish","has-post-thumbnail","hentry"],"acf":[],"yoast_head":"<!-- This site is optimized with the Yoast SEO plugin v27.3 - https:\/\/yoast.com\/product\/yoast-seo-wordpress\/ -->\n<title>Ambassador - Thok<\/title>\n<meta name=\"robots\" content=\"index, follow, max-snippet:-1, max-image-preview:large, max-video-preview:-1\" \/>\n<link rel=\"canonical\" href=\"https:\/\/www.thokbikes.com\/es\/ambassador\/\" \/>\n<meta property=\"og:locale\" content=\"es_ES\" \/>\n<meta property=\"og:type\" content=\"article\" \/>\n<meta property=\"og:title\" content=\"Ambassador - Thok\" \/>\n<meta property=\"og:description\" content=\"A lo largo de los a\u00f1os, numerosos Embajadores han elegido asociar su imagen con nuestra marca. Hombres de rendimiento, apasionados y motivados deportistas caracterizados por una gran determinaci\u00f3n, dedicaci\u00f3n y humildad; profesionales centrados en el rendimiento y la calidad del producto. Todos utilizan nuestras bicicletas el\u00e9ctricas para entrenamientos fuera de sus especialidades, testificando la versatilidad [&hellip;]\" \/>\n<meta property=\"og:url\" content=\"https:\/\/www.thokbikes.com\/es\/ambassador\/\" \/>\n<meta property=\"og:site_name\" content=\"Thok\" \/>\n<meta property=\"article:publisher\" content=\"https:\/\/www.facebook.com\/thokebikes\" \/>\n<meta property=\"article:modified_time\" content=\"2025-03-21T14:59:12+00:00\" \/>\n<meta property=\"og:image\" content=\"https:\/\/www.thokbikes.com\/wp-content\/uploads\/2024\/03\/Ambassador-1-jpg.webp\" \/>\n\t<meta property=\"og:image:width\" content=\"1920\" \/>\n\t<meta property=\"og:image:height\" content=\"700\" \/>\n\t<meta property=\"og:image:type\" content=\"image\/jpeg\" \/>\n<meta name=\"twitter:card\" content=\"summary_large_image\" \/>\n<meta name=\"twitter:label1\" content=\"Est. reading time\" \/>\n\t<meta name=\"twitter:data1\" content=\"1 minute\" \/>\n<script type=\"application\/ld+json\" class=\"yoast-schema-graph\">{\"@context\":\"https:\\\/\\\/schema.org\",\"@graph\":[{\"@type\":\"WebPage\",\"@id\":\"https:\\\/\\\/www.thokbikes.com\\\/es\\\/ambassador\\\/\",\"url\":\"https:\\\/\\\/www.thokbikes.com\\\/es\\\/ambassador\\\/\",\"name\":\"Ambassador - Thok\",\"isPartOf\":{\"@id\":\"https:\\\/\\\/www.thokbikes.com\\\/es\\\/#website\"},\"primaryImageOfPage\":{\"@id\":\"https:\\\/\\\/www.thokbikes.com\\\/es\\\/ambassador\\\/#primaryimage\"},\"image\":{\"@id\":\"https:\\\/\\\/www.thokbikes.com\\\/es\\\/ambassador\\\/#primaryimage\"},\"thumbnailUrl\":\"https:\\\/\\\/www.thokbikes.com\\\/wp-content\\\/uploads\\\/2024\\\/03\\\/Ambassador-1-jpg.webp\",\"datePublished\":\"2023-06-28T14:47:13+00:00\",\"dateModified\":\"2025-03-21T14:59:12+00:00\",\"breadcrumb\":{\"@id\":\"https:\\\/\\\/www.thokbikes.com\\\/es\\\/ambassador\\\/#breadcrumb\"},\"inLanguage\":\"es-ES\",\"potentialAction\":[{\"@type\":\"ReadAction\",\"target\":[\"https:\\\/\\\/www.thokbikes.com\\\/es\\\/ambassador\\\/\"]}]},{\"@type\":\"ImageObject\",\"inLanguage\":\"es-ES\",\"@id\":\"https:\\\/\\\/www.thokbikes.com\\\/es\\\/ambassador\\\/#primaryimage\",\"url\":\"https:\\\/\\\/www.thokbikes.com\\\/wp-content\\\/uploads\\\/2024\\\/03\\\/Ambassador-1-jpg.webp\",\"contentUrl\":\"https:\\\/\\\/www.thokbikes.com\\\/wp-content\\\/uploads\\\/2024\\\/03\\\/Ambassador-1-jpg.webp\",\"width\":1920,\"height\":700},{\"@type\":\"BreadcrumbList\",\"@id\":\"https:\\\/\\\/www.thokbikes.com\\\/es\\\/ambassador\\\/#breadcrumb\",\"itemListElement\":[{\"@type\":\"ListItem\",\"position\":1,\"name\":\"Home\",\"item\":\"https:\\\/\\\/www.thokbikes.com\\\/es\\\/\"},{\"@type\":\"ListItem\",\"position\":2,\"name\":\"Ambassador\"}]},{\"@type\":\"WebSite\",\"@id\":\"https:\\\/\\\/www.thokbikes.com\\\/es\\\/#website\",\"url\":\"https:\\\/\\\/www.thokbikes.com\\\/es\\\/\",\"name\":\"Thok E-bikes\",\"description\":\"\",\"publisher\":{\"@id\":\"https:\\\/\\\/www.thokbikes.com\\\/es\\\/#organization\"},\"potentialAction\":[{\"@type\":\"SearchAction\",\"target\":{\"@type\":\"EntryPoint\",\"urlTemplate\":\"https:\\\/\\\/www.thokbikes.com\\\/es\\\/?s={search_term_string}\"},\"query-input\":{\"@type\":\"PropertyValueSpecification\",\"valueRequired\":true,\"valueName\":\"search_term_string\"}}],\"inLanguage\":\"es-ES\"},{\"@type\":\"Organization\",\"@id\":\"https:\\\/\\\/www.thokbikes.com\\\/es\\\/#organization\",\"name\":\"Thok E-bikes\",\"url\":\"https:\\\/\\\/www.thokbikes.com\\\/es\\\/\",\"logo\":{\"@type\":\"ImageObject\",\"inLanguage\":\"es-ES\",\"@id\":\"https:\\\/\\\/www.thokbikes.com\\\/es\\\/#\\\/schema\\\/logo\\\/image\\\/\",\"url\":\"https:\\\/\\\/www.thokbikes.com\\\/wp-content\\\/uploads\\\/2025\\\/11\\\/logo-thok-white.png\",\"contentUrl\":\"https:\\\/\\\/www.thokbikes.com\\\/wp-content\\\/uploads\\\/2025\\\/11\\\/logo-thok-white.png\",\"width\":1920,\"height\":281,\"caption\":\"Thok E-bikes\"},\"image\":{\"@id\":\"https:\\\/\\\/www.thokbikes.com\\\/es\\\/#\\\/schema\\\/logo\\\/image\\\/\"},\"sameAs\":[\"https:\\\/\\\/www.facebook.com\\\/thokebikes\",\"https:\\\/\\\/www.instagram.com\\\/thok_ebikes\\\/\",\"https:\\\/\\\/www.youtube.com\\\/channel\\\/UC-yfWNxPCJvVdRymE7tA8Ww\"]}]}<\/script>\n<!-- \/ Yoast SEO plugin. -->","yoast_head_json":{"title":"Ambassador - Thok","robots":{"index":"index","follow":"follow","max-snippet":"max-snippet:-1","max-image-preview":"max-image-preview:large","max-video-preview":"max-video-preview:-1"},"canonical":"https:\/\/www.thokbikes.com\/es\/ambassador\/","og_locale":"es_ES","og_type":"article","og_title":"Ambassador - Thok","og_description":"A lo largo de los a\u00f1os, numerosos Embajadores han elegido asociar su imagen con nuestra marca. Hombres de rendimiento, apasionados y motivados deportistas caracterizados por una gran determinaci\u00f3n, dedicaci\u00f3n y humildad; profesionales centrados en el rendimiento y la calidad del producto. Todos utilizan nuestras bicicletas el\u00e9ctricas para entrenamientos fuera de sus especialidades, testificando la versatilidad [&hellip;]","og_url":"https:\/\/www.thokbikes.com\/es\/ambassador\/","og_site_name":"Thok","article_publisher":"https:\/\/www.facebook.com\/thokebikes","article_modified_time":"2025-03-21T14:59:12+00:00","og_image":[{"width":1920,"height":700,"url":"https:\/\/www.thokbikes.com\/wp-content\/uploads\/2024\/03\/Ambassador-1-jpg.webp","type":"image\/jpeg"}],"twitter_card":"summary_large_image","twitter_misc":{"Est. reading time":"1 minute"},"schema":{"@context":"https:\/\/schema.org","@graph":[{"@type":"WebPage","@id":"https:\/\/www.thokbikes.com\/es\/ambassador\/","url":"https:\/\/www.thokbikes.com\/es\/ambassador\/","name":"Ambassador - Thok","isPartOf":{"@id":"https:\/\/www.thokbikes.com\/es\/#website"},"primaryImageOfPage":{"@id":"https:\/\/www.thokbikes.com\/es\/ambassador\/#primaryimage"},"image":{"@id":"https:\/\/www.thokbikes.com\/es\/ambassador\/#primaryimage"},"thumbnailUrl":"https:\/\/www.thokbikes.com\/wp-content\/uploads\/2024\/03\/Ambassador-1-jpg.webp","datePublished":"2023-06-28T14:47:13+00:00","dateModified":"2025-03-21T14:59:12+00:00","breadcrumb":{"@id":"https:\/\/www.thokbikes.com\/es\/ambassador\/#breadcrumb"},"inLanguage":"es-ES","potentialAction":[{"@type":"ReadAction","target":["https:\/\/www.thokbikes.com\/es\/ambassador\/"]}]},{"@type":"ImageObject","inLanguage":"es-ES","@id":"https:\/\/www.thokbikes.com\/es\/ambassador\/#primaryimage","url":"https:\/\/www.thokbikes.com\/wp-content\/uploads\/2024\/03\/Ambassador-1-jpg.webp","contentUrl":"https:\/\/www.thokbikes.com\/wp-content\/uploads\/2024\/03\/Ambassador-1-jpg.webp","width":1920,"height":700},{"@type":"BreadcrumbList","@id":"https:\/\/www.thokbikes.com\/es\/ambassador\/#breadcrumb","itemListElement":[{"@type":"ListItem","position":1,"name":"Home","item":"https:\/\/www.thokbikes.com\/es\/"},{"@type":"ListItem","position":2,"name":"Ambassador"}]},{"@type":"WebSite","@id":"https:\/\/www.thokbikes.com\/es\/#website","url":"https:\/\/www.thokbikes.com\/es\/","name":"Thok E-bikes","description":"","publisher":{"@id":"https:\/\/www.thokbikes.com\/es\/#organization"},"potentialAction":[{"@type":"SearchAction","target":{"@type":"EntryPoint","urlTemplate":"https:\/\/www.thokbikes.com\/es\/?s={search_term_string}"},"query-input":{"@type":"PropertyValueSpecification","valueRequired":true,"valueName":"search_term_string"}}],"inLanguage":"es-ES"},{"@type":"Organization","@id":"https:\/\/www.thokbikes.com\/es\/#organization","name":"Thok E-bikes","url":"https:\/\/www.thokbikes.com\/es\/","logo":{"@type":"ImageObject","inLanguage":"es-ES","@id":"https:\/\/www.thokbikes.com\/es\/#\/schema\/logo\/image\/","url":"https:\/\/www.thokbikes.com\/wp-content\/uploads\/2025\/11\/logo-thok-white.png","contentUrl":"https:\/\/www.thokbikes.com\/wp-content\/uploads\/2025\/11\/logo-thok-white.png","width":1920,"height":281,"caption":"Thok E-bikes"},"image":{"@id":"https:\/\/www.thokbikes.com\/es\/#\/schema\/logo\/image\/"},"sameAs":["https:\/\/www.facebook.com\/thokebikes","https:\/\/www.instagram.com\/thok_ebikes\/","https:\/\/www.youtube.com\/channel\/UC-yfWNxPCJvVdRymE7tA8Ww"]}]}},"_links":{"self":[{"href":"https:\/\/www.thokbikes.com\/es\/wp-json\/wp\/v2\/pages\/13641","targetHints":{"allow":["GET"]}}],"collection":[{"href":"https:\/\/www.thokbikes.com\/es\/wp-json\/wp\/v2\/pages"}],"about":[{"href":"https:\/\/www.thokbikes.com\/es\/wp-json\/wp\/v2\/types\/page"}],"author":[{"embeddable":true,"href":"https:\/\/www.thokbikes.com\/es\/wp-json\/wp\/v2\/users\/1"}],"replies":[{"embeddable":true,"href":"https:\/\/www.thokbikes.com\/es\/wp-json\/wp\/v2\/comments?post=13641"}],"version-history":[{"count":3,"href":"https:\/\/www.thokbikes.com\/es\/wp-json\/wp\/v2\/pages\/13641\/revisions"}],"predecessor-version":[{"id":26430,"href":"https:\/\/www.thokbikes.com\/es\/wp-json\/wp\/v2\/pages\/13641\/revisions\/26430"}],"wp:featuredmedia":[{"embeddable":true,"href":"https:\/\/www.thokbikes.com\/es\/wp-json\/wp\/v2\/media\/12956"}],"wp:attachment":[{"href":"https:\/\/www.thokbikes.com\/es\/wp-json\/wp\/v2\/media?parent=13641"}],"curies":[{"name":"wp","href":"https:\/\/api.w.org\/{rel}","templated":true}]}}