{"id":14717,"date":"2023-11-13T11:44:16","date_gmt":"2023-11-13T10:44:16","guid":{"rendered":"https:\/\/www.thokbikes.com\/prodotto\/thok-d-perf-ls-grey\/"},"modified":"2025-12-12T10:01:06","modified_gmt":"2025-12-12T09:01:06","slug":"thok-d-perf-ls-grey","status":"publish","type":"product","link":"https:\/\/www.thokbikes.com\/es\/negozio\/ropa\/softgoods-es\/thok-d-perf-ls-grey\/","title":{"rendered":"THOK D-Perf LS Grey"},"content":{"rendered":"<div class=\"text\">\n<p>Dise\u00f1ado espec\u00edficamente para THOK por el m\u00edtico Aldo Drudi, el jersey de manga larga en tejido con estructura perforada regular de corte vivo, asegura una alta transpiraci\u00f3n y secado r\u00e1pido y es ideal para cualquier gesto atl\u00e9tico, desde el m\u00e1s intenso hasta el m\u00e1s aficionado.<\/p>\n<p><img decoding=\"async\" class=\"alignnone size-medium wp-image-14807\" src=\"https:\/\/www.thokbikes.com\/wp-content\/uploads\/2023\/11\/shop-taglie-abbigliamento-tecnico-300x74.png\" alt=\"\" width=\"300\" height=\"74\" srcset=\"https:\/\/www.thokbikes.com\/wp-content\/uploads\/2023\/11\/shop-taglie-abbigliamento-tecnico-300x74.png 300w, https:\/\/www.thokbikes.com\/wp-content\/uploads\/2023\/11\/shop-taglie-abbigliamento-tecnico-1024x251.png 1024w, https:\/\/www.thokbikes.com\/wp-content\/uploads\/2023\/11\/shop-taglie-abbigliamento-tecnico-768x188.png 768w, https:\/\/www.thokbikes.com\/wp-content\/uploads\/2023\/11\/shop-taglie-abbigliamento-tecnico-1536x377.png 1536w, https:\/\/www.thokbikes.com\/wp-content\/uploads\/2023\/11\/shop-taglie-abbigliamento-tecnico-2048x502.png 2048w, https:\/\/www.thokbikes.com\/wp-content\/uploads\/2023\/11\/shop-taglie-abbigliamento-tecnico-50x12.png 50w, https:\/\/www.thokbikes.com\/wp-content\/uploads\/2023\/11\/shop-taglie-abbigliamento-tecnico-600x147.png 600w\" sizes=\"(max-width: 300px) 100vw, 300px\" \/><\/p>\n<\/div>\n","protected":false},"excerpt":{"rendered":"<p>Dise\u00f1ado espec\u00edficamente para THOK por el m\u00edtico Aldo Drudi, el jersey de manga larga en tejido con estructura perforada regular de corte vivo, asegura una alta transpiraci\u00f3n y secado r\u00e1pido y es ideal para cualquier gesto atl\u00e9tico, desde el m\u00e1s intenso hasta el m\u00e1s aficionado.<\/p>\n","protected":false},"featured_media":13801,"comment_status":"closed","ping_status":"closed","template":"","meta":{"_acf_changed":false},"product_brand":[],"product_cat":[285,239],"product_tag":[],"class_list":{"0":"post-14717","1":"product","2":"type-product","3":"status-publish","4":"has-post-thumbnail","6":"product_cat-performance-es","7":"product_cat-softgoods-es","8":"pa_taglia-2x-es","9":"pa_taglia-l-es","10":"pa_taglia-s-es","11":"pa_taglia-xl-es","13":"first","14":"instock","15":"taxable","16":"shipping-taxable","17":"purchasable","18":"product-type-variable"},"acf":[],"yoast_head":"<!-- This site is optimized with the Yoast SEO plugin v27.3 - https:\/\/yoast.com\/product\/yoast-seo-wordpress\/ -->\n<title>THOK D-Perf LS Grey - Thok<\/title>\n<meta name=\"robots\" content=\"index, follow, max-snippet:-1, max-image-preview:large, max-video-preview:-1\" \/>\n<link rel=\"canonical\" href=\"https:\/\/www.thokbikes.com\/es\/negozio\/ropa\/softgoods-es\/thok-d-perf-ls-grey\/\" \/>\n<meta property=\"og:locale\" content=\"es_ES\" \/>\n<meta property=\"og:type\" content=\"article\" \/>\n<meta property=\"og:title\" content=\"THOK D-Perf LS Grey - Thok\" \/>\n<meta property=\"og:description\" content=\"Dise\u00f1ado espec\u00edficamente para THOK por el m\u00edtico Aldo Drudi, el jersey de manga larga en tejido con estructura perforada regular de corte vivo, asegura una alta transpiraci\u00f3n y secado r\u00e1pido y es ideal para cualquier gesto atl\u00e9tico, desde el m\u00e1s intenso hasta el m\u00e1s aficionado.\" \/>\n<meta property=\"og:url\" content=\"https:\/\/www.thokbikes.com\/es\/negozio\/ropa\/softgoods-es\/thok-d-perf-ls-grey\/\" \/>\n<meta property=\"og:site_name\" content=\"Thok\" \/>\n<meta property=\"article:publisher\" content=\"https:\/\/www.facebook.com\/thokebikes\" \/>\n<meta property=\"article:modified_time\" content=\"2025-12-12T09:01:06+00:00\" \/>\n<meta property=\"og:image\" content=\"https:\/\/www.thokbikes.com\/wp-content\/uploads\/2023\/11\/DSC01350-scaled.webp\" \/>\n\t<meta property=\"og:image:width\" content=\"2560\" \/>\n\t<meta property=\"og:image:height\" content=\"2560\" \/>\n\t<meta property=\"og:image:type\" content=\"image\/jpeg\" \/>\n<meta name=\"twitter:card\" content=\"summary_large_image\" \/>\n<meta name=\"twitter:label1\" content=\"Est. reading time\" \/>\n\t<meta name=\"twitter:data1\" content=\"1 minute\" \/>\n<script type=\"application\/ld+json\" class=\"yoast-schema-graph\">{\"@context\":\"https:\\\/\\\/schema.org\",\"@graph\":[{\"@type\":\"WebPage\",\"@id\":\"https:\\\/\\\/www.thokbikes.com\\\/es\\\/negozio\\\/ropa\\\/softgoods-es\\\/thok-d-perf-ls-grey\\\/\",\"url\":\"https:\\\/\\\/www.thokbikes.com\\\/es\\\/negozio\\\/ropa\\\/softgoods-es\\\/thok-d-perf-ls-grey\\\/\",\"name\":\"THOK D-Perf LS Grey - Thok\",\"isPartOf\":{\"@id\":\"https:\\\/\\\/www.thokbikes.com\\\/es\\\/#website\"},\"primaryImageOfPage\":{\"@id\":\"https:\\\/\\\/www.thokbikes.com\\\/es\\\/negozio\\\/ropa\\\/softgoods-es\\\/thok-d-perf-ls-grey\\\/#primaryimage\"},\"image\":{\"@id\":\"https:\\\/\\\/www.thokbikes.com\\\/es\\\/negozio\\\/ropa\\\/softgoods-es\\\/thok-d-perf-ls-grey\\\/#primaryimage\"},\"thumbnailUrl\":\"https:\\\/\\\/www.thokbikes.com\\\/wp-content\\\/uploads\\\/2023\\\/11\\\/DSC01350-scaled.webp\",\"datePublished\":\"2023-11-13T10:44:16+00:00\",\"dateModified\":\"2025-12-12T09:01:06+00:00\",\"breadcrumb\":{\"@id\":\"https:\\\/\\\/www.thokbikes.com\\\/es\\\/negozio\\\/ropa\\\/softgoods-es\\\/thok-d-perf-ls-grey\\\/#breadcrumb\"},\"inLanguage\":\"es-ES\",\"potentialAction\":[{\"@type\":\"ReadAction\",\"target\":[\"https:\\\/\\\/www.thokbikes.com\\\/es\\\/negozio\\\/ropa\\\/softgoods-es\\\/thok-d-perf-ls-grey\\\/\"]}]},{\"@type\":\"ImageObject\",\"inLanguage\":\"es-ES\",\"@id\":\"https:\\\/\\\/www.thokbikes.com\\\/es\\\/negozio\\\/ropa\\\/softgoods-es\\\/thok-d-perf-ls-grey\\\/#primaryimage\",\"url\":\"https:\\\/\\\/www.thokbikes.com\\\/wp-content\\\/uploads\\\/2023\\\/11\\\/DSC01350-scaled.webp\",\"contentUrl\":\"https:\\\/\\\/www.thokbikes.com\\\/wp-content\\\/uploads\\\/2023\\\/11\\\/DSC01350-scaled.webp\",\"width\":2560,\"height\":2560},{\"@type\":\"BreadcrumbList\",\"@id\":\"https:\\\/\\\/www.thokbikes.com\\\/es\\\/negozio\\\/ropa\\\/softgoods-es\\\/thok-d-perf-ls-grey\\\/#breadcrumb\",\"itemListElement\":[{\"@type\":\"ListItem\",\"position\":1,\"name\":\"Home\",\"item\":\"https:\\\/\\\/www.thokbikes.com\\\/es\\\/\"},{\"@type\":\"ListItem\",\"position\":2,\"name\":\"Shop\",\"item\":\"https:\\\/\\\/www.thokbikes.com\\\/negozio\\\/\"},{\"@type\":\"ListItem\",\"position\":3,\"name\":\"THOK D-Perf LS Grey\"}]},{\"@type\":\"WebSite\",\"@id\":\"https:\\\/\\\/www.thokbikes.com\\\/es\\\/#website\",\"url\":\"https:\\\/\\\/www.thokbikes.com\\\/es\\\/\",\"name\":\"Thok E-bikes\",\"description\":\"\",\"publisher\":{\"@id\":\"https:\\\/\\\/www.thokbikes.com\\\/es\\\/#organization\"},\"potentialAction\":[{\"@type\":\"SearchAction\",\"target\":{\"@type\":\"EntryPoint\",\"urlTemplate\":\"https:\\\/\\\/www.thokbikes.com\\\/es\\\/?s={search_term_string}\"},\"query-input\":{\"@type\":\"PropertyValueSpecification\",\"valueRequired\":true,\"valueName\":\"search_term_string\"}}],\"inLanguage\":\"es-ES\"},{\"@type\":\"Organization\",\"@id\":\"https:\\\/\\\/www.thokbikes.com\\\/es\\\/#organization\",\"name\":\"Thok E-bikes\",\"url\":\"https:\\\/\\\/www.thokbikes.com\\\/es\\\/\",\"logo\":{\"@type\":\"ImageObject\",\"inLanguage\":\"es-ES\",\"@id\":\"https:\\\/\\\/www.thokbikes.com\\\/es\\\/#\\\/schema\\\/logo\\\/image\\\/\",\"url\":\"https:\\\/\\\/www.thokbikes.com\\\/wp-content\\\/uploads\\\/2025\\\/11\\\/logo-thok-white.png\",\"contentUrl\":\"https:\\\/\\\/www.thokbikes.com\\\/wp-content\\\/uploads\\\/2025\\\/11\\\/logo-thok-white.png\",\"width\":1920,\"height\":281,\"caption\":\"Thok E-bikes\"},\"image\":{\"@id\":\"https:\\\/\\\/www.thokbikes.com\\\/es\\\/#\\\/schema\\\/logo\\\/image\\\/\"},\"sameAs\":[\"https:\\\/\\\/www.facebook.com\\\/thokebikes\",\"https:\\\/\\\/www.instagram.com\\\/thok_ebikes\\\/\",\"https:\\\/\\\/www.youtube.com\\\/channel\\\/UC-yfWNxPCJvVdRymE7tA8Ww\"]}]}<\/script>\n<!-- \/ Yoast SEO plugin. -->","yoast_head_json":{"title":"THOK D-Perf LS Grey - Thok","robots":{"index":"index","follow":"follow","max-snippet":"max-snippet:-1","max-image-preview":"max-image-preview:large","max-video-preview":"max-video-preview:-1"},"canonical":"https:\/\/www.thokbikes.com\/es\/negozio\/ropa\/softgoods-es\/thok-d-perf-ls-grey\/","og_locale":"es_ES","og_type":"article","og_title":"THOK D-Perf LS Grey - Thok","og_description":"Dise\u00f1ado espec\u00edficamente para THOK por el m\u00edtico Aldo Drudi, el jersey de manga larga en tejido con estructura perforada regular de corte vivo, asegura una alta transpiraci\u00f3n y secado r\u00e1pido y es ideal para cualquier gesto atl\u00e9tico, desde el m\u00e1s intenso hasta el m\u00e1s aficionado.","og_url":"https:\/\/www.thokbikes.com\/es\/negozio\/ropa\/softgoods-es\/thok-d-perf-ls-grey\/","og_site_name":"Thok","article_publisher":"https:\/\/www.facebook.com\/thokebikes","article_modified_time":"2025-12-12T09:01:06+00:00","og_image":[{"width":2560,"height":2560,"url":"https:\/\/www.thokbikes.com\/wp-content\/uploads\/2023\/11\/DSC01350-scaled.webp","type":"image\/jpeg"}],"twitter_card":"summary_large_image","twitter_misc":{"Est. reading time":"1 minute"},"schema":{"@context":"https:\/\/schema.org","@graph":[{"@type":"WebPage","@id":"https:\/\/www.thokbikes.com\/es\/negozio\/ropa\/softgoods-es\/thok-d-perf-ls-grey\/","url":"https:\/\/www.thokbikes.com\/es\/negozio\/ropa\/softgoods-es\/thok-d-perf-ls-grey\/","name":"THOK D-Perf LS Grey - Thok","isPartOf":{"@id":"https:\/\/www.thokbikes.com\/es\/#website"},"primaryImageOfPage":{"@id":"https:\/\/www.thokbikes.com\/es\/negozio\/ropa\/softgoods-es\/thok-d-perf-ls-grey\/#primaryimage"},"image":{"@id":"https:\/\/www.thokbikes.com\/es\/negozio\/ropa\/softgoods-es\/thok-d-perf-ls-grey\/#primaryimage"},"thumbnailUrl":"https:\/\/www.thokbikes.com\/wp-content\/uploads\/2023\/11\/DSC01350-scaled.webp","datePublished":"2023-11-13T10:44:16+00:00","dateModified":"2025-12-12T09:01:06+00:00","breadcrumb":{"@id":"https:\/\/www.thokbikes.com\/es\/negozio\/ropa\/softgoods-es\/thok-d-perf-ls-grey\/#breadcrumb"},"inLanguage":"es-ES","potentialAction":[{"@type":"ReadAction","target":["https:\/\/www.thokbikes.com\/es\/negozio\/ropa\/softgoods-es\/thok-d-perf-ls-grey\/"]}]},{"@type":"ImageObject","inLanguage":"es-ES","@id":"https:\/\/www.thokbikes.com\/es\/negozio\/ropa\/softgoods-es\/thok-d-perf-ls-grey\/#primaryimage","url":"https:\/\/www.thokbikes.com\/wp-content\/uploads\/2023\/11\/DSC01350-scaled.webp","contentUrl":"https:\/\/www.thokbikes.com\/wp-content\/uploads\/2023\/11\/DSC01350-scaled.webp","width":2560,"height":2560},{"@type":"BreadcrumbList","@id":"https:\/\/www.thokbikes.com\/es\/negozio\/ropa\/softgoods-es\/thok-d-perf-ls-grey\/#breadcrumb","itemListElement":[{"@type":"ListItem","position":1,"name":"Home","item":"https:\/\/www.thokbikes.com\/es\/"},{"@type":"ListItem","position":2,"name":"Shop","item":"https:\/\/www.thokbikes.com\/negozio\/"},{"@type":"ListItem","position":3,"name":"THOK D-Perf LS Grey"}]},{"@type":"WebSite","@id":"https:\/\/www.thokbikes.com\/es\/#website","url":"https:\/\/www.thokbikes.com\/es\/","name":"Thok E-bikes","description":"","publisher":{"@id":"https:\/\/www.thokbikes.com\/es\/#organization"},"potentialAction":[{"@type":"SearchAction","target":{"@type":"EntryPoint","urlTemplate":"https:\/\/www.thokbikes.com\/es\/?s={search_term_string}"},"query-input":{"@type":"PropertyValueSpecification","valueRequired":true,"valueName":"search_term_string"}}],"inLanguage":"es-ES"},{"@type":"Organization","@id":"https:\/\/www.thokbikes.com\/es\/#organization","name":"Thok E-bikes","url":"https:\/\/www.thokbikes.com\/es\/","logo":{"@type":"ImageObject","inLanguage":"es-ES","@id":"https:\/\/www.thokbikes.com\/es\/#\/schema\/logo\/image\/","url":"https:\/\/www.thokbikes.com\/wp-content\/uploads\/2025\/11\/logo-thok-white.png","contentUrl":"https:\/\/www.thokbikes.com\/wp-content\/uploads\/2025\/11\/logo-thok-white.png","width":1920,"height":281,"caption":"Thok E-bikes"},"image":{"@id":"https:\/\/www.thokbikes.com\/es\/#\/schema\/logo\/image\/"},"sameAs":["https:\/\/www.facebook.com\/thokebikes","https:\/\/www.instagram.com\/thok_ebikes\/","https:\/\/www.youtube.com\/channel\/UC-yfWNxPCJvVdRymE7tA8Ww"]}]}},"_links":{"self":[{"href":"https:\/\/www.thokbikes.com\/es\/wp-json\/wp\/v2\/product\/14717","targetHints":{"allow":["GET"]}}],"collection":[{"href":"https:\/\/www.thokbikes.com\/es\/wp-json\/wp\/v2\/product"}],"about":[{"href":"https:\/\/www.thokbikes.com\/es\/wp-json\/wp\/v2\/types\/product"}],"replies":[{"embeddable":true,"href":"https:\/\/www.thokbikes.com\/es\/wp-json\/wp\/v2\/comments?post=14717"}],"wp:featuredmedia":[{"embeddable":true,"href":"https:\/\/www.thokbikes.com\/es\/wp-json\/wp\/v2\/media\/13801"}],"wp:attachment":[{"href":"https:\/\/www.thokbikes.com\/es\/wp-json\/wp\/v2\/media?parent=14717"}],"wp:term":[{"taxonomy":"product_brand","embeddable":true,"href":"https:\/\/www.thokbikes.com\/es\/wp-json\/wp\/v2\/product_brand?post=14717"},{"taxonomy":"product_cat","embeddable":true,"href":"https:\/\/www.thokbikes.com\/es\/wp-json\/wp\/v2\/product_cat?post=14717"},{"taxonomy":"product_tag","embeddable":true,"href":"https:\/\/www.thokbikes.com\/es\/wp-json\/wp\/v2\/product_tag?post=14717"}],"curies":[{"name":"wp","href":"https:\/\/api.w.org\/{rel}","templated":true}]}}