{"id":18382,"date":"2023-11-13T11:44:02","date_gmt":"2023-11-13T10:44:02","guid":{"rendered":"https:\/\/www.thokbikes.com\/?post_type=product&#038;p=18382"},"modified":"2026-04-09T12:56:51","modified_gmt":"2026-04-09T10:56:51","slug":"funda-de-bateria-thok-mig-504wh-negra","status":"publish","type":"product","link":"https:\/\/www.thokbikes.com\/es\/negozio\/accessoires-et-composants\/batteries-es\/funda-de-bateria-thok-mig-504wh-negra\/","title":{"rendered":"FUNDA DE BATER\u00cdA THOK MIG 504Wh NEGRA"},"content":{"rendered":"<p>Funda para bater\u00eda de 504Wh en color negro.<\/p>\n<p>COMPATIBILIDAD CON TODOS LOS MODELOS THOK MIG CON BATER\u00cdA 504WH y sistema de cierre con banda el\u00e1stica.<\/p>\n<p><strong>BANDA EL\u00c1STICA NO SUMINISTRADA.<\/strong><\/p>\n","protected":false},"excerpt":{"rendered":"<p>Funda para bater\u00eda de 504Wh en color negro. COMPATIBILIDAD CON TODOS LOS MODELOS THOK MIG CON BATER\u00cdA 504WH y sistema de cierre con banda el\u00e1stica. BANDA EL\u00c1STICA NO SUMINISTRADA.<\/p>\n","protected":false},"featured_media":18404,"comment_status":"closed","ping_status":"closed","template":"","meta":{"_acf_changed":false},"product_brand":[],"product_cat":[126,178,156],"product_tag":[],"class_list":{"0":"post-18382","1":"product","2":"type-product","3":"status-publish","4":"has-post-thumbnail","6":"product_cat-accessoires-et-composants","7":"product_cat-all-mountain-es","8":"product_cat-batteries-es","10":"first","11":"instock","12":"taxable","13":"shipping-taxable","14":"purchasable","15":"product-type-simple"},"acf":[],"yoast_head":"<!-- This site is optimized with the Yoast SEO plugin v27.3 - https:\/\/yoast.com\/product\/yoast-seo-wordpress\/ -->\n<title>FUNDA DE BATER\u00cdA THOK MIG 504Wh NEGRA - Thok<\/title>\n<meta name=\"description\" content=\"Kit Funda para bater\u00eda 504Wh en color negro. COMPATIBILIDAD CON TODOS LOS MODELOS THOK MIG CON BATER\u00cdA 504WH y sistema de cierre con banda el\u00e1stica..\" \/>\n<meta name=\"robots\" content=\"index, follow, max-snippet:-1, max-image-preview:large, max-video-preview:-1\" \/>\n<link rel=\"canonical\" href=\"https:\/\/www.thokbikes.com\/es\/negozio\/accessoires-et-composants\/batteries-es\/funda-de-bateria-thok-mig-504wh-negra\/\" \/>\n<meta property=\"og:locale\" content=\"es_ES\" \/>\n<meta property=\"og:type\" content=\"article\" \/>\n<meta property=\"og:title\" content=\"FUNDA DE BATER\u00cdA THOK MIG 504Wh NEGRA - Thok\" \/>\n<meta property=\"og:description\" content=\"Kit Funda para bater\u00eda 504Wh en color negro. COMPATIBILIDAD CON TODOS LOS MODELOS THOK MIG CON BATER\u00cdA 504WH y sistema de cierre con banda el\u00e1stica..\" \/>\n<meta property=\"og:url\" content=\"https:\/\/www.thokbikes.com\/es\/negozio\/accessoires-et-composants\/batteries-es\/funda-de-bateria-thok-mig-504wh-negra\/\" \/>\n<meta property=\"og:site_name\" content=\"Thok\" \/>\n<meta property=\"article:publisher\" content=\"https:\/\/www.facebook.com\/thokebikes\" \/>\n<meta property=\"article:modified_time\" content=\"2026-04-09T10:56:51+00:00\" \/>\n<meta property=\"og:image\" content=\"https:\/\/www.thokbikes.com\/wp-content\/uploads\/2023\/11\/Shop-THOK-COVER-BLK-banda-elastica.jpg\" \/>\n\t<meta property=\"og:image:width\" content=\"1900\" \/>\n\t<meta property=\"og:image:height\" content=\"1900\" \/>\n\t<meta property=\"og:image:type\" content=\"image\/jpeg\" \/>\n<meta name=\"twitter:card\" content=\"summary_large_image\" \/>\n<meta name=\"twitter:label1\" content=\"Est. reading time\" \/>\n\t<meta name=\"twitter:data1\" content=\"1 minute\" \/>\n<script type=\"application\/ld+json\" class=\"yoast-schema-graph\">{\"@context\":\"https:\\\/\\\/schema.org\",\"@graph\":[{\"@type\":\"WebPage\",\"@id\":\"https:\\\/\\\/www.thokbikes.com\\\/es\\\/negozio\\\/accessoires-et-composants\\\/batteries-es\\\/funda-de-bateria-thok-mig-504wh-negra\\\/\",\"url\":\"https:\\\/\\\/www.thokbikes.com\\\/es\\\/negozio\\\/accessoires-et-composants\\\/batteries-es\\\/funda-de-bateria-thok-mig-504wh-negra\\\/\",\"name\":\"FUNDA DE BATER\u00cdA THOK MIG 504Wh NEGRA - Thok\",\"isPartOf\":{\"@id\":\"https:\\\/\\\/www.thokbikes.com\\\/es\\\/#website\"},\"primaryImageOfPage\":{\"@id\":\"https:\\\/\\\/www.thokbikes.com\\\/es\\\/negozio\\\/accessoires-et-composants\\\/batteries-es\\\/funda-de-bateria-thok-mig-504wh-negra\\\/#primaryimage\"},\"image\":{\"@id\":\"https:\\\/\\\/www.thokbikes.com\\\/es\\\/negozio\\\/accessoires-et-composants\\\/batteries-es\\\/funda-de-bateria-thok-mig-504wh-negra\\\/#primaryimage\"},\"thumbnailUrl\":\"https:\\\/\\\/www.thokbikes.com\\\/wp-content\\\/uploads\\\/2023\\\/11\\\/Shop-THOK-COVER-BLK-banda-elastica.jpg\",\"datePublished\":\"2023-11-13T10:44:02+00:00\",\"dateModified\":\"2026-04-09T10:56:51+00:00\",\"description\":\"Kit Funda para bater\u00eda 504Wh en color negro. COMPATIBILIDAD CON TODOS LOS MODELOS THOK MIG CON BATER\u00cdA 504WH y sistema de cierre con banda el\u00e1stica..\",\"breadcrumb\":{\"@id\":\"https:\\\/\\\/www.thokbikes.com\\\/es\\\/negozio\\\/accessoires-et-composants\\\/batteries-es\\\/funda-de-bateria-thok-mig-504wh-negra\\\/#breadcrumb\"},\"inLanguage\":\"es-ES\",\"potentialAction\":[{\"@type\":\"ReadAction\",\"target\":[\"https:\\\/\\\/www.thokbikes.com\\\/es\\\/negozio\\\/accessoires-et-composants\\\/batteries-es\\\/funda-de-bateria-thok-mig-504wh-negra\\\/\"]}]},{\"@type\":\"ImageObject\",\"inLanguage\":\"es-ES\",\"@id\":\"https:\\\/\\\/www.thokbikes.com\\\/es\\\/negozio\\\/accessoires-et-composants\\\/batteries-es\\\/funda-de-bateria-thok-mig-504wh-negra\\\/#primaryimage\",\"url\":\"https:\\\/\\\/www.thokbikes.com\\\/wp-content\\\/uploads\\\/2023\\\/11\\\/Shop-THOK-COVER-BLK-banda-elastica.jpg\",\"contentUrl\":\"https:\\\/\\\/www.thokbikes.com\\\/wp-content\\\/uploads\\\/2023\\\/11\\\/Shop-THOK-COVER-BLK-banda-elastica.jpg\",\"width\":1900,\"height\":1900},{\"@type\":\"BreadcrumbList\",\"@id\":\"https:\\\/\\\/www.thokbikes.com\\\/es\\\/negozio\\\/accessoires-et-composants\\\/batteries-es\\\/funda-de-bateria-thok-mig-504wh-negra\\\/#breadcrumb\",\"itemListElement\":[{\"@type\":\"ListItem\",\"position\":1,\"name\":\"Home\",\"item\":\"https:\\\/\\\/www.thokbikes.com\\\/es\\\/\"},{\"@type\":\"ListItem\",\"position\":2,\"name\":\"Shop\",\"item\":\"https:\\\/\\\/www.thokbikes.com\\\/negozio\\\/\"},{\"@type\":\"ListItem\",\"position\":3,\"name\":\"FUNDA DE BATER\u00cdA THOK MIG 504Wh NEGRA\"}]},{\"@type\":\"WebSite\",\"@id\":\"https:\\\/\\\/www.thokbikes.com\\\/es\\\/#website\",\"url\":\"https:\\\/\\\/www.thokbikes.com\\\/es\\\/\",\"name\":\"Thok E-bikes\",\"description\":\"\",\"publisher\":{\"@id\":\"https:\\\/\\\/www.thokbikes.com\\\/es\\\/#organization\"},\"potentialAction\":[{\"@type\":\"SearchAction\",\"target\":{\"@type\":\"EntryPoint\",\"urlTemplate\":\"https:\\\/\\\/www.thokbikes.com\\\/es\\\/?s={search_term_string}\"},\"query-input\":{\"@type\":\"PropertyValueSpecification\",\"valueRequired\":true,\"valueName\":\"search_term_string\"}}],\"inLanguage\":\"es-ES\"},{\"@type\":\"Organization\",\"@id\":\"https:\\\/\\\/www.thokbikes.com\\\/es\\\/#organization\",\"name\":\"Thok E-bikes\",\"url\":\"https:\\\/\\\/www.thokbikes.com\\\/es\\\/\",\"logo\":{\"@type\":\"ImageObject\",\"inLanguage\":\"es-ES\",\"@id\":\"https:\\\/\\\/www.thokbikes.com\\\/es\\\/#\\\/schema\\\/logo\\\/image\\\/\",\"url\":\"https:\\\/\\\/www.thokbikes.com\\\/wp-content\\\/uploads\\\/2025\\\/11\\\/logo-thok-white.png\",\"contentUrl\":\"https:\\\/\\\/www.thokbikes.com\\\/wp-content\\\/uploads\\\/2025\\\/11\\\/logo-thok-white.png\",\"width\":1920,\"height\":281,\"caption\":\"Thok E-bikes\"},\"image\":{\"@id\":\"https:\\\/\\\/www.thokbikes.com\\\/es\\\/#\\\/schema\\\/logo\\\/image\\\/\"},\"sameAs\":[\"https:\\\/\\\/www.facebook.com\\\/thokebikes\",\"https:\\\/\\\/www.instagram.com\\\/thok_ebikes\\\/\",\"https:\\\/\\\/www.youtube.com\\\/channel\\\/UC-yfWNxPCJvVdRymE7tA8Ww\"]}]}<\/script>\n<!-- \/ Yoast SEO plugin. -->","yoast_head_json":{"title":"FUNDA DE BATER\u00cdA THOK MIG 504Wh NEGRA - Thok","description":"Kit Funda para bater\u00eda 504Wh en color negro. COMPATIBILIDAD CON TODOS LOS MODELOS THOK MIG CON BATER\u00cdA 504WH y sistema de cierre con banda el\u00e1stica..","robots":{"index":"index","follow":"follow","max-snippet":"max-snippet:-1","max-image-preview":"max-image-preview:large","max-video-preview":"max-video-preview:-1"},"canonical":"https:\/\/www.thokbikes.com\/es\/negozio\/accessoires-et-composants\/batteries-es\/funda-de-bateria-thok-mig-504wh-negra\/","og_locale":"es_ES","og_type":"article","og_title":"FUNDA DE BATER\u00cdA THOK MIG 504Wh NEGRA - Thok","og_description":"Kit Funda para bater\u00eda 504Wh en color negro. COMPATIBILIDAD CON TODOS LOS MODELOS THOK MIG CON BATER\u00cdA 504WH y sistema de cierre con banda el\u00e1stica..","og_url":"https:\/\/www.thokbikes.com\/es\/negozio\/accessoires-et-composants\/batteries-es\/funda-de-bateria-thok-mig-504wh-negra\/","og_site_name":"Thok","article_publisher":"https:\/\/www.facebook.com\/thokebikes","article_modified_time":"2026-04-09T10:56:51+00:00","og_image":[{"width":1900,"height":1900,"url":"https:\/\/www.thokbikes.com\/wp-content\/uploads\/2023\/11\/Shop-THOK-COVER-BLK-banda-elastica.jpg","type":"image\/jpeg"}],"twitter_card":"summary_large_image","twitter_misc":{"Est. reading time":"1 minute"},"schema":{"@context":"https:\/\/schema.org","@graph":[{"@type":"WebPage","@id":"https:\/\/www.thokbikes.com\/es\/negozio\/accessoires-et-composants\/batteries-es\/funda-de-bateria-thok-mig-504wh-negra\/","url":"https:\/\/www.thokbikes.com\/es\/negozio\/accessoires-et-composants\/batteries-es\/funda-de-bateria-thok-mig-504wh-negra\/","name":"FUNDA DE BATER\u00cdA THOK MIG 504Wh NEGRA - Thok","isPartOf":{"@id":"https:\/\/www.thokbikes.com\/es\/#website"},"primaryImageOfPage":{"@id":"https:\/\/www.thokbikes.com\/es\/negozio\/accessoires-et-composants\/batteries-es\/funda-de-bateria-thok-mig-504wh-negra\/#primaryimage"},"image":{"@id":"https:\/\/www.thokbikes.com\/es\/negozio\/accessoires-et-composants\/batteries-es\/funda-de-bateria-thok-mig-504wh-negra\/#primaryimage"},"thumbnailUrl":"https:\/\/www.thokbikes.com\/wp-content\/uploads\/2023\/11\/Shop-THOK-COVER-BLK-banda-elastica.jpg","datePublished":"2023-11-13T10:44:02+00:00","dateModified":"2026-04-09T10:56:51+00:00","description":"Kit Funda para bater\u00eda 504Wh en color negro. COMPATIBILIDAD CON TODOS LOS MODELOS THOK MIG CON BATER\u00cdA 504WH y sistema de cierre con banda el\u00e1stica..","breadcrumb":{"@id":"https:\/\/www.thokbikes.com\/es\/negozio\/accessoires-et-composants\/batteries-es\/funda-de-bateria-thok-mig-504wh-negra\/#breadcrumb"},"inLanguage":"es-ES","potentialAction":[{"@type":"ReadAction","target":["https:\/\/www.thokbikes.com\/es\/negozio\/accessoires-et-composants\/batteries-es\/funda-de-bateria-thok-mig-504wh-negra\/"]}]},{"@type":"ImageObject","inLanguage":"es-ES","@id":"https:\/\/www.thokbikes.com\/es\/negozio\/accessoires-et-composants\/batteries-es\/funda-de-bateria-thok-mig-504wh-negra\/#primaryimage","url":"https:\/\/www.thokbikes.com\/wp-content\/uploads\/2023\/11\/Shop-THOK-COVER-BLK-banda-elastica.jpg","contentUrl":"https:\/\/www.thokbikes.com\/wp-content\/uploads\/2023\/11\/Shop-THOK-COVER-BLK-banda-elastica.jpg","width":1900,"height":1900},{"@type":"BreadcrumbList","@id":"https:\/\/www.thokbikes.com\/es\/negozio\/accessoires-et-composants\/batteries-es\/funda-de-bateria-thok-mig-504wh-negra\/#breadcrumb","itemListElement":[{"@type":"ListItem","position":1,"name":"Home","item":"https:\/\/www.thokbikes.com\/es\/"},{"@type":"ListItem","position":2,"name":"Shop","item":"https:\/\/www.thokbikes.com\/negozio\/"},{"@type":"ListItem","position":3,"name":"FUNDA DE BATER\u00cdA THOK MIG 504Wh NEGRA"}]},{"@type":"WebSite","@id":"https:\/\/www.thokbikes.com\/es\/#website","url":"https:\/\/www.thokbikes.com\/es\/","name":"Thok E-bikes","description":"","publisher":{"@id":"https:\/\/www.thokbikes.com\/es\/#organization"},"potentialAction":[{"@type":"SearchAction","target":{"@type":"EntryPoint","urlTemplate":"https:\/\/www.thokbikes.com\/es\/?s={search_term_string}"},"query-input":{"@type":"PropertyValueSpecification","valueRequired":true,"valueName":"search_term_string"}}],"inLanguage":"es-ES"},{"@type":"Organization","@id":"https:\/\/www.thokbikes.com\/es\/#organization","name":"Thok E-bikes","url":"https:\/\/www.thokbikes.com\/es\/","logo":{"@type":"ImageObject","inLanguage":"es-ES","@id":"https:\/\/www.thokbikes.com\/es\/#\/schema\/logo\/image\/","url":"https:\/\/www.thokbikes.com\/wp-content\/uploads\/2025\/11\/logo-thok-white.png","contentUrl":"https:\/\/www.thokbikes.com\/wp-content\/uploads\/2025\/11\/logo-thok-white.png","width":1920,"height":281,"caption":"Thok E-bikes"},"image":{"@id":"https:\/\/www.thokbikes.com\/es\/#\/schema\/logo\/image\/"},"sameAs":["https:\/\/www.facebook.com\/thokebikes","https:\/\/www.instagram.com\/thok_ebikes\/","https:\/\/www.youtube.com\/channel\/UC-yfWNxPCJvVdRymE7tA8Ww"]}]}},"_links":{"self":[{"href":"https:\/\/www.thokbikes.com\/es\/wp-json\/wp\/v2\/product\/18382","targetHints":{"allow":["GET"]}}],"collection":[{"href":"https:\/\/www.thokbikes.com\/es\/wp-json\/wp\/v2\/product"}],"about":[{"href":"https:\/\/www.thokbikes.com\/es\/wp-json\/wp\/v2\/types\/product"}],"replies":[{"embeddable":true,"href":"https:\/\/www.thokbikes.com\/es\/wp-json\/wp\/v2\/comments?post=18382"}],"wp:featuredmedia":[{"embeddable":true,"href":"https:\/\/www.thokbikes.com\/es\/wp-json\/wp\/v2\/media\/18404"}],"wp:attachment":[{"href":"https:\/\/www.thokbikes.com\/es\/wp-json\/wp\/v2\/media?parent=18382"}],"wp:term":[{"taxonomy":"product_brand","embeddable":true,"href":"https:\/\/www.thokbikes.com\/es\/wp-json\/wp\/v2\/product_brand?post=18382"},{"taxonomy":"product_cat","embeddable":true,"href":"https:\/\/www.thokbikes.com\/es\/wp-json\/wp\/v2\/product_cat?post=18382"},{"taxonomy":"product_tag","embeddable":true,"href":"https:\/\/www.thokbikes.com\/es\/wp-json\/wp\/v2\/product_tag?post=18382"}],"curies":[{"name":"wp","href":"https:\/\/api.w.org\/{rel}","templated":true}]}}