{"id":23308,"date":"2023-11-13T11:45:28","date_gmt":"2023-11-13T10:45:28","guid":{"rendered":"https:\/\/www.thokbikes.com\/?post_type=product&#038;p=23308"},"modified":"2024-12-19T15:34:36","modified_gmt":"2024-12-19T14:34:36","slug":"wtb-llanta-kom-tough-i35-27-5-32h-b","status":"publish","type":"product","link":"https:\/\/www.thokbikes.com\/es\/negozio\/accessoires-et-composants\/wheels-es\/wtb-llanta-kom-tough-i35-27-5-32h-b\/","title":{"rendered":"WTB LLANTA KOM TOUGH I35 27.5&#8221; 32H B"},"content":{"rendered":"<p>Las<strong> llantas KOM Tough<\/strong> est\u00e1n dise\u00f1adas para afrontar los desaf\u00edos m\u00e1s exigentes. Estas llantas est\u00e1n fabricadas con aleaci\u00f3n AL 6069 de alta calidad, garantizando una m\u00e1xima durabilidad con un peso razonable.<\/p>\n<p>Con las llantas KOM Tough, tendr\u00e1s la seguridad y el rendimiento necesarios para afrontar cualquier sendero con determinaci\u00f3n y estilo.<\/p>\n<p>&nbsp;<\/p>\n<p><strong>Estructura reforzada:<\/strong> La legendaria estructura de vigas de WTB ha sido evolucionada para ofrecer mayor resistencia y rigidez, gracias a las doble vigas de soporte, ideales para los ciclistas m\u00e1s agresivos.<\/p>\n<p><strong>Probadas para enduro:<\/strong> Estas llantas han sido puestas a prueba en los senderos m\u00e1s dif\u00edciles de las Enduro World Series.<\/p>\n<p><strong>Versatilidad de uso:<\/strong> Adecuadas para Trail, Enduro y Gravity.<\/p>\n<p><strong>Especificaciones t\u00e9cnicas:<\/strong><\/p>\n<ul>\n<li>Material: Aluminio<\/li>\n<li>Tama\u00f1o de la llanta: 27,5&#8221;<\/li>\n<li>Perfil de la llanta: Sim\u00e9trico<\/li>\n<li>Ancho interno de la llanta: 35 mm<\/li>\n<li>Huecos para radios: 32<\/li>\n<li>Compatibilidad de freno: Freno de disco<\/li>\n<li>Color: Negro<\/li>\n<li>Ancho de neum\u00e1tico recomendado: 55 &#8211; 72 mm<\/li>\n<li>Peso de la llanta: 594 g<\/li>\n<\/ul>\n","protected":false},"excerpt":{"rendered":"<p>Las llantas KOM Tough est\u00e1n dise\u00f1adas para afrontar los desaf\u00edos m\u00e1s exigentes. Estas llantas est\u00e1n fabricadas con aleaci\u00f3n AL 6069 de alta calidad, garantizando una m\u00e1xima durabilidad con un peso razonable. Con las llantas KOM Tough, tendr\u00e1s la seguridad y el rendimiento necesarios para afrontar cualquier sendero con determinaci\u00f3n y estilo. &nbsp; Estructura reforzada: La [&hellip;]<\/p>\n","protected":false},"featured_media":23261,"comment_status":"closed","ping_status":"closed","template":"","meta":{"_acf_changed":false},"product_brand":[],"product_cat":[126,178,131,186,136],"product_tag":[],"class_list":{"0":"post-23308","1":"product","2":"type-product","3":"status-publish","4":"has-post-thumbnail","6":"product_cat-accessoires-et-composants","7":"product_cat-all-mountain-es","8":"product_cat-enduro-es","9":"product_cat-hardtail-es","10":"product_cat-wheels-es","12":"first","13":"instock","14":"taxable","15":"shipping-taxable","16":"purchasable","17":"product-type-simple"},"acf":[],"yoast_head":"<!-- This site is optimized with the Yoast SEO plugin v27.3 - https:\/\/yoast.com\/product\/yoast-seo-wordpress\/ -->\n<title>WTB LLANTA KOM TOUGH I35 27.5&#039;&#039; 32H B - Thok<\/title>\n<meta name=\"description\" content=\"Las llantas KOM Tough est\u00e1n dise\u00f1adas para afrontar los desaf\u00edos m\u00e1s exigentes. Estas llantas est\u00e1n fabricadas con aleaci\u00f3n AL 6069 de alta calidad, garantizando una m\u00e1xima durabilidad con un peso razonable.\" \/>\n<meta name=\"robots\" content=\"index, follow, max-snippet:-1, max-image-preview:large, max-video-preview:-1\" \/>\n<link rel=\"canonical\" href=\"https:\/\/www.thokbikes.com\/es\/negozio\/accessoires-et-composants\/wheels-es\/wtb-llanta-kom-tough-i35-27-5-32h-b\/\" \/>\n<meta property=\"og:locale\" content=\"es_ES\" \/>\n<meta property=\"og:type\" content=\"article\" \/>\n<meta property=\"og:title\" content=\"WTB LLANTA KOM TOUGH I35 27.5&#039;&#039; 32H B - Thok\" \/>\n<meta property=\"og:description\" content=\"Las llantas KOM Tough est\u00e1n dise\u00f1adas para afrontar los desaf\u00edos m\u00e1s exigentes. Estas llantas est\u00e1n fabricadas con aleaci\u00f3n AL 6069 de alta calidad, garantizando una m\u00e1xima durabilidad con un peso razonable.\" \/>\n<meta property=\"og:url\" content=\"https:\/\/www.thokbikes.com\/es\/negozio\/accessoires-et-composants\/wheels-es\/wtb-llanta-kom-tough-i35-27-5-32h-b\/\" \/>\n<meta property=\"og:site_name\" content=\"Thok\" \/>\n<meta property=\"article:publisher\" content=\"https:\/\/www.facebook.com\/thokebikes\" \/>\n<meta property=\"article:modified_time\" content=\"2024-12-19T14:34:36+00:00\" \/>\n<meta property=\"og:image\" content=\"https:\/\/www.thokbikes.com\/wp-content\/uploads\/2024\/12\/Shop-CERCHIO-WTB-1.jpg\" \/>\n\t<meta property=\"og:image:width\" content=\"1900\" \/>\n\t<meta property=\"og:image:height\" content=\"1900\" \/>\n\t<meta property=\"og:image:type\" content=\"image\/jpeg\" \/>\n<meta name=\"twitter:card\" content=\"summary_large_image\" \/>\n<meta name=\"twitter:label1\" content=\"Est. reading time\" \/>\n\t<meta name=\"twitter:data1\" content=\"2 minutes\" \/>\n<script type=\"application\/ld+json\" class=\"yoast-schema-graph\">{\"@context\":\"https:\\\/\\\/schema.org\",\"@graph\":[{\"@type\":\"WebPage\",\"@id\":\"https:\\\/\\\/www.thokbikes.com\\\/es\\\/negozio\\\/accessoires-et-composants\\\/wheels-es\\\/wtb-llanta-kom-tough-i35-27-5-32h-b\\\/\",\"url\":\"https:\\\/\\\/www.thokbikes.com\\\/es\\\/negozio\\\/accessoires-et-composants\\\/wheels-es\\\/wtb-llanta-kom-tough-i35-27-5-32h-b\\\/\",\"name\":\"WTB LLANTA KOM TOUGH I35 27.5'' 32H B - Thok\",\"isPartOf\":{\"@id\":\"https:\\\/\\\/www.thokbikes.com\\\/es\\\/#website\"},\"primaryImageOfPage\":{\"@id\":\"https:\\\/\\\/www.thokbikes.com\\\/es\\\/negozio\\\/accessoires-et-composants\\\/wheels-es\\\/wtb-llanta-kom-tough-i35-27-5-32h-b\\\/#primaryimage\"},\"image\":{\"@id\":\"https:\\\/\\\/www.thokbikes.com\\\/es\\\/negozio\\\/accessoires-et-composants\\\/wheels-es\\\/wtb-llanta-kom-tough-i35-27-5-32h-b\\\/#primaryimage\"},\"thumbnailUrl\":\"https:\\\/\\\/www.thokbikes.com\\\/wp-content\\\/uploads\\\/2024\\\/12\\\/Shop-CERCHIO-WTB-1.jpg\",\"datePublished\":\"2023-11-13T10:45:28+00:00\",\"dateModified\":\"2024-12-19T14:34:36+00:00\",\"description\":\"Las llantas KOM Tough est\u00e1n dise\u00f1adas para afrontar los desaf\u00edos m\u00e1s exigentes. Estas llantas est\u00e1n fabricadas con aleaci\u00f3n AL 6069 de alta calidad, garantizando una m\u00e1xima durabilidad con un peso razonable.\",\"breadcrumb\":{\"@id\":\"https:\\\/\\\/www.thokbikes.com\\\/es\\\/negozio\\\/accessoires-et-composants\\\/wheels-es\\\/wtb-llanta-kom-tough-i35-27-5-32h-b\\\/#breadcrumb\"},\"inLanguage\":\"es-ES\",\"potentialAction\":[{\"@type\":\"ReadAction\",\"target\":[\"https:\\\/\\\/www.thokbikes.com\\\/es\\\/negozio\\\/accessoires-et-composants\\\/wheels-es\\\/wtb-llanta-kom-tough-i35-27-5-32h-b\\\/\"]}]},{\"@type\":\"ImageObject\",\"inLanguage\":\"es-ES\",\"@id\":\"https:\\\/\\\/www.thokbikes.com\\\/es\\\/negozio\\\/accessoires-et-composants\\\/wheels-es\\\/wtb-llanta-kom-tough-i35-27-5-32h-b\\\/#primaryimage\",\"url\":\"https:\\\/\\\/www.thokbikes.com\\\/wp-content\\\/uploads\\\/2024\\\/12\\\/Shop-CERCHIO-WTB-1.jpg\",\"contentUrl\":\"https:\\\/\\\/www.thokbikes.com\\\/wp-content\\\/uploads\\\/2024\\\/12\\\/Shop-CERCHIO-WTB-1.jpg\",\"width\":1900,\"height\":1900},{\"@type\":\"BreadcrumbList\",\"@id\":\"https:\\\/\\\/www.thokbikes.com\\\/es\\\/negozio\\\/accessoires-et-composants\\\/wheels-es\\\/wtb-llanta-kom-tough-i35-27-5-32h-b\\\/#breadcrumb\",\"itemListElement\":[{\"@type\":\"ListItem\",\"position\":1,\"name\":\"Home\",\"item\":\"https:\\\/\\\/www.thokbikes.com\\\/es\\\/\"},{\"@type\":\"ListItem\",\"position\":2,\"name\":\"Shop\",\"item\":\"https:\\\/\\\/www.thokbikes.com\\\/negozio\\\/\"},{\"@type\":\"ListItem\",\"position\":3,\"name\":\"WTB LLANTA KOM TOUGH I35 27.5&#8221; 32H B\"}]},{\"@type\":\"WebSite\",\"@id\":\"https:\\\/\\\/www.thokbikes.com\\\/es\\\/#website\",\"url\":\"https:\\\/\\\/www.thokbikes.com\\\/es\\\/\",\"name\":\"Thok E-bikes\",\"description\":\"\",\"publisher\":{\"@id\":\"https:\\\/\\\/www.thokbikes.com\\\/es\\\/#organization\"},\"potentialAction\":[{\"@type\":\"SearchAction\",\"target\":{\"@type\":\"EntryPoint\",\"urlTemplate\":\"https:\\\/\\\/www.thokbikes.com\\\/es\\\/?s={search_term_string}\"},\"query-input\":{\"@type\":\"PropertyValueSpecification\",\"valueRequired\":true,\"valueName\":\"search_term_string\"}}],\"inLanguage\":\"es-ES\"},{\"@type\":\"Organization\",\"@id\":\"https:\\\/\\\/www.thokbikes.com\\\/es\\\/#organization\",\"name\":\"Thok E-bikes\",\"url\":\"https:\\\/\\\/www.thokbikes.com\\\/es\\\/\",\"logo\":{\"@type\":\"ImageObject\",\"inLanguage\":\"es-ES\",\"@id\":\"https:\\\/\\\/www.thokbikes.com\\\/es\\\/#\\\/schema\\\/logo\\\/image\\\/\",\"url\":\"https:\\\/\\\/www.thokbikes.com\\\/wp-content\\\/uploads\\\/2025\\\/11\\\/logo-thok-white.png\",\"contentUrl\":\"https:\\\/\\\/www.thokbikes.com\\\/wp-content\\\/uploads\\\/2025\\\/11\\\/logo-thok-white.png\",\"width\":1920,\"height\":281,\"caption\":\"Thok E-bikes\"},\"image\":{\"@id\":\"https:\\\/\\\/www.thokbikes.com\\\/es\\\/#\\\/schema\\\/logo\\\/image\\\/\"},\"sameAs\":[\"https:\\\/\\\/www.facebook.com\\\/thokebikes\",\"https:\\\/\\\/www.instagram.com\\\/thok_ebikes\\\/\",\"https:\\\/\\\/www.youtube.com\\\/channel\\\/UC-yfWNxPCJvVdRymE7tA8Ww\"]}]}<\/script>\n<!-- \/ Yoast SEO plugin. -->","yoast_head_json":{"title":"WTB LLANTA KOM TOUGH I35 27.5'' 32H B - Thok","description":"Las llantas KOM Tough est\u00e1n dise\u00f1adas para afrontar los desaf\u00edos m\u00e1s exigentes. Estas llantas est\u00e1n fabricadas con aleaci\u00f3n AL 6069 de alta calidad, garantizando una m\u00e1xima durabilidad con un peso razonable.","robots":{"index":"index","follow":"follow","max-snippet":"max-snippet:-1","max-image-preview":"max-image-preview:large","max-video-preview":"max-video-preview:-1"},"canonical":"https:\/\/www.thokbikes.com\/es\/negozio\/accessoires-et-composants\/wheels-es\/wtb-llanta-kom-tough-i35-27-5-32h-b\/","og_locale":"es_ES","og_type":"article","og_title":"WTB LLANTA KOM TOUGH I35 27.5'' 32H B - Thok","og_description":"Las llantas KOM Tough est\u00e1n dise\u00f1adas para afrontar los desaf\u00edos m\u00e1s exigentes. Estas llantas est\u00e1n fabricadas con aleaci\u00f3n AL 6069 de alta calidad, garantizando una m\u00e1xima durabilidad con un peso razonable.","og_url":"https:\/\/www.thokbikes.com\/es\/negozio\/accessoires-et-composants\/wheels-es\/wtb-llanta-kom-tough-i35-27-5-32h-b\/","og_site_name":"Thok","article_publisher":"https:\/\/www.facebook.com\/thokebikes","article_modified_time":"2024-12-19T14:34:36+00:00","og_image":[{"width":1900,"height":1900,"url":"https:\/\/www.thokbikes.com\/wp-content\/uploads\/2024\/12\/Shop-CERCHIO-WTB-1.jpg","type":"image\/jpeg"}],"twitter_card":"summary_large_image","twitter_misc":{"Est. reading time":"2 minutes"},"schema":{"@context":"https:\/\/schema.org","@graph":[{"@type":"WebPage","@id":"https:\/\/www.thokbikes.com\/es\/negozio\/accessoires-et-composants\/wheels-es\/wtb-llanta-kom-tough-i35-27-5-32h-b\/","url":"https:\/\/www.thokbikes.com\/es\/negozio\/accessoires-et-composants\/wheels-es\/wtb-llanta-kom-tough-i35-27-5-32h-b\/","name":"WTB LLANTA KOM TOUGH I35 27.5'' 32H B - Thok","isPartOf":{"@id":"https:\/\/www.thokbikes.com\/es\/#website"},"primaryImageOfPage":{"@id":"https:\/\/www.thokbikes.com\/es\/negozio\/accessoires-et-composants\/wheels-es\/wtb-llanta-kom-tough-i35-27-5-32h-b\/#primaryimage"},"image":{"@id":"https:\/\/www.thokbikes.com\/es\/negozio\/accessoires-et-composants\/wheels-es\/wtb-llanta-kom-tough-i35-27-5-32h-b\/#primaryimage"},"thumbnailUrl":"https:\/\/www.thokbikes.com\/wp-content\/uploads\/2024\/12\/Shop-CERCHIO-WTB-1.jpg","datePublished":"2023-11-13T10:45:28+00:00","dateModified":"2024-12-19T14:34:36+00:00","description":"Las llantas KOM Tough est\u00e1n dise\u00f1adas para afrontar los desaf\u00edos m\u00e1s exigentes. Estas llantas est\u00e1n fabricadas con aleaci\u00f3n AL 6069 de alta calidad, garantizando una m\u00e1xima durabilidad con un peso razonable.","breadcrumb":{"@id":"https:\/\/www.thokbikes.com\/es\/negozio\/accessoires-et-composants\/wheels-es\/wtb-llanta-kom-tough-i35-27-5-32h-b\/#breadcrumb"},"inLanguage":"es-ES","potentialAction":[{"@type":"ReadAction","target":["https:\/\/www.thokbikes.com\/es\/negozio\/accessoires-et-composants\/wheels-es\/wtb-llanta-kom-tough-i35-27-5-32h-b\/"]}]},{"@type":"ImageObject","inLanguage":"es-ES","@id":"https:\/\/www.thokbikes.com\/es\/negozio\/accessoires-et-composants\/wheels-es\/wtb-llanta-kom-tough-i35-27-5-32h-b\/#primaryimage","url":"https:\/\/www.thokbikes.com\/wp-content\/uploads\/2024\/12\/Shop-CERCHIO-WTB-1.jpg","contentUrl":"https:\/\/www.thokbikes.com\/wp-content\/uploads\/2024\/12\/Shop-CERCHIO-WTB-1.jpg","width":1900,"height":1900},{"@type":"BreadcrumbList","@id":"https:\/\/www.thokbikes.com\/es\/negozio\/accessoires-et-composants\/wheels-es\/wtb-llanta-kom-tough-i35-27-5-32h-b\/#breadcrumb","itemListElement":[{"@type":"ListItem","position":1,"name":"Home","item":"https:\/\/www.thokbikes.com\/es\/"},{"@type":"ListItem","position":2,"name":"Shop","item":"https:\/\/www.thokbikes.com\/negozio\/"},{"@type":"ListItem","position":3,"name":"WTB LLANTA KOM TOUGH I35 27.5&#8221; 32H B"}]},{"@type":"WebSite","@id":"https:\/\/www.thokbikes.com\/es\/#website","url":"https:\/\/www.thokbikes.com\/es\/","name":"Thok E-bikes","description":"","publisher":{"@id":"https:\/\/www.thokbikes.com\/es\/#organization"},"potentialAction":[{"@type":"SearchAction","target":{"@type":"EntryPoint","urlTemplate":"https:\/\/www.thokbikes.com\/es\/?s={search_term_string}"},"query-input":{"@type":"PropertyValueSpecification","valueRequired":true,"valueName":"search_term_string"}}],"inLanguage":"es-ES"},{"@type":"Organization","@id":"https:\/\/www.thokbikes.com\/es\/#organization","name":"Thok E-bikes","url":"https:\/\/www.thokbikes.com\/es\/","logo":{"@type":"ImageObject","inLanguage":"es-ES","@id":"https:\/\/www.thokbikes.com\/es\/#\/schema\/logo\/image\/","url":"https:\/\/www.thokbikes.com\/wp-content\/uploads\/2025\/11\/logo-thok-white.png","contentUrl":"https:\/\/www.thokbikes.com\/wp-content\/uploads\/2025\/11\/logo-thok-white.png","width":1920,"height":281,"caption":"Thok E-bikes"},"image":{"@id":"https:\/\/www.thokbikes.com\/es\/#\/schema\/logo\/image\/"},"sameAs":["https:\/\/www.facebook.com\/thokebikes","https:\/\/www.instagram.com\/thok_ebikes\/","https:\/\/www.youtube.com\/channel\/UC-yfWNxPCJvVdRymE7tA8Ww"]}]}},"_links":{"self":[{"href":"https:\/\/www.thokbikes.com\/es\/wp-json\/wp\/v2\/product\/23308","targetHints":{"allow":["GET"]}}],"collection":[{"href":"https:\/\/www.thokbikes.com\/es\/wp-json\/wp\/v2\/product"}],"about":[{"href":"https:\/\/www.thokbikes.com\/es\/wp-json\/wp\/v2\/types\/product"}],"replies":[{"embeddable":true,"href":"https:\/\/www.thokbikes.com\/es\/wp-json\/wp\/v2\/comments?post=23308"}],"wp:featuredmedia":[{"embeddable":true,"href":"https:\/\/www.thokbikes.com\/es\/wp-json\/wp\/v2\/media\/23261"}],"wp:attachment":[{"href":"https:\/\/www.thokbikes.com\/es\/wp-json\/wp\/v2\/media?parent=23308"}],"wp:term":[{"taxonomy":"product_brand","embeddable":true,"href":"https:\/\/www.thokbikes.com\/es\/wp-json\/wp\/v2\/product_brand?post=23308"},{"taxonomy":"product_cat","embeddable":true,"href":"https:\/\/www.thokbikes.com\/es\/wp-json\/wp\/v2\/product_cat?post=23308"},{"taxonomy":"product_tag","embeddable":true,"href":"https:\/\/www.thokbikes.com\/es\/wp-json\/wp\/v2\/product_tag?post=23308"}],"curies":[{"name":"wp","href":"https:\/\/api.w.org\/{rel}","templated":true}]}}