{"id":23332,"date":"2023-11-13T11:42:59","date_gmt":"2023-11-13T10:42:59","guid":{"rendered":"https:\/\/www.thokbikes.com\/?post_type=product&#038;p=23332"},"modified":"2024-12-20T10:48:03","modified_gmt":"2024-12-20T09:48:03","slug":"shimano-adattatore-203mm","status":"publish","type":"product","link":"https:\/\/www.thokbikes.com\/es\/negozio\/accessoires-et-composants\/brakes-es\/shimano-adattatore-203mm\/","title":{"rendered":"SHIMANO ADAPTADOR DE FRENO 203mm"},"content":{"rendered":"<p>Adaptador de 23 mm para montar el freno de disco delantero o trasero de 203 mm.<\/p>\n<p>Caract\u00e9risticas:<\/p>\n<ul>\n<li>Adaptador con fijaci\u00f3n directa<\/li>\n<li>Posici\u00f3n: Delantera o Trasera<\/li>\n<li>Compatibilidad de montaje: Post Mount \/ Post Mount<\/li>\n<li>C\u00f3digo: ESMMAF203PPM<\/li>\n<\/ul>\n","protected":false},"excerpt":{"rendered":"<p>Adaptador de 23 mm para montar el freno de disco delantero o trasero de 203 mm. Caract\u00e9risticas: Adaptador con fijaci\u00f3n directa Posici\u00f3n: Delantera o Trasera Compatibilidad de montaje: Post Mount \/ Post Mount C\u00f3digo: ESMMAF203PPM<\/p>\n","protected":false},"featured_media":23225,"comment_status":"closed","ping_status":"closed","template":"","meta":{"_acf_changed":false},"product_brand":[],"product_cat":[126,148,178,131,186],"product_tag":[],"class_list":{"0":"post-23332","1":"product","2":"type-product","3":"status-publish","4":"has-post-thumbnail","6":"product_cat-accessoires-et-composants","7":"product_cat-brakes-es","8":"product_cat-all-mountain-es","9":"product_cat-enduro-es","10":"product_cat-hardtail-es","12":"first","13":"instock","14":"taxable","15":"shipping-taxable","16":"purchasable","17":"product-type-simple"},"acf":[],"yoast_head":"<!-- This site is optimized with the Yoast SEO plugin v27.1.1 - https:\/\/yoast.com\/product\/yoast-seo-wordpress\/ -->\n<title>SHIMANO ADAPTADOR DE FRENO 203mm - Thok<\/title>\n<meta name=\"description\" content=\"Adaptador de 23 mm para montar el freno de disco delantero o trasero de 203 mm.\" \/>\n<meta name=\"robots\" content=\"index, follow, max-snippet:-1, max-image-preview:large, max-video-preview:-1\" \/>\n<link rel=\"canonical\" href=\"https:\/\/www.thokbikes.com\/es\/negozio\/accessoires-et-composants\/brakes-es\/shimano-adattatore-203mm\/\" \/>\n<meta property=\"og:locale\" content=\"es_ES\" \/>\n<meta property=\"og:type\" content=\"article\" \/>\n<meta property=\"og:title\" content=\"SHIMANO ADAPTADOR DE FRENO 203mm - Thok\" \/>\n<meta property=\"og:description\" content=\"Adaptador de 23 mm para montar el freno de disco delantero o trasero de 203 mm.\" \/>\n<meta property=\"og:url\" content=\"https:\/\/www.thokbikes.com\/es\/negozio\/accessoires-et-composants\/brakes-es\/shimano-adattatore-203mm\/\" \/>\n<meta property=\"og:site_name\" content=\"Thok\" \/>\n<meta property=\"article:publisher\" content=\"https:\/\/www.facebook.com\/thokebikes\" \/>\n<meta property=\"article:modified_time\" content=\"2024-12-20T09:48:03+00:00\" \/>\n<meta property=\"og:image\" content=\"https:\/\/www.thokbikes.com\/wp-content\/uploads\/2024\/12\/Shop-SHIMANO-ADAPTOR-PPM.jpg\" \/>\n\t<meta property=\"og:image:width\" content=\"1900\" \/>\n\t<meta property=\"og:image:height\" content=\"1900\" \/>\n\t<meta property=\"og:image:type\" content=\"image\/jpeg\" \/>\n<meta name=\"twitter:card\" content=\"summary_large_image\" \/>\n<meta name=\"twitter:label1\" content=\"Est. reading time\" \/>\n\t<meta name=\"twitter:data1\" content=\"1 minute\" \/>\n<script type=\"application\/ld+json\" class=\"yoast-schema-graph\">{\"@context\":\"https:\/\/schema.org\",\"@graph\":[{\"@type\":\"WebPage\",\"@id\":\"https:\/\/www.thokbikes.com\/es\/negozio\/accessoires-et-composants\/brakes-es\/shimano-adattatore-203mm\/\",\"url\":\"https:\/\/www.thokbikes.com\/es\/negozio\/accessoires-et-composants\/brakes-es\/shimano-adattatore-203mm\/\",\"name\":\"SHIMANO ADAPTADOR DE FRENO 203mm - Thok\",\"isPartOf\":{\"@id\":\"https:\/\/www.thokbikes.com\/es\/#website\"},\"primaryImageOfPage\":{\"@id\":\"https:\/\/www.thokbikes.com\/es\/negozio\/accessoires-et-composants\/brakes-es\/shimano-adattatore-203mm\/#primaryimage\"},\"image\":{\"@id\":\"https:\/\/www.thokbikes.com\/es\/negozio\/accessoires-et-composants\/brakes-es\/shimano-adattatore-203mm\/#primaryimage\"},\"thumbnailUrl\":\"https:\/\/www.thokbikes.com\/wp-content\/uploads\/2024\/12\/Shop-SHIMANO-ADAPTOR-PPM.jpg\",\"datePublished\":\"2023-11-13T10:42:59+00:00\",\"dateModified\":\"2024-12-20T09:48:03+00:00\",\"description\":\"Adaptador de 23 mm para montar el freno de disco delantero o trasero de 203 mm.\",\"breadcrumb\":{\"@id\":\"https:\/\/www.thokbikes.com\/es\/negozio\/accessoires-et-composants\/brakes-es\/shimano-adattatore-203mm\/#breadcrumb\"},\"inLanguage\":\"es-ES\",\"potentialAction\":[{\"@type\":\"ReadAction\",\"target\":[\"https:\/\/www.thokbikes.com\/es\/negozio\/accessoires-et-composants\/brakes-es\/shimano-adattatore-203mm\/\"]}]},{\"@type\":\"ImageObject\",\"inLanguage\":\"es-ES\",\"@id\":\"https:\/\/www.thokbikes.com\/es\/negozio\/accessoires-et-composants\/brakes-es\/shimano-adattatore-203mm\/#primaryimage\",\"url\":\"https:\/\/www.thokbikes.com\/wp-content\/uploads\/2024\/12\/Shop-SHIMANO-ADAPTOR-PPM.jpg\",\"contentUrl\":\"https:\/\/www.thokbikes.com\/wp-content\/uploads\/2024\/12\/Shop-SHIMANO-ADAPTOR-PPM.jpg\",\"width\":1900,\"height\":1900},{\"@type\":\"BreadcrumbList\",\"@id\":\"https:\/\/www.thokbikes.com\/es\/negozio\/accessoires-et-composants\/brakes-es\/shimano-adattatore-203mm\/#breadcrumb\",\"itemListElement\":[{\"@type\":\"ListItem\",\"position\":1,\"name\":\"Home\",\"item\":\"https:\/\/www.thokbikes.com\/es\/\"},{\"@type\":\"ListItem\",\"position\":2,\"name\":\"Shop\",\"item\":\"https:\/\/www.thokbikes.com\/negozio\/\"},{\"@type\":\"ListItem\",\"position\":3,\"name\":\"SHIMANO ADAPTADOR DE FRENO 203mm\"}]},{\"@type\":\"WebSite\",\"@id\":\"https:\/\/www.thokbikes.com\/es\/#website\",\"url\":\"https:\/\/www.thokbikes.com\/es\/\",\"name\":\"Thok E-bikes\",\"description\":\"\",\"publisher\":{\"@id\":\"https:\/\/www.thokbikes.com\/es\/#organization\"},\"potentialAction\":[{\"@type\":\"SearchAction\",\"target\":{\"@type\":\"EntryPoint\",\"urlTemplate\":\"https:\/\/www.thokbikes.com\/es\/?s={search_term_string}\"},\"query-input\":{\"@type\":\"PropertyValueSpecification\",\"valueRequired\":true,\"valueName\":\"search_term_string\"}}],\"inLanguage\":\"es-ES\"},{\"@type\":\"Organization\",\"@id\":\"https:\/\/www.thokbikes.com\/es\/#organization\",\"name\":\"Thok E-bikes\",\"url\":\"https:\/\/www.thokbikes.com\/es\/\",\"logo\":{\"@type\":\"ImageObject\",\"inLanguage\":\"es-ES\",\"@id\":\"https:\/\/www.thokbikes.com\/es\/#\/schema\/logo\/image\/\",\"url\":\"https:\/\/www.thokbikes.com\/wp-content\/uploads\/2025\/11\/logo-thok-white.png\",\"contentUrl\":\"https:\/\/www.thokbikes.com\/wp-content\/uploads\/2025\/11\/logo-thok-white.png\",\"width\":1920,\"height\":281,\"caption\":\"Thok E-bikes\"},\"image\":{\"@id\":\"https:\/\/www.thokbikes.com\/es\/#\/schema\/logo\/image\/\"},\"sameAs\":[\"https:\/\/www.facebook.com\/thokebikes\",\"https:\/\/www.instagram.com\/thok_ebikes\/\",\"https:\/\/www.youtube.com\/channel\/UC-yfWNxPCJvVdRymE7tA8Ww\"]}]}<\/script>\n<!-- \/ Yoast SEO plugin. -->","yoast_head_json":{"title":"SHIMANO ADAPTADOR DE FRENO 203mm - Thok","description":"Adaptador de 23 mm para montar el freno de disco delantero o trasero de 203 mm.","robots":{"index":"index","follow":"follow","max-snippet":"max-snippet:-1","max-image-preview":"max-image-preview:large","max-video-preview":"max-video-preview:-1"},"canonical":"https:\/\/www.thokbikes.com\/es\/negozio\/accessoires-et-composants\/brakes-es\/shimano-adattatore-203mm\/","og_locale":"es_ES","og_type":"article","og_title":"SHIMANO ADAPTADOR DE FRENO 203mm - Thok","og_description":"Adaptador de 23 mm para montar el freno de disco delantero o trasero de 203 mm.","og_url":"https:\/\/www.thokbikes.com\/es\/negozio\/accessoires-et-composants\/brakes-es\/shimano-adattatore-203mm\/","og_site_name":"Thok","article_publisher":"https:\/\/www.facebook.com\/thokebikes","article_modified_time":"2024-12-20T09:48:03+00:00","og_image":[{"width":1900,"height":1900,"url":"https:\/\/www.thokbikes.com\/wp-content\/uploads\/2024\/12\/Shop-SHIMANO-ADAPTOR-PPM.jpg","type":"image\/jpeg"}],"twitter_card":"summary_large_image","twitter_misc":{"Est. reading time":"1 minute"},"schema":{"@context":"https:\/\/schema.org","@graph":[{"@type":"WebPage","@id":"https:\/\/www.thokbikes.com\/es\/negozio\/accessoires-et-composants\/brakes-es\/shimano-adattatore-203mm\/","url":"https:\/\/www.thokbikes.com\/es\/negozio\/accessoires-et-composants\/brakes-es\/shimano-adattatore-203mm\/","name":"SHIMANO ADAPTADOR DE FRENO 203mm - Thok","isPartOf":{"@id":"https:\/\/www.thokbikes.com\/es\/#website"},"primaryImageOfPage":{"@id":"https:\/\/www.thokbikes.com\/es\/negozio\/accessoires-et-composants\/brakes-es\/shimano-adattatore-203mm\/#primaryimage"},"image":{"@id":"https:\/\/www.thokbikes.com\/es\/negozio\/accessoires-et-composants\/brakes-es\/shimano-adattatore-203mm\/#primaryimage"},"thumbnailUrl":"https:\/\/www.thokbikes.com\/wp-content\/uploads\/2024\/12\/Shop-SHIMANO-ADAPTOR-PPM.jpg","datePublished":"2023-11-13T10:42:59+00:00","dateModified":"2024-12-20T09:48:03+00:00","description":"Adaptador de 23 mm para montar el freno de disco delantero o trasero de 203 mm.","breadcrumb":{"@id":"https:\/\/www.thokbikes.com\/es\/negozio\/accessoires-et-composants\/brakes-es\/shimano-adattatore-203mm\/#breadcrumb"},"inLanguage":"es-ES","potentialAction":[{"@type":"ReadAction","target":["https:\/\/www.thokbikes.com\/es\/negozio\/accessoires-et-composants\/brakes-es\/shimano-adattatore-203mm\/"]}]},{"@type":"ImageObject","inLanguage":"es-ES","@id":"https:\/\/www.thokbikes.com\/es\/negozio\/accessoires-et-composants\/brakes-es\/shimano-adattatore-203mm\/#primaryimage","url":"https:\/\/www.thokbikes.com\/wp-content\/uploads\/2024\/12\/Shop-SHIMANO-ADAPTOR-PPM.jpg","contentUrl":"https:\/\/www.thokbikes.com\/wp-content\/uploads\/2024\/12\/Shop-SHIMANO-ADAPTOR-PPM.jpg","width":1900,"height":1900},{"@type":"BreadcrumbList","@id":"https:\/\/www.thokbikes.com\/es\/negozio\/accessoires-et-composants\/brakes-es\/shimano-adattatore-203mm\/#breadcrumb","itemListElement":[{"@type":"ListItem","position":1,"name":"Home","item":"https:\/\/www.thokbikes.com\/es\/"},{"@type":"ListItem","position":2,"name":"Shop","item":"https:\/\/www.thokbikes.com\/negozio\/"},{"@type":"ListItem","position":3,"name":"SHIMANO ADAPTADOR DE FRENO 203mm"}]},{"@type":"WebSite","@id":"https:\/\/www.thokbikes.com\/es\/#website","url":"https:\/\/www.thokbikes.com\/es\/","name":"Thok E-bikes","description":"","publisher":{"@id":"https:\/\/www.thokbikes.com\/es\/#organization"},"potentialAction":[{"@type":"SearchAction","target":{"@type":"EntryPoint","urlTemplate":"https:\/\/www.thokbikes.com\/es\/?s={search_term_string}"},"query-input":{"@type":"PropertyValueSpecification","valueRequired":true,"valueName":"search_term_string"}}],"inLanguage":"es-ES"},{"@type":"Organization","@id":"https:\/\/www.thokbikes.com\/es\/#organization","name":"Thok E-bikes","url":"https:\/\/www.thokbikes.com\/es\/","logo":{"@type":"ImageObject","inLanguage":"es-ES","@id":"https:\/\/www.thokbikes.com\/es\/#\/schema\/logo\/image\/","url":"https:\/\/www.thokbikes.com\/wp-content\/uploads\/2025\/11\/logo-thok-white.png","contentUrl":"https:\/\/www.thokbikes.com\/wp-content\/uploads\/2025\/11\/logo-thok-white.png","width":1920,"height":281,"caption":"Thok E-bikes"},"image":{"@id":"https:\/\/www.thokbikes.com\/es\/#\/schema\/logo\/image\/"},"sameAs":["https:\/\/www.facebook.com\/thokebikes","https:\/\/www.instagram.com\/thok_ebikes\/","https:\/\/www.youtube.com\/channel\/UC-yfWNxPCJvVdRymE7tA8Ww"]}]}},"_links":{"self":[{"href":"https:\/\/www.thokbikes.com\/es\/wp-json\/wp\/v2\/product\/23332","targetHints":{"allow":["GET"]}}],"collection":[{"href":"https:\/\/www.thokbikes.com\/es\/wp-json\/wp\/v2\/product"}],"about":[{"href":"https:\/\/www.thokbikes.com\/es\/wp-json\/wp\/v2\/types\/product"}],"replies":[{"embeddable":true,"href":"https:\/\/www.thokbikes.com\/es\/wp-json\/wp\/v2\/comments?post=23332"}],"wp:featuredmedia":[{"embeddable":true,"href":"https:\/\/www.thokbikes.com\/es\/wp-json\/wp\/v2\/media\/23225"}],"wp:attachment":[{"href":"https:\/\/www.thokbikes.com\/es\/wp-json\/wp\/v2\/media?parent=23332"}],"wp:term":[{"taxonomy":"product_brand","embeddable":true,"href":"https:\/\/www.thokbikes.com\/es\/wp-json\/wp\/v2\/product_brand?post=23332"},{"taxonomy":"product_cat","embeddable":true,"href":"https:\/\/www.thokbikes.com\/es\/wp-json\/wp\/v2\/product_cat?post=23332"},{"taxonomy":"product_tag","embeddable":true,"href":"https:\/\/www.thokbikes.com\/es\/wp-json\/wp\/v2\/product_tag?post=23332"}],"curies":[{"name":"wp","href":"https:\/\/api.w.org\/{rel}","templated":true}]}}