{"id":23582,"date":"2025-01-14T06:15:45","date_gmt":"2025-01-14T05:15:45","guid":{"rendered":"https:\/\/www.thokbikes.com\/?post_type=product&#038;p=23582"},"modified":"2026-03-02T12:29:29","modified_gmt":"2026-03-02T11:29:29","slug":"amortiguador-fox-float-x-evol-lv-230x65","status":"publish","type":"product","link":"https:\/\/www.thokbikes.com\/es\/negozio\/accessoires-et-composants\/suspensions-es\/amortiguador-fox-float-x-evol-lv-230x65\/","title":{"rendered":"AMORTIGUADOR FOX FLOAT-X EVOL-LV 230X65"},"content":{"rendered":"<h2><strong>Caracter\u00edsticas del producto<\/strong><\/h2>\n<ul>\n<li><strong>Uso<\/strong>: All-Mountain, Trail, Enduro, E-MTB<\/li>\n<li><strong>Versi\u00f3n<\/strong>: Performance<\/li>\n<li><strong>Suspensi\u00f3n<\/strong>: Aire<\/li>\n<li><strong>Versi\u00f3n con c\u00e1mara<\/strong>: Gran Volumen<\/li>\n<li><strong>Ajustes<\/strong>:\n<ul>\n<li>Baja velocidad-rebote 12 clicks<\/li>\n<li>Palanca de 2 posiciones Open\/Stop<\/li>\n<\/ul>\n<\/li>\n<\/ul>\n","protected":false},"excerpt":{"rendered":"<p>Caracter\u00edsticas del producto Uso: All-Mountain, Trail, Enduro, E-MTB Versi\u00f3n: Performance Suspensi\u00f3n: Aire Versi\u00f3n con c\u00e1mara: Gran Volumen Ajustes: Baja velocidad-rebote 12 clicks Palanca de 2 posiciones Open\/Stop<\/p>\n","protected":false},"featured_media":23531,"comment_status":"closed","ping_status":"closed","template":"","meta":{"_acf_changed":false},"product_brand":[],"product_cat":[126,290,160,131],"product_tag":[],"class_list":{"0":"post-23582","1":"product","2":"type-product","3":"status-publish","4":"has-post-thumbnail","6":"product_cat-accessoires-et-composants","7":"product_cat-sales","8":"product_cat-suspensions-es","9":"product_cat-enduro-es","11":"first","12":"instock","13":"taxable","14":"shipping-taxable","15":"purchasable","16":"product-type-simple"},"acf":[],"yoast_head":"<!-- This site is optimized with the Yoast SEO plugin v27.1.1 - https:\/\/yoast.com\/product\/yoast-seo-wordpress\/ -->\n<title>AMORTIGUADOR FOX FLOAT-X EVOL-LV 230X65 - Thok<\/title>\n<meta name=\"description\" content=\"Caracter\u00edsticas del producto - Uso: All-Mountain, Trail, Enduro, E-MTB - Versi\u00f3n: Performance Elite - Suspensi\u00f3n: Aire - Versi\u00f3n con c\u00e1mara: Gran Volumen - Ajustes: o Baja velocidad-rebote 12 clickso\/Palanca de 2 posiciones Open\/Stop\" \/>\n<meta name=\"robots\" content=\"index, follow, max-snippet:-1, max-image-preview:large, max-video-preview:-1\" \/>\n<link rel=\"canonical\" href=\"https:\/\/www.thokbikes.com\/es\/negozio\/accessoires-et-composants\/suspensions-es\/amortiguador-fox-float-x-evol-lv-230x65\/\" \/>\n<meta property=\"og:locale\" content=\"es_ES\" \/>\n<meta property=\"og:type\" content=\"article\" \/>\n<meta property=\"og:title\" content=\"AMORTIGUADOR FOX FLOAT-X EVOL-LV 230X65 - Thok\" \/>\n<meta property=\"og:description\" content=\"Caracter\u00edsticas del producto - Uso: All-Mountain, Trail, Enduro, E-MTB - Versi\u00f3n: Performance Elite - Suspensi\u00f3n: Aire - Versi\u00f3n con c\u00e1mara: Gran Volumen - Ajustes: o Baja velocidad-rebote 12 clickso\/Palanca de 2 posiciones Open\/Stop\" \/>\n<meta property=\"og:url\" content=\"https:\/\/www.thokbikes.com\/es\/negozio\/accessoires-et-composants\/suspensions-es\/amortiguador-fox-float-x-evol-lv-230x65\/\" \/>\n<meta property=\"og:site_name\" content=\"Thok\" \/>\n<meta property=\"article:publisher\" content=\"https:\/\/www.facebook.com\/thokebikes\" \/>\n<meta property=\"article:modified_time\" content=\"2026-03-02T11:29:29+00:00\" \/>\n<meta property=\"og:image\" content=\"https:\/\/www.thokbikes.com\/wp-content\/uploads\/2025\/01\/Shop-FOX-evol2.jpg\" \/>\n\t<meta property=\"og:image:width\" content=\"1900\" \/>\n\t<meta property=\"og:image:height\" content=\"1900\" \/>\n\t<meta property=\"og:image:type\" content=\"image\/jpeg\" \/>\n<meta name=\"twitter:card\" content=\"summary_large_image\" \/>\n<meta name=\"twitter:label1\" content=\"Est. reading time\" \/>\n\t<meta name=\"twitter:data1\" content=\"1 minute\" \/>\n<script type=\"application\/ld+json\" class=\"yoast-schema-graph\">{\"@context\":\"https:\/\/schema.org\",\"@graph\":[{\"@type\":\"WebPage\",\"@id\":\"https:\/\/www.thokbikes.com\/es\/negozio\/accessoires-et-composants\/suspensions-es\/amortiguador-fox-float-x-evol-lv-230x65\/\",\"url\":\"https:\/\/www.thokbikes.com\/es\/negozio\/accessoires-et-composants\/suspensions-es\/amortiguador-fox-float-x-evol-lv-230x65\/\",\"name\":\"AMORTIGUADOR FOX FLOAT-X EVOL-LV 230X65 - Thok\",\"isPartOf\":{\"@id\":\"https:\/\/www.thokbikes.com\/es\/#website\"},\"primaryImageOfPage\":{\"@id\":\"https:\/\/www.thokbikes.com\/es\/negozio\/accessoires-et-composants\/suspensions-es\/amortiguador-fox-float-x-evol-lv-230x65\/#primaryimage\"},\"image\":{\"@id\":\"https:\/\/www.thokbikes.com\/es\/negozio\/accessoires-et-composants\/suspensions-es\/amortiguador-fox-float-x-evol-lv-230x65\/#primaryimage\"},\"thumbnailUrl\":\"https:\/\/www.thokbikes.com\/wp-content\/uploads\/2025\/01\/Shop-FOX-evol2.jpg\",\"datePublished\":\"2025-01-14T05:15:45+00:00\",\"dateModified\":\"2026-03-02T11:29:29+00:00\",\"description\":\"Caracter\u00edsticas del producto - Uso: All-Mountain, Trail, Enduro, E-MTB - Versi\u00f3n: Performance Elite - Suspensi\u00f3n: Aire - Versi\u00f3n con c\u00e1mara: Gran Volumen - Ajustes: o Baja velocidad-rebote 12 clickso\/Palanca de 2 posiciones Open\/Stop\",\"breadcrumb\":{\"@id\":\"https:\/\/www.thokbikes.com\/es\/negozio\/accessoires-et-composants\/suspensions-es\/amortiguador-fox-float-x-evol-lv-230x65\/#breadcrumb\"},\"inLanguage\":\"es-ES\",\"potentialAction\":[{\"@type\":\"ReadAction\",\"target\":[\"https:\/\/www.thokbikes.com\/es\/negozio\/accessoires-et-composants\/suspensions-es\/amortiguador-fox-float-x-evol-lv-230x65\/\"]}]},{\"@type\":\"ImageObject\",\"inLanguage\":\"es-ES\",\"@id\":\"https:\/\/www.thokbikes.com\/es\/negozio\/accessoires-et-composants\/suspensions-es\/amortiguador-fox-float-x-evol-lv-230x65\/#primaryimage\",\"url\":\"https:\/\/www.thokbikes.com\/wp-content\/uploads\/2025\/01\/Shop-FOX-evol2.jpg\",\"contentUrl\":\"https:\/\/www.thokbikes.com\/wp-content\/uploads\/2025\/01\/Shop-FOX-evol2.jpg\",\"width\":1900,\"height\":1900},{\"@type\":\"BreadcrumbList\",\"@id\":\"https:\/\/www.thokbikes.com\/es\/negozio\/accessoires-et-composants\/suspensions-es\/amortiguador-fox-float-x-evol-lv-230x65\/#breadcrumb\",\"itemListElement\":[{\"@type\":\"ListItem\",\"position\":1,\"name\":\"Home\",\"item\":\"https:\/\/www.thokbikes.com\/es\/\"},{\"@type\":\"ListItem\",\"position\":2,\"name\":\"Shop\",\"item\":\"https:\/\/www.thokbikes.com\/negozio\/\"},{\"@type\":\"ListItem\",\"position\":3,\"name\":\"AMORTIGUADOR FOX FLOAT-X EVOL-LV 230X65\"}]},{\"@type\":\"WebSite\",\"@id\":\"https:\/\/www.thokbikes.com\/es\/#website\",\"url\":\"https:\/\/www.thokbikes.com\/es\/\",\"name\":\"Thok E-bikes\",\"description\":\"\",\"publisher\":{\"@id\":\"https:\/\/www.thokbikes.com\/es\/#organization\"},\"potentialAction\":[{\"@type\":\"SearchAction\",\"target\":{\"@type\":\"EntryPoint\",\"urlTemplate\":\"https:\/\/www.thokbikes.com\/es\/?s={search_term_string}\"},\"query-input\":{\"@type\":\"PropertyValueSpecification\",\"valueRequired\":true,\"valueName\":\"search_term_string\"}}],\"inLanguage\":\"es-ES\"},{\"@type\":\"Organization\",\"@id\":\"https:\/\/www.thokbikes.com\/es\/#organization\",\"name\":\"Thok E-bikes\",\"url\":\"https:\/\/www.thokbikes.com\/es\/\",\"logo\":{\"@type\":\"ImageObject\",\"inLanguage\":\"es-ES\",\"@id\":\"https:\/\/www.thokbikes.com\/es\/#\/schema\/logo\/image\/\",\"url\":\"https:\/\/www.thokbikes.com\/wp-content\/uploads\/2025\/11\/logo-thok-white.png\",\"contentUrl\":\"https:\/\/www.thokbikes.com\/wp-content\/uploads\/2025\/11\/logo-thok-white.png\",\"width\":1920,\"height\":281,\"caption\":\"Thok E-bikes\"},\"image\":{\"@id\":\"https:\/\/www.thokbikes.com\/es\/#\/schema\/logo\/image\/\"},\"sameAs\":[\"https:\/\/www.facebook.com\/thokebikes\",\"https:\/\/www.instagram.com\/thok_ebikes\/\",\"https:\/\/www.youtube.com\/channel\/UC-yfWNxPCJvVdRymE7tA8Ww\"]}]}<\/script>\n<!-- \/ Yoast SEO plugin. -->","yoast_head_json":{"title":"AMORTIGUADOR FOX FLOAT-X EVOL-LV 230X65 - Thok","description":"Caracter\u00edsticas del producto - Uso: All-Mountain, Trail, Enduro, E-MTB - Versi\u00f3n: Performance Elite - Suspensi\u00f3n: Aire - Versi\u00f3n con c\u00e1mara: Gran Volumen - Ajustes: o Baja velocidad-rebote 12 clickso\/Palanca de 2 posiciones Open\/Stop","robots":{"index":"index","follow":"follow","max-snippet":"max-snippet:-1","max-image-preview":"max-image-preview:large","max-video-preview":"max-video-preview:-1"},"canonical":"https:\/\/www.thokbikes.com\/es\/negozio\/accessoires-et-composants\/suspensions-es\/amortiguador-fox-float-x-evol-lv-230x65\/","og_locale":"es_ES","og_type":"article","og_title":"AMORTIGUADOR FOX FLOAT-X EVOL-LV 230X65 - Thok","og_description":"Caracter\u00edsticas del producto - Uso: All-Mountain, Trail, Enduro, E-MTB - Versi\u00f3n: Performance Elite - Suspensi\u00f3n: Aire - Versi\u00f3n con c\u00e1mara: Gran Volumen - Ajustes: o Baja velocidad-rebote 12 clickso\/Palanca de 2 posiciones Open\/Stop","og_url":"https:\/\/www.thokbikes.com\/es\/negozio\/accessoires-et-composants\/suspensions-es\/amortiguador-fox-float-x-evol-lv-230x65\/","og_site_name":"Thok","article_publisher":"https:\/\/www.facebook.com\/thokebikes","article_modified_time":"2026-03-02T11:29:29+00:00","og_image":[{"width":1900,"height":1900,"url":"https:\/\/www.thokbikes.com\/wp-content\/uploads\/2025\/01\/Shop-FOX-evol2.jpg","type":"image\/jpeg"}],"twitter_card":"summary_large_image","twitter_misc":{"Est. reading time":"1 minute"},"schema":{"@context":"https:\/\/schema.org","@graph":[{"@type":"WebPage","@id":"https:\/\/www.thokbikes.com\/es\/negozio\/accessoires-et-composants\/suspensions-es\/amortiguador-fox-float-x-evol-lv-230x65\/","url":"https:\/\/www.thokbikes.com\/es\/negozio\/accessoires-et-composants\/suspensions-es\/amortiguador-fox-float-x-evol-lv-230x65\/","name":"AMORTIGUADOR FOX FLOAT-X EVOL-LV 230X65 - Thok","isPartOf":{"@id":"https:\/\/www.thokbikes.com\/es\/#website"},"primaryImageOfPage":{"@id":"https:\/\/www.thokbikes.com\/es\/negozio\/accessoires-et-composants\/suspensions-es\/amortiguador-fox-float-x-evol-lv-230x65\/#primaryimage"},"image":{"@id":"https:\/\/www.thokbikes.com\/es\/negozio\/accessoires-et-composants\/suspensions-es\/amortiguador-fox-float-x-evol-lv-230x65\/#primaryimage"},"thumbnailUrl":"https:\/\/www.thokbikes.com\/wp-content\/uploads\/2025\/01\/Shop-FOX-evol2.jpg","datePublished":"2025-01-14T05:15:45+00:00","dateModified":"2026-03-02T11:29:29+00:00","description":"Caracter\u00edsticas del producto - Uso: All-Mountain, Trail, Enduro, E-MTB - Versi\u00f3n: Performance Elite - Suspensi\u00f3n: Aire - Versi\u00f3n con c\u00e1mara: Gran Volumen - Ajustes: o Baja velocidad-rebote 12 clickso\/Palanca de 2 posiciones Open\/Stop","breadcrumb":{"@id":"https:\/\/www.thokbikes.com\/es\/negozio\/accessoires-et-composants\/suspensions-es\/amortiguador-fox-float-x-evol-lv-230x65\/#breadcrumb"},"inLanguage":"es-ES","potentialAction":[{"@type":"ReadAction","target":["https:\/\/www.thokbikes.com\/es\/negozio\/accessoires-et-composants\/suspensions-es\/amortiguador-fox-float-x-evol-lv-230x65\/"]}]},{"@type":"ImageObject","inLanguage":"es-ES","@id":"https:\/\/www.thokbikes.com\/es\/negozio\/accessoires-et-composants\/suspensions-es\/amortiguador-fox-float-x-evol-lv-230x65\/#primaryimage","url":"https:\/\/www.thokbikes.com\/wp-content\/uploads\/2025\/01\/Shop-FOX-evol2.jpg","contentUrl":"https:\/\/www.thokbikes.com\/wp-content\/uploads\/2025\/01\/Shop-FOX-evol2.jpg","width":1900,"height":1900},{"@type":"BreadcrumbList","@id":"https:\/\/www.thokbikes.com\/es\/negozio\/accessoires-et-composants\/suspensions-es\/amortiguador-fox-float-x-evol-lv-230x65\/#breadcrumb","itemListElement":[{"@type":"ListItem","position":1,"name":"Home","item":"https:\/\/www.thokbikes.com\/es\/"},{"@type":"ListItem","position":2,"name":"Shop","item":"https:\/\/www.thokbikes.com\/negozio\/"},{"@type":"ListItem","position":3,"name":"AMORTIGUADOR FOX FLOAT-X EVOL-LV 230X65"}]},{"@type":"WebSite","@id":"https:\/\/www.thokbikes.com\/es\/#website","url":"https:\/\/www.thokbikes.com\/es\/","name":"Thok E-bikes","description":"","publisher":{"@id":"https:\/\/www.thokbikes.com\/es\/#organization"},"potentialAction":[{"@type":"SearchAction","target":{"@type":"EntryPoint","urlTemplate":"https:\/\/www.thokbikes.com\/es\/?s={search_term_string}"},"query-input":{"@type":"PropertyValueSpecification","valueRequired":true,"valueName":"search_term_string"}}],"inLanguage":"es-ES"},{"@type":"Organization","@id":"https:\/\/www.thokbikes.com\/es\/#organization","name":"Thok E-bikes","url":"https:\/\/www.thokbikes.com\/es\/","logo":{"@type":"ImageObject","inLanguage":"es-ES","@id":"https:\/\/www.thokbikes.com\/es\/#\/schema\/logo\/image\/","url":"https:\/\/www.thokbikes.com\/wp-content\/uploads\/2025\/11\/logo-thok-white.png","contentUrl":"https:\/\/www.thokbikes.com\/wp-content\/uploads\/2025\/11\/logo-thok-white.png","width":1920,"height":281,"caption":"Thok E-bikes"},"image":{"@id":"https:\/\/www.thokbikes.com\/es\/#\/schema\/logo\/image\/"},"sameAs":["https:\/\/www.facebook.com\/thokebikes","https:\/\/www.instagram.com\/thok_ebikes\/","https:\/\/www.youtube.com\/channel\/UC-yfWNxPCJvVdRymE7tA8Ww"]}]}},"_links":{"self":[{"href":"https:\/\/www.thokbikes.com\/es\/wp-json\/wp\/v2\/product\/23582","targetHints":{"allow":["GET"]}}],"collection":[{"href":"https:\/\/www.thokbikes.com\/es\/wp-json\/wp\/v2\/product"}],"about":[{"href":"https:\/\/www.thokbikes.com\/es\/wp-json\/wp\/v2\/types\/product"}],"replies":[{"embeddable":true,"href":"https:\/\/www.thokbikes.com\/es\/wp-json\/wp\/v2\/comments?post=23582"}],"wp:featuredmedia":[{"embeddable":true,"href":"https:\/\/www.thokbikes.com\/es\/wp-json\/wp\/v2\/media\/23531"}],"wp:attachment":[{"href":"https:\/\/www.thokbikes.com\/es\/wp-json\/wp\/v2\/media?parent=23582"}],"wp:term":[{"taxonomy":"product_brand","embeddable":true,"href":"https:\/\/www.thokbikes.com\/es\/wp-json\/wp\/v2\/product_brand?post=23582"},{"taxonomy":"product_cat","embeddable":true,"href":"https:\/\/www.thokbikes.com\/es\/wp-json\/wp\/v2\/product_cat?post=23582"},{"taxonomy":"product_tag","embeddable":true,"href":"https:\/\/www.thokbikes.com\/es\/wp-json\/wp\/v2\/product_tag?post=23582"}],"curies":[{"name":"wp","href":"https:\/\/api.w.org\/{rel}","templated":true}]}}