{"id":26425,"date":"2024-02-12T09:13:41","date_gmt":"2024-02-12T08:13:41","guid":{"rendered":"https:\/\/www.thokbikes.com\/?post_type=product&#038;p=26425"},"modified":"2025-09-03T10:18:44","modified_gmt":"2025-09-03T08:18:44","slug":"thokcare","status":"publish","type":"product","link":"https:\/\/www.thokbikes.com\/es\/negozio\/accessoires-et-composants\/thokcare\/","title":{"rendered":"THOKCARE"},"content":{"rendered":"<p><strong>La extensi\u00f3n de garant\u00eda de THOK para TODOS los THOKers.\u00a0<\/strong><\/p>\n<p>Carrera tras carrera, enfrentando descensos complicados despu\u00e9s de ascensos t\u00e9cnicos, la seguridad de tu THOK siempre debe estar en primer lugar.<\/p>\n<p>Con &#8220;THOKcare&#8221; damos la oportunidad a TODOS los THOKers, ya sean nuevos o antiguos, de extender la garant\u00eda de su ebike m\u00e1s all\u00e1 de los 24 meses est\u00e1ndar. Una oportunidad adicional para ti y tu THOK, que garantiza 2 a\u00f1os adicionales de cobertura contra posibles roturas en el marco y componentes con la marca THOK (lee las condiciones).<\/p>\n<p>Puedes comprar tu THOKcare en l\u00ednea o acudiendo a uno de nuestros THOK Points.<\/p>\n","protected":false},"excerpt":{"rendered":"<p>La extensi\u00f3n de garant\u00eda de THOK para TODOS los THOKers.\u00a0 Carrera tras carrera, enfrentando descensos complicados despu\u00e9s de ascensos t\u00e9cnicos, la seguridad de tu THOK siempre debe estar en primer lugar. Con &#8220;THOKcare&#8221; damos la oportunidad a TODOS los THOKers, ya sean nuevos o antiguos, de extender la garant\u00eda de su ebike m\u00e1s all\u00e1 de [&hellip;]<\/p>\n","protected":false},"featured_media":14516,"comment_status":"closed","ping_status":"closed","template":"","meta":{"_acf_changed":false},"product_brand":[],"product_cat":[126,178,182,131,186],"product_tag":[],"class_list":{"0":"post-26425","1":"product","2":"type-product","3":"status-publish","4":"has-post-thumbnail","6":"product_cat-accessoires-et-composants","7":"product_cat-all-mountain-es","8":"product_cat-e-suv-es","9":"product_cat-enduro-es","10":"product_cat-hardtail-es","12":"first","13":"outofstock","14":"taxable","15":"shipping-taxable","16":"purchasable","17":"product-type-simple"},"acf":[],"yoast_head":"<!-- This site is optimized with the Yoast SEO plugin v27.3 - https:\/\/yoast.com\/product\/yoast-seo-wordpress\/ -->\n<title>THOKCARE - Thok<\/title>\n<meta name=\"description\" content=\"Con &quot;THOKcare&quot; damos la oportunidad a TODOS los THOKers, ya sean nuevos o antiguos, de extender la garant\u00eda de su ebike m\u00e1s all\u00e1 de los 24 meses est\u00e1ndar.\" \/>\n<meta name=\"robots\" content=\"index, follow, max-snippet:-1, max-image-preview:large, max-video-preview:-1\" \/>\n<link rel=\"canonical\" href=\"https:\/\/www.thokbikes.com\/es\/negozio\/accessoires-et-composants\/thokcare\/\" \/>\n<meta property=\"og:locale\" content=\"es_ES\" \/>\n<meta property=\"og:type\" content=\"article\" \/>\n<meta property=\"og:title\" content=\"THOKCARE - Thok\" \/>\n<meta property=\"og:description\" content=\"Con &quot;THOKcare&quot; damos la oportunidad a TODOS los THOKers, ya sean nuevos o antiguos, de extender la garant\u00eda de su ebike m\u00e1s all\u00e1 de los 24 meses est\u00e1ndar.\" \/>\n<meta property=\"og:url\" content=\"https:\/\/www.thokbikes.com\/es\/negozio\/accessoires-et-composants\/thokcare\/\" \/>\n<meta property=\"og:site_name\" content=\"Thok\" \/>\n<meta property=\"article:publisher\" content=\"https:\/\/www.facebook.com\/thokebikes\" \/>\n<meta property=\"article:modified_time\" content=\"2025-09-03T08:18:44+00:00\" \/>\n<meta property=\"og:image\" content=\"https:\/\/www.thokbikes.com\/wp-content\/uploads\/2023\/08\/shop-thok-care-jpg.webp\" \/>\n\t<meta property=\"og:image:width\" content=\"1900\" \/>\n\t<meta property=\"og:image:height\" content=\"1900\" \/>\n\t<meta property=\"og:image:type\" content=\"image\/jpeg\" \/>\n<meta name=\"twitter:card\" content=\"summary_large_image\" \/>\n<meta name=\"twitter:label1\" content=\"Est. reading time\" \/>\n\t<meta name=\"twitter:data1\" content=\"1 minute\" \/>\n<script type=\"application\/ld+json\" class=\"yoast-schema-graph\">{\"@context\":\"https:\\\/\\\/schema.org\",\"@graph\":[{\"@type\":\"WebPage\",\"@id\":\"https:\\\/\\\/www.thokbikes.com\\\/es\\\/negozio\\\/accessoires-et-composants\\\/thokcare\\\/\",\"url\":\"https:\\\/\\\/www.thokbikes.com\\\/es\\\/negozio\\\/accessoires-et-composants\\\/thokcare\\\/\",\"name\":\"THOKCARE - Thok\",\"isPartOf\":{\"@id\":\"https:\\\/\\\/www.thokbikes.com\\\/es\\\/#website\"},\"primaryImageOfPage\":{\"@id\":\"https:\\\/\\\/www.thokbikes.com\\\/es\\\/negozio\\\/accessoires-et-composants\\\/thokcare\\\/#primaryimage\"},\"image\":{\"@id\":\"https:\\\/\\\/www.thokbikes.com\\\/es\\\/negozio\\\/accessoires-et-composants\\\/thokcare\\\/#primaryimage\"},\"thumbnailUrl\":\"https:\\\/\\\/www.thokbikes.com\\\/wp-content\\\/uploads\\\/2023\\\/08\\\/shop-thok-care-jpg.webp\",\"datePublished\":\"2024-02-12T08:13:41+00:00\",\"dateModified\":\"2025-09-03T08:18:44+00:00\",\"description\":\"Con \\\"THOKcare\\\" damos la oportunidad a TODOS los THOKers, ya sean nuevos o antiguos, de extender la garant\u00eda de su ebike m\u00e1s all\u00e1 de los 24 meses est\u00e1ndar.\",\"breadcrumb\":{\"@id\":\"https:\\\/\\\/www.thokbikes.com\\\/es\\\/negozio\\\/accessoires-et-composants\\\/thokcare\\\/#breadcrumb\"},\"inLanguage\":\"es-ES\",\"potentialAction\":[{\"@type\":\"ReadAction\",\"target\":[\"https:\\\/\\\/www.thokbikes.com\\\/es\\\/negozio\\\/accessoires-et-composants\\\/thokcare\\\/\"]}]},{\"@type\":\"ImageObject\",\"inLanguage\":\"es-ES\",\"@id\":\"https:\\\/\\\/www.thokbikes.com\\\/es\\\/negozio\\\/accessoires-et-composants\\\/thokcare\\\/#primaryimage\",\"url\":\"https:\\\/\\\/www.thokbikes.com\\\/wp-content\\\/uploads\\\/2023\\\/08\\\/shop-thok-care-jpg.webp\",\"contentUrl\":\"https:\\\/\\\/www.thokbikes.com\\\/wp-content\\\/uploads\\\/2023\\\/08\\\/shop-thok-care-jpg.webp\",\"width\":1900,\"height\":1900},{\"@type\":\"BreadcrumbList\",\"@id\":\"https:\\\/\\\/www.thokbikes.com\\\/es\\\/negozio\\\/accessoires-et-composants\\\/thokcare\\\/#breadcrumb\",\"itemListElement\":[{\"@type\":\"ListItem\",\"position\":1,\"name\":\"Home\",\"item\":\"https:\\\/\\\/www.thokbikes.com\\\/es\\\/\"},{\"@type\":\"ListItem\",\"position\":2,\"name\":\"Shop\",\"item\":\"https:\\\/\\\/www.thokbikes.com\\\/negozio\\\/\"},{\"@type\":\"ListItem\",\"position\":3,\"name\":\"THOKCARE\"}]},{\"@type\":\"WebSite\",\"@id\":\"https:\\\/\\\/www.thokbikes.com\\\/es\\\/#website\",\"url\":\"https:\\\/\\\/www.thokbikes.com\\\/es\\\/\",\"name\":\"Thok E-bikes\",\"description\":\"\",\"publisher\":{\"@id\":\"https:\\\/\\\/www.thokbikes.com\\\/es\\\/#organization\"},\"potentialAction\":[{\"@type\":\"SearchAction\",\"target\":{\"@type\":\"EntryPoint\",\"urlTemplate\":\"https:\\\/\\\/www.thokbikes.com\\\/es\\\/?s={search_term_string}\"},\"query-input\":{\"@type\":\"PropertyValueSpecification\",\"valueRequired\":true,\"valueName\":\"search_term_string\"}}],\"inLanguage\":\"es-ES\"},{\"@type\":\"Organization\",\"@id\":\"https:\\\/\\\/www.thokbikes.com\\\/es\\\/#organization\",\"name\":\"Thok E-bikes\",\"url\":\"https:\\\/\\\/www.thokbikes.com\\\/es\\\/\",\"logo\":{\"@type\":\"ImageObject\",\"inLanguage\":\"es-ES\",\"@id\":\"https:\\\/\\\/www.thokbikes.com\\\/es\\\/#\\\/schema\\\/logo\\\/image\\\/\",\"url\":\"https:\\\/\\\/www.thokbikes.com\\\/wp-content\\\/uploads\\\/2025\\\/11\\\/logo-thok-white.png\",\"contentUrl\":\"https:\\\/\\\/www.thokbikes.com\\\/wp-content\\\/uploads\\\/2025\\\/11\\\/logo-thok-white.png\",\"width\":1920,\"height\":281,\"caption\":\"Thok E-bikes\"},\"image\":{\"@id\":\"https:\\\/\\\/www.thokbikes.com\\\/es\\\/#\\\/schema\\\/logo\\\/image\\\/\"},\"sameAs\":[\"https:\\\/\\\/www.facebook.com\\\/thokebikes\",\"https:\\\/\\\/www.instagram.com\\\/thok_ebikes\\\/\",\"https:\\\/\\\/www.youtube.com\\\/channel\\\/UC-yfWNxPCJvVdRymE7tA8Ww\"]}]}<\/script>\n<!-- \/ Yoast SEO plugin. -->","yoast_head_json":{"title":"THOKCARE - Thok","description":"Con \"THOKcare\" damos la oportunidad a TODOS los THOKers, ya sean nuevos o antiguos, de extender la garant\u00eda de su ebike m\u00e1s all\u00e1 de los 24 meses est\u00e1ndar.","robots":{"index":"index","follow":"follow","max-snippet":"max-snippet:-1","max-image-preview":"max-image-preview:large","max-video-preview":"max-video-preview:-1"},"canonical":"https:\/\/www.thokbikes.com\/es\/negozio\/accessoires-et-composants\/thokcare\/","og_locale":"es_ES","og_type":"article","og_title":"THOKCARE - Thok","og_description":"Con \"THOKcare\" damos la oportunidad a TODOS los THOKers, ya sean nuevos o antiguos, de extender la garant\u00eda de su ebike m\u00e1s all\u00e1 de los 24 meses est\u00e1ndar.","og_url":"https:\/\/www.thokbikes.com\/es\/negozio\/accessoires-et-composants\/thokcare\/","og_site_name":"Thok","article_publisher":"https:\/\/www.facebook.com\/thokebikes","article_modified_time":"2025-09-03T08:18:44+00:00","og_image":[{"width":1900,"height":1900,"url":"https:\/\/www.thokbikes.com\/wp-content\/uploads\/2023\/08\/shop-thok-care-jpg.webp","type":"image\/jpeg"}],"twitter_card":"summary_large_image","twitter_misc":{"Est. reading time":"1 minute"},"schema":{"@context":"https:\/\/schema.org","@graph":[{"@type":"WebPage","@id":"https:\/\/www.thokbikes.com\/es\/negozio\/accessoires-et-composants\/thokcare\/","url":"https:\/\/www.thokbikes.com\/es\/negozio\/accessoires-et-composants\/thokcare\/","name":"THOKCARE - Thok","isPartOf":{"@id":"https:\/\/www.thokbikes.com\/es\/#website"},"primaryImageOfPage":{"@id":"https:\/\/www.thokbikes.com\/es\/negozio\/accessoires-et-composants\/thokcare\/#primaryimage"},"image":{"@id":"https:\/\/www.thokbikes.com\/es\/negozio\/accessoires-et-composants\/thokcare\/#primaryimage"},"thumbnailUrl":"https:\/\/www.thokbikes.com\/wp-content\/uploads\/2023\/08\/shop-thok-care-jpg.webp","datePublished":"2024-02-12T08:13:41+00:00","dateModified":"2025-09-03T08:18:44+00:00","description":"Con \"THOKcare\" damos la oportunidad a TODOS los THOKers, ya sean nuevos o antiguos, de extender la garant\u00eda de su ebike m\u00e1s all\u00e1 de los 24 meses est\u00e1ndar.","breadcrumb":{"@id":"https:\/\/www.thokbikes.com\/es\/negozio\/accessoires-et-composants\/thokcare\/#breadcrumb"},"inLanguage":"es-ES","potentialAction":[{"@type":"ReadAction","target":["https:\/\/www.thokbikes.com\/es\/negozio\/accessoires-et-composants\/thokcare\/"]}]},{"@type":"ImageObject","inLanguage":"es-ES","@id":"https:\/\/www.thokbikes.com\/es\/negozio\/accessoires-et-composants\/thokcare\/#primaryimage","url":"https:\/\/www.thokbikes.com\/wp-content\/uploads\/2023\/08\/shop-thok-care-jpg.webp","contentUrl":"https:\/\/www.thokbikes.com\/wp-content\/uploads\/2023\/08\/shop-thok-care-jpg.webp","width":1900,"height":1900},{"@type":"BreadcrumbList","@id":"https:\/\/www.thokbikes.com\/es\/negozio\/accessoires-et-composants\/thokcare\/#breadcrumb","itemListElement":[{"@type":"ListItem","position":1,"name":"Home","item":"https:\/\/www.thokbikes.com\/es\/"},{"@type":"ListItem","position":2,"name":"Shop","item":"https:\/\/www.thokbikes.com\/negozio\/"},{"@type":"ListItem","position":3,"name":"THOKCARE"}]},{"@type":"WebSite","@id":"https:\/\/www.thokbikes.com\/es\/#website","url":"https:\/\/www.thokbikes.com\/es\/","name":"Thok E-bikes","description":"","publisher":{"@id":"https:\/\/www.thokbikes.com\/es\/#organization"},"potentialAction":[{"@type":"SearchAction","target":{"@type":"EntryPoint","urlTemplate":"https:\/\/www.thokbikes.com\/es\/?s={search_term_string}"},"query-input":{"@type":"PropertyValueSpecification","valueRequired":true,"valueName":"search_term_string"}}],"inLanguage":"es-ES"},{"@type":"Organization","@id":"https:\/\/www.thokbikes.com\/es\/#organization","name":"Thok E-bikes","url":"https:\/\/www.thokbikes.com\/es\/","logo":{"@type":"ImageObject","inLanguage":"es-ES","@id":"https:\/\/www.thokbikes.com\/es\/#\/schema\/logo\/image\/","url":"https:\/\/www.thokbikes.com\/wp-content\/uploads\/2025\/11\/logo-thok-white.png","contentUrl":"https:\/\/www.thokbikes.com\/wp-content\/uploads\/2025\/11\/logo-thok-white.png","width":1920,"height":281,"caption":"Thok E-bikes"},"image":{"@id":"https:\/\/www.thokbikes.com\/es\/#\/schema\/logo\/image\/"},"sameAs":["https:\/\/www.facebook.com\/thokebikes","https:\/\/www.instagram.com\/thok_ebikes\/","https:\/\/www.youtube.com\/channel\/UC-yfWNxPCJvVdRymE7tA8Ww"]}]}},"_links":{"self":[{"href":"https:\/\/www.thokbikes.com\/es\/wp-json\/wp\/v2\/product\/26425","targetHints":{"allow":["GET"]}}],"collection":[{"href":"https:\/\/www.thokbikes.com\/es\/wp-json\/wp\/v2\/product"}],"about":[{"href":"https:\/\/www.thokbikes.com\/es\/wp-json\/wp\/v2\/types\/product"}],"replies":[{"embeddable":true,"href":"https:\/\/www.thokbikes.com\/es\/wp-json\/wp\/v2\/comments?post=26425"}],"wp:featuredmedia":[{"embeddable":true,"href":"https:\/\/www.thokbikes.com\/es\/wp-json\/wp\/v2\/media\/14516"}],"wp:attachment":[{"href":"https:\/\/www.thokbikes.com\/es\/wp-json\/wp\/v2\/media?parent=26425"}],"wp:term":[{"taxonomy":"product_brand","embeddable":true,"href":"https:\/\/www.thokbikes.com\/es\/wp-json\/wp\/v2\/product_brand?post=26425"},{"taxonomy":"product_cat","embeddable":true,"href":"https:\/\/www.thokbikes.com\/es\/wp-json\/wp\/v2\/product_cat?post=26425"},{"taxonomy":"product_tag","embeddable":true,"href":"https:\/\/www.thokbikes.com\/es\/wp-json\/wp\/v2\/product_tag?post=26425"}],"curies":[{"name":"wp","href":"https:\/\/api.w.org\/{rel}","templated":true}]}}