{"id":34013,"date":"2025-09-03T06:14:11","date_gmt":"2025-09-03T04:14:11","guid":{"rendered":"https:\/\/www.thokbikes.com\/negozio\/uncategorized\/bosch-caricabatterie-standard-4a\/"},"modified":"2025-12-12T10:14:08","modified_gmt":"2025-12-12T09:14:08","slug":"bosch-caricabatterie-standard-4a","status":"publish","type":"product","link":"https:\/\/www.thokbikes.com\/es\/negozio\/accessoires-et-composants\/batteries-es\/bosch-caricabatterie-standard-4a\/","title":{"rendered":"Cargador est\u00e1ndar Bosch 4A"},"content":{"rendered":"<p>El robusto y funcional cargador est\u00e1ndar de 4 A para el Bosch eBike System 2 es el cargador universal de Bosch. Ofrece una combinaci\u00f3n ideal de potencia, peso y tama\u00f1o, y es vers\u00e1til.<\/p>\n<p>El cargador pesa menos de 800 gramos, incluyendo el cable. El conector de carga mejorado y la pr\u00e1ctica tira de velcro para la gesti\u00f3n del cable simplifican su manejo. El cargador de bater\u00eda se ha dise\u00f1ado sin rejillas de ventilaci\u00f3n para evitar la contaminaci\u00f3n y hacerlo m\u00e1s robusto.<\/p>\n<p><strong>Compatibilidad<\/strong><\/p>\n<ul>\n<li>Active Line (BDU2XX)<\/li>\n<li>Performance Line (BDU2XX)<\/li>\n<li>Performance Line CX (BDU2XX)<\/li>\n<li>Active Line (BDU3XX)<\/li>\n<li>Active Line Plus (BDU3XX)<\/li>\n<li>Classic+ Line<\/li>\n<li>Performance Line (BDU3XX)<\/li>\n<li>Performance Line Speed (BDU4XX)<\/li>\n<li>Performance\/Cargo\/CX\/Speed Line (BDU4XX)<\/li>\n<\/ul>\n","protected":false},"excerpt":{"rendered":"<p>El robusto y funcional cargador est\u00e1ndar de 4 A para el Bosch eBike System 2 es el cargador universal de Bosch. Ofrece una combinaci\u00f3n ideal de potencia, peso y tama\u00f1o, y es vers\u00e1til. El cargador pesa menos de 800 gramos, incluyendo el cable. El conector de carga mejorado y la pr\u00e1ctica tira de velcro para [&hellip;]<\/p>\n","protected":false},"featured_media":32974,"comment_status":"closed","ping_status":"closed","template":"","meta":{"_acf_changed":false},"product_brand":[],"product_cat":[271,156],"product_tag":[],"class_list":{"0":"post-34013","1":"product","2":"type-product","3":"status-publish","4":"has-post-thumbnail","6":"product_cat-accessori-es-2-accessoires-et-composants","7":"product_cat-batteries-es","9":"first","10":"instock","11":"taxable","12":"shipping-taxable","13":"purchasable","14":"product-type-simple"},"acf":[],"yoast_head":"<!-- This site is optimized with the Yoast SEO plugin v27.3 - https:\/\/yoast.com\/product\/yoast-seo-wordpress\/ -->\n<title>Cargador est\u00e1ndar Bosch 4A - Thok<\/title>\n<meta name=\"robots\" content=\"index, follow, max-snippet:-1, max-image-preview:large, max-video-preview:-1\" \/>\n<link rel=\"canonical\" href=\"https:\/\/www.thokbikes.com\/es\/negozio\/accessoires-et-composants\/batteries-es\/bosch-caricabatterie-standard-4a\/\" \/>\n<meta property=\"og:locale\" content=\"es_ES\" \/>\n<meta property=\"og:type\" content=\"article\" \/>\n<meta property=\"og:title\" content=\"Cargador est\u00e1ndar Bosch 4A - Thok\" \/>\n<meta property=\"og:description\" content=\"El robusto y funcional cargador est\u00e1ndar de 4 A para el Bosch eBike System 2 es el cargador universal de Bosch. Ofrece una combinaci\u00f3n ideal de potencia, peso y tama\u00f1o, y es vers\u00e1til. El cargador pesa menos de 800 gramos, incluyendo el cable. El conector de carga mejorado y la pr\u00e1ctica tira de velcro para [&hellip;]\" \/>\n<meta property=\"og:url\" content=\"https:\/\/www.thokbikes.com\/es\/negozio\/accessoires-et-composants\/batteries-es\/bosch-caricabatterie-standard-4a\/\" \/>\n<meta property=\"og:site_name\" content=\"Thok\" \/>\n<meta property=\"article:publisher\" content=\"https:\/\/www.facebook.com\/thokebikes\" \/>\n<meta property=\"article:modified_time\" content=\"2025-12-12T09:14:08+00:00\" \/>\n<meta property=\"og:image\" content=\"https:\/\/www.thokbikes.com\/wp-content\/uploads\/2025\/09\/Shop-charger-BOSCH.jpg\" \/>\n\t<meta property=\"og:image:width\" content=\"1900\" \/>\n\t<meta property=\"og:image:height\" content=\"1900\" \/>\n\t<meta property=\"og:image:type\" content=\"image\/jpeg\" \/>\n<meta name=\"twitter:card\" content=\"summary_large_image\" \/>\n<meta name=\"twitter:label1\" content=\"Est. reading time\" \/>\n\t<meta name=\"twitter:data1\" content=\"1 minute\" \/>\n<script type=\"application\/ld+json\" class=\"yoast-schema-graph\">{\"@context\":\"https:\\\/\\\/schema.org\",\"@graph\":[{\"@type\":\"WebPage\",\"@id\":\"https:\\\/\\\/www.thokbikes.com\\\/es\\\/negozio\\\/accessoires-et-composants\\\/batteries-es\\\/bosch-caricabatterie-standard-4a\\\/\",\"url\":\"https:\\\/\\\/www.thokbikes.com\\\/es\\\/negozio\\\/accessoires-et-composants\\\/batteries-es\\\/bosch-caricabatterie-standard-4a\\\/\",\"name\":\"Cargador est\u00e1ndar Bosch 4A - Thok\",\"isPartOf\":{\"@id\":\"https:\\\/\\\/www.thokbikes.com\\\/es\\\/#website\"},\"primaryImageOfPage\":{\"@id\":\"https:\\\/\\\/www.thokbikes.com\\\/es\\\/negozio\\\/accessoires-et-composants\\\/batteries-es\\\/bosch-caricabatterie-standard-4a\\\/#primaryimage\"},\"image\":{\"@id\":\"https:\\\/\\\/www.thokbikes.com\\\/es\\\/negozio\\\/accessoires-et-composants\\\/batteries-es\\\/bosch-caricabatterie-standard-4a\\\/#primaryimage\"},\"thumbnailUrl\":\"https:\\\/\\\/www.thokbikes.com\\\/wp-content\\\/uploads\\\/2025\\\/09\\\/Shop-charger-BOSCH.jpg\",\"datePublished\":\"2025-09-03T04:14:11+00:00\",\"dateModified\":\"2025-12-12T09:14:08+00:00\",\"breadcrumb\":{\"@id\":\"https:\\\/\\\/www.thokbikes.com\\\/es\\\/negozio\\\/accessoires-et-composants\\\/batteries-es\\\/bosch-caricabatterie-standard-4a\\\/#breadcrumb\"},\"inLanguage\":\"es-ES\",\"potentialAction\":[{\"@type\":\"ReadAction\",\"target\":[\"https:\\\/\\\/www.thokbikes.com\\\/es\\\/negozio\\\/accessoires-et-composants\\\/batteries-es\\\/bosch-caricabatterie-standard-4a\\\/\"]}]},{\"@type\":\"ImageObject\",\"inLanguage\":\"es-ES\",\"@id\":\"https:\\\/\\\/www.thokbikes.com\\\/es\\\/negozio\\\/accessoires-et-composants\\\/batteries-es\\\/bosch-caricabatterie-standard-4a\\\/#primaryimage\",\"url\":\"https:\\\/\\\/www.thokbikes.com\\\/wp-content\\\/uploads\\\/2025\\\/09\\\/Shop-charger-BOSCH.jpg\",\"contentUrl\":\"https:\\\/\\\/www.thokbikes.com\\\/wp-content\\\/uploads\\\/2025\\\/09\\\/Shop-charger-BOSCH.jpg\",\"width\":1900,\"height\":1900},{\"@type\":\"BreadcrumbList\",\"@id\":\"https:\\\/\\\/www.thokbikes.com\\\/es\\\/negozio\\\/accessoires-et-composants\\\/batteries-es\\\/bosch-caricabatterie-standard-4a\\\/#breadcrumb\",\"itemListElement\":[{\"@type\":\"ListItem\",\"position\":1,\"name\":\"Home\",\"item\":\"https:\\\/\\\/www.thokbikes.com\\\/es\\\/\"},{\"@type\":\"ListItem\",\"position\":2,\"name\":\"Shop\",\"item\":\"https:\\\/\\\/www.thokbikes.com\\\/negozio\\\/\"},{\"@type\":\"ListItem\",\"position\":3,\"name\":\"Cargador est\u00e1ndar Bosch 4A\"}]},{\"@type\":\"WebSite\",\"@id\":\"https:\\\/\\\/www.thokbikes.com\\\/es\\\/#website\",\"url\":\"https:\\\/\\\/www.thokbikes.com\\\/es\\\/\",\"name\":\"Thok E-bikes\",\"description\":\"\",\"publisher\":{\"@id\":\"https:\\\/\\\/www.thokbikes.com\\\/es\\\/#organization\"},\"potentialAction\":[{\"@type\":\"SearchAction\",\"target\":{\"@type\":\"EntryPoint\",\"urlTemplate\":\"https:\\\/\\\/www.thokbikes.com\\\/es\\\/?s={search_term_string}\"},\"query-input\":{\"@type\":\"PropertyValueSpecification\",\"valueRequired\":true,\"valueName\":\"search_term_string\"}}],\"inLanguage\":\"es-ES\"},{\"@type\":\"Organization\",\"@id\":\"https:\\\/\\\/www.thokbikes.com\\\/es\\\/#organization\",\"name\":\"Thok E-bikes\",\"url\":\"https:\\\/\\\/www.thokbikes.com\\\/es\\\/\",\"logo\":{\"@type\":\"ImageObject\",\"inLanguage\":\"es-ES\",\"@id\":\"https:\\\/\\\/www.thokbikes.com\\\/es\\\/#\\\/schema\\\/logo\\\/image\\\/\",\"url\":\"https:\\\/\\\/www.thokbikes.com\\\/wp-content\\\/uploads\\\/2025\\\/11\\\/logo-thok-white.png\",\"contentUrl\":\"https:\\\/\\\/www.thokbikes.com\\\/wp-content\\\/uploads\\\/2025\\\/11\\\/logo-thok-white.png\",\"width\":1920,\"height\":281,\"caption\":\"Thok E-bikes\"},\"image\":{\"@id\":\"https:\\\/\\\/www.thokbikes.com\\\/es\\\/#\\\/schema\\\/logo\\\/image\\\/\"},\"sameAs\":[\"https:\\\/\\\/www.facebook.com\\\/thokebikes\",\"https:\\\/\\\/www.instagram.com\\\/thok_ebikes\\\/\",\"https:\\\/\\\/www.youtube.com\\\/channel\\\/UC-yfWNxPCJvVdRymE7tA8Ww\"]}]}<\/script>\n<!-- \/ Yoast SEO plugin. -->","yoast_head_json":{"title":"Cargador est\u00e1ndar Bosch 4A - Thok","robots":{"index":"index","follow":"follow","max-snippet":"max-snippet:-1","max-image-preview":"max-image-preview:large","max-video-preview":"max-video-preview:-1"},"canonical":"https:\/\/www.thokbikes.com\/es\/negozio\/accessoires-et-composants\/batteries-es\/bosch-caricabatterie-standard-4a\/","og_locale":"es_ES","og_type":"article","og_title":"Cargador est\u00e1ndar Bosch 4A - Thok","og_description":"El robusto y funcional cargador est\u00e1ndar de 4 A para el Bosch eBike System 2 es el cargador universal de Bosch. Ofrece una combinaci\u00f3n ideal de potencia, peso y tama\u00f1o, y es vers\u00e1til. El cargador pesa menos de 800 gramos, incluyendo el cable. El conector de carga mejorado y la pr\u00e1ctica tira de velcro para [&hellip;]","og_url":"https:\/\/www.thokbikes.com\/es\/negozio\/accessoires-et-composants\/batteries-es\/bosch-caricabatterie-standard-4a\/","og_site_name":"Thok","article_publisher":"https:\/\/www.facebook.com\/thokebikes","article_modified_time":"2025-12-12T09:14:08+00:00","og_image":[{"width":1900,"height":1900,"url":"https:\/\/www.thokbikes.com\/wp-content\/uploads\/2025\/09\/Shop-charger-BOSCH.jpg","type":"image\/jpeg"}],"twitter_card":"summary_large_image","twitter_misc":{"Est. reading time":"1 minute"},"schema":{"@context":"https:\/\/schema.org","@graph":[{"@type":"WebPage","@id":"https:\/\/www.thokbikes.com\/es\/negozio\/accessoires-et-composants\/batteries-es\/bosch-caricabatterie-standard-4a\/","url":"https:\/\/www.thokbikes.com\/es\/negozio\/accessoires-et-composants\/batteries-es\/bosch-caricabatterie-standard-4a\/","name":"Cargador est\u00e1ndar Bosch 4A - Thok","isPartOf":{"@id":"https:\/\/www.thokbikes.com\/es\/#website"},"primaryImageOfPage":{"@id":"https:\/\/www.thokbikes.com\/es\/negozio\/accessoires-et-composants\/batteries-es\/bosch-caricabatterie-standard-4a\/#primaryimage"},"image":{"@id":"https:\/\/www.thokbikes.com\/es\/negozio\/accessoires-et-composants\/batteries-es\/bosch-caricabatterie-standard-4a\/#primaryimage"},"thumbnailUrl":"https:\/\/www.thokbikes.com\/wp-content\/uploads\/2025\/09\/Shop-charger-BOSCH.jpg","datePublished":"2025-09-03T04:14:11+00:00","dateModified":"2025-12-12T09:14:08+00:00","breadcrumb":{"@id":"https:\/\/www.thokbikes.com\/es\/negozio\/accessoires-et-composants\/batteries-es\/bosch-caricabatterie-standard-4a\/#breadcrumb"},"inLanguage":"es-ES","potentialAction":[{"@type":"ReadAction","target":["https:\/\/www.thokbikes.com\/es\/negozio\/accessoires-et-composants\/batteries-es\/bosch-caricabatterie-standard-4a\/"]}]},{"@type":"ImageObject","inLanguage":"es-ES","@id":"https:\/\/www.thokbikes.com\/es\/negozio\/accessoires-et-composants\/batteries-es\/bosch-caricabatterie-standard-4a\/#primaryimage","url":"https:\/\/www.thokbikes.com\/wp-content\/uploads\/2025\/09\/Shop-charger-BOSCH.jpg","contentUrl":"https:\/\/www.thokbikes.com\/wp-content\/uploads\/2025\/09\/Shop-charger-BOSCH.jpg","width":1900,"height":1900},{"@type":"BreadcrumbList","@id":"https:\/\/www.thokbikes.com\/es\/negozio\/accessoires-et-composants\/batteries-es\/bosch-caricabatterie-standard-4a\/#breadcrumb","itemListElement":[{"@type":"ListItem","position":1,"name":"Home","item":"https:\/\/www.thokbikes.com\/es\/"},{"@type":"ListItem","position":2,"name":"Shop","item":"https:\/\/www.thokbikes.com\/negozio\/"},{"@type":"ListItem","position":3,"name":"Cargador est\u00e1ndar Bosch 4A"}]},{"@type":"WebSite","@id":"https:\/\/www.thokbikes.com\/es\/#website","url":"https:\/\/www.thokbikes.com\/es\/","name":"Thok E-bikes","description":"","publisher":{"@id":"https:\/\/www.thokbikes.com\/es\/#organization"},"potentialAction":[{"@type":"SearchAction","target":{"@type":"EntryPoint","urlTemplate":"https:\/\/www.thokbikes.com\/es\/?s={search_term_string}"},"query-input":{"@type":"PropertyValueSpecification","valueRequired":true,"valueName":"search_term_string"}}],"inLanguage":"es-ES"},{"@type":"Organization","@id":"https:\/\/www.thokbikes.com\/es\/#organization","name":"Thok E-bikes","url":"https:\/\/www.thokbikes.com\/es\/","logo":{"@type":"ImageObject","inLanguage":"es-ES","@id":"https:\/\/www.thokbikes.com\/es\/#\/schema\/logo\/image\/","url":"https:\/\/www.thokbikes.com\/wp-content\/uploads\/2025\/11\/logo-thok-white.png","contentUrl":"https:\/\/www.thokbikes.com\/wp-content\/uploads\/2025\/11\/logo-thok-white.png","width":1920,"height":281,"caption":"Thok E-bikes"},"image":{"@id":"https:\/\/www.thokbikes.com\/es\/#\/schema\/logo\/image\/"},"sameAs":["https:\/\/www.facebook.com\/thokebikes","https:\/\/www.instagram.com\/thok_ebikes\/","https:\/\/www.youtube.com\/channel\/UC-yfWNxPCJvVdRymE7tA8Ww"]}]}},"_links":{"self":[{"href":"https:\/\/www.thokbikes.com\/es\/wp-json\/wp\/v2\/product\/34013","targetHints":{"allow":["GET"]}}],"collection":[{"href":"https:\/\/www.thokbikes.com\/es\/wp-json\/wp\/v2\/product"}],"about":[{"href":"https:\/\/www.thokbikes.com\/es\/wp-json\/wp\/v2\/types\/product"}],"replies":[{"embeddable":true,"href":"https:\/\/www.thokbikes.com\/es\/wp-json\/wp\/v2\/comments?post=34013"}],"wp:featuredmedia":[{"embeddable":true,"href":"https:\/\/www.thokbikes.com\/es\/wp-json\/wp\/v2\/media\/32974"}],"wp:attachment":[{"href":"https:\/\/www.thokbikes.com\/es\/wp-json\/wp\/v2\/media?parent=34013"}],"wp:term":[{"taxonomy":"product_brand","embeddable":true,"href":"https:\/\/www.thokbikes.com\/es\/wp-json\/wp\/v2\/product_brand?post=34013"},{"taxonomy":"product_cat","embeddable":true,"href":"https:\/\/www.thokbikes.com\/es\/wp-json\/wp\/v2\/product_cat?post=34013"},{"taxonomy":"product_tag","embeddable":true,"href":"https:\/\/www.thokbikes.com\/es\/wp-json\/wp\/v2\/product_tag?post=34013"}],"curies":[{"name":"wp","href":"https:\/\/api.w.org\/{rel}","templated":true}]}}