{"id":34685,"date":"2026-01-17T06:07:45","date_gmt":"2026-01-17T05:07:45","guid":{"rendered":"https:\/\/www.thokbikes.com\/negozio\/uncategorized\/copertone-schwalbe-albert-trail-pro-29x2-6-sf\/"},"modified":"2026-01-20T09:17:41","modified_gmt":"2026-01-20T08:17:41","slug":"neumatico-schwalbe-albert-trail-pro-29x2-6-sf","status":"publish","type":"product","link":"https:\/\/www.thokbikes.com\/es\/negozio\/accessoires-et-composants\/wheels-es\/neumatico-schwalbe-albert-trail-pro-29x2-6-sf\/","title":{"rendered":"NEUM\u00c1TICO SCHWALBE ALBERT TRAIL PRO 29X2.6 SF"},"content":{"rendered":"<p>Neum\u00e1tico trail Tubeless Ready con carcasa radial y compuesto <strong data-start=\"1882\" data-end=\"1896\">ADDIX Soft<\/strong> para tracci\u00f3n y confort excepcionales en terrenos t\u00e9cnicos. El dibujo optimizado ofrece agarre y control al salir de curvas, y la construcci\u00f3n resistente da confianza en e-MTB hasta 50 km\/h. Perfecto para rutas trail y all-mountain exigentes.<\/p>\n","protected":false},"excerpt":{"rendered":"<p>Neum\u00e1tico trail Tubeless Ready con carcasa radial y compuesto ADDIX Soft para tracci\u00f3n y confort excepcionales en terrenos t\u00e9cnicos. El dibujo optimizado ofrece agarre y control al salir de curvas, y la construcci\u00f3n resistente da confianza en e-MTB hasta 50 km\/h. Perfecto para rutas trail y all-mountain exigentes.<\/p>\n","protected":false},"featured_media":34588,"comment_status":"closed","ping_status":"closed","template":"","meta":{"_acf_changed":false},"product_brand":[],"product_cat":[126,290,136],"product_tag":[],"class_list":{"0":"post-34685","1":"product","2":"type-product","3":"status-publish","4":"has-post-thumbnail","6":"product_cat-accessoires-et-composants","7":"product_cat-sales","8":"product_cat-wheels-es","10":"first","11":"instock","12":"taxable","13":"shipping-taxable","14":"purchasable","15":"product-type-simple"},"acf":[],"yoast_head":"<!-- This site is optimized with the Yoast SEO plugin v27.3 - https:\/\/yoast.com\/product\/yoast-seo-wordpress\/ -->\n<title>NEUM\u00c1TICO SCHWALBE ALBERT TRAIL PRO 29X2.6 SF - Thok<\/title>\n<meta name=\"robots\" content=\"index, follow, max-snippet:-1, max-image-preview:large, max-video-preview:-1\" \/>\n<link rel=\"canonical\" href=\"https:\/\/www.thokbikes.com\/es\/negozio\/accessoires-et-composants\/wheels-es\/neumatico-schwalbe-albert-trail-pro-29x2-6-sf\/\" \/>\n<meta property=\"og:locale\" content=\"es_ES\" \/>\n<meta property=\"og:type\" content=\"article\" \/>\n<meta property=\"og:title\" content=\"NEUM\u00c1TICO SCHWALBE ALBERT TRAIL PRO 29X2.6 SF - Thok\" \/>\n<meta property=\"og:description\" content=\"Neum\u00e1tico trail Tubeless Ready con carcasa radial y compuesto ADDIX Soft para tracci\u00f3n y confort excepcionales en terrenos t\u00e9cnicos. El dibujo optimizado ofrece agarre y control al salir de curvas, y la construcci\u00f3n resistente da confianza en e-MTB hasta 50 km\/h. Perfecto para rutas trail y all-mountain exigentes.\" \/>\n<meta property=\"og:url\" content=\"https:\/\/www.thokbikes.com\/es\/negozio\/accessoires-et-composants\/wheels-es\/neumatico-schwalbe-albert-trail-pro-29x2-6-sf\/\" \/>\n<meta property=\"og:site_name\" content=\"Thok\" \/>\n<meta property=\"article:publisher\" content=\"https:\/\/www.facebook.com\/thokebikes\" \/>\n<meta property=\"article:modified_time\" content=\"2026-01-20T08:17:41+00:00\" \/>\n<meta property=\"og:image\" content=\"https:\/\/www.thokbikes.com\/wp-content\/uploads\/2026\/01\/Shop-SCHWALBE-ALBERT-TRAIL-PRO-29X2.6.jpg\" \/>\n\t<meta property=\"og:image:width\" content=\"1900\" \/>\n\t<meta property=\"og:image:height\" content=\"1900\" \/>\n\t<meta property=\"og:image:type\" content=\"image\/jpeg\" \/>\n<meta name=\"twitter:card\" content=\"summary_large_image\" \/>\n<meta name=\"twitter:label1\" content=\"Est. reading time\" \/>\n\t<meta name=\"twitter:data1\" content=\"1 minute\" \/>\n<script type=\"application\/ld+json\" class=\"yoast-schema-graph\">{\"@context\":\"https:\\\/\\\/schema.org\",\"@graph\":[{\"@type\":\"WebPage\",\"@id\":\"https:\\\/\\\/www.thokbikes.com\\\/es\\\/negozio\\\/accessoires-et-composants\\\/wheels-es\\\/neumatico-schwalbe-albert-trail-pro-29x2-6-sf\\\/\",\"url\":\"https:\\\/\\\/www.thokbikes.com\\\/es\\\/negozio\\\/accessoires-et-composants\\\/wheels-es\\\/neumatico-schwalbe-albert-trail-pro-29x2-6-sf\\\/\",\"name\":\"NEUM\u00c1TICO SCHWALBE ALBERT TRAIL PRO 29X2.6 SF - Thok\",\"isPartOf\":{\"@id\":\"https:\\\/\\\/www.thokbikes.com\\\/es\\\/#website\"},\"primaryImageOfPage\":{\"@id\":\"https:\\\/\\\/www.thokbikes.com\\\/es\\\/negozio\\\/accessoires-et-composants\\\/wheels-es\\\/neumatico-schwalbe-albert-trail-pro-29x2-6-sf\\\/#primaryimage\"},\"image\":{\"@id\":\"https:\\\/\\\/www.thokbikes.com\\\/es\\\/negozio\\\/accessoires-et-composants\\\/wheels-es\\\/neumatico-schwalbe-albert-trail-pro-29x2-6-sf\\\/#primaryimage\"},\"thumbnailUrl\":\"https:\\\/\\\/www.thokbikes.com\\\/wp-content\\\/uploads\\\/2026\\\/01\\\/Shop-SCHWALBE-ALBERT-TRAIL-PRO-29X2.6.jpg\",\"datePublished\":\"2026-01-17T05:07:45+00:00\",\"dateModified\":\"2026-01-20T08:17:41+00:00\",\"breadcrumb\":{\"@id\":\"https:\\\/\\\/www.thokbikes.com\\\/es\\\/negozio\\\/accessoires-et-composants\\\/wheels-es\\\/neumatico-schwalbe-albert-trail-pro-29x2-6-sf\\\/#breadcrumb\"},\"inLanguage\":\"es-ES\",\"potentialAction\":[{\"@type\":\"ReadAction\",\"target\":[\"https:\\\/\\\/www.thokbikes.com\\\/es\\\/negozio\\\/accessoires-et-composants\\\/wheels-es\\\/neumatico-schwalbe-albert-trail-pro-29x2-6-sf\\\/\"]}]},{\"@type\":\"ImageObject\",\"inLanguage\":\"es-ES\",\"@id\":\"https:\\\/\\\/www.thokbikes.com\\\/es\\\/negozio\\\/accessoires-et-composants\\\/wheels-es\\\/neumatico-schwalbe-albert-trail-pro-29x2-6-sf\\\/#primaryimage\",\"url\":\"https:\\\/\\\/www.thokbikes.com\\\/wp-content\\\/uploads\\\/2026\\\/01\\\/Shop-SCHWALBE-ALBERT-TRAIL-PRO-29X2.6.jpg\",\"contentUrl\":\"https:\\\/\\\/www.thokbikes.com\\\/wp-content\\\/uploads\\\/2026\\\/01\\\/Shop-SCHWALBE-ALBERT-TRAIL-PRO-29X2.6.jpg\",\"width\":1900,\"height\":1900},{\"@type\":\"BreadcrumbList\",\"@id\":\"https:\\\/\\\/www.thokbikes.com\\\/es\\\/negozio\\\/accessoires-et-composants\\\/wheels-es\\\/neumatico-schwalbe-albert-trail-pro-29x2-6-sf\\\/#breadcrumb\",\"itemListElement\":[{\"@type\":\"ListItem\",\"position\":1,\"name\":\"Home\",\"item\":\"https:\\\/\\\/www.thokbikes.com\\\/es\\\/\"},{\"@type\":\"ListItem\",\"position\":2,\"name\":\"Shop\",\"item\":\"https:\\\/\\\/www.thokbikes.com\\\/negozio\\\/\"},{\"@type\":\"ListItem\",\"position\":3,\"name\":\"NEUM\u00c1TICO SCHWALBE ALBERT TRAIL PRO 29X2.6 SF\"}]},{\"@type\":\"WebSite\",\"@id\":\"https:\\\/\\\/www.thokbikes.com\\\/es\\\/#website\",\"url\":\"https:\\\/\\\/www.thokbikes.com\\\/es\\\/\",\"name\":\"Thok E-bikes\",\"description\":\"\",\"publisher\":{\"@id\":\"https:\\\/\\\/www.thokbikes.com\\\/es\\\/#organization\"},\"potentialAction\":[{\"@type\":\"SearchAction\",\"target\":{\"@type\":\"EntryPoint\",\"urlTemplate\":\"https:\\\/\\\/www.thokbikes.com\\\/es\\\/?s={search_term_string}\"},\"query-input\":{\"@type\":\"PropertyValueSpecification\",\"valueRequired\":true,\"valueName\":\"search_term_string\"}}],\"inLanguage\":\"es-ES\"},{\"@type\":\"Organization\",\"@id\":\"https:\\\/\\\/www.thokbikes.com\\\/es\\\/#organization\",\"name\":\"Thok E-bikes\",\"url\":\"https:\\\/\\\/www.thokbikes.com\\\/es\\\/\",\"logo\":{\"@type\":\"ImageObject\",\"inLanguage\":\"es-ES\",\"@id\":\"https:\\\/\\\/www.thokbikes.com\\\/es\\\/#\\\/schema\\\/logo\\\/image\\\/\",\"url\":\"https:\\\/\\\/www.thokbikes.com\\\/wp-content\\\/uploads\\\/2025\\\/11\\\/logo-thok-white.png\",\"contentUrl\":\"https:\\\/\\\/www.thokbikes.com\\\/wp-content\\\/uploads\\\/2025\\\/11\\\/logo-thok-white.png\",\"width\":1920,\"height\":281,\"caption\":\"Thok E-bikes\"},\"image\":{\"@id\":\"https:\\\/\\\/www.thokbikes.com\\\/es\\\/#\\\/schema\\\/logo\\\/image\\\/\"},\"sameAs\":[\"https:\\\/\\\/www.facebook.com\\\/thokebikes\",\"https:\\\/\\\/www.instagram.com\\\/thok_ebikes\\\/\",\"https:\\\/\\\/www.youtube.com\\\/channel\\\/UC-yfWNxPCJvVdRymE7tA8Ww\"]}]}<\/script>\n<!-- \/ Yoast SEO plugin. -->","yoast_head_json":{"title":"NEUM\u00c1TICO SCHWALBE ALBERT TRAIL PRO 29X2.6 SF - Thok","robots":{"index":"index","follow":"follow","max-snippet":"max-snippet:-1","max-image-preview":"max-image-preview:large","max-video-preview":"max-video-preview:-1"},"canonical":"https:\/\/www.thokbikes.com\/es\/negozio\/accessoires-et-composants\/wheels-es\/neumatico-schwalbe-albert-trail-pro-29x2-6-sf\/","og_locale":"es_ES","og_type":"article","og_title":"NEUM\u00c1TICO SCHWALBE ALBERT TRAIL PRO 29X2.6 SF - Thok","og_description":"Neum\u00e1tico trail Tubeless Ready con carcasa radial y compuesto ADDIX Soft para tracci\u00f3n y confort excepcionales en terrenos t\u00e9cnicos. El dibujo optimizado ofrece agarre y control al salir de curvas, y la construcci\u00f3n resistente da confianza en e-MTB hasta 50 km\/h. Perfecto para rutas trail y all-mountain exigentes.","og_url":"https:\/\/www.thokbikes.com\/es\/negozio\/accessoires-et-composants\/wheels-es\/neumatico-schwalbe-albert-trail-pro-29x2-6-sf\/","og_site_name":"Thok","article_publisher":"https:\/\/www.facebook.com\/thokebikes","article_modified_time":"2026-01-20T08:17:41+00:00","og_image":[{"width":1900,"height":1900,"url":"https:\/\/www.thokbikes.com\/wp-content\/uploads\/2026\/01\/Shop-SCHWALBE-ALBERT-TRAIL-PRO-29X2.6.jpg","type":"image\/jpeg"}],"twitter_card":"summary_large_image","twitter_misc":{"Est. reading time":"1 minute"},"schema":{"@context":"https:\/\/schema.org","@graph":[{"@type":"WebPage","@id":"https:\/\/www.thokbikes.com\/es\/negozio\/accessoires-et-composants\/wheels-es\/neumatico-schwalbe-albert-trail-pro-29x2-6-sf\/","url":"https:\/\/www.thokbikes.com\/es\/negozio\/accessoires-et-composants\/wheels-es\/neumatico-schwalbe-albert-trail-pro-29x2-6-sf\/","name":"NEUM\u00c1TICO SCHWALBE ALBERT TRAIL PRO 29X2.6 SF - Thok","isPartOf":{"@id":"https:\/\/www.thokbikes.com\/es\/#website"},"primaryImageOfPage":{"@id":"https:\/\/www.thokbikes.com\/es\/negozio\/accessoires-et-composants\/wheels-es\/neumatico-schwalbe-albert-trail-pro-29x2-6-sf\/#primaryimage"},"image":{"@id":"https:\/\/www.thokbikes.com\/es\/negozio\/accessoires-et-composants\/wheels-es\/neumatico-schwalbe-albert-trail-pro-29x2-6-sf\/#primaryimage"},"thumbnailUrl":"https:\/\/www.thokbikes.com\/wp-content\/uploads\/2026\/01\/Shop-SCHWALBE-ALBERT-TRAIL-PRO-29X2.6.jpg","datePublished":"2026-01-17T05:07:45+00:00","dateModified":"2026-01-20T08:17:41+00:00","breadcrumb":{"@id":"https:\/\/www.thokbikes.com\/es\/negozio\/accessoires-et-composants\/wheels-es\/neumatico-schwalbe-albert-trail-pro-29x2-6-sf\/#breadcrumb"},"inLanguage":"es-ES","potentialAction":[{"@type":"ReadAction","target":["https:\/\/www.thokbikes.com\/es\/negozio\/accessoires-et-composants\/wheels-es\/neumatico-schwalbe-albert-trail-pro-29x2-6-sf\/"]}]},{"@type":"ImageObject","inLanguage":"es-ES","@id":"https:\/\/www.thokbikes.com\/es\/negozio\/accessoires-et-composants\/wheels-es\/neumatico-schwalbe-albert-trail-pro-29x2-6-sf\/#primaryimage","url":"https:\/\/www.thokbikes.com\/wp-content\/uploads\/2026\/01\/Shop-SCHWALBE-ALBERT-TRAIL-PRO-29X2.6.jpg","contentUrl":"https:\/\/www.thokbikes.com\/wp-content\/uploads\/2026\/01\/Shop-SCHWALBE-ALBERT-TRAIL-PRO-29X2.6.jpg","width":1900,"height":1900},{"@type":"BreadcrumbList","@id":"https:\/\/www.thokbikes.com\/es\/negozio\/accessoires-et-composants\/wheels-es\/neumatico-schwalbe-albert-trail-pro-29x2-6-sf\/#breadcrumb","itemListElement":[{"@type":"ListItem","position":1,"name":"Home","item":"https:\/\/www.thokbikes.com\/es\/"},{"@type":"ListItem","position":2,"name":"Shop","item":"https:\/\/www.thokbikes.com\/negozio\/"},{"@type":"ListItem","position":3,"name":"NEUM\u00c1TICO SCHWALBE ALBERT TRAIL PRO 29X2.6 SF"}]},{"@type":"WebSite","@id":"https:\/\/www.thokbikes.com\/es\/#website","url":"https:\/\/www.thokbikes.com\/es\/","name":"Thok E-bikes","description":"","publisher":{"@id":"https:\/\/www.thokbikes.com\/es\/#organization"},"potentialAction":[{"@type":"SearchAction","target":{"@type":"EntryPoint","urlTemplate":"https:\/\/www.thokbikes.com\/es\/?s={search_term_string}"},"query-input":{"@type":"PropertyValueSpecification","valueRequired":true,"valueName":"search_term_string"}}],"inLanguage":"es-ES"},{"@type":"Organization","@id":"https:\/\/www.thokbikes.com\/es\/#organization","name":"Thok E-bikes","url":"https:\/\/www.thokbikes.com\/es\/","logo":{"@type":"ImageObject","inLanguage":"es-ES","@id":"https:\/\/www.thokbikes.com\/es\/#\/schema\/logo\/image\/","url":"https:\/\/www.thokbikes.com\/wp-content\/uploads\/2025\/11\/logo-thok-white.png","contentUrl":"https:\/\/www.thokbikes.com\/wp-content\/uploads\/2025\/11\/logo-thok-white.png","width":1920,"height":281,"caption":"Thok E-bikes"},"image":{"@id":"https:\/\/www.thokbikes.com\/es\/#\/schema\/logo\/image\/"},"sameAs":["https:\/\/www.facebook.com\/thokebikes","https:\/\/www.instagram.com\/thok_ebikes\/","https:\/\/www.youtube.com\/channel\/UC-yfWNxPCJvVdRymE7tA8Ww"]}]}},"_links":{"self":[{"href":"https:\/\/www.thokbikes.com\/es\/wp-json\/wp\/v2\/product\/34685","targetHints":{"allow":["GET"]}}],"collection":[{"href":"https:\/\/www.thokbikes.com\/es\/wp-json\/wp\/v2\/product"}],"about":[{"href":"https:\/\/www.thokbikes.com\/es\/wp-json\/wp\/v2\/types\/product"}],"replies":[{"embeddable":true,"href":"https:\/\/www.thokbikes.com\/es\/wp-json\/wp\/v2\/comments?post=34685"}],"wp:featuredmedia":[{"embeddable":true,"href":"https:\/\/www.thokbikes.com\/es\/wp-json\/wp\/v2\/media\/34588"}],"wp:attachment":[{"href":"https:\/\/www.thokbikes.com\/es\/wp-json\/wp\/v2\/media?parent=34685"}],"wp:term":[{"taxonomy":"product_brand","embeddable":true,"href":"https:\/\/www.thokbikes.com\/es\/wp-json\/wp\/v2\/product_brand?post=34685"},{"taxonomy":"product_cat","embeddable":true,"href":"https:\/\/www.thokbikes.com\/es\/wp-json\/wp\/v2\/product_cat?post=34685"},{"taxonomy":"product_tag","embeddable":true,"href":"https:\/\/www.thokbikes.com\/es\/wp-json\/wp\/v2\/product_tag?post=34685"}],"curies":[{"name":"wp","href":"https:\/\/api.w.org\/{rel}","templated":true}]}}