{"id":35199,"date":"2026-01-22T06:07:52","date_gmt":"2026-01-22T05:07:52","guid":{"rendered":"https:\/\/www.thokbikes.com\/?post_type=product&#038;p=35199"},"modified":"2026-01-26T12:30:18","modified_gmt":"2026-01-26T11:30:18","slug":"gram-rc-talla-s","status":"publish","type":"product","link":"https:\/\/www.thokbikes.com\/es\/negozio\/outlet-es\/gram-rc-talla-s\/","title":{"rendered":"GRAM-RC TALLA S"},"content":{"rendered":"<p><a href=\"https:\/\/www.thokbikes.com\/fr\/negozio\/enduro-fr\/gram-rc\/?_gl=1*ee8v1i*_up*MQ..*_ga*NzM1MTMzNDQ3LjE3Njk0MjY3NDM.*_ga_3GF2R6LVG2*czE3Njk0MjY3NDMkbzEkZzEkdDE3Njk0MjY3NzYkajI3JGwwJGgw*_ga_N67CFYW2FY*czE3Njk0MjY3NDMkbzEkZzEkdDE3Njk0MjY3NzYkajI3JGwwJGgw\">Descubre m\u00e1s<\/a><\/p>\n<ul>\n<li style=\"list-style-type: none;\">\n<ul>\n<li style=\"list-style-type: none;\">\n<ul>\n<li data-start=\"1751\" data-end=\"1919\"><strong data-start=\"1751\" data-end=\"1762\">MODELO:<\/strong> THOK &#8211; GRAM-RC<\/li>\n<li data-start=\"1751\" data-end=\"1919\"><strong data-start=\"1787\" data-end=\"1797\">TALLA:<\/strong> S (<strong>\u00daltimas unidades disponibles<\/strong>)<\/li>\n<li data-start=\"1751\" data-end=\"1919\"><strong data-start=\"1802\" data-end=\"1809\">KM:<\/strong> 0<\/li>\n<li data-start=\"1751\" data-end=\"1919\"><strong data-start=\"1814\" data-end=\"1823\">TIPO: <\/strong>Bicicleta de exposici\u00f3n<\/li>\n<li data-start=\"1751\" data-end=\"1919\"><strong data-start=\"1848\" data-end=\"1876\">DURACI\u00d3N DE LA GARANT\u00cdA:<\/strong> 24 meses<\/li>\n<\/ul>\n<\/li>\n<\/ul>\n<\/li>\n<\/ul>\n<p data-start=\"1921\" data-end=\"2176\"><strong data-start=\"1921\" data-end=\"1950\">Caracter\u00edsticas t\u00e9cnicas:<\/strong><br data-start=\"1950\" data-end=\"1953\" \/>Cuadro de fibra de carbono, motor SHIMANO EP8, bater\u00eda integrada de 630Wh, recorrido delantero de 170 mm, frenos Shimano Deore XT, ruedas mullet, tija telesc\u00f3pica.<\/p>\n<p data-start=\"2178\" data-end=\"2326\"><strong data-start=\"2178\" data-end=\"2194\">Descripci\u00f3n:<\/strong><br data-start=\"2194\" data-end=\"2197\" \/>Bicicleta utilizada como modelo de exposici\u00f3n en ferias y eventos. Kilometraje cero, sin signos de desgaste en el cuadro ni en los componentes.<\/p>\n<p data-start=\"2178\" data-end=\"2326\"><strong>Componentes<\/strong>:<\/p>\n<ul>\n<li style=\"list-style-type: none;\">\n<ul>\n<li><strong>FRAME<\/strong>: THOK \u2013 Unidirectional full carbon fiber, headtube tapered 1.8, 29\u2033\/27,5\u2033 geometry, integrated down tube battery, UDH Hanger tecnology, enclosed internal cable, fully sealed cartridge bearing, 170 mm travel<\/li>\n<li><strong>SIZE<\/strong>: S (154 \u2013 165cm) M (166 \u2013 174 cm) L (175- 184 cm) XL (185 \u2013 200cm)<\/li>\n<li><strong>MOTOR &amp; BATTERY<\/strong>: SHIMANO EP8 \u2013 85 Nm (250W) \u2013 integrated Shimano 630 Wh<\/li>\n<li><strong>DISPLAY &amp; SWITCH CONTROL<\/strong>: SHIMANO \u2013 SC-EM800 LCD color display with remote control SC-EM800 (Eco, Trail, Boost e Power-Walk)<\/li>\n<li><strong>FORK<\/strong>: FOX \u2013 38 Float Factory Kashima 29\u2033 Boost, GRIP2, 180 mm travel.<\/li>\n<li><strong>SHOCK<\/strong>: FOX \u2013 X2 Float Factory Kashima, 2 Pos Adj, THOK Custom tuned, 230\u00d765<\/li>\n<li><strong>BRAKE<\/strong>: SHIMANO \u2013 Deore XT, 4 piston, 203mm rotors<\/li>\n<li><strong>REAR DERAILLEUR<\/strong>: SRAM \u2013 GX Eagle AXS<\/li>\n<li><strong>SHIFT LEVER<\/strong>: SRAM \u2013 GX Eagle AXS<\/li>\n<li><strong>CASSETTE<\/strong>: SRAM \u2013 X-Glide 12S, 10-50T<\/li>\n<li><strong>CHAIN<\/strong>: SRAM \u2013 Eagle 12S<\/li>\n<li><strong>CRANKSET &amp; CHAINRING<\/strong>: FSA 165mm \u2013 chainring 34T<\/li>\n<li><strong>WHEELS<\/strong>: CRANKBROTHERS \u2013 Synthesis Alloy Ebike, front 29\u2033x 30 mm ; rear 27.5\u2033x 35 mm<\/li>\n<li><strong>STEM<\/strong>: THOK \u2013 Alloy with front clamp oversize 35 mm, ext 35 mm<\/li>\n<li><strong>HANDLEBAR<\/strong>: RENTHAL \u2013 Fatbar Carbon, rise 20 mm, width 800mm<\/li>\n<li><strong>GRIPS<\/strong>: THOK \u2013 Lock-On grip, regular size<\/li>\n<li><strong>TIRES<\/strong>: MAXXIS \u2013 Assegai 29\u00d72.6 ant. e 27.5\u00d72.6 post. 3C \/ EXO+ \/ TR<\/li>\n<li><strong>SEAT POST<\/strong>: THOK dropper post micro height adjustable, remote control (S\/125 mm \u2013 M\/150 \u2013 L\/XL 170 mm)<\/li>\n<li><strong>SADDLE<\/strong>: THOK Fit in hollow Cr.Mo rail<\/li>\n<li><strong>CRANK<\/strong>: Flat polyethylene pedals<\/li>\n<li><strong>WEIGHT<\/strong>: 23,3kg size M without pedals<\/li>\n<\/ul>\n<\/li>\n<\/ul>\n","protected":false},"excerpt":{"rendered":"<p>Descubre m\u00e1s MODELO: THOK &#8211; GRAM-RC TALLA: S (\u00daltimas unidades disponibles) KM: 0 TIPO: Bicicleta de exposici\u00f3n DURACI\u00d3N DE LA GARANT\u00cdA: 24 meses Caracter\u00edsticas t\u00e9cnicas:Cuadro de fibra de carbono, motor SHIMANO EP8, bater\u00eda integrada de 630Wh, recorrido delantero de 170 mm, frenos Shimano Deore XT, ruedas mullet, tija telesc\u00f3pica. Descripci\u00f3n:Bicicleta utilizada como modelo de exposici\u00f3n [&hellip;]<\/p>\n","protected":false},"featured_media":29941,"comment_status":"closed","ping_status":"closed","template":"","meta":{"_acf_changed":false},"product_brand":[],"product_cat":[265],"product_tag":[],"class_list":{"0":"post-35199","1":"product","2":"type-product","3":"status-publish","4":"has-post-thumbnail","6":"product_cat-outlet-es","8":"first","9":"instock","10":"taxable","11":"shipping-taxable","12":"purchasable","13":"product-type-simple"},"acf":[],"yoast_head":"<!-- This site is optimized with the Yoast SEO plugin v27.3 - https:\/\/yoast.com\/product\/yoast-seo-wordpress\/ -->\n<title>GRAM-RC TALLA S - Thok<\/title>\n<meta name=\"robots\" content=\"index, follow, max-snippet:-1, max-image-preview:large, max-video-preview:-1\" \/>\n<link rel=\"canonical\" href=\"https:\/\/www.thokbikes.com\/es\/negozio\/outlet-es\/gram-rc-talla-s\/\" \/>\n<meta property=\"og:locale\" content=\"es_ES\" \/>\n<meta property=\"og:type\" content=\"article\" \/>\n<meta property=\"og:title\" content=\"GRAM-RC TALLA S - Thok\" \/>\n<meta property=\"og:description\" content=\"Descubre m\u00e1s MODELO: THOK &#8211; GRAM-RC TALLA: S (\u00daltimas unidades disponibles) KM: 0 TIPO: Bicicleta de exposici\u00f3n DURACI\u00d3N DE LA GARANT\u00cdA: 24 meses Caracter\u00edsticas t\u00e9cnicas:Cuadro de fibra de carbono, motor SHIMANO EP8, bater\u00eda integrada de 630Wh, recorrido delantero de 170 mm, frenos Shimano Deore XT, ruedas mullet, tija telesc\u00f3pica. Descripci\u00f3n:Bicicleta utilizada como modelo de exposici\u00f3n [&hellip;]\" \/>\n<meta property=\"og:url\" content=\"https:\/\/www.thokbikes.com\/es\/negozio\/outlet-es\/gram-rc-talla-s\/\" \/>\n<meta property=\"og:site_name\" content=\"Thok\" \/>\n<meta property=\"article:publisher\" content=\"https:\/\/www.facebook.com\/thokebikes\" \/>\n<meta property=\"article:modified_time\" content=\"2026-01-26T11:30:18+00:00\" \/>\n<meta property=\"og:image\" content=\"https:\/\/www.thokbikes.com\/wp-content\/uploads\/2025\/07\/Outlet-GRAM-RC.jpg\" \/>\n\t<meta property=\"og:image:width\" content=\"900\" \/>\n\t<meta property=\"og:image:height\" content=\"900\" \/>\n\t<meta property=\"og:image:type\" content=\"image\/jpeg\" \/>\n<meta name=\"twitter:card\" content=\"summary_large_image\" \/>\n<meta name=\"twitter:label1\" content=\"Est. reading time\" \/>\n\t<meta name=\"twitter:data1\" content=\"2 minutes\" \/>\n<script type=\"application\/ld+json\" class=\"yoast-schema-graph\">{\"@context\":\"https:\\\/\\\/schema.org\",\"@graph\":[{\"@type\":\"WebPage\",\"@id\":\"https:\\\/\\\/www.thokbikes.com\\\/es\\\/negozio\\\/outlet-es\\\/gram-rc-talla-s\\\/\",\"url\":\"https:\\\/\\\/www.thokbikes.com\\\/es\\\/negozio\\\/outlet-es\\\/gram-rc-talla-s\\\/\",\"name\":\"GRAM-RC TALLA S - Thok\",\"isPartOf\":{\"@id\":\"https:\\\/\\\/www.thokbikes.com\\\/es\\\/#website\"},\"primaryImageOfPage\":{\"@id\":\"https:\\\/\\\/www.thokbikes.com\\\/es\\\/negozio\\\/outlet-es\\\/gram-rc-talla-s\\\/#primaryimage\"},\"image\":{\"@id\":\"https:\\\/\\\/www.thokbikes.com\\\/es\\\/negozio\\\/outlet-es\\\/gram-rc-talla-s\\\/#primaryimage\"},\"thumbnailUrl\":\"https:\\\/\\\/www.thokbikes.com\\\/wp-content\\\/uploads\\\/2025\\\/07\\\/Outlet-GRAM-RC.jpg\",\"datePublished\":\"2026-01-22T05:07:52+00:00\",\"dateModified\":\"2026-01-26T11:30:18+00:00\",\"breadcrumb\":{\"@id\":\"https:\\\/\\\/www.thokbikes.com\\\/es\\\/negozio\\\/outlet-es\\\/gram-rc-talla-s\\\/#breadcrumb\"},\"inLanguage\":\"es-ES\",\"potentialAction\":[{\"@type\":\"ReadAction\",\"target\":[\"https:\\\/\\\/www.thokbikes.com\\\/es\\\/negozio\\\/outlet-es\\\/gram-rc-talla-s\\\/\"]}]},{\"@type\":\"ImageObject\",\"inLanguage\":\"es-ES\",\"@id\":\"https:\\\/\\\/www.thokbikes.com\\\/es\\\/negozio\\\/outlet-es\\\/gram-rc-talla-s\\\/#primaryimage\",\"url\":\"https:\\\/\\\/www.thokbikes.com\\\/wp-content\\\/uploads\\\/2025\\\/07\\\/Outlet-GRAM-RC.jpg\",\"contentUrl\":\"https:\\\/\\\/www.thokbikes.com\\\/wp-content\\\/uploads\\\/2025\\\/07\\\/Outlet-GRAM-RC.jpg\",\"width\":900,\"height\":900},{\"@type\":\"BreadcrumbList\",\"@id\":\"https:\\\/\\\/www.thokbikes.com\\\/es\\\/negozio\\\/outlet-es\\\/gram-rc-talla-s\\\/#breadcrumb\",\"itemListElement\":[{\"@type\":\"ListItem\",\"position\":1,\"name\":\"Home\",\"item\":\"https:\\\/\\\/www.thokbikes.com\\\/es\\\/\"},{\"@type\":\"ListItem\",\"position\":2,\"name\":\"Shop\",\"item\":\"https:\\\/\\\/www.thokbikes.com\\\/negozio\\\/\"},{\"@type\":\"ListItem\",\"position\":3,\"name\":\"GRAM-RC TALLA S\"}]},{\"@type\":\"WebSite\",\"@id\":\"https:\\\/\\\/www.thokbikes.com\\\/es\\\/#website\",\"url\":\"https:\\\/\\\/www.thokbikes.com\\\/es\\\/\",\"name\":\"Thok E-bikes\",\"description\":\"\",\"publisher\":{\"@id\":\"https:\\\/\\\/www.thokbikes.com\\\/es\\\/#organization\"},\"potentialAction\":[{\"@type\":\"SearchAction\",\"target\":{\"@type\":\"EntryPoint\",\"urlTemplate\":\"https:\\\/\\\/www.thokbikes.com\\\/es\\\/?s={search_term_string}\"},\"query-input\":{\"@type\":\"PropertyValueSpecification\",\"valueRequired\":true,\"valueName\":\"search_term_string\"}}],\"inLanguage\":\"es-ES\"},{\"@type\":\"Organization\",\"@id\":\"https:\\\/\\\/www.thokbikes.com\\\/es\\\/#organization\",\"name\":\"Thok E-bikes\",\"url\":\"https:\\\/\\\/www.thokbikes.com\\\/es\\\/\",\"logo\":{\"@type\":\"ImageObject\",\"inLanguage\":\"es-ES\",\"@id\":\"https:\\\/\\\/www.thokbikes.com\\\/es\\\/#\\\/schema\\\/logo\\\/image\\\/\",\"url\":\"https:\\\/\\\/www.thokbikes.com\\\/wp-content\\\/uploads\\\/2025\\\/11\\\/logo-thok-white.png\",\"contentUrl\":\"https:\\\/\\\/www.thokbikes.com\\\/wp-content\\\/uploads\\\/2025\\\/11\\\/logo-thok-white.png\",\"width\":1920,\"height\":281,\"caption\":\"Thok E-bikes\"},\"image\":{\"@id\":\"https:\\\/\\\/www.thokbikes.com\\\/es\\\/#\\\/schema\\\/logo\\\/image\\\/\"},\"sameAs\":[\"https:\\\/\\\/www.facebook.com\\\/thokebikes\",\"https:\\\/\\\/www.instagram.com\\\/thok_ebikes\\\/\",\"https:\\\/\\\/www.youtube.com\\\/channel\\\/UC-yfWNxPCJvVdRymE7tA8Ww\"]}]}<\/script>\n<!-- \/ Yoast SEO plugin. -->","yoast_head_json":{"title":"GRAM-RC TALLA S - Thok","robots":{"index":"index","follow":"follow","max-snippet":"max-snippet:-1","max-image-preview":"max-image-preview:large","max-video-preview":"max-video-preview:-1"},"canonical":"https:\/\/www.thokbikes.com\/es\/negozio\/outlet-es\/gram-rc-talla-s\/","og_locale":"es_ES","og_type":"article","og_title":"GRAM-RC TALLA S - Thok","og_description":"Descubre m\u00e1s MODELO: THOK &#8211; GRAM-RC TALLA: S (\u00daltimas unidades disponibles) KM: 0 TIPO: Bicicleta de exposici\u00f3n DURACI\u00d3N DE LA GARANT\u00cdA: 24 meses Caracter\u00edsticas t\u00e9cnicas:Cuadro de fibra de carbono, motor SHIMANO EP8, bater\u00eda integrada de 630Wh, recorrido delantero de 170 mm, frenos Shimano Deore XT, ruedas mullet, tija telesc\u00f3pica. Descripci\u00f3n:Bicicleta utilizada como modelo de exposici\u00f3n [&hellip;]","og_url":"https:\/\/www.thokbikes.com\/es\/negozio\/outlet-es\/gram-rc-talla-s\/","og_site_name":"Thok","article_publisher":"https:\/\/www.facebook.com\/thokebikes","article_modified_time":"2026-01-26T11:30:18+00:00","og_image":[{"width":900,"height":900,"url":"https:\/\/www.thokbikes.com\/wp-content\/uploads\/2025\/07\/Outlet-GRAM-RC.jpg","type":"image\/jpeg"}],"twitter_card":"summary_large_image","twitter_misc":{"Est. reading time":"2 minutes"},"schema":{"@context":"https:\/\/schema.org","@graph":[{"@type":"WebPage","@id":"https:\/\/www.thokbikes.com\/es\/negozio\/outlet-es\/gram-rc-talla-s\/","url":"https:\/\/www.thokbikes.com\/es\/negozio\/outlet-es\/gram-rc-talla-s\/","name":"GRAM-RC TALLA S - Thok","isPartOf":{"@id":"https:\/\/www.thokbikes.com\/es\/#website"},"primaryImageOfPage":{"@id":"https:\/\/www.thokbikes.com\/es\/negozio\/outlet-es\/gram-rc-talla-s\/#primaryimage"},"image":{"@id":"https:\/\/www.thokbikes.com\/es\/negozio\/outlet-es\/gram-rc-talla-s\/#primaryimage"},"thumbnailUrl":"https:\/\/www.thokbikes.com\/wp-content\/uploads\/2025\/07\/Outlet-GRAM-RC.jpg","datePublished":"2026-01-22T05:07:52+00:00","dateModified":"2026-01-26T11:30:18+00:00","breadcrumb":{"@id":"https:\/\/www.thokbikes.com\/es\/negozio\/outlet-es\/gram-rc-talla-s\/#breadcrumb"},"inLanguage":"es-ES","potentialAction":[{"@type":"ReadAction","target":["https:\/\/www.thokbikes.com\/es\/negozio\/outlet-es\/gram-rc-talla-s\/"]}]},{"@type":"ImageObject","inLanguage":"es-ES","@id":"https:\/\/www.thokbikes.com\/es\/negozio\/outlet-es\/gram-rc-talla-s\/#primaryimage","url":"https:\/\/www.thokbikes.com\/wp-content\/uploads\/2025\/07\/Outlet-GRAM-RC.jpg","contentUrl":"https:\/\/www.thokbikes.com\/wp-content\/uploads\/2025\/07\/Outlet-GRAM-RC.jpg","width":900,"height":900},{"@type":"BreadcrumbList","@id":"https:\/\/www.thokbikes.com\/es\/negozio\/outlet-es\/gram-rc-talla-s\/#breadcrumb","itemListElement":[{"@type":"ListItem","position":1,"name":"Home","item":"https:\/\/www.thokbikes.com\/es\/"},{"@type":"ListItem","position":2,"name":"Shop","item":"https:\/\/www.thokbikes.com\/negozio\/"},{"@type":"ListItem","position":3,"name":"GRAM-RC TALLA S"}]},{"@type":"WebSite","@id":"https:\/\/www.thokbikes.com\/es\/#website","url":"https:\/\/www.thokbikes.com\/es\/","name":"Thok E-bikes","description":"","publisher":{"@id":"https:\/\/www.thokbikes.com\/es\/#organization"},"potentialAction":[{"@type":"SearchAction","target":{"@type":"EntryPoint","urlTemplate":"https:\/\/www.thokbikes.com\/es\/?s={search_term_string}"},"query-input":{"@type":"PropertyValueSpecification","valueRequired":true,"valueName":"search_term_string"}}],"inLanguage":"es-ES"},{"@type":"Organization","@id":"https:\/\/www.thokbikes.com\/es\/#organization","name":"Thok E-bikes","url":"https:\/\/www.thokbikes.com\/es\/","logo":{"@type":"ImageObject","inLanguage":"es-ES","@id":"https:\/\/www.thokbikes.com\/es\/#\/schema\/logo\/image\/","url":"https:\/\/www.thokbikes.com\/wp-content\/uploads\/2025\/11\/logo-thok-white.png","contentUrl":"https:\/\/www.thokbikes.com\/wp-content\/uploads\/2025\/11\/logo-thok-white.png","width":1920,"height":281,"caption":"Thok E-bikes"},"image":{"@id":"https:\/\/www.thokbikes.com\/es\/#\/schema\/logo\/image\/"},"sameAs":["https:\/\/www.facebook.com\/thokebikes","https:\/\/www.instagram.com\/thok_ebikes\/","https:\/\/www.youtube.com\/channel\/UC-yfWNxPCJvVdRymE7tA8Ww"]}]}},"_links":{"self":[{"href":"https:\/\/www.thokbikes.com\/es\/wp-json\/wp\/v2\/product\/35199","targetHints":{"allow":["GET"]}}],"collection":[{"href":"https:\/\/www.thokbikes.com\/es\/wp-json\/wp\/v2\/product"}],"about":[{"href":"https:\/\/www.thokbikes.com\/es\/wp-json\/wp\/v2\/types\/product"}],"replies":[{"embeddable":true,"href":"https:\/\/www.thokbikes.com\/es\/wp-json\/wp\/v2\/comments?post=35199"}],"wp:featuredmedia":[{"embeddable":true,"href":"https:\/\/www.thokbikes.com\/es\/wp-json\/wp\/v2\/media\/29941"}],"wp:attachment":[{"href":"https:\/\/www.thokbikes.com\/es\/wp-json\/wp\/v2\/media?parent=35199"}],"wp:term":[{"taxonomy":"product_brand","embeddable":true,"href":"https:\/\/www.thokbikes.com\/es\/wp-json\/wp\/v2\/product_brand?post=35199"},{"taxonomy":"product_cat","embeddable":true,"href":"https:\/\/www.thokbikes.com\/es\/wp-json\/wp\/v2\/product_cat?post=35199"},{"taxonomy":"product_tag","embeddable":true,"href":"https:\/\/www.thokbikes.com\/es\/wp-json\/wp\/v2\/product_tag?post=35199"}],"curies":[{"name":"wp","href":"https:\/\/api.w.org\/{rel}","templated":true}]}}