{"id":35209,"date":"2025-10-16T06:14:26","date_gmt":"2025-10-16T04:14:26","guid":{"rendered":"https:\/\/www.thokbikes.com\/?post_type=product&#038;p=35209"},"modified":"2026-01-26T20:42:10","modified_gmt":"2026-01-26T19:42:10","slug":"mig-r-talla-l-expo","status":"publish","type":"product","link":"https:\/\/www.thokbikes.com\/es\/negozio\/outlet-es\/mig-r-talla-l-expo\/","title":{"rendered":"MIG-R Talla L &#8211; EXPO"},"content":{"rendered":"<ul>\n<li><strong>MODELO<\/strong>: THOK \u2013 MIG-R<\/li>\n<li><strong>TALLA<\/strong>: L<\/li>\n<li><strong>KM<\/strong>: 0<\/li>\n<li><strong>TIPO<\/strong>: Bicicleta de exposici\u00f3n<\/li>\n<li><strong>DURACI\u00d3N DE LA GARANT\u00cdA<\/strong>: 24 meses<\/li>\n<\/ul>\n<p><strong>Caracter\u00edsticas T\u00e9cnicas<\/strong>:<br \/>\nAll-mountain con cuadro de aluminio, motor Shimano EP8, bater\u00eda de 630Wh, recorrido delantero de 150 mm, frenos de 4 pistones, ruedas mullet, tija telesc\u00f3pica.<\/p>\n<p><strong>Descripci\u00f3n<\/strong>:<br \/>\nBicicleta utilizada como modelo de exposici\u00f3n en ferias y eventos. Kilometraje cero, sin signos de desgaste en el cuadro ni en los componentes.<\/p>\n<p><strong>Componentes<\/strong>:<\/p>\n<ul>\n<li><strong>FRAME<\/strong>: Alloy frame 6061 T4 T6 with 140mm rear travel, forged and CNC parts, hydroformed tubes, geometry 29\u2033\/27.5\u2033, semi-integrated battery<\/li>\n<li><strong>SIZES<\/strong>: S (154 \u2013 165cm) M (166 \u2013 174 cm) L (175- 184 cm) XL (185 \u2013 200cm)<\/li>\n<li><strong>POWER SUPPLY<\/strong>: SHIMANO STEPS EP8 \u2013 85 Nm (250W) \u2013 630 Wh waterproof battery<\/li>\n<li><strong>DISPLAY and SHIFTER<\/strong>: Cyclo Computer SC-E7000 with 1,39\u2033 display \u2013 SW-E7000 ergonomic controller (Eco, Trail, Boost e Power-Walk)<\/li>\n<li><strong>FORK<\/strong>: FOX \u2013 RHYTHM, 36 Float 150 mm, boost 29\u2033<\/li>\n<li><strong>REAR SHOCK<\/strong>: FOX \u2013 DPS , THOK personalized setup 210\u00d755<\/li>\n<li><strong>BRAKES<\/strong>: SRAM \u2013 GUIDE RE, 4 piston, hydraulic brakes \u2013 rotor 203 mm<\/li>\n<li><strong>REAR DERALLIEUR<\/strong>: SRAM \u2013 GX Eagle 12 S<\/li>\n<li><strong>SHIFTING<\/strong>: SRAM \u2013 NX Eagle trigger 12 S<\/li>\n<li><strong>CASSETTE<\/strong>: SRAM \u2013 Eagle 12 S ; 11-50<\/li>\n<li><strong>CHAIN<\/strong>: SRAM \u2013 12 S<\/li>\n<li><strong>CRANK<\/strong>: FSA 165 mm with chainring 34 T<\/li>\n<li><strong>WHEELSET<\/strong>: MAVIC rims \u2013 29\u2033x30 mm front and 27.5\u2033x35 mm rear<\/li>\n<li><strong>STEM<\/strong>: THOK CNC, oversize 35 mm, lenght 45mm<\/li>\n<li><strong>HANDLEBAR<\/strong>: THOK Oversize bar 35 mm, size 20 mm<\/li>\n<li><strong>GRIP<\/strong>: THOK \u2013 Lock-On grip<\/li>\n<li><strong>TIRES<\/strong>: MAXXIS \u2013 Assegai 29\u2033 (Size S 27,5\u2033) \/ 27,5\u2033 x 2.6 3C \/ EXO+ \/ TR<\/li>\n<li><strong>SEATPOST<\/strong>: THOK \u2013 Dropper post (125 mm size S \u2013 150 mm other size)<\/li>\n<li><strong>SADDLE<\/strong>: THOK \u2013 Fit in Chromo<\/li>\n<li><strong>PEDALS<\/strong>: NW 482S in polietilen<\/li>\n<li><strong>WEIGHT<\/strong>: 23,8 Kg (Medium size without pedals)<\/li>\n<\/ul>\n","protected":false},"excerpt":{"rendered":"<p>MODELO: THOK \u2013 MIG-R TALLA: L KM: 0 TIPO: Bicicleta de exposici\u00f3n DURACI\u00d3N DE LA GARANT\u00cdA: 24 meses Caracter\u00edsticas T\u00e9cnicas: All-mountain con cuadro de aluminio, motor Shimano EP8, bater\u00eda de 630Wh, recorrido delantero de 150 mm, frenos de 4 pistones, ruedas mullet, tija telesc\u00f3pica. Descripci\u00f3n: Bicicleta utilizada como modelo de exposici\u00f3n en ferias y eventos. [&hellip;]<\/p>\n","protected":false},"featured_media":29911,"comment_status":"closed","ping_status":"closed","template":"","meta":{"_acf_changed":false},"product_brand":[],"product_cat":[265],"product_tag":[],"class_list":{"0":"post-35209","1":"product","2":"type-product","3":"status-publish","4":"has-post-thumbnail","6":"product_cat-outlet-es","8":"first","9":"instock","10":"taxable","11":"shipping-taxable","12":"purchasable","13":"product-type-simple"},"acf":[],"yoast_head":"<!-- This site is optimized with the Yoast SEO plugin v27.3 - https:\/\/yoast.com\/product\/yoast-seo-wordpress\/ -->\n<title>MIG-R Talla L - EXPO - Thok<\/title>\n<meta name=\"robots\" content=\"index, follow, max-snippet:-1, max-image-preview:large, max-video-preview:-1\" \/>\n<link rel=\"canonical\" href=\"https:\/\/www.thokbikes.com\/es\/negozio\/outlet-es\/mig-r-talla-l-expo\/\" \/>\n<meta property=\"og:locale\" content=\"es_ES\" \/>\n<meta property=\"og:type\" content=\"article\" \/>\n<meta property=\"og:title\" content=\"MIG-R Talla L - EXPO - Thok\" \/>\n<meta property=\"og:description\" content=\"MODELO: THOK \u2013 MIG-R TALLA: L KM: 0 TIPO: Bicicleta de exposici\u00f3n DURACI\u00d3N DE LA GARANT\u00cdA: 24 meses Caracter\u00edsticas T\u00e9cnicas: All-mountain con cuadro de aluminio, motor Shimano EP8, bater\u00eda de 630Wh, recorrido delantero de 150 mm, frenos de 4 pistones, ruedas mullet, tija telesc\u00f3pica. Descripci\u00f3n: Bicicleta utilizada como modelo de exposici\u00f3n en ferias y eventos. [&hellip;]\" \/>\n<meta property=\"og:url\" content=\"https:\/\/www.thokbikes.com\/es\/negozio\/outlet-es\/mig-r-talla-l-expo\/\" \/>\n<meta property=\"og:site_name\" content=\"Thok\" \/>\n<meta property=\"article:publisher\" content=\"https:\/\/www.facebook.com\/thokebikes\" \/>\n<meta property=\"article:modified_time\" content=\"2026-01-26T19:42:10+00:00\" \/>\n<meta property=\"og:image\" content=\"https:\/\/www.thokbikes.com\/wp-content\/uploads\/2025\/07\/Outlet-MIG-R.jpg\" \/>\n\t<meta property=\"og:image:width\" content=\"900\" \/>\n\t<meta property=\"og:image:height\" content=\"900\" \/>\n\t<meta property=\"og:image:type\" content=\"image\/jpeg\" \/>\n<meta name=\"twitter:card\" content=\"summary_large_image\" \/>\n<meta name=\"twitter:label1\" content=\"Est. reading time\" \/>\n\t<meta name=\"twitter:data1\" content=\"2 minutes\" \/>\n<script type=\"application\/ld+json\" class=\"yoast-schema-graph\">{\"@context\":\"https:\\\/\\\/schema.org\",\"@graph\":[{\"@type\":\"WebPage\",\"@id\":\"https:\\\/\\\/www.thokbikes.com\\\/es\\\/negozio\\\/outlet-es\\\/mig-r-talla-l-expo\\\/\",\"url\":\"https:\\\/\\\/www.thokbikes.com\\\/es\\\/negozio\\\/outlet-es\\\/mig-r-talla-l-expo\\\/\",\"name\":\"MIG-R Talla L - EXPO - Thok\",\"isPartOf\":{\"@id\":\"https:\\\/\\\/www.thokbikes.com\\\/es\\\/#website\"},\"primaryImageOfPage\":{\"@id\":\"https:\\\/\\\/www.thokbikes.com\\\/es\\\/negozio\\\/outlet-es\\\/mig-r-talla-l-expo\\\/#primaryimage\"},\"image\":{\"@id\":\"https:\\\/\\\/www.thokbikes.com\\\/es\\\/negozio\\\/outlet-es\\\/mig-r-talla-l-expo\\\/#primaryimage\"},\"thumbnailUrl\":\"https:\\\/\\\/www.thokbikes.com\\\/wp-content\\\/uploads\\\/2025\\\/07\\\/Outlet-MIG-R.jpg\",\"datePublished\":\"2025-10-16T04:14:26+00:00\",\"dateModified\":\"2026-01-26T19:42:10+00:00\",\"breadcrumb\":{\"@id\":\"https:\\\/\\\/www.thokbikes.com\\\/es\\\/negozio\\\/outlet-es\\\/mig-r-talla-l-expo\\\/#breadcrumb\"},\"inLanguage\":\"es-ES\",\"potentialAction\":[{\"@type\":\"ReadAction\",\"target\":[\"https:\\\/\\\/www.thokbikes.com\\\/es\\\/negozio\\\/outlet-es\\\/mig-r-talla-l-expo\\\/\"]}]},{\"@type\":\"ImageObject\",\"inLanguage\":\"es-ES\",\"@id\":\"https:\\\/\\\/www.thokbikes.com\\\/es\\\/negozio\\\/outlet-es\\\/mig-r-talla-l-expo\\\/#primaryimage\",\"url\":\"https:\\\/\\\/www.thokbikes.com\\\/wp-content\\\/uploads\\\/2025\\\/07\\\/Outlet-MIG-R.jpg\",\"contentUrl\":\"https:\\\/\\\/www.thokbikes.com\\\/wp-content\\\/uploads\\\/2025\\\/07\\\/Outlet-MIG-R.jpg\",\"width\":900,\"height\":900},{\"@type\":\"BreadcrumbList\",\"@id\":\"https:\\\/\\\/www.thokbikes.com\\\/es\\\/negozio\\\/outlet-es\\\/mig-r-talla-l-expo\\\/#breadcrumb\",\"itemListElement\":[{\"@type\":\"ListItem\",\"position\":1,\"name\":\"Home\",\"item\":\"https:\\\/\\\/www.thokbikes.com\\\/es\\\/\"},{\"@type\":\"ListItem\",\"position\":2,\"name\":\"Shop\",\"item\":\"https:\\\/\\\/www.thokbikes.com\\\/negozio\\\/\"},{\"@type\":\"ListItem\",\"position\":3,\"name\":\"MIG-R Talla L &#8211; EXPO\"}]},{\"@type\":\"WebSite\",\"@id\":\"https:\\\/\\\/www.thokbikes.com\\\/es\\\/#website\",\"url\":\"https:\\\/\\\/www.thokbikes.com\\\/es\\\/\",\"name\":\"Thok E-bikes\",\"description\":\"\",\"publisher\":{\"@id\":\"https:\\\/\\\/www.thokbikes.com\\\/es\\\/#organization\"},\"potentialAction\":[{\"@type\":\"SearchAction\",\"target\":{\"@type\":\"EntryPoint\",\"urlTemplate\":\"https:\\\/\\\/www.thokbikes.com\\\/es\\\/?s={search_term_string}\"},\"query-input\":{\"@type\":\"PropertyValueSpecification\",\"valueRequired\":true,\"valueName\":\"search_term_string\"}}],\"inLanguage\":\"es-ES\"},{\"@type\":\"Organization\",\"@id\":\"https:\\\/\\\/www.thokbikes.com\\\/es\\\/#organization\",\"name\":\"Thok E-bikes\",\"url\":\"https:\\\/\\\/www.thokbikes.com\\\/es\\\/\",\"logo\":{\"@type\":\"ImageObject\",\"inLanguage\":\"es-ES\",\"@id\":\"https:\\\/\\\/www.thokbikes.com\\\/es\\\/#\\\/schema\\\/logo\\\/image\\\/\",\"url\":\"https:\\\/\\\/www.thokbikes.com\\\/wp-content\\\/uploads\\\/2025\\\/11\\\/logo-thok-white.png\",\"contentUrl\":\"https:\\\/\\\/www.thokbikes.com\\\/wp-content\\\/uploads\\\/2025\\\/11\\\/logo-thok-white.png\",\"width\":1920,\"height\":281,\"caption\":\"Thok E-bikes\"},\"image\":{\"@id\":\"https:\\\/\\\/www.thokbikes.com\\\/es\\\/#\\\/schema\\\/logo\\\/image\\\/\"},\"sameAs\":[\"https:\\\/\\\/www.facebook.com\\\/thokebikes\",\"https:\\\/\\\/www.instagram.com\\\/thok_ebikes\\\/\",\"https:\\\/\\\/www.youtube.com\\\/channel\\\/UC-yfWNxPCJvVdRymE7tA8Ww\"]}]}<\/script>\n<!-- \/ Yoast SEO plugin. -->","yoast_head_json":{"title":"MIG-R Talla L - EXPO - Thok","robots":{"index":"index","follow":"follow","max-snippet":"max-snippet:-1","max-image-preview":"max-image-preview:large","max-video-preview":"max-video-preview:-1"},"canonical":"https:\/\/www.thokbikes.com\/es\/negozio\/outlet-es\/mig-r-talla-l-expo\/","og_locale":"es_ES","og_type":"article","og_title":"MIG-R Talla L - EXPO - Thok","og_description":"MODELO: THOK \u2013 MIG-R TALLA: L KM: 0 TIPO: Bicicleta de exposici\u00f3n DURACI\u00d3N DE LA GARANT\u00cdA: 24 meses Caracter\u00edsticas T\u00e9cnicas: All-mountain con cuadro de aluminio, motor Shimano EP8, bater\u00eda de 630Wh, recorrido delantero de 150 mm, frenos de 4 pistones, ruedas mullet, tija telesc\u00f3pica. Descripci\u00f3n: Bicicleta utilizada como modelo de exposici\u00f3n en ferias y eventos. [&hellip;]","og_url":"https:\/\/www.thokbikes.com\/es\/negozio\/outlet-es\/mig-r-talla-l-expo\/","og_site_name":"Thok","article_publisher":"https:\/\/www.facebook.com\/thokebikes","article_modified_time":"2026-01-26T19:42:10+00:00","og_image":[{"width":900,"height":900,"url":"https:\/\/www.thokbikes.com\/wp-content\/uploads\/2025\/07\/Outlet-MIG-R.jpg","type":"image\/jpeg"}],"twitter_card":"summary_large_image","twitter_misc":{"Est. reading time":"2 minutes"},"schema":{"@context":"https:\/\/schema.org","@graph":[{"@type":"WebPage","@id":"https:\/\/www.thokbikes.com\/es\/negozio\/outlet-es\/mig-r-talla-l-expo\/","url":"https:\/\/www.thokbikes.com\/es\/negozio\/outlet-es\/mig-r-talla-l-expo\/","name":"MIG-R Talla L - EXPO - Thok","isPartOf":{"@id":"https:\/\/www.thokbikes.com\/es\/#website"},"primaryImageOfPage":{"@id":"https:\/\/www.thokbikes.com\/es\/negozio\/outlet-es\/mig-r-talla-l-expo\/#primaryimage"},"image":{"@id":"https:\/\/www.thokbikes.com\/es\/negozio\/outlet-es\/mig-r-talla-l-expo\/#primaryimage"},"thumbnailUrl":"https:\/\/www.thokbikes.com\/wp-content\/uploads\/2025\/07\/Outlet-MIG-R.jpg","datePublished":"2025-10-16T04:14:26+00:00","dateModified":"2026-01-26T19:42:10+00:00","breadcrumb":{"@id":"https:\/\/www.thokbikes.com\/es\/negozio\/outlet-es\/mig-r-talla-l-expo\/#breadcrumb"},"inLanguage":"es-ES","potentialAction":[{"@type":"ReadAction","target":["https:\/\/www.thokbikes.com\/es\/negozio\/outlet-es\/mig-r-talla-l-expo\/"]}]},{"@type":"ImageObject","inLanguage":"es-ES","@id":"https:\/\/www.thokbikes.com\/es\/negozio\/outlet-es\/mig-r-talla-l-expo\/#primaryimage","url":"https:\/\/www.thokbikes.com\/wp-content\/uploads\/2025\/07\/Outlet-MIG-R.jpg","contentUrl":"https:\/\/www.thokbikes.com\/wp-content\/uploads\/2025\/07\/Outlet-MIG-R.jpg","width":900,"height":900},{"@type":"BreadcrumbList","@id":"https:\/\/www.thokbikes.com\/es\/negozio\/outlet-es\/mig-r-talla-l-expo\/#breadcrumb","itemListElement":[{"@type":"ListItem","position":1,"name":"Home","item":"https:\/\/www.thokbikes.com\/es\/"},{"@type":"ListItem","position":2,"name":"Shop","item":"https:\/\/www.thokbikes.com\/negozio\/"},{"@type":"ListItem","position":3,"name":"MIG-R Talla L &#8211; EXPO"}]},{"@type":"WebSite","@id":"https:\/\/www.thokbikes.com\/es\/#website","url":"https:\/\/www.thokbikes.com\/es\/","name":"Thok E-bikes","description":"","publisher":{"@id":"https:\/\/www.thokbikes.com\/es\/#organization"},"potentialAction":[{"@type":"SearchAction","target":{"@type":"EntryPoint","urlTemplate":"https:\/\/www.thokbikes.com\/es\/?s={search_term_string}"},"query-input":{"@type":"PropertyValueSpecification","valueRequired":true,"valueName":"search_term_string"}}],"inLanguage":"es-ES"},{"@type":"Organization","@id":"https:\/\/www.thokbikes.com\/es\/#organization","name":"Thok E-bikes","url":"https:\/\/www.thokbikes.com\/es\/","logo":{"@type":"ImageObject","inLanguage":"es-ES","@id":"https:\/\/www.thokbikes.com\/es\/#\/schema\/logo\/image\/","url":"https:\/\/www.thokbikes.com\/wp-content\/uploads\/2025\/11\/logo-thok-white.png","contentUrl":"https:\/\/www.thokbikes.com\/wp-content\/uploads\/2025\/11\/logo-thok-white.png","width":1920,"height":281,"caption":"Thok E-bikes"},"image":{"@id":"https:\/\/www.thokbikes.com\/es\/#\/schema\/logo\/image\/"},"sameAs":["https:\/\/www.facebook.com\/thokebikes","https:\/\/www.instagram.com\/thok_ebikes\/","https:\/\/www.youtube.com\/channel\/UC-yfWNxPCJvVdRymE7tA8Ww"]}]}},"_links":{"self":[{"href":"https:\/\/www.thokbikes.com\/es\/wp-json\/wp\/v2\/product\/35209","targetHints":{"allow":["GET"]}}],"collection":[{"href":"https:\/\/www.thokbikes.com\/es\/wp-json\/wp\/v2\/product"}],"about":[{"href":"https:\/\/www.thokbikes.com\/es\/wp-json\/wp\/v2\/types\/product"}],"replies":[{"embeddable":true,"href":"https:\/\/www.thokbikes.com\/es\/wp-json\/wp\/v2\/comments?post=35209"}],"wp:featuredmedia":[{"embeddable":true,"href":"https:\/\/www.thokbikes.com\/es\/wp-json\/wp\/v2\/media\/29911"}],"wp:attachment":[{"href":"https:\/\/www.thokbikes.com\/es\/wp-json\/wp\/v2\/media?parent=35209"}],"wp:term":[{"taxonomy":"product_brand","embeddable":true,"href":"https:\/\/www.thokbikes.com\/es\/wp-json\/wp\/v2\/product_brand?post=35209"},{"taxonomy":"product_cat","embeddable":true,"href":"https:\/\/www.thokbikes.com\/es\/wp-json\/wp\/v2\/product_cat?post=35209"},{"taxonomy":"product_tag","embeddable":true,"href":"https:\/\/www.thokbikes.com\/es\/wp-json\/wp\/v2\/product_tag?post=35209"}],"curies":[{"name":"wp","href":"https:\/\/api.w.org\/{rel}","templated":true}]}}