{"id":35249,"date":"2026-01-27T06:07:53","date_gmt":"2026-01-27T05:07:53","guid":{"rendered":"https:\/\/www.thokbikes.com\/?post_type=product&#038;p=35249"},"modified":"2026-04-01T17:32:03","modified_gmt":"2026-04-01T15:32:03","slug":"horquilla-fox-38-float-180-factory-kashima-grip2","status":"publish","type":"product","link":"https:\/\/www.thokbikes.com\/es\/negozio\/accessoires-et-composants\/suspensions-es\/horquilla-fox-38-float-180-factory-kashima-grip2\/","title":{"rendered":"Horquilla FOX 38 FLOAT 180 FACTORY Kashima GRIP2"},"content":{"rendered":"<p data-start=\"1518\" data-end=\"1794\">La horquilla FOX 38 FLOAT 180 FACTORY Kashima GRIP2 es la horquilla perfecta para enduro, dise\u00f1ada para enfrentar los obst\u00e1culos m\u00e1s desafiantes.<br data-start=\"1677\" data-end=\"1680\" \/>El sistema GRIP2 ofrece ajustes precisos, mientras que la tecnolog\u00eda EVOL mejora la sensibilidad a los impactos.<\/p>\n<p data-start=\"1518\" data-end=\"1794\"><strong data-start=\"1796\" data-end=\"1816\">Caracter\u00edsticas:<\/strong><\/p>\n<ul>\n<li data-start=\"1796\" data-end=\"2024\">Tama\u00f1o de rueda: 29&#8243;<\/li>\n<li data-start=\"1796\" data-end=\"2024\">Serie: Factory<\/li>\n<li data-start=\"1796\" data-end=\"2024\">Recorrido: 180 mm<\/li>\n<li data-start=\"1796\" data-end=\"2024\">Eje: 15QR x 110 Boost<\/li>\n<li data-start=\"1796\" data-end=\"2024\">Acabado de las barras: Recubrimiento Kashima<\/li>\n<li data-start=\"1796\" data-end=\"2024\">Resorte de aire: FLOAT EVOL<\/li>\n<li data-start=\"1796\" data-end=\"2024\">Controles: HSC\/LSC + HSR\/LSR<\/li>\n<\/ul>\n","protected":false},"excerpt":{"rendered":"<p>La horquilla FOX 38 FLOAT 180 FACTORY Kashima GRIP2 es la horquilla perfecta para enduro, dise\u00f1ada para enfrentar los obst\u00e1culos m\u00e1s desafiantes.El sistema GRIP2 ofrece ajustes precisos, mientras que la tecnolog\u00eda EVOL mejora la sensibilidad a los impactos. Caracter\u00edsticas: Tama\u00f1o de rueda: 29&#8243; Serie: Factory Recorrido: 180 mm Eje: 15QR x 110 Boost Acabado de [&hellip;]<\/p>\n","protected":false},"featured_media":35230,"comment_status":"closed","ping_status":"closed","template":"","meta":{"_acf_changed":false},"product_brand":[],"product_cat":[126,290,160],"product_tag":[],"class_list":{"0":"post-35249","1":"product","2":"type-product","3":"status-publish","4":"has-post-thumbnail","6":"product_cat-accessoires-et-composants","7":"product_cat-sales","8":"product_cat-suspensions-es","10":"first","11":"instock","12":"taxable","13":"shipping-taxable","14":"purchasable","15":"product-type-simple"},"acf":[],"yoast_head":"<!-- This site is optimized with the Yoast SEO plugin v27.3 - https:\/\/yoast.com\/product\/yoast-seo-wordpress\/ -->\n<title>Horquilla FOX 38 FLOAT 180 FACTORY Kashima GRIP2 - Thok<\/title>\n<meta name=\"robots\" content=\"index, follow, max-snippet:-1, max-image-preview:large, max-video-preview:-1\" \/>\n<link rel=\"canonical\" href=\"https:\/\/www.thokbikes.com\/es\/negozio\/accessoires-et-composants\/suspensions-es\/horquilla-fox-38-float-180-factory-kashima-grip2\/\" \/>\n<meta property=\"og:locale\" content=\"es_ES\" \/>\n<meta property=\"og:type\" content=\"article\" \/>\n<meta property=\"og:title\" content=\"Horquilla FOX 38 FLOAT 180 FACTORY Kashima GRIP2 - Thok\" \/>\n<meta property=\"og:description\" content=\"La horquilla FOX 38 FLOAT 180 FACTORY Kashima GRIP2 es la horquilla perfecta para enduro, dise\u00f1ada para enfrentar los obst\u00e1culos m\u00e1s desafiantes.El sistema GRIP2 ofrece ajustes precisos, mientras que la tecnolog\u00eda EVOL mejora la sensibilidad a los impactos. Caracter\u00edsticas: Tama\u00f1o de rueda: 29&#8243; Serie: Factory Recorrido: 180 mm Eje: 15QR x 110 Boost Acabado de [&hellip;]\" \/>\n<meta property=\"og:url\" content=\"https:\/\/www.thokbikes.com\/es\/negozio\/accessoires-et-composants\/suspensions-es\/horquilla-fox-38-float-180-factory-kashima-grip2\/\" \/>\n<meta property=\"og:site_name\" content=\"Thok\" \/>\n<meta property=\"article:publisher\" content=\"https:\/\/www.facebook.com\/thokebikes\" \/>\n<meta property=\"article:modified_time\" content=\"2026-04-01T15:32:03+00:00\" \/>\n<meta property=\"og:image\" content=\"https:\/\/www.thokbikes.com\/wp-content\/uploads\/2026\/01\/Fox-Kaschima-38-grip-2.jpg\" \/>\n\t<meta property=\"og:image:width\" content=\"1900\" \/>\n\t<meta property=\"og:image:height\" content=\"1900\" \/>\n\t<meta property=\"og:image:type\" content=\"image\/jpeg\" \/>\n<meta name=\"twitter:card\" content=\"summary_large_image\" \/>\n<meta name=\"twitter:label1\" content=\"Est. reading time\" \/>\n\t<meta name=\"twitter:data1\" content=\"1 minute\" \/>\n<script type=\"application\/ld+json\" class=\"yoast-schema-graph\">{\"@context\":\"https:\\\/\\\/schema.org\",\"@graph\":[{\"@type\":\"WebPage\",\"@id\":\"https:\\\/\\\/www.thokbikes.com\\\/es\\\/negozio\\\/accessoires-et-composants\\\/suspensions-es\\\/horquilla-fox-38-float-180-factory-kashima-grip2\\\/\",\"url\":\"https:\\\/\\\/www.thokbikes.com\\\/es\\\/negozio\\\/accessoires-et-composants\\\/suspensions-es\\\/horquilla-fox-38-float-180-factory-kashima-grip2\\\/\",\"name\":\"Horquilla FOX 38 FLOAT 180 FACTORY Kashima GRIP2 - Thok\",\"isPartOf\":{\"@id\":\"https:\\\/\\\/www.thokbikes.com\\\/es\\\/#website\"},\"primaryImageOfPage\":{\"@id\":\"https:\\\/\\\/www.thokbikes.com\\\/es\\\/negozio\\\/accessoires-et-composants\\\/suspensions-es\\\/horquilla-fox-38-float-180-factory-kashima-grip2\\\/#primaryimage\"},\"image\":{\"@id\":\"https:\\\/\\\/www.thokbikes.com\\\/es\\\/negozio\\\/accessoires-et-composants\\\/suspensions-es\\\/horquilla-fox-38-float-180-factory-kashima-grip2\\\/#primaryimage\"},\"thumbnailUrl\":\"https:\\\/\\\/www.thokbikes.com\\\/wp-content\\\/uploads\\\/2026\\\/01\\\/Fox-Kaschima-38-grip-2.jpg\",\"datePublished\":\"2026-01-27T05:07:53+00:00\",\"dateModified\":\"2026-04-01T15:32:03+00:00\",\"breadcrumb\":{\"@id\":\"https:\\\/\\\/www.thokbikes.com\\\/es\\\/negozio\\\/accessoires-et-composants\\\/suspensions-es\\\/horquilla-fox-38-float-180-factory-kashima-grip2\\\/#breadcrumb\"},\"inLanguage\":\"es-ES\",\"potentialAction\":[{\"@type\":\"ReadAction\",\"target\":[\"https:\\\/\\\/www.thokbikes.com\\\/es\\\/negozio\\\/accessoires-et-composants\\\/suspensions-es\\\/horquilla-fox-38-float-180-factory-kashima-grip2\\\/\"]}]},{\"@type\":\"ImageObject\",\"inLanguage\":\"es-ES\",\"@id\":\"https:\\\/\\\/www.thokbikes.com\\\/es\\\/negozio\\\/accessoires-et-composants\\\/suspensions-es\\\/horquilla-fox-38-float-180-factory-kashima-grip2\\\/#primaryimage\",\"url\":\"https:\\\/\\\/www.thokbikes.com\\\/wp-content\\\/uploads\\\/2026\\\/01\\\/Fox-Kaschima-38-grip-2.jpg\",\"contentUrl\":\"https:\\\/\\\/www.thokbikes.com\\\/wp-content\\\/uploads\\\/2026\\\/01\\\/Fox-Kaschima-38-grip-2.jpg\",\"width\":1900,\"height\":1900},{\"@type\":\"BreadcrumbList\",\"@id\":\"https:\\\/\\\/www.thokbikes.com\\\/es\\\/negozio\\\/accessoires-et-composants\\\/suspensions-es\\\/horquilla-fox-38-float-180-factory-kashima-grip2\\\/#breadcrumb\",\"itemListElement\":[{\"@type\":\"ListItem\",\"position\":1,\"name\":\"Home\",\"item\":\"https:\\\/\\\/www.thokbikes.com\\\/es\\\/\"},{\"@type\":\"ListItem\",\"position\":2,\"name\":\"Shop\",\"item\":\"https:\\\/\\\/www.thokbikes.com\\\/negozio\\\/\"},{\"@type\":\"ListItem\",\"position\":3,\"name\":\"Horquilla FOX 38 FLOAT 180 FACTORY Kashima GRIP2\"}]},{\"@type\":\"WebSite\",\"@id\":\"https:\\\/\\\/www.thokbikes.com\\\/es\\\/#website\",\"url\":\"https:\\\/\\\/www.thokbikes.com\\\/es\\\/\",\"name\":\"Thok E-bikes\",\"description\":\"\",\"publisher\":{\"@id\":\"https:\\\/\\\/www.thokbikes.com\\\/es\\\/#organization\"},\"potentialAction\":[{\"@type\":\"SearchAction\",\"target\":{\"@type\":\"EntryPoint\",\"urlTemplate\":\"https:\\\/\\\/www.thokbikes.com\\\/es\\\/?s={search_term_string}\"},\"query-input\":{\"@type\":\"PropertyValueSpecification\",\"valueRequired\":true,\"valueName\":\"search_term_string\"}}],\"inLanguage\":\"es-ES\"},{\"@type\":\"Organization\",\"@id\":\"https:\\\/\\\/www.thokbikes.com\\\/es\\\/#organization\",\"name\":\"Thok E-bikes\",\"url\":\"https:\\\/\\\/www.thokbikes.com\\\/es\\\/\",\"logo\":{\"@type\":\"ImageObject\",\"inLanguage\":\"es-ES\",\"@id\":\"https:\\\/\\\/www.thokbikes.com\\\/es\\\/#\\\/schema\\\/logo\\\/image\\\/\",\"url\":\"https:\\\/\\\/www.thokbikes.com\\\/wp-content\\\/uploads\\\/2025\\\/11\\\/logo-thok-white.png\",\"contentUrl\":\"https:\\\/\\\/www.thokbikes.com\\\/wp-content\\\/uploads\\\/2025\\\/11\\\/logo-thok-white.png\",\"width\":1920,\"height\":281,\"caption\":\"Thok E-bikes\"},\"image\":{\"@id\":\"https:\\\/\\\/www.thokbikes.com\\\/es\\\/#\\\/schema\\\/logo\\\/image\\\/\"},\"sameAs\":[\"https:\\\/\\\/www.facebook.com\\\/thokebikes\",\"https:\\\/\\\/www.instagram.com\\\/thok_ebikes\\\/\",\"https:\\\/\\\/www.youtube.com\\\/channel\\\/UC-yfWNxPCJvVdRymE7tA8Ww\"]}]}<\/script>\n<!-- \/ Yoast SEO plugin. -->","yoast_head_json":{"title":"Horquilla FOX 38 FLOAT 180 FACTORY Kashima GRIP2 - Thok","robots":{"index":"index","follow":"follow","max-snippet":"max-snippet:-1","max-image-preview":"max-image-preview:large","max-video-preview":"max-video-preview:-1"},"canonical":"https:\/\/www.thokbikes.com\/es\/negozio\/accessoires-et-composants\/suspensions-es\/horquilla-fox-38-float-180-factory-kashima-grip2\/","og_locale":"es_ES","og_type":"article","og_title":"Horquilla FOX 38 FLOAT 180 FACTORY Kashima GRIP2 - Thok","og_description":"La horquilla FOX 38 FLOAT 180 FACTORY Kashima GRIP2 es la horquilla perfecta para enduro, dise\u00f1ada para enfrentar los obst\u00e1culos m\u00e1s desafiantes.El sistema GRIP2 ofrece ajustes precisos, mientras que la tecnolog\u00eda EVOL mejora la sensibilidad a los impactos. Caracter\u00edsticas: Tama\u00f1o de rueda: 29&#8243; Serie: Factory Recorrido: 180 mm Eje: 15QR x 110 Boost Acabado de [&hellip;]","og_url":"https:\/\/www.thokbikes.com\/es\/negozio\/accessoires-et-composants\/suspensions-es\/horquilla-fox-38-float-180-factory-kashima-grip2\/","og_site_name":"Thok","article_publisher":"https:\/\/www.facebook.com\/thokebikes","article_modified_time":"2026-04-01T15:32:03+00:00","og_image":[{"width":1900,"height":1900,"url":"https:\/\/www.thokbikes.com\/wp-content\/uploads\/2026\/01\/Fox-Kaschima-38-grip-2.jpg","type":"image\/jpeg"}],"twitter_card":"summary_large_image","twitter_misc":{"Est. reading time":"1 minute"},"schema":{"@context":"https:\/\/schema.org","@graph":[{"@type":"WebPage","@id":"https:\/\/www.thokbikes.com\/es\/negozio\/accessoires-et-composants\/suspensions-es\/horquilla-fox-38-float-180-factory-kashima-grip2\/","url":"https:\/\/www.thokbikes.com\/es\/negozio\/accessoires-et-composants\/suspensions-es\/horquilla-fox-38-float-180-factory-kashima-grip2\/","name":"Horquilla FOX 38 FLOAT 180 FACTORY Kashima GRIP2 - Thok","isPartOf":{"@id":"https:\/\/www.thokbikes.com\/es\/#website"},"primaryImageOfPage":{"@id":"https:\/\/www.thokbikes.com\/es\/negozio\/accessoires-et-composants\/suspensions-es\/horquilla-fox-38-float-180-factory-kashima-grip2\/#primaryimage"},"image":{"@id":"https:\/\/www.thokbikes.com\/es\/negozio\/accessoires-et-composants\/suspensions-es\/horquilla-fox-38-float-180-factory-kashima-grip2\/#primaryimage"},"thumbnailUrl":"https:\/\/www.thokbikes.com\/wp-content\/uploads\/2026\/01\/Fox-Kaschima-38-grip-2.jpg","datePublished":"2026-01-27T05:07:53+00:00","dateModified":"2026-04-01T15:32:03+00:00","breadcrumb":{"@id":"https:\/\/www.thokbikes.com\/es\/negozio\/accessoires-et-composants\/suspensions-es\/horquilla-fox-38-float-180-factory-kashima-grip2\/#breadcrumb"},"inLanguage":"es-ES","potentialAction":[{"@type":"ReadAction","target":["https:\/\/www.thokbikes.com\/es\/negozio\/accessoires-et-composants\/suspensions-es\/horquilla-fox-38-float-180-factory-kashima-grip2\/"]}]},{"@type":"ImageObject","inLanguage":"es-ES","@id":"https:\/\/www.thokbikes.com\/es\/negozio\/accessoires-et-composants\/suspensions-es\/horquilla-fox-38-float-180-factory-kashima-grip2\/#primaryimage","url":"https:\/\/www.thokbikes.com\/wp-content\/uploads\/2026\/01\/Fox-Kaschima-38-grip-2.jpg","contentUrl":"https:\/\/www.thokbikes.com\/wp-content\/uploads\/2026\/01\/Fox-Kaschima-38-grip-2.jpg","width":1900,"height":1900},{"@type":"BreadcrumbList","@id":"https:\/\/www.thokbikes.com\/es\/negozio\/accessoires-et-composants\/suspensions-es\/horquilla-fox-38-float-180-factory-kashima-grip2\/#breadcrumb","itemListElement":[{"@type":"ListItem","position":1,"name":"Home","item":"https:\/\/www.thokbikes.com\/es\/"},{"@type":"ListItem","position":2,"name":"Shop","item":"https:\/\/www.thokbikes.com\/negozio\/"},{"@type":"ListItem","position":3,"name":"Horquilla FOX 38 FLOAT 180 FACTORY Kashima GRIP2"}]},{"@type":"WebSite","@id":"https:\/\/www.thokbikes.com\/es\/#website","url":"https:\/\/www.thokbikes.com\/es\/","name":"Thok E-bikes","description":"","publisher":{"@id":"https:\/\/www.thokbikes.com\/es\/#organization"},"potentialAction":[{"@type":"SearchAction","target":{"@type":"EntryPoint","urlTemplate":"https:\/\/www.thokbikes.com\/es\/?s={search_term_string}"},"query-input":{"@type":"PropertyValueSpecification","valueRequired":true,"valueName":"search_term_string"}}],"inLanguage":"es-ES"},{"@type":"Organization","@id":"https:\/\/www.thokbikes.com\/es\/#organization","name":"Thok E-bikes","url":"https:\/\/www.thokbikes.com\/es\/","logo":{"@type":"ImageObject","inLanguage":"es-ES","@id":"https:\/\/www.thokbikes.com\/es\/#\/schema\/logo\/image\/","url":"https:\/\/www.thokbikes.com\/wp-content\/uploads\/2025\/11\/logo-thok-white.png","contentUrl":"https:\/\/www.thokbikes.com\/wp-content\/uploads\/2025\/11\/logo-thok-white.png","width":1920,"height":281,"caption":"Thok E-bikes"},"image":{"@id":"https:\/\/www.thokbikes.com\/es\/#\/schema\/logo\/image\/"},"sameAs":["https:\/\/www.facebook.com\/thokebikes","https:\/\/www.instagram.com\/thok_ebikes\/","https:\/\/www.youtube.com\/channel\/UC-yfWNxPCJvVdRymE7tA8Ww"]}]}},"_links":{"self":[{"href":"https:\/\/www.thokbikes.com\/es\/wp-json\/wp\/v2\/product\/35249","targetHints":{"allow":["GET"]}}],"collection":[{"href":"https:\/\/www.thokbikes.com\/es\/wp-json\/wp\/v2\/product"}],"about":[{"href":"https:\/\/www.thokbikes.com\/es\/wp-json\/wp\/v2\/types\/product"}],"replies":[{"embeddable":true,"href":"https:\/\/www.thokbikes.com\/es\/wp-json\/wp\/v2\/comments?post=35249"}],"wp:featuredmedia":[{"embeddable":true,"href":"https:\/\/www.thokbikes.com\/es\/wp-json\/wp\/v2\/media\/35230"}],"wp:attachment":[{"href":"https:\/\/www.thokbikes.com\/es\/wp-json\/wp\/v2\/media?parent=35249"}],"wp:term":[{"taxonomy":"product_brand","embeddable":true,"href":"https:\/\/www.thokbikes.com\/es\/wp-json\/wp\/v2\/product_brand?post=35249"},{"taxonomy":"product_cat","embeddable":true,"href":"https:\/\/www.thokbikes.com\/es\/wp-json\/wp\/v2\/product_cat?post=35249"},{"taxonomy":"product_tag","embeddable":true,"href":"https:\/\/www.thokbikes.com\/es\/wp-json\/wp\/v2\/product_tag?post=35249"}],"curies":[{"name":"wp","href":"https:\/\/api.w.org\/{rel}","templated":true}]}}