{"id":36102,"date":"2026-02-13T06:07:48","date_gmt":"2026-02-13T05:07:48","guid":{"rendered":"https:\/\/www.thokbikes.com\/?post_type=product&#038;p=36102"},"modified":"2026-03-09T11:40:27","modified_gmt":"2026-03-09T10:40:27","slug":"mig-ltd-yellow-edition-talla-m","status":"publish","type":"product","link":"https:\/\/www.thokbikes.com\/es\/negozio\/outlet-es\/mig-ltd-yellow-edition-talla-m\/","title":{"rendered":"MIG LTD YELLOW EDITION TALLA M"},"content":{"rendered":"<ul>\n<li data-start=\"1751\" data-end=\"1919\"><strong data-start=\"1751\" data-end=\"1762\">MODELO:<\/strong> MIG LTD YELLOW EDITION<\/li>\n<li data-start=\"1751\" data-end=\"1919\"><strong data-start=\"1787\" data-end=\"1797\">TALLA:<\/strong> M<\/li>\n<li data-start=\"1751\" data-end=\"1919\"><strong data-start=\"1802\" data-end=\"1809\">KM:<\/strong> 617<\/li>\n<li data-start=\"1751\" data-end=\"1919\"><strong data-start=\"1814\" data-end=\"1823\">TIPO:<\/strong> Bicicleta de prueba<\/li>\n<li data-start=\"1751\" data-end=\"1919\"><strong data-start=\"1848\" data-end=\"1876\">DURACI\u00d3N DE LA GARANT\u00cdA:<\/strong> 12 meses<\/li>\n<\/ul>\n<p data-start=\"1921\" data-end=\"2176\"><strong data-start=\"1921\" data-end=\"1950\">Caracter\u00edsticas t\u00e9cnicas:<\/strong><\/p>\n<p data-start=\"1921\" data-end=\"2176\">Cuadro de aluminio, motor Shimano EP8, bater\u00eda Shimano 630 Wh, recorrido delantero 150 mm, horquilla y amortiguador \u00d6hlins, frenos Shimano XT, ruedas Crankbrothers, manillar de carbono Renthal, ruedas mullet, tija telesc\u00f3pica.<\/p>\n<p data-start=\"2178\" data-end=\"2326\"><strong data-start=\"2178\" data-end=\"2194\">Descripci\u00f3n:<\/strong><\/p>\n<p data-start=\"2178\" data-end=\"2326\">Bicicleta usada para pruebas. Siempre mantenida por el personal t\u00e9cnico de THOK. Reacondicionada. Presenta signos de desgaste en las partes m\u00e1s usadas (bielas, barras de la horquilla\u2026) as\u00ed como ara\u00f1azos y peque\u00f1os da\u00f1os en la pintura.<\/p>\n","protected":false},"excerpt":{"rendered":"<p>MODELO: MIG LTD YELLOW EDITION TALLA: M KM: 617 TIPO: Bicicleta de prueba DURACI\u00d3N DE LA GARANT\u00cdA: 12 meses Caracter\u00edsticas t\u00e9cnicas: Cuadro de aluminio, motor Shimano EP8, bater\u00eda Shimano 630 Wh, recorrido delantero 150 mm, horquilla y amortiguador \u00d6hlins, frenos Shimano XT, ruedas Crankbrothers, manillar de carbono Renthal, ruedas mullet, tija telesc\u00f3pica. Descripci\u00f3n: Bicicleta usada [&hellip;]<\/p>\n","protected":false},"featured_media":36269,"comment_status":"closed","ping_status":"closed","template":"","meta":{"_acf_changed":false},"product_brand":[],"product_cat":[265],"product_tag":[],"class_list":{"0":"post-36102","1":"product","2":"type-product","3":"status-publish","4":"has-post-thumbnail","6":"product_cat-outlet-es","8":"first","9":"instock","10":"taxable","11":"shipping-taxable","12":"purchasable","13":"product-type-simple"},"acf":[],"yoast_head":"<!-- This site is optimized with the Yoast SEO plugin v27.1.1 - https:\/\/yoast.com\/product\/yoast-seo-wordpress\/ -->\n<title>MIG LTD YELLOW EDITION TALLA M - Thok<\/title>\n<meta name=\"robots\" content=\"index, follow, max-snippet:-1, max-image-preview:large, max-video-preview:-1\" \/>\n<link rel=\"canonical\" href=\"https:\/\/www.thokbikes.com\/es\/negozio\/outlet-es\/mig-ltd-yellow-edition-talla-m\/\" \/>\n<meta property=\"og:locale\" content=\"es_ES\" \/>\n<meta property=\"og:type\" content=\"article\" \/>\n<meta property=\"og:title\" content=\"MIG LTD YELLOW EDITION TALLA M - Thok\" \/>\n<meta property=\"og:description\" content=\"MODELO: MIG LTD YELLOW EDITION TALLA: M KM: 617 TIPO: Bicicleta de prueba DURACI\u00d3N DE LA GARANT\u00cdA: 12 meses Caracter\u00edsticas t\u00e9cnicas: Cuadro de aluminio, motor Shimano EP8, bater\u00eda Shimano 630 Wh, recorrido delantero 150 mm, horquilla y amortiguador \u00d6hlins, frenos Shimano XT, ruedas Crankbrothers, manillar de carbono Renthal, ruedas mullet, tija telesc\u00f3pica. Descripci\u00f3n: Bicicleta usada [&hellip;]\" \/>\n<meta property=\"og:url\" content=\"https:\/\/www.thokbikes.com\/es\/negozio\/outlet-es\/mig-ltd-yellow-edition-talla-m\/\" \/>\n<meta property=\"og:site_name\" content=\"Thok\" \/>\n<meta property=\"article:publisher\" content=\"https:\/\/www.facebook.com\/thokebikes\" \/>\n<meta property=\"article:modified_time\" content=\"2026-03-09T10:40:27+00:00\" \/>\n<meta property=\"og:image\" content=\"https:\/\/www.thokbikes.com\/wp-content\/uploads\/2026\/02\/Outlet-MIG-Yellow.jpg\" \/>\n\t<meta property=\"og:image:width\" content=\"900\" \/>\n\t<meta property=\"og:image:height\" content=\"900\" \/>\n\t<meta property=\"og:image:type\" content=\"image\/jpeg\" \/>\n<meta name=\"twitter:card\" content=\"summary_large_image\" \/>\n<meta name=\"twitter:label1\" content=\"Est. reading time\" \/>\n\t<meta name=\"twitter:data1\" content=\"1 minute\" \/>\n<script type=\"application\/ld+json\" class=\"yoast-schema-graph\">{\"@context\":\"https:\/\/schema.org\",\"@graph\":[{\"@type\":\"WebPage\",\"@id\":\"https:\/\/www.thokbikes.com\/es\/negozio\/outlet-es\/mig-ltd-yellow-edition-talla-m\/\",\"url\":\"https:\/\/www.thokbikes.com\/es\/negozio\/outlet-es\/mig-ltd-yellow-edition-talla-m\/\",\"name\":\"MIG LTD YELLOW EDITION TALLA M - Thok\",\"isPartOf\":{\"@id\":\"https:\/\/www.thokbikes.com\/es\/#website\"},\"primaryImageOfPage\":{\"@id\":\"https:\/\/www.thokbikes.com\/es\/negozio\/outlet-es\/mig-ltd-yellow-edition-talla-m\/#primaryimage\"},\"image\":{\"@id\":\"https:\/\/www.thokbikes.com\/es\/negozio\/outlet-es\/mig-ltd-yellow-edition-talla-m\/#primaryimage\"},\"thumbnailUrl\":\"https:\/\/www.thokbikes.com\/wp-content\/uploads\/2026\/02\/Outlet-MIG-Yellow.jpg\",\"datePublished\":\"2026-02-13T05:07:48+00:00\",\"dateModified\":\"2026-03-09T10:40:27+00:00\",\"breadcrumb\":{\"@id\":\"https:\/\/www.thokbikes.com\/es\/negozio\/outlet-es\/mig-ltd-yellow-edition-talla-m\/#breadcrumb\"},\"inLanguage\":\"es-ES\",\"potentialAction\":[{\"@type\":\"ReadAction\",\"target\":[\"https:\/\/www.thokbikes.com\/es\/negozio\/outlet-es\/mig-ltd-yellow-edition-talla-m\/\"]}]},{\"@type\":\"ImageObject\",\"inLanguage\":\"es-ES\",\"@id\":\"https:\/\/www.thokbikes.com\/es\/negozio\/outlet-es\/mig-ltd-yellow-edition-talla-m\/#primaryimage\",\"url\":\"https:\/\/www.thokbikes.com\/wp-content\/uploads\/2026\/02\/Outlet-MIG-Yellow.jpg\",\"contentUrl\":\"https:\/\/www.thokbikes.com\/wp-content\/uploads\/2026\/02\/Outlet-MIG-Yellow.jpg\",\"width\":900,\"height\":900},{\"@type\":\"BreadcrumbList\",\"@id\":\"https:\/\/www.thokbikes.com\/es\/negozio\/outlet-es\/mig-ltd-yellow-edition-talla-m\/#breadcrumb\",\"itemListElement\":[{\"@type\":\"ListItem\",\"position\":1,\"name\":\"Home\",\"item\":\"https:\/\/www.thokbikes.com\/es\/\"},{\"@type\":\"ListItem\",\"position\":2,\"name\":\"Shop\",\"item\":\"https:\/\/www.thokbikes.com\/negozio\/\"},{\"@type\":\"ListItem\",\"position\":3,\"name\":\"MIG LTD YELLOW EDITION TALLA M\"}]},{\"@type\":\"WebSite\",\"@id\":\"https:\/\/www.thokbikes.com\/es\/#website\",\"url\":\"https:\/\/www.thokbikes.com\/es\/\",\"name\":\"Thok E-bikes\",\"description\":\"\",\"publisher\":{\"@id\":\"https:\/\/www.thokbikes.com\/es\/#organization\"},\"potentialAction\":[{\"@type\":\"SearchAction\",\"target\":{\"@type\":\"EntryPoint\",\"urlTemplate\":\"https:\/\/www.thokbikes.com\/es\/?s={search_term_string}\"},\"query-input\":{\"@type\":\"PropertyValueSpecification\",\"valueRequired\":true,\"valueName\":\"search_term_string\"}}],\"inLanguage\":\"es-ES\"},{\"@type\":\"Organization\",\"@id\":\"https:\/\/www.thokbikes.com\/es\/#organization\",\"name\":\"Thok E-bikes\",\"url\":\"https:\/\/www.thokbikes.com\/es\/\",\"logo\":{\"@type\":\"ImageObject\",\"inLanguage\":\"es-ES\",\"@id\":\"https:\/\/www.thokbikes.com\/es\/#\/schema\/logo\/image\/\",\"url\":\"https:\/\/www.thokbikes.com\/wp-content\/uploads\/2025\/11\/logo-thok-white.png\",\"contentUrl\":\"https:\/\/www.thokbikes.com\/wp-content\/uploads\/2025\/11\/logo-thok-white.png\",\"width\":1920,\"height\":281,\"caption\":\"Thok E-bikes\"},\"image\":{\"@id\":\"https:\/\/www.thokbikes.com\/es\/#\/schema\/logo\/image\/\"},\"sameAs\":[\"https:\/\/www.facebook.com\/thokebikes\",\"https:\/\/www.instagram.com\/thok_ebikes\/\",\"https:\/\/www.youtube.com\/channel\/UC-yfWNxPCJvVdRymE7tA8Ww\"]}]}<\/script>\n<!-- \/ Yoast SEO plugin. -->","yoast_head_json":{"title":"MIG LTD YELLOW EDITION TALLA M - Thok","robots":{"index":"index","follow":"follow","max-snippet":"max-snippet:-1","max-image-preview":"max-image-preview:large","max-video-preview":"max-video-preview:-1"},"canonical":"https:\/\/www.thokbikes.com\/es\/negozio\/outlet-es\/mig-ltd-yellow-edition-talla-m\/","og_locale":"es_ES","og_type":"article","og_title":"MIG LTD YELLOW EDITION TALLA M - Thok","og_description":"MODELO: MIG LTD YELLOW EDITION TALLA: M KM: 617 TIPO: Bicicleta de prueba DURACI\u00d3N DE LA GARANT\u00cdA: 12 meses Caracter\u00edsticas t\u00e9cnicas: Cuadro de aluminio, motor Shimano EP8, bater\u00eda Shimano 630 Wh, recorrido delantero 150 mm, horquilla y amortiguador \u00d6hlins, frenos Shimano XT, ruedas Crankbrothers, manillar de carbono Renthal, ruedas mullet, tija telesc\u00f3pica. Descripci\u00f3n: Bicicleta usada [&hellip;]","og_url":"https:\/\/www.thokbikes.com\/es\/negozio\/outlet-es\/mig-ltd-yellow-edition-talla-m\/","og_site_name":"Thok","article_publisher":"https:\/\/www.facebook.com\/thokebikes","article_modified_time":"2026-03-09T10:40:27+00:00","og_image":[{"width":900,"height":900,"url":"https:\/\/www.thokbikes.com\/wp-content\/uploads\/2026\/02\/Outlet-MIG-Yellow.jpg","type":"image\/jpeg"}],"twitter_card":"summary_large_image","twitter_misc":{"Est. reading time":"1 minute"},"schema":{"@context":"https:\/\/schema.org","@graph":[{"@type":"WebPage","@id":"https:\/\/www.thokbikes.com\/es\/negozio\/outlet-es\/mig-ltd-yellow-edition-talla-m\/","url":"https:\/\/www.thokbikes.com\/es\/negozio\/outlet-es\/mig-ltd-yellow-edition-talla-m\/","name":"MIG LTD YELLOW EDITION TALLA M - Thok","isPartOf":{"@id":"https:\/\/www.thokbikes.com\/es\/#website"},"primaryImageOfPage":{"@id":"https:\/\/www.thokbikes.com\/es\/negozio\/outlet-es\/mig-ltd-yellow-edition-talla-m\/#primaryimage"},"image":{"@id":"https:\/\/www.thokbikes.com\/es\/negozio\/outlet-es\/mig-ltd-yellow-edition-talla-m\/#primaryimage"},"thumbnailUrl":"https:\/\/www.thokbikes.com\/wp-content\/uploads\/2026\/02\/Outlet-MIG-Yellow.jpg","datePublished":"2026-02-13T05:07:48+00:00","dateModified":"2026-03-09T10:40:27+00:00","breadcrumb":{"@id":"https:\/\/www.thokbikes.com\/es\/negozio\/outlet-es\/mig-ltd-yellow-edition-talla-m\/#breadcrumb"},"inLanguage":"es-ES","potentialAction":[{"@type":"ReadAction","target":["https:\/\/www.thokbikes.com\/es\/negozio\/outlet-es\/mig-ltd-yellow-edition-talla-m\/"]}]},{"@type":"ImageObject","inLanguage":"es-ES","@id":"https:\/\/www.thokbikes.com\/es\/negozio\/outlet-es\/mig-ltd-yellow-edition-talla-m\/#primaryimage","url":"https:\/\/www.thokbikes.com\/wp-content\/uploads\/2026\/02\/Outlet-MIG-Yellow.jpg","contentUrl":"https:\/\/www.thokbikes.com\/wp-content\/uploads\/2026\/02\/Outlet-MIG-Yellow.jpg","width":900,"height":900},{"@type":"BreadcrumbList","@id":"https:\/\/www.thokbikes.com\/es\/negozio\/outlet-es\/mig-ltd-yellow-edition-talla-m\/#breadcrumb","itemListElement":[{"@type":"ListItem","position":1,"name":"Home","item":"https:\/\/www.thokbikes.com\/es\/"},{"@type":"ListItem","position":2,"name":"Shop","item":"https:\/\/www.thokbikes.com\/negozio\/"},{"@type":"ListItem","position":3,"name":"MIG LTD YELLOW EDITION TALLA M"}]},{"@type":"WebSite","@id":"https:\/\/www.thokbikes.com\/es\/#website","url":"https:\/\/www.thokbikes.com\/es\/","name":"Thok E-bikes","description":"","publisher":{"@id":"https:\/\/www.thokbikes.com\/es\/#organization"},"potentialAction":[{"@type":"SearchAction","target":{"@type":"EntryPoint","urlTemplate":"https:\/\/www.thokbikes.com\/es\/?s={search_term_string}"},"query-input":{"@type":"PropertyValueSpecification","valueRequired":true,"valueName":"search_term_string"}}],"inLanguage":"es-ES"},{"@type":"Organization","@id":"https:\/\/www.thokbikes.com\/es\/#organization","name":"Thok E-bikes","url":"https:\/\/www.thokbikes.com\/es\/","logo":{"@type":"ImageObject","inLanguage":"es-ES","@id":"https:\/\/www.thokbikes.com\/es\/#\/schema\/logo\/image\/","url":"https:\/\/www.thokbikes.com\/wp-content\/uploads\/2025\/11\/logo-thok-white.png","contentUrl":"https:\/\/www.thokbikes.com\/wp-content\/uploads\/2025\/11\/logo-thok-white.png","width":1920,"height":281,"caption":"Thok E-bikes"},"image":{"@id":"https:\/\/www.thokbikes.com\/es\/#\/schema\/logo\/image\/"},"sameAs":["https:\/\/www.facebook.com\/thokebikes","https:\/\/www.instagram.com\/thok_ebikes\/","https:\/\/www.youtube.com\/channel\/UC-yfWNxPCJvVdRymE7tA8Ww"]}]}},"_links":{"self":[{"href":"https:\/\/www.thokbikes.com\/es\/wp-json\/wp\/v2\/product\/36102","targetHints":{"allow":["GET"]}}],"collection":[{"href":"https:\/\/www.thokbikes.com\/es\/wp-json\/wp\/v2\/product"}],"about":[{"href":"https:\/\/www.thokbikes.com\/es\/wp-json\/wp\/v2\/types\/product"}],"replies":[{"embeddable":true,"href":"https:\/\/www.thokbikes.com\/es\/wp-json\/wp\/v2\/comments?post=36102"}],"wp:featuredmedia":[{"embeddable":true,"href":"https:\/\/www.thokbikes.com\/es\/wp-json\/wp\/v2\/media\/36269"}],"wp:attachment":[{"href":"https:\/\/www.thokbikes.com\/es\/wp-json\/wp\/v2\/media?parent=36102"}],"wp:term":[{"taxonomy":"product_brand","embeddable":true,"href":"https:\/\/www.thokbikes.com\/es\/wp-json\/wp\/v2\/product_brand?post=36102"},{"taxonomy":"product_cat","embeddable":true,"href":"https:\/\/www.thokbikes.com\/es\/wp-json\/wp\/v2\/product_cat?post=36102"},{"taxonomy":"product_tag","embeddable":true,"href":"https:\/\/www.thokbikes.com\/es\/wp-json\/wp\/v2\/product_tag?post=36102"}],"curies":[{"name":"wp","href":"https:\/\/api.w.org\/{rel}","templated":true}]}}