{"id":38084,"date":"2026-04-14T06:07:55","date_gmt":"2026-04-14T04:07:55","guid":{"rendered":"https:\/\/www.thokbikes.com\/?post_type=product&#038;p=38084"},"modified":"2026-04-22T08:43:21","modified_gmt":"2026-04-22T06:43:21","slug":"bear-vest-fleece","status":"publish","type":"product","link":"https:\/\/www.thokbikes.com\/es\/negozio\/ropa\/coleccion-primavera-es\/bear-vest-fleece\/","title":{"rendered":"Bear &#8211;  Vest fleece"},"content":{"rendered":"<p>El THOK Bear \u2013 Vest fleece es un chaleco sherpa dise\u00f1ado para garantizar confort t\u00e9rmico y ligereza.<\/p>\n<p><strong>Peso<\/strong>: 450 GSM<\/p>\n<h4>Caracter\u00edsticas:<\/h4>\n<ul>\n<li>Corte Medium Fit<\/li>\n<li>Cuello alto<\/li>\n<li>Cinta interior en el cuello con presilla trasera<\/li>\n<li>Cremallera Vislon\u00ae con tirador met\u00e1lico y extremo de cord\u00f3n<\/li>\n<li>Bolsillos de vivo en softshell con cremallera oculta<\/li>\n<li>Bies el\u00e1stico reciclado en sisas y bajo<\/li>\n<li>Tejido softshell en cuello exterior, canes\u00fa trasero y bolsillo en el pecho<\/li>\n<li>Tejido totalmente unido con forro de forro polar anti-pilling<\/li>\n<li>Cremallera interna oculta en el pecho izquierdo para personalizaci\u00f3n<\/li>\n<li>Logotipo THOK en el frontal<\/li>\n<li>Logo THOK en la parte posterior del cuello<\/li>\n<li>Ajuste unisex<\/li>\n<li>Color: Negro<\/li>\n<\/ul>\n<h4>Composici\u00f3n:<\/h4>\n<p>Exterior: sherpa bonded, 100% poli\u00e9ster reciclado, tejido lavado, cepillado<br \/>\nForro: forro polar, 100% poli\u00e9ster reciclado, cepillado<\/p>\n<p><img decoding=\"async\" class=\"alignnone wp-image-38611\" src=\"https:\/\/www.thokbikes.com\/wp-content\/uploads\/2026\/04\/Liner-1024x600.jpg\" alt=\"\" width=\"600\" height=\"352\" srcset=\"https:\/\/www.thokbikes.com\/wp-content\/uploads\/2026\/04\/Liner-1024x600.jpg 1024w, https:\/\/www.thokbikes.com\/wp-content\/uploads\/2026\/04\/Liner-300x176.jpg 300w, https:\/\/www.thokbikes.com\/wp-content\/uploads\/2026\/04\/Liner-768x450.jpg 768w, https:\/\/www.thokbikes.com\/wp-content\/uploads\/2026\/04\/Liner-1536x900.jpg 1536w, https:\/\/www.thokbikes.com\/wp-content\/uploads\/2026\/04\/Liner-50x29.jpg 50w, https:\/\/www.thokbikes.com\/wp-content\/uploads\/2026\/04\/Liner-600x352.jpg 600w, https:\/\/www.thokbikes.com\/wp-content\/uploads\/2026\/04\/Liner.jpg 1652w\" sizes=\"(max-width: 600px) 100vw, 600px\" \/><\/p>\n","protected":false},"excerpt":{"rendered":"<p>El THOK Bear \u2013 Vest fleece es un chaleco sherpa dise\u00f1ado para garantizar confort t\u00e9rmico y ligereza. Peso: 450 GSM Caracter\u00edsticas: Corte Medium Fit Cuello alto Cinta interior en el cuello con presilla trasera Cremallera Vislon\u00ae con tirador met\u00e1lico y extremo de cord\u00f3n Bolsillos de vivo en softshell con cremallera oculta Bies el\u00e1stico reciclado en [&hellip;]<\/p>\n","protected":false},"featured_media":38584,"comment_status":"closed","ping_status":"closed","template":"","meta":{"_acf_changed":false},"product_brand":[],"product_cat":[239],"product_tag":[],"class_list":{"0":"post-38084","1":"product","2":"type-product","3":"status-publish","4":"has-post-thumbnail","6":"product_cat-coleccion-primavera-es","7":"pa_taglia-l-es","8":"pa_taglia-m-es","9":"pa_taglia-s-es","10":"pa_taglia-xl-es","12":"first","13":"instock","14":"taxable","15":"shipping-taxable","16":"purchasable","17":"product-type-variable"},"acf":[],"yoast_head":"<!-- This site is optimized with the Yoast SEO plugin v27.3 - https:\/\/yoast.com\/product\/yoast-seo-wordpress\/ -->\n<title>Bear - Vest fleece - Thok<\/title>\n<meta name=\"robots\" content=\"index, follow, max-snippet:-1, max-image-preview:large, max-video-preview:-1\" \/>\n<link rel=\"canonical\" href=\"https:\/\/www.thokbikes.com\/es\/negozio\/ropa\/coleccion-primavera-es\/bear-vest-fleece\/\" \/>\n<meta property=\"og:locale\" content=\"es_ES\" \/>\n<meta property=\"og:type\" content=\"article\" \/>\n<meta property=\"og:title\" content=\"Bear - Vest fleece - Thok\" \/>\n<meta property=\"og:description\" content=\"El THOK Bear \u2013 Vest fleece es un chaleco sherpa dise\u00f1ado para garantizar confort t\u00e9rmico y ligereza. Peso: 450 GSM Caracter\u00edsticas: Corte Medium Fit Cuello alto Cinta interior en el cuello con presilla trasera Cremallera Vislon\u00ae con tirador met\u00e1lico y extremo de cord\u00f3n Bolsillos de vivo en softshell con cremallera oculta Bies el\u00e1stico reciclado en [&hellip;]\" \/>\n<meta property=\"og:url\" content=\"https:\/\/www.thokbikes.com\/es\/negozio\/ropa\/coleccion-primavera-es\/bear-vest-fleece\/\" \/>\n<meta property=\"og:site_name\" content=\"Thok\" \/>\n<meta property=\"article:publisher\" content=\"https:\/\/www.facebook.com\/thokebikes\" \/>\n<meta property=\"article:modified_time\" content=\"2026-04-22T06:43:21+00:00\" \/>\n<meta property=\"og:image\" content=\"https:\/\/www.thokbikes.com\/wp-content\/uploads\/2026\/04\/Prodotto-17.jpg\" \/>\n\t<meta property=\"og:image:width\" content=\"1900\" \/>\n\t<meta property=\"og:image:height\" content=\"1900\" \/>\n\t<meta property=\"og:image:type\" content=\"image\/jpeg\" \/>\n<meta name=\"twitter:card\" content=\"summary_large_image\" \/>\n<meta name=\"twitter:label1\" content=\"Est. reading time\" \/>\n\t<meta name=\"twitter:data1\" content=\"2 minutes\" \/>\n<script type=\"application\/ld+json\" class=\"yoast-schema-graph\">{\"@context\":\"https:\\\/\\\/schema.org\",\"@graph\":[{\"@type\":\"WebPage\",\"@id\":\"https:\\\/\\\/www.thokbikes.com\\\/es\\\/negozio\\\/ropa\\\/coleccion-primavera-es\\\/bear-vest-fleece\\\/\",\"url\":\"https:\\\/\\\/www.thokbikes.com\\\/es\\\/negozio\\\/ropa\\\/coleccion-primavera-es\\\/bear-vest-fleece\\\/\",\"name\":\"Bear - Vest fleece - Thok\",\"isPartOf\":{\"@id\":\"https:\\\/\\\/www.thokbikes.com\\\/es\\\/#website\"},\"primaryImageOfPage\":{\"@id\":\"https:\\\/\\\/www.thokbikes.com\\\/es\\\/negozio\\\/ropa\\\/coleccion-primavera-es\\\/bear-vest-fleece\\\/#primaryimage\"},\"image\":{\"@id\":\"https:\\\/\\\/www.thokbikes.com\\\/es\\\/negozio\\\/ropa\\\/coleccion-primavera-es\\\/bear-vest-fleece\\\/#primaryimage\"},\"thumbnailUrl\":\"https:\\\/\\\/www.thokbikes.com\\\/wp-content\\\/uploads\\\/2026\\\/04\\\/Prodotto-17.jpg\",\"datePublished\":\"2026-04-14T04:07:55+00:00\",\"dateModified\":\"2026-04-22T06:43:21+00:00\",\"breadcrumb\":{\"@id\":\"https:\\\/\\\/www.thokbikes.com\\\/es\\\/negozio\\\/ropa\\\/coleccion-primavera-es\\\/bear-vest-fleece\\\/#breadcrumb\"},\"inLanguage\":\"es-ES\",\"potentialAction\":[{\"@type\":\"ReadAction\",\"target\":[\"https:\\\/\\\/www.thokbikes.com\\\/es\\\/negozio\\\/ropa\\\/coleccion-primavera-es\\\/bear-vest-fleece\\\/\"]}]},{\"@type\":\"ImageObject\",\"inLanguage\":\"es-ES\",\"@id\":\"https:\\\/\\\/www.thokbikes.com\\\/es\\\/negozio\\\/ropa\\\/coleccion-primavera-es\\\/bear-vest-fleece\\\/#primaryimage\",\"url\":\"https:\\\/\\\/www.thokbikes.com\\\/wp-content\\\/uploads\\\/2026\\\/04\\\/Prodotto-17.jpg\",\"contentUrl\":\"https:\\\/\\\/www.thokbikes.com\\\/wp-content\\\/uploads\\\/2026\\\/04\\\/Prodotto-17.jpg\",\"width\":1900,\"height\":1900},{\"@type\":\"BreadcrumbList\",\"@id\":\"https:\\\/\\\/www.thokbikes.com\\\/es\\\/negozio\\\/ropa\\\/coleccion-primavera-es\\\/bear-vest-fleece\\\/#breadcrumb\",\"itemListElement\":[{\"@type\":\"ListItem\",\"position\":1,\"name\":\"Home\",\"item\":\"https:\\\/\\\/www.thokbikes.com\\\/es\\\/\"},{\"@type\":\"ListItem\",\"position\":2,\"name\":\"Shop\",\"item\":\"https:\\\/\\\/www.thokbikes.com\\\/negozio\\\/\"},{\"@type\":\"ListItem\",\"position\":3,\"name\":\"Bear &#8211; Vest fleece\"}]},{\"@type\":\"WebSite\",\"@id\":\"https:\\\/\\\/www.thokbikes.com\\\/es\\\/#website\",\"url\":\"https:\\\/\\\/www.thokbikes.com\\\/es\\\/\",\"name\":\"Thok E-bikes\",\"description\":\"\",\"publisher\":{\"@id\":\"https:\\\/\\\/www.thokbikes.com\\\/es\\\/#organization\"},\"potentialAction\":[{\"@type\":\"SearchAction\",\"target\":{\"@type\":\"EntryPoint\",\"urlTemplate\":\"https:\\\/\\\/www.thokbikes.com\\\/es\\\/?s={search_term_string}\"},\"query-input\":{\"@type\":\"PropertyValueSpecification\",\"valueRequired\":true,\"valueName\":\"search_term_string\"}}],\"inLanguage\":\"es-ES\"},{\"@type\":\"Organization\",\"@id\":\"https:\\\/\\\/www.thokbikes.com\\\/es\\\/#organization\",\"name\":\"Thok E-bikes\",\"url\":\"https:\\\/\\\/www.thokbikes.com\\\/es\\\/\",\"logo\":{\"@type\":\"ImageObject\",\"inLanguage\":\"es-ES\",\"@id\":\"https:\\\/\\\/www.thokbikes.com\\\/es\\\/#\\\/schema\\\/logo\\\/image\\\/\",\"url\":\"https:\\\/\\\/www.thokbikes.com\\\/wp-content\\\/uploads\\\/2025\\\/11\\\/logo-thok-white.png\",\"contentUrl\":\"https:\\\/\\\/www.thokbikes.com\\\/wp-content\\\/uploads\\\/2025\\\/11\\\/logo-thok-white.png\",\"width\":1920,\"height\":281,\"caption\":\"Thok E-bikes\"},\"image\":{\"@id\":\"https:\\\/\\\/www.thokbikes.com\\\/es\\\/#\\\/schema\\\/logo\\\/image\\\/\"},\"sameAs\":[\"https:\\\/\\\/www.facebook.com\\\/thokebikes\",\"https:\\\/\\\/www.instagram.com\\\/thok_ebikes\\\/\",\"https:\\\/\\\/www.youtube.com\\\/channel\\\/UC-yfWNxPCJvVdRymE7tA8Ww\"]}]}<\/script>\n<!-- \/ Yoast SEO plugin. -->","yoast_head_json":{"title":"Bear - Vest fleece - Thok","robots":{"index":"index","follow":"follow","max-snippet":"max-snippet:-1","max-image-preview":"max-image-preview:large","max-video-preview":"max-video-preview:-1"},"canonical":"https:\/\/www.thokbikes.com\/es\/negozio\/ropa\/coleccion-primavera-es\/bear-vest-fleece\/","og_locale":"es_ES","og_type":"article","og_title":"Bear - Vest fleece - Thok","og_description":"El THOK Bear \u2013 Vest fleece es un chaleco sherpa dise\u00f1ado para garantizar confort t\u00e9rmico y ligereza. Peso: 450 GSM Caracter\u00edsticas: Corte Medium Fit Cuello alto Cinta interior en el cuello con presilla trasera Cremallera Vislon\u00ae con tirador met\u00e1lico y extremo de cord\u00f3n Bolsillos de vivo en softshell con cremallera oculta Bies el\u00e1stico reciclado en [&hellip;]","og_url":"https:\/\/www.thokbikes.com\/es\/negozio\/ropa\/coleccion-primavera-es\/bear-vest-fleece\/","og_site_name":"Thok","article_publisher":"https:\/\/www.facebook.com\/thokebikes","article_modified_time":"2026-04-22T06:43:21+00:00","og_image":[{"width":1900,"height":1900,"url":"https:\/\/www.thokbikes.com\/wp-content\/uploads\/2026\/04\/Prodotto-17.jpg","type":"image\/jpeg"}],"twitter_card":"summary_large_image","twitter_misc":{"Est. reading time":"2 minutes"},"schema":{"@context":"https:\/\/schema.org","@graph":[{"@type":"WebPage","@id":"https:\/\/www.thokbikes.com\/es\/negozio\/ropa\/coleccion-primavera-es\/bear-vest-fleece\/","url":"https:\/\/www.thokbikes.com\/es\/negozio\/ropa\/coleccion-primavera-es\/bear-vest-fleece\/","name":"Bear - Vest fleece - Thok","isPartOf":{"@id":"https:\/\/www.thokbikes.com\/es\/#website"},"primaryImageOfPage":{"@id":"https:\/\/www.thokbikes.com\/es\/negozio\/ropa\/coleccion-primavera-es\/bear-vest-fleece\/#primaryimage"},"image":{"@id":"https:\/\/www.thokbikes.com\/es\/negozio\/ropa\/coleccion-primavera-es\/bear-vest-fleece\/#primaryimage"},"thumbnailUrl":"https:\/\/www.thokbikes.com\/wp-content\/uploads\/2026\/04\/Prodotto-17.jpg","datePublished":"2026-04-14T04:07:55+00:00","dateModified":"2026-04-22T06:43:21+00:00","breadcrumb":{"@id":"https:\/\/www.thokbikes.com\/es\/negozio\/ropa\/coleccion-primavera-es\/bear-vest-fleece\/#breadcrumb"},"inLanguage":"es-ES","potentialAction":[{"@type":"ReadAction","target":["https:\/\/www.thokbikes.com\/es\/negozio\/ropa\/coleccion-primavera-es\/bear-vest-fleece\/"]}]},{"@type":"ImageObject","inLanguage":"es-ES","@id":"https:\/\/www.thokbikes.com\/es\/negozio\/ropa\/coleccion-primavera-es\/bear-vest-fleece\/#primaryimage","url":"https:\/\/www.thokbikes.com\/wp-content\/uploads\/2026\/04\/Prodotto-17.jpg","contentUrl":"https:\/\/www.thokbikes.com\/wp-content\/uploads\/2026\/04\/Prodotto-17.jpg","width":1900,"height":1900},{"@type":"BreadcrumbList","@id":"https:\/\/www.thokbikes.com\/es\/negozio\/ropa\/coleccion-primavera-es\/bear-vest-fleece\/#breadcrumb","itemListElement":[{"@type":"ListItem","position":1,"name":"Home","item":"https:\/\/www.thokbikes.com\/es\/"},{"@type":"ListItem","position":2,"name":"Shop","item":"https:\/\/www.thokbikes.com\/negozio\/"},{"@type":"ListItem","position":3,"name":"Bear &#8211; Vest fleece"}]},{"@type":"WebSite","@id":"https:\/\/www.thokbikes.com\/es\/#website","url":"https:\/\/www.thokbikes.com\/es\/","name":"Thok E-bikes","description":"","publisher":{"@id":"https:\/\/www.thokbikes.com\/es\/#organization"},"potentialAction":[{"@type":"SearchAction","target":{"@type":"EntryPoint","urlTemplate":"https:\/\/www.thokbikes.com\/es\/?s={search_term_string}"},"query-input":{"@type":"PropertyValueSpecification","valueRequired":true,"valueName":"search_term_string"}}],"inLanguage":"es-ES"},{"@type":"Organization","@id":"https:\/\/www.thokbikes.com\/es\/#organization","name":"Thok E-bikes","url":"https:\/\/www.thokbikes.com\/es\/","logo":{"@type":"ImageObject","inLanguage":"es-ES","@id":"https:\/\/www.thokbikes.com\/es\/#\/schema\/logo\/image\/","url":"https:\/\/www.thokbikes.com\/wp-content\/uploads\/2025\/11\/logo-thok-white.png","contentUrl":"https:\/\/www.thokbikes.com\/wp-content\/uploads\/2025\/11\/logo-thok-white.png","width":1920,"height":281,"caption":"Thok E-bikes"},"image":{"@id":"https:\/\/www.thokbikes.com\/es\/#\/schema\/logo\/image\/"},"sameAs":["https:\/\/www.facebook.com\/thokebikes","https:\/\/www.instagram.com\/thok_ebikes\/","https:\/\/www.youtube.com\/channel\/UC-yfWNxPCJvVdRymE7tA8Ww"]}]}},"_links":{"self":[{"href":"https:\/\/www.thokbikes.com\/es\/wp-json\/wp\/v2\/product\/38084","targetHints":{"allow":["GET"]}}],"collection":[{"href":"https:\/\/www.thokbikes.com\/es\/wp-json\/wp\/v2\/product"}],"about":[{"href":"https:\/\/www.thokbikes.com\/es\/wp-json\/wp\/v2\/types\/product"}],"replies":[{"embeddable":true,"href":"https:\/\/www.thokbikes.com\/es\/wp-json\/wp\/v2\/comments?post=38084"}],"wp:featuredmedia":[{"embeddable":true,"href":"https:\/\/www.thokbikes.com\/es\/wp-json\/wp\/v2\/media\/38584"}],"wp:attachment":[{"href":"https:\/\/www.thokbikes.com\/es\/wp-json\/wp\/v2\/media?parent=38084"}],"wp:term":[{"taxonomy":"product_brand","embeddable":true,"href":"https:\/\/www.thokbikes.com\/es\/wp-json\/wp\/v2\/product_brand?post=38084"},{"taxonomy":"product_cat","embeddable":true,"href":"https:\/\/www.thokbikes.com\/es\/wp-json\/wp\/v2\/product_cat?post=38084"},{"taxonomy":"product_tag","embeddable":true,"href":"https:\/\/www.thokbikes.com\/es\/wp-json\/wp\/v2\/product_tag?post=38084"}],"curies":[{"name":"wp","href":"https:\/\/api.w.org\/{rel}","templated":true}]}}