{"id":38120,"date":"2026-04-14T06:07:53","date_gmt":"2026-04-14T04:07:53","guid":{"rendered":"https:\/\/www.thokbikes.com\/?post_type=product&#038;p=38120"},"modified":"2026-04-22T08:48:20","modified_gmt":"2026-04-22T06:48:20","slug":"gradient-black","status":"publish","type":"product","link":"https:\/\/www.thokbikes.com\/es\/negozio\/ropa\/coleccion-primavera-es\/gradient-black\/","title":{"rendered":"GRADIENT BLACK"},"content":{"rendered":"<p>La camiseta GRADIENT de manga corta es una prenda esencial y vers\u00e1til, pensada para acompa\u00f1ar el d\u00eda a d\u00eda con comodidad y sencillez.<\/p>\n<p><strong>Peso<\/strong>: 180 GSM<\/p>\n<h4>Caracter\u00edsticas:<\/h4>\n<ul>\n<li>Corte Medium Fit<\/li>\n<li>Cuello redondo acanalado<\/li>\n<li>Manga montada<\/li>\n<li>Banda gr\u00e1fica horizontal en contraste en el pecho con logotipo THOK<\/li>\n<li>Detalle gr\u00e1fico en la espalda<\/li>\n<li>Ajuste unisex<\/li>\n<li>Color: Negro<\/li>\n<\/ul>\n<h4>Composici\u00f3n:<\/h4>\n<p>Exterior: jersey, 100% algod\u00f3n \u2013 algod\u00f3n org\u00e1nico peinado hilado en anillo \/ Heather Haze: 70% algod\u00f3n org\u00e1nico \u2013 30% algod\u00f3n reciclado, peinado hilado en anillo, tejido lavado<\/p>\n<p>&nbsp;<\/p>\n<p><img decoding=\"async\" class=\"alignnone wp-image-38601\" src=\"https:\/\/www.thokbikes.com\/wp-content\/uploads\/2026\/04\/Creator-2.0.jpg\" alt=\"\" width=\"600\" height=\"364\" srcset=\"https:\/\/www.thokbikes.com\/wp-content\/uploads\/2026\/04\/Creator-2.0.jpg 1690w, https:\/\/www.thokbikes.com\/wp-content\/uploads\/2026\/04\/Creator-2.0-300x182.jpg 300w, https:\/\/www.thokbikes.com\/wp-content\/uploads\/2026\/04\/Creator-2.0-1024x620.jpg 1024w, https:\/\/www.thokbikes.com\/wp-content\/uploads\/2026\/04\/Creator-2.0-768x465.jpg 768w, https:\/\/www.thokbikes.com\/wp-content\/uploads\/2026\/04\/Creator-2.0-1536x931.jpg 1536w, https:\/\/www.thokbikes.com\/wp-content\/uploads\/2026\/04\/Creator-2.0-50x30.jpg 50w, https:\/\/www.thokbikes.com\/wp-content\/uploads\/2026\/04\/Creator-2.0-600x364.jpg 600w\" sizes=\"(max-width: 600px) 100vw, 600px\" \/><\/p>\n","protected":false},"excerpt":{"rendered":"<p>La camiseta GRADIENT de manga corta es una prenda esencial y vers\u00e1til, pensada para acompa\u00f1ar el d\u00eda a d\u00eda con comodidad y sencillez. Peso: 180 GSM Caracter\u00edsticas: Corte Medium Fit Cuello redondo acanalado Manga montada Banda gr\u00e1fica horizontal en contraste en el pecho con logotipo THOK Detalle gr\u00e1fico en la espalda Ajuste unisex Color: Negro [&hellip;]<\/p>\n","protected":false},"featured_media":38413,"comment_status":"closed","ping_status":"closed","template":"","meta":{"_acf_changed":false},"product_brand":[],"product_cat":[239],"product_tag":[],"class_list":{"0":"post-38120","1":"product","2":"type-product","3":"status-publish","4":"has-post-thumbnail","6":"product_cat-coleccion-primavera-es","7":"pa_taglia-l-es","8":"pa_taglia-m-es","9":"pa_taglia-s-es","10":"pa_taglia-xl-es","12":"first","13":"instock","14":"taxable","15":"shipping-taxable","16":"purchasable","17":"product-type-variable"},"acf":[],"yoast_head":"<!-- This site is optimized with the Yoast SEO plugin v27.3 - https:\/\/yoast.com\/product\/yoast-seo-wordpress\/ -->\n<title>GRADIENT BLACK - Thok<\/title>\n<meta name=\"robots\" content=\"index, follow, max-snippet:-1, max-image-preview:large, max-video-preview:-1\" \/>\n<link rel=\"canonical\" href=\"https:\/\/www.thokbikes.com\/es\/negozio\/ropa\/coleccion-primavera-es\/gradient-black\/\" \/>\n<meta property=\"og:locale\" content=\"es_ES\" \/>\n<meta property=\"og:type\" content=\"article\" \/>\n<meta property=\"og:title\" content=\"GRADIENT BLACK - Thok\" \/>\n<meta property=\"og:description\" content=\"La camiseta GRADIENT de manga corta es una prenda esencial y vers\u00e1til, pensada para acompa\u00f1ar el d\u00eda a d\u00eda con comodidad y sencillez. Peso: 180 GSM Caracter\u00edsticas: Corte Medium Fit Cuello redondo acanalado Manga montada Banda gr\u00e1fica horizontal en contraste en el pecho con logotipo THOK Detalle gr\u00e1fico en la espalda Ajuste unisex Color: Negro [&hellip;]\" \/>\n<meta property=\"og:url\" content=\"https:\/\/www.thokbikes.com\/es\/negozio\/ropa\/coleccion-primavera-es\/gradient-black\/\" \/>\n<meta property=\"og:site_name\" content=\"Thok\" \/>\n<meta property=\"article:publisher\" content=\"https:\/\/www.facebook.com\/thokebikes\" \/>\n<meta property=\"article:modified_time\" content=\"2026-04-22T06:48:20+00:00\" \/>\n<meta property=\"og:image\" content=\"https:\/\/www.thokbikes.com\/wp-content\/uploads\/2026\/04\/Prodotto-8.jpg\" \/>\n\t<meta property=\"og:image:width\" content=\"1900\" \/>\n\t<meta property=\"og:image:height\" content=\"1900\" \/>\n\t<meta property=\"og:image:type\" content=\"image\/jpeg\" \/>\n<meta name=\"twitter:card\" content=\"summary_large_image\" \/>\n<meta name=\"twitter:label1\" content=\"Est. reading time\" \/>\n\t<meta name=\"twitter:data1\" content=\"1 minute\" \/>\n<script type=\"application\/ld+json\" class=\"yoast-schema-graph\">{\"@context\":\"https:\\\/\\\/schema.org\",\"@graph\":[{\"@type\":\"WebPage\",\"@id\":\"https:\\\/\\\/www.thokbikes.com\\\/es\\\/negozio\\\/ropa\\\/coleccion-primavera-es\\\/gradient-black\\\/\",\"url\":\"https:\\\/\\\/www.thokbikes.com\\\/es\\\/negozio\\\/ropa\\\/coleccion-primavera-es\\\/gradient-black\\\/\",\"name\":\"GRADIENT BLACK - Thok\",\"isPartOf\":{\"@id\":\"https:\\\/\\\/www.thokbikes.com\\\/es\\\/#website\"},\"primaryImageOfPage\":{\"@id\":\"https:\\\/\\\/www.thokbikes.com\\\/es\\\/negozio\\\/ropa\\\/coleccion-primavera-es\\\/gradient-black\\\/#primaryimage\"},\"image\":{\"@id\":\"https:\\\/\\\/www.thokbikes.com\\\/es\\\/negozio\\\/ropa\\\/coleccion-primavera-es\\\/gradient-black\\\/#primaryimage\"},\"thumbnailUrl\":\"https:\\\/\\\/www.thokbikes.com\\\/wp-content\\\/uploads\\\/2026\\\/04\\\/Prodotto-8.jpg\",\"datePublished\":\"2026-04-14T04:07:53+00:00\",\"dateModified\":\"2026-04-22T06:48:20+00:00\",\"breadcrumb\":{\"@id\":\"https:\\\/\\\/www.thokbikes.com\\\/es\\\/negozio\\\/ropa\\\/coleccion-primavera-es\\\/gradient-black\\\/#breadcrumb\"},\"inLanguage\":\"es-ES\",\"potentialAction\":[{\"@type\":\"ReadAction\",\"target\":[\"https:\\\/\\\/www.thokbikes.com\\\/es\\\/negozio\\\/ropa\\\/coleccion-primavera-es\\\/gradient-black\\\/\"]}]},{\"@type\":\"ImageObject\",\"inLanguage\":\"es-ES\",\"@id\":\"https:\\\/\\\/www.thokbikes.com\\\/es\\\/negozio\\\/ropa\\\/coleccion-primavera-es\\\/gradient-black\\\/#primaryimage\",\"url\":\"https:\\\/\\\/www.thokbikes.com\\\/wp-content\\\/uploads\\\/2026\\\/04\\\/Prodotto-8.jpg\",\"contentUrl\":\"https:\\\/\\\/www.thokbikes.com\\\/wp-content\\\/uploads\\\/2026\\\/04\\\/Prodotto-8.jpg\",\"width\":1900,\"height\":1900},{\"@type\":\"BreadcrumbList\",\"@id\":\"https:\\\/\\\/www.thokbikes.com\\\/es\\\/negozio\\\/ropa\\\/coleccion-primavera-es\\\/gradient-black\\\/#breadcrumb\",\"itemListElement\":[{\"@type\":\"ListItem\",\"position\":1,\"name\":\"Home\",\"item\":\"https:\\\/\\\/www.thokbikes.com\\\/es\\\/\"},{\"@type\":\"ListItem\",\"position\":2,\"name\":\"Shop\",\"item\":\"https:\\\/\\\/www.thokbikes.com\\\/negozio\\\/\"},{\"@type\":\"ListItem\",\"position\":3,\"name\":\"GRADIENT BLACK\"}]},{\"@type\":\"WebSite\",\"@id\":\"https:\\\/\\\/www.thokbikes.com\\\/es\\\/#website\",\"url\":\"https:\\\/\\\/www.thokbikes.com\\\/es\\\/\",\"name\":\"Thok E-bikes\",\"description\":\"\",\"publisher\":{\"@id\":\"https:\\\/\\\/www.thokbikes.com\\\/es\\\/#organization\"},\"potentialAction\":[{\"@type\":\"SearchAction\",\"target\":{\"@type\":\"EntryPoint\",\"urlTemplate\":\"https:\\\/\\\/www.thokbikes.com\\\/es\\\/?s={search_term_string}\"},\"query-input\":{\"@type\":\"PropertyValueSpecification\",\"valueRequired\":true,\"valueName\":\"search_term_string\"}}],\"inLanguage\":\"es-ES\"},{\"@type\":\"Organization\",\"@id\":\"https:\\\/\\\/www.thokbikes.com\\\/es\\\/#organization\",\"name\":\"Thok E-bikes\",\"url\":\"https:\\\/\\\/www.thokbikes.com\\\/es\\\/\",\"logo\":{\"@type\":\"ImageObject\",\"inLanguage\":\"es-ES\",\"@id\":\"https:\\\/\\\/www.thokbikes.com\\\/es\\\/#\\\/schema\\\/logo\\\/image\\\/\",\"url\":\"https:\\\/\\\/www.thokbikes.com\\\/wp-content\\\/uploads\\\/2025\\\/11\\\/logo-thok-white.png\",\"contentUrl\":\"https:\\\/\\\/www.thokbikes.com\\\/wp-content\\\/uploads\\\/2025\\\/11\\\/logo-thok-white.png\",\"width\":1920,\"height\":281,\"caption\":\"Thok E-bikes\"},\"image\":{\"@id\":\"https:\\\/\\\/www.thokbikes.com\\\/es\\\/#\\\/schema\\\/logo\\\/image\\\/\"},\"sameAs\":[\"https:\\\/\\\/www.facebook.com\\\/thokebikes\",\"https:\\\/\\\/www.instagram.com\\\/thok_ebikes\\\/\",\"https:\\\/\\\/www.youtube.com\\\/channel\\\/UC-yfWNxPCJvVdRymE7tA8Ww\"]}]}<\/script>\n<!-- \/ Yoast SEO plugin. -->","yoast_head_json":{"title":"GRADIENT BLACK - Thok","robots":{"index":"index","follow":"follow","max-snippet":"max-snippet:-1","max-image-preview":"max-image-preview:large","max-video-preview":"max-video-preview:-1"},"canonical":"https:\/\/www.thokbikes.com\/es\/negozio\/ropa\/coleccion-primavera-es\/gradient-black\/","og_locale":"es_ES","og_type":"article","og_title":"GRADIENT BLACK - Thok","og_description":"La camiseta GRADIENT de manga corta es una prenda esencial y vers\u00e1til, pensada para acompa\u00f1ar el d\u00eda a d\u00eda con comodidad y sencillez. Peso: 180 GSM Caracter\u00edsticas: Corte Medium Fit Cuello redondo acanalado Manga montada Banda gr\u00e1fica horizontal en contraste en el pecho con logotipo THOK Detalle gr\u00e1fico en la espalda Ajuste unisex Color: Negro [&hellip;]","og_url":"https:\/\/www.thokbikes.com\/es\/negozio\/ropa\/coleccion-primavera-es\/gradient-black\/","og_site_name":"Thok","article_publisher":"https:\/\/www.facebook.com\/thokebikes","article_modified_time":"2026-04-22T06:48:20+00:00","og_image":[{"width":1900,"height":1900,"url":"https:\/\/www.thokbikes.com\/wp-content\/uploads\/2026\/04\/Prodotto-8.jpg","type":"image\/jpeg"}],"twitter_card":"summary_large_image","twitter_misc":{"Est. reading time":"1 minute"},"schema":{"@context":"https:\/\/schema.org","@graph":[{"@type":"WebPage","@id":"https:\/\/www.thokbikes.com\/es\/negozio\/ropa\/coleccion-primavera-es\/gradient-black\/","url":"https:\/\/www.thokbikes.com\/es\/negozio\/ropa\/coleccion-primavera-es\/gradient-black\/","name":"GRADIENT BLACK - Thok","isPartOf":{"@id":"https:\/\/www.thokbikes.com\/es\/#website"},"primaryImageOfPage":{"@id":"https:\/\/www.thokbikes.com\/es\/negozio\/ropa\/coleccion-primavera-es\/gradient-black\/#primaryimage"},"image":{"@id":"https:\/\/www.thokbikes.com\/es\/negozio\/ropa\/coleccion-primavera-es\/gradient-black\/#primaryimage"},"thumbnailUrl":"https:\/\/www.thokbikes.com\/wp-content\/uploads\/2026\/04\/Prodotto-8.jpg","datePublished":"2026-04-14T04:07:53+00:00","dateModified":"2026-04-22T06:48:20+00:00","breadcrumb":{"@id":"https:\/\/www.thokbikes.com\/es\/negozio\/ropa\/coleccion-primavera-es\/gradient-black\/#breadcrumb"},"inLanguage":"es-ES","potentialAction":[{"@type":"ReadAction","target":["https:\/\/www.thokbikes.com\/es\/negozio\/ropa\/coleccion-primavera-es\/gradient-black\/"]}]},{"@type":"ImageObject","inLanguage":"es-ES","@id":"https:\/\/www.thokbikes.com\/es\/negozio\/ropa\/coleccion-primavera-es\/gradient-black\/#primaryimage","url":"https:\/\/www.thokbikes.com\/wp-content\/uploads\/2026\/04\/Prodotto-8.jpg","contentUrl":"https:\/\/www.thokbikes.com\/wp-content\/uploads\/2026\/04\/Prodotto-8.jpg","width":1900,"height":1900},{"@type":"BreadcrumbList","@id":"https:\/\/www.thokbikes.com\/es\/negozio\/ropa\/coleccion-primavera-es\/gradient-black\/#breadcrumb","itemListElement":[{"@type":"ListItem","position":1,"name":"Home","item":"https:\/\/www.thokbikes.com\/es\/"},{"@type":"ListItem","position":2,"name":"Shop","item":"https:\/\/www.thokbikes.com\/negozio\/"},{"@type":"ListItem","position":3,"name":"GRADIENT BLACK"}]},{"@type":"WebSite","@id":"https:\/\/www.thokbikes.com\/es\/#website","url":"https:\/\/www.thokbikes.com\/es\/","name":"Thok E-bikes","description":"","publisher":{"@id":"https:\/\/www.thokbikes.com\/es\/#organization"},"potentialAction":[{"@type":"SearchAction","target":{"@type":"EntryPoint","urlTemplate":"https:\/\/www.thokbikes.com\/es\/?s={search_term_string}"},"query-input":{"@type":"PropertyValueSpecification","valueRequired":true,"valueName":"search_term_string"}}],"inLanguage":"es-ES"},{"@type":"Organization","@id":"https:\/\/www.thokbikes.com\/es\/#organization","name":"Thok E-bikes","url":"https:\/\/www.thokbikes.com\/es\/","logo":{"@type":"ImageObject","inLanguage":"es-ES","@id":"https:\/\/www.thokbikes.com\/es\/#\/schema\/logo\/image\/","url":"https:\/\/www.thokbikes.com\/wp-content\/uploads\/2025\/11\/logo-thok-white.png","contentUrl":"https:\/\/www.thokbikes.com\/wp-content\/uploads\/2025\/11\/logo-thok-white.png","width":1920,"height":281,"caption":"Thok E-bikes"},"image":{"@id":"https:\/\/www.thokbikes.com\/es\/#\/schema\/logo\/image\/"},"sameAs":["https:\/\/www.facebook.com\/thokebikes","https:\/\/www.instagram.com\/thok_ebikes\/","https:\/\/www.youtube.com\/channel\/UC-yfWNxPCJvVdRymE7tA8Ww"]}]}},"_links":{"self":[{"href":"https:\/\/www.thokbikes.com\/es\/wp-json\/wp\/v2\/product\/38120","targetHints":{"allow":["GET"]}}],"collection":[{"href":"https:\/\/www.thokbikes.com\/es\/wp-json\/wp\/v2\/product"}],"about":[{"href":"https:\/\/www.thokbikes.com\/es\/wp-json\/wp\/v2\/types\/product"}],"replies":[{"embeddable":true,"href":"https:\/\/www.thokbikes.com\/es\/wp-json\/wp\/v2\/comments?post=38120"}],"wp:featuredmedia":[{"embeddable":true,"href":"https:\/\/www.thokbikes.com\/es\/wp-json\/wp\/v2\/media\/38413"}],"wp:attachment":[{"href":"https:\/\/www.thokbikes.com\/es\/wp-json\/wp\/v2\/media?parent=38120"}],"wp:term":[{"taxonomy":"product_brand","embeddable":true,"href":"https:\/\/www.thokbikes.com\/es\/wp-json\/wp\/v2\/product_brand?post=38120"},{"taxonomy":"product_cat","embeddable":true,"href":"https:\/\/www.thokbikes.com\/es\/wp-json\/wp\/v2\/product_cat?post=38120"},{"taxonomy":"product_tag","embeddable":true,"href":"https:\/\/www.thokbikes.com\/es\/wp-json\/wp\/v2\/product_tag?post=38120"}],"curies":[{"name":"wp","href":"https:\/\/api.w.org\/{rel}","templated":true}]}}