{"id":39094,"date":"2026-04-30T06:08:11","date_gmt":"2026-04-30T04:08:11","guid":{"rendered":"https:\/\/www.thokbikes.com\/?post_type=product&#038;p=39094"},"modified":"2026-05-11T14:37:31","modified_gmt":"2026-05-11T12:37:31","slug":"tk02-s-talla-m-expo","status":"publish","type":"product","link":"https:\/\/www.thokbikes.com\/es\/negozio\/outlet-es\/tk02-s-talla-m-expo\/","title":{"rendered":"TK02 S TALLA M &#8211; EXPO"},"content":{"rendered":"<ul>\n<li data-start=\"1751\" data-end=\"1919\"><strong data-start=\"1751\" data-end=\"1762\">MODELO:<\/strong> TK02 S<\/li>\n<li data-start=\"1751\" data-end=\"1919\"><strong data-start=\"1787\" data-end=\"1797\">TALLA:<\/strong> M<\/li>\n<li data-start=\"1751\" data-end=\"1919\"><strong data-start=\"1802\" data-end=\"1809\">KM:<\/strong> 0<\/li>\n<li data-start=\"1751\" data-end=\"1919\"><strong data-start=\"1814\" data-end=\"1823\">TIPO:<\/strong> Bicicleta de exposici\u00f3n<\/li>\n<li data-start=\"1751\" data-end=\"1919\"><strong data-start=\"1848\" data-end=\"1876\">DURACI\u00d3N DE LA GARANT\u00cdA:<\/strong> 48 meses<\/li>\n<\/ul>\n<h3 data-start=\"1921\" data-end=\"2176\"><strong data-start=\"1921\" data-end=\"1950\">Caracter\u00edsticas t\u00e9cnicas:<\/strong><\/h3>\n<section class=\"text-token-text-primary w-full focus:outline-none [--shadow-height:45px] has-data-writing-block:pointer-events-none has-data-writing-block:-mt-(--shadow-height) has-data-writing-block:pt-(--shadow-height) [&amp;:has([data-writing-block])&gt;*]:pointer-events-auto [content-visibility:auto] supports-[content-visibility:auto]:[contain-intrinsic-size:auto_100lvh] R6Vx5W_threadScrollVars scroll-mb-[calc(var(--scroll-root-safe-area-inset-bottom,0px)+var(--thread-response-height))] scroll-mt-[calc(var(--header-height)+min(200px,max(70px,20svh)))]\" dir=\"auto\" data-turn-id=\"request-WEB:27cc3c72-6707-4a57-b727-95add62ba090-5\" data-testid=\"conversation-turn-4\" data-scroll-anchor=\"false\" data-turn=\"assistant\">\n<div class=\"text-base my-auto mx-auto pb-10 [--thread-content-margin:var(--thread-content-margin-xs,calc(var(--spacing)*4))] @w-sm\/main:[--thread-content-margin:var(--thread-content-margin-sm,calc(var(--spacing)*6))] @w-lg\/main:[--thread-content-margin:var(--thread-content-margin-lg,calc(var(--spacing)*16))] px-(--thread-content-margin)\">\n<div class=\"[--thread-content-max-width:40rem] @w-lg\/main:[--thread-content-max-width:48rem] mx-auto max-w-(--thread-content-max-width) flex-1 group\/turn-messages focus-visible:outline-hidden relative flex w-full min-w-0 flex-col agent-turn\">\n<div class=\"flex max-w-full flex-col gap-4 grow\">\n<div class=\"min-h-8 text-message relative flex w-full flex-col items-end gap-2 text-start break-words whitespace-normal outline-none keyboard-focused:focus-ring [.text-message+&amp;]:mt-1\" dir=\"auto\" tabindex=\"0\" data-message-author-role=\"assistant\" data-message-id=\"577b4e0c-91ed-4b5f-a93d-73d09ce926c5\" data-message-model-slug=\"gpt-5-3\" data-turn-start-message=\"true\">\n<div class=\"flex w-full flex-col gap-1 empty:hidden\">\n<div class=\"markdown prose dark:prose-invert w-full wrap-break-word light markdown-new-styling\">\n<p data-start=\"525\" data-end=\"693\" data-is-last-node=\"\" data-is-only-node=\"\">Enduro con cuadro de aluminio, motor BOSCH Performance Line CX BDU384Y, bater\u00eda integrada de 800 Wh, frenos Magura MT5, ruedas mullet, tija telesc\u00f3pica.<\/p>\n<\/div>\n<\/div>\n<\/div>\n<\/div>\n<\/div>\n<\/div>\n<\/section>\n<h3 data-start=\"1921\" data-end=\"2176\"><strong data-start=\"2178\" data-end=\"2194\">Descripci\u00f3n:<\/strong><\/h3>\n<section class=\"text-token-text-primary w-full focus:outline-none [--shadow-height:45px] has-data-writing-block:pointer-events-none has-data-writing-block:-mt-(--shadow-height) has-data-writing-block:pt-(--shadow-height) [&amp;:has([data-writing-block])&gt;*]:pointer-events-auto [content-visibility:auto] supports-[content-visibility:auto]:[contain-intrinsic-size:auto_100lvh] R6Vx5W_threadScrollVars scroll-mb-[calc(var(--scroll-root-safe-area-inset-bottom,0px)+var(--thread-response-height))] scroll-mt-[calc(var(--header-height)+min(200px,max(70px,20svh)))]\" dir=\"auto\" data-turn-id=\"request-WEB:b82192cf-df0c-4ea9-8fc2-034a099e2beb-16\" data-testid=\"conversation-turn-4\" data-scroll-anchor=\"false\" data-turn=\"assistant\">\n<div class=\"text-base my-auto mx-auto pb-10 [--thread-content-margin:var(--thread-content-margin-xs,calc(var(--spacing)*4))] @w-sm\/main:[--thread-content-margin:var(--thread-content-margin-sm,calc(var(--spacing)*6))] @w-lg\/main:[--thread-content-margin:var(--thread-content-margin-lg,calc(var(--spacing)*16))] px-(--thread-content-margin)\">\n<div class=\"[--thread-content-max-width:40rem] @w-lg\/main:[--thread-content-max-width:48rem] mx-auto max-w-(--thread-content-max-width) flex-1 group\/turn-messages focus-visible:outline-hidden relative flex w-full min-w-0 flex-col agent-turn\">\n<div class=\"flex max-w-full flex-col gap-4 grow\">\n<div class=\"min-h-8 text-message relative flex w-full flex-col items-end gap-2 text-start break-words whitespace-normal outline-none keyboard-focused:focus-ring [.text-message+&amp;]:mt-1\" dir=\"auto\" tabindex=\"0\" data-message-author-role=\"assistant\" data-message-id=\"128d3f0e-65a9-4725-8bc0-c07f849ba1a3\" data-message-model-slug=\"gpt-5-3-mini\" data-turn-start-message=\"true\">\n<div class=\"flex w-full flex-col gap-1 empty:hidden\">\n<div class=\"markdown prose dark:prose-invert wrap-break-word w-full light markdown-new-styling\">\n<p data-start=\"521\" data-end=\"700\" data-is-last-node=\"\" data-is-only-node=\"\">Bicicleta utilizada como modelo de exposici\u00f3n en ferias e eventos. KM0 (kilometraje cero). Presenta peque\u00f1as marcas est\u00e9ticas en el cuadro.<\/p>\n<\/div>\n<\/div>\n<\/div>\n<\/div>\n<\/div>\n<\/div>\n<\/section>\n","protected":false},"excerpt":{"rendered":"<p>MODELO: TK02 S TALLA: M KM: 0 TIPO: Bicicleta de exposici\u00f3n DURACI\u00d3N DE LA GARANT\u00cdA: 48 meses Caracter\u00edsticas t\u00e9cnicas: Enduro con cuadro de aluminio, motor BOSCH Performance Line CX BDU384Y, bater\u00eda integrada de 800 Wh, frenos Magura MT5, ruedas mullet, tija telesc\u00f3pica. Descripci\u00f3n: Bicicleta utilizada como modelo de exposici\u00f3n en ferias e eventos. KM0 (kilometraje [&hellip;]<\/p>\n","protected":false},"featured_media":33191,"comment_status":"closed","ping_status":"closed","template":"","meta":{"_acf_changed":false},"product_brand":[],"product_cat":[265],"product_tag":[],"class_list":{"0":"post-39094","1":"product","2":"type-product","3":"status-publish","4":"has-post-thumbnail","6":"product_cat-outlet-es","8":"first","9":"instock","10":"taxable","11":"shipping-taxable","12":"purchasable","13":"product-type-simple"},"acf":[],"yoast_head":"<!-- This site is optimized with the Yoast SEO plugin v27.3 - https:\/\/yoast.com\/product\/yoast-seo-wordpress\/ -->\n<title>TK02 S TALLA M - EXPO - Thok<\/title>\n<meta name=\"robots\" content=\"index, follow, max-snippet:-1, max-image-preview:large, max-video-preview:-1\" \/>\n<link rel=\"canonical\" href=\"https:\/\/www.thokbikes.com\/es\/negozio\/outlet-es\/tk02-s-talla-m-expo\/\" \/>\n<meta property=\"og:locale\" content=\"es_ES\" \/>\n<meta property=\"og:type\" content=\"article\" \/>\n<meta property=\"og:title\" content=\"TK02 S TALLA M - EXPO - Thok\" \/>\n<meta property=\"og:description\" content=\"MODELO: TK02 S TALLA: M KM: 0 TIPO: Bicicleta de exposici\u00f3n DURACI\u00d3N DE LA GARANT\u00cdA: 48 meses Caracter\u00edsticas t\u00e9cnicas: Enduro con cuadro de aluminio, motor BOSCH Performance Line CX BDU384Y, bater\u00eda integrada de 800 Wh, frenos Magura MT5, ruedas mullet, tija telesc\u00f3pica. Descripci\u00f3n: Bicicleta utilizada como modelo de exposici\u00f3n en ferias e eventos. KM0 (kilometraje [&hellip;]\" \/>\n<meta property=\"og:url\" content=\"https:\/\/www.thokbikes.com\/es\/negozio\/outlet-es\/tk02-s-talla-m-expo\/\" \/>\n<meta property=\"og:site_name\" content=\"Thok\" \/>\n<meta property=\"article:publisher\" content=\"https:\/\/www.facebook.com\/thokebikes\" \/>\n<meta property=\"article:modified_time\" content=\"2026-05-11T12:37:31+00:00\" \/>\n<meta property=\"og:image\" content=\"https:\/\/www.thokbikes.com\/wp-content\/uploads\/2025\/11\/Outlet-TK02.jpg\" \/>\n\t<meta property=\"og:image:width\" content=\"900\" \/>\n\t<meta property=\"og:image:height\" content=\"900\" \/>\n\t<meta property=\"og:image:type\" content=\"image\/jpeg\" \/>\n<meta name=\"twitter:card\" content=\"summary_large_image\" \/>\n<meta name=\"twitter:label1\" content=\"Est. reading time\" \/>\n\t<meta name=\"twitter:data1\" content=\"1 minute\" \/>\n<script type=\"application\/ld+json\" class=\"yoast-schema-graph\">{\"@context\":\"https:\\\/\\\/schema.org\",\"@graph\":[{\"@type\":\"WebPage\",\"@id\":\"https:\\\/\\\/www.thokbikes.com\\\/es\\\/negozio\\\/outlet-es\\\/tk02-s-talla-m-expo\\\/\",\"url\":\"https:\\\/\\\/www.thokbikes.com\\\/es\\\/negozio\\\/outlet-es\\\/tk02-s-talla-m-expo\\\/\",\"name\":\"TK02 S TALLA M - EXPO - Thok\",\"isPartOf\":{\"@id\":\"https:\\\/\\\/www.thokbikes.com\\\/es\\\/#website\"},\"primaryImageOfPage\":{\"@id\":\"https:\\\/\\\/www.thokbikes.com\\\/es\\\/negozio\\\/outlet-es\\\/tk02-s-talla-m-expo\\\/#primaryimage\"},\"image\":{\"@id\":\"https:\\\/\\\/www.thokbikes.com\\\/es\\\/negozio\\\/outlet-es\\\/tk02-s-talla-m-expo\\\/#primaryimage\"},\"thumbnailUrl\":\"https:\\\/\\\/www.thokbikes.com\\\/wp-content\\\/uploads\\\/2025\\\/11\\\/Outlet-TK02.jpg\",\"datePublished\":\"2026-04-30T04:08:11+00:00\",\"dateModified\":\"2026-05-11T12:37:31+00:00\",\"breadcrumb\":{\"@id\":\"https:\\\/\\\/www.thokbikes.com\\\/es\\\/negozio\\\/outlet-es\\\/tk02-s-talla-m-expo\\\/#breadcrumb\"},\"inLanguage\":\"es-ES\",\"potentialAction\":[{\"@type\":\"ReadAction\",\"target\":[\"https:\\\/\\\/www.thokbikes.com\\\/es\\\/negozio\\\/outlet-es\\\/tk02-s-talla-m-expo\\\/\"]}]},{\"@type\":\"ImageObject\",\"inLanguage\":\"es-ES\",\"@id\":\"https:\\\/\\\/www.thokbikes.com\\\/es\\\/negozio\\\/outlet-es\\\/tk02-s-talla-m-expo\\\/#primaryimage\",\"url\":\"https:\\\/\\\/www.thokbikes.com\\\/wp-content\\\/uploads\\\/2025\\\/11\\\/Outlet-TK02.jpg\",\"contentUrl\":\"https:\\\/\\\/www.thokbikes.com\\\/wp-content\\\/uploads\\\/2025\\\/11\\\/Outlet-TK02.jpg\",\"width\":900,\"height\":900},{\"@type\":\"BreadcrumbList\",\"@id\":\"https:\\\/\\\/www.thokbikes.com\\\/es\\\/negozio\\\/outlet-es\\\/tk02-s-talla-m-expo\\\/#breadcrumb\",\"itemListElement\":[{\"@type\":\"ListItem\",\"position\":1,\"name\":\"Home\",\"item\":\"https:\\\/\\\/www.thokbikes.com\\\/es\\\/\"},{\"@type\":\"ListItem\",\"position\":2,\"name\":\"Shop\",\"item\":\"https:\\\/\\\/www.thokbikes.com\\\/negozio\\\/\"},{\"@type\":\"ListItem\",\"position\":3,\"name\":\"TK02 S TALLA M &#8211; EXPO\"}]},{\"@type\":\"WebSite\",\"@id\":\"https:\\\/\\\/www.thokbikes.com\\\/es\\\/#website\",\"url\":\"https:\\\/\\\/www.thokbikes.com\\\/es\\\/\",\"name\":\"Thok E-bikes\",\"description\":\"\",\"publisher\":{\"@id\":\"https:\\\/\\\/www.thokbikes.com\\\/es\\\/#organization\"},\"potentialAction\":[{\"@type\":\"SearchAction\",\"target\":{\"@type\":\"EntryPoint\",\"urlTemplate\":\"https:\\\/\\\/www.thokbikes.com\\\/es\\\/?s={search_term_string}\"},\"query-input\":{\"@type\":\"PropertyValueSpecification\",\"valueRequired\":true,\"valueName\":\"search_term_string\"}}],\"inLanguage\":\"es-ES\"},{\"@type\":\"Organization\",\"@id\":\"https:\\\/\\\/www.thokbikes.com\\\/es\\\/#organization\",\"name\":\"Thok E-bikes\",\"url\":\"https:\\\/\\\/www.thokbikes.com\\\/es\\\/\",\"logo\":{\"@type\":\"ImageObject\",\"inLanguage\":\"es-ES\",\"@id\":\"https:\\\/\\\/www.thokbikes.com\\\/es\\\/#\\\/schema\\\/logo\\\/image\\\/\",\"url\":\"https:\\\/\\\/www.thokbikes.com\\\/wp-content\\\/uploads\\\/2025\\\/11\\\/logo-thok-white.png\",\"contentUrl\":\"https:\\\/\\\/www.thokbikes.com\\\/wp-content\\\/uploads\\\/2025\\\/11\\\/logo-thok-white.png\",\"width\":1920,\"height\":281,\"caption\":\"Thok E-bikes\"},\"image\":{\"@id\":\"https:\\\/\\\/www.thokbikes.com\\\/es\\\/#\\\/schema\\\/logo\\\/image\\\/\"},\"sameAs\":[\"https:\\\/\\\/www.facebook.com\\\/thokebikes\",\"https:\\\/\\\/www.instagram.com\\\/thok_ebikes\\\/\",\"https:\\\/\\\/www.youtube.com\\\/channel\\\/UC-yfWNxPCJvVdRymE7tA8Ww\"]}]}<\/script>\n<!-- \/ Yoast SEO plugin. -->","yoast_head_json":{"title":"TK02 S TALLA M - EXPO - Thok","robots":{"index":"index","follow":"follow","max-snippet":"max-snippet:-1","max-image-preview":"max-image-preview:large","max-video-preview":"max-video-preview:-1"},"canonical":"https:\/\/www.thokbikes.com\/es\/negozio\/outlet-es\/tk02-s-talla-m-expo\/","og_locale":"es_ES","og_type":"article","og_title":"TK02 S TALLA M - EXPO - Thok","og_description":"MODELO: TK02 S TALLA: M KM: 0 TIPO: Bicicleta de exposici\u00f3n DURACI\u00d3N DE LA GARANT\u00cdA: 48 meses Caracter\u00edsticas t\u00e9cnicas: Enduro con cuadro de aluminio, motor BOSCH Performance Line CX BDU384Y, bater\u00eda integrada de 800 Wh, frenos Magura MT5, ruedas mullet, tija telesc\u00f3pica. Descripci\u00f3n: Bicicleta utilizada como modelo de exposici\u00f3n en ferias e eventos. KM0 (kilometraje [&hellip;]","og_url":"https:\/\/www.thokbikes.com\/es\/negozio\/outlet-es\/tk02-s-talla-m-expo\/","og_site_name":"Thok","article_publisher":"https:\/\/www.facebook.com\/thokebikes","article_modified_time":"2026-05-11T12:37:31+00:00","og_image":[{"width":900,"height":900,"url":"https:\/\/www.thokbikes.com\/wp-content\/uploads\/2025\/11\/Outlet-TK02.jpg","type":"image\/jpeg"}],"twitter_card":"summary_large_image","twitter_misc":{"Est. reading time":"1 minute"},"schema":{"@context":"https:\/\/schema.org","@graph":[{"@type":"WebPage","@id":"https:\/\/www.thokbikes.com\/es\/negozio\/outlet-es\/tk02-s-talla-m-expo\/","url":"https:\/\/www.thokbikes.com\/es\/negozio\/outlet-es\/tk02-s-talla-m-expo\/","name":"TK02 S TALLA M - EXPO - Thok","isPartOf":{"@id":"https:\/\/www.thokbikes.com\/es\/#website"},"primaryImageOfPage":{"@id":"https:\/\/www.thokbikes.com\/es\/negozio\/outlet-es\/tk02-s-talla-m-expo\/#primaryimage"},"image":{"@id":"https:\/\/www.thokbikes.com\/es\/negozio\/outlet-es\/tk02-s-talla-m-expo\/#primaryimage"},"thumbnailUrl":"https:\/\/www.thokbikes.com\/wp-content\/uploads\/2025\/11\/Outlet-TK02.jpg","datePublished":"2026-04-30T04:08:11+00:00","dateModified":"2026-05-11T12:37:31+00:00","breadcrumb":{"@id":"https:\/\/www.thokbikes.com\/es\/negozio\/outlet-es\/tk02-s-talla-m-expo\/#breadcrumb"},"inLanguage":"es-ES","potentialAction":[{"@type":"ReadAction","target":["https:\/\/www.thokbikes.com\/es\/negozio\/outlet-es\/tk02-s-talla-m-expo\/"]}]},{"@type":"ImageObject","inLanguage":"es-ES","@id":"https:\/\/www.thokbikes.com\/es\/negozio\/outlet-es\/tk02-s-talla-m-expo\/#primaryimage","url":"https:\/\/www.thokbikes.com\/wp-content\/uploads\/2025\/11\/Outlet-TK02.jpg","contentUrl":"https:\/\/www.thokbikes.com\/wp-content\/uploads\/2025\/11\/Outlet-TK02.jpg","width":900,"height":900},{"@type":"BreadcrumbList","@id":"https:\/\/www.thokbikes.com\/es\/negozio\/outlet-es\/tk02-s-talla-m-expo\/#breadcrumb","itemListElement":[{"@type":"ListItem","position":1,"name":"Home","item":"https:\/\/www.thokbikes.com\/es\/"},{"@type":"ListItem","position":2,"name":"Shop","item":"https:\/\/www.thokbikes.com\/negozio\/"},{"@type":"ListItem","position":3,"name":"TK02 S TALLA M &#8211; EXPO"}]},{"@type":"WebSite","@id":"https:\/\/www.thokbikes.com\/es\/#website","url":"https:\/\/www.thokbikes.com\/es\/","name":"Thok E-bikes","description":"","publisher":{"@id":"https:\/\/www.thokbikes.com\/es\/#organization"},"potentialAction":[{"@type":"SearchAction","target":{"@type":"EntryPoint","urlTemplate":"https:\/\/www.thokbikes.com\/es\/?s={search_term_string}"},"query-input":{"@type":"PropertyValueSpecification","valueRequired":true,"valueName":"search_term_string"}}],"inLanguage":"es-ES"},{"@type":"Organization","@id":"https:\/\/www.thokbikes.com\/es\/#organization","name":"Thok E-bikes","url":"https:\/\/www.thokbikes.com\/es\/","logo":{"@type":"ImageObject","inLanguage":"es-ES","@id":"https:\/\/www.thokbikes.com\/es\/#\/schema\/logo\/image\/","url":"https:\/\/www.thokbikes.com\/wp-content\/uploads\/2025\/11\/logo-thok-white.png","contentUrl":"https:\/\/www.thokbikes.com\/wp-content\/uploads\/2025\/11\/logo-thok-white.png","width":1920,"height":281,"caption":"Thok E-bikes"},"image":{"@id":"https:\/\/www.thokbikes.com\/es\/#\/schema\/logo\/image\/"},"sameAs":["https:\/\/www.facebook.com\/thokebikes","https:\/\/www.instagram.com\/thok_ebikes\/","https:\/\/www.youtube.com\/channel\/UC-yfWNxPCJvVdRymE7tA8Ww"]}]}},"_links":{"self":[{"href":"https:\/\/www.thokbikes.com\/es\/wp-json\/wp\/v2\/product\/39094","targetHints":{"allow":["GET"]}}],"collection":[{"href":"https:\/\/www.thokbikes.com\/es\/wp-json\/wp\/v2\/product"}],"about":[{"href":"https:\/\/www.thokbikes.com\/es\/wp-json\/wp\/v2\/types\/product"}],"replies":[{"embeddable":true,"href":"https:\/\/www.thokbikes.com\/es\/wp-json\/wp\/v2\/comments?post=39094"}],"wp:featuredmedia":[{"embeddable":true,"href":"https:\/\/www.thokbikes.com\/es\/wp-json\/wp\/v2\/media\/33191"}],"wp:attachment":[{"href":"https:\/\/www.thokbikes.com\/es\/wp-json\/wp\/v2\/media?parent=39094"}],"wp:term":[{"taxonomy":"product_brand","embeddable":true,"href":"https:\/\/www.thokbikes.com\/es\/wp-json\/wp\/v2\/product_brand?post=39094"},{"taxonomy":"product_cat","embeddable":true,"href":"https:\/\/www.thokbikes.com\/es\/wp-json\/wp\/v2\/product_cat?post=39094"},{"taxonomy":"product_tag","embeddable":true,"href":"https:\/\/www.thokbikes.com\/es\/wp-json\/wp\/v2\/product_tag?post=39094"}],"curies":[{"name":"wp","href":"https:\/\/api.w.org\/{rel}","templated":true}]}}