{"id":8515,"date":"2023-11-13T11:44:58","date_gmt":"2023-11-13T10:44:58","guid":{"rendered":"https:\/\/www.thokbikes.com\/prodotto\/magura-mt-trail-sport-vorne-hinten-bremsenkit\/"},"modified":"2026-01-13T10:30:22","modified_gmt":"2026-01-13T09:30:22","slug":"kit-de-freno-delantero-trasero-trail-sport","status":"publish","type":"product","link":"https:\/\/www.thokbikes.com\/es\/negozio\/accessoires-et-composants\/brakes-es\/kit-de-freno-delantero-trasero-trail-sport\/","title":{"rendered":"KIT DE FRENO DELANTERO Y TRASERO MAGURA MT- TRAIL SPORT"},"content":{"rendered":"<p>KIT DE FRENO DELANTERO Y TRASERO MAGURA MT- TRAIL SPORT<\/p>\n<ul>\n<li>Pinza delantera de 4 pistones para una potencia de frenado m\u00e1xima, pinza trasera de 2 pistones para una m\u00e1xima modulaci\u00f3n.<\/li>\n<li>COMPATIBILIDAD CON TODOS LOS MODELOS DE THOK (adaptador para pinza de freno delantero NO incluido)<\/li>\n<\/ul>\n","protected":false},"excerpt":{"rendered":"<p>KIT DE FRENO DELANTERO Y TRASERO MAGURA MT- TRAIL SPORT Pinza delantera de 4 pistones para una potencia de frenado m\u00e1xima, pinza trasera de 2 pistones para una m\u00e1xima modulaci\u00f3n. COMPATIBILIDAD CON TODOS LOS MODELOS DE THOK (adaptador para pinza de freno delantero NO incluido)<\/p>\n","protected":false},"featured_media":7632,"comment_status":"closed","ping_status":"closed","template":"","meta":{"_acf_changed":false},"product_brand":[],"product_cat":[126,178,148,245,290],"product_tag":[],"class_list":{"0":"post-8515","1":"product","2":"type-product","3":"status-publish","4":"has-post-thumbnail","6":"product_cat-accessoires-et-composants","7":"product_cat-all-mountain-es","8":"product_cat-brakes-es","9":"product_cat-kit-es","10":"product_cat-sales","12":"first","13":"instock","14":"taxable","15":"shipping-taxable","16":"purchasable","17":"product-type-simple"},"acf":[],"yoast_head":"<!-- This site is optimized with the Yoast SEO plugin v27.3 - https:\/\/yoast.com\/product\/yoast-seo-wordpress\/ -->\n<title>KIT DE FRENO DELANTERO Y TRASERO MAGURA MT- TRAIL SPORT - Thok<\/title>\n<meta name=\"robots\" content=\"index, follow, max-snippet:-1, max-image-preview:large, max-video-preview:-1\" \/>\n<link rel=\"canonical\" href=\"https:\/\/www.thokbikes.com\/es\/negozio\/accessoires-et-composants\/brakes-es\/kit-de-freno-delantero-trasero-trail-sport\/\" \/>\n<meta property=\"og:locale\" content=\"es_ES\" \/>\n<meta property=\"og:type\" content=\"article\" \/>\n<meta property=\"og:title\" content=\"KIT DE FRENO DELANTERO Y TRASERO MAGURA MT- TRAIL SPORT - Thok\" \/>\n<meta property=\"og:description\" content=\"KIT DE FRENO DELANTERO Y TRASERO MAGURA MT- TRAIL SPORT Pinza delantera de 4 pistones para una potencia de frenado m\u00e1xima, pinza trasera de 2 pistones para una m\u00e1xima modulaci\u00f3n. COMPATIBILIDAD CON TODOS LOS MODELOS DE THOK (adaptador para pinza de freno delantero NO incluido)\" \/>\n<meta property=\"og:url\" content=\"https:\/\/www.thokbikes.com\/es\/negozio\/accessoires-et-composants\/brakes-es\/kit-de-freno-delantero-trasero-trail-sport\/\" \/>\n<meta property=\"og:site_name\" content=\"Thok\" \/>\n<meta property=\"article:publisher\" content=\"https:\/\/www.facebook.com\/thokebikes\" \/>\n<meta property=\"article:modified_time\" content=\"2026-01-13T09:30:22+00:00\" \/>\n<meta property=\"og:image\" content=\"https:\/\/www.thokbikes.com\/wp-content\/uploads\/2024\/01\/Shop-KIT-MAGURA-TRAIL-jpg.webp\" \/>\n\t<meta property=\"og:image:width\" content=\"1900\" \/>\n\t<meta property=\"og:image:height\" content=\"1900\" \/>\n\t<meta property=\"og:image:type\" content=\"image\/jpeg\" \/>\n<meta name=\"twitter:card\" content=\"summary_large_image\" \/>\n<meta name=\"twitter:label1\" content=\"Est. reading time\" \/>\n\t<meta name=\"twitter:data1\" content=\"1 minute\" \/>\n<script type=\"application\/ld+json\" class=\"yoast-schema-graph\">{\"@context\":\"https:\\\/\\\/schema.org\",\"@graph\":[{\"@type\":\"WebPage\",\"@id\":\"https:\\\/\\\/www.thokbikes.com\\\/es\\\/negozio\\\/accessoires-et-composants\\\/brakes-es\\\/kit-de-freno-delantero-trasero-trail-sport\\\/\",\"url\":\"https:\\\/\\\/www.thokbikes.com\\\/es\\\/negozio\\\/accessoires-et-composants\\\/brakes-es\\\/kit-de-freno-delantero-trasero-trail-sport\\\/\",\"name\":\"KIT DE FRENO DELANTERO Y TRASERO MAGURA MT- TRAIL SPORT - Thok\",\"isPartOf\":{\"@id\":\"https:\\\/\\\/www.thokbikes.com\\\/es\\\/#website\"},\"primaryImageOfPage\":{\"@id\":\"https:\\\/\\\/www.thokbikes.com\\\/es\\\/negozio\\\/accessoires-et-composants\\\/brakes-es\\\/kit-de-freno-delantero-trasero-trail-sport\\\/#primaryimage\"},\"image\":{\"@id\":\"https:\\\/\\\/www.thokbikes.com\\\/es\\\/negozio\\\/accessoires-et-composants\\\/brakes-es\\\/kit-de-freno-delantero-trasero-trail-sport\\\/#primaryimage\"},\"thumbnailUrl\":\"https:\\\/\\\/www.thokbikes.com\\\/wp-content\\\/uploads\\\/2024\\\/01\\\/Shop-KIT-MAGURA-TRAIL-jpg.webp\",\"datePublished\":\"2023-11-13T10:44:58+00:00\",\"dateModified\":\"2026-01-13T09:30:22+00:00\",\"breadcrumb\":{\"@id\":\"https:\\\/\\\/www.thokbikes.com\\\/es\\\/negozio\\\/accessoires-et-composants\\\/brakes-es\\\/kit-de-freno-delantero-trasero-trail-sport\\\/#breadcrumb\"},\"inLanguage\":\"es-ES\",\"potentialAction\":[{\"@type\":\"ReadAction\",\"target\":[\"https:\\\/\\\/www.thokbikes.com\\\/es\\\/negozio\\\/accessoires-et-composants\\\/brakes-es\\\/kit-de-freno-delantero-trasero-trail-sport\\\/\"]}]},{\"@type\":\"ImageObject\",\"inLanguage\":\"es-ES\",\"@id\":\"https:\\\/\\\/www.thokbikes.com\\\/es\\\/negozio\\\/accessoires-et-composants\\\/brakes-es\\\/kit-de-freno-delantero-trasero-trail-sport\\\/#primaryimage\",\"url\":\"https:\\\/\\\/www.thokbikes.com\\\/wp-content\\\/uploads\\\/2024\\\/01\\\/Shop-KIT-MAGURA-TRAIL-jpg.webp\",\"contentUrl\":\"https:\\\/\\\/www.thokbikes.com\\\/wp-content\\\/uploads\\\/2024\\\/01\\\/Shop-KIT-MAGURA-TRAIL-jpg.webp\",\"width\":1900,\"height\":1900},{\"@type\":\"BreadcrumbList\",\"@id\":\"https:\\\/\\\/www.thokbikes.com\\\/es\\\/negozio\\\/accessoires-et-composants\\\/brakes-es\\\/kit-de-freno-delantero-trasero-trail-sport\\\/#breadcrumb\",\"itemListElement\":[{\"@type\":\"ListItem\",\"position\":1,\"name\":\"Home\",\"item\":\"https:\\\/\\\/www.thokbikes.com\\\/es\\\/\"},{\"@type\":\"ListItem\",\"position\":2,\"name\":\"Shop\",\"item\":\"https:\\\/\\\/www.thokbikes.com\\\/negozio\\\/\"},{\"@type\":\"ListItem\",\"position\":3,\"name\":\"KIT DE FRENO DELANTERO Y TRASERO MAGURA MT- TRAIL SPORT\"}]},{\"@type\":\"WebSite\",\"@id\":\"https:\\\/\\\/www.thokbikes.com\\\/es\\\/#website\",\"url\":\"https:\\\/\\\/www.thokbikes.com\\\/es\\\/\",\"name\":\"Thok E-bikes\",\"description\":\"\",\"publisher\":{\"@id\":\"https:\\\/\\\/www.thokbikes.com\\\/es\\\/#organization\"},\"potentialAction\":[{\"@type\":\"SearchAction\",\"target\":{\"@type\":\"EntryPoint\",\"urlTemplate\":\"https:\\\/\\\/www.thokbikes.com\\\/es\\\/?s={search_term_string}\"},\"query-input\":{\"@type\":\"PropertyValueSpecification\",\"valueRequired\":true,\"valueName\":\"search_term_string\"}}],\"inLanguage\":\"es-ES\"},{\"@type\":\"Organization\",\"@id\":\"https:\\\/\\\/www.thokbikes.com\\\/es\\\/#organization\",\"name\":\"Thok E-bikes\",\"url\":\"https:\\\/\\\/www.thokbikes.com\\\/es\\\/\",\"logo\":{\"@type\":\"ImageObject\",\"inLanguage\":\"es-ES\",\"@id\":\"https:\\\/\\\/www.thokbikes.com\\\/es\\\/#\\\/schema\\\/logo\\\/image\\\/\",\"url\":\"https:\\\/\\\/www.thokbikes.com\\\/wp-content\\\/uploads\\\/2025\\\/11\\\/logo-thok-white.png\",\"contentUrl\":\"https:\\\/\\\/www.thokbikes.com\\\/wp-content\\\/uploads\\\/2025\\\/11\\\/logo-thok-white.png\",\"width\":1920,\"height\":281,\"caption\":\"Thok E-bikes\"},\"image\":{\"@id\":\"https:\\\/\\\/www.thokbikes.com\\\/es\\\/#\\\/schema\\\/logo\\\/image\\\/\"},\"sameAs\":[\"https:\\\/\\\/www.facebook.com\\\/thokebikes\",\"https:\\\/\\\/www.instagram.com\\\/thok_ebikes\\\/\",\"https:\\\/\\\/www.youtube.com\\\/channel\\\/UC-yfWNxPCJvVdRymE7tA8Ww\"]}]}<\/script>\n<!-- \/ Yoast SEO plugin. -->","yoast_head_json":{"title":"KIT DE FRENO DELANTERO Y TRASERO MAGURA MT- TRAIL SPORT - Thok","robots":{"index":"index","follow":"follow","max-snippet":"max-snippet:-1","max-image-preview":"max-image-preview:large","max-video-preview":"max-video-preview:-1"},"canonical":"https:\/\/www.thokbikes.com\/es\/negozio\/accessoires-et-composants\/brakes-es\/kit-de-freno-delantero-trasero-trail-sport\/","og_locale":"es_ES","og_type":"article","og_title":"KIT DE FRENO DELANTERO Y TRASERO MAGURA MT- TRAIL SPORT - Thok","og_description":"KIT DE FRENO DELANTERO Y TRASERO MAGURA MT- TRAIL SPORT Pinza delantera de 4 pistones para una potencia de frenado m\u00e1xima, pinza trasera de 2 pistones para una m\u00e1xima modulaci\u00f3n. COMPATIBILIDAD CON TODOS LOS MODELOS DE THOK (adaptador para pinza de freno delantero NO incluido)","og_url":"https:\/\/www.thokbikes.com\/es\/negozio\/accessoires-et-composants\/brakes-es\/kit-de-freno-delantero-trasero-trail-sport\/","og_site_name":"Thok","article_publisher":"https:\/\/www.facebook.com\/thokebikes","article_modified_time":"2026-01-13T09:30:22+00:00","og_image":[{"width":1900,"height":1900,"url":"https:\/\/www.thokbikes.com\/wp-content\/uploads\/2024\/01\/Shop-KIT-MAGURA-TRAIL-jpg.webp","type":"image\/jpeg"}],"twitter_card":"summary_large_image","twitter_misc":{"Est. reading time":"1 minute"},"schema":{"@context":"https:\/\/schema.org","@graph":[{"@type":"WebPage","@id":"https:\/\/www.thokbikes.com\/es\/negozio\/accessoires-et-composants\/brakes-es\/kit-de-freno-delantero-trasero-trail-sport\/","url":"https:\/\/www.thokbikes.com\/es\/negozio\/accessoires-et-composants\/brakes-es\/kit-de-freno-delantero-trasero-trail-sport\/","name":"KIT DE FRENO DELANTERO Y TRASERO MAGURA MT- TRAIL SPORT - Thok","isPartOf":{"@id":"https:\/\/www.thokbikes.com\/es\/#website"},"primaryImageOfPage":{"@id":"https:\/\/www.thokbikes.com\/es\/negozio\/accessoires-et-composants\/brakes-es\/kit-de-freno-delantero-trasero-trail-sport\/#primaryimage"},"image":{"@id":"https:\/\/www.thokbikes.com\/es\/negozio\/accessoires-et-composants\/brakes-es\/kit-de-freno-delantero-trasero-trail-sport\/#primaryimage"},"thumbnailUrl":"https:\/\/www.thokbikes.com\/wp-content\/uploads\/2024\/01\/Shop-KIT-MAGURA-TRAIL-jpg.webp","datePublished":"2023-11-13T10:44:58+00:00","dateModified":"2026-01-13T09:30:22+00:00","breadcrumb":{"@id":"https:\/\/www.thokbikes.com\/es\/negozio\/accessoires-et-composants\/brakes-es\/kit-de-freno-delantero-trasero-trail-sport\/#breadcrumb"},"inLanguage":"es-ES","potentialAction":[{"@type":"ReadAction","target":["https:\/\/www.thokbikes.com\/es\/negozio\/accessoires-et-composants\/brakes-es\/kit-de-freno-delantero-trasero-trail-sport\/"]}]},{"@type":"ImageObject","inLanguage":"es-ES","@id":"https:\/\/www.thokbikes.com\/es\/negozio\/accessoires-et-composants\/brakes-es\/kit-de-freno-delantero-trasero-trail-sport\/#primaryimage","url":"https:\/\/www.thokbikes.com\/wp-content\/uploads\/2024\/01\/Shop-KIT-MAGURA-TRAIL-jpg.webp","contentUrl":"https:\/\/www.thokbikes.com\/wp-content\/uploads\/2024\/01\/Shop-KIT-MAGURA-TRAIL-jpg.webp","width":1900,"height":1900},{"@type":"BreadcrumbList","@id":"https:\/\/www.thokbikes.com\/es\/negozio\/accessoires-et-composants\/brakes-es\/kit-de-freno-delantero-trasero-trail-sport\/#breadcrumb","itemListElement":[{"@type":"ListItem","position":1,"name":"Home","item":"https:\/\/www.thokbikes.com\/es\/"},{"@type":"ListItem","position":2,"name":"Shop","item":"https:\/\/www.thokbikes.com\/negozio\/"},{"@type":"ListItem","position":3,"name":"KIT DE FRENO DELANTERO Y TRASERO MAGURA MT- TRAIL SPORT"}]},{"@type":"WebSite","@id":"https:\/\/www.thokbikes.com\/es\/#website","url":"https:\/\/www.thokbikes.com\/es\/","name":"Thok E-bikes","description":"","publisher":{"@id":"https:\/\/www.thokbikes.com\/es\/#organization"},"potentialAction":[{"@type":"SearchAction","target":{"@type":"EntryPoint","urlTemplate":"https:\/\/www.thokbikes.com\/es\/?s={search_term_string}"},"query-input":{"@type":"PropertyValueSpecification","valueRequired":true,"valueName":"search_term_string"}}],"inLanguage":"es-ES"},{"@type":"Organization","@id":"https:\/\/www.thokbikes.com\/es\/#organization","name":"Thok E-bikes","url":"https:\/\/www.thokbikes.com\/es\/","logo":{"@type":"ImageObject","inLanguage":"es-ES","@id":"https:\/\/www.thokbikes.com\/es\/#\/schema\/logo\/image\/","url":"https:\/\/www.thokbikes.com\/wp-content\/uploads\/2025\/11\/logo-thok-white.png","contentUrl":"https:\/\/www.thokbikes.com\/wp-content\/uploads\/2025\/11\/logo-thok-white.png","width":1920,"height":281,"caption":"Thok E-bikes"},"image":{"@id":"https:\/\/www.thokbikes.com\/es\/#\/schema\/logo\/image\/"},"sameAs":["https:\/\/www.facebook.com\/thokebikes","https:\/\/www.instagram.com\/thok_ebikes\/","https:\/\/www.youtube.com\/channel\/UC-yfWNxPCJvVdRymE7tA8Ww"]}]}},"_links":{"self":[{"href":"https:\/\/www.thokbikes.com\/es\/wp-json\/wp\/v2\/product\/8515","targetHints":{"allow":["GET"]}}],"collection":[{"href":"https:\/\/www.thokbikes.com\/es\/wp-json\/wp\/v2\/product"}],"about":[{"href":"https:\/\/www.thokbikes.com\/es\/wp-json\/wp\/v2\/types\/product"}],"replies":[{"embeddable":true,"href":"https:\/\/www.thokbikes.com\/es\/wp-json\/wp\/v2\/comments?post=8515"}],"wp:featuredmedia":[{"embeddable":true,"href":"https:\/\/www.thokbikes.com\/es\/wp-json\/wp\/v2\/media\/7632"}],"wp:attachment":[{"href":"https:\/\/www.thokbikes.com\/es\/wp-json\/wp\/v2\/media?parent=8515"}],"wp:term":[{"taxonomy":"product_brand","embeddable":true,"href":"https:\/\/www.thokbikes.com\/es\/wp-json\/wp\/v2\/product_brand?post=8515"},{"taxonomy":"product_cat","embeddable":true,"href":"https:\/\/www.thokbikes.com\/es\/wp-json\/wp\/v2\/product_cat?post=8515"},{"taxonomy":"product_tag","embeddable":true,"href":"https:\/\/www.thokbikes.com\/es\/wp-json\/wp\/v2\/product_tag?post=8515"}],"curies":[{"name":"wp","href":"https:\/\/api.w.org\/{rel}","templated":true}]}}