{"id":8607,"date":"2023-11-13T11:45:19","date_gmt":"2023-11-13T10:45:19","guid":{"rendered":"https:\/\/www.thokbikes.com\/prodotto\/amortisseur-ohlins-ttx1-210x55-air\/"},"modified":"2026-01-13T09:22:48","modified_gmt":"2026-01-13T08:22:48","slug":"amortiguador-ohlins-ttx1-210x55-air","status":"publish","type":"product","link":"https:\/\/www.thokbikes.com\/es\/negozio\/accessoires-et-composants\/suspensions-es\/amortiguador-ohlins-ttx1-210x55-air\/","title":{"rendered":"AMORTIGUADOR OHLINS TTX1 210X55 AIR"},"content":{"rendered":"<p>El amortiguador OHLINS TTX1 Air ofrece el mismo rendimiento que el modelo TTX2 pero con dimensiones y peso reducidos. Dise\u00f1ado para un uso vers\u00e1til sin comprometer el rendimiento, la confiabilidad y los ajustes.<\/p>\n<p>Caracter\u00edsticas:<\/p>\n<ul>\n<li>Longitud y recorrido ojo a ojo: 210&#215;55<\/li>\n<li>Serie: TTX1Air<\/li>\n<li>Controles: HSC\/LSC + rebound<\/li>\n<\/ul>\n","protected":false},"excerpt":{"rendered":"<p>El amortiguador OHLINS TTX1 Air ofrece el mismo rendimiento que el modelo TTX2 pero con dimensiones y peso reducidos. Dise\u00f1ado para un uso vers\u00e1til sin comprometer el rendimiento, la confiabilidad y los ajustes. Caracter\u00edsticas: Longitud y recorrido ojo a ojo: 210&#215;55 Serie: TTX1Air Controles: HSC\/LSC + rebound<\/p>\n","protected":false},"featured_media":9139,"comment_status":"closed","ping_status":"closed","template":"","meta":{"_acf_changed":false},"product_brand":[],"product_cat":[126,290,160,178],"product_tag":[],"class_list":{"0":"post-8607","1":"product","2":"type-product","3":"status-publish","4":"has-post-thumbnail","6":"product_cat-accessoires-et-composants","7":"product_cat-sales","8":"product_cat-suspensions-es","9":"product_cat-all-mountain-es","11":"first","12":"instock","13":"taxable","14":"shipping-taxable","15":"purchasable","16":"product-type-simple"},"acf":[],"yoast_head":"<!-- This site is optimized with the Yoast SEO plugin v27.1.1 - https:\/\/yoast.com\/product\/yoast-seo-wordpress\/ -->\n<title>AMORTIGUADOR OHLINS TTX1 210X55 AIR - Thok<\/title>\n<meta name=\"robots\" content=\"index, follow, max-snippet:-1, max-image-preview:large, max-video-preview:-1\" \/>\n<link rel=\"canonical\" href=\"https:\/\/www.thokbikes.com\/es\/negozio\/accessoires-et-composants\/suspensions-es\/amortiguador-ohlins-ttx1-210x55-air\/\" \/>\n<meta property=\"og:locale\" content=\"es_ES\" \/>\n<meta property=\"og:type\" content=\"article\" \/>\n<meta property=\"og:title\" content=\"AMORTIGUADOR OHLINS TTX1 210X55 AIR - Thok\" \/>\n<meta property=\"og:description\" content=\"El amortiguador OHLINS TTX1 Air ofrece el mismo rendimiento que el modelo TTX2 pero con dimensiones y peso reducidos. Dise\u00f1ado para un uso vers\u00e1til sin comprometer el rendimiento, la confiabilidad y los ajustes. Caracter\u00edsticas: Longitud y recorrido ojo a ojo: 210&#215;55 Serie: TTX1Air Controles: HSC\/LSC + rebound\" \/>\n<meta property=\"og:url\" content=\"https:\/\/www.thokbikes.com\/es\/negozio\/accessoires-et-composants\/suspensions-es\/amortiguador-ohlins-ttx1-210x55-air\/\" \/>\n<meta property=\"og:site_name\" content=\"Thok\" \/>\n<meta property=\"article:publisher\" content=\"https:\/\/www.facebook.com\/thokebikes\" \/>\n<meta property=\"article:modified_time\" content=\"2026-01-13T08:22:48+00:00\" \/>\n<meta property=\"og:image\" content=\"https:\/\/www.thokbikes.com\/wp-content\/uploads\/2023\/11\/Shop-OHLINS-TTX1-AIR-jpg.webp\" \/>\n\t<meta property=\"og:image:width\" content=\"1900\" \/>\n\t<meta property=\"og:image:height\" content=\"1900\" \/>\n\t<meta property=\"og:image:type\" content=\"image\/jpeg\" \/>\n<meta name=\"twitter:card\" content=\"summary_large_image\" \/>\n<meta name=\"twitter:label1\" content=\"Est. reading time\" \/>\n\t<meta name=\"twitter:data1\" content=\"1 minute\" \/>\n<script type=\"application\/ld+json\" class=\"yoast-schema-graph\">{\"@context\":\"https:\/\/schema.org\",\"@graph\":[{\"@type\":\"WebPage\",\"@id\":\"https:\/\/www.thokbikes.com\/es\/negozio\/accessoires-et-composants\/suspensions-es\/amortiguador-ohlins-ttx1-210x55-air\/\",\"url\":\"https:\/\/www.thokbikes.com\/es\/negozio\/accessoires-et-composants\/suspensions-es\/amortiguador-ohlins-ttx1-210x55-air\/\",\"name\":\"AMORTIGUADOR OHLINS TTX1 210X55 AIR - Thok\",\"isPartOf\":{\"@id\":\"https:\/\/www.thokbikes.com\/es\/#website\"},\"primaryImageOfPage\":{\"@id\":\"https:\/\/www.thokbikes.com\/es\/negozio\/accessoires-et-composants\/suspensions-es\/amortiguador-ohlins-ttx1-210x55-air\/#primaryimage\"},\"image\":{\"@id\":\"https:\/\/www.thokbikes.com\/es\/negozio\/accessoires-et-composants\/suspensions-es\/amortiguador-ohlins-ttx1-210x55-air\/#primaryimage\"},\"thumbnailUrl\":\"https:\/\/www.thokbikes.com\/wp-content\/uploads\/2023\/11\/Shop-OHLINS-TTX1-AIR-jpg.webp\",\"datePublished\":\"2023-11-13T10:45:19+00:00\",\"dateModified\":\"2026-01-13T08:22:48+00:00\",\"breadcrumb\":{\"@id\":\"https:\/\/www.thokbikes.com\/es\/negozio\/accessoires-et-composants\/suspensions-es\/amortiguador-ohlins-ttx1-210x55-air\/#breadcrumb\"},\"inLanguage\":\"es-ES\",\"potentialAction\":[{\"@type\":\"ReadAction\",\"target\":[\"https:\/\/www.thokbikes.com\/es\/negozio\/accessoires-et-composants\/suspensions-es\/amortiguador-ohlins-ttx1-210x55-air\/\"]}]},{\"@type\":\"ImageObject\",\"inLanguage\":\"es-ES\",\"@id\":\"https:\/\/www.thokbikes.com\/es\/negozio\/accessoires-et-composants\/suspensions-es\/amortiguador-ohlins-ttx1-210x55-air\/#primaryimage\",\"url\":\"https:\/\/www.thokbikes.com\/wp-content\/uploads\/2023\/11\/Shop-OHLINS-TTX1-AIR-jpg.webp\",\"contentUrl\":\"https:\/\/www.thokbikes.com\/wp-content\/uploads\/2023\/11\/Shop-OHLINS-TTX1-AIR-jpg.webp\",\"width\":1900,\"height\":1900},{\"@type\":\"BreadcrumbList\",\"@id\":\"https:\/\/www.thokbikes.com\/es\/negozio\/accessoires-et-composants\/suspensions-es\/amortiguador-ohlins-ttx1-210x55-air\/#breadcrumb\",\"itemListElement\":[{\"@type\":\"ListItem\",\"position\":1,\"name\":\"Home\",\"item\":\"https:\/\/www.thokbikes.com\/es\/\"},{\"@type\":\"ListItem\",\"position\":2,\"name\":\"Shop\",\"item\":\"https:\/\/www.thokbikes.com\/negozio\/\"},{\"@type\":\"ListItem\",\"position\":3,\"name\":\"AMORTIGUADOR OHLINS TTX1 210X55 AIR\"}]},{\"@type\":\"WebSite\",\"@id\":\"https:\/\/www.thokbikes.com\/es\/#website\",\"url\":\"https:\/\/www.thokbikes.com\/es\/\",\"name\":\"Thok E-bikes\",\"description\":\"\",\"publisher\":{\"@id\":\"https:\/\/www.thokbikes.com\/es\/#organization\"},\"potentialAction\":[{\"@type\":\"SearchAction\",\"target\":{\"@type\":\"EntryPoint\",\"urlTemplate\":\"https:\/\/www.thokbikes.com\/es\/?s={search_term_string}\"},\"query-input\":{\"@type\":\"PropertyValueSpecification\",\"valueRequired\":true,\"valueName\":\"search_term_string\"}}],\"inLanguage\":\"es-ES\"},{\"@type\":\"Organization\",\"@id\":\"https:\/\/www.thokbikes.com\/es\/#organization\",\"name\":\"Thok E-bikes\",\"url\":\"https:\/\/www.thokbikes.com\/es\/\",\"logo\":{\"@type\":\"ImageObject\",\"inLanguage\":\"es-ES\",\"@id\":\"https:\/\/www.thokbikes.com\/es\/#\/schema\/logo\/image\/\",\"url\":\"https:\/\/www.thokbikes.com\/wp-content\/uploads\/2025\/11\/logo-thok-white.png\",\"contentUrl\":\"https:\/\/www.thokbikes.com\/wp-content\/uploads\/2025\/11\/logo-thok-white.png\",\"width\":1920,\"height\":281,\"caption\":\"Thok E-bikes\"},\"image\":{\"@id\":\"https:\/\/www.thokbikes.com\/es\/#\/schema\/logo\/image\/\"},\"sameAs\":[\"https:\/\/www.facebook.com\/thokebikes\",\"https:\/\/www.instagram.com\/thok_ebikes\/\",\"https:\/\/www.youtube.com\/channel\/UC-yfWNxPCJvVdRymE7tA8Ww\"]}]}<\/script>\n<!-- \/ Yoast SEO plugin. -->","yoast_head_json":{"title":"AMORTIGUADOR OHLINS TTX1 210X55 AIR - Thok","robots":{"index":"index","follow":"follow","max-snippet":"max-snippet:-1","max-image-preview":"max-image-preview:large","max-video-preview":"max-video-preview:-1"},"canonical":"https:\/\/www.thokbikes.com\/es\/negozio\/accessoires-et-composants\/suspensions-es\/amortiguador-ohlins-ttx1-210x55-air\/","og_locale":"es_ES","og_type":"article","og_title":"AMORTIGUADOR OHLINS TTX1 210X55 AIR - Thok","og_description":"El amortiguador OHLINS TTX1 Air ofrece el mismo rendimiento que el modelo TTX2 pero con dimensiones y peso reducidos. Dise\u00f1ado para un uso vers\u00e1til sin comprometer el rendimiento, la confiabilidad y los ajustes. Caracter\u00edsticas: Longitud y recorrido ojo a ojo: 210&#215;55 Serie: TTX1Air Controles: HSC\/LSC + rebound","og_url":"https:\/\/www.thokbikes.com\/es\/negozio\/accessoires-et-composants\/suspensions-es\/amortiguador-ohlins-ttx1-210x55-air\/","og_site_name":"Thok","article_publisher":"https:\/\/www.facebook.com\/thokebikes","article_modified_time":"2026-01-13T08:22:48+00:00","og_image":[{"width":1900,"height":1900,"url":"https:\/\/www.thokbikes.com\/wp-content\/uploads\/2023\/11\/Shop-OHLINS-TTX1-AIR-jpg.webp","type":"image\/jpeg"}],"twitter_card":"summary_large_image","twitter_misc":{"Est. reading time":"1 minute"},"schema":{"@context":"https:\/\/schema.org","@graph":[{"@type":"WebPage","@id":"https:\/\/www.thokbikes.com\/es\/negozio\/accessoires-et-composants\/suspensions-es\/amortiguador-ohlins-ttx1-210x55-air\/","url":"https:\/\/www.thokbikes.com\/es\/negozio\/accessoires-et-composants\/suspensions-es\/amortiguador-ohlins-ttx1-210x55-air\/","name":"AMORTIGUADOR OHLINS TTX1 210X55 AIR - Thok","isPartOf":{"@id":"https:\/\/www.thokbikes.com\/es\/#website"},"primaryImageOfPage":{"@id":"https:\/\/www.thokbikes.com\/es\/negozio\/accessoires-et-composants\/suspensions-es\/amortiguador-ohlins-ttx1-210x55-air\/#primaryimage"},"image":{"@id":"https:\/\/www.thokbikes.com\/es\/negozio\/accessoires-et-composants\/suspensions-es\/amortiguador-ohlins-ttx1-210x55-air\/#primaryimage"},"thumbnailUrl":"https:\/\/www.thokbikes.com\/wp-content\/uploads\/2023\/11\/Shop-OHLINS-TTX1-AIR-jpg.webp","datePublished":"2023-11-13T10:45:19+00:00","dateModified":"2026-01-13T08:22:48+00:00","breadcrumb":{"@id":"https:\/\/www.thokbikes.com\/es\/negozio\/accessoires-et-composants\/suspensions-es\/amortiguador-ohlins-ttx1-210x55-air\/#breadcrumb"},"inLanguage":"es-ES","potentialAction":[{"@type":"ReadAction","target":["https:\/\/www.thokbikes.com\/es\/negozio\/accessoires-et-composants\/suspensions-es\/amortiguador-ohlins-ttx1-210x55-air\/"]}]},{"@type":"ImageObject","inLanguage":"es-ES","@id":"https:\/\/www.thokbikes.com\/es\/negozio\/accessoires-et-composants\/suspensions-es\/amortiguador-ohlins-ttx1-210x55-air\/#primaryimage","url":"https:\/\/www.thokbikes.com\/wp-content\/uploads\/2023\/11\/Shop-OHLINS-TTX1-AIR-jpg.webp","contentUrl":"https:\/\/www.thokbikes.com\/wp-content\/uploads\/2023\/11\/Shop-OHLINS-TTX1-AIR-jpg.webp","width":1900,"height":1900},{"@type":"BreadcrumbList","@id":"https:\/\/www.thokbikes.com\/es\/negozio\/accessoires-et-composants\/suspensions-es\/amortiguador-ohlins-ttx1-210x55-air\/#breadcrumb","itemListElement":[{"@type":"ListItem","position":1,"name":"Home","item":"https:\/\/www.thokbikes.com\/es\/"},{"@type":"ListItem","position":2,"name":"Shop","item":"https:\/\/www.thokbikes.com\/negozio\/"},{"@type":"ListItem","position":3,"name":"AMORTIGUADOR OHLINS TTX1 210X55 AIR"}]},{"@type":"WebSite","@id":"https:\/\/www.thokbikes.com\/es\/#website","url":"https:\/\/www.thokbikes.com\/es\/","name":"Thok E-bikes","description":"","publisher":{"@id":"https:\/\/www.thokbikes.com\/es\/#organization"},"potentialAction":[{"@type":"SearchAction","target":{"@type":"EntryPoint","urlTemplate":"https:\/\/www.thokbikes.com\/es\/?s={search_term_string}"},"query-input":{"@type":"PropertyValueSpecification","valueRequired":true,"valueName":"search_term_string"}}],"inLanguage":"es-ES"},{"@type":"Organization","@id":"https:\/\/www.thokbikes.com\/es\/#organization","name":"Thok E-bikes","url":"https:\/\/www.thokbikes.com\/es\/","logo":{"@type":"ImageObject","inLanguage":"es-ES","@id":"https:\/\/www.thokbikes.com\/es\/#\/schema\/logo\/image\/","url":"https:\/\/www.thokbikes.com\/wp-content\/uploads\/2025\/11\/logo-thok-white.png","contentUrl":"https:\/\/www.thokbikes.com\/wp-content\/uploads\/2025\/11\/logo-thok-white.png","width":1920,"height":281,"caption":"Thok E-bikes"},"image":{"@id":"https:\/\/www.thokbikes.com\/es\/#\/schema\/logo\/image\/"},"sameAs":["https:\/\/www.facebook.com\/thokebikes","https:\/\/www.instagram.com\/thok_ebikes\/","https:\/\/www.youtube.com\/channel\/UC-yfWNxPCJvVdRymE7tA8Ww"]}]}},"_links":{"self":[{"href":"https:\/\/www.thokbikes.com\/es\/wp-json\/wp\/v2\/product\/8607","targetHints":{"allow":["GET"]}}],"collection":[{"href":"https:\/\/www.thokbikes.com\/es\/wp-json\/wp\/v2\/product"}],"about":[{"href":"https:\/\/www.thokbikes.com\/es\/wp-json\/wp\/v2\/types\/product"}],"replies":[{"embeddable":true,"href":"https:\/\/www.thokbikes.com\/es\/wp-json\/wp\/v2\/comments?post=8607"}],"wp:featuredmedia":[{"embeddable":true,"href":"https:\/\/www.thokbikes.com\/es\/wp-json\/wp\/v2\/media\/9139"}],"wp:attachment":[{"href":"https:\/\/www.thokbikes.com\/es\/wp-json\/wp\/v2\/media?parent=8607"}],"wp:term":[{"taxonomy":"product_brand","embeddable":true,"href":"https:\/\/www.thokbikes.com\/es\/wp-json\/wp\/v2\/product_brand?post=8607"},{"taxonomy":"product_cat","embeddable":true,"href":"https:\/\/www.thokbikes.com\/es\/wp-json\/wp\/v2\/product_cat?post=8607"},{"taxonomy":"product_tag","embeddable":true,"href":"https:\/\/www.thokbikes.com\/es\/wp-json\/wp\/v2\/product_tag?post=8607"}],"curies":[{"name":"wp","href":"https:\/\/api.w.org\/{rel}","templated":true}]}}