{"id":8734,"date":"2023-11-13T11:43:04","date_gmt":"2023-11-13T10:43:04","guid":{"rendered":"https:\/\/www.thokbikes.com\/prodotto\/vorderrad-mavic-e-xa-drifter-29-aluminium\/"},"modified":"2024-02-06T15:32:01","modified_gmt":"2024-02-06T14:32:01","slug":"rueda-delantera-mavic-e-xa-drifter-29-aluminium","status":"publish","type":"product","link":"https:\/\/www.thokbikes.com\/es\/negozio\/accessoires-et-composants\/wheels-es\/rueda-delantera-mavic-e-xa-drifter-29-aluminium\/","title":{"rendered":"RUEDA DELANTERA MAVIC E-XA DRIFTER 29&#8221; &#8211; ALUMINIO"},"content":{"rendered":"<p>RUEDA DELANTERA MAVIC E-XA DRIFTER 29&#8221; &#8211; ALUMINIO<\/p>\n<p>Caracter\u00edsticas:<\/p>\n<ul>\n<li>Serie: E-XA DRIFTER<\/li>\n<li>Listo para tubeless: S\u00ed<\/li>\n<li>Tama\u00f1o: 29&#8221;<\/li>\n<li>Material: Aluminio<\/li>\n<li>Buje\/eje: Mavic 15&#215;110<\/li>\n<li>Canal interno: 30mm<\/li>\n<li>Montaje del disco de freno: 6 pernos<\/li>\n<li>Radios: 28 &#8211; tiraje recto<\/li>\n<\/ul>\n","protected":false},"excerpt":{"rendered":"<p>RUEDA DELANTERA MAVIC E-XA DRIFTER 29&#8221; &#8211; ALUMINIO Caracter\u00edsticas: Serie: E-XA DRIFTER Listo para tubeless: S\u00ed Tama\u00f1o: 29&#8221; Material: Aluminio Buje\/eje: Mavic 15&#215;110 Canal interno: 30mm Montaje del disco de freno: 6 pernos Radios: 28 &#8211; tiraje recto<\/p>\n","protected":false},"featured_media":9194,"comment_status":"closed","ping_status":"closed","template":"","meta":{"_acf_changed":false},"product_brand":[],"product_cat":[126,178,131,136],"product_tag":[],"class_list":{"0":"post-8734","1":"product","2":"type-product","3":"status-publish","4":"has-post-thumbnail","6":"product_cat-accessoires-et-composants","7":"product_cat-all-mountain-es","8":"product_cat-enduro-es","9":"product_cat-wheels-es","11":"first","12":"instock","13":"taxable","14":"shipping-taxable","15":"purchasable","16":"product-type-simple"},"acf":[],"yoast_head":"<!-- This site is optimized with the Yoast SEO plugin v27.3 - https:\/\/yoast.com\/product\/yoast-seo-wordpress\/ -->\n<title>RUEDA DELANTERA MAVIC E-XA DRIFTER 29&#039;&#039; - ALUMINIO - Thok<\/title>\n<meta name=\"robots\" content=\"index, follow, max-snippet:-1, max-image-preview:large, max-video-preview:-1\" \/>\n<link rel=\"canonical\" href=\"https:\/\/www.thokbikes.com\/es\/negozio\/accessoires-et-composants\/wheels-es\/rueda-delantera-mavic-e-xa-drifter-29-aluminium\/\" \/>\n<meta property=\"og:locale\" content=\"es_ES\" \/>\n<meta property=\"og:type\" content=\"article\" \/>\n<meta property=\"og:title\" content=\"RUEDA DELANTERA MAVIC E-XA DRIFTER 29&#039;&#039; - ALUMINIO - Thok\" \/>\n<meta property=\"og:description\" content=\"RUEDA DELANTERA MAVIC E-XA DRIFTER 29&#8221; &#8211; ALUMINIO Caracter\u00edsticas: Serie: E-XA DRIFTER Listo para tubeless: S\u00ed Tama\u00f1o: 29&#8221; Material: Aluminio Buje\/eje: Mavic 15&#215;110 Canal interno: 30mm Montaje del disco de freno: 6 pernos Radios: 28 &#8211; tiraje recto\" \/>\n<meta property=\"og:url\" content=\"https:\/\/www.thokbikes.com\/es\/negozio\/accessoires-et-composants\/wheels-es\/rueda-delantera-mavic-e-xa-drifter-29-aluminium\/\" \/>\n<meta property=\"og:site_name\" content=\"Thok\" \/>\n<meta property=\"article:publisher\" content=\"https:\/\/www.facebook.com\/thokebikes\" \/>\n<meta property=\"article:modified_time\" content=\"2024-02-06T14:32:01+00:00\" \/>\n<meta property=\"og:image\" content=\"https:\/\/www.thokbikes.com\/wp-content\/uploads\/2023\/11\/Shop-RUOTA-MAVIC-E-XA-DRIFTER-27.5-jpg.webp\" \/>\n\t<meta property=\"og:image:width\" content=\"1900\" \/>\n\t<meta property=\"og:image:height\" content=\"1900\" \/>\n\t<meta property=\"og:image:type\" content=\"image\/jpeg\" \/>\n<meta name=\"twitter:card\" content=\"summary_large_image\" \/>\n<meta name=\"twitter:label1\" content=\"Est. reading time\" \/>\n\t<meta name=\"twitter:data1\" content=\"1 minute\" \/>\n<script type=\"application\/ld+json\" class=\"yoast-schema-graph\">{\"@context\":\"https:\\\/\\\/schema.org\",\"@graph\":[{\"@type\":\"WebPage\",\"@id\":\"https:\\\/\\\/www.thokbikes.com\\\/es\\\/negozio\\\/accessoires-et-composants\\\/wheels-es\\\/rueda-delantera-mavic-e-xa-drifter-29-aluminium\\\/\",\"url\":\"https:\\\/\\\/www.thokbikes.com\\\/es\\\/negozio\\\/accessoires-et-composants\\\/wheels-es\\\/rueda-delantera-mavic-e-xa-drifter-29-aluminium\\\/\",\"name\":\"RUEDA DELANTERA MAVIC E-XA DRIFTER 29'' - ALUMINIO - Thok\",\"isPartOf\":{\"@id\":\"https:\\\/\\\/www.thokbikes.com\\\/es\\\/#website\"},\"primaryImageOfPage\":{\"@id\":\"https:\\\/\\\/www.thokbikes.com\\\/es\\\/negozio\\\/accessoires-et-composants\\\/wheels-es\\\/rueda-delantera-mavic-e-xa-drifter-29-aluminium\\\/#primaryimage\"},\"image\":{\"@id\":\"https:\\\/\\\/www.thokbikes.com\\\/es\\\/negozio\\\/accessoires-et-composants\\\/wheels-es\\\/rueda-delantera-mavic-e-xa-drifter-29-aluminium\\\/#primaryimage\"},\"thumbnailUrl\":\"https:\\\/\\\/www.thokbikes.com\\\/wp-content\\\/uploads\\\/2023\\\/11\\\/Shop-RUOTA-MAVIC-E-XA-DRIFTER-27.5-jpg.webp\",\"datePublished\":\"2023-11-13T10:43:04+00:00\",\"dateModified\":\"2024-02-06T14:32:01+00:00\",\"breadcrumb\":{\"@id\":\"https:\\\/\\\/www.thokbikes.com\\\/es\\\/negozio\\\/accessoires-et-composants\\\/wheels-es\\\/rueda-delantera-mavic-e-xa-drifter-29-aluminium\\\/#breadcrumb\"},\"inLanguage\":\"es-ES\",\"potentialAction\":[{\"@type\":\"ReadAction\",\"target\":[\"https:\\\/\\\/www.thokbikes.com\\\/es\\\/negozio\\\/accessoires-et-composants\\\/wheels-es\\\/rueda-delantera-mavic-e-xa-drifter-29-aluminium\\\/\"]}]},{\"@type\":\"ImageObject\",\"inLanguage\":\"es-ES\",\"@id\":\"https:\\\/\\\/www.thokbikes.com\\\/es\\\/negozio\\\/accessoires-et-composants\\\/wheels-es\\\/rueda-delantera-mavic-e-xa-drifter-29-aluminium\\\/#primaryimage\",\"url\":\"https:\\\/\\\/www.thokbikes.com\\\/wp-content\\\/uploads\\\/2023\\\/11\\\/Shop-RUOTA-MAVIC-E-XA-DRIFTER-27.5-jpg.webp\",\"contentUrl\":\"https:\\\/\\\/www.thokbikes.com\\\/wp-content\\\/uploads\\\/2023\\\/11\\\/Shop-RUOTA-MAVIC-E-XA-DRIFTER-27.5-jpg.webp\",\"width\":1900,\"height\":1900},{\"@type\":\"BreadcrumbList\",\"@id\":\"https:\\\/\\\/www.thokbikes.com\\\/es\\\/negozio\\\/accessoires-et-composants\\\/wheels-es\\\/rueda-delantera-mavic-e-xa-drifter-29-aluminium\\\/#breadcrumb\",\"itemListElement\":[{\"@type\":\"ListItem\",\"position\":1,\"name\":\"Home\",\"item\":\"https:\\\/\\\/www.thokbikes.com\\\/es\\\/\"},{\"@type\":\"ListItem\",\"position\":2,\"name\":\"Shop\",\"item\":\"https:\\\/\\\/www.thokbikes.com\\\/negozio\\\/\"},{\"@type\":\"ListItem\",\"position\":3,\"name\":\"RUEDA DELANTERA MAVIC E-XA DRIFTER 29&#8221; &#8211; ALUMINIO\"}]},{\"@type\":\"WebSite\",\"@id\":\"https:\\\/\\\/www.thokbikes.com\\\/es\\\/#website\",\"url\":\"https:\\\/\\\/www.thokbikes.com\\\/es\\\/\",\"name\":\"Thok E-bikes\",\"description\":\"\",\"publisher\":{\"@id\":\"https:\\\/\\\/www.thokbikes.com\\\/es\\\/#organization\"},\"potentialAction\":[{\"@type\":\"SearchAction\",\"target\":{\"@type\":\"EntryPoint\",\"urlTemplate\":\"https:\\\/\\\/www.thokbikes.com\\\/es\\\/?s={search_term_string}\"},\"query-input\":{\"@type\":\"PropertyValueSpecification\",\"valueRequired\":true,\"valueName\":\"search_term_string\"}}],\"inLanguage\":\"es-ES\"},{\"@type\":\"Organization\",\"@id\":\"https:\\\/\\\/www.thokbikes.com\\\/es\\\/#organization\",\"name\":\"Thok E-bikes\",\"url\":\"https:\\\/\\\/www.thokbikes.com\\\/es\\\/\",\"logo\":{\"@type\":\"ImageObject\",\"inLanguage\":\"es-ES\",\"@id\":\"https:\\\/\\\/www.thokbikes.com\\\/es\\\/#\\\/schema\\\/logo\\\/image\\\/\",\"url\":\"https:\\\/\\\/www.thokbikes.com\\\/wp-content\\\/uploads\\\/2025\\\/11\\\/logo-thok-white.png\",\"contentUrl\":\"https:\\\/\\\/www.thokbikes.com\\\/wp-content\\\/uploads\\\/2025\\\/11\\\/logo-thok-white.png\",\"width\":1920,\"height\":281,\"caption\":\"Thok E-bikes\"},\"image\":{\"@id\":\"https:\\\/\\\/www.thokbikes.com\\\/es\\\/#\\\/schema\\\/logo\\\/image\\\/\"},\"sameAs\":[\"https:\\\/\\\/www.facebook.com\\\/thokebikes\",\"https:\\\/\\\/www.instagram.com\\\/thok_ebikes\\\/\",\"https:\\\/\\\/www.youtube.com\\\/channel\\\/UC-yfWNxPCJvVdRymE7tA8Ww\"]}]}<\/script>\n<!-- \/ Yoast SEO plugin. -->","yoast_head_json":{"title":"RUEDA DELANTERA MAVIC E-XA DRIFTER 29'' - ALUMINIO - Thok","robots":{"index":"index","follow":"follow","max-snippet":"max-snippet:-1","max-image-preview":"max-image-preview:large","max-video-preview":"max-video-preview:-1"},"canonical":"https:\/\/www.thokbikes.com\/es\/negozio\/accessoires-et-composants\/wheels-es\/rueda-delantera-mavic-e-xa-drifter-29-aluminium\/","og_locale":"es_ES","og_type":"article","og_title":"RUEDA DELANTERA MAVIC E-XA DRIFTER 29'' - ALUMINIO - Thok","og_description":"RUEDA DELANTERA MAVIC E-XA DRIFTER 29&#8221; &#8211; ALUMINIO Caracter\u00edsticas: Serie: E-XA DRIFTER Listo para tubeless: S\u00ed Tama\u00f1o: 29&#8221; Material: Aluminio Buje\/eje: Mavic 15&#215;110 Canal interno: 30mm Montaje del disco de freno: 6 pernos Radios: 28 &#8211; tiraje recto","og_url":"https:\/\/www.thokbikes.com\/es\/negozio\/accessoires-et-composants\/wheels-es\/rueda-delantera-mavic-e-xa-drifter-29-aluminium\/","og_site_name":"Thok","article_publisher":"https:\/\/www.facebook.com\/thokebikes","article_modified_time":"2024-02-06T14:32:01+00:00","og_image":[{"width":1900,"height":1900,"url":"https:\/\/www.thokbikes.com\/wp-content\/uploads\/2023\/11\/Shop-RUOTA-MAVIC-E-XA-DRIFTER-27.5-jpg.webp","type":"image\/jpeg"}],"twitter_card":"summary_large_image","twitter_misc":{"Est. reading time":"1 minute"},"schema":{"@context":"https:\/\/schema.org","@graph":[{"@type":"WebPage","@id":"https:\/\/www.thokbikes.com\/es\/negozio\/accessoires-et-composants\/wheels-es\/rueda-delantera-mavic-e-xa-drifter-29-aluminium\/","url":"https:\/\/www.thokbikes.com\/es\/negozio\/accessoires-et-composants\/wheels-es\/rueda-delantera-mavic-e-xa-drifter-29-aluminium\/","name":"RUEDA DELANTERA MAVIC E-XA DRIFTER 29'' - ALUMINIO - Thok","isPartOf":{"@id":"https:\/\/www.thokbikes.com\/es\/#website"},"primaryImageOfPage":{"@id":"https:\/\/www.thokbikes.com\/es\/negozio\/accessoires-et-composants\/wheels-es\/rueda-delantera-mavic-e-xa-drifter-29-aluminium\/#primaryimage"},"image":{"@id":"https:\/\/www.thokbikes.com\/es\/negozio\/accessoires-et-composants\/wheels-es\/rueda-delantera-mavic-e-xa-drifter-29-aluminium\/#primaryimage"},"thumbnailUrl":"https:\/\/www.thokbikes.com\/wp-content\/uploads\/2023\/11\/Shop-RUOTA-MAVIC-E-XA-DRIFTER-27.5-jpg.webp","datePublished":"2023-11-13T10:43:04+00:00","dateModified":"2024-02-06T14:32:01+00:00","breadcrumb":{"@id":"https:\/\/www.thokbikes.com\/es\/negozio\/accessoires-et-composants\/wheels-es\/rueda-delantera-mavic-e-xa-drifter-29-aluminium\/#breadcrumb"},"inLanguage":"es-ES","potentialAction":[{"@type":"ReadAction","target":["https:\/\/www.thokbikes.com\/es\/negozio\/accessoires-et-composants\/wheels-es\/rueda-delantera-mavic-e-xa-drifter-29-aluminium\/"]}]},{"@type":"ImageObject","inLanguage":"es-ES","@id":"https:\/\/www.thokbikes.com\/es\/negozio\/accessoires-et-composants\/wheels-es\/rueda-delantera-mavic-e-xa-drifter-29-aluminium\/#primaryimage","url":"https:\/\/www.thokbikes.com\/wp-content\/uploads\/2023\/11\/Shop-RUOTA-MAVIC-E-XA-DRIFTER-27.5-jpg.webp","contentUrl":"https:\/\/www.thokbikes.com\/wp-content\/uploads\/2023\/11\/Shop-RUOTA-MAVIC-E-XA-DRIFTER-27.5-jpg.webp","width":1900,"height":1900},{"@type":"BreadcrumbList","@id":"https:\/\/www.thokbikes.com\/es\/negozio\/accessoires-et-composants\/wheels-es\/rueda-delantera-mavic-e-xa-drifter-29-aluminium\/#breadcrumb","itemListElement":[{"@type":"ListItem","position":1,"name":"Home","item":"https:\/\/www.thokbikes.com\/es\/"},{"@type":"ListItem","position":2,"name":"Shop","item":"https:\/\/www.thokbikes.com\/negozio\/"},{"@type":"ListItem","position":3,"name":"RUEDA DELANTERA MAVIC E-XA DRIFTER 29&#8221; &#8211; ALUMINIO"}]},{"@type":"WebSite","@id":"https:\/\/www.thokbikes.com\/es\/#website","url":"https:\/\/www.thokbikes.com\/es\/","name":"Thok E-bikes","description":"","publisher":{"@id":"https:\/\/www.thokbikes.com\/es\/#organization"},"potentialAction":[{"@type":"SearchAction","target":{"@type":"EntryPoint","urlTemplate":"https:\/\/www.thokbikes.com\/es\/?s={search_term_string}"},"query-input":{"@type":"PropertyValueSpecification","valueRequired":true,"valueName":"search_term_string"}}],"inLanguage":"es-ES"},{"@type":"Organization","@id":"https:\/\/www.thokbikes.com\/es\/#organization","name":"Thok E-bikes","url":"https:\/\/www.thokbikes.com\/es\/","logo":{"@type":"ImageObject","inLanguage":"es-ES","@id":"https:\/\/www.thokbikes.com\/es\/#\/schema\/logo\/image\/","url":"https:\/\/www.thokbikes.com\/wp-content\/uploads\/2025\/11\/logo-thok-white.png","contentUrl":"https:\/\/www.thokbikes.com\/wp-content\/uploads\/2025\/11\/logo-thok-white.png","width":1920,"height":281,"caption":"Thok E-bikes"},"image":{"@id":"https:\/\/www.thokbikes.com\/es\/#\/schema\/logo\/image\/"},"sameAs":["https:\/\/www.facebook.com\/thokebikes","https:\/\/www.instagram.com\/thok_ebikes\/","https:\/\/www.youtube.com\/channel\/UC-yfWNxPCJvVdRymE7tA8Ww"]}]}},"_links":{"self":[{"href":"https:\/\/www.thokbikes.com\/es\/wp-json\/wp\/v2\/product\/8734","targetHints":{"allow":["GET"]}}],"collection":[{"href":"https:\/\/www.thokbikes.com\/es\/wp-json\/wp\/v2\/product"}],"about":[{"href":"https:\/\/www.thokbikes.com\/es\/wp-json\/wp\/v2\/types\/product"}],"replies":[{"embeddable":true,"href":"https:\/\/www.thokbikes.com\/es\/wp-json\/wp\/v2\/comments?post=8734"}],"wp:featuredmedia":[{"embeddable":true,"href":"https:\/\/www.thokbikes.com\/es\/wp-json\/wp\/v2\/media\/9194"}],"wp:attachment":[{"href":"https:\/\/www.thokbikes.com\/es\/wp-json\/wp\/v2\/media?parent=8734"}],"wp:term":[{"taxonomy":"product_brand","embeddable":true,"href":"https:\/\/www.thokbikes.com\/es\/wp-json\/wp\/v2\/product_brand?post=8734"},{"taxonomy":"product_cat","embeddable":true,"href":"https:\/\/www.thokbikes.com\/es\/wp-json\/wp\/v2\/product_cat?post=8734"},{"taxonomy":"product_tag","embeddable":true,"href":"https:\/\/www.thokbikes.com\/es\/wp-json\/wp\/v2\/product_tag?post=8734"}],"curies":[{"name":"wp","href":"https:\/\/api.w.org\/{rel}","templated":true}]}}