{"id":9397,"date":"2023-11-13T11:42:57","date_gmt":"2023-11-13T10:42:57","guid":{"rendered":"https:\/\/www.thokbikes.com\/prodotto\/ks-rage-i-125mm-mechanische-teleskop-sattelstuetze\/"},"modified":"2024-07-05T12:20:53","modified_gmt":"2024-07-05T10:20:53","slug":"tija-de-sillin-telescopica-mecanica-ks-rage-i-125mm","status":"publish","type":"product","link":"https:\/\/www.thokbikes.com\/es\/negozio\/accessoires-et-composants\/seat-es\/tija-de-sillin-telescopica-mecanica-ks-rage-i-125mm\/","title":{"rendered":"Tija de sill\u00edn telesc\u00f3pica mec\u00e1nica KS RAGE-I 125mm"},"content":{"rendered":"<p>KS RAGE-I 125mm Tija de Sill\u00edn Telesc\u00f3pica Mec\u00e1nica, Di\u00e1metro 31,6mm,<\/p>\n<p>CON PALANCA DE ACCIONAMIENTO HORIZONTAL IZQUIERDA KS SOUTHPAW<br \/>\nCOMPATIBILIDAD CON TODOS LOS MODELOS DE THOK (por favor, verificar la inserci\u00f3n en el cuadro, longitud del cuerpo telesc\u00f3pico 211mm)<\/p>\n","protected":false},"excerpt":{"rendered":"<p>KS RAGE-I 125mm Tija de Sill\u00edn Telesc\u00f3pica Mec\u00e1nica, Di\u00e1metro 31,6mm, CON PALANCA DE ACCIONAMIENTO HORIZONTAL IZQUIERDA KS SOUTHPAW COMPATIBILIDAD CON TODOS LOS MODELOS DE THOK (por favor, verificar la inserci\u00f3n en el cuadro, longitud del cuerpo telesc\u00f3pico 211mm)<\/p>\n","protected":false},"featured_media":9129,"comment_status":"closed","ping_status":"closed","template":"","meta":{"_acf_changed":false},"product_brand":[],"product_cat":[126,144],"product_tag":[],"class_list":{"0":"post-9397","1":"product","2":"type-product","3":"status-publish","4":"has-post-thumbnail","6":"product_cat-accessoires-et-composants","7":"product_cat-seat-es","9":"first","10":"instock","11":"taxable","12":"shipping-taxable","13":"purchasable","14":"product-type-simple"},"acf":[],"yoast_head":"<!-- This site is optimized with the Yoast SEO plugin v27.3 - https:\/\/yoast.com\/product\/yoast-seo-wordpress\/ -->\n<title>Tija de sill\u00edn telesc\u00f3pica mec\u00e1nica KS RAGE-I 125mm - Thok<\/title>\n<meta name=\"robots\" content=\"index, follow, max-snippet:-1, max-image-preview:large, max-video-preview:-1\" \/>\n<link rel=\"canonical\" href=\"https:\/\/www.thokbikes.com\/es\/negozio\/accessoires-et-composants\/seat-es\/tija-de-sillin-telescopica-mecanica-ks-rage-i-125mm\/\" \/>\n<meta property=\"og:locale\" content=\"es_ES\" \/>\n<meta property=\"og:type\" content=\"article\" \/>\n<meta property=\"og:title\" content=\"Tija de sill\u00edn telesc\u00f3pica mec\u00e1nica KS RAGE-I 125mm - Thok\" \/>\n<meta property=\"og:description\" content=\"KS RAGE-I 125mm Tija de Sill\u00edn Telesc\u00f3pica Mec\u00e1nica, Di\u00e1metro 31,6mm, CON PALANCA DE ACCIONAMIENTO HORIZONTAL IZQUIERDA KS SOUTHPAW COMPATIBILIDAD CON TODOS LOS MODELOS DE THOK (por favor, verificar la inserci\u00f3n en el cuadro, longitud del cuerpo telesc\u00f3pico 211mm)\" \/>\n<meta property=\"og:url\" content=\"https:\/\/www.thokbikes.com\/es\/negozio\/accessoires-et-composants\/seat-es\/tija-de-sillin-telescopica-mecanica-ks-rage-i-125mm\/\" \/>\n<meta property=\"og:site_name\" content=\"Thok\" \/>\n<meta property=\"article:publisher\" content=\"https:\/\/www.facebook.com\/thokebikes\" \/>\n<meta property=\"article:modified_time\" content=\"2024-07-05T10:20:53+00:00\" \/>\n<meta property=\"og:image\" content=\"https:\/\/www.thokbikes.com\/wp-content\/uploads\/2023\/11\/Shop-KP-SEATPOST-150mm-jpg.webp\" \/>\n\t<meta property=\"og:image:width\" content=\"1900\" \/>\n\t<meta property=\"og:image:height\" content=\"1900\" \/>\n\t<meta property=\"og:image:type\" content=\"image\/jpeg\" \/>\n<meta name=\"twitter:card\" content=\"summary_large_image\" \/>\n<meta name=\"twitter:label1\" content=\"Est. reading time\" \/>\n\t<meta name=\"twitter:data1\" content=\"1 minute\" \/>\n<script type=\"application\/ld+json\" class=\"yoast-schema-graph\">{\"@context\":\"https:\\\/\\\/schema.org\",\"@graph\":[{\"@type\":\"WebPage\",\"@id\":\"https:\\\/\\\/www.thokbikes.com\\\/es\\\/negozio\\\/accessoires-et-composants\\\/seat-es\\\/tija-de-sillin-telescopica-mecanica-ks-rage-i-125mm\\\/\",\"url\":\"https:\\\/\\\/www.thokbikes.com\\\/es\\\/negozio\\\/accessoires-et-composants\\\/seat-es\\\/tija-de-sillin-telescopica-mecanica-ks-rage-i-125mm\\\/\",\"name\":\"Tija de sill\u00edn telesc\u00f3pica mec\u00e1nica KS RAGE-I 125mm - Thok\",\"isPartOf\":{\"@id\":\"https:\\\/\\\/www.thokbikes.com\\\/es\\\/#website\"},\"primaryImageOfPage\":{\"@id\":\"https:\\\/\\\/www.thokbikes.com\\\/es\\\/negozio\\\/accessoires-et-composants\\\/seat-es\\\/tija-de-sillin-telescopica-mecanica-ks-rage-i-125mm\\\/#primaryimage\"},\"image\":{\"@id\":\"https:\\\/\\\/www.thokbikes.com\\\/es\\\/negozio\\\/accessoires-et-composants\\\/seat-es\\\/tija-de-sillin-telescopica-mecanica-ks-rage-i-125mm\\\/#primaryimage\"},\"thumbnailUrl\":\"https:\\\/\\\/www.thokbikes.com\\\/wp-content\\\/uploads\\\/2023\\\/11\\\/Shop-KP-SEATPOST-150mm-jpg.webp\",\"datePublished\":\"2023-11-13T10:42:57+00:00\",\"dateModified\":\"2024-07-05T10:20:53+00:00\",\"breadcrumb\":{\"@id\":\"https:\\\/\\\/www.thokbikes.com\\\/es\\\/negozio\\\/accessoires-et-composants\\\/seat-es\\\/tija-de-sillin-telescopica-mecanica-ks-rage-i-125mm\\\/#breadcrumb\"},\"inLanguage\":\"es-ES\",\"potentialAction\":[{\"@type\":\"ReadAction\",\"target\":[\"https:\\\/\\\/www.thokbikes.com\\\/es\\\/negozio\\\/accessoires-et-composants\\\/seat-es\\\/tija-de-sillin-telescopica-mecanica-ks-rage-i-125mm\\\/\"]}]},{\"@type\":\"ImageObject\",\"inLanguage\":\"es-ES\",\"@id\":\"https:\\\/\\\/www.thokbikes.com\\\/es\\\/negozio\\\/accessoires-et-composants\\\/seat-es\\\/tija-de-sillin-telescopica-mecanica-ks-rage-i-125mm\\\/#primaryimage\",\"url\":\"https:\\\/\\\/www.thokbikes.com\\\/wp-content\\\/uploads\\\/2023\\\/11\\\/Shop-KP-SEATPOST-150mm-jpg.webp\",\"contentUrl\":\"https:\\\/\\\/www.thokbikes.com\\\/wp-content\\\/uploads\\\/2023\\\/11\\\/Shop-KP-SEATPOST-150mm-jpg.webp\",\"width\":1900,\"height\":1900},{\"@type\":\"BreadcrumbList\",\"@id\":\"https:\\\/\\\/www.thokbikes.com\\\/es\\\/negozio\\\/accessoires-et-composants\\\/seat-es\\\/tija-de-sillin-telescopica-mecanica-ks-rage-i-125mm\\\/#breadcrumb\",\"itemListElement\":[{\"@type\":\"ListItem\",\"position\":1,\"name\":\"Home\",\"item\":\"https:\\\/\\\/www.thokbikes.com\\\/es\\\/\"},{\"@type\":\"ListItem\",\"position\":2,\"name\":\"Shop\",\"item\":\"https:\\\/\\\/www.thokbikes.com\\\/negozio\\\/\"},{\"@type\":\"ListItem\",\"position\":3,\"name\":\"Tija de sill\u00edn telesc\u00f3pica mec\u00e1nica KS RAGE-I 125mm\"}]},{\"@type\":\"WebSite\",\"@id\":\"https:\\\/\\\/www.thokbikes.com\\\/es\\\/#website\",\"url\":\"https:\\\/\\\/www.thokbikes.com\\\/es\\\/\",\"name\":\"Thok E-bikes\",\"description\":\"\",\"publisher\":{\"@id\":\"https:\\\/\\\/www.thokbikes.com\\\/es\\\/#organization\"},\"potentialAction\":[{\"@type\":\"SearchAction\",\"target\":{\"@type\":\"EntryPoint\",\"urlTemplate\":\"https:\\\/\\\/www.thokbikes.com\\\/es\\\/?s={search_term_string}\"},\"query-input\":{\"@type\":\"PropertyValueSpecification\",\"valueRequired\":true,\"valueName\":\"search_term_string\"}}],\"inLanguage\":\"es-ES\"},{\"@type\":\"Organization\",\"@id\":\"https:\\\/\\\/www.thokbikes.com\\\/es\\\/#organization\",\"name\":\"Thok E-bikes\",\"url\":\"https:\\\/\\\/www.thokbikes.com\\\/es\\\/\",\"logo\":{\"@type\":\"ImageObject\",\"inLanguage\":\"es-ES\",\"@id\":\"https:\\\/\\\/www.thokbikes.com\\\/es\\\/#\\\/schema\\\/logo\\\/image\\\/\",\"url\":\"https:\\\/\\\/www.thokbikes.com\\\/wp-content\\\/uploads\\\/2025\\\/11\\\/logo-thok-white.png\",\"contentUrl\":\"https:\\\/\\\/www.thokbikes.com\\\/wp-content\\\/uploads\\\/2025\\\/11\\\/logo-thok-white.png\",\"width\":1920,\"height\":281,\"caption\":\"Thok E-bikes\"},\"image\":{\"@id\":\"https:\\\/\\\/www.thokbikes.com\\\/es\\\/#\\\/schema\\\/logo\\\/image\\\/\"},\"sameAs\":[\"https:\\\/\\\/www.facebook.com\\\/thokebikes\",\"https:\\\/\\\/www.instagram.com\\\/thok_ebikes\\\/\",\"https:\\\/\\\/www.youtube.com\\\/channel\\\/UC-yfWNxPCJvVdRymE7tA8Ww\"]}]}<\/script>\n<!-- \/ Yoast SEO plugin. -->","yoast_head_json":{"title":"Tija de sill\u00edn telesc\u00f3pica mec\u00e1nica KS RAGE-I 125mm - Thok","robots":{"index":"index","follow":"follow","max-snippet":"max-snippet:-1","max-image-preview":"max-image-preview:large","max-video-preview":"max-video-preview:-1"},"canonical":"https:\/\/www.thokbikes.com\/es\/negozio\/accessoires-et-composants\/seat-es\/tija-de-sillin-telescopica-mecanica-ks-rage-i-125mm\/","og_locale":"es_ES","og_type":"article","og_title":"Tija de sill\u00edn telesc\u00f3pica mec\u00e1nica KS RAGE-I 125mm - Thok","og_description":"KS RAGE-I 125mm Tija de Sill\u00edn Telesc\u00f3pica Mec\u00e1nica, Di\u00e1metro 31,6mm, CON PALANCA DE ACCIONAMIENTO HORIZONTAL IZQUIERDA KS SOUTHPAW COMPATIBILIDAD CON TODOS LOS MODELOS DE THOK (por favor, verificar la inserci\u00f3n en el cuadro, longitud del cuerpo telesc\u00f3pico 211mm)","og_url":"https:\/\/www.thokbikes.com\/es\/negozio\/accessoires-et-composants\/seat-es\/tija-de-sillin-telescopica-mecanica-ks-rage-i-125mm\/","og_site_name":"Thok","article_publisher":"https:\/\/www.facebook.com\/thokebikes","article_modified_time":"2024-07-05T10:20:53+00:00","og_image":[{"width":1900,"height":1900,"url":"https:\/\/www.thokbikes.com\/wp-content\/uploads\/2023\/11\/Shop-KP-SEATPOST-150mm-jpg.webp","type":"image\/jpeg"}],"twitter_card":"summary_large_image","twitter_misc":{"Est. reading time":"1 minute"},"schema":{"@context":"https:\/\/schema.org","@graph":[{"@type":"WebPage","@id":"https:\/\/www.thokbikes.com\/es\/negozio\/accessoires-et-composants\/seat-es\/tija-de-sillin-telescopica-mecanica-ks-rage-i-125mm\/","url":"https:\/\/www.thokbikes.com\/es\/negozio\/accessoires-et-composants\/seat-es\/tija-de-sillin-telescopica-mecanica-ks-rage-i-125mm\/","name":"Tija de sill\u00edn telesc\u00f3pica mec\u00e1nica KS RAGE-I 125mm - Thok","isPartOf":{"@id":"https:\/\/www.thokbikes.com\/es\/#website"},"primaryImageOfPage":{"@id":"https:\/\/www.thokbikes.com\/es\/negozio\/accessoires-et-composants\/seat-es\/tija-de-sillin-telescopica-mecanica-ks-rage-i-125mm\/#primaryimage"},"image":{"@id":"https:\/\/www.thokbikes.com\/es\/negozio\/accessoires-et-composants\/seat-es\/tija-de-sillin-telescopica-mecanica-ks-rage-i-125mm\/#primaryimage"},"thumbnailUrl":"https:\/\/www.thokbikes.com\/wp-content\/uploads\/2023\/11\/Shop-KP-SEATPOST-150mm-jpg.webp","datePublished":"2023-11-13T10:42:57+00:00","dateModified":"2024-07-05T10:20:53+00:00","breadcrumb":{"@id":"https:\/\/www.thokbikes.com\/es\/negozio\/accessoires-et-composants\/seat-es\/tija-de-sillin-telescopica-mecanica-ks-rage-i-125mm\/#breadcrumb"},"inLanguage":"es-ES","potentialAction":[{"@type":"ReadAction","target":["https:\/\/www.thokbikes.com\/es\/negozio\/accessoires-et-composants\/seat-es\/tija-de-sillin-telescopica-mecanica-ks-rage-i-125mm\/"]}]},{"@type":"ImageObject","inLanguage":"es-ES","@id":"https:\/\/www.thokbikes.com\/es\/negozio\/accessoires-et-composants\/seat-es\/tija-de-sillin-telescopica-mecanica-ks-rage-i-125mm\/#primaryimage","url":"https:\/\/www.thokbikes.com\/wp-content\/uploads\/2023\/11\/Shop-KP-SEATPOST-150mm-jpg.webp","contentUrl":"https:\/\/www.thokbikes.com\/wp-content\/uploads\/2023\/11\/Shop-KP-SEATPOST-150mm-jpg.webp","width":1900,"height":1900},{"@type":"BreadcrumbList","@id":"https:\/\/www.thokbikes.com\/es\/negozio\/accessoires-et-composants\/seat-es\/tija-de-sillin-telescopica-mecanica-ks-rage-i-125mm\/#breadcrumb","itemListElement":[{"@type":"ListItem","position":1,"name":"Home","item":"https:\/\/www.thokbikes.com\/es\/"},{"@type":"ListItem","position":2,"name":"Shop","item":"https:\/\/www.thokbikes.com\/negozio\/"},{"@type":"ListItem","position":3,"name":"Tija de sill\u00edn telesc\u00f3pica mec\u00e1nica KS RAGE-I 125mm"}]},{"@type":"WebSite","@id":"https:\/\/www.thokbikes.com\/es\/#website","url":"https:\/\/www.thokbikes.com\/es\/","name":"Thok E-bikes","description":"","publisher":{"@id":"https:\/\/www.thokbikes.com\/es\/#organization"},"potentialAction":[{"@type":"SearchAction","target":{"@type":"EntryPoint","urlTemplate":"https:\/\/www.thokbikes.com\/es\/?s={search_term_string}"},"query-input":{"@type":"PropertyValueSpecification","valueRequired":true,"valueName":"search_term_string"}}],"inLanguage":"es-ES"},{"@type":"Organization","@id":"https:\/\/www.thokbikes.com\/es\/#organization","name":"Thok E-bikes","url":"https:\/\/www.thokbikes.com\/es\/","logo":{"@type":"ImageObject","inLanguage":"es-ES","@id":"https:\/\/www.thokbikes.com\/es\/#\/schema\/logo\/image\/","url":"https:\/\/www.thokbikes.com\/wp-content\/uploads\/2025\/11\/logo-thok-white.png","contentUrl":"https:\/\/www.thokbikes.com\/wp-content\/uploads\/2025\/11\/logo-thok-white.png","width":1920,"height":281,"caption":"Thok E-bikes"},"image":{"@id":"https:\/\/www.thokbikes.com\/es\/#\/schema\/logo\/image\/"},"sameAs":["https:\/\/www.facebook.com\/thokebikes","https:\/\/www.instagram.com\/thok_ebikes\/","https:\/\/www.youtube.com\/channel\/UC-yfWNxPCJvVdRymE7tA8Ww"]}]}},"_links":{"self":[{"href":"https:\/\/www.thokbikes.com\/es\/wp-json\/wp\/v2\/product\/9397","targetHints":{"allow":["GET"]}}],"collection":[{"href":"https:\/\/www.thokbikes.com\/es\/wp-json\/wp\/v2\/product"}],"about":[{"href":"https:\/\/www.thokbikes.com\/es\/wp-json\/wp\/v2\/types\/product"}],"replies":[{"embeddable":true,"href":"https:\/\/www.thokbikes.com\/es\/wp-json\/wp\/v2\/comments?post=9397"}],"wp:featuredmedia":[{"embeddable":true,"href":"https:\/\/www.thokbikes.com\/es\/wp-json\/wp\/v2\/media\/9129"}],"wp:attachment":[{"href":"https:\/\/www.thokbikes.com\/es\/wp-json\/wp\/v2\/media?parent=9397"}],"wp:term":[{"taxonomy":"product_brand","embeddable":true,"href":"https:\/\/www.thokbikes.com\/es\/wp-json\/wp\/v2\/product_brand?post=9397"},{"taxonomy":"product_cat","embeddable":true,"href":"https:\/\/www.thokbikes.com\/es\/wp-json\/wp\/v2\/product_cat?post=9397"},{"taxonomy":"product_tag","embeddable":true,"href":"https:\/\/www.thokbikes.com\/es\/wp-json\/wp\/v2\/product_tag?post=9397"}],"curies":[{"name":"wp","href":"https:\/\/api.w.org\/{rel}","templated":true}]}}