{"id":13638,"date":"2023-06-28T16:47:13","date_gmt":"2023-06-28T14:47:13","guid":{"rendered":"https:\/\/www.thokbikes.com\/ambassador\/"},"modified":"2025-03-21T15:59:05","modified_gmt":"2025-03-21T14:59:05","slug":"ambassador","status":"publish","type":"page","link":"https:\/\/www.thokbikes.com\/fr\/ambassador\/","title":{"rendered":"Ambassador"},"content":{"rendered":"\n<p>Au fil des ann\u00e9es, de nombreux Ambassadeurs ont choisi d&#8217;associer leur image \u00e0 notre marque. <\/p>\n\n\n\n<p>Des hommes de performance, des passionn\u00e9s de sport motiv\u00e9s caract\u00e9ris\u00e9s par une grande d\u00e9termination, d\u00e9vouement et humilit\u00e9 ; des professionnels ax\u00e9s sur la performance et la qualit\u00e9 du produit. Tous utilisent nos v\u00e9los \u00e9lectriques pour des entra\u00eenements en dehors de leurs sp\u00e9cialit\u00e9s, t\u00e9moignant de la polyvalence des v\u00e9los THOK, adapt\u00e9s m\u00eame \u00e0 l&#8217;entra\u00eenement d&#8217;athl\u00e8tes de haut niveau et de professionnels du sport ax\u00e9s sur la performance. <\/p>\n\n\n\n<p>Le &#8220;Performance First Team&#8221; (PFT) est l&#8217;\u00e9quipe THOK qui rassemble tous ces excellents athl\u00e8tes issus de diff\u00e9rents secteurs sportifs : rallye, ski-alpinisme, moto, disciplines a\u00e9riennes&#8230; <\/p>\n\n\n\n<p>Nous sommes fiers que chacun d&#8217;entre eux ait choisi d&#8217;associer son nom \u00e0 THOK, apportant ainsi de la cr\u00e9dibilit\u00e9 \u00e0 notre marque et \u00e0 la qualit\u00e9 de nos v\u00e9hicules.<\/p>\n","protected":false},"excerpt":{"rendered":"<p>Au fil des ann\u00e9es, de nombreux Ambassadeurs ont choisi d&#8217;associer leur image \u00e0 notre marque. Des hommes de performance, des passionn\u00e9s de sport motiv\u00e9s caract\u00e9ris\u00e9s par une grande d\u00e9termination, d\u00e9vouement et humilit\u00e9 ; des professionnels ax\u00e9s sur la performance et la qualit\u00e9 du produit. Tous utilisent nos v\u00e9los \u00e9lectriques pour des entra\u00eenements en dehors de [&hellip;]<\/p>\n","protected":false},"author":1,"featured_media":12954,"parent":0,"menu_order":0,"comment_status":"closed","ping_status":"closed","template":"","meta":{"_acf_changed":false,"footnotes":""},"class_list":["post-13638","page","type-page","status-publish","has-post-thumbnail","hentry"],"acf":[],"yoast_head":"<!-- This site is optimized with the Yoast SEO plugin v27.3 - https:\/\/yoast.com\/product\/yoast-seo-wordpress\/ -->\n<title>Ambassador - Thok<\/title>\n<meta name=\"robots\" content=\"index, follow, max-snippet:-1, max-image-preview:large, max-video-preview:-1\" \/>\n<link rel=\"canonical\" href=\"https:\/\/www.thokbikes.com\/fr\/ambassador\/\" \/>\n<meta property=\"og:locale\" content=\"fr_FR\" \/>\n<meta property=\"og:type\" content=\"article\" \/>\n<meta property=\"og:title\" content=\"Ambassador - Thok\" \/>\n<meta property=\"og:description\" content=\"Au fil des ann\u00e9es, de nombreux Ambassadeurs ont choisi d&#8217;associer leur image \u00e0 notre marque. Des hommes de performance, des passionn\u00e9s de sport motiv\u00e9s caract\u00e9ris\u00e9s par une grande d\u00e9termination, d\u00e9vouement et humilit\u00e9 ; des professionnels ax\u00e9s sur la performance et la qualit\u00e9 du produit. Tous utilisent nos v\u00e9los \u00e9lectriques pour des entra\u00eenements en dehors de [&hellip;]\" \/>\n<meta property=\"og:url\" content=\"https:\/\/www.thokbikes.com\/fr\/ambassador\/\" \/>\n<meta property=\"og:site_name\" content=\"Thok\" \/>\n<meta property=\"article:publisher\" content=\"https:\/\/www.facebook.com\/thokebikes\" \/>\n<meta property=\"article:modified_time\" content=\"2025-03-21T14:59:05+00:00\" \/>\n<meta property=\"og:image\" content=\"https:\/\/www.thokbikes.com\/wp-content\/uploads\/2024\/03\/Ambassador-1-jpg.webp\" \/>\n\t<meta property=\"og:image:width\" content=\"1920\" \/>\n\t<meta property=\"og:image:height\" content=\"700\" \/>\n\t<meta property=\"og:image:type\" content=\"image\/jpeg\" \/>\n<meta name=\"twitter:card\" content=\"summary_large_image\" \/>\n<meta name=\"twitter:label1\" content=\"Est. reading time\" \/>\n\t<meta name=\"twitter:data1\" content=\"1 minute\" \/>\n<script type=\"application\/ld+json\" class=\"yoast-schema-graph\">{\"@context\":\"https:\\\/\\\/schema.org\",\"@graph\":[{\"@type\":\"WebPage\",\"@id\":\"https:\\\/\\\/www.thokbikes.com\\\/fr\\\/ambassador\\\/\",\"url\":\"https:\\\/\\\/www.thokbikes.com\\\/fr\\\/ambassador\\\/\",\"name\":\"Ambassador - Thok\",\"isPartOf\":{\"@id\":\"https:\\\/\\\/www.thokbikes.com\\\/fr\\\/#website\"},\"primaryImageOfPage\":{\"@id\":\"https:\\\/\\\/www.thokbikes.com\\\/fr\\\/ambassador\\\/#primaryimage\"},\"image\":{\"@id\":\"https:\\\/\\\/www.thokbikes.com\\\/fr\\\/ambassador\\\/#primaryimage\"},\"thumbnailUrl\":\"https:\\\/\\\/www.thokbikes.com\\\/wp-content\\\/uploads\\\/2024\\\/03\\\/Ambassador-1-jpg.webp\",\"datePublished\":\"2023-06-28T14:47:13+00:00\",\"dateModified\":\"2025-03-21T14:59:05+00:00\",\"breadcrumb\":{\"@id\":\"https:\\\/\\\/www.thokbikes.com\\\/fr\\\/ambassador\\\/#breadcrumb\"},\"inLanguage\":\"fr-FR\",\"potentialAction\":[{\"@type\":\"ReadAction\",\"target\":[\"https:\\\/\\\/www.thokbikes.com\\\/fr\\\/ambassador\\\/\"]}]},{\"@type\":\"ImageObject\",\"inLanguage\":\"fr-FR\",\"@id\":\"https:\\\/\\\/www.thokbikes.com\\\/fr\\\/ambassador\\\/#primaryimage\",\"url\":\"https:\\\/\\\/www.thokbikes.com\\\/wp-content\\\/uploads\\\/2024\\\/03\\\/Ambassador-1-jpg.webp\",\"contentUrl\":\"https:\\\/\\\/www.thokbikes.com\\\/wp-content\\\/uploads\\\/2024\\\/03\\\/Ambassador-1-jpg.webp\",\"width\":1920,\"height\":700},{\"@type\":\"BreadcrumbList\",\"@id\":\"https:\\\/\\\/www.thokbikes.com\\\/fr\\\/ambassador\\\/#breadcrumb\",\"itemListElement\":[{\"@type\":\"ListItem\",\"position\":1,\"name\":\"Home\",\"item\":\"https:\\\/\\\/www.thokbikes.com\\\/fr\\\/\"},{\"@type\":\"ListItem\",\"position\":2,\"name\":\"Ambassador\"}]},{\"@type\":\"WebSite\",\"@id\":\"https:\\\/\\\/www.thokbikes.com\\\/fr\\\/#website\",\"url\":\"https:\\\/\\\/www.thokbikes.com\\\/fr\\\/\",\"name\":\"Thok E-bikes\",\"description\":\"\",\"publisher\":{\"@id\":\"https:\\\/\\\/www.thokbikes.com\\\/fr\\\/#organization\"},\"potentialAction\":[{\"@type\":\"SearchAction\",\"target\":{\"@type\":\"EntryPoint\",\"urlTemplate\":\"https:\\\/\\\/www.thokbikes.com\\\/fr\\\/?s={search_term_string}\"},\"query-input\":{\"@type\":\"PropertyValueSpecification\",\"valueRequired\":true,\"valueName\":\"search_term_string\"}}],\"inLanguage\":\"fr-FR\"},{\"@type\":\"Organization\",\"@id\":\"https:\\\/\\\/www.thokbikes.com\\\/fr\\\/#organization\",\"name\":\"Thok E-bikes\",\"url\":\"https:\\\/\\\/www.thokbikes.com\\\/fr\\\/\",\"logo\":{\"@type\":\"ImageObject\",\"inLanguage\":\"fr-FR\",\"@id\":\"https:\\\/\\\/www.thokbikes.com\\\/fr\\\/#\\\/schema\\\/logo\\\/image\\\/\",\"url\":\"https:\\\/\\\/www.thokbikes.com\\\/wp-content\\\/uploads\\\/2025\\\/11\\\/logo-thok-white.png\",\"contentUrl\":\"https:\\\/\\\/www.thokbikes.com\\\/wp-content\\\/uploads\\\/2025\\\/11\\\/logo-thok-white.png\",\"width\":1920,\"height\":281,\"caption\":\"Thok E-bikes\"},\"image\":{\"@id\":\"https:\\\/\\\/www.thokbikes.com\\\/fr\\\/#\\\/schema\\\/logo\\\/image\\\/\"},\"sameAs\":[\"https:\\\/\\\/www.facebook.com\\\/thokebikes\",\"https:\\\/\\\/www.instagram.com\\\/thok_ebikes\\\/\",\"https:\\\/\\\/www.youtube.com\\\/channel\\\/UC-yfWNxPCJvVdRymE7tA8Ww\"]}]}<\/script>\n<!-- \/ Yoast SEO plugin. -->","yoast_head_json":{"title":"Ambassador - Thok","robots":{"index":"index","follow":"follow","max-snippet":"max-snippet:-1","max-image-preview":"max-image-preview:large","max-video-preview":"max-video-preview:-1"},"canonical":"https:\/\/www.thokbikes.com\/fr\/ambassador\/","og_locale":"fr_FR","og_type":"article","og_title":"Ambassador - Thok","og_description":"Au fil des ann\u00e9es, de nombreux Ambassadeurs ont choisi d&#8217;associer leur image \u00e0 notre marque. Des hommes de performance, des passionn\u00e9s de sport motiv\u00e9s caract\u00e9ris\u00e9s par une grande d\u00e9termination, d\u00e9vouement et humilit\u00e9 ; des professionnels ax\u00e9s sur la performance et la qualit\u00e9 du produit. Tous utilisent nos v\u00e9los \u00e9lectriques pour des entra\u00eenements en dehors de [&hellip;]","og_url":"https:\/\/www.thokbikes.com\/fr\/ambassador\/","og_site_name":"Thok","article_publisher":"https:\/\/www.facebook.com\/thokebikes","article_modified_time":"2025-03-21T14:59:05+00:00","og_image":[{"width":1920,"height":700,"url":"https:\/\/www.thokbikes.com\/wp-content\/uploads\/2024\/03\/Ambassador-1-jpg.webp","type":"image\/jpeg"}],"twitter_card":"summary_large_image","twitter_misc":{"Est. reading time":"1 minute"},"schema":{"@context":"https:\/\/schema.org","@graph":[{"@type":"WebPage","@id":"https:\/\/www.thokbikes.com\/fr\/ambassador\/","url":"https:\/\/www.thokbikes.com\/fr\/ambassador\/","name":"Ambassador - Thok","isPartOf":{"@id":"https:\/\/www.thokbikes.com\/fr\/#website"},"primaryImageOfPage":{"@id":"https:\/\/www.thokbikes.com\/fr\/ambassador\/#primaryimage"},"image":{"@id":"https:\/\/www.thokbikes.com\/fr\/ambassador\/#primaryimage"},"thumbnailUrl":"https:\/\/www.thokbikes.com\/wp-content\/uploads\/2024\/03\/Ambassador-1-jpg.webp","datePublished":"2023-06-28T14:47:13+00:00","dateModified":"2025-03-21T14:59:05+00:00","breadcrumb":{"@id":"https:\/\/www.thokbikes.com\/fr\/ambassador\/#breadcrumb"},"inLanguage":"fr-FR","potentialAction":[{"@type":"ReadAction","target":["https:\/\/www.thokbikes.com\/fr\/ambassador\/"]}]},{"@type":"ImageObject","inLanguage":"fr-FR","@id":"https:\/\/www.thokbikes.com\/fr\/ambassador\/#primaryimage","url":"https:\/\/www.thokbikes.com\/wp-content\/uploads\/2024\/03\/Ambassador-1-jpg.webp","contentUrl":"https:\/\/www.thokbikes.com\/wp-content\/uploads\/2024\/03\/Ambassador-1-jpg.webp","width":1920,"height":700},{"@type":"BreadcrumbList","@id":"https:\/\/www.thokbikes.com\/fr\/ambassador\/#breadcrumb","itemListElement":[{"@type":"ListItem","position":1,"name":"Home","item":"https:\/\/www.thokbikes.com\/fr\/"},{"@type":"ListItem","position":2,"name":"Ambassador"}]},{"@type":"WebSite","@id":"https:\/\/www.thokbikes.com\/fr\/#website","url":"https:\/\/www.thokbikes.com\/fr\/","name":"Thok E-bikes","description":"","publisher":{"@id":"https:\/\/www.thokbikes.com\/fr\/#organization"},"potentialAction":[{"@type":"SearchAction","target":{"@type":"EntryPoint","urlTemplate":"https:\/\/www.thokbikes.com\/fr\/?s={search_term_string}"},"query-input":{"@type":"PropertyValueSpecification","valueRequired":true,"valueName":"search_term_string"}}],"inLanguage":"fr-FR"},{"@type":"Organization","@id":"https:\/\/www.thokbikes.com\/fr\/#organization","name":"Thok E-bikes","url":"https:\/\/www.thokbikes.com\/fr\/","logo":{"@type":"ImageObject","inLanguage":"fr-FR","@id":"https:\/\/www.thokbikes.com\/fr\/#\/schema\/logo\/image\/","url":"https:\/\/www.thokbikes.com\/wp-content\/uploads\/2025\/11\/logo-thok-white.png","contentUrl":"https:\/\/www.thokbikes.com\/wp-content\/uploads\/2025\/11\/logo-thok-white.png","width":1920,"height":281,"caption":"Thok E-bikes"},"image":{"@id":"https:\/\/www.thokbikes.com\/fr\/#\/schema\/logo\/image\/"},"sameAs":["https:\/\/www.facebook.com\/thokebikes","https:\/\/www.instagram.com\/thok_ebikes\/","https:\/\/www.youtube.com\/channel\/UC-yfWNxPCJvVdRymE7tA8Ww"]}]}},"_links":{"self":[{"href":"https:\/\/www.thokbikes.com\/fr\/wp-json\/wp\/v2\/pages\/13638","targetHints":{"allow":["GET"]}}],"collection":[{"href":"https:\/\/www.thokbikes.com\/fr\/wp-json\/wp\/v2\/pages"}],"about":[{"href":"https:\/\/www.thokbikes.com\/fr\/wp-json\/wp\/v2\/types\/page"}],"author":[{"embeddable":true,"href":"https:\/\/www.thokbikes.com\/fr\/wp-json\/wp\/v2\/users\/1"}],"replies":[{"embeddable":true,"href":"https:\/\/www.thokbikes.com\/fr\/wp-json\/wp\/v2\/comments?post=13638"}],"version-history":[{"count":3,"href":"https:\/\/www.thokbikes.com\/fr\/wp-json\/wp\/v2\/pages\/13638\/revisions"}],"predecessor-version":[{"id":26428,"href":"https:\/\/www.thokbikes.com\/fr\/wp-json\/wp\/v2\/pages\/13638\/revisions\/26428"}],"wp:featuredmedia":[{"embeddable":true,"href":"https:\/\/www.thokbikes.com\/fr\/wp-json\/wp\/v2\/media\/12954"}],"wp:attachment":[{"href":"https:\/\/www.thokbikes.com\/fr\/wp-json\/wp\/v2\/media?parent=13638"}],"curies":[{"name":"wp","href":"https:\/\/api.w.org\/{rel}","templated":true}]}}