{"id":13943,"date":"2023-08-08T15:36:56","date_gmt":"2023-08-08T13:36:56","guid":{"rendered":"https:\/\/www.thokbikes.com\/lavora-con-noi\/"},"modified":"2024-03-28T14:44:17","modified_gmt":"2024-03-28T13:44:17","slug":"lavora-con-noi","status":"publish","type":"page","link":"https:\/\/www.thokbikes.com\/fr\/lavora-con-noi\/","title":{"rendered":"Travaille avec nous !"},"content":{"rendered":"\n<p><strong>Depuis 2017, THOK e-bikes produit et distribue des v\u00e9los \u00e0 assistance \u00e9lectrique con\u00e7us et con\u00e7us en Italie avec une attention particuli\u00e8re \u00e0 la performance.<\/strong><\/p>\n\n\n\n<p><strong>Si vous \u00eates ambitieux, aimez les d\u00e9fis et cherchez du travail dans un environnement jeune, dynamique et en croissance constante THOK e-bikes est le bon endroit pour vous.<\/strong><\/p>\n\n\n\n<p><strong>Contactez-nous, nous sommes toujours \u00e0 la recherche de nouveaux talents passionn\u00e9s par le monde ext\u00e9rieur \u00e0 inclure dans notre #THOKteam.<\/strong><\/p>\n\n\n\n<p><br>Choisissez la position ouverte qui vous convient le mieux et en savoir plus.<\/p>\n\n\n\n<p><\/p>\n","protected":false},"excerpt":{"rendered":"<p>Depuis 2017, THOK e-bikes produit et distribue des v\u00e9los \u00e0 assistance \u00e9lectrique con\u00e7us et con\u00e7us en Italie avec une attention particuli\u00e8re \u00e0 la performance. Si vous \u00eates ambitieux, aimez les d\u00e9fis et cherchez du travail dans un environnement jeune, dynamique et en croissance constante THOK e-bikes est le bon endroit pour vous. Contactez-nous, nous sommes [&hellip;]<\/p>\n","protected":false},"author":1,"featured_media":27150,"parent":0,"menu_order":0,"comment_status":"closed","ping_status":"closed","template":"","meta":{"_acf_changed":false,"footnotes":""},"class_list":["post-13943","page","type-page","status-publish","has-post-thumbnail","hentry"],"acf":[],"yoast_head":"<!-- This site is optimized with the Yoast SEO plugin v27.3 - https:\/\/yoast.com\/product\/yoast-seo-wordpress\/ -->\n<title>Travaille avec nous ! - Thok<\/title>\n<meta name=\"robots\" content=\"index, follow, max-snippet:-1, max-image-preview:large, max-video-preview:-1\" \/>\n<link rel=\"canonical\" href=\"https:\/\/www.thokbikes.com\/fr\/lavora-con-noi\/\" \/>\n<meta property=\"og:locale\" content=\"fr_FR\" \/>\n<meta property=\"og:type\" content=\"article\" \/>\n<meta property=\"og:title\" content=\"Travaille avec nous ! - Thok\" \/>\n<meta property=\"og:description\" content=\"Depuis 2017, THOK e-bikes produit et distribue des v\u00e9los \u00e0 assistance \u00e9lectrique con\u00e7us et con\u00e7us en Italie avec une attention particuli\u00e8re \u00e0 la performance. Si vous \u00eates ambitieux, aimez les d\u00e9fis et cherchez du travail dans un environnement jeune, dynamique et en croissance constante THOK e-bikes est le bon endroit pour vous. Contactez-nous, nous sommes [&hellip;]\" \/>\n<meta property=\"og:url\" content=\"https:\/\/www.thokbikes.com\/fr\/lavora-con-noi\/\" \/>\n<meta property=\"og:site_name\" content=\"Thok\" \/>\n<meta property=\"article:publisher\" content=\"https:\/\/www.facebook.com\/thokebikes\" \/>\n<meta property=\"article:modified_time\" content=\"2024-03-28T13:44:17+00:00\" \/>\n<meta property=\"og:image\" content=\"https:\/\/www.thokbikes.com\/wp-content\/uploads\/2024\/03\/thok-lavora-con-noi-jpg.webp\" \/>\n\t<meta property=\"og:image:width\" content=\"1920\" \/>\n\t<meta property=\"og:image:height\" content=\"700\" \/>\n\t<meta property=\"og:image:type\" content=\"image\/jpeg\" \/>\n<meta name=\"twitter:card\" content=\"summary_large_image\" \/>\n<meta name=\"twitter:label1\" content=\"Est. reading time\" \/>\n\t<meta name=\"twitter:data1\" content=\"1 minute\" \/>\n<script type=\"application\/ld+json\" class=\"yoast-schema-graph\">{\"@context\":\"https:\\\/\\\/schema.org\",\"@graph\":[{\"@type\":\"WebPage\",\"@id\":\"https:\\\/\\\/www.thokbikes.com\\\/fr\\\/lavora-con-noi\\\/\",\"url\":\"https:\\\/\\\/www.thokbikes.com\\\/fr\\\/lavora-con-noi\\\/\",\"name\":\"Travaille avec nous ! - Thok\",\"isPartOf\":{\"@id\":\"https:\\\/\\\/www.thokbikes.com\\\/fr\\\/#website\"},\"primaryImageOfPage\":{\"@id\":\"https:\\\/\\\/www.thokbikes.com\\\/fr\\\/lavora-con-noi\\\/#primaryimage\"},\"image\":{\"@id\":\"https:\\\/\\\/www.thokbikes.com\\\/fr\\\/lavora-con-noi\\\/#primaryimage\"},\"thumbnailUrl\":\"https:\\\/\\\/www.thokbikes.com\\\/wp-content\\\/uploads\\\/2025\\\/04\\\/Registrazione-e-bike.jpg\",\"datePublished\":\"2023-08-08T13:36:56+00:00\",\"dateModified\":\"2024-03-28T13:44:17+00:00\",\"breadcrumb\":{\"@id\":\"https:\\\/\\\/www.thokbikes.com\\\/fr\\\/lavora-con-noi\\\/#breadcrumb\"},\"inLanguage\":\"fr-FR\",\"potentialAction\":[{\"@type\":\"ReadAction\",\"target\":[\"https:\\\/\\\/www.thokbikes.com\\\/fr\\\/lavora-con-noi\\\/\"]}]},{\"@type\":\"ImageObject\",\"inLanguage\":\"fr-FR\",\"@id\":\"https:\\\/\\\/www.thokbikes.com\\\/fr\\\/lavora-con-noi\\\/#primaryimage\",\"url\":\"https:\\\/\\\/www.thokbikes.com\\\/wp-content\\\/uploads\\\/2025\\\/04\\\/Registrazione-e-bike.jpg\",\"contentUrl\":\"https:\\\/\\\/www.thokbikes.com\\\/wp-content\\\/uploads\\\/2025\\\/04\\\/Registrazione-e-bike.jpg\",\"width\":1920,\"height\":1280},{\"@type\":\"BreadcrumbList\",\"@id\":\"https:\\\/\\\/www.thokbikes.com\\\/fr\\\/lavora-con-noi\\\/#breadcrumb\",\"itemListElement\":[{\"@type\":\"ListItem\",\"position\":1,\"name\":\"Home\",\"item\":\"https:\\\/\\\/www.thokbikes.com\\\/fr\\\/\"},{\"@type\":\"ListItem\",\"position\":2,\"name\":\"Travaille avec nous !\"}]},{\"@type\":\"WebSite\",\"@id\":\"https:\\\/\\\/www.thokbikes.com\\\/fr\\\/#website\",\"url\":\"https:\\\/\\\/www.thokbikes.com\\\/fr\\\/\",\"name\":\"Thok E-bikes\",\"description\":\"\",\"publisher\":{\"@id\":\"https:\\\/\\\/www.thokbikes.com\\\/fr\\\/#organization\"},\"potentialAction\":[{\"@type\":\"SearchAction\",\"target\":{\"@type\":\"EntryPoint\",\"urlTemplate\":\"https:\\\/\\\/www.thokbikes.com\\\/fr\\\/?s={search_term_string}\"},\"query-input\":{\"@type\":\"PropertyValueSpecification\",\"valueRequired\":true,\"valueName\":\"search_term_string\"}}],\"inLanguage\":\"fr-FR\"},{\"@type\":\"Organization\",\"@id\":\"https:\\\/\\\/www.thokbikes.com\\\/fr\\\/#organization\",\"name\":\"Thok E-bikes\",\"url\":\"https:\\\/\\\/www.thokbikes.com\\\/fr\\\/\",\"logo\":{\"@type\":\"ImageObject\",\"inLanguage\":\"fr-FR\",\"@id\":\"https:\\\/\\\/www.thokbikes.com\\\/fr\\\/#\\\/schema\\\/logo\\\/image\\\/\",\"url\":\"https:\\\/\\\/www.thokbikes.com\\\/wp-content\\\/uploads\\\/2025\\\/11\\\/logo-thok-white.png\",\"contentUrl\":\"https:\\\/\\\/www.thokbikes.com\\\/wp-content\\\/uploads\\\/2025\\\/11\\\/logo-thok-white.png\",\"width\":1920,\"height\":281,\"caption\":\"Thok E-bikes\"},\"image\":{\"@id\":\"https:\\\/\\\/www.thokbikes.com\\\/fr\\\/#\\\/schema\\\/logo\\\/image\\\/\"},\"sameAs\":[\"https:\\\/\\\/www.facebook.com\\\/thokebikes\",\"https:\\\/\\\/www.instagram.com\\\/thok_ebikes\\\/\",\"https:\\\/\\\/www.youtube.com\\\/channel\\\/UC-yfWNxPCJvVdRymE7tA8Ww\"]}]}<\/script>\n<!-- \/ Yoast SEO plugin. -->","yoast_head_json":{"title":"Travaille avec nous ! - Thok","robots":{"index":"index","follow":"follow","max-snippet":"max-snippet:-1","max-image-preview":"max-image-preview:large","max-video-preview":"max-video-preview:-1"},"canonical":"https:\/\/www.thokbikes.com\/fr\/lavora-con-noi\/","og_locale":"fr_FR","og_type":"article","og_title":"Travaille avec nous ! - Thok","og_description":"Depuis 2017, THOK e-bikes produit et distribue des v\u00e9los \u00e0 assistance \u00e9lectrique con\u00e7us et con\u00e7us en Italie avec une attention particuli\u00e8re \u00e0 la performance. Si vous \u00eates ambitieux, aimez les d\u00e9fis et cherchez du travail dans un environnement jeune, dynamique et en croissance constante THOK e-bikes est le bon endroit pour vous. Contactez-nous, nous sommes [&hellip;]","og_url":"https:\/\/www.thokbikes.com\/fr\/lavora-con-noi\/","og_site_name":"Thok","article_publisher":"https:\/\/www.facebook.com\/thokebikes","article_modified_time":"2024-03-28T13:44:17+00:00","og_image":[{"width":1920,"height":700,"url":"https:\/\/www.thokbikes.com\/wp-content\/uploads\/2024\/03\/thok-lavora-con-noi-jpg.webp","type":"image\/jpeg"}],"twitter_card":"summary_large_image","twitter_misc":{"Est. reading time":"1 minute"},"schema":{"@context":"https:\/\/schema.org","@graph":[{"@type":"WebPage","@id":"https:\/\/www.thokbikes.com\/fr\/lavora-con-noi\/","url":"https:\/\/www.thokbikes.com\/fr\/lavora-con-noi\/","name":"Travaille avec nous ! - Thok","isPartOf":{"@id":"https:\/\/www.thokbikes.com\/fr\/#website"},"primaryImageOfPage":{"@id":"https:\/\/www.thokbikes.com\/fr\/lavora-con-noi\/#primaryimage"},"image":{"@id":"https:\/\/www.thokbikes.com\/fr\/lavora-con-noi\/#primaryimage"},"thumbnailUrl":"https:\/\/www.thokbikes.com\/wp-content\/uploads\/2025\/04\/Registrazione-e-bike.jpg","datePublished":"2023-08-08T13:36:56+00:00","dateModified":"2024-03-28T13:44:17+00:00","breadcrumb":{"@id":"https:\/\/www.thokbikes.com\/fr\/lavora-con-noi\/#breadcrumb"},"inLanguage":"fr-FR","potentialAction":[{"@type":"ReadAction","target":["https:\/\/www.thokbikes.com\/fr\/lavora-con-noi\/"]}]},{"@type":"ImageObject","inLanguage":"fr-FR","@id":"https:\/\/www.thokbikes.com\/fr\/lavora-con-noi\/#primaryimage","url":"https:\/\/www.thokbikes.com\/wp-content\/uploads\/2025\/04\/Registrazione-e-bike.jpg","contentUrl":"https:\/\/www.thokbikes.com\/wp-content\/uploads\/2025\/04\/Registrazione-e-bike.jpg","width":1920,"height":1280},{"@type":"BreadcrumbList","@id":"https:\/\/www.thokbikes.com\/fr\/lavora-con-noi\/#breadcrumb","itemListElement":[{"@type":"ListItem","position":1,"name":"Home","item":"https:\/\/www.thokbikes.com\/fr\/"},{"@type":"ListItem","position":2,"name":"Travaille avec nous !"}]},{"@type":"WebSite","@id":"https:\/\/www.thokbikes.com\/fr\/#website","url":"https:\/\/www.thokbikes.com\/fr\/","name":"Thok E-bikes","description":"","publisher":{"@id":"https:\/\/www.thokbikes.com\/fr\/#organization"},"potentialAction":[{"@type":"SearchAction","target":{"@type":"EntryPoint","urlTemplate":"https:\/\/www.thokbikes.com\/fr\/?s={search_term_string}"},"query-input":{"@type":"PropertyValueSpecification","valueRequired":true,"valueName":"search_term_string"}}],"inLanguage":"fr-FR"},{"@type":"Organization","@id":"https:\/\/www.thokbikes.com\/fr\/#organization","name":"Thok E-bikes","url":"https:\/\/www.thokbikes.com\/fr\/","logo":{"@type":"ImageObject","inLanguage":"fr-FR","@id":"https:\/\/www.thokbikes.com\/fr\/#\/schema\/logo\/image\/","url":"https:\/\/www.thokbikes.com\/wp-content\/uploads\/2025\/11\/logo-thok-white.png","contentUrl":"https:\/\/www.thokbikes.com\/wp-content\/uploads\/2025\/11\/logo-thok-white.png","width":1920,"height":281,"caption":"Thok E-bikes"},"image":{"@id":"https:\/\/www.thokbikes.com\/fr\/#\/schema\/logo\/image\/"},"sameAs":["https:\/\/www.facebook.com\/thokebikes","https:\/\/www.instagram.com\/thok_ebikes\/","https:\/\/www.youtube.com\/channel\/UC-yfWNxPCJvVdRymE7tA8Ww"]}]}},"_links":{"self":[{"href":"https:\/\/www.thokbikes.com\/fr\/wp-json\/wp\/v2\/pages\/13943","targetHints":{"allow":["GET"]}}],"collection":[{"href":"https:\/\/www.thokbikes.com\/fr\/wp-json\/wp\/v2\/pages"}],"about":[{"href":"https:\/\/www.thokbikes.com\/fr\/wp-json\/wp\/v2\/types\/page"}],"author":[{"embeddable":true,"href":"https:\/\/www.thokbikes.com\/fr\/wp-json\/wp\/v2\/users\/1"}],"replies":[{"embeddable":true,"href":"https:\/\/www.thokbikes.com\/fr\/wp-json\/wp\/v2\/comments?post=13943"}],"version-history":[{"count":3,"href":"https:\/\/www.thokbikes.com\/fr\/wp-json\/wp\/v2\/pages\/13943\/revisions"}],"predecessor-version":[{"id":15631,"href":"https:\/\/www.thokbikes.com\/fr\/wp-json\/wp\/v2\/pages\/13943\/revisions\/15631"}],"wp:featuredmedia":[{"embeddable":true,"href":"https:\/\/www.thokbikes.com\/fr\/wp-json\/wp\/v2\/media\/27150"}],"wp:attachment":[{"href":"https:\/\/www.thokbikes.com\/fr\/wp-json\/wp\/v2\/media?parent=13943"}],"curies":[{"name":"wp","href":"https:\/\/api.w.org\/{rel}","templated":true}]}}