{"id":14729,"date":"2023-11-13T11:44:15","date_gmt":"2023-11-13T10:44:15","guid":{"rendered":"https:\/\/www.thokbikes.com\/prodotto\/thok-d-perf-ss-grey\/"},"modified":"2025-12-12T10:49:53","modified_gmt":"2025-12-12T09:49:53","slug":"thok-d-perf-ss-grey","status":"publish","type":"product","link":"https:\/\/www.thokbikes.com\/fr\/negozio\/vetements\/vetements-promotionnels\/thok-d-perf-ss-grey\/","title":{"rendered":"THOK D-Perf SS Grey"},"content":{"rendered":"<div class=\"text\">\n<p>Con\u00e7u sp\u00e9cialement pour THOK par le mythique Aldo Drudi, le jersey manches courtes en tissu \u00e0 structure perfor\u00e9e r\u00e9guli\u00e8re \u00e0 coupe vive, assure une transpiration \u00e9lev\u00e9e et un s\u00e9chage rapide et est id\u00e9al pour tout geste athl\u00e9tique, du plus intense au plus amateur.<\/p>\n<p><img decoding=\"async\" class=\"alignnone size-medium wp-image-14805\" src=\"https:\/\/www.thokbikes.com\/wp-content\/uploads\/2023\/11\/shop-taglie-abbigliamento-tecnico-300x74.png\" alt=\"\" width=\"300\" height=\"74\" srcset=\"https:\/\/www.thokbikes.com\/wp-content\/uploads\/2023\/11\/shop-taglie-abbigliamento-tecnico-300x74.png 300w, https:\/\/www.thokbikes.com\/wp-content\/uploads\/2023\/11\/shop-taglie-abbigliamento-tecnico-1024x251.png 1024w, https:\/\/www.thokbikes.com\/wp-content\/uploads\/2023\/11\/shop-taglie-abbigliamento-tecnico-768x188.png 768w, https:\/\/www.thokbikes.com\/wp-content\/uploads\/2023\/11\/shop-taglie-abbigliamento-tecnico-1536x377.png 1536w, https:\/\/www.thokbikes.com\/wp-content\/uploads\/2023\/11\/shop-taglie-abbigliamento-tecnico-2048x502.png 2048w, https:\/\/www.thokbikes.com\/wp-content\/uploads\/2023\/11\/shop-taglie-abbigliamento-tecnico-50x12.png 50w, https:\/\/www.thokbikes.com\/wp-content\/uploads\/2023\/11\/shop-taglie-abbigliamento-tecnico-600x147.png 600w\" sizes=\"(max-width: 300px) 100vw, 300px\" \/><\/p>\n<\/div>\n","protected":false},"excerpt":{"rendered":"<p>Con\u00e7u sp\u00e9cialement pour THOK par le mythique Aldo Drudi, le jersey manches courtes en tissu \u00e0 structure perfor\u00e9e r\u00e9guli\u00e8re \u00e0 coupe vive, assure une transpiration \u00e9lev\u00e9e et un s\u00e9chage rapide et est id\u00e9al pour tout geste athl\u00e9tique, du plus intense au plus amateur.<\/p>\n","protected":false},"featured_media":13804,"comment_status":"closed","ping_status":"closed","template":"","meta":{"_acf_changed":false},"product_brand":[],"product_cat":[294],"product_tag":[],"class_list":{"0":"post-14729","1":"product","2":"type-product","3":"status-publish","4":"has-post-thumbnail","6":"product_cat-vetements-promotionnels","7":"pa_taglia-2x-fr","8":"pa_taglia-l-fr","9":"pa_taglia-m-fr","10":"pa_taglia-s-fr","11":"pa_taglia-xl-fr","13":"first","14":"instock","15":"taxable","16":"shipping-taxable","17":"purchasable","18":"product-type-variable"},"acf":[],"yoast_head":"<!-- This site is optimized with the Yoast SEO plugin v27.3 - https:\/\/yoast.com\/product\/yoast-seo-wordpress\/ -->\n<title>THOK D-Perf SS Grey - Thok<\/title>\n<meta name=\"robots\" content=\"index, follow, max-snippet:-1, max-image-preview:large, max-video-preview:-1\" \/>\n<link rel=\"canonical\" href=\"https:\/\/www.thokbikes.com\/fr\/negozio\/vetements\/vetements-promotionnels\/thok-d-perf-ss-grey\/\" \/>\n<meta property=\"og:locale\" content=\"fr_FR\" \/>\n<meta property=\"og:type\" content=\"article\" \/>\n<meta property=\"og:title\" content=\"THOK D-Perf SS Grey - Thok\" \/>\n<meta property=\"og:description\" content=\"Con\u00e7u sp\u00e9cialement pour THOK par le mythique Aldo Drudi, le jersey manches courtes en tissu \u00e0 structure perfor\u00e9e r\u00e9guli\u00e8re \u00e0 coupe vive, assure une transpiration \u00e9lev\u00e9e et un s\u00e9chage rapide et est id\u00e9al pour tout geste athl\u00e9tique, du plus intense au plus amateur.\" \/>\n<meta property=\"og:url\" content=\"https:\/\/www.thokbikes.com\/fr\/negozio\/vetements\/vetements-promotionnels\/thok-d-perf-ss-grey\/\" \/>\n<meta property=\"og:site_name\" content=\"Thok\" \/>\n<meta property=\"article:publisher\" content=\"https:\/\/www.facebook.com\/thokebikes\" \/>\n<meta property=\"article:modified_time\" content=\"2025-12-12T09:49:53+00:00\" \/>\n<meta property=\"og:image\" content=\"https:\/\/www.thokbikes.com\/wp-content\/uploads\/2023\/11\/DSC01351-scaled.webp\" \/>\n\t<meta property=\"og:image:width\" content=\"2560\" \/>\n\t<meta property=\"og:image:height\" content=\"2560\" \/>\n\t<meta property=\"og:image:type\" content=\"image\/jpeg\" \/>\n<meta name=\"twitter:card\" content=\"summary_large_image\" \/>\n<meta name=\"twitter:label1\" content=\"Est. reading time\" \/>\n\t<meta name=\"twitter:data1\" content=\"1 minute\" \/>\n<script type=\"application\/ld+json\" class=\"yoast-schema-graph\">{\"@context\":\"https:\\\/\\\/schema.org\",\"@graph\":[{\"@type\":\"WebPage\",\"@id\":\"https:\\\/\\\/www.thokbikes.com\\\/fr\\\/negozio\\\/vetements\\\/vetements-promotionnels\\\/thok-d-perf-ss-grey\\\/\",\"url\":\"https:\\\/\\\/www.thokbikes.com\\\/fr\\\/negozio\\\/vetements\\\/vetements-promotionnels\\\/thok-d-perf-ss-grey\\\/\",\"name\":\"THOK D-Perf SS Grey - Thok\",\"isPartOf\":{\"@id\":\"https:\\\/\\\/www.thokbikes.com\\\/fr\\\/#website\"},\"primaryImageOfPage\":{\"@id\":\"https:\\\/\\\/www.thokbikes.com\\\/fr\\\/negozio\\\/vetements\\\/vetements-promotionnels\\\/thok-d-perf-ss-grey\\\/#primaryimage\"},\"image\":{\"@id\":\"https:\\\/\\\/www.thokbikes.com\\\/fr\\\/negozio\\\/vetements\\\/vetements-promotionnels\\\/thok-d-perf-ss-grey\\\/#primaryimage\"},\"thumbnailUrl\":\"https:\\\/\\\/www.thokbikes.com\\\/wp-content\\\/uploads\\\/2023\\\/11\\\/DSC01351-scaled.webp\",\"datePublished\":\"2023-11-13T10:44:15+00:00\",\"dateModified\":\"2025-12-12T09:49:53+00:00\",\"breadcrumb\":{\"@id\":\"https:\\\/\\\/www.thokbikes.com\\\/fr\\\/negozio\\\/vetements\\\/vetements-promotionnels\\\/thok-d-perf-ss-grey\\\/#breadcrumb\"},\"inLanguage\":\"fr-FR\",\"potentialAction\":[{\"@type\":\"ReadAction\",\"target\":[\"https:\\\/\\\/www.thokbikes.com\\\/fr\\\/negozio\\\/vetements\\\/vetements-promotionnels\\\/thok-d-perf-ss-grey\\\/\"]}]},{\"@type\":\"ImageObject\",\"inLanguage\":\"fr-FR\",\"@id\":\"https:\\\/\\\/www.thokbikes.com\\\/fr\\\/negozio\\\/vetements\\\/vetements-promotionnels\\\/thok-d-perf-ss-grey\\\/#primaryimage\",\"url\":\"https:\\\/\\\/www.thokbikes.com\\\/wp-content\\\/uploads\\\/2023\\\/11\\\/DSC01351-scaled.webp\",\"contentUrl\":\"https:\\\/\\\/www.thokbikes.com\\\/wp-content\\\/uploads\\\/2023\\\/11\\\/DSC01351-scaled.webp\",\"width\":2560,\"height\":2560},{\"@type\":\"BreadcrumbList\",\"@id\":\"https:\\\/\\\/www.thokbikes.com\\\/fr\\\/negozio\\\/vetements\\\/vetements-promotionnels\\\/thok-d-perf-ss-grey\\\/#breadcrumb\",\"itemListElement\":[{\"@type\":\"ListItem\",\"position\":1,\"name\":\"Home\",\"item\":\"https:\\\/\\\/www.thokbikes.com\\\/fr\\\/\"},{\"@type\":\"ListItem\",\"position\":2,\"name\":\"Shop\",\"item\":\"https:\\\/\\\/www.thokbikes.com\\\/negozio\\\/\"},{\"@type\":\"ListItem\",\"position\":3,\"name\":\"THOK D-Perf SS Grey\"}]},{\"@type\":\"WebSite\",\"@id\":\"https:\\\/\\\/www.thokbikes.com\\\/fr\\\/#website\",\"url\":\"https:\\\/\\\/www.thokbikes.com\\\/fr\\\/\",\"name\":\"Thok E-bikes\",\"description\":\"\",\"publisher\":{\"@id\":\"https:\\\/\\\/www.thokbikes.com\\\/fr\\\/#organization\"},\"potentialAction\":[{\"@type\":\"SearchAction\",\"target\":{\"@type\":\"EntryPoint\",\"urlTemplate\":\"https:\\\/\\\/www.thokbikes.com\\\/fr\\\/?s={search_term_string}\"},\"query-input\":{\"@type\":\"PropertyValueSpecification\",\"valueRequired\":true,\"valueName\":\"search_term_string\"}}],\"inLanguage\":\"fr-FR\"},{\"@type\":\"Organization\",\"@id\":\"https:\\\/\\\/www.thokbikes.com\\\/fr\\\/#organization\",\"name\":\"Thok E-bikes\",\"url\":\"https:\\\/\\\/www.thokbikes.com\\\/fr\\\/\",\"logo\":{\"@type\":\"ImageObject\",\"inLanguage\":\"fr-FR\",\"@id\":\"https:\\\/\\\/www.thokbikes.com\\\/fr\\\/#\\\/schema\\\/logo\\\/image\\\/\",\"url\":\"https:\\\/\\\/www.thokbikes.com\\\/wp-content\\\/uploads\\\/2025\\\/11\\\/logo-thok-white.png\",\"contentUrl\":\"https:\\\/\\\/www.thokbikes.com\\\/wp-content\\\/uploads\\\/2025\\\/11\\\/logo-thok-white.png\",\"width\":1920,\"height\":281,\"caption\":\"Thok E-bikes\"},\"image\":{\"@id\":\"https:\\\/\\\/www.thokbikes.com\\\/fr\\\/#\\\/schema\\\/logo\\\/image\\\/\"},\"sameAs\":[\"https:\\\/\\\/www.facebook.com\\\/thokebikes\",\"https:\\\/\\\/www.instagram.com\\\/thok_ebikes\\\/\",\"https:\\\/\\\/www.youtube.com\\\/channel\\\/UC-yfWNxPCJvVdRymE7tA8Ww\"]}]}<\/script>\n<!-- \/ Yoast SEO plugin. -->","yoast_head_json":{"title":"THOK D-Perf SS Grey - Thok","robots":{"index":"index","follow":"follow","max-snippet":"max-snippet:-1","max-image-preview":"max-image-preview:large","max-video-preview":"max-video-preview:-1"},"canonical":"https:\/\/www.thokbikes.com\/fr\/negozio\/vetements\/vetements-promotionnels\/thok-d-perf-ss-grey\/","og_locale":"fr_FR","og_type":"article","og_title":"THOK D-Perf SS Grey - Thok","og_description":"Con\u00e7u sp\u00e9cialement pour THOK par le mythique Aldo Drudi, le jersey manches courtes en tissu \u00e0 structure perfor\u00e9e r\u00e9guli\u00e8re \u00e0 coupe vive, assure une transpiration \u00e9lev\u00e9e et un s\u00e9chage rapide et est id\u00e9al pour tout geste athl\u00e9tique, du plus intense au plus amateur.","og_url":"https:\/\/www.thokbikes.com\/fr\/negozio\/vetements\/vetements-promotionnels\/thok-d-perf-ss-grey\/","og_site_name":"Thok","article_publisher":"https:\/\/www.facebook.com\/thokebikes","article_modified_time":"2025-12-12T09:49:53+00:00","og_image":[{"width":2560,"height":2560,"url":"https:\/\/www.thokbikes.com\/wp-content\/uploads\/2023\/11\/DSC01351-scaled.webp","type":"image\/jpeg"}],"twitter_card":"summary_large_image","twitter_misc":{"Est. reading time":"1 minute"},"schema":{"@context":"https:\/\/schema.org","@graph":[{"@type":"WebPage","@id":"https:\/\/www.thokbikes.com\/fr\/negozio\/vetements\/vetements-promotionnels\/thok-d-perf-ss-grey\/","url":"https:\/\/www.thokbikes.com\/fr\/negozio\/vetements\/vetements-promotionnels\/thok-d-perf-ss-grey\/","name":"THOK D-Perf SS Grey - Thok","isPartOf":{"@id":"https:\/\/www.thokbikes.com\/fr\/#website"},"primaryImageOfPage":{"@id":"https:\/\/www.thokbikes.com\/fr\/negozio\/vetements\/vetements-promotionnels\/thok-d-perf-ss-grey\/#primaryimage"},"image":{"@id":"https:\/\/www.thokbikes.com\/fr\/negozio\/vetements\/vetements-promotionnels\/thok-d-perf-ss-grey\/#primaryimage"},"thumbnailUrl":"https:\/\/www.thokbikes.com\/wp-content\/uploads\/2023\/11\/DSC01351-scaled.webp","datePublished":"2023-11-13T10:44:15+00:00","dateModified":"2025-12-12T09:49:53+00:00","breadcrumb":{"@id":"https:\/\/www.thokbikes.com\/fr\/negozio\/vetements\/vetements-promotionnels\/thok-d-perf-ss-grey\/#breadcrumb"},"inLanguage":"fr-FR","potentialAction":[{"@type":"ReadAction","target":["https:\/\/www.thokbikes.com\/fr\/negozio\/vetements\/vetements-promotionnels\/thok-d-perf-ss-grey\/"]}]},{"@type":"ImageObject","inLanguage":"fr-FR","@id":"https:\/\/www.thokbikes.com\/fr\/negozio\/vetements\/vetements-promotionnels\/thok-d-perf-ss-grey\/#primaryimage","url":"https:\/\/www.thokbikes.com\/wp-content\/uploads\/2023\/11\/DSC01351-scaled.webp","contentUrl":"https:\/\/www.thokbikes.com\/wp-content\/uploads\/2023\/11\/DSC01351-scaled.webp","width":2560,"height":2560},{"@type":"BreadcrumbList","@id":"https:\/\/www.thokbikes.com\/fr\/negozio\/vetements\/vetements-promotionnels\/thok-d-perf-ss-grey\/#breadcrumb","itemListElement":[{"@type":"ListItem","position":1,"name":"Home","item":"https:\/\/www.thokbikes.com\/fr\/"},{"@type":"ListItem","position":2,"name":"Shop","item":"https:\/\/www.thokbikes.com\/negozio\/"},{"@type":"ListItem","position":3,"name":"THOK D-Perf SS Grey"}]},{"@type":"WebSite","@id":"https:\/\/www.thokbikes.com\/fr\/#website","url":"https:\/\/www.thokbikes.com\/fr\/","name":"Thok E-bikes","description":"","publisher":{"@id":"https:\/\/www.thokbikes.com\/fr\/#organization"},"potentialAction":[{"@type":"SearchAction","target":{"@type":"EntryPoint","urlTemplate":"https:\/\/www.thokbikes.com\/fr\/?s={search_term_string}"},"query-input":{"@type":"PropertyValueSpecification","valueRequired":true,"valueName":"search_term_string"}}],"inLanguage":"fr-FR"},{"@type":"Organization","@id":"https:\/\/www.thokbikes.com\/fr\/#organization","name":"Thok E-bikes","url":"https:\/\/www.thokbikes.com\/fr\/","logo":{"@type":"ImageObject","inLanguage":"fr-FR","@id":"https:\/\/www.thokbikes.com\/fr\/#\/schema\/logo\/image\/","url":"https:\/\/www.thokbikes.com\/wp-content\/uploads\/2025\/11\/logo-thok-white.png","contentUrl":"https:\/\/www.thokbikes.com\/wp-content\/uploads\/2025\/11\/logo-thok-white.png","width":1920,"height":281,"caption":"Thok E-bikes"},"image":{"@id":"https:\/\/www.thokbikes.com\/fr\/#\/schema\/logo\/image\/"},"sameAs":["https:\/\/www.facebook.com\/thokebikes","https:\/\/www.instagram.com\/thok_ebikes\/","https:\/\/www.youtube.com\/channel\/UC-yfWNxPCJvVdRymE7tA8Ww"]}]}},"_links":{"self":[{"href":"https:\/\/www.thokbikes.com\/fr\/wp-json\/wp\/v2\/product\/14729","targetHints":{"allow":["GET"]}}],"collection":[{"href":"https:\/\/www.thokbikes.com\/fr\/wp-json\/wp\/v2\/product"}],"about":[{"href":"https:\/\/www.thokbikes.com\/fr\/wp-json\/wp\/v2\/types\/product"}],"replies":[{"embeddable":true,"href":"https:\/\/www.thokbikes.com\/fr\/wp-json\/wp\/v2\/comments?post=14729"}],"wp:featuredmedia":[{"embeddable":true,"href":"https:\/\/www.thokbikes.com\/fr\/wp-json\/wp\/v2\/media\/13804"}],"wp:attachment":[{"href":"https:\/\/www.thokbikes.com\/fr\/wp-json\/wp\/v2\/media?parent=14729"}],"wp:term":[{"taxonomy":"product_brand","embeddable":true,"href":"https:\/\/www.thokbikes.com\/fr\/wp-json\/wp\/v2\/product_brand?post=14729"},{"taxonomy":"product_cat","embeddable":true,"href":"https:\/\/www.thokbikes.com\/fr\/wp-json\/wp\/v2\/product_cat?post=14729"},{"taxonomy":"product_tag","embeddable":true,"href":"https:\/\/www.thokbikes.com\/fr\/wp-json\/wp\/v2\/product_tag?post=14729"}],"curies":[{"name":"wp","href":"https:\/\/api.w.org\/{rel}","templated":true}]}}