{"id":18380,"date":"2023-11-13T11:44:02","date_gmt":"2023-11-13T10:44:02","guid":{"rendered":"https:\/\/www.thokbikes.com\/?post_type=product&#038;p=18380"},"modified":"2026-04-09T12:55:48","modified_gmt":"2026-04-09T10:55:48","slug":"couvercle-de-batterie-thok-mig-504wh-noir","status":"publish","type":"product","link":"https:\/\/www.thokbikes.com\/fr\/negozio\/accessoires-et-composants\/batteries-fr\/couvercle-de-batterie-thok-mig-504wh-noir\/","title":{"rendered":"COUVERCLE DE BATTERIE THOK MIG 504Wh NOIR"},"content":{"rendered":"<p>Couvercle pour batterie de 504Wh en couleur noire.<\/p>\n<p>COMPATIBILITE AVEC TOUS LES MODELES THOK MIG AVEC BATTERIE 504WH et syst\u00e8me de fermeture par bande \u00e9lastique.<\/p>\n<p><strong>LA BANDE \u00c9LASTIQUE N&#8217;EST PAS FOURNIE.<\/strong><\/p>\n","protected":false},"excerpt":{"rendered":"<p>Couvercle pour batterie de 504Wh en couleur noire. COMPATIBILITE AVEC TOUS LES MODELES THOK MIG AVEC BATTERIE 504WH et syst\u00e8me de fermeture par bande \u00e9lastique. LA BANDE \u00c9LASTIQUE N&#8217;EST PAS FOURNIE.<\/p>\n","protected":false},"featured_media":18402,"comment_status":"closed","ping_status":"closed","template":"","meta":{"_acf_changed":false},"product_brand":[],"product_cat":[122,70,155],"product_tag":[],"class_list":{"0":"post-18380","1":"product","2":"type-product","3":"status-publish","4":"has-post-thumbnail","6":"product_cat-accessoires-et-composants","7":"product_cat-all-mountain-fr","8":"product_cat-batteries-fr","10":"first","11":"instock","12":"taxable","13":"shipping-taxable","14":"purchasable","15":"product-type-simple"},"acf":[],"yoast_head":"<!-- This site is optimized with the Yoast SEO plugin v27.3 - https:\/\/yoast.com\/product\/yoast-seo-wordpress\/ -->\n<title>COUVERCLE DE BATTERIE THOK MIG 504Wh NOIR - Thok<\/title>\n<meta name=\"description\" content=\"Kit Couverture pour batterie 504Wh de couleur noire. COMPATIBILITE AVEC TOUS LES MODELES THOK MIG AVEC BATTERIE 504WH et syst\u00e8me de fermeture par bande \u00e9lastique.\" \/>\n<meta name=\"robots\" content=\"index, follow, max-snippet:-1, max-image-preview:large, max-video-preview:-1\" \/>\n<link rel=\"canonical\" href=\"https:\/\/www.thokbikes.com\/fr\/negozio\/accessoires-et-composants\/batteries-fr\/couvercle-de-batterie-thok-mig-504wh-noir\/\" \/>\n<meta property=\"og:locale\" content=\"fr_FR\" \/>\n<meta property=\"og:type\" content=\"article\" \/>\n<meta property=\"og:title\" content=\"COUVERCLE DE BATTERIE THOK MIG 504Wh NOIR - Thok\" \/>\n<meta property=\"og:description\" content=\"Kit Couverture pour batterie 504Wh de couleur noire. COMPATIBILITE AVEC TOUS LES MODELES THOK MIG AVEC BATTERIE 504WH et syst\u00e8me de fermeture par bande \u00e9lastique.\" \/>\n<meta property=\"og:url\" content=\"https:\/\/www.thokbikes.com\/fr\/negozio\/accessoires-et-composants\/batteries-fr\/couvercle-de-batterie-thok-mig-504wh-noir\/\" \/>\n<meta property=\"og:site_name\" content=\"Thok\" \/>\n<meta property=\"article:publisher\" content=\"https:\/\/www.facebook.com\/thokebikes\" \/>\n<meta property=\"article:modified_time\" content=\"2026-04-09T10:55:48+00:00\" \/>\n<meta property=\"og:image\" content=\"https:\/\/www.thokbikes.com\/wp-content\/uploads\/2023\/11\/Shop-THOK-COVER-BLK-banda-elastica.jpg\" \/>\n\t<meta property=\"og:image:width\" content=\"1900\" \/>\n\t<meta property=\"og:image:height\" content=\"1900\" \/>\n\t<meta property=\"og:image:type\" content=\"image\/jpeg\" \/>\n<meta name=\"twitter:card\" content=\"summary_large_image\" \/>\n<meta name=\"twitter:label1\" content=\"Est. reading time\" \/>\n\t<meta name=\"twitter:data1\" content=\"1 minute\" \/>\n<script type=\"application\/ld+json\" class=\"yoast-schema-graph\">{\"@context\":\"https:\\\/\\\/schema.org\",\"@graph\":[{\"@type\":\"WebPage\",\"@id\":\"https:\\\/\\\/www.thokbikes.com\\\/fr\\\/negozio\\\/accessoires-et-composants\\\/batteries-fr\\\/couvercle-de-batterie-thok-mig-504wh-noir\\\/\",\"url\":\"https:\\\/\\\/www.thokbikes.com\\\/fr\\\/negozio\\\/accessoires-et-composants\\\/batteries-fr\\\/couvercle-de-batterie-thok-mig-504wh-noir\\\/\",\"name\":\"COUVERCLE DE BATTERIE THOK MIG 504Wh NOIR - Thok\",\"isPartOf\":{\"@id\":\"https:\\\/\\\/www.thokbikes.com\\\/fr\\\/#website\"},\"primaryImageOfPage\":{\"@id\":\"https:\\\/\\\/www.thokbikes.com\\\/fr\\\/negozio\\\/accessoires-et-composants\\\/batteries-fr\\\/couvercle-de-batterie-thok-mig-504wh-noir\\\/#primaryimage\"},\"image\":{\"@id\":\"https:\\\/\\\/www.thokbikes.com\\\/fr\\\/negozio\\\/accessoires-et-composants\\\/batteries-fr\\\/couvercle-de-batterie-thok-mig-504wh-noir\\\/#primaryimage\"},\"thumbnailUrl\":\"https:\\\/\\\/www.thokbikes.com\\\/wp-content\\\/uploads\\\/2023\\\/11\\\/Shop-THOK-COVER-BLK-banda-elastica.jpg\",\"datePublished\":\"2023-11-13T10:44:02+00:00\",\"dateModified\":\"2026-04-09T10:55:48+00:00\",\"description\":\"Kit Couverture pour batterie 504Wh de couleur noire. COMPATIBILITE AVEC TOUS LES MODELES THOK MIG AVEC BATTERIE 504WH et syst\u00e8me de fermeture par bande \u00e9lastique.\",\"breadcrumb\":{\"@id\":\"https:\\\/\\\/www.thokbikes.com\\\/fr\\\/negozio\\\/accessoires-et-composants\\\/batteries-fr\\\/couvercle-de-batterie-thok-mig-504wh-noir\\\/#breadcrumb\"},\"inLanguage\":\"fr-FR\",\"potentialAction\":[{\"@type\":\"ReadAction\",\"target\":[\"https:\\\/\\\/www.thokbikes.com\\\/fr\\\/negozio\\\/accessoires-et-composants\\\/batteries-fr\\\/couvercle-de-batterie-thok-mig-504wh-noir\\\/\"]}]},{\"@type\":\"ImageObject\",\"inLanguage\":\"fr-FR\",\"@id\":\"https:\\\/\\\/www.thokbikes.com\\\/fr\\\/negozio\\\/accessoires-et-composants\\\/batteries-fr\\\/couvercle-de-batterie-thok-mig-504wh-noir\\\/#primaryimage\",\"url\":\"https:\\\/\\\/www.thokbikes.com\\\/wp-content\\\/uploads\\\/2023\\\/11\\\/Shop-THOK-COVER-BLK-banda-elastica.jpg\",\"contentUrl\":\"https:\\\/\\\/www.thokbikes.com\\\/wp-content\\\/uploads\\\/2023\\\/11\\\/Shop-THOK-COVER-BLK-banda-elastica.jpg\",\"width\":1900,\"height\":1900},{\"@type\":\"BreadcrumbList\",\"@id\":\"https:\\\/\\\/www.thokbikes.com\\\/fr\\\/negozio\\\/accessoires-et-composants\\\/batteries-fr\\\/couvercle-de-batterie-thok-mig-504wh-noir\\\/#breadcrumb\",\"itemListElement\":[{\"@type\":\"ListItem\",\"position\":1,\"name\":\"Home\",\"item\":\"https:\\\/\\\/www.thokbikes.com\\\/fr\\\/\"},{\"@type\":\"ListItem\",\"position\":2,\"name\":\"Shop\",\"item\":\"https:\\\/\\\/www.thokbikes.com\\\/negozio\\\/\"},{\"@type\":\"ListItem\",\"position\":3,\"name\":\"COUVERCLE DE BATTERIE THOK MIG 504Wh NOIR\"}]},{\"@type\":\"WebSite\",\"@id\":\"https:\\\/\\\/www.thokbikes.com\\\/fr\\\/#website\",\"url\":\"https:\\\/\\\/www.thokbikes.com\\\/fr\\\/\",\"name\":\"Thok E-bikes\",\"description\":\"\",\"publisher\":{\"@id\":\"https:\\\/\\\/www.thokbikes.com\\\/fr\\\/#organization\"},\"potentialAction\":[{\"@type\":\"SearchAction\",\"target\":{\"@type\":\"EntryPoint\",\"urlTemplate\":\"https:\\\/\\\/www.thokbikes.com\\\/fr\\\/?s={search_term_string}\"},\"query-input\":{\"@type\":\"PropertyValueSpecification\",\"valueRequired\":true,\"valueName\":\"search_term_string\"}}],\"inLanguage\":\"fr-FR\"},{\"@type\":\"Organization\",\"@id\":\"https:\\\/\\\/www.thokbikes.com\\\/fr\\\/#organization\",\"name\":\"Thok E-bikes\",\"url\":\"https:\\\/\\\/www.thokbikes.com\\\/fr\\\/\",\"logo\":{\"@type\":\"ImageObject\",\"inLanguage\":\"fr-FR\",\"@id\":\"https:\\\/\\\/www.thokbikes.com\\\/fr\\\/#\\\/schema\\\/logo\\\/image\\\/\",\"url\":\"https:\\\/\\\/www.thokbikes.com\\\/wp-content\\\/uploads\\\/2025\\\/11\\\/logo-thok-white.png\",\"contentUrl\":\"https:\\\/\\\/www.thokbikes.com\\\/wp-content\\\/uploads\\\/2025\\\/11\\\/logo-thok-white.png\",\"width\":1920,\"height\":281,\"caption\":\"Thok E-bikes\"},\"image\":{\"@id\":\"https:\\\/\\\/www.thokbikes.com\\\/fr\\\/#\\\/schema\\\/logo\\\/image\\\/\"},\"sameAs\":[\"https:\\\/\\\/www.facebook.com\\\/thokebikes\",\"https:\\\/\\\/www.instagram.com\\\/thok_ebikes\\\/\",\"https:\\\/\\\/www.youtube.com\\\/channel\\\/UC-yfWNxPCJvVdRymE7tA8Ww\"]}]}<\/script>\n<!-- \/ Yoast SEO plugin. -->","yoast_head_json":{"title":"COUVERCLE DE BATTERIE THOK MIG 504Wh NOIR - Thok","description":"Kit Couverture pour batterie 504Wh de couleur noire. COMPATIBILITE AVEC TOUS LES MODELES THOK MIG AVEC BATTERIE 504WH et syst\u00e8me de fermeture par bande \u00e9lastique.","robots":{"index":"index","follow":"follow","max-snippet":"max-snippet:-1","max-image-preview":"max-image-preview:large","max-video-preview":"max-video-preview:-1"},"canonical":"https:\/\/www.thokbikes.com\/fr\/negozio\/accessoires-et-composants\/batteries-fr\/couvercle-de-batterie-thok-mig-504wh-noir\/","og_locale":"fr_FR","og_type":"article","og_title":"COUVERCLE DE BATTERIE THOK MIG 504Wh NOIR - Thok","og_description":"Kit Couverture pour batterie 504Wh de couleur noire. COMPATIBILITE AVEC TOUS LES MODELES THOK MIG AVEC BATTERIE 504WH et syst\u00e8me de fermeture par bande \u00e9lastique.","og_url":"https:\/\/www.thokbikes.com\/fr\/negozio\/accessoires-et-composants\/batteries-fr\/couvercle-de-batterie-thok-mig-504wh-noir\/","og_site_name":"Thok","article_publisher":"https:\/\/www.facebook.com\/thokebikes","article_modified_time":"2026-04-09T10:55:48+00:00","og_image":[{"width":1900,"height":1900,"url":"https:\/\/www.thokbikes.com\/wp-content\/uploads\/2023\/11\/Shop-THOK-COVER-BLK-banda-elastica.jpg","type":"image\/jpeg"}],"twitter_card":"summary_large_image","twitter_misc":{"Est. reading time":"1 minute"},"schema":{"@context":"https:\/\/schema.org","@graph":[{"@type":"WebPage","@id":"https:\/\/www.thokbikes.com\/fr\/negozio\/accessoires-et-composants\/batteries-fr\/couvercle-de-batterie-thok-mig-504wh-noir\/","url":"https:\/\/www.thokbikes.com\/fr\/negozio\/accessoires-et-composants\/batteries-fr\/couvercle-de-batterie-thok-mig-504wh-noir\/","name":"COUVERCLE DE BATTERIE THOK MIG 504Wh NOIR - Thok","isPartOf":{"@id":"https:\/\/www.thokbikes.com\/fr\/#website"},"primaryImageOfPage":{"@id":"https:\/\/www.thokbikes.com\/fr\/negozio\/accessoires-et-composants\/batteries-fr\/couvercle-de-batterie-thok-mig-504wh-noir\/#primaryimage"},"image":{"@id":"https:\/\/www.thokbikes.com\/fr\/negozio\/accessoires-et-composants\/batteries-fr\/couvercle-de-batterie-thok-mig-504wh-noir\/#primaryimage"},"thumbnailUrl":"https:\/\/www.thokbikes.com\/wp-content\/uploads\/2023\/11\/Shop-THOK-COVER-BLK-banda-elastica.jpg","datePublished":"2023-11-13T10:44:02+00:00","dateModified":"2026-04-09T10:55:48+00:00","description":"Kit Couverture pour batterie 504Wh de couleur noire. COMPATIBILITE AVEC TOUS LES MODELES THOK MIG AVEC BATTERIE 504WH et syst\u00e8me de fermeture par bande \u00e9lastique.","breadcrumb":{"@id":"https:\/\/www.thokbikes.com\/fr\/negozio\/accessoires-et-composants\/batteries-fr\/couvercle-de-batterie-thok-mig-504wh-noir\/#breadcrumb"},"inLanguage":"fr-FR","potentialAction":[{"@type":"ReadAction","target":["https:\/\/www.thokbikes.com\/fr\/negozio\/accessoires-et-composants\/batteries-fr\/couvercle-de-batterie-thok-mig-504wh-noir\/"]}]},{"@type":"ImageObject","inLanguage":"fr-FR","@id":"https:\/\/www.thokbikes.com\/fr\/negozio\/accessoires-et-composants\/batteries-fr\/couvercle-de-batterie-thok-mig-504wh-noir\/#primaryimage","url":"https:\/\/www.thokbikes.com\/wp-content\/uploads\/2023\/11\/Shop-THOK-COVER-BLK-banda-elastica.jpg","contentUrl":"https:\/\/www.thokbikes.com\/wp-content\/uploads\/2023\/11\/Shop-THOK-COVER-BLK-banda-elastica.jpg","width":1900,"height":1900},{"@type":"BreadcrumbList","@id":"https:\/\/www.thokbikes.com\/fr\/negozio\/accessoires-et-composants\/batteries-fr\/couvercle-de-batterie-thok-mig-504wh-noir\/#breadcrumb","itemListElement":[{"@type":"ListItem","position":1,"name":"Home","item":"https:\/\/www.thokbikes.com\/fr\/"},{"@type":"ListItem","position":2,"name":"Shop","item":"https:\/\/www.thokbikes.com\/negozio\/"},{"@type":"ListItem","position":3,"name":"COUVERCLE DE BATTERIE THOK MIG 504Wh NOIR"}]},{"@type":"WebSite","@id":"https:\/\/www.thokbikes.com\/fr\/#website","url":"https:\/\/www.thokbikes.com\/fr\/","name":"Thok E-bikes","description":"","publisher":{"@id":"https:\/\/www.thokbikes.com\/fr\/#organization"},"potentialAction":[{"@type":"SearchAction","target":{"@type":"EntryPoint","urlTemplate":"https:\/\/www.thokbikes.com\/fr\/?s={search_term_string}"},"query-input":{"@type":"PropertyValueSpecification","valueRequired":true,"valueName":"search_term_string"}}],"inLanguage":"fr-FR"},{"@type":"Organization","@id":"https:\/\/www.thokbikes.com\/fr\/#organization","name":"Thok E-bikes","url":"https:\/\/www.thokbikes.com\/fr\/","logo":{"@type":"ImageObject","inLanguage":"fr-FR","@id":"https:\/\/www.thokbikes.com\/fr\/#\/schema\/logo\/image\/","url":"https:\/\/www.thokbikes.com\/wp-content\/uploads\/2025\/11\/logo-thok-white.png","contentUrl":"https:\/\/www.thokbikes.com\/wp-content\/uploads\/2025\/11\/logo-thok-white.png","width":1920,"height":281,"caption":"Thok E-bikes"},"image":{"@id":"https:\/\/www.thokbikes.com\/fr\/#\/schema\/logo\/image\/"},"sameAs":["https:\/\/www.facebook.com\/thokebikes","https:\/\/www.instagram.com\/thok_ebikes\/","https:\/\/www.youtube.com\/channel\/UC-yfWNxPCJvVdRymE7tA8Ww"]}]}},"_links":{"self":[{"href":"https:\/\/www.thokbikes.com\/fr\/wp-json\/wp\/v2\/product\/18380","targetHints":{"allow":["GET"]}}],"collection":[{"href":"https:\/\/www.thokbikes.com\/fr\/wp-json\/wp\/v2\/product"}],"about":[{"href":"https:\/\/www.thokbikes.com\/fr\/wp-json\/wp\/v2\/types\/product"}],"replies":[{"embeddable":true,"href":"https:\/\/www.thokbikes.com\/fr\/wp-json\/wp\/v2\/comments?post=18380"}],"wp:featuredmedia":[{"embeddable":true,"href":"https:\/\/www.thokbikes.com\/fr\/wp-json\/wp\/v2\/media\/18402"}],"wp:attachment":[{"href":"https:\/\/www.thokbikes.com\/fr\/wp-json\/wp\/v2\/media?parent=18380"}],"wp:term":[{"taxonomy":"product_brand","embeddable":true,"href":"https:\/\/www.thokbikes.com\/fr\/wp-json\/wp\/v2\/product_brand?post=18380"},{"taxonomy":"product_cat","embeddable":true,"href":"https:\/\/www.thokbikes.com\/fr\/wp-json\/wp\/v2\/product_cat?post=18380"},{"taxonomy":"product_tag","embeddable":true,"href":"https:\/\/www.thokbikes.com\/fr\/wp-json\/wp\/v2\/product_tag?post=18380"}],"curies":[{"name":"wp","href":"https:\/\/api.w.org\/{rel}","templated":true}]}}