{"id":18551,"date":"2024-07-11T06:13:07","date_gmt":"2024-07-11T04:13:07","guid":{"rendered":"https:\/\/www.thokbikes.com\/?post_type=product&#038;p=18551"},"modified":"2026-01-13T11:35:01","modified_gmt":"2026-01-13T10:35:01","slug":"schwalbe-pneu-big-betty-27-5x2-6","status":"publish","type":"product","link":"https:\/\/www.thokbikes.com\/fr\/negozio\/accessoires-et-composants\/wheels-fr\/schwalbe-pneu-big-betty-27-5x2-6\/","title":{"rendered":"PNEU SCHWALBE BIG BETTY 27.5X2.6"},"content":{"rendered":"<p>Taille : 27.5&#215;2.60 \/ 650B<\/p>\n<p>PR\u00caT POUR L&#8217;E-BIKE<\/p>\n<p>Ces pneus sont optimis\u00e9s pour des contraintes et des vitesses moyennes plus \u00e9lev\u00e9es que les pneus conventionnels.<br \/>\nLe meilleur de Schwalbe, extr\u00eamement rapide, l\u00e9ger et avec une excellente durabilit\u00e9. Le premier choix pour les athl\u00e8tes ambitieux.<\/p>\n","protected":false},"excerpt":{"rendered":"<p>Taille : 27.5&#215;2.60 \/ 650B PR\u00caT POUR L&#8217;E-BIKE Ces pneus sont optimis\u00e9s pour des contraintes et des vitesses moyennes plus \u00e9lev\u00e9es que les pneus conventionnels. Le meilleur de Schwalbe, extr\u00eamement rapide, l\u00e9ger et avec une excellente durabilit\u00e9. Le premier choix pour les athl\u00e8tes ambitieux.<\/p>\n","protected":false},"featured_media":18513,"comment_status":"closed","ping_status":"closed","template":"","meta":{"_acf_changed":false},"product_brand":[],"product_cat":[122,70,129,288,134],"product_tag":[],"class_list":{"0":"post-18551","1":"product","2":"type-product","3":"status-publish","4":"has-post-thumbnail","6":"product_cat-accessoires-et-composants","7":"product_cat-all-mountain-fr","8":"product_cat-enduro-fr","9":"product_cat-sales","10":"product_cat-wheels-fr","12":"first","13":"outofstock","14":"taxable","15":"shipping-taxable","16":"purchasable","17":"product-type-simple"},"acf":[],"yoast_head":"<!-- This site is optimized with the Yoast SEO plugin v27.3 - https:\/\/yoast.com\/product\/yoast-seo-wordpress\/ -->\n<title>PNEU SCHWALBE BIG BETTY 27.5X2.6 - Thok<\/title>\n<meta name=\"description\" content=\"Taille : 27.5x2.60 \/ 650B. Ces pneus sont optimis\u00e9s pour des contraintes et des vitesses moyennes plus \u00e9lev\u00e9es que les pneus conventionnels.Le meilleur de Schwalbe, extr\u00eamement rapide, l\u00e9ger et avec une excellente durabilit\u00e9. Le premier choix pour les athl\u00e8tes ambitieux.\" \/>\n<meta name=\"robots\" content=\"index, follow, max-snippet:-1, max-image-preview:large, max-video-preview:-1\" \/>\n<link rel=\"canonical\" href=\"https:\/\/www.thokbikes.com\/fr\/negozio\/accessoires-et-composants\/wheels-fr\/schwalbe-pneu-big-betty-27-5x2-6\/\" \/>\n<meta property=\"og:locale\" content=\"fr_FR\" \/>\n<meta property=\"og:type\" content=\"article\" \/>\n<meta property=\"og:title\" content=\"PNEU SCHWALBE BIG BETTY 27.5X2.6 - Thok\" \/>\n<meta property=\"og:description\" content=\"Taille : 27.5x2.60 \/ 650B. Ces pneus sont optimis\u00e9s pour des contraintes et des vitesses moyennes plus \u00e9lev\u00e9es que les pneus conventionnels.Le meilleur de Schwalbe, extr\u00eamement rapide, l\u00e9ger et avec une excellente durabilit\u00e9. Le premier choix pour les athl\u00e8tes ambitieux.\" \/>\n<meta property=\"og:url\" content=\"https:\/\/www.thokbikes.com\/fr\/negozio\/accessoires-et-composants\/wheels-fr\/schwalbe-pneu-big-betty-27-5x2-6\/\" \/>\n<meta property=\"og:site_name\" content=\"Thok\" \/>\n<meta property=\"article:publisher\" content=\"https:\/\/www.facebook.com\/thokebikes\" \/>\n<meta property=\"article:modified_time\" content=\"2026-01-13T10:35:01+00:00\" \/>\n<meta property=\"og:image\" content=\"https:\/\/www.thokbikes.com\/wp-content\/uploads\/2024\/07\/Shop-SCHWALBE-BIG-BETTY.jpg\" \/>\n\t<meta property=\"og:image:width\" content=\"1900\" \/>\n\t<meta property=\"og:image:height\" content=\"1900\" \/>\n\t<meta property=\"og:image:type\" content=\"image\/jpeg\" \/>\n<meta name=\"twitter:card\" content=\"summary_large_image\" \/>\n<meta name=\"twitter:label1\" content=\"Est. reading time\" \/>\n\t<meta name=\"twitter:data1\" content=\"1 minute\" \/>\n<script type=\"application\/ld+json\" class=\"yoast-schema-graph\">{\"@context\":\"https:\\\/\\\/schema.org\",\"@graph\":[{\"@type\":\"WebPage\",\"@id\":\"https:\\\/\\\/www.thokbikes.com\\\/fr\\\/negozio\\\/accessoires-et-composants\\\/wheels-fr\\\/schwalbe-pneu-big-betty-27-5x2-6\\\/\",\"url\":\"https:\\\/\\\/www.thokbikes.com\\\/fr\\\/negozio\\\/accessoires-et-composants\\\/wheels-fr\\\/schwalbe-pneu-big-betty-27-5x2-6\\\/\",\"name\":\"PNEU SCHWALBE BIG BETTY 27.5X2.6 - Thok\",\"isPartOf\":{\"@id\":\"https:\\\/\\\/www.thokbikes.com\\\/fr\\\/#website\"},\"primaryImageOfPage\":{\"@id\":\"https:\\\/\\\/www.thokbikes.com\\\/fr\\\/negozio\\\/accessoires-et-composants\\\/wheels-fr\\\/schwalbe-pneu-big-betty-27-5x2-6\\\/#primaryimage\"},\"image\":{\"@id\":\"https:\\\/\\\/www.thokbikes.com\\\/fr\\\/negozio\\\/accessoires-et-composants\\\/wheels-fr\\\/schwalbe-pneu-big-betty-27-5x2-6\\\/#primaryimage\"},\"thumbnailUrl\":\"https:\\\/\\\/www.thokbikes.com\\\/wp-content\\\/uploads\\\/2024\\\/07\\\/Shop-SCHWALBE-BIG-BETTY.jpg\",\"datePublished\":\"2024-07-11T04:13:07+00:00\",\"dateModified\":\"2026-01-13T10:35:01+00:00\",\"description\":\"Taille : 27.5x2.60 \\\/ 650B. Ces pneus sont optimis\u00e9s pour des contraintes et des vitesses moyennes plus \u00e9lev\u00e9es que les pneus conventionnels.Le meilleur de Schwalbe, extr\u00eamement rapide, l\u00e9ger et avec une excellente durabilit\u00e9. Le premier choix pour les athl\u00e8tes ambitieux.\",\"breadcrumb\":{\"@id\":\"https:\\\/\\\/www.thokbikes.com\\\/fr\\\/negozio\\\/accessoires-et-composants\\\/wheels-fr\\\/schwalbe-pneu-big-betty-27-5x2-6\\\/#breadcrumb\"},\"inLanguage\":\"fr-FR\",\"potentialAction\":[{\"@type\":\"ReadAction\",\"target\":[\"https:\\\/\\\/www.thokbikes.com\\\/fr\\\/negozio\\\/accessoires-et-composants\\\/wheels-fr\\\/schwalbe-pneu-big-betty-27-5x2-6\\\/\"]}]},{\"@type\":\"ImageObject\",\"inLanguage\":\"fr-FR\",\"@id\":\"https:\\\/\\\/www.thokbikes.com\\\/fr\\\/negozio\\\/accessoires-et-composants\\\/wheels-fr\\\/schwalbe-pneu-big-betty-27-5x2-6\\\/#primaryimage\",\"url\":\"https:\\\/\\\/www.thokbikes.com\\\/wp-content\\\/uploads\\\/2024\\\/07\\\/Shop-SCHWALBE-BIG-BETTY.jpg\",\"contentUrl\":\"https:\\\/\\\/www.thokbikes.com\\\/wp-content\\\/uploads\\\/2024\\\/07\\\/Shop-SCHWALBE-BIG-BETTY.jpg\",\"width\":1900,\"height\":1900},{\"@type\":\"BreadcrumbList\",\"@id\":\"https:\\\/\\\/www.thokbikes.com\\\/fr\\\/negozio\\\/accessoires-et-composants\\\/wheels-fr\\\/schwalbe-pneu-big-betty-27-5x2-6\\\/#breadcrumb\",\"itemListElement\":[{\"@type\":\"ListItem\",\"position\":1,\"name\":\"Home\",\"item\":\"https:\\\/\\\/www.thokbikes.com\\\/fr\\\/\"},{\"@type\":\"ListItem\",\"position\":2,\"name\":\"Shop\",\"item\":\"https:\\\/\\\/www.thokbikes.com\\\/negozio\\\/\"},{\"@type\":\"ListItem\",\"position\":3,\"name\":\"PNEU SCHWALBE BIG BETTY 27.5X2.6\"}]},{\"@type\":\"WebSite\",\"@id\":\"https:\\\/\\\/www.thokbikes.com\\\/fr\\\/#website\",\"url\":\"https:\\\/\\\/www.thokbikes.com\\\/fr\\\/\",\"name\":\"Thok E-bikes\",\"description\":\"\",\"publisher\":{\"@id\":\"https:\\\/\\\/www.thokbikes.com\\\/fr\\\/#organization\"},\"potentialAction\":[{\"@type\":\"SearchAction\",\"target\":{\"@type\":\"EntryPoint\",\"urlTemplate\":\"https:\\\/\\\/www.thokbikes.com\\\/fr\\\/?s={search_term_string}\"},\"query-input\":{\"@type\":\"PropertyValueSpecification\",\"valueRequired\":true,\"valueName\":\"search_term_string\"}}],\"inLanguage\":\"fr-FR\"},{\"@type\":\"Organization\",\"@id\":\"https:\\\/\\\/www.thokbikes.com\\\/fr\\\/#organization\",\"name\":\"Thok E-bikes\",\"url\":\"https:\\\/\\\/www.thokbikes.com\\\/fr\\\/\",\"logo\":{\"@type\":\"ImageObject\",\"inLanguage\":\"fr-FR\",\"@id\":\"https:\\\/\\\/www.thokbikes.com\\\/fr\\\/#\\\/schema\\\/logo\\\/image\\\/\",\"url\":\"https:\\\/\\\/www.thokbikes.com\\\/wp-content\\\/uploads\\\/2025\\\/11\\\/logo-thok-white.png\",\"contentUrl\":\"https:\\\/\\\/www.thokbikes.com\\\/wp-content\\\/uploads\\\/2025\\\/11\\\/logo-thok-white.png\",\"width\":1920,\"height\":281,\"caption\":\"Thok E-bikes\"},\"image\":{\"@id\":\"https:\\\/\\\/www.thokbikes.com\\\/fr\\\/#\\\/schema\\\/logo\\\/image\\\/\"},\"sameAs\":[\"https:\\\/\\\/www.facebook.com\\\/thokebikes\",\"https:\\\/\\\/www.instagram.com\\\/thok_ebikes\\\/\",\"https:\\\/\\\/www.youtube.com\\\/channel\\\/UC-yfWNxPCJvVdRymE7tA8Ww\"]}]}<\/script>\n<!-- \/ Yoast SEO plugin. -->","yoast_head_json":{"title":"PNEU SCHWALBE BIG BETTY 27.5X2.6 - Thok","description":"Taille : 27.5x2.60 \/ 650B. Ces pneus sont optimis\u00e9s pour des contraintes et des vitesses moyennes plus \u00e9lev\u00e9es que les pneus conventionnels.Le meilleur de Schwalbe, extr\u00eamement rapide, l\u00e9ger et avec une excellente durabilit\u00e9. Le premier choix pour les athl\u00e8tes ambitieux.","robots":{"index":"index","follow":"follow","max-snippet":"max-snippet:-1","max-image-preview":"max-image-preview:large","max-video-preview":"max-video-preview:-1"},"canonical":"https:\/\/www.thokbikes.com\/fr\/negozio\/accessoires-et-composants\/wheels-fr\/schwalbe-pneu-big-betty-27-5x2-6\/","og_locale":"fr_FR","og_type":"article","og_title":"PNEU SCHWALBE BIG BETTY 27.5X2.6 - Thok","og_description":"Taille : 27.5x2.60 \/ 650B. Ces pneus sont optimis\u00e9s pour des contraintes et des vitesses moyennes plus \u00e9lev\u00e9es que les pneus conventionnels.Le meilleur de Schwalbe, extr\u00eamement rapide, l\u00e9ger et avec une excellente durabilit\u00e9. Le premier choix pour les athl\u00e8tes ambitieux.","og_url":"https:\/\/www.thokbikes.com\/fr\/negozio\/accessoires-et-composants\/wheels-fr\/schwalbe-pneu-big-betty-27-5x2-6\/","og_site_name":"Thok","article_publisher":"https:\/\/www.facebook.com\/thokebikes","article_modified_time":"2026-01-13T10:35:01+00:00","og_image":[{"width":1900,"height":1900,"url":"https:\/\/www.thokbikes.com\/wp-content\/uploads\/2024\/07\/Shop-SCHWALBE-BIG-BETTY.jpg","type":"image\/jpeg"}],"twitter_card":"summary_large_image","twitter_misc":{"Est. reading time":"1 minute"},"schema":{"@context":"https:\/\/schema.org","@graph":[{"@type":"WebPage","@id":"https:\/\/www.thokbikes.com\/fr\/negozio\/accessoires-et-composants\/wheels-fr\/schwalbe-pneu-big-betty-27-5x2-6\/","url":"https:\/\/www.thokbikes.com\/fr\/negozio\/accessoires-et-composants\/wheels-fr\/schwalbe-pneu-big-betty-27-5x2-6\/","name":"PNEU SCHWALBE BIG BETTY 27.5X2.6 - Thok","isPartOf":{"@id":"https:\/\/www.thokbikes.com\/fr\/#website"},"primaryImageOfPage":{"@id":"https:\/\/www.thokbikes.com\/fr\/negozio\/accessoires-et-composants\/wheels-fr\/schwalbe-pneu-big-betty-27-5x2-6\/#primaryimage"},"image":{"@id":"https:\/\/www.thokbikes.com\/fr\/negozio\/accessoires-et-composants\/wheels-fr\/schwalbe-pneu-big-betty-27-5x2-6\/#primaryimage"},"thumbnailUrl":"https:\/\/www.thokbikes.com\/wp-content\/uploads\/2024\/07\/Shop-SCHWALBE-BIG-BETTY.jpg","datePublished":"2024-07-11T04:13:07+00:00","dateModified":"2026-01-13T10:35:01+00:00","description":"Taille : 27.5x2.60 \/ 650B. Ces pneus sont optimis\u00e9s pour des contraintes et des vitesses moyennes plus \u00e9lev\u00e9es que les pneus conventionnels.Le meilleur de Schwalbe, extr\u00eamement rapide, l\u00e9ger et avec une excellente durabilit\u00e9. Le premier choix pour les athl\u00e8tes ambitieux.","breadcrumb":{"@id":"https:\/\/www.thokbikes.com\/fr\/negozio\/accessoires-et-composants\/wheels-fr\/schwalbe-pneu-big-betty-27-5x2-6\/#breadcrumb"},"inLanguage":"fr-FR","potentialAction":[{"@type":"ReadAction","target":["https:\/\/www.thokbikes.com\/fr\/negozio\/accessoires-et-composants\/wheels-fr\/schwalbe-pneu-big-betty-27-5x2-6\/"]}]},{"@type":"ImageObject","inLanguage":"fr-FR","@id":"https:\/\/www.thokbikes.com\/fr\/negozio\/accessoires-et-composants\/wheels-fr\/schwalbe-pneu-big-betty-27-5x2-6\/#primaryimage","url":"https:\/\/www.thokbikes.com\/wp-content\/uploads\/2024\/07\/Shop-SCHWALBE-BIG-BETTY.jpg","contentUrl":"https:\/\/www.thokbikes.com\/wp-content\/uploads\/2024\/07\/Shop-SCHWALBE-BIG-BETTY.jpg","width":1900,"height":1900},{"@type":"BreadcrumbList","@id":"https:\/\/www.thokbikes.com\/fr\/negozio\/accessoires-et-composants\/wheels-fr\/schwalbe-pneu-big-betty-27-5x2-6\/#breadcrumb","itemListElement":[{"@type":"ListItem","position":1,"name":"Home","item":"https:\/\/www.thokbikes.com\/fr\/"},{"@type":"ListItem","position":2,"name":"Shop","item":"https:\/\/www.thokbikes.com\/negozio\/"},{"@type":"ListItem","position":3,"name":"PNEU SCHWALBE BIG BETTY 27.5X2.6"}]},{"@type":"WebSite","@id":"https:\/\/www.thokbikes.com\/fr\/#website","url":"https:\/\/www.thokbikes.com\/fr\/","name":"Thok E-bikes","description":"","publisher":{"@id":"https:\/\/www.thokbikes.com\/fr\/#organization"},"potentialAction":[{"@type":"SearchAction","target":{"@type":"EntryPoint","urlTemplate":"https:\/\/www.thokbikes.com\/fr\/?s={search_term_string}"},"query-input":{"@type":"PropertyValueSpecification","valueRequired":true,"valueName":"search_term_string"}}],"inLanguage":"fr-FR"},{"@type":"Organization","@id":"https:\/\/www.thokbikes.com\/fr\/#organization","name":"Thok E-bikes","url":"https:\/\/www.thokbikes.com\/fr\/","logo":{"@type":"ImageObject","inLanguage":"fr-FR","@id":"https:\/\/www.thokbikes.com\/fr\/#\/schema\/logo\/image\/","url":"https:\/\/www.thokbikes.com\/wp-content\/uploads\/2025\/11\/logo-thok-white.png","contentUrl":"https:\/\/www.thokbikes.com\/wp-content\/uploads\/2025\/11\/logo-thok-white.png","width":1920,"height":281,"caption":"Thok E-bikes"},"image":{"@id":"https:\/\/www.thokbikes.com\/fr\/#\/schema\/logo\/image\/"},"sameAs":["https:\/\/www.facebook.com\/thokebikes","https:\/\/www.instagram.com\/thok_ebikes\/","https:\/\/www.youtube.com\/channel\/UC-yfWNxPCJvVdRymE7tA8Ww"]}]}},"_links":{"self":[{"href":"https:\/\/www.thokbikes.com\/fr\/wp-json\/wp\/v2\/product\/18551","targetHints":{"allow":["GET"]}}],"collection":[{"href":"https:\/\/www.thokbikes.com\/fr\/wp-json\/wp\/v2\/product"}],"about":[{"href":"https:\/\/www.thokbikes.com\/fr\/wp-json\/wp\/v2\/types\/product"}],"replies":[{"embeddable":true,"href":"https:\/\/www.thokbikes.com\/fr\/wp-json\/wp\/v2\/comments?post=18551"}],"wp:featuredmedia":[{"embeddable":true,"href":"https:\/\/www.thokbikes.com\/fr\/wp-json\/wp\/v2\/media\/18513"}],"wp:attachment":[{"href":"https:\/\/www.thokbikes.com\/fr\/wp-json\/wp\/v2\/media?parent=18551"}],"wp:term":[{"taxonomy":"product_brand","embeddable":true,"href":"https:\/\/www.thokbikes.com\/fr\/wp-json\/wp\/v2\/product_brand?post=18551"},{"taxonomy":"product_cat","embeddable":true,"href":"https:\/\/www.thokbikes.com\/fr\/wp-json\/wp\/v2\/product_cat?post=18551"},{"taxonomy":"product_tag","embeddable":true,"href":"https:\/\/www.thokbikes.com\/fr\/wp-json\/wp\/v2\/product_tag?post=18551"}],"curies":[{"name":"wp","href":"https:\/\/api.w.org\/{rel}","templated":true}]}}