{"id":19005,"date":"2024-07-19T06:13:11","date_gmt":"2024-07-19T04:13:11","guid":{"rendered":"https:\/\/www.thokbikes.com\/prodotto\/rockshox-maxle-lite-boost-steckachse-15x110mm\/"},"modified":"2024-08-06T09:44:56","modified_gmt":"2024-08-06T07:44:56","slug":"rockshox-maxle-lite-boost-steckachse-15x110mm","status":"publish","type":"product","link":"https:\/\/www.thokbikes.com\/fr\/negozio\/accessoires-et-composants\/frame-fr\/rockshox-maxle-lite-boost-steckachse-15x110mm\/","title":{"rendered":"RockShox Maxle Lite Boost Thru Axle &#8211; 15x110mm"},"content":{"rendered":"<p>Le Maxle Lite Boost sans outil apporte une rigidit\u00e9 et une durabilit\u00e9 exceptionnelles \u00e0 votre conduite dans l\u2019un des syst\u00e8mes d\u2019essieux traversants 15&#215;110 mm les plus l\u00e9gers et faciles \u00e0 utiliser du march\u00e9.<\/p>\n","protected":false},"excerpt":{"rendered":"<p>Le Maxle Lite Boost sans outil apporte une rigidit\u00e9 et une durabilit\u00e9 exceptionnelles \u00e0 votre conduite dans l\u2019un des syst\u00e8mes d\u2019essieux traversants 15&#215;110 mm les plus l\u00e9gers et faciles \u00e0 utiliser du march\u00e9.<\/p>\n","protected":false},"featured_media":18992,"comment_status":"closed","ping_status":"closed","template":"","meta":{"_acf_changed":false},"product_brand":[],"product_cat":[122,121,158],"product_tag":[],"class_list":{"0":"post-19005","1":"product","2":"type-product","3":"status-publish","4":"has-post-thumbnail","6":"product_cat-accessoires-et-composants","7":"product_cat-frame-fr","8":"product_cat-suspensions-fr","10":"first","11":"instock","12":"taxable","13":"shipping-taxable","14":"purchasable","15":"product-type-simple"},"acf":[],"yoast_head":"<!-- This site is optimized with the Yoast SEO plugin v27.3 - https:\/\/yoast.com\/product\/yoast-seo-wordpress\/ -->\n<title>RockShox Maxle Lite Boost Thru Axle - 15x110mm - Thok<\/title>\n<meta name=\"description\" content=\"Le Maxle Lite Boost sans outil apporte une rigidit\u00e9 et une durabilit\u00e9 exceptionnelles \u00e0 votre conduite dans l\u2019un des syst\u00e8mes d\u2019essieux traversants 15x110 mm les plus l\u00e9gers et faciles \u00e0 utiliser du march\u00e9.\" \/>\n<meta name=\"robots\" content=\"index, follow, max-snippet:-1, max-image-preview:large, max-video-preview:-1\" \/>\n<link rel=\"canonical\" href=\"https:\/\/www.thokbikes.com\/fr\/negozio\/accessoires-et-composants\/frame-fr\/rockshox-maxle-lite-boost-steckachse-15x110mm\/\" \/>\n<meta property=\"og:locale\" content=\"fr_FR\" \/>\n<meta property=\"og:type\" content=\"article\" \/>\n<meta property=\"og:title\" content=\"RockShox Maxle Lite Boost Thru Axle - 15x110mm - Thok\" \/>\n<meta property=\"og:description\" content=\"Le Maxle Lite Boost sans outil apporte une rigidit\u00e9 et une durabilit\u00e9 exceptionnelles \u00e0 votre conduite dans l\u2019un des syst\u00e8mes d\u2019essieux traversants 15x110 mm les plus l\u00e9gers et faciles \u00e0 utiliser du march\u00e9.\" \/>\n<meta property=\"og:url\" content=\"https:\/\/www.thokbikes.com\/fr\/negozio\/accessoires-et-composants\/frame-fr\/rockshox-maxle-lite-boost-steckachse-15x110mm\/\" \/>\n<meta property=\"og:site_name\" content=\"Thok\" \/>\n<meta property=\"article:publisher\" content=\"https:\/\/www.facebook.com\/thokebikes\" \/>\n<meta property=\"article:modified_time\" content=\"2024-08-06T07:44:56+00:00\" \/>\n<meta property=\"og:image\" content=\"https:\/\/www.thokbikes.com\/wp-content\/uploads\/2024\/08\/Shop-PERNO-RUOTA-ANT-1-SRAM.jpg\" \/>\n\t<meta property=\"og:image:width\" content=\"1900\" \/>\n\t<meta property=\"og:image:height\" content=\"1900\" \/>\n\t<meta property=\"og:image:type\" content=\"image\/jpeg\" \/>\n<meta name=\"twitter:card\" content=\"summary_large_image\" \/>\n<meta name=\"twitter:label1\" content=\"Est. reading time\" \/>\n\t<meta name=\"twitter:data1\" content=\"1 minute\" \/>\n<script type=\"application\/ld+json\" class=\"yoast-schema-graph\">{\"@context\":\"https:\\\/\\\/schema.org\",\"@graph\":[{\"@type\":\"WebPage\",\"@id\":\"https:\\\/\\\/www.thokbikes.com\\\/fr\\\/negozio\\\/accessoires-et-composants\\\/frame-fr\\\/rockshox-maxle-lite-boost-steckachse-15x110mm\\\/\",\"url\":\"https:\\\/\\\/www.thokbikes.com\\\/fr\\\/negozio\\\/accessoires-et-composants\\\/frame-fr\\\/rockshox-maxle-lite-boost-steckachse-15x110mm\\\/\",\"name\":\"RockShox Maxle Lite Boost Thru Axle - 15x110mm - Thok\",\"isPartOf\":{\"@id\":\"https:\\\/\\\/www.thokbikes.com\\\/fr\\\/#website\"},\"primaryImageOfPage\":{\"@id\":\"https:\\\/\\\/www.thokbikes.com\\\/fr\\\/negozio\\\/accessoires-et-composants\\\/frame-fr\\\/rockshox-maxle-lite-boost-steckachse-15x110mm\\\/#primaryimage\"},\"image\":{\"@id\":\"https:\\\/\\\/www.thokbikes.com\\\/fr\\\/negozio\\\/accessoires-et-composants\\\/frame-fr\\\/rockshox-maxle-lite-boost-steckachse-15x110mm\\\/#primaryimage\"},\"thumbnailUrl\":\"https:\\\/\\\/www.thokbikes.com\\\/wp-content\\\/uploads\\\/2024\\\/08\\\/Shop-PERNO-RUOTA-ANT-1-SRAM.jpg\",\"datePublished\":\"2024-07-19T04:13:11+00:00\",\"dateModified\":\"2024-08-06T07:44:56+00:00\",\"description\":\"Le Maxle Lite Boost sans outil apporte une rigidit\u00e9 et une durabilit\u00e9 exceptionnelles \u00e0 votre conduite dans l\u2019un des syst\u00e8mes d\u2019essieux traversants 15x110 mm les plus l\u00e9gers et faciles \u00e0 utiliser du march\u00e9.\",\"breadcrumb\":{\"@id\":\"https:\\\/\\\/www.thokbikes.com\\\/fr\\\/negozio\\\/accessoires-et-composants\\\/frame-fr\\\/rockshox-maxle-lite-boost-steckachse-15x110mm\\\/#breadcrumb\"},\"inLanguage\":\"fr-FR\",\"potentialAction\":[{\"@type\":\"ReadAction\",\"target\":[\"https:\\\/\\\/www.thokbikes.com\\\/fr\\\/negozio\\\/accessoires-et-composants\\\/frame-fr\\\/rockshox-maxle-lite-boost-steckachse-15x110mm\\\/\"]}]},{\"@type\":\"ImageObject\",\"inLanguage\":\"fr-FR\",\"@id\":\"https:\\\/\\\/www.thokbikes.com\\\/fr\\\/negozio\\\/accessoires-et-composants\\\/frame-fr\\\/rockshox-maxle-lite-boost-steckachse-15x110mm\\\/#primaryimage\",\"url\":\"https:\\\/\\\/www.thokbikes.com\\\/wp-content\\\/uploads\\\/2024\\\/08\\\/Shop-PERNO-RUOTA-ANT-1-SRAM.jpg\",\"contentUrl\":\"https:\\\/\\\/www.thokbikes.com\\\/wp-content\\\/uploads\\\/2024\\\/08\\\/Shop-PERNO-RUOTA-ANT-1-SRAM.jpg\",\"width\":1900,\"height\":1900},{\"@type\":\"BreadcrumbList\",\"@id\":\"https:\\\/\\\/www.thokbikes.com\\\/fr\\\/negozio\\\/accessoires-et-composants\\\/frame-fr\\\/rockshox-maxle-lite-boost-steckachse-15x110mm\\\/#breadcrumb\",\"itemListElement\":[{\"@type\":\"ListItem\",\"position\":1,\"name\":\"Home\",\"item\":\"https:\\\/\\\/www.thokbikes.com\\\/fr\\\/\"},{\"@type\":\"ListItem\",\"position\":2,\"name\":\"Shop\",\"item\":\"https:\\\/\\\/www.thokbikes.com\\\/negozio\\\/\"},{\"@type\":\"ListItem\",\"position\":3,\"name\":\"RockShox Maxle Lite Boost Thru Axle &#8211; 15x110mm\"}]},{\"@type\":\"WebSite\",\"@id\":\"https:\\\/\\\/www.thokbikes.com\\\/fr\\\/#website\",\"url\":\"https:\\\/\\\/www.thokbikes.com\\\/fr\\\/\",\"name\":\"Thok E-bikes\",\"description\":\"\",\"publisher\":{\"@id\":\"https:\\\/\\\/www.thokbikes.com\\\/fr\\\/#organization\"},\"potentialAction\":[{\"@type\":\"SearchAction\",\"target\":{\"@type\":\"EntryPoint\",\"urlTemplate\":\"https:\\\/\\\/www.thokbikes.com\\\/fr\\\/?s={search_term_string}\"},\"query-input\":{\"@type\":\"PropertyValueSpecification\",\"valueRequired\":true,\"valueName\":\"search_term_string\"}}],\"inLanguage\":\"fr-FR\"},{\"@type\":\"Organization\",\"@id\":\"https:\\\/\\\/www.thokbikes.com\\\/fr\\\/#organization\",\"name\":\"Thok E-bikes\",\"url\":\"https:\\\/\\\/www.thokbikes.com\\\/fr\\\/\",\"logo\":{\"@type\":\"ImageObject\",\"inLanguage\":\"fr-FR\",\"@id\":\"https:\\\/\\\/www.thokbikes.com\\\/fr\\\/#\\\/schema\\\/logo\\\/image\\\/\",\"url\":\"https:\\\/\\\/www.thokbikes.com\\\/wp-content\\\/uploads\\\/2025\\\/11\\\/logo-thok-white.png\",\"contentUrl\":\"https:\\\/\\\/www.thokbikes.com\\\/wp-content\\\/uploads\\\/2025\\\/11\\\/logo-thok-white.png\",\"width\":1920,\"height\":281,\"caption\":\"Thok E-bikes\"},\"image\":{\"@id\":\"https:\\\/\\\/www.thokbikes.com\\\/fr\\\/#\\\/schema\\\/logo\\\/image\\\/\"},\"sameAs\":[\"https:\\\/\\\/www.facebook.com\\\/thokebikes\",\"https:\\\/\\\/www.instagram.com\\\/thok_ebikes\\\/\",\"https:\\\/\\\/www.youtube.com\\\/channel\\\/UC-yfWNxPCJvVdRymE7tA8Ww\"]}]}<\/script>\n<!-- \/ Yoast SEO plugin. -->","yoast_head_json":{"title":"RockShox Maxle Lite Boost Thru Axle - 15x110mm - Thok","description":"Le Maxle Lite Boost sans outil apporte une rigidit\u00e9 et une durabilit\u00e9 exceptionnelles \u00e0 votre conduite dans l\u2019un des syst\u00e8mes d\u2019essieux traversants 15x110 mm les plus l\u00e9gers et faciles \u00e0 utiliser du march\u00e9.","robots":{"index":"index","follow":"follow","max-snippet":"max-snippet:-1","max-image-preview":"max-image-preview:large","max-video-preview":"max-video-preview:-1"},"canonical":"https:\/\/www.thokbikes.com\/fr\/negozio\/accessoires-et-composants\/frame-fr\/rockshox-maxle-lite-boost-steckachse-15x110mm\/","og_locale":"fr_FR","og_type":"article","og_title":"RockShox Maxle Lite Boost Thru Axle - 15x110mm - Thok","og_description":"Le Maxle Lite Boost sans outil apporte une rigidit\u00e9 et une durabilit\u00e9 exceptionnelles \u00e0 votre conduite dans l\u2019un des syst\u00e8mes d\u2019essieux traversants 15x110 mm les plus l\u00e9gers et faciles \u00e0 utiliser du march\u00e9.","og_url":"https:\/\/www.thokbikes.com\/fr\/negozio\/accessoires-et-composants\/frame-fr\/rockshox-maxle-lite-boost-steckachse-15x110mm\/","og_site_name":"Thok","article_publisher":"https:\/\/www.facebook.com\/thokebikes","article_modified_time":"2024-08-06T07:44:56+00:00","og_image":[{"width":1900,"height":1900,"url":"https:\/\/www.thokbikes.com\/wp-content\/uploads\/2024\/08\/Shop-PERNO-RUOTA-ANT-1-SRAM.jpg","type":"image\/jpeg"}],"twitter_card":"summary_large_image","twitter_misc":{"Est. reading time":"1 minute"},"schema":{"@context":"https:\/\/schema.org","@graph":[{"@type":"WebPage","@id":"https:\/\/www.thokbikes.com\/fr\/negozio\/accessoires-et-composants\/frame-fr\/rockshox-maxle-lite-boost-steckachse-15x110mm\/","url":"https:\/\/www.thokbikes.com\/fr\/negozio\/accessoires-et-composants\/frame-fr\/rockshox-maxle-lite-boost-steckachse-15x110mm\/","name":"RockShox Maxle Lite Boost Thru Axle - 15x110mm - Thok","isPartOf":{"@id":"https:\/\/www.thokbikes.com\/fr\/#website"},"primaryImageOfPage":{"@id":"https:\/\/www.thokbikes.com\/fr\/negozio\/accessoires-et-composants\/frame-fr\/rockshox-maxle-lite-boost-steckachse-15x110mm\/#primaryimage"},"image":{"@id":"https:\/\/www.thokbikes.com\/fr\/negozio\/accessoires-et-composants\/frame-fr\/rockshox-maxle-lite-boost-steckachse-15x110mm\/#primaryimage"},"thumbnailUrl":"https:\/\/www.thokbikes.com\/wp-content\/uploads\/2024\/08\/Shop-PERNO-RUOTA-ANT-1-SRAM.jpg","datePublished":"2024-07-19T04:13:11+00:00","dateModified":"2024-08-06T07:44:56+00:00","description":"Le Maxle Lite Boost sans outil apporte une rigidit\u00e9 et une durabilit\u00e9 exceptionnelles \u00e0 votre conduite dans l\u2019un des syst\u00e8mes d\u2019essieux traversants 15x110 mm les plus l\u00e9gers et faciles \u00e0 utiliser du march\u00e9.","breadcrumb":{"@id":"https:\/\/www.thokbikes.com\/fr\/negozio\/accessoires-et-composants\/frame-fr\/rockshox-maxle-lite-boost-steckachse-15x110mm\/#breadcrumb"},"inLanguage":"fr-FR","potentialAction":[{"@type":"ReadAction","target":["https:\/\/www.thokbikes.com\/fr\/negozio\/accessoires-et-composants\/frame-fr\/rockshox-maxle-lite-boost-steckachse-15x110mm\/"]}]},{"@type":"ImageObject","inLanguage":"fr-FR","@id":"https:\/\/www.thokbikes.com\/fr\/negozio\/accessoires-et-composants\/frame-fr\/rockshox-maxle-lite-boost-steckachse-15x110mm\/#primaryimage","url":"https:\/\/www.thokbikes.com\/wp-content\/uploads\/2024\/08\/Shop-PERNO-RUOTA-ANT-1-SRAM.jpg","contentUrl":"https:\/\/www.thokbikes.com\/wp-content\/uploads\/2024\/08\/Shop-PERNO-RUOTA-ANT-1-SRAM.jpg","width":1900,"height":1900},{"@type":"BreadcrumbList","@id":"https:\/\/www.thokbikes.com\/fr\/negozio\/accessoires-et-composants\/frame-fr\/rockshox-maxle-lite-boost-steckachse-15x110mm\/#breadcrumb","itemListElement":[{"@type":"ListItem","position":1,"name":"Home","item":"https:\/\/www.thokbikes.com\/fr\/"},{"@type":"ListItem","position":2,"name":"Shop","item":"https:\/\/www.thokbikes.com\/negozio\/"},{"@type":"ListItem","position":3,"name":"RockShox Maxle Lite Boost Thru Axle &#8211; 15x110mm"}]},{"@type":"WebSite","@id":"https:\/\/www.thokbikes.com\/fr\/#website","url":"https:\/\/www.thokbikes.com\/fr\/","name":"Thok E-bikes","description":"","publisher":{"@id":"https:\/\/www.thokbikes.com\/fr\/#organization"},"potentialAction":[{"@type":"SearchAction","target":{"@type":"EntryPoint","urlTemplate":"https:\/\/www.thokbikes.com\/fr\/?s={search_term_string}"},"query-input":{"@type":"PropertyValueSpecification","valueRequired":true,"valueName":"search_term_string"}}],"inLanguage":"fr-FR"},{"@type":"Organization","@id":"https:\/\/www.thokbikes.com\/fr\/#organization","name":"Thok E-bikes","url":"https:\/\/www.thokbikes.com\/fr\/","logo":{"@type":"ImageObject","inLanguage":"fr-FR","@id":"https:\/\/www.thokbikes.com\/fr\/#\/schema\/logo\/image\/","url":"https:\/\/www.thokbikes.com\/wp-content\/uploads\/2025\/11\/logo-thok-white.png","contentUrl":"https:\/\/www.thokbikes.com\/wp-content\/uploads\/2025\/11\/logo-thok-white.png","width":1920,"height":281,"caption":"Thok E-bikes"},"image":{"@id":"https:\/\/www.thokbikes.com\/fr\/#\/schema\/logo\/image\/"},"sameAs":["https:\/\/www.facebook.com\/thokebikes","https:\/\/www.instagram.com\/thok_ebikes\/","https:\/\/www.youtube.com\/channel\/UC-yfWNxPCJvVdRymE7tA8Ww"]}]}},"_links":{"self":[{"href":"https:\/\/www.thokbikes.com\/fr\/wp-json\/wp\/v2\/product\/19005","targetHints":{"allow":["GET"]}}],"collection":[{"href":"https:\/\/www.thokbikes.com\/fr\/wp-json\/wp\/v2\/product"}],"about":[{"href":"https:\/\/www.thokbikes.com\/fr\/wp-json\/wp\/v2\/types\/product"}],"replies":[{"embeddable":true,"href":"https:\/\/www.thokbikes.com\/fr\/wp-json\/wp\/v2\/comments?post=19005"}],"wp:featuredmedia":[{"embeddable":true,"href":"https:\/\/www.thokbikes.com\/fr\/wp-json\/wp\/v2\/media\/18992"}],"wp:attachment":[{"href":"https:\/\/www.thokbikes.com\/fr\/wp-json\/wp\/v2\/media?parent=19005"}],"wp:term":[{"taxonomy":"product_brand","embeddable":true,"href":"https:\/\/www.thokbikes.com\/fr\/wp-json\/wp\/v2\/product_brand?post=19005"},{"taxonomy":"product_cat","embeddable":true,"href":"https:\/\/www.thokbikes.com\/fr\/wp-json\/wp\/v2\/product_cat?post=19005"},{"taxonomy":"product_tag","embeddable":true,"href":"https:\/\/www.thokbikes.com\/fr\/wp-json\/wp\/v2\/product_tag?post=19005"}],"curies":[{"name":"wp","href":"https:\/\/api.w.org\/{rel}","templated":true}]}}