{"id":22317,"date":"2024-11-28T06:15:39","date_gmt":"2024-11-28T05:15:39","guid":{"rendered":"https:\/\/www.thokbikes.com\/?post_type=product&#038;p=22317"},"modified":"2024-12-11T17:32:13","modified_gmt":"2024-12-11T16:32:13","slug":"plaquettes-de-frein-braking-carbon-metal","status":"publish","type":"product","link":"https:\/\/www.thokbikes.com\/fr\/negozio\/accessoires-et-composants\/brakes-fr\/plaquettes-de-frein-braking-carbon-metal\/","title":{"rendered":"Plaquettes de frein Braking Carbon Metal"},"content":{"rendered":"<p>Plaquette de frein carbo-m\u00e9tallique avec un pourcentage de m\u00e9lange de carbone. Elle offre des performances de freinage stables et une faible usure, m\u00eame \u00e0 haute temp\u00e9rature.<\/p>\n<p><span class=\"Y2IQFc\" lang=\"fr\">Compatibilit\u00e9 avec : <\/span><\/p>\n<ul>\n<li class=\"tw-data-text tw-text-large tw-ta\" dir=\"ltr\" data-placeholder=\"Traduzione\" data-ved=\"2ahUKEwjjnJuDkqCKAxWLxQIHHYTcIkQQ3ewLegQICRAT\" aria-label=\"Testo tradotto: Compatibilit\u00e9 avec :\n\nFreiner d'abord\nFreinage Incas\"><span class=\"Y2IQFc\" lang=\"fr\">Freiner d&#8217;abord<\/span><\/li>\n<li class=\"tw-data-text tw-text-large tw-ta\" dir=\"ltr\" data-placeholder=\"Traduzione\" data-ved=\"2ahUKEwjjnJuDkqCKAxWLxQIHHYTcIkQQ3ewLegQICRAT\" aria-label=\"Testo tradotto: Compatibilit\u00e9 avec :\n\nFreiner d'abord\nFreinage Incas\"><span class=\"Y2IQFc\" lang=\"fr\">Freinage Incas<\/span><\/li>\n<\/ul>\n","protected":false},"excerpt":{"rendered":"<p>Plaquette de frein carbo-m\u00e9tallique avec un pourcentage de m\u00e9lange de carbone. Elle offre des performances de freinage stables et une faible usure, m\u00eame \u00e0 haute temp\u00e9rature. Compatibilit\u00e9 avec : Freiner d&#8217;abord Freinage Incas<\/p>\n","protected":false},"featured_media":23009,"comment_status":"closed","ping_status":"closed","template":"","meta":{"_acf_changed":false},"product_brand":[],"product_cat":[122,70,146,129],"product_tag":[],"class_list":{"0":"post-22317","1":"product","2":"type-product","3":"status-publish","4":"has-post-thumbnail","6":"product_cat-accessoires-et-composants","7":"product_cat-all-mountain-fr","8":"product_cat-brakes-fr","9":"product_cat-enduro-fr","11":"first","12":"instock","13":"taxable","14":"shipping-taxable","15":"product-type-simple"},"acf":[],"yoast_head":"<!-- This site is optimized with the Yoast SEO plugin v27.3 - https:\/\/yoast.com\/product\/yoast-seo-wordpress\/ -->\n<title>Plaquettes de frein Braking Carbon Metal - Thok<\/title>\n<meta name=\"robots\" content=\"index, follow, max-snippet:-1, max-image-preview:large, max-video-preview:-1\" \/>\n<link rel=\"canonical\" href=\"https:\/\/www.thokbikes.com\/fr\/negozio\/accessoires-et-composants\/brakes-fr\/plaquettes-de-frein-braking-carbon-metal\/\" \/>\n<meta property=\"og:locale\" content=\"fr_FR\" \/>\n<meta property=\"og:type\" content=\"article\" \/>\n<meta property=\"og:title\" content=\"Plaquettes de frein Braking Carbon Metal - Thok\" \/>\n<meta property=\"og:description\" content=\"Plaquette de frein carbo-m\u00e9tallique avec un pourcentage de m\u00e9lange de carbone. Elle offre des performances de freinage stables et une faible usure, m\u00eame \u00e0 haute temp\u00e9rature. Compatibilit\u00e9 avec : Freiner d&#8217;abord Freinage Incas\" \/>\n<meta property=\"og:url\" content=\"https:\/\/www.thokbikes.com\/fr\/negozio\/accessoires-et-composants\/brakes-fr\/plaquettes-de-frein-braking-carbon-metal\/\" \/>\n<meta property=\"og:site_name\" content=\"Thok\" \/>\n<meta property=\"article:publisher\" content=\"https:\/\/www.facebook.com\/thokebikes\" \/>\n<meta property=\"article:modified_time\" content=\"2024-12-11T16:32:13+00:00\" \/>\n<meta property=\"og:image\" content=\"https:\/\/www.thokbikes.com\/wp-content\/uploads\/2024\/11\/Shop-PASTIGLIE-BRAKING-CARBON-1.jpg\" \/>\n\t<meta property=\"og:image:width\" content=\"1900\" \/>\n\t<meta property=\"og:image:height\" content=\"1900\" \/>\n\t<meta property=\"og:image:type\" content=\"image\/jpeg\" \/>\n<meta name=\"twitter:card\" content=\"summary_large_image\" \/>\n<meta name=\"twitter:label1\" content=\"Est. reading time\" \/>\n\t<meta name=\"twitter:data1\" content=\"1 minute\" \/>\n<script type=\"application\/ld+json\" class=\"yoast-schema-graph\">{\"@context\":\"https:\\\/\\\/schema.org\",\"@graph\":[{\"@type\":\"WebPage\",\"@id\":\"https:\\\/\\\/www.thokbikes.com\\\/fr\\\/negozio\\\/accessoires-et-composants\\\/brakes-fr\\\/plaquettes-de-frein-braking-carbon-metal\\\/\",\"url\":\"https:\\\/\\\/www.thokbikes.com\\\/fr\\\/negozio\\\/accessoires-et-composants\\\/brakes-fr\\\/plaquettes-de-frein-braking-carbon-metal\\\/\",\"name\":\"Plaquettes de frein Braking Carbon Metal - Thok\",\"isPartOf\":{\"@id\":\"https:\\\/\\\/www.thokbikes.com\\\/fr\\\/#website\"},\"primaryImageOfPage\":{\"@id\":\"https:\\\/\\\/www.thokbikes.com\\\/fr\\\/negozio\\\/accessoires-et-composants\\\/brakes-fr\\\/plaquettes-de-frein-braking-carbon-metal\\\/#primaryimage\"},\"image\":{\"@id\":\"https:\\\/\\\/www.thokbikes.com\\\/fr\\\/negozio\\\/accessoires-et-composants\\\/brakes-fr\\\/plaquettes-de-frein-braking-carbon-metal\\\/#primaryimage\"},\"thumbnailUrl\":\"https:\\\/\\\/www.thokbikes.com\\\/wp-content\\\/uploads\\\/2024\\\/11\\\/Shop-PASTIGLIE-BRAKING-CARBON-1.jpg\",\"datePublished\":\"2024-11-28T05:15:39+00:00\",\"dateModified\":\"2024-12-11T16:32:13+00:00\",\"breadcrumb\":{\"@id\":\"https:\\\/\\\/www.thokbikes.com\\\/fr\\\/negozio\\\/accessoires-et-composants\\\/brakes-fr\\\/plaquettes-de-frein-braking-carbon-metal\\\/#breadcrumb\"},\"inLanguage\":\"fr-FR\",\"potentialAction\":[{\"@type\":\"ReadAction\",\"target\":[\"https:\\\/\\\/www.thokbikes.com\\\/fr\\\/negozio\\\/accessoires-et-composants\\\/brakes-fr\\\/plaquettes-de-frein-braking-carbon-metal\\\/\"]}]},{\"@type\":\"ImageObject\",\"inLanguage\":\"fr-FR\",\"@id\":\"https:\\\/\\\/www.thokbikes.com\\\/fr\\\/negozio\\\/accessoires-et-composants\\\/brakes-fr\\\/plaquettes-de-frein-braking-carbon-metal\\\/#primaryimage\",\"url\":\"https:\\\/\\\/www.thokbikes.com\\\/wp-content\\\/uploads\\\/2024\\\/11\\\/Shop-PASTIGLIE-BRAKING-CARBON-1.jpg\",\"contentUrl\":\"https:\\\/\\\/www.thokbikes.com\\\/wp-content\\\/uploads\\\/2024\\\/11\\\/Shop-PASTIGLIE-BRAKING-CARBON-1.jpg\",\"width\":1900,\"height\":1900},{\"@type\":\"BreadcrumbList\",\"@id\":\"https:\\\/\\\/www.thokbikes.com\\\/fr\\\/negozio\\\/accessoires-et-composants\\\/brakes-fr\\\/plaquettes-de-frein-braking-carbon-metal\\\/#breadcrumb\",\"itemListElement\":[{\"@type\":\"ListItem\",\"position\":1,\"name\":\"Home\",\"item\":\"https:\\\/\\\/www.thokbikes.com\\\/fr\\\/\"},{\"@type\":\"ListItem\",\"position\":2,\"name\":\"Shop\",\"item\":\"https:\\\/\\\/www.thokbikes.com\\\/negozio\\\/\"},{\"@type\":\"ListItem\",\"position\":3,\"name\":\"Plaquettes de frein Braking Carbon Metal\"}]},{\"@type\":\"WebSite\",\"@id\":\"https:\\\/\\\/www.thokbikes.com\\\/fr\\\/#website\",\"url\":\"https:\\\/\\\/www.thokbikes.com\\\/fr\\\/\",\"name\":\"Thok E-bikes\",\"description\":\"\",\"publisher\":{\"@id\":\"https:\\\/\\\/www.thokbikes.com\\\/fr\\\/#organization\"},\"potentialAction\":[{\"@type\":\"SearchAction\",\"target\":{\"@type\":\"EntryPoint\",\"urlTemplate\":\"https:\\\/\\\/www.thokbikes.com\\\/fr\\\/?s={search_term_string}\"},\"query-input\":{\"@type\":\"PropertyValueSpecification\",\"valueRequired\":true,\"valueName\":\"search_term_string\"}}],\"inLanguage\":\"fr-FR\"},{\"@type\":\"Organization\",\"@id\":\"https:\\\/\\\/www.thokbikes.com\\\/fr\\\/#organization\",\"name\":\"Thok E-bikes\",\"url\":\"https:\\\/\\\/www.thokbikes.com\\\/fr\\\/\",\"logo\":{\"@type\":\"ImageObject\",\"inLanguage\":\"fr-FR\",\"@id\":\"https:\\\/\\\/www.thokbikes.com\\\/fr\\\/#\\\/schema\\\/logo\\\/image\\\/\",\"url\":\"https:\\\/\\\/www.thokbikes.com\\\/wp-content\\\/uploads\\\/2025\\\/11\\\/logo-thok-white.png\",\"contentUrl\":\"https:\\\/\\\/www.thokbikes.com\\\/wp-content\\\/uploads\\\/2025\\\/11\\\/logo-thok-white.png\",\"width\":1920,\"height\":281,\"caption\":\"Thok E-bikes\"},\"image\":{\"@id\":\"https:\\\/\\\/www.thokbikes.com\\\/fr\\\/#\\\/schema\\\/logo\\\/image\\\/\"},\"sameAs\":[\"https:\\\/\\\/www.facebook.com\\\/thokebikes\",\"https:\\\/\\\/www.instagram.com\\\/thok_ebikes\\\/\",\"https:\\\/\\\/www.youtube.com\\\/channel\\\/UC-yfWNxPCJvVdRymE7tA8Ww\"]}]}<\/script>\n<!-- \/ Yoast SEO plugin. -->","yoast_head_json":{"title":"Plaquettes de frein Braking Carbon Metal - Thok","robots":{"index":"index","follow":"follow","max-snippet":"max-snippet:-1","max-image-preview":"max-image-preview:large","max-video-preview":"max-video-preview:-1"},"canonical":"https:\/\/www.thokbikes.com\/fr\/negozio\/accessoires-et-composants\/brakes-fr\/plaquettes-de-frein-braking-carbon-metal\/","og_locale":"fr_FR","og_type":"article","og_title":"Plaquettes de frein Braking Carbon Metal - Thok","og_description":"Plaquette de frein carbo-m\u00e9tallique avec un pourcentage de m\u00e9lange de carbone. Elle offre des performances de freinage stables et une faible usure, m\u00eame \u00e0 haute temp\u00e9rature. Compatibilit\u00e9 avec : Freiner d&#8217;abord Freinage Incas","og_url":"https:\/\/www.thokbikes.com\/fr\/negozio\/accessoires-et-composants\/brakes-fr\/plaquettes-de-frein-braking-carbon-metal\/","og_site_name":"Thok","article_publisher":"https:\/\/www.facebook.com\/thokebikes","article_modified_time":"2024-12-11T16:32:13+00:00","og_image":[{"width":1900,"height":1900,"url":"https:\/\/www.thokbikes.com\/wp-content\/uploads\/2024\/11\/Shop-PASTIGLIE-BRAKING-CARBON-1.jpg","type":"image\/jpeg"}],"twitter_card":"summary_large_image","twitter_misc":{"Est. reading time":"1 minute"},"schema":{"@context":"https:\/\/schema.org","@graph":[{"@type":"WebPage","@id":"https:\/\/www.thokbikes.com\/fr\/negozio\/accessoires-et-composants\/brakes-fr\/plaquettes-de-frein-braking-carbon-metal\/","url":"https:\/\/www.thokbikes.com\/fr\/negozio\/accessoires-et-composants\/brakes-fr\/plaquettes-de-frein-braking-carbon-metal\/","name":"Plaquettes de frein Braking Carbon Metal - Thok","isPartOf":{"@id":"https:\/\/www.thokbikes.com\/fr\/#website"},"primaryImageOfPage":{"@id":"https:\/\/www.thokbikes.com\/fr\/negozio\/accessoires-et-composants\/brakes-fr\/plaquettes-de-frein-braking-carbon-metal\/#primaryimage"},"image":{"@id":"https:\/\/www.thokbikes.com\/fr\/negozio\/accessoires-et-composants\/brakes-fr\/plaquettes-de-frein-braking-carbon-metal\/#primaryimage"},"thumbnailUrl":"https:\/\/www.thokbikes.com\/wp-content\/uploads\/2024\/11\/Shop-PASTIGLIE-BRAKING-CARBON-1.jpg","datePublished":"2024-11-28T05:15:39+00:00","dateModified":"2024-12-11T16:32:13+00:00","breadcrumb":{"@id":"https:\/\/www.thokbikes.com\/fr\/negozio\/accessoires-et-composants\/brakes-fr\/plaquettes-de-frein-braking-carbon-metal\/#breadcrumb"},"inLanguage":"fr-FR","potentialAction":[{"@type":"ReadAction","target":["https:\/\/www.thokbikes.com\/fr\/negozio\/accessoires-et-composants\/brakes-fr\/plaquettes-de-frein-braking-carbon-metal\/"]}]},{"@type":"ImageObject","inLanguage":"fr-FR","@id":"https:\/\/www.thokbikes.com\/fr\/negozio\/accessoires-et-composants\/brakes-fr\/plaquettes-de-frein-braking-carbon-metal\/#primaryimage","url":"https:\/\/www.thokbikes.com\/wp-content\/uploads\/2024\/11\/Shop-PASTIGLIE-BRAKING-CARBON-1.jpg","contentUrl":"https:\/\/www.thokbikes.com\/wp-content\/uploads\/2024\/11\/Shop-PASTIGLIE-BRAKING-CARBON-1.jpg","width":1900,"height":1900},{"@type":"BreadcrumbList","@id":"https:\/\/www.thokbikes.com\/fr\/negozio\/accessoires-et-composants\/brakes-fr\/plaquettes-de-frein-braking-carbon-metal\/#breadcrumb","itemListElement":[{"@type":"ListItem","position":1,"name":"Home","item":"https:\/\/www.thokbikes.com\/fr\/"},{"@type":"ListItem","position":2,"name":"Shop","item":"https:\/\/www.thokbikes.com\/negozio\/"},{"@type":"ListItem","position":3,"name":"Plaquettes de frein Braking Carbon Metal"}]},{"@type":"WebSite","@id":"https:\/\/www.thokbikes.com\/fr\/#website","url":"https:\/\/www.thokbikes.com\/fr\/","name":"Thok E-bikes","description":"","publisher":{"@id":"https:\/\/www.thokbikes.com\/fr\/#organization"},"potentialAction":[{"@type":"SearchAction","target":{"@type":"EntryPoint","urlTemplate":"https:\/\/www.thokbikes.com\/fr\/?s={search_term_string}"},"query-input":{"@type":"PropertyValueSpecification","valueRequired":true,"valueName":"search_term_string"}}],"inLanguage":"fr-FR"},{"@type":"Organization","@id":"https:\/\/www.thokbikes.com\/fr\/#organization","name":"Thok E-bikes","url":"https:\/\/www.thokbikes.com\/fr\/","logo":{"@type":"ImageObject","inLanguage":"fr-FR","@id":"https:\/\/www.thokbikes.com\/fr\/#\/schema\/logo\/image\/","url":"https:\/\/www.thokbikes.com\/wp-content\/uploads\/2025\/11\/logo-thok-white.png","contentUrl":"https:\/\/www.thokbikes.com\/wp-content\/uploads\/2025\/11\/logo-thok-white.png","width":1920,"height":281,"caption":"Thok E-bikes"},"image":{"@id":"https:\/\/www.thokbikes.com\/fr\/#\/schema\/logo\/image\/"},"sameAs":["https:\/\/www.facebook.com\/thokebikes","https:\/\/www.instagram.com\/thok_ebikes\/","https:\/\/www.youtube.com\/channel\/UC-yfWNxPCJvVdRymE7tA8Ww"]}]}},"_links":{"self":[{"href":"https:\/\/www.thokbikes.com\/fr\/wp-json\/wp\/v2\/product\/22317","targetHints":{"allow":["GET"]}}],"collection":[{"href":"https:\/\/www.thokbikes.com\/fr\/wp-json\/wp\/v2\/product"}],"about":[{"href":"https:\/\/www.thokbikes.com\/fr\/wp-json\/wp\/v2\/types\/product"}],"replies":[{"embeddable":true,"href":"https:\/\/www.thokbikes.com\/fr\/wp-json\/wp\/v2\/comments?post=22317"}],"wp:featuredmedia":[{"embeddable":true,"href":"https:\/\/www.thokbikes.com\/fr\/wp-json\/wp\/v2\/media\/23009"}],"wp:attachment":[{"href":"https:\/\/www.thokbikes.com\/fr\/wp-json\/wp\/v2\/media?parent=22317"}],"wp:term":[{"taxonomy":"product_brand","embeddable":true,"href":"https:\/\/www.thokbikes.com\/fr\/wp-json\/wp\/v2\/product_brand?post=22317"},{"taxonomy":"product_cat","embeddable":true,"href":"https:\/\/www.thokbikes.com\/fr\/wp-json\/wp\/v2\/product_cat?post=22317"},{"taxonomy":"product_tag","embeddable":true,"href":"https:\/\/www.thokbikes.com\/fr\/wp-json\/wp\/v2\/product_tag?post=22317"}],"curies":[{"name":"wp","href":"https:\/\/api.w.org\/{rel}","templated":true}]}}