{"id":23306,"date":"2023-11-13T11:45:28","date_gmt":"2023-11-13T10:45:28","guid":{"rendered":"https:\/\/www.thokbikes.com\/?post_type=product&#038;p=23306"},"modified":"2024-12-19T15:34:29","modified_gmt":"2024-12-19T14:34:29","slug":"wtb-jante-kom-tough-i35-27-5-32h-b","status":"publish","type":"product","link":"https:\/\/www.thokbikes.com\/fr\/negozio\/accessoires-et-composants\/wheels-fr\/wtb-jante-kom-tough-i35-27-5-32h-b\/","title":{"rendered":"WTB JANTE KOM TOUGH I35 27.5&#8221; 32H B"},"content":{"rendered":"<p>Les <strong>jantes KOM Tough<\/strong> sont con\u00e7ues pour relever les d\u00e9fis les plus exigeants. Ces jantes sont fabriqu\u00e9es en alliage AL 6069 de haute qualit\u00e9, garantissant une durabilit\u00e9 maximale avec un poids raisonnable.<\/p>\n<p>Avec les jantes KOM Tough, vous b\u00e9n\u00e9ficierez de la s\u00e9curit\u00e9 et des performances n\u00e9cessaires pour affronter tous les parcours avec d\u00e9termination et style.<\/p>\n<p>&nbsp;<\/p>\n<p><strong>Structure renforc\u00e9e :<\/strong> La l\u00e9gendaire structure \u00e0 poutres de WTB a \u00e9t\u00e9 \u00e9volu\u00e9e pour offrir une r\u00e9sistance et une rigidit\u00e9 accrues, gr\u00e2ce aux doubles poutres de support, id\u00e9ales pour les cyclistes les plus agressifs.<\/p>\n<p><strong>Test\u00e9es pour l&#8217;enduro :<\/strong> Ces jantes ont \u00e9t\u00e9 mises \u00e0 l&#8217;\u00e9preuve sur les parcours les plus difficiles de l&#8217;Enduro World Series.<\/p>\n<p><strong>Polyvalence d&#8217;utilisation :<\/strong> Convient pour le Trail, l&#8217;Enduro et le Gravity.<\/p>\n<p><strong>Sp\u00e9cifications techniques :<\/strong><\/p>\n<ul>\n<li>Mat\u00e9riau : Aluminium<\/li>\n<li>Taille de la jante : 27,5&#8221;<\/li>\n<li>Profil de la jante : Sym\u00e9trique<\/li>\n<li>Largeur interne de la jante : 35 mm<\/li>\n<li>Nombre de trous pour rayons : 32<\/li>\n<li>Compatibilit\u00e9 frein : Frein \u00e0 disque<\/li>\n<li>Couleur : Noir<\/li>\n<li>Largeur de pneu recommand\u00e9e : 55 &#8211; 72 mm<\/li>\n<li>Poids de la jante : 594 g<\/li>\n<\/ul>\n","protected":false},"excerpt":{"rendered":"<p>Les jantes KOM Tough sont con\u00e7ues pour relever les d\u00e9fis les plus exigeants. Ces jantes sont fabriqu\u00e9es en alliage AL 6069 de haute qualit\u00e9, garantissant une durabilit\u00e9 maximale avec un poids raisonnable. Avec les jantes KOM Tough, vous b\u00e9n\u00e9ficierez de la s\u00e9curit\u00e9 et des performances n\u00e9cessaires pour affronter tous les parcours avec d\u00e9termination et style. [&hellip;]<\/p>\n","protected":false},"featured_media":23259,"comment_status":"closed","ping_status":"closed","template":"","meta":{"_acf_changed":false},"product_brand":[],"product_cat":[122,70,129,184,134],"product_tag":[],"class_list":{"0":"post-23306","1":"product","2":"type-product","3":"status-publish","4":"has-post-thumbnail","6":"product_cat-accessoires-et-composants","7":"product_cat-all-mountain-fr","8":"product_cat-enduro-fr","9":"product_cat-hardtail-fr","10":"product_cat-wheels-fr","12":"first","13":"instock","14":"taxable","15":"shipping-taxable","16":"purchasable","17":"product-type-simple"},"acf":[],"yoast_head":"<!-- This site is optimized with the Yoast SEO plugin v27.3 - https:\/\/yoast.com\/product\/yoast-seo-wordpress\/ -->\n<title>WTB JANTE KOM TOUGH I35 27.5&#039;&#039; 32H B - Thok<\/title>\n<meta name=\"description\" content=\"Les jantes KOM Tough sont con\u00e7ues pour relever les d\u00e9fis les plus exigeants. Ces jantes sont fabriqu\u00e9es en alliage AL 6069 de haute qualit\u00e9, garantissant une durabilit\u00e9 maximale avec un poids raisonnable.\" \/>\n<meta name=\"robots\" content=\"index, follow, max-snippet:-1, max-image-preview:large, max-video-preview:-1\" \/>\n<link rel=\"canonical\" href=\"https:\/\/www.thokbikes.com\/fr\/negozio\/accessoires-et-composants\/wheels-fr\/wtb-jante-kom-tough-i35-27-5-32h-b\/\" \/>\n<meta property=\"og:locale\" content=\"fr_FR\" \/>\n<meta property=\"og:type\" content=\"article\" \/>\n<meta property=\"og:title\" content=\"WTB JANTE KOM TOUGH I35 27.5&#039;&#039; 32H B - Thok\" \/>\n<meta property=\"og:description\" content=\"Les jantes KOM Tough sont con\u00e7ues pour relever les d\u00e9fis les plus exigeants. Ces jantes sont fabriqu\u00e9es en alliage AL 6069 de haute qualit\u00e9, garantissant une durabilit\u00e9 maximale avec un poids raisonnable.\" \/>\n<meta property=\"og:url\" content=\"https:\/\/www.thokbikes.com\/fr\/negozio\/accessoires-et-composants\/wheels-fr\/wtb-jante-kom-tough-i35-27-5-32h-b\/\" \/>\n<meta property=\"og:site_name\" content=\"Thok\" \/>\n<meta property=\"article:publisher\" content=\"https:\/\/www.facebook.com\/thokebikes\" \/>\n<meta property=\"article:modified_time\" content=\"2024-12-19T14:34:29+00:00\" \/>\n<meta property=\"og:image\" content=\"https:\/\/www.thokbikes.com\/wp-content\/uploads\/2024\/12\/Shop-CERCHIO-WTB-1.jpg\" \/>\n\t<meta property=\"og:image:width\" content=\"1900\" \/>\n\t<meta property=\"og:image:height\" content=\"1900\" \/>\n\t<meta property=\"og:image:type\" content=\"image\/jpeg\" \/>\n<meta name=\"twitter:card\" content=\"summary_large_image\" \/>\n<meta name=\"twitter:label1\" content=\"Est. reading time\" \/>\n\t<meta name=\"twitter:data1\" content=\"2 minutes\" \/>\n<script type=\"application\/ld+json\" class=\"yoast-schema-graph\">{\"@context\":\"https:\\\/\\\/schema.org\",\"@graph\":[{\"@type\":\"WebPage\",\"@id\":\"https:\\\/\\\/www.thokbikes.com\\\/fr\\\/negozio\\\/accessoires-et-composants\\\/wheels-fr\\\/wtb-jante-kom-tough-i35-27-5-32h-b\\\/\",\"url\":\"https:\\\/\\\/www.thokbikes.com\\\/fr\\\/negozio\\\/accessoires-et-composants\\\/wheels-fr\\\/wtb-jante-kom-tough-i35-27-5-32h-b\\\/\",\"name\":\"WTB JANTE KOM TOUGH I35 27.5'' 32H B - Thok\",\"isPartOf\":{\"@id\":\"https:\\\/\\\/www.thokbikes.com\\\/fr\\\/#website\"},\"primaryImageOfPage\":{\"@id\":\"https:\\\/\\\/www.thokbikes.com\\\/fr\\\/negozio\\\/accessoires-et-composants\\\/wheels-fr\\\/wtb-jante-kom-tough-i35-27-5-32h-b\\\/#primaryimage\"},\"image\":{\"@id\":\"https:\\\/\\\/www.thokbikes.com\\\/fr\\\/negozio\\\/accessoires-et-composants\\\/wheels-fr\\\/wtb-jante-kom-tough-i35-27-5-32h-b\\\/#primaryimage\"},\"thumbnailUrl\":\"https:\\\/\\\/www.thokbikes.com\\\/wp-content\\\/uploads\\\/2024\\\/12\\\/Shop-CERCHIO-WTB-1.jpg\",\"datePublished\":\"2023-11-13T10:45:28+00:00\",\"dateModified\":\"2024-12-19T14:34:29+00:00\",\"description\":\"Les jantes KOM Tough sont con\u00e7ues pour relever les d\u00e9fis les plus exigeants. Ces jantes sont fabriqu\u00e9es en alliage AL 6069 de haute qualit\u00e9, garantissant une durabilit\u00e9 maximale avec un poids raisonnable.\",\"breadcrumb\":{\"@id\":\"https:\\\/\\\/www.thokbikes.com\\\/fr\\\/negozio\\\/accessoires-et-composants\\\/wheels-fr\\\/wtb-jante-kom-tough-i35-27-5-32h-b\\\/#breadcrumb\"},\"inLanguage\":\"fr-FR\",\"potentialAction\":[{\"@type\":\"ReadAction\",\"target\":[\"https:\\\/\\\/www.thokbikes.com\\\/fr\\\/negozio\\\/accessoires-et-composants\\\/wheels-fr\\\/wtb-jante-kom-tough-i35-27-5-32h-b\\\/\"]}]},{\"@type\":\"ImageObject\",\"inLanguage\":\"fr-FR\",\"@id\":\"https:\\\/\\\/www.thokbikes.com\\\/fr\\\/negozio\\\/accessoires-et-composants\\\/wheels-fr\\\/wtb-jante-kom-tough-i35-27-5-32h-b\\\/#primaryimage\",\"url\":\"https:\\\/\\\/www.thokbikes.com\\\/wp-content\\\/uploads\\\/2024\\\/12\\\/Shop-CERCHIO-WTB-1.jpg\",\"contentUrl\":\"https:\\\/\\\/www.thokbikes.com\\\/wp-content\\\/uploads\\\/2024\\\/12\\\/Shop-CERCHIO-WTB-1.jpg\",\"width\":1900,\"height\":1900},{\"@type\":\"BreadcrumbList\",\"@id\":\"https:\\\/\\\/www.thokbikes.com\\\/fr\\\/negozio\\\/accessoires-et-composants\\\/wheels-fr\\\/wtb-jante-kom-tough-i35-27-5-32h-b\\\/#breadcrumb\",\"itemListElement\":[{\"@type\":\"ListItem\",\"position\":1,\"name\":\"Home\",\"item\":\"https:\\\/\\\/www.thokbikes.com\\\/fr\\\/\"},{\"@type\":\"ListItem\",\"position\":2,\"name\":\"Shop\",\"item\":\"https:\\\/\\\/www.thokbikes.com\\\/negozio\\\/\"},{\"@type\":\"ListItem\",\"position\":3,\"name\":\"WTB JANTE KOM TOUGH I35 27.5&#8221; 32H B\"}]},{\"@type\":\"WebSite\",\"@id\":\"https:\\\/\\\/www.thokbikes.com\\\/fr\\\/#website\",\"url\":\"https:\\\/\\\/www.thokbikes.com\\\/fr\\\/\",\"name\":\"Thok E-bikes\",\"description\":\"\",\"publisher\":{\"@id\":\"https:\\\/\\\/www.thokbikes.com\\\/fr\\\/#organization\"},\"potentialAction\":[{\"@type\":\"SearchAction\",\"target\":{\"@type\":\"EntryPoint\",\"urlTemplate\":\"https:\\\/\\\/www.thokbikes.com\\\/fr\\\/?s={search_term_string}\"},\"query-input\":{\"@type\":\"PropertyValueSpecification\",\"valueRequired\":true,\"valueName\":\"search_term_string\"}}],\"inLanguage\":\"fr-FR\"},{\"@type\":\"Organization\",\"@id\":\"https:\\\/\\\/www.thokbikes.com\\\/fr\\\/#organization\",\"name\":\"Thok E-bikes\",\"url\":\"https:\\\/\\\/www.thokbikes.com\\\/fr\\\/\",\"logo\":{\"@type\":\"ImageObject\",\"inLanguage\":\"fr-FR\",\"@id\":\"https:\\\/\\\/www.thokbikes.com\\\/fr\\\/#\\\/schema\\\/logo\\\/image\\\/\",\"url\":\"https:\\\/\\\/www.thokbikes.com\\\/wp-content\\\/uploads\\\/2025\\\/11\\\/logo-thok-white.png\",\"contentUrl\":\"https:\\\/\\\/www.thokbikes.com\\\/wp-content\\\/uploads\\\/2025\\\/11\\\/logo-thok-white.png\",\"width\":1920,\"height\":281,\"caption\":\"Thok E-bikes\"},\"image\":{\"@id\":\"https:\\\/\\\/www.thokbikes.com\\\/fr\\\/#\\\/schema\\\/logo\\\/image\\\/\"},\"sameAs\":[\"https:\\\/\\\/www.facebook.com\\\/thokebikes\",\"https:\\\/\\\/www.instagram.com\\\/thok_ebikes\\\/\",\"https:\\\/\\\/www.youtube.com\\\/channel\\\/UC-yfWNxPCJvVdRymE7tA8Ww\"]}]}<\/script>\n<!-- \/ Yoast SEO plugin. -->","yoast_head_json":{"title":"WTB JANTE KOM TOUGH I35 27.5'' 32H B - Thok","description":"Les jantes KOM Tough sont con\u00e7ues pour relever les d\u00e9fis les plus exigeants. Ces jantes sont fabriqu\u00e9es en alliage AL 6069 de haute qualit\u00e9, garantissant une durabilit\u00e9 maximale avec un poids raisonnable.","robots":{"index":"index","follow":"follow","max-snippet":"max-snippet:-1","max-image-preview":"max-image-preview:large","max-video-preview":"max-video-preview:-1"},"canonical":"https:\/\/www.thokbikes.com\/fr\/negozio\/accessoires-et-composants\/wheels-fr\/wtb-jante-kom-tough-i35-27-5-32h-b\/","og_locale":"fr_FR","og_type":"article","og_title":"WTB JANTE KOM TOUGH I35 27.5'' 32H B - Thok","og_description":"Les jantes KOM Tough sont con\u00e7ues pour relever les d\u00e9fis les plus exigeants. Ces jantes sont fabriqu\u00e9es en alliage AL 6069 de haute qualit\u00e9, garantissant une durabilit\u00e9 maximale avec un poids raisonnable.","og_url":"https:\/\/www.thokbikes.com\/fr\/negozio\/accessoires-et-composants\/wheels-fr\/wtb-jante-kom-tough-i35-27-5-32h-b\/","og_site_name":"Thok","article_publisher":"https:\/\/www.facebook.com\/thokebikes","article_modified_time":"2024-12-19T14:34:29+00:00","og_image":[{"width":1900,"height":1900,"url":"https:\/\/www.thokbikes.com\/wp-content\/uploads\/2024\/12\/Shop-CERCHIO-WTB-1.jpg","type":"image\/jpeg"}],"twitter_card":"summary_large_image","twitter_misc":{"Est. reading time":"2 minutes"},"schema":{"@context":"https:\/\/schema.org","@graph":[{"@type":"WebPage","@id":"https:\/\/www.thokbikes.com\/fr\/negozio\/accessoires-et-composants\/wheels-fr\/wtb-jante-kom-tough-i35-27-5-32h-b\/","url":"https:\/\/www.thokbikes.com\/fr\/negozio\/accessoires-et-composants\/wheels-fr\/wtb-jante-kom-tough-i35-27-5-32h-b\/","name":"WTB JANTE KOM TOUGH I35 27.5'' 32H B - Thok","isPartOf":{"@id":"https:\/\/www.thokbikes.com\/fr\/#website"},"primaryImageOfPage":{"@id":"https:\/\/www.thokbikes.com\/fr\/negozio\/accessoires-et-composants\/wheels-fr\/wtb-jante-kom-tough-i35-27-5-32h-b\/#primaryimage"},"image":{"@id":"https:\/\/www.thokbikes.com\/fr\/negozio\/accessoires-et-composants\/wheels-fr\/wtb-jante-kom-tough-i35-27-5-32h-b\/#primaryimage"},"thumbnailUrl":"https:\/\/www.thokbikes.com\/wp-content\/uploads\/2024\/12\/Shop-CERCHIO-WTB-1.jpg","datePublished":"2023-11-13T10:45:28+00:00","dateModified":"2024-12-19T14:34:29+00:00","description":"Les jantes KOM Tough sont con\u00e7ues pour relever les d\u00e9fis les plus exigeants. Ces jantes sont fabriqu\u00e9es en alliage AL 6069 de haute qualit\u00e9, garantissant une durabilit\u00e9 maximale avec un poids raisonnable.","breadcrumb":{"@id":"https:\/\/www.thokbikes.com\/fr\/negozio\/accessoires-et-composants\/wheels-fr\/wtb-jante-kom-tough-i35-27-5-32h-b\/#breadcrumb"},"inLanguage":"fr-FR","potentialAction":[{"@type":"ReadAction","target":["https:\/\/www.thokbikes.com\/fr\/negozio\/accessoires-et-composants\/wheels-fr\/wtb-jante-kom-tough-i35-27-5-32h-b\/"]}]},{"@type":"ImageObject","inLanguage":"fr-FR","@id":"https:\/\/www.thokbikes.com\/fr\/negozio\/accessoires-et-composants\/wheels-fr\/wtb-jante-kom-tough-i35-27-5-32h-b\/#primaryimage","url":"https:\/\/www.thokbikes.com\/wp-content\/uploads\/2024\/12\/Shop-CERCHIO-WTB-1.jpg","contentUrl":"https:\/\/www.thokbikes.com\/wp-content\/uploads\/2024\/12\/Shop-CERCHIO-WTB-1.jpg","width":1900,"height":1900},{"@type":"BreadcrumbList","@id":"https:\/\/www.thokbikes.com\/fr\/negozio\/accessoires-et-composants\/wheels-fr\/wtb-jante-kom-tough-i35-27-5-32h-b\/#breadcrumb","itemListElement":[{"@type":"ListItem","position":1,"name":"Home","item":"https:\/\/www.thokbikes.com\/fr\/"},{"@type":"ListItem","position":2,"name":"Shop","item":"https:\/\/www.thokbikes.com\/negozio\/"},{"@type":"ListItem","position":3,"name":"WTB JANTE KOM TOUGH I35 27.5&#8221; 32H B"}]},{"@type":"WebSite","@id":"https:\/\/www.thokbikes.com\/fr\/#website","url":"https:\/\/www.thokbikes.com\/fr\/","name":"Thok E-bikes","description":"","publisher":{"@id":"https:\/\/www.thokbikes.com\/fr\/#organization"},"potentialAction":[{"@type":"SearchAction","target":{"@type":"EntryPoint","urlTemplate":"https:\/\/www.thokbikes.com\/fr\/?s={search_term_string}"},"query-input":{"@type":"PropertyValueSpecification","valueRequired":true,"valueName":"search_term_string"}}],"inLanguage":"fr-FR"},{"@type":"Organization","@id":"https:\/\/www.thokbikes.com\/fr\/#organization","name":"Thok E-bikes","url":"https:\/\/www.thokbikes.com\/fr\/","logo":{"@type":"ImageObject","inLanguage":"fr-FR","@id":"https:\/\/www.thokbikes.com\/fr\/#\/schema\/logo\/image\/","url":"https:\/\/www.thokbikes.com\/wp-content\/uploads\/2025\/11\/logo-thok-white.png","contentUrl":"https:\/\/www.thokbikes.com\/wp-content\/uploads\/2025\/11\/logo-thok-white.png","width":1920,"height":281,"caption":"Thok E-bikes"},"image":{"@id":"https:\/\/www.thokbikes.com\/fr\/#\/schema\/logo\/image\/"},"sameAs":["https:\/\/www.facebook.com\/thokebikes","https:\/\/www.instagram.com\/thok_ebikes\/","https:\/\/www.youtube.com\/channel\/UC-yfWNxPCJvVdRymE7tA8Ww"]}]}},"_links":{"self":[{"href":"https:\/\/www.thokbikes.com\/fr\/wp-json\/wp\/v2\/product\/23306","targetHints":{"allow":["GET"]}}],"collection":[{"href":"https:\/\/www.thokbikes.com\/fr\/wp-json\/wp\/v2\/product"}],"about":[{"href":"https:\/\/www.thokbikes.com\/fr\/wp-json\/wp\/v2\/types\/product"}],"replies":[{"embeddable":true,"href":"https:\/\/www.thokbikes.com\/fr\/wp-json\/wp\/v2\/comments?post=23306"}],"wp:featuredmedia":[{"embeddable":true,"href":"https:\/\/www.thokbikes.com\/fr\/wp-json\/wp\/v2\/media\/23259"}],"wp:attachment":[{"href":"https:\/\/www.thokbikes.com\/fr\/wp-json\/wp\/v2\/media?parent=23306"}],"wp:term":[{"taxonomy":"product_brand","embeddable":true,"href":"https:\/\/www.thokbikes.com\/fr\/wp-json\/wp\/v2\/product_brand?post=23306"},{"taxonomy":"product_cat","embeddable":true,"href":"https:\/\/www.thokbikes.com\/fr\/wp-json\/wp\/v2\/product_cat?post=23306"},{"taxonomy":"product_tag","embeddable":true,"href":"https:\/\/www.thokbikes.com\/fr\/wp-json\/wp\/v2\/product_tag?post=23306"}],"curies":[{"name":"wp","href":"https:\/\/api.w.org\/{rel}","templated":true}]}}